{"id":2659,"date":"2019-11-01T14:39:32","date_gmt":"2019-11-01T17:39:32","guid":{"rendered":"https:\/\/www.ufsm.br\/pro-reitorias\/proplan\/?page_id=2659"},"modified":"2021-07-01T11:16:28","modified_gmt":"2021-07-01T14:16:28","slug":"resolucao-n-033-2019","status":"publish","type":"page","link":"https:\/\/www.ufsm.br\/pro-reitorias\/proplan\/resolucao-n-033-2019","title":{"rendered":"Resolu\u00e7\u00e3o N. 033\/2019"},"content":{"rendered":"\t\t<div data-elementor-type=\"wp-page\" data-elementor-id=\"2659\" class=\"elementor elementor-2659\">\n\t\t\t\t\t\t<section class=\"elementor-section elementor-top-section elementor-element elementor-element-3782b7f elementor-section-boxed elementor-section-height-default elementor-section-height-default\" data-id=\"3782b7f\" data-element_type=\"section\">\n\t\t\t\t\t\t<div class=\"elementor-container elementor-column-gap-default\">\n\t\t\t\t\t<div class=\"elementor-column elementor-col-100 elementor-top-column elementor-element elementor-element-ab27873\" data-id=\"ab27873\" data-element_type=\"column\">\n\t\t\t<div class=\"elementor-widget-wrap elementor-element-populated\">\n\t\t\t\t\t\t<div class=\"elementor-element elementor-element-082d332 elementor-widget elementor-widget-html\" data-id=\"082d332\" data-element_type=\"widget\" data-widget_type=\"html.default\">\n\t\t\t\t<div class=\"elementor-widget-container\">\n\t\t\t\n\n\n<title><b>RESOLU\u00c7\u00c3O N. 033\/2019<\/b><\/title>\n\n\n<div align=\"center\"><img decoding=\"async\" src=\"https:\/\/www.ufsm.br\/pro-reitorias\/proplan\/wp-content\/uploads\/sites\/344\/2019\/09\/brasao-da-republica-do-brasil-logo.png\" alt=\"Bras\u00e3o Rep\u00fablica Federativa do Brasil\" width=\"6%\" height=\"6%\"><\/div>    \n<h1><font color=\"blue\"><font size=\"5\"><div align=\"center\">MINIST\u00c9RIO DA EDUCA\u00c7\u00c3O<\/b><\/font><\/font><\/div><\/H1>\n<p><b><font color=\"0000blue\"><div align=\"center\">UNIVERSIDADE FEDERAL DE SANTA MARIA<\/b><\/font><\/div><\/p>\n\n<p><div align=\"center\"><b><a href=\"https:\/\/portal.ufsm.br\/documentos\/publico\/documento.html?id=12795913\"><font color=\"blue\">RESOLU\u00c7\u00c3O N. 033\/2019<\/font><\/a><\/b><\/div><\/p>\n<br>\n<p><a href=\"https:\/\/www.ufsm.br\/pro-reitorias\/proplan\/resolucao-ufsm-n-052-2021\/\"><font color=\"blue\">Revogada pela Resolu\u00e7\u00e3o N. 052\/2021<\/font><\/a><\/p><\/p>\n<br>\n<p><strike><div align=\"right\"><font color=\"800000\">Aprova a recria\u00e7\u00e3o do \u00f3rg\u00e3o colegiado denominado \u201cComiss\u00e3o Permanente de Avalia\u00e7\u00e3o de Documentos (CPAD-DAG)\u201d, vinculado ao Departamento de Arquivo Geral (DAG).<\/font><\/div><\/p><\/strike>\n<br><div align=\"justify\">\n<p><strike>O REITOR DA UNIVERSIDADE FEDERAL DE SANTA MARIA, no uso de suas atribui\u00e7\u00f5es legais e estatut\u00e1rias e considerando:<\/p>\n<p>\u2013 o Art. 56 da <a href=\"http:\/\/www.planalto.gov.br\/ccivil_03\/leis\/l9394.htm\" target=\"_blank\"><font color=\"blue\"><u>Lei N. 9.394, de 20 de dezembro de 1996<\/u><\/font><\/a>, que estabelece as diretrizes e bases da educa\u00e7\u00e3o nacional;<\/p>\n<p>\u2013 o <a href=\"http:\/\/www.planalto.gov.br\/ccivil_03\/decreto\/2002\/D4073.htm\" target=\"_blank\"><font color=\"blue\"><u>Decreto N. 4.073, de 3 de janeiro de 2002<\/u><\/font><\/a>, que salienta em seu Art. 18, que todos os \u00f3rg\u00e3os e entidades da administra\u00e7\u00e3o p\u00fablica federal devem constituir suas respectivas comiss\u00f5es permanentes de avalia\u00e7\u00e3o de documentos;<\/p>\n<p>\u2013 o <a href=\"http:\/\/www.planalto.gov.br\/ccivil_03\/_ato2015-2018\/2017\/decreto\/D9191.htm\" target=\"_blank\"><font color=\"blue\"><u>Decreto N. 9.191, de 1\u00b0 de novembro de 2017<\/u><\/font><\/a>, que estabelece as normas e as diretrizes para elabora\u00e7\u00e3o, reda\u00e7\u00e3o, altera\u00e7\u00e3o, consolida\u00e7\u00e3o e encaminhamento de propostas de atos normativos ao Presidente da Rep\u00fablica pelos Ministros de Estado;<\/p>\n<p>\u2013 o <a href=\"http:\/\/www.planalto.gov.br\/ccivil_03\/_ato2019-2022\/2019\/decreto\/D9759.htm\" target=\"_blank\"><font color=\"blue\"><u>Decreto N. 9.759, de 11 de abril de 2019<\/u><\/font><\/a>, que extingue e estabelece diretrizes, regras e limita\u00e7\u00f5es para colegiados da administra\u00e7\u00e3o p\u00fablica federal;<\/p>\n<p>\u2013 a <a href=\"http:\/\/www.planalto.gov.br\/ccivil_03\/LEIS\/L8159.htm\" target=\"_blank\"><font color=\"blue\"><u>Lei N. 8159, de 08 de janeiro de 1991<\/u><\/font><\/a>, que disp\u00f5e sobre a Pol\u00edtica Nacional de Arquivos P\u00fablicos e Privados e d\u00e1 outras provid\u00eancias;<\/p>\n<p>\u2013 o <a href=\"http:\/\/www.planalto.gov.br\/ccivil_03\/decreto\/2002\/D4073.htm\" target=\"_blank\"><font color=\"blue\"><u>Decreto N. 4073, de 03 de janeiro de 2002<\/u><\/font><\/a>, que disp\u00f5e sobre a Pol\u00edtica Nacional de Arquivos P\u00fablicos e Privados, o qual regulamenta a <a href=\"http:\/\/www.planalto.gov.br\/ccivil_03\/LEIS\/L8159.htm\" target=\"_blank\"><font color=\"blue\"><u>Lei N. 8159, de 08 de janeiro de 1991<\/u><\/font><\/a>;<\/p>\n<p>\u2013 a <a href=\"http:\/\/www.conarq.gov.br\/index.php\/resolucoes-do-conarq\/248-resolu%C3%A7%C3%A3o-n-6,-de-15-de-maio-de-1997\" target=\"_blank\"><font color=\"blue\"><u>Resolu\u00e7\u00e3o N. 6, de 15 de maio de 1997, do CONARQ<\/u><\/font><\/a>, que disp\u00f5e sobre diretrizes quanto \u00e0 terceiriza\u00e7\u00e3o de servi\u00e7os arquiv\u00edsticos p\u00fablicos;<\/p>\n<p>\u2013 a <a href=\"http:\/\/conarq.gov.br\/resolucoes-do-conarq\/790-resolucao-n-40-de-9-de-dezembro-de-2014-alterada.html\" target=\"_blank\"><font color=\"blue\"><u>Resolu\u00e7\u00e3o N. 40, de 11 de dezembro de 2014, do CONARQ<\/u><\/font><\/a>, que disp\u00f5e sobre os procedimentos para a elimina\u00e7\u00e3o de documentos no \u00e2mbito dos \u00f3rg\u00e3os e entidades integrantes do poder p\u00fablico;<\/p>\n<p>\u2013 a necessidade de institucionalizar o processo de avalia\u00e7\u00e3o documental;<\/p>\n<p>\u2013 a responsabilidade e o dever de garantir a prote\u00e7\u00e3o dos conjuntos documentais como fonte \u00e0 pesquisa, \u00e0 hist\u00f3ria e na defesa dos interesses da Universidade e dos direitos da comunidade acad\u00eamica;<\/p>\n<p>\u2013 o Parecer N. 114\/2019 da Comiss\u00e3o de Legisla\u00e7\u00e3o e Normas (CLN), aprovado na 904\u00aa Sess\u00e3o do Conselho de Ensino, Pesquisa e Extens\u00e3o, de 04 de outubro de 2019, referente ao Processo N. <a href=\"https:\/\/portal.ufsm.br\/documentos\/publico\/processo\/documento.html?idDocumento=12554916\" target=\"_blank\"><font color=\"blue\"><u>23081.032603\/2019-31<\/u><\/font><\/a>; e,<\/p>\n<p>\u2013 o Parecer N. 130\/2019 da Comiss\u00e3o de Legisla\u00e7\u00e3o e Regimentos (CLR), aprovado na 823\u00aa Sess\u00e3o do Conselho Universit\u00e1rio, de 25 de outubro de 2019, referente ao Processo N. <a href=\"https:\/\/portal.ufsm.br\/documentos\/publico\/processo\/documento.html?idDocumento=12554916\" target=\"_blank\"><font color=\"blue\"><u>23081.032603\/2019-31<\/u><\/font><\/a>.<\/p>\n<br>\n<p><b><div align=\"center\">RESOLVE:<\/b><\/div><\/p>\n<br>\n<p>Art. 1\u00ba Aprovar a recria\u00e7\u00e3o do \u00f3rg\u00e3o colegiado denominado Comiss\u00e3o Permanente de Avalia\u00e7\u00e3o de Documentos (CPAD), vinculado ao Departamento de Arquivo Geral (DAG).<\/p>\n<br>\n<p><b><div align=\"center\">T\u00cdTULO I<\/b><\/div><\/p>\n<p><b><div align=\"center\">DAS COMPET\u00caNCIAS<\/b><\/div><\/p>\n<br>\n<p>Art. 2\u00ba A Comiss\u00e3o Permanente de Avalia\u00e7\u00e3o de Documentos, sob homologa\u00e7\u00e3o do Departamento de Arquivo Geral (DAG) tem por finalidade assessorar o mesmo nas a\u00e7\u00f5es e procedimentos referentes \u00e0 avalia\u00e7\u00e3o documental na UFSM, e especificamente:<\/p>\n<p>I - orientar e acompanhar o processo de an\u00e1lise, avalia\u00e7\u00e3o e sele\u00e7\u00e3o da documenta\u00e7\u00e3o produzida e acumulada nas unidades\/subunidades da UFSM;<\/p>\n<p>II - analisar as Tabelas de Temporalidade de Documentos, sugerindo adequa\u00e7\u00f5es e\/ou aprovando-as;<\/p>\n<p>III - encaminhar as Tabelas de Temporalidade de Documentos ao Arquivo Nacional, \u00f3rg\u00e3o respons\u00e1vel para aprecia\u00e7\u00e3o e aprova\u00e7\u00e3o das mesmas;<\/p>\n<p>IV - proceder a divulga\u00e7\u00e3o das Tabelas de Temporalidade de Documentos mediante a publica\u00e7\u00e3o em Di\u00e1rio Oficial ou outro meio que ser fizer necess\u00e1rio;<\/p>\n<p>V - autorizar a aplica\u00e7\u00e3o da Tabela de Temporalidade de Documentos, delegando compet\u00eancias \u00e0s unidades aplicarem em seu \u00e2mbito;<\/p>\n<p>VI - acompanhar e supervisionar a aplica\u00e7\u00e3o das normas legais vigentes nas elimina\u00e7\u00f5es, transfer\u00eancias e recolhimentos desses documentos; e<\/p>\n<p>VII - executar outras atividades inerentes a sua \u00e1rea de compet\u00eancia.<\/p>\n\n<p>Par\u00e1grafo \u00fanico. A CPAD deve avaliar os documentos institucionais obedecendo aos prazos estabelecidos na Tabela B\u00e1sica de Temporalidade e Destina\u00e7\u00e3o de Documentos de Arquivo relativo \u00e0s atividades-meio da administra\u00e7\u00e3o p\u00fablica e na Tabela de Temporalidade e Destina\u00e7\u00e3o de Documentos de Arquivo relativos \u00e0s atividades-fim das Institui\u00e7\u00f5es Federais de Ensino Superior aprovadas pelo Arquivo Nacional.<\/p>\n<br>\n<p><b><div align=\"center\">T\u00cdTULO II<\/b><\/div><\/p>\n<p><b><div align=\"center\">DA COMPOSI\u00c7\u00c3O E AUTORIDADE<\/b><\/div><\/p>\n<br>\n<p>Art. 3\u00ba A Comiss\u00e3o Permanente de Avalia\u00e7\u00e3o de Documentos ter\u00e1 a seguinte composi\u00e7\u00e3o, constitu\u00edda atrav\u00e9s de Portaria:<\/p>\n<p>I - Membros permanentes:<\/p>\n<p>a) Presidente: Bacharel em Arquivologia;<\/p>\n<p>b) Secret\u00e1rio: Servidor T\u00e9cnico-Administrativo;<\/p>\n<p>c) Diretor da Divis\u00e3o de Apoio T\u00e9cnico aos Arquivos Setoriais;<\/p>\n<p>d) Representante Jur\u00eddico.<\/p>\n\t\n<p>II \u2013 Membros vari\u00e1veis ou n\u00e3o natos:<\/p>\n<p>a) Representantes do \u00f3rg\u00e3o cujos documentos estiverem sendo analisados;<\/p>\n<p>b) Profissional especializado, quando se tratar de documentos especializados;<\/p>\n<p>c) T\u00e9cnico em microfilmagem; e<\/p>\n<p>d) Historiador, quando se tratar de documentos hist\u00f3ricos.<\/p>\n\n<p>III- Suplentes:<\/p>\n<p>a) Para cada membro titular ser\u00e1 designado o respectivo suplente, sendo o suplente do Presidente do referido colegiado o (a) Diretor (a) do DAG.<\/p>\n<p>Par\u00e1grafo \u00fanico. Consideram-se como membros vari\u00e1veis ou n\u00e3o natos, os representantes dos setores dos quais a documenta\u00e7\u00e3o est\u00e1 sendo avaliada. Poder\u00e3o comparecer nas reuni\u00f5es da comiss\u00e3o, quando convidados pelo Presidente da mesma, a fim de prestarem esclarecimentos sobre assuntos que lhes forem pertinentes, ou se tratando de documenta\u00e7\u00e3o de car\u00e1ter especial.<\/p>\n<br>\n<p><b><div align=\"center\">T\u00cdTULO III<\/b><\/div><\/p>\n<p><b><div align=\"center\">DO QU\u00d3RUM DE REUNI\u00c3O E DE VOTA\u00c7\u00c3O<\/b><\/div><\/p>\n<br>\n<p>Art. 4\u00ba A Comiss\u00e3o reunir-se-\u00e1 ordinariamente no m\u00ednimo 02 (duas) vezes a cada m\u00eas e, extraordinariamente quando convocada.<\/p>\n<p>\u00a7 1\u00ba A convoca\u00e7\u00e3o para as sess\u00f5es ordin\u00e1rias ou extraordin\u00e1rias ser\u00e1 realizada por mensagem eletr\u00f4nica, com 05 (cinco) dias, pelo menos, de anteced\u00eancia.<\/p>\n<p>\u00a7 2\u00ba Excepcionalmente, em casos de urg\u00eancia, o prazo previsto no par\u00e1grafo anterior poder\u00e1 ser reduzido a 24 (vinte quatro horas), a crit\u00e9rio do Presidente.<\/p>\n<p>\u00a7 3\u00ba A mat\u00e9ria constante da pauta da reuni\u00e3o ser\u00e1 distribu\u00edda aos membros da Comiss\u00e3o com a convoca\u00e7\u00e3o.<\/p>\n<p>\u00a7 4\u00ba Em casos especiais, sem observ\u00e2ncia do prazo previsto, poder\u00e1 ser inclu\u00edda na ordem do dia, a crit\u00e9rio da Comiss\u00e3o, mat\u00e9ria distribu\u00edda em pauta complementar.<\/p>\n\n<p>Art. 5\u00ba As reuni\u00f5es da Comiss\u00e3o ser\u00e3o instaladas e ter\u00e3o prosseguimento com a presen\u00e7a de mais da metade de seus membros.<\/p>\n<p>\u00a7 1\u00ba N\u00e3o havendo qu\u00f3rum, a Comiss\u00e3o ser\u00e1 convocada para nova reuni\u00e3o 48 (quarenta e oito) horas depois, com a mesma pauta.<\/p>\n<p>\u00a7 2\u00ba Caso n\u00e3o haja qu\u00f3rum para a segunda reuni\u00e3o, a Comiss\u00e3o reunir-se-\u00e1 em terceira convoca\u00e7\u00e3o, 48 (quarenta e oito) horas depois, com qualquer n\u00famero, n\u00e3o podendo deliberar sobre mat\u00e9rias para as quais qu\u00f3rum especial \u00e9 exigido.<\/p>\n<br>\n<p><b><div align=\"center\">T\u00cdTULO IV<\/b><\/div><\/p>\n<p><b><div align=\"center\">DA PERIODICIDADE DAS REUNI\u00d5ES<\/b><\/div><\/p>\n<br>\n<p>Art. 6\u00ba A Comiss\u00e3o reunir-se-\u00e1 ordinariamente no m\u00ednimo 02 (duas) vezes a cada m\u00eas e, extraordinariamente quando convocada.<\/p>\n<p>\u00a7 1\u00ba As reuni\u00f5es ser\u00e3o coordenadas pelo presidente da comiss\u00e3o e na sua aus\u00eancia ou impedimentos, pelo Diretor da Divis\u00e3o de Arquivo Geral (suplente).<\/p>\n<p>\u00a7 2\u00ba A aus\u00eancia de qualquer membro dever\u00e1 ser justificada com anteced\u00eancia, por escrito, incluindo-se a indica\u00e7\u00e3o do suplente.<\/p>\n<p>\u00a7 3\u00ba A comiss\u00e3o dever\u00e1 proceder sempre com responsabilidade, respeitando a \u00e9tica profissional e a legisla\u00e7\u00e3o vigente.<\/p>\n<p>\u00a7 4\u00ba Os membros nomeados para a comiss\u00e3o, quando convocados pelo seu presidente, dar\u00e3o prioridade de execu\u00e7\u00e3o \u00e0s atividades por ela desenvolvidas.<\/p>\n<br>\n<p><b><div align=\"center\">T\u00cdTULO V<\/b><\/div><\/p>\n<p><b><div align=\"center\">DO \u00d3RG\u00c3O DE APOIO ADMINISTRATIVO<\/b><\/div><\/p>\n<br>\n<p>Art. 7\u00ba A Comiss\u00e3o ter\u00e1 como \u00f3rg\u00e3o de apoio administrativo o Departamento de Arquivo Geral (DAG), no sentido de:<\/p>\n<p>a) auxiliar o Presidente na elabora\u00e7\u00e3o da agenda de trabalho;<\/p>\n<p>b) secretariar e elaborar as atas das reuni\u00f5es;<\/p>\n<p>c) divulgar, com anteced\u00eancia, as reuni\u00f5es e convoca\u00e7\u00f5es;<\/p>\n<p>d) prestar assessoria administrativa, bem como executar servi\u00e7os t\u00e9cnico-administrativo; e<\/p>\n<p>e) manter sob controle o material de consumo e o patrim\u00f4nio da Comiss\u00e3o de Avalia\u00e7\u00e3o de Documentos.<\/p>\n<br>\n<p><b><div align=\"center\">T\u00cdTULO VI<\/b><\/div><\/p>\n<p><b><div align=\"center\">DO REGIMENTO INTERNO<\/b><\/div><\/p>\n<br>\n<p>Art. 8\u00ba O regimento interno da Comiss\u00e3o Permanente de Avalia\u00e7\u00e3o de Documentos (CPAD), em processo de adequa\u00e7\u00e3o \u00e0s novas normas e legisla\u00e7\u00e3o, a ser aprovado pelo Reitor, poder\u00e1 ser objeto de altera\u00e7\u00e3o posterior, por delibera\u00e7\u00e3o da Comiss\u00e3o, desde que presentes ao menos 2\/3 dos integrantes da mesma.<\/p>\n<p>Par\u00e1grafo \u00fanico. O regimento interno somente poder\u00e1 ser alterado em reuni\u00e3o ordin\u00e1ria, sendo que a proposta de altera\u00e7\u00e3o dever\u00e1, obrigatoriamente, constar na pauta da reuni\u00e3o.<\/p>\n<br>\n<p><b><div align=\"center\">T\u00cdTULO VII<\/b><\/div><\/p>\n<p><b><div align=\"center\">DO MEMBROS N\u00c3O NATOS<\/b><\/div><\/p>\n<br>\n<p>Art. 9\u00ba Nas reuni\u00f5es da CPAD poder\u00e3o comparecer, quando convidados pelo Presidente, membros vari\u00e1veis a fim de prestarem esclarecimentos sobre assuntos que lhes forem pertinentes, tais como:<\/p>\n<p>I - Membros Vari\u00e1veis:<\/p>\n<p>a) Representantes do \u00f3rg\u00e3o\/unidade\/subunidade cujos documentos estiverem sendo avaliados;<\/p>\n<p>b) Profissional especializado, quando se tratar de documentos especializados;<\/p>\n<p>c) Representante dos Arquivos Setoriais: Bacharel em Arquivologia, respons\u00e1vel pelo Arquivo Setorial, cujos documentos est\u00e3o sendo avaliados;<\/p>\n<p>d) Historiador, quando se tratar de documentos hist\u00f3ricos.<\/p>\n\n<p>Par\u00e1grafo \u00fanico. Quando da realiza\u00e7\u00e3o do levantamento da produ\u00e7\u00e3o documental, na unidade gestora dos documentos, os membros vari\u00e1veis dever\u00e3o ser nomeados especificamente para cada unidade, por meio de portaria do Reitor.<\/p>\n<br>\n<p><b><div align=\"center\">T\u00cdTULO VIII<\/b><\/div><\/p>\n<p><b><div align=\"center\">DOS RELAT\u00d3RIOS PERI\u00d3DICOS E DO RELAT\u00d3RIO FINAL<\/b><\/div><\/p>\n<br>\n<p>Art. 10 Os relat\u00f3rios de acompanhamento peri\u00f3dico, assim como o relat\u00f3rio final, se dar\u00e3o mediante aprova\u00e7\u00e3o levando-se em considera\u00e7\u00e3o as delibera\u00e7\u00f5es das reuni\u00f5es, tanto as ordin\u00e1rias quanto as extraordin\u00e1rias, publicando-os em s\u00edtio eletr\u00f4nico pr\u00f3prio.<\/p>\n<br>\n<p><b><div align=\"center\">T\u00cdTULO IX<\/b><\/div><\/p>\n<p><b><div align=\"center\">DAS DISPOSI\u00c7\u00d5ES GERAIS E TRANSIT\u00d3RIAS<\/b><\/div><\/p>\n<br>\n<p>Art. 11 \u00c9 vedada a divulga\u00e7\u00e3o de discuss\u00f5es em curso sem a pr\u00e9via anu\u00eancia do titular do Departamento de Arquivo Geral (DAG), o qual este \u00f3rg\u00e3o colegiado est\u00e1 vinculado.<\/p>\n<p>Art. 12 A participa\u00e7\u00e3o dos membros deste \u00f3rg\u00e3o colegiado ser\u00e1 considerada presta\u00e7\u00e3o de servi\u00e7o p\u00fablico relevante, e n\u00e3o ser\u00e1 remunerada.<\/p>\n<p>Par\u00e1grafo \u00fanico. A participa\u00e7\u00e3o nos \u00f3rg\u00e3os colegiados n\u00e3o causa preju\u00edzo algum \u00e0 Institui\u00e7\u00e3o e \u00e0s atividades da mesma.<\/p>\n\n<p>Art. 13 As reuni\u00f5es deste \u00f3rg\u00e3o colegiado cujos membros estejam em entes federativos diversos ser\u00e3o realizadas por videoconfer\u00eancia.<\/p>\n<p>Par\u00e1grafo \u00fanico. Na hip\u00f3tese de ser demonstrada, de modo fundamentado, a inviabilidade ou a inconveni\u00eancia de se realizar a reuni\u00e3o por videoconfer\u00eancia, ser\u00e3o estimados os gastos com di\u00e1rias e passagens dos membros deste colegiado, assim como, a comprova\u00e7\u00e3o da disponibilidade or\u00e7ament\u00e1ria e financeira para o exerc\u00edcio em curso.<\/p>\n\n<p>Art. 14 \u00c9 vedada a possibilidade de cria\u00e7\u00e3o de subcolegiados por ato deste colegiado, exceto se na presente Resolu\u00e7\u00e3o houver:<\/p>\n<p>I - limitado o n\u00famero m\u00e1ximo de seus membros;<\/p>\n<p>II - estabelecido car\u00e1ter tempor\u00e1rio e dura\u00e7\u00e3o n\u00e3o superior a um ano; e<\/p>\n<p>III - fixado o n\u00famero m\u00e1ximo de subcolegiados que poder\u00e3o operar simultaneamente.<\/p>\n\n<p>Par\u00e1grafo \u00fanico. A mera necessidade de reuni\u00f5es eventuais para debate, articula\u00e7\u00e3o ou trabalho que envolva agentes p\u00fablicos da administra\u00e7\u00e3o p\u00fablica federal n\u00e3o ser\u00e1 admitida como fundamento para as propostas de que trata o caput.<\/p>\n\n<p>Art. 15 Esta Resolu\u00e7\u00e3o entra em vigor na data de sua assinatura, revogadas as disposi\u00e7\u00f5es em contr\u00e1rio.<\/p>\n\n<p>GABINETE DO REITOR DA UNIVERSIDADE FEDERAL DE SANTA MARIA, aos trinta dias do m\u00eas de outubro do ano dois mil e dezenove.<\/p>\n<\/div>\n\n<p>Paulo Afonso Burmann,<\/p>\n<p>Reitor<\/p><\/strike>\n\n<p><font color=\"red0000\">Este texto n\u00e3o substitui o documento original, publicado no Portal de Documentos.<\/font> Dispon\u00edvel em: <a href=\"https:\/\/portal.ufsm.br\/documentos\/publico\/documento.html?id=12795913\"><font color=\"blue\">https:\/\/portal.ufsm.br\/documentos\/publico\/documento.html?id=12795913<\/font><\/a>\n\n\t\t<\/div>\n\t\t\t\t<\/div>\n\t\t\t\t\t<\/div>\n\t\t<\/div>\n\t\t\t\t\t<\/div>\n\t\t<\/section>\n\t\t\t\t<\/div>\n\t\t","protected":false},"excerpt":{"rendered":"<p>RESOLU\u00c7\u00c3O N. 033\/2019 MINIST\u00c9RIO DA EDUCA\u00c7\u00c3O UNIVERSIDADE FEDERAL DE SANTA MARIA RESOLU\u00c7\u00c3O N. 033\/2019 Revogada pela Resolu\u00e7\u00e3o N. 052\/2021 Aprova a recria\u00e7\u00e3o do \u00f3rg\u00e3o colegiado denominado \u201cComiss\u00e3o Permanente de Avalia\u00e7\u00e3o de Documentos (CPAD-DAG)\u201d, vinculado ao Departamento de Arquivo Geral (DAG). O REITOR DA UNIVERSIDADE FEDERAL DE SANTA MARIA, no uso de suas atribui\u00e7\u00f5es legais e [&hellip;]<\/p>\n","protected":false},"author":205,"featured_media":0,"parent":0,"menu_order":0,"comment_status":"closed","ping_status":"closed","template":"","meta":{"footnotes":""},"categories":[],"tags":[],"class_list":["post-2659","page","type-page","status-publish","hentry"],"acf":[],"_links":{"self":[{"href":"https:\/\/www.ufsm.br\/pro-reitorias\/proplan\/wp-json\/wp\/v2\/pages\/2659","targetHints":{"allow":["GET"]}}],"collection":[{"href":"https:\/\/www.ufsm.br\/pro-reitorias\/proplan\/wp-json\/wp\/v2\/pages"}],"about":[{"href":"https:\/\/www.ufsm.br\/pro-reitorias\/proplan\/wp-json\/wp\/v2\/types\/page"}],"author":[{"embeddable":true,"href":"https:\/\/www.ufsm.br\/pro-reitorias\/proplan\/wp-json\/wp\/v2\/users\/205"}],"replies":[{"embeddable":true,"href":"https:\/\/www.ufsm.br\/pro-reitorias\/proplan\/wp-json\/wp\/v2\/comments?post=2659"}],"version-history":[{"count":0,"href":"https:\/\/www.ufsm.br\/pro-reitorias\/proplan\/wp-json\/wp\/v2\/pages\/2659\/revisions"}],"wp:attachment":[{"href":"https:\/\/www.ufsm.br\/pro-reitorias\/proplan\/wp-json\/wp\/v2\/media?parent=2659"}],"wp:term":[{"taxonomy":"category","embeddable":true,"href":"https:\/\/www.ufsm.br\/pro-reitorias\/proplan\/wp-json\/wp\/v2\/categories?post=2659"},{"taxonomy":"post_tag","embeddable":true,"href":"https:\/\/www.ufsm.br\/pro-reitorias\/proplan\/wp-json\/wp\/v2\/tags?post=2659"}],"curies":[{"name":"wp","href":"https:\/\/api.w.org\/{rel}","templated":true}]}}