{"id":2674,"date":"2019-11-12T09:35:13","date_gmt":"2019-11-12T12:35:13","guid":{"rendered":"https:\/\/www.ufsm.br\/pro-reitorias\/proplan\/?page_id=2674"},"modified":"2021-07-01T14:18:25","modified_gmt":"2021-07-01T17:18:25","slug":"resolucao-orcamentaria-n-001-2015","status":"publish","type":"page","link":"https:\/\/www.ufsm.br\/pro-reitorias\/proplan\/resolucao-orcamentaria-n-001-2015","title":{"rendered":"Resolu\u00e7\u00e3o Or\u00e7ament\u00e1ria N. 001\/2015"},"content":{"rendered":"\t\t<div data-elementor-type=\"wp-page\" data-elementor-id=\"2674\" class=\"elementor elementor-2674\">\n\t\t\t\t\t\t<section class=\"elementor-section elementor-top-section elementor-element elementor-element-7a0877c elementor-section-boxed elementor-section-height-default elementor-section-height-default\" data-id=\"7a0877c\" data-element_type=\"section\">\n\t\t\t\t\t\t<div class=\"elementor-container elementor-column-gap-default\">\n\t\t\t\t\t<div class=\"elementor-column elementor-col-100 elementor-top-column elementor-element elementor-element-8f90ed2\" data-id=\"8f90ed2\" data-element_type=\"column\">\n\t\t\t<div class=\"elementor-widget-wrap elementor-element-populated\">\n\t\t\t\t\t\t<div class=\"elementor-element elementor-element-ff864a1 elementor-widget elementor-widget-html\" data-id=\"ff864a1\" data-element_type=\"widget\" data-widget_type=\"html.default\">\n\t\t\t\t<div class=\"elementor-widget-container\">\n\t\t\t\n\n\n<title><b>RESOLU\u00c7\u00c3O OR\u00c7AMENT\u00c1RIA N. 001\/2015<\/b><\/title>\n\n\n<div align=\"center\"><img decoding=\"async\" src=\"https:\/\/www.ufsm.br\/pro-reitorias\/proplan\/wp-content\/uploads\/sites\/344\/2019\/09\/brasao-da-republica-do-brasil-logo.png\" alt=\"Bras\u00e3o Rep\u00fablica Federativa do Brasil\" width=\"6%\" height=\"6%\"><\/div>    \n<h1><font color=\"blue\"><font size=\"5\"><div align=\"center\">MINIST\u00c9RIO DA EDUCA\u00c7\u00c3O<\/b><\/font><\/font><\/div><\/H1>\n<p><b><font color=\"0000blue\"><div align=\"center\">UNIVERSIDADE FEDERAL DE SANTA MARIA<\/b><\/font><\/div><\/p>\n\n<p><div align=\"center\"><b><a href=\"\/\/portal.ufsm.br\/documentos\/publico\/documento.html?id=12760378\"><font color=\"blue\">RESOLU\u00c7\u00c3O OR\u00c7AMENT\u00c1RIA N. 001\/2015<\/font><\/a><\/b><\/div><\/p>\n<br>\n<p><div align=\"right\"><font color=\"800000\"><strike>Or\u00e7a a Receita e fixa a Despesa da Universidade Federal de Santa Maria para o Exerc\u00edcio Financeiro de 2015.<\/strike><\/font><\/div><\/p>\n<br><div align=\"justify\">\n<p><a href=\"https:\/\/www.ufsm.br\/pro-reitorias\/proplan\/resolucao-ufsm-n-055-2021\/\"><font color=\"blue\">Revogado pela Resolu\u00e7\u00e3o N. 055\/2021<\/font><\/a><\/p><\/p>\n<br>\n<strike>\n<p>O CONSELHO UNIVERSIT\u00c1RIO DA UNIVERSIDADE FEDERAL DE SANTA MARIA, no uso de suas atribui\u00e7\u00f5es legais e estatut\u00e1rias e considerando:<\/p>\n<p>- a <a href=\"http:\/\/www.planalto.gov.br\/ccivil_03\/_ato2015-2018\/2015\/Lei\/L13115.htm\" target=\"_blank\"><font color=\"blue\"><u>Lei 13.115, de 22 de abril de 2015<\/u><\/font><\/a>, denominada como Lei Or\u00e7ament\u00e1ria Anual; e<\/p>\n<p>- o Parecer n. 003\/2015 da Comiss\u00e3o de Or\u00e7amento e Reg\u00eancia Patrimonial do Conselho Universit\u00e1rio na 777\u00aa Sess\u00e3o, de 28 de outubro 2015, conforme Processo n. <a href=\"https:\/\/portal.ufsm.br\/documentos\/publico\/processo\/documento.html?idDocumento=7139077\" target=\"_blank\"><font color=\"blue\"><u>23081.011620\/2015-10<\/u><\/font><\/a>;<\/p>\n<p>- o Parecer n. 179\/2016, do Conselho de Curadores, aprovado na 179\u00aa Sess\u00e3o, de 23\/08\/2016, e<\/p>\n<p>- o Parecer n. 004\/2016, da Comiss\u00e3o de Or\u00e7amento e Reg\u00eancia Patrimonial do Conselho Universit\u00e1rio, aprovado na 787\u00aa Sess\u00e3o, de 26 de agosto de 2016, conforme Processo n. <a href=\"https:\/\/portal.ufsm.br\/documentos\/publico\/processo\/documento.html?idDocumento=7289889\" target=\"_blank\"><font color=\"blue\"><u>23081.015747\/2015-08<\/u><\/font><\/a>;<\/p>\n<br>\n<p><b><div align=\"center\">RESOLVE:<\/b><\/div><\/p>\n<br>\n<p>Art. 1\u00ba Aprovar o Or\u00e7amento da Universidade Federal de Santa Maria do exerc\u00edcio financeiro de 2015.<\/p>\n<p>Art. 2\u00ba Estima-se a Receita em R$ 1.094.897.109,00 (um bilh\u00e3o, noventa e quatro milh\u00f5es, oitocentos e noventa e sete mil, cento e nove reais), com a seguinte classifica\u00e7\u00e3o, de acordo com as especifica\u00e7\u00f5es constantes nos respectivos quadros integrantes do Or\u00e7amento:<\/p>\n<p>I - RECEITAS CORRENTES:<\/p>\n<p>a) RECEITA PATRIMONIAL = R$ 2.202.384,00;<\/p>\n<p>b) RECEITA AGROPECU\u00c1RIA. = R$ 23.147,00;<\/p>\n<p>c) RECEITA DE SERVI\u00c7OS = R$ 13.965.112,00;<\/p>\n<p>d) TRANSFER\u00caNCIAS CORRENTES = R$ 1.027.571.763,00;<\/p>\n<p>II - RECEITAS DE CAPITAL:<\/p>\n<p>a) TRANSFER\u00caNCIAS DE CAPITAL = R$ 51.134.703,00.<\/p>\n\n<p>Art. 3\u00ba Estima-se a despesa em R$ 1.094.897.109,00 (um bilh\u00e3o, noventa e quatro milh\u00f5es, oitocentos e noventa e sete mil, cento e nove reais), com a seguinte classifica\u00e7\u00e3o, de acordo com as especifica\u00e7\u00f5es constantes nos respectivos quadros que fazem parte do Or\u00e7amento:<\/p>\n<p>I - DESPESAS CORRENTES:<\/p>\n<p>a) PESSOAL E ENCARGOS SOCIAIS = R$ 886.070.394,00; e<\/p>\n<p>b) OUTRAS DESPESAS CORRENTES = R$ 152.429.483,00;<\/p>\n<p>II - Despesas de Capital:<\/p>\n<p>a) INVESTIMENTOS = R$ 56.397.232,00.<\/p>\n\n<p>Art. 4\u00ba Fica o Reitor autorizado a:<\/p>\n<p>I - abrir cr\u00e9dito para atendimento das solicita\u00e7\u00f5es das Unidades Gestoras de recursos j\u00e1 aprovados;<\/p>\n<p>II - abrir cr\u00e9dito para refor\u00e7o das dota\u00e7\u00f5es \u00e0 conta de Recursos Pr\u00f3prios, com a utiliza\u00e7\u00e3o do excesso de arrecada\u00e7\u00e3o;<\/p>\n<p>III - abrir cr\u00e9ditos para inclus\u00e3o de recursos decorrentes de conv\u00eanios, aux\u00edlios e emendas em estrita observ\u00e2ncia aos objetivos e planos de aplica\u00e7\u00e3o, estabelecidos no instrumento firmado; e<\/p>\n<p>IV - adotar medidas necess\u00e1rias para ajustar os disp\u00eandios programados no Or\u00e7amento ao efetivo comportamento da Receita.<\/p>\n\n<p>Art. 5\u00ba Esta resolu\u00e7\u00e3o entra em vigor na data de sua publica\u00e7\u00e3o, ficando revogadas as disposi\u00e7\u00f5es em contr\u00e1rio.<\/p>\n\n<p>GABINETE DO REITOR DA UNIVERSIDADE FEDERAL DE SANTA MARIA, aos 26 dias do m\u00eas de agosto do ano dois mil e quatorze.<\/p>\n<\/div>\n<p>Paulo Afonso Burmann,<\/p>\n<p>Reitor<\/p>\n\n\n<p><font color=\"red0000\">Este texto n\u00e3o substitui o documento original, publicado no Portal de Documentos.<\/font> Dispon\u00edvel em: <a href=\"https:\/\/portal.ufsm.br\/documentos\/publico\/documento.html?id=12760378\"><font color=\"blue\">https:\/\/portal.ufsm.br\/documentos\/publico\/documento.html?id=12760378<\/font><\/a>\n<\/strike>\n\n\t\t<\/div>\n\t\t\t\t<\/div>\n\t\t\t\t\t<\/div>\n\t\t<\/div>\n\t\t\t\t\t<\/div>\n\t\t<\/section>\n\t\t\t\t<\/div>\n\t\t","protected":false},"excerpt":{"rendered":"<p>RESOLU\u00c7\u00c3O OR\u00c7AMENT\u00c1RIA N. 001\/2015 MINIST\u00c9RIO DA EDUCA\u00c7\u00c3O UNIVERSIDADE FEDERAL DE SANTA MARIA RESOLU\u00c7\u00c3O OR\u00c7AMENT\u00c1RIA N. 001\/2015 Or\u00e7a a Receita e fixa a Despesa da Universidade Federal de Santa Maria para o Exerc\u00edcio Financeiro de 2015. Revogado pela Resolu\u00e7\u00e3o N. 055\/2021 O CONSELHO UNIVERSIT\u00c1RIO DA UNIVERSIDADE FEDERAL DE SANTA MARIA, no uso de suas atribui\u00e7\u00f5es legais [&hellip;]<\/p>\n","protected":false},"author":205,"featured_media":0,"parent":0,"menu_order":0,"comment_status":"closed","ping_status":"closed","template":"","meta":{"footnotes":""},"categories":[],"tags":[],"class_list":["post-2674","page","type-page","status-publish","hentry"],"acf":[],"_links":{"self":[{"href":"https:\/\/www.ufsm.br\/pro-reitorias\/proplan\/wp-json\/wp\/v2\/pages\/2674","targetHints":{"allow":["GET"]}}],"collection":[{"href":"https:\/\/www.ufsm.br\/pro-reitorias\/proplan\/wp-json\/wp\/v2\/pages"}],"about":[{"href":"https:\/\/www.ufsm.br\/pro-reitorias\/proplan\/wp-json\/wp\/v2\/types\/page"}],"author":[{"embeddable":true,"href":"https:\/\/www.ufsm.br\/pro-reitorias\/proplan\/wp-json\/wp\/v2\/users\/205"}],"replies":[{"embeddable":true,"href":"https:\/\/www.ufsm.br\/pro-reitorias\/proplan\/wp-json\/wp\/v2\/comments?post=2674"}],"version-history":[{"count":0,"href":"https:\/\/www.ufsm.br\/pro-reitorias\/proplan\/wp-json\/wp\/v2\/pages\/2674\/revisions"}],"wp:attachment":[{"href":"https:\/\/www.ufsm.br\/pro-reitorias\/proplan\/wp-json\/wp\/v2\/media?parent=2674"}],"wp:term":[{"taxonomy":"category","embeddable":true,"href":"https:\/\/www.ufsm.br\/pro-reitorias\/proplan\/wp-json\/wp\/v2\/categories?post=2674"},{"taxonomy":"post_tag","embeddable":true,"href":"https:\/\/www.ufsm.br\/pro-reitorias\/proplan\/wp-json\/wp\/v2\/tags?post=2674"}],"curies":[{"name":"wp","href":"https:\/\/api.w.org\/{rel}","templated":true}]}}