{"id":2700,"date":"2019-11-13T08:11:14","date_gmt":"2019-11-13T11:11:14","guid":{"rendered":"https:\/\/www.ufsm.br\/pro-reitorias\/proplan\/?page_id=2700"},"modified":"2026-01-08T11:28:16","modified_gmt":"2026-01-08T14:28:16","slug":"resolucao-n-020-2015","status":"publish","type":"page","link":"https:\/\/www.ufsm.br\/pro-reitorias\/proplan\/resolucao-n-020-2015","title":{"rendered":"Resolu\u00e7\u00e3o N. 020\/2015"},"content":{"rendered":"\t\t<div data-elementor-type=\"wp-page\" data-elementor-id=\"2700\" class=\"elementor elementor-2700\">\n\t\t\t\t\t\t<section class=\"elementor-section elementor-top-section elementor-element elementor-element-d45644b elementor-section-boxed elementor-section-height-default elementor-section-height-default\" data-id=\"d45644b\" data-element_type=\"section\">\n\t\t\t\t\t\t<div class=\"elementor-container elementor-column-gap-default\">\n\t\t\t\t\t<div class=\"elementor-column elementor-col-100 elementor-top-column elementor-element elementor-element-b028ebf\" data-id=\"b028ebf\" data-element_type=\"column\">\n\t\t\t<div class=\"elementor-widget-wrap elementor-element-populated\">\n\t\t\t\t\t\t<div class=\"elementor-element elementor-element-a0f9798 elementor-widget elementor-widget-html\" data-id=\"a0f9798\" data-element_type=\"widget\" data-widget_type=\"html.default\">\n\t\t\t\t<div class=\"elementor-widget-container\">\n\t\t\t\r\n\r\n\r\n<title><b>RESOLU\u00c7\u00c3O N. 020\/2015<\/b><\/title>\r\n\r\n\r\n<div align=\"center\"><img decoding=\"async\" src=\"https:\/\/www.ufsm.br\/pro-reitorias\/proplan\/wp-content\/uploads\/sites\/344\/2019\/09\/brasao-da-republica-do-brasil-logo.png\" alt=\"Bras\u00e3o Rep\u00fablica Federativa do Brasil\" width=\"6%\" height=\"6%\"><\/div>    \r\n<h1><font color=\"blue\"><font size=\"5\"><div align=\"center\">MINIST\u00c9RIO DA EDUCA\u00c7\u00c3O<\/b><\/font><\/font><\/div><\/H1>\r\n<p><b><font color=\"0000blue\"><div align=\"center\">UNIVERSIDADE FEDERAL DE SANTA MARIA<\/b><\/font><\/div><\/p>\r\n\r\n<p><div align=\"center\"><b><a href=\"https:\/\/portal.ufsm.br\/documentos\/publico\/documento.html?id=7076554\"><font color=\"blue\">RESOLU\u00c7\u00c3O N. 020\/2015<\/font><\/a><\/b><\/div><\/p>\r\n<br>\r\n<p>\r\n    <div style=\"color: #800000;width: 60%;margin-left: auto;margin-right: 0;text-align: justify;font-weight: normal\">Define o tempo da \u201cHora Aula\u201d e disp\u00f5e sobre o hor\u00e1rio dos Cursos Diurnos e Noturnos da Universidade Federal de Santa Maria, conforme Resolu\u00e7\u00e3o CNE\/CES N. 03, de 02 de julho de 2007.<\/div><\/p>\r\n<br><div align=\"justify\">\r\n<p>O REITOR DA UNIVERSIDADE FEDERAL DE SANTA MARIA, no uso de suas atribui\u00e7\u00f5es legais e estatut\u00e1rias e considerando:<\/p>\r\n<p>- a <a href=\"http:\/\/www.planalto.gov.br\/ccivil_03\/leis\/l9394.htm\" target=\"_blank\"><font color=\"blue\"><u>Lei N. 9.394, de 20 de dezembro de 1996<\/u><\/font><\/a>, que estabelece as diretrizes e bases da educa\u00e7\u00e3o nacional;<\/p>\r\n<p>- a <a href=\"http:\/\/portal.mec.gov.br\/cne\/arquivos\/pdf\/2007\/rces002_07.pdf\" target=\"_blank\"><font color=\"blue\"><u>Resolu\u00e7\u00e3o CNE\/CES N. 02, de 18 de junho de 2007<\/u><\/font><\/a>, que disp\u00f5e sobre carga hor\u00e1ria m\u00ednima e procedimentos relativos \u00e0 integraliza\u00e7\u00e3o e dura\u00e7\u00e3o dos cursos de gradua\u00e7\u00e3o, bacharelados, na modalidade presencial;<\/p>\r\n<p>- a <a href=\"http:\/\/portal.mec.gov.br\/cne\/arquivos\/pdf\/rces003_07.pdf\" target=\"_blank\"><font color=\"blue\"><u>Resolu\u00e7\u00e3o CNE\/CES N. 03, de 02 de julho de 2007<\/u><\/font><\/a>, que disp\u00f5e sobre procedimentos a serem adotados quanto ao conceito de hora-aula, e d\u00e1 outras provid\u00eancias;<\/p>\r\n<p>- a necessidade de adequar a normatiza\u00e7\u00e3o atual aos cursos da UFSM nos seus diferentes campi; e<\/p>\r\n<p>- o Parecer N. 143\/2015 da Comiss\u00e3o de Legisla\u00e7\u00e3o e Normas (CLN), aprovado na 867\u00aa Sess\u00e3o do Conselho de Ensino, Pesquisa e Extens\u00e3o, de 17 de julho de 2015, referente ao Processo n. <a href=\"https:\/\/portal.ufsm.br\/documentos\/publico\/processo\/documento.html?idDocumento=6940563\" target=\"_blank\"><font color=\"blue\"><u>23081.006757\/2015-44<\/u><\/font><\/a>.<\/p>\r\n<br>\r\n<p><b><div align=\"center\">RESOLVE:<\/b><\/div><\/p>\r\n<br>\r\n<p>Art. 1\u00ba A hora-aula \u00e9 definida como sessenta minutos na Universidade Federal de Santa Maria, tanto para os Cursos Diurnos como os Cursos Noturnos.<\/p>\r\n<p>Art.  2\u00ba A UFSM, respeitado o m\u00ednimo dos duzentos dias letivos de trabalho acad\u00eamico efetivo, define que a dura\u00e7\u00e3o da atividade acad\u00eamica ou do trabalho discente efetivo compreende:<\/p>\r\n<p>I - prele\u00e7\u00f5es e aulas expositivas; e<\/p>\r\n<p>II - atividades pr\u00e1ticas supervisionadas, conforme legisla\u00e7\u00e3o vigente.<\/p>\r\n\r\n<p>Art. 3\u00ba Os Cursos Diurnos dos Campi da Universidade Federal de Santa Maria (Sede), Centro de Educa\u00e7\u00e3o Superior Norte-RS\/UFSM (CESNORS), do Campus da UFSM em Cachoeira do Sul e da Unidade Descentralizada de Educa\u00e7\u00e3o Superior da UFSM em Silveira Martins (UDESSM), ter\u00e3o seus hor\u00e1rios de in\u00edcio de funcionamento a partir das sete horas e trinta minutos.<\/p>\r\n<p>Art. 4\u00ba Os Cursos Noturnos dos Campi da Universidade Federal de Santa Maria (Sede), Centro de Educa\u00e7\u00e3o Superior Norte-RS\/UFSM (CESNORS) e da Unidade Descentralizada de Educa\u00e7\u00e3o Superior da UFSM em Silveira Martins (UDESSM), ter\u00e3o seus hor\u00e1rios de in\u00edcio de funcionamento a partir das dezenove horas.<\/p>\r\n<p>Art. 5\u00ba Os Cursos Noturnos do Campus da Universidade Federal de Santa Maria em Cachoeira do Sul, ter\u00e3o seus hor\u00e1rios de in\u00edcio de funcionamento a partir das dezoito horas.<\/p>\r\n<p>Art. 6\u00ba Esta resolu\u00e7\u00e3o entra em vigor na data de sua publica\u00e7\u00e3o e revoga a <a href=\"https:\/\/www.ufsm.br\/pro-reitorias\/proplan\/resolucao-n-009-2014\/\" target=\"_blank\"><font color=\"blue\"><u>Resolu\u00e7\u00e3o n. 009\/14, de 28 de maio de 2014<\/u><\/font><\/a>.<\/p>\r\n\r\n<p>GABINETE DO REITOR DA UNIVERSIDADE FEDERAL DE SANTA MARIA, aos vinte e nove dias do m\u00eas de julho do ano dois mil e quinze.<\/p>\r\n<\/div>\r\n<p>Paulo Bayard Dias Gon\u00e7alves,<\/p>\r\n<p>Vice-Reitor no exerc\u00edcio da Reitoria.<\/p>\r\n\r\n<p><font color=\"red0000\">Este texto n\u00e3o substitui o documento original, publicado no Portal de Documentos.<\/font> Dispon\u00edvel em: <a href=\"https:\/\/portal.ufsm.br\/documentos\/publico\/documento.html?id=7076554\"><font color=\"blue\">https:\/\/portal.ufsm.br\/documentos\/publico\/documento.html?id=7076554<\/font><\/a>\r\n\r\n\t\t<\/div>\n\t\t\t\t<\/div>\n\t\t\t\t\t<\/div>\n\t\t<\/div>\n\t\t\t\t\t<\/div>\n\t\t<\/section>\n\t\t\t\t<\/div>\n\t\t","protected":false},"excerpt":{"rendered":"<p>RESOLU\u00c7\u00c3O N. 020\/2015 MINIST\u00c9RIO DA EDUCA\u00c7\u00c3O UNIVERSIDADE FEDERAL DE SANTA MARIA RESOLU\u00c7\u00c3O N. 020\/2015 Define o tempo da \u201cHora Aula\u201d e disp\u00f5e sobre o hor\u00e1rio dos Cursos Diurnos e Noturnos da Universidade Federal de Santa Maria, conforme Resolu\u00e7\u00e3o CNE\/CES N. 03, de 02 de julho de 2007. O REITOR DA UNIVERSIDADE FEDERAL DE SANTA MARIA, [&hellip;]<\/p>\n","protected":false},"author":205,"featured_media":0,"parent":0,"menu_order":0,"comment_status":"closed","ping_status":"closed","template":"","meta":{"footnotes":""},"categories":[],"tags":[],"class_list":["post-2700","page","type-page","status-publish","hentry"],"acf":[],"_links":{"self":[{"href":"https:\/\/www.ufsm.br\/pro-reitorias\/proplan\/wp-json\/wp\/v2\/pages\/2700","targetHints":{"allow":["GET"]}}],"collection":[{"href":"https:\/\/www.ufsm.br\/pro-reitorias\/proplan\/wp-json\/wp\/v2\/pages"}],"about":[{"href":"https:\/\/www.ufsm.br\/pro-reitorias\/proplan\/wp-json\/wp\/v2\/types\/page"}],"author":[{"embeddable":true,"href":"https:\/\/www.ufsm.br\/pro-reitorias\/proplan\/wp-json\/wp\/v2\/users\/205"}],"replies":[{"embeddable":true,"href":"https:\/\/www.ufsm.br\/pro-reitorias\/proplan\/wp-json\/wp\/v2\/comments?post=2700"}],"version-history":[{"count":0,"href":"https:\/\/www.ufsm.br\/pro-reitorias\/proplan\/wp-json\/wp\/v2\/pages\/2700\/revisions"}],"wp:attachment":[{"href":"https:\/\/www.ufsm.br\/pro-reitorias\/proplan\/wp-json\/wp\/v2\/media?parent=2700"}],"wp:term":[{"taxonomy":"category","embeddable":true,"href":"https:\/\/www.ufsm.br\/pro-reitorias\/proplan\/wp-json\/wp\/v2\/categories?post=2700"},{"taxonomy":"post_tag","embeddable":true,"href":"https:\/\/www.ufsm.br\/pro-reitorias\/proplan\/wp-json\/wp\/v2\/tags?post=2700"}],"curies":[{"name":"wp","href":"https:\/\/api.w.org\/{rel}","templated":true}]}}