{"id":2706,"date":"2019-11-14T09:35:19","date_gmt":"2019-11-14T12:35:19","guid":{"rendered":"https:\/\/www.ufsm.br\/pro-reitorias\/proplan\/?page_id=2706"},"modified":"2025-10-01T13:39:22","modified_gmt":"2025-10-01T16:39:22","slug":"resolucao-n-025-2015","status":"publish","type":"page","link":"https:\/\/www.ufsm.br\/pro-reitorias\/proplan\/resolucao-n-025-2015","title":{"rendered":"Resolu\u00e7\u00e3o N. 025\/2015"},"content":{"rendered":"\t\t<div data-elementor-type=\"wp-page\" data-elementor-id=\"2706\" class=\"elementor elementor-2706\">\n\t\t\t\t\t\t<section class=\"elementor-section elementor-top-section elementor-element elementor-element-83fe201 elementor-section-boxed elementor-section-height-default elementor-section-height-default\" data-id=\"83fe201\" data-element_type=\"section\">\n\t\t\t\t\t\t<div class=\"elementor-container elementor-column-gap-default\">\n\t\t\t\t\t<div class=\"elementor-column elementor-col-100 elementor-top-column elementor-element elementor-element-aa29322\" data-id=\"aa29322\" data-element_type=\"column\">\n\t\t\t<div class=\"elementor-widget-wrap elementor-element-populated\">\n\t\t\t\t\t\t<div class=\"elementor-element elementor-element-37ae8e3 elementor-widget elementor-widget-html\" data-id=\"37ae8e3\" data-element_type=\"widget\" data-widget_type=\"html.default\">\n\t\t\t\t<div class=\"elementor-widget-container\">\n\t\t\t<br><div align=\"justify\"><font color=\"black\">\r\n<div align=\"center\">\r\n<img decoding=\"async\" src=\"https:\/\/www.ufsm.br\/pro-reitorias\/proplan\/wp-content\/uploads\/sites\/344\/2019\/09\/brasao-da-republica-do-brasil-logo.png\" alt=\"Bras\u00e3o Rep\u00fablica Federativa do Brasil\" width=\"6%\" height=\"6%\" style=\"text-align: justify\">\r\n<\/div>    \r\n<h1 style=\"text-align: justify\">\r\n<font color=\"blue\">\r\n<font size=\"5\">\r\n<\/font>\r\n<\/font>\r\n<div align=\"center\">\r\n<font color=\"blue\" style=\"text-align: justify\">\r\n<font size=\"5\">MINIST\u00c9RIO DA EDUCA\u00c7\u00c3O<\/font>\r\n<\/font>\r\n<\/div>\r\n<\/h1>\r\n<p>\r\n<b>\r\n<font color=\"0000blue\">\r\n<\/font>\r\n<\/b>\r\n<\/p>\r\n<div align=\"center\">\r\n<b style=\"text-align: justify\">\r\n<font color=\"0000blue\">UNIVERSIDADE FEDERAL DE SANTA MARIA<\/font>\r\n<\/b>\r\n<\/div>\r\n<p>\r\n<\/p>\r\n\r\n<p>\r\n<\/p>\r\n<div align=\"center\">\r\n<b style=\"text-align: justify\">\r\n<a href=\"https:\/\/portal.ufsm.br\/documentos\/publico\/documento.html?id=7286710\" style=\"color: blue !important;text-decoration: underline !important\" data-elementor-preserved=\"true\">\r\n<font color=\"blue\">RESOLU\u00c7\u00c3O N. 025\/2015<\/font>\r\n<\/a>\r\n<\/b>\r\n<\/div>\r\n<p>\r\n<\/p>\r\n<br>\r\n<p>\r\n<\/p>\r\n<div align=\"right\">\r\n<font color=\"800000\" style=\"text-align: justify\">\r\n    <div style=\"color: #800000;width: 60%;margin-left: auto;margin-right: 0;text-align: justify;font-weight: normal\">\r\n      Aprova a cria\u00e7\u00e3o da Estrutura M\u00ednima Centros de Ensino do Campus Sede da UFSM d\u00e1 outras provid\u00eancias.\r\n    <\/div>\r\n<\/font>\r\n<\/div>\r\n<p>\r\n<\/p>\r\n<br>\r\n<div align=\"justify\">\r\n<p>Alterada pelo <a href=\"http:\/\/www.planalto.gov.br\/ccivil_03\/_ato2019-2022\/2019\/decreto\/D9725.htm\" style=\"color: blue !important;text-decoration: underline !important\" data-elementor-preserved=\"true\">\r\n<font color=\"blue\">Decreto N. 9.725, de 12 de mar\u00e7o de 2019,<\/font>\r\n<\/a> e pelas Resolu\u00e7\u00f5es UFSM <a href=\"https:\/\/www.ufsm.br\/pro-reitorias\/proplan\/resolucao-n-013-2016\/\" style=\"color: blue !important;text-decoration: underline !important\" data-elementor-preserved=\"true\">\r\n<font color=\"blue\">N. 013\/2016<\/font>\r\n<\/a>, <a href=\"https:\/\/www.ufsm.br\/pro-reitorias\/proplan\/resolucao-ufsm-n-087-2022\/\" style=\"color: blue !important;text-decoration: underline !important\" data-elementor-preserved=\"true\" target=\"_blank\">\r\n<font color=\"blue\"> N. 087\/2022<\/font>\r\n<\/a>, <a href=\"https:\/\/www.ufsm.br\/pro-reitorias\/proplan\/resolucao-ufsm-n-093-2022\/\" style=\"color: blue !important;text-decoration: underline !important\" data-elementor-preserved=\"true\" target=\"_blank\">\r\n<font color=\"blue\"> N. 093\/2022<\/font>\r\n<\/a>, <a href=\"https:\/\/www.ufsm.br\/pro-reitorias\/proplan\/resolucao-ufsm-n-094-2022\/\" style=\"color: blue !important;text-decoration: underline !important\" data-elementor-preserved=\"true\" target=\"_blank\">\r\n<font color=\"blue\"> N. 094\/2022<\/font>\r\n<\/a>, <a href=\"https:\/\/www.ufsm.br\/pro-reitorias\/proplan\/resolucao-ufsm-n-095-2022\/\" style=\"color: blue !important;text-decoration: underline !important\" data-elementor-preserved=\"true\" target=\"_blank\">\r\n<font color=\"blue\"> N. 095\/2022<\/font>\r\n<\/a>; <a href=\"https:\/\/www.ufsm.br\/pro-reitorias\/proplan\/?p=5110\" style=\"color: blue !important;text-decoration: underline !important\" data-elementor-preserved=\"true\" target=\"_blank\">\r\n<font color=\"blue\">N. 105\/2022<\/font>\r\n<\/a>,&nbsp;<a href=\"https:\/\/www.ufsm.br\/pro-reitorias\/proplan\/resolucao-ufsm-n-150\" style=\"color: blue !important;text-decoration: underline !important\" data-elementor-preserved=\"true\" target=\"_blank\" rel=\"noopener\">\r\n<font color=\"blue\">N. 150\/2023<\/font>\r\n<\/a>, <a href=\"https:\/\/www.ufsm.br\/pro-reitorias\/proplan\/resolucao-ufsm-no-219-2025\" style=\"color: blue !important;text-decoration: underline !important\" data-elementor-preserved=\"true\">N. 219\/2025<\/a>&nbsp;e <a href=\"https:\/\/www.ufsm.br\/pro-reitorias\/proplan\/resolucao-ufsm-n-231-2025\" style=\"color: blue !important;text-decoration: underline !important\" data-elementor-preserved=\"true\">N. 231\/2025<\/a>.<\/p>\r\n\r\n<br>\r\n<div align=\"justify\">\r\n<p>\r\n<\/p>\r\n<br>\r\n<p>O REITOR DA UNIVERSIDADE FEDERAL DE SANTA MARIA, no uso de suas atribui\u00e7\u00f5es legais e estatut\u00e1rias e considerando:<\/p>\r\n<p>- o processo n. <a href=\"https:\/\/portal.ufsm.br\/documentos\/publico\/processo\/documento.html?idDocumento=7066944\" style=\"color: blue !important;text-decoration: underline !important\" data-elementor-preserved=\"true\" target=\"_blank\">\r\n<font color=\"blue\">\r\n<u>23081.009793\/2015-60<\/u>\r\n<\/font>\r\n<\/a> que trata da reestrutura\u00e7\u00e3o administrativa do Centro de Ci\u00eancias Naturais e Exatas;<\/p>\r\n<p>- o processo n. <a href=\"https:\/\/portal.ufsm.br\/documentos\/publico\/processo\/documento.html?idDocumento=7181830\" style=\"color: blue !important;text-decoration: underline !important\" data-elementor-preserved=\"true\" target=\"_blank\">\r\n<font color=\"blue\">\r\n<u>23081.013333\/2015-36<\/u>\r\n<\/font>\r\n<\/a> que trata da reestrutura\u00e7\u00e3o administrativa do Centro de Ci\u00eancias Rurais;<\/p>\r\n<p>- o processo n. <a href=\"https:\/\/portal.ufsm.br\/documentos\/publico\/processo\/documento.html?idDocumento=7181829\" style=\"color: blue !important;text-decoration: underline !important\" data-elementor-preserved=\"true\" target=\"_blank\">\r\n<font color=\"blue\">\r\n<u>23081.013332\/2015-91<\/u>\r\n<\/font>\r\n<\/a> que trata da reestrutura\u00e7\u00e3o administrativa do Centro de Ci\u00eancias da Sa\u00fade;<\/p>\r\n<p>- o processo n. <a href=\"https:\/\/portal.ufsm.br\/documentos\/publico\/processo\/documento.html?idDocumento=7181833\" style=\"color: blue !important;text-decoration: underline !important\" data-elementor-preserved=\"true\" target=\"_blank\">\r\n<font color=\"blue\">\r\n<u>23081.013334\/2015-81<\/u>\r\n<\/font>\r\n<\/a> que trata da reestrutura\u00e7\u00e3o administrativa do Centro de Educa\u00e7\u00e3o;<\/p>\r\n<p>- o processo n. <a href=\"https:\/\/portal.ufsm.br\/documentos\/publico\/processo\/documento.html?idDocumento=7042599\" style=\"color: blue !important;text-decoration: underline !important\" data-elementor-preserved=\"true\" target=\"_blank\">\r\n<font color=\"blue\">\r\n<u>23081.009316\/2015-02<\/u>\r\n<\/font>\r\n<\/a> que trata da reestrutura\u00e7\u00e3o administrativa do Centro de Ci\u00eancias Sociais e Humanas;<\/p>\r\n<p>- o processo n. <a href=\"https:\/\/portal.ufsm.br\/documentos\/publico\/processo\/documento.html?idDocumento=7035523\" style=\"color: blue !important;text-decoration: underline !important\" data-elementor-preserved=\"true\" target=\"_blank\">\r\n<font color=\"blue\">\r\n<u>23081.009241\/2015-51<\/u>\r\n<\/font>\r\n<\/a> que trata da reestrutura\u00e7\u00e3o administrativa do Centro de Tecnologia;<\/p>\r\n<p>- o processo n. <a href=\"https:\/\/portal.ufsm.br\/documentos\/publico\/processo\/documento.html?idDocumento=7063947\" style=\"color: blue !important;text-decoration: underline !important\" data-elementor-preserved=\"true\" target=\"_blank\">\r\n<font color=\"blue\">\r\n<u>23081.009766\/2015-97<\/u>\r\n<\/font>\r\n<\/a> que trata da reestrutura\u00e7\u00e3o administrativa do Centro de Artes e Letras;<\/p>\r\n<p>- o processo n. <a href=\"https:\/\/portal.ufsm.br\/documentos\/publico\/processo\/documento.html?idDocumento=7194816\" style=\"color: blue !important;text-decoration: underline !important\" data-elementor-preserved=\"true\" target=\"_blank\">\r\n<font color=\"blue\">\r\n<u>23081.013868\/2015-15<\/u>\r\n<\/font>\r\n<\/a> que trata da reestrutura\u00e7\u00e3o administrativa do Centro de Educa\u00e7\u00e3o F\u00edsica e Desportos; e,<\/p>\r\n<p>- o parecer n. 105\/2015 da Comiss\u00e3o de Legisla\u00e7\u00e3o e Regimentos (CLR), aprovado na 777\u00aa Sess\u00e3o do Conselho Universit\u00e1rio, de 28 de outubro de 2015, referente ao processo n. <a href=\"https:\/\/portal.ufsm.br\/documentos\/publico\/processo\/documento.html?idDocumento=7196417\" style=\"color: blue !important;text-decoration: underline !important\" data-elementor-preserved=\"true\" target=\"_blank\">\r\n<font color=\"blue\">\r\n<u>23081.013891\/2015-00<\/u>\r\n<\/font>\r\n<\/a>.<\/p>\r\n<br>\r\n<p>\r\n<b>\r\n<\/b>\r\n<\/p>\r\n<div align=\"center\">\r\n<b style=\"text-align: justify\">RESOLVE:<\/b>\r\n<\/div>\r\n<p>\r\n<\/p>\r\n<br>\r\n<p>Art. 1\u00ba Aprovar a cria\u00e7\u00e3o da Estrutura M\u00ednima dos Centros de Ensino do Campus Sede da UFSM.<\/p>\r\n\r\n<p>\r\n<s>Art. 2\u00ba Aplica-se ao Centro de Ci\u00eancias Rurais:\r\n<\/s>\r\n<\/p>\r\n<p>\r\n<s>\u00a7 1\u00ba Criar o N\u00facleo de Divulga\u00e7\u00e3o Institucional, N\u00facleo de Patrim\u00f4nio, N\u00facleo de Infraestrutura e Unidade de Tecnologia de Informa\u00e7\u00e3o, como \u00f3rg\u00e3o de apoio.<\/s>\r\n<\/p>\r\n<s>\r\n<p>\u00a7 2\u00ba Alterar os nomes:<\/p>\r\n<p>I - de Setor de Material e Patrim\u00f4nio para N\u00facleo de Infraestrutura;<\/p>\r\n<p>II - de Setor de Or\u00e7amento para N\u00facleo de Execu\u00e7\u00e3o e Controle Or\u00e7ament\u00e1rio.<\/p>\r\n<\/s>\r\n<p>\r\n<s>\u00a7 3\u00ba A Biblioteca passa a ser \u00f3rg\u00e3o suplementar setorial e a Unidade de Apoio Pedag\u00f3gico passa a ser \u00f3rg\u00e3o de apoio.<\/s>\r\n<a href=\"https:\/\/www.ufsm.br\/pro-reitorias\/proplan\/?p=5110\" style=\"color: blue !important;text-decoration: underline !important\" data-elementor-preserved=\"true\" target=\"_blank\">\r\n<font color=\"blue\">(Revogado pela Resolu\u00e7\u00e3o UFSM N. 105\/2022)<\/font>\r\n<\/a>\r\n<\/p>\r\n\r\n<p>\r\n<strike>Art. 3\u00ba Aplica-se ao Centro de Ci\u00eancias da Sa\u00fade:<\/strike>\r\n<\/p>\r\n<p>\r\n<strike>\u00a71\u00ba Criar o N\u00facleo Financeiro, N\u00facleo de Infraestrutura, N\u00facleo de Patrim\u00f4nio, Biblioteca (\u00f3rg\u00e3o suplementar), Unidade de Tecnologia de Informa\u00e7\u00e3o (\u00f3rg\u00e3o de apoio) e Unidade de Apoio Pedag\u00f3gico (\u00f3rg\u00e3o de apoio).<\/strike>\r\n<\/p>\r\n<p>\r\n<strike>\u00a7 2\u00ba Alterar o nome de Setor de Divulga\u00e7\u00e3o para N\u00facleo de Divulga\u00e7\u00e3o Institucional.<\/strike>\r\n<\/p>\r\n<p>\r\n<strike>\u00a7 3\u00ba Extinguir o Setor de Documenta\u00e7\u00e3o.<\/strike> (Revogado pela <a href=\"https:\/\/www.ufsm.br\/pro-reitorias\/proplan\/resolucao-ufsm-no-219-2025\" style=\"color: blue !important;text-decoration: underline !important\" data-elementor-preserved=\"true\">Resolu\u00e7\u00e3o UFSM N. 219\/2025<\/a>)<\/p>\r\n\r\n<p>\r\n<strike>Art. 4\u00ba Aplica-se ao Centro de Educa\u00e7\u00e3o:<\/strike>\r\n<\/p>\r\n<p>\r\n<strike>\u00a7 1\u00ba Criar o N\u00facleo de Infraestrutura.<\/strike>\r\n<\/p>\r\n<p>\r\n<strike>\u00a7 2\u00ba Alterar os nomes:<\/strike>\r\n<\/p>\r\n<p>\r\n<strike>I - de Setor de Or\u00e7amento para N\u00facleo de Execu\u00e7\u00e3o e Controle Or\u00e7ament\u00e1rio;<\/strike>\r\n<\/p>\r\n<p>\r\n<strike>II - de Assessoria de Comunica\u00e7\u00e3o para N\u00facleo de Comunica\u00e7\u00e3o Institucional, passando a estar subordinado \u00e0 Secretaria do Centro.<\/strike>\r\n<\/p>\r\n<p>\r\n<strike>\u00a7 3\u00ba A Biblioteca passa a ser \u00d3rg\u00e3o Suplementar Setorial.<\/strike> (Revogado pela <a href=\"https:\/\/www.ufsm.br\/pro-reitorias\/proplan\/resolucao-ufsm-n-231-2025\" style=\"color: blue !important;text-decoration: underline !important\" data-elementor-preserved=\"true\">Resolu\u00e7\u00e3o UFSM N. 231\/2025<\/a>)<\/p>\r\n\r\n<p>\r\n<strike>Art. 5\u00ba Aplica-se ao Centro de Ci\u00eancias Sociais e Humanas:<\/strike>\r\n<\/p>\r\n<strike>\r\n<p>\u00a7 1\u00ba Criar o N\u00facleo de Infraestrutura, N\u00facleo de Patrim\u00f4nio e Unidade de Apoio Pedag\u00f3gico (\u00f3rg\u00e3o de apoio).<\/p>\r\n<p>\u00a7 2\u00ba Alterar os nomes:<\/p>\r\n<p>I - de Setor de Finan\u00e7as para N\u00facleo de Execu\u00e7\u00e3o e Controle Or\u00e7ament\u00e1rio;<\/p>\r\n<p>II - de Setor de Comunica\u00e7\u00e3o para N\u00facleo de Comunica\u00e7\u00e3o Institucional;<\/p>\r\n<p>III - de N\u00facleo de Assist\u00eancia Judici\u00e1ria para Assist\u00eancia Judici\u00e1ria da UFSM;<\/p>\r\n<p>IV \u2013 de N\u00facleo de Inform\u00e1tica para Unidade de Tecnologia da Informa\u00e7\u00e3o.<\/p>\r\n<\/strike>\r\n<p>\r\n<strike>\u00a7 3\u00ba Passam a ser \u00f3rg\u00e3os de apoio a Unidade de Tecnologia da Informa\u00e7\u00e3o e o Gabinete de Estudos e Apoio Institucional Comunit\u00e1rio \u2014 GEAIC.<\/strike> <a href=\"https:\/\/www.ufsm.br\/pro-reitorias\/proplan\/resolucao-ufsm-n-087-2022\/\" style=\"color: blue !important;text-decoration: underline !important\" data-elementor-preserved=\"true\" target=\"_blank\">\r\n<font color=\"blue\">Revogado pela Resolu\u00e7\u00e3o N. 087\/2022<\/font>\r\n<\/a>\r\n<\/p>\r\n\r\n<p>\r\n<strike>Art. 6\u00ba Aplica-se ao Centro de Tecnologia:<\/strike>\r\n<\/p>\r\n<strike>\r\n<p>\u00a7 1\u00ba Criar o N\u00facleo de Infraestrutura, N\u00facleo de Divulga\u00e7\u00e3o Institucional, N\u00facleo de Patrim\u00f4nio, Unidade de Apoio Pedag\u00f3gico (\u00f3rg\u00e3o de apoio) e Unidade de Tecnologia da Informa\u00e7\u00e3o (\u00f3rg\u00e3o de apoio).<\/p>\r\n<p>\u00a7 2\u00ba Alterar o nome do Setor de Finan\u00e7as para N\u00facleo de Execu\u00e7\u00e3o e Controle Or\u00e7ament\u00e1rio.<\/p>\r\n<\/strike>\r\n<p>\r\n<strike>\u00a7 3\u00ba A Biblioteca passa a ser \u00f3rg\u00e3o suplementar setorial.<\/strike> <a href=\"https:\/\/www.ufsm.br\/pro-reitorias\/proplan\/resolucao-ufsm-n-094-2022\/\" style=\"color: blue !important;text-decoration: underline !important\" data-elementor-preserved=\"true\" target=\"_blank\">\r\n<font color=\"blue\">Revogado pela Resolu\u00e7\u00e3o N. 094\/2022<\/font>\r\n<\/a>\r\n<\/p>\r\n\r\n<p>\r\n<strike>Art. 7\u00ba Aplica-se ao Centro de Artes e Letras:<\/strike>\r\n<\/p>\r\n<strike>\r\n<p>\u00a7 1\u00ba Criar o N\u00facleo de Infraestrutura, N\u00facleo de Comunica\u00e7\u00e3o Institucional e Unidade de Apoio Pedag\u00f3gico (\u00f3rg\u00e3o de apoio).<\/p>\r\n<p>\u00a7 2\u00ba Alterar os nomes:<\/p>\r\n<p>I - de Laborat\u00f3rio de Inform\u00e1tica para Unidade de Tecnologia da Informa\u00e7\u00e3o;<\/p>\r\n<p>II - de Setor de Finan\u00e7as para N\u00facleo de Execu\u00e7\u00e3o e Controle Or\u00e7ament\u00e1rio;<\/p>\r\n<p>III - de N\u00facleo Patrimonial para N\u00facleo de Patrim\u00f4nio.<\/p>\r\n<p>\u00a7 3\u00ba A Biblioteca Setorial passa a ser \u00f3rg\u00e3o suplementar setorial.(<a href=\"https:\/\/www.ufsm.br\/pro-reitorias\/proplan\/resolucao-ufsm-n-150\" style=\"color: blue !important;text-decoration: underline !important\" data-elementor-preserved=\"true\" target=\"_blank\" rel=\"noopener\">\r\n<font color=\"blue\">Revogado pela Resolu\u00e7\u00e3o UFSM N. 150\/2023<\/font>\r\n<\/a>)<\/p>\r\n\r\n<p>\r\n<strike>Art. 8\u00ba Aplica-se ao Centro de Ci\u00eancias Naturais e Exatas:<\/strike>\r\n<\/p>\r\n<strike>\r\n<p>\u00a7 1\u00ba Criar o N\u00facleo de Infraestrutura, N\u00facleo de Divulga\u00e7\u00e3o Institucional e Unidade de Apoio Pedag\u00f3gico (\u00f3rg\u00e3o de apoio).<\/p>\r\n<p>\u00a7 2\u00ba Alterar os nomes:<\/p>\r\n<p>I - de Setor de Material e Controle Or\u00e7ament\u00e1rio para N\u00facleo Financeiro;<\/p>\r\n<p>II - de Almoxarifado para N\u00facleo de Patrim\u00f4nio, passando a ser subordinado \u00e0 Secretaria do Centro; e<\/p>\r\n<p>III - de Laborat\u00f3rio de Inform\u00e1tica para Unidade de Tecnologia da Informa\u00e7\u00e3o.<\/p>\r\n<\/strike>\r\n<p>\r\n<strike>\u00a7 3\u00ba A Biblioteca Setorial passa a ser \u00f3rg\u00e3o suplementar setorial.<\/strike> <a href=\"https:\/\/www.ufsm.br\/pro-reitorias\/proplan\/resolucao-n-013-2016\/\" style=\"color: blue !important;text-decoration: underline !important\" data-elementor-preserved=\"true\">\r\n<font color=\"blue\">(Reda\u00e7\u00e3o alterada pela Resolu\u00e7\u00e3o N. 013\/2016)<\/font>\r\n<\/a>\r\n<\/p>\r\n\r\n<p>\r\n<strike>Art. 8\u00ba Aplica-se ao Centro de Ci\u00eancias Naturais e Exatas:<\/strike>\r\n<\/p>\r\n<strike>\r\n<p>\u00a7 1\u00ba Criar o N\u00facleo de Infraestrutura, N\u00facleo de Divulga\u00e7\u00e3o Institucional, N\u00facleo de Patrim\u00f4nio e Unidade de Apoio Pedag\u00f3gico (\u00d3rg\u00e3o de Apoio).<\/p>\r\n<p>\u00a7 2\u00ba Alterar nomes:\r\n<\/p>\r\n<p>I - de Setor de Material e Controle Or\u00e7ament\u00e1rio para N\u00facleo de Execu\u00e7\u00e3o e Controle Or\u00e7ament\u00e1rio.<\/p>\r\n<\/strike>\r\n<p>\r\n<strike>II - de Laborat\u00f3rio de Inform\u00e1tica para Unidade de Tecnologia de Informa\u00e7\u00e3o (\u00d3rg\u00e3o de Apoio)<\/strike>. <a href=\"https:\/\/www.ufsm.br\/pro-reitorias\/proplan\/resolucao-n-013-2016\/\" style=\"color: blue !important;text-decoration: underline !important\" data-elementor-preserved=\"true\">\r\n<font color=\"blue\">(Reda\u00e7\u00e3o dada pela Resolu\u00e7\u00e3o N. 013\/2016)<\/font>\r\n<\/a> e <a href=\"https:\/\/www.ufsm.br\/pro-reitorias\/proplan\/resolucao-ufsm-n-095-2022\/\" style=\"color: blue !important;text-decoration: underline !important\" data-elementor-preserved=\"true\" target=\"_blank\">\r\n<font color=\"blue\">(Revogado pela Resolu\u00e7\u00e3o N. 095\/2022)<\/font>\r\n<\/a>\r\n<\/p>\r\n\r\n<p>\r\n<strike>Art. 9\u00ba Aplica-se ao Centro de Educa\u00e7\u00e3o F\u00edsica e Desportos<\/strike>: <a href=\"https:\/\/www.ufsm.br\/pro-reitorias\/proplan\/resolucao-ufsm-n-093-2022\/\" style=\"color: blue !important;text-decoration: underline !important\" data-elementor-preserved=\"true\" target=\"_blank\">\r\n<font color=\"blue\">(Revogado pela Resolu\u00e7\u00e3o N. 093\/2022)<\/font>\r\n<\/a>\r\n<\/p>\r\n\r\n<p>\r\n<strike>\u00a7 1\u00ba Criar o N\u00facleo de Divulga\u00e7\u00e3o Institucional, N\u00facleo de Patrim\u00f4nio, Unidade Tecnol\u00f3gica de Informa\u00e7\u00e3o (\u00f3rg\u00e3o de apoio) e Unidade de Apoio Pedag\u00f3gico (\u00f3rg\u00e3o de apoio).<\/strike> <a href=\"http:\/\/www.planalto.gov.br\/ccivil_03\/_ato2019-2022\/2019\/decreto\/D9725.htm\" style=\"color: blue !important;text-decoration: underline !important\" data-elementor-preserved=\"true\">\r\n<font color=\"blue\">(Reda\u00e7\u00e3o alterada pelo Decreto N. 9.725, de 12 de mar\u00e7o de 2019)<\/font>\r\n<\/a>.<\/p> \r\n\r\n<p>\r\n<strike>\u00a7 1\u00ba Criar o N\u00facleo de Divulga\u00e7\u00e3o Institucional. <a href=\"http:\/\/www.planalto.gov.br\/ccivil_03\/_ato2019-2022\/2019\/decreto\/D9725.htm\" style=\"color: blue !important;text-decoration: underline !important\" data-elementor-preserved=\"true\">\r\n<font color=\"blue\">(Reda\u00e7\u00e3o dada pelo Decreto N. 9.725, de 12 de mar\u00e7o de 2019)<\/font>\r\n<\/a>.<\/strike>\r\n<a href=\"https:\/\/www.ufsm.br\/pro-reitorias\/proplan\/resolucao-ufsm-n-093-2022\/\" style=\"color: blue !important;text-decoration: underline !important\" data-elementor-preserved=\"true\" target=\"_blank\">\r\n<font color=\"blue\">(Revogado pela Resolu\u00e7\u00e3o N. 093\/2022)<\/font>\r\n<\/a>\r\n<\/p>\r\n<p>\r\n<strike>\u00a7 2\u00ba Alterar os nomes:<\/strike>\r\n<a href=\"https:\/\/www.ufsm.br\/pro-reitorias\/proplan\/resolucao-ufsm-n-093-2022\/\" style=\"color: blue !important;text-decoration: underline !important\" data-elementor-preserved=\"true\" target=\"_blank\">\r\n<font color=\"blue\">(Revogado pela Resolu\u00e7\u00e3o N. 093\/2022)<\/font>\r\n<\/a>\r\n<\/p>\r\n<p>\r\n<strike>I - de Setor de Controle Or\u00e7ament\u00e1rio para N\u00facleo de Execu\u00e7\u00e3o e Controle Or\u00e7ament\u00e1rio;<\/strike>\r\n<a href=\"https:\/\/www.ufsm.br\/pro-reitorias\/proplan\/resolucao-ufsm-n-093-2022\/\" style=\"color: blue !important;text-decoration: underline !important\" data-elementor-preserved=\"true\" target=\"_blank\">\r\n<font color=\"blue\">(Revogado pela Resolu\u00e7\u00e3o N. 093\/2022)<\/font>\r\n<\/a>\r\n<\/p>\r\n<p>\r\n<strike>II - de Divis\u00e3o de Atividades Desportivas para N\u00facleo de Infraestrutura, passando a ser subordinado \u00e0 Secretaria do Centro; e,<\/strike>\r\n<a href=\"https:\/\/www.ufsm.br\/pro-reitorias\/proplan\/resolucao-ufsm-n-093-2022\/\" style=\"color: blue !important;text-decoration: underline !important\" data-elementor-preserved=\"true\" target=\"_blank\">\r\n<font color=\"blue\">(Revogado pela Resolu\u00e7\u00e3o N. 093\/2022)<\/font>\r\n<\/a>\r\n<\/p>\r\n<p>\r\n<strike>III - de Se\u00e7\u00e3o de Manuten\u00e7\u00e3o e Controle de Espa\u00e7o F\u00edsico para Divis\u00e3o de Manuten\u00e7\u00e3o e Controle de Material Did\u00e1tico, ficando subordinado ao N\u00facleo de Infraestrutura.<\/strike>\r\n<a href=\"https:\/\/www.ufsm.br\/pro-reitorias\/proplan\/resolucao-ufsm-n-093-2022\/\" style=\"color: blue !important;text-decoration: underline !important\" data-elementor-preserved=\"true\" target=\"_blank\">\r\n<font color=\"blue\">(Revogado pela Resolu\u00e7\u00e3o N. 093\/2022)<\/font>\r\n<\/a>\r\n<\/p>\r\n<p>\r\n<strike>\u00a7 3\u00ba A Biblioteca Setorial passa a ser \u00f3rg\u00e3o suplementar setorial.<\/strike>\r\n<a href=\"https:\/\/www.ufsm.br\/pro-reitorias\/proplan\/resolucao-ufsm-n-093-2022\/\" style=\"color: blue !important;text-decoration: underline !important\" data-elementor-preserved=\"true\" target=\"_blank\">\r\n<font color=\"blue\">(Revogado pela Resolu\u00e7\u00e3o N. 093\/2022)<\/font>\r\n<\/a>\r\n<\/p>\r\n\r\n<p>Art. 10 Caber\u00e1 \u00e0 Pr\u00f3-Reitoria de Planejamento proceder \u00e0s altera\u00e7\u00f5es no Sistema de Classifica\u00e7\u00e3o Institucional, \u00e0 Pr\u00f3-Reitoria de Gest\u00e3o de Pessoas a relota\u00e7\u00e3o dos recursos humanos e fun\u00e7\u00f5es gratificadas, ao Departamento de Material e Patrim\u00f4nio a adequa\u00e7\u00e3o do registro dos m\u00f3veis e equipamentos e ao Departamento de Registro e Controle Acad\u00eamico as migra\u00e7\u00f5es que envolvam a vida acad\u00eamica.<\/p>\r\n<p>Art. 11 Caber\u00e1 aos Diretores de cada um dos Centros de Ensino proceder encaminhamentos no sentido de adequar seus regimentos internos.<\/p>\r\n<p>Art. 12 Esta resolu\u00e7\u00e3o entrar\u00e1 em vigor na data de sua publica\u00e7\u00e3o, revogadas as disposi\u00e7\u00f5es em contr\u00e1rio.<\/p>\r\n\r\n<p>GABINETE DO REITOR DA UNIVERSIDADE FEDERAL DE SANTA MARIA, aos seis dias do m\u00eas de novembro de dois mil e quinze.<\/p>\r\n<\/strike>\r\n<\/div>\r\n<strike>\r\n<p>Paulo Afonso Burmann,<\/p>\r\n<p>Reitor<\/p>\r\n\r\n<p>\r\n<font color=\"red0000\">Este texto n\u00e3o substitui o documento original, publicado no Portal de Documentos.<\/font> Dispon\u00edvel em:&nbsp;<a href=\"https:\/\/portal.ufsm.br\/documentos\/publico\/documento.html?id=7286710\" style=\"color: blue !important;text-decoration: underline !important\" data-elementor-preserved=\"true\">\r\n<font color=\"blue\">\r\n<\/font>\r\n<\/a>\r\n<font color=\"blue\">\r\n<\/font>\r\n<\/p>\r\n<\/strike>\r\n<\/div>\r\n<\/font><\/div>\t\t<\/div>\n\t\t\t\t<\/div>\n\t\t\t\t\t<\/div>\n\t\t<\/div>\n\t\t\t\t\t<\/div>\n\t\t<\/section>\n\t\t\t\t<\/div>\n\t\t","protected":false},"excerpt":{"rendered":"<p>MINIST\u00c9RIO DA EDUCA\u00c7\u00c3O UNIVERSIDADE FEDERAL DE SANTA MARIA RESOLU\u00c7\u00c3O N. 025\/2015 Aprova a cria\u00e7\u00e3o da Estrutura M\u00ednima Centros de Ensino do Campus Sede da UFSM d\u00e1 outras provid\u00eancias. Alterada pelo Decreto N. 9.725, de 12 de mar\u00e7o de 2019, e pelas Resolu\u00e7\u00f5es UFSM N. 013\/2016 , N. 087\/2022 , N. 093\/2022 , N. 094\/2022 , [&hellip;]<\/p>\n","protected":false},"author":205,"featured_media":0,"parent":0,"menu_order":0,"comment_status":"closed","ping_status":"closed","template":"","meta":{"footnotes":""},"categories":[],"tags":[],"class_list":["post-2706","page","type-page","status-publish","hentry"],"acf":[],"_links":{"self":[{"href":"https:\/\/www.ufsm.br\/pro-reitorias\/proplan\/wp-json\/wp\/v2\/pages\/2706","targetHints":{"allow":["GET"]}}],"collection":[{"href":"https:\/\/www.ufsm.br\/pro-reitorias\/proplan\/wp-json\/wp\/v2\/pages"}],"about":[{"href":"https:\/\/www.ufsm.br\/pro-reitorias\/proplan\/wp-json\/wp\/v2\/types\/page"}],"author":[{"embeddable":true,"href":"https:\/\/www.ufsm.br\/pro-reitorias\/proplan\/wp-json\/wp\/v2\/users\/205"}],"replies":[{"embeddable":true,"href":"https:\/\/www.ufsm.br\/pro-reitorias\/proplan\/wp-json\/wp\/v2\/comments?post=2706"}],"version-history":[{"count":0,"href":"https:\/\/www.ufsm.br\/pro-reitorias\/proplan\/wp-json\/wp\/v2\/pages\/2706\/revisions"}],"wp:attachment":[{"href":"https:\/\/www.ufsm.br\/pro-reitorias\/proplan\/wp-json\/wp\/v2\/media?parent=2706"}],"wp:term":[{"taxonomy":"category","embeddable":true,"href":"https:\/\/www.ufsm.br\/pro-reitorias\/proplan\/wp-json\/wp\/v2\/categories?post=2706"},{"taxonomy":"post_tag","embeddable":true,"href":"https:\/\/www.ufsm.br\/pro-reitorias\/proplan\/wp-json\/wp\/v2\/tags?post=2706"}],"curies":[{"name":"wp","href":"https:\/\/api.w.org\/{rel}","templated":true}]}}