{"id":2708,"date":"2019-11-14T09:44:26","date_gmt":"2019-11-14T12:44:26","guid":{"rendered":"https:\/\/www.ufsm.br\/pro-reitorias\/proplan\/?page_id=2708"},"modified":"2020-07-17T15:33:27","modified_gmt":"2020-07-17T18:33:27","slug":"resolucao-n-026-2015","status":"publish","type":"page","link":"https:\/\/www.ufsm.br\/pro-reitorias\/proplan\/resolucao-n-026-2015","title":{"rendered":"Resolu\u00e7\u00e3o N. 026\/2015"},"content":{"rendered":"\t\t<div data-elementor-type=\"wp-page\" data-elementor-id=\"2708\" class=\"elementor elementor-2708\">\n\t\t\t\t\t\t<section class=\"elementor-section elementor-top-section elementor-element elementor-element-616dd2c elementor-section-boxed elementor-section-height-default elementor-section-height-default\" data-id=\"616dd2c\" data-element_type=\"section\">\n\t\t\t\t\t\t<div class=\"elementor-container elementor-column-gap-default\">\n\t\t\t\t\t<div class=\"elementor-column elementor-col-100 elementor-top-column elementor-element elementor-element-1690b74\" data-id=\"1690b74\" data-element_type=\"column\">\n\t\t\t<div class=\"elementor-widget-wrap elementor-element-populated\">\n\t\t\t\t\t\t<div class=\"elementor-element elementor-element-8885cdf elementor-widget elementor-widget-html\" data-id=\"8885cdf\" data-element_type=\"widget\" data-widget_type=\"html.default\">\n\t\t\t\t<div class=\"elementor-widget-container\">\n\t\t\t\r\n\r\n\r\n<title><b>RESOLU\u00c7\u00c3O N. 026\/2015<\/b><\/title>\r\n\r\n\r\n<div align=\"center\"><img decoding=\"async\" src=\"https:\/\/www.ufsm.br\/pro-reitorias\/proplan\/wp-content\/uploads\/sites\/344\/2019\/09\/brasao-da-republica-do-brasil-logo.png\" alt=\"Bras\u00e3o Rep\u00fablica Federativa do Brasil\" width=\"6%\" height=\"6%\"><\/div>    \r\n<h1><font color=\"blue\"><font size=\"5\"><div align=\"center\">MINIST\u00c9RIO DA EDUCA\u00c7\u00c3O<\/b><\/font><\/font><\/div><\/H1>\r\n<p><b><font color=\"0000blue\"><div align=\"center\">UNIVERSIDADE FEDERAL DE SANTA MARIA<\/b><\/font><\/div><\/p>\r\n\r\n<p><div align=\"center\"><b><a href=\"https:\/\/portal.ufsm.br\/documentos\/publico\/documento.html?id=7331511\"><font color=\"blue\">RESOLU\u00c7\u00c3O N. 026\/2015<\/font><\/a><\/b><\/div><\/p>\r\n<br>\r\n<p><div align=\"right\"><font color=\"800000\"><strike>Aprova o Regulamento que normatiza a cria\u00e7\u00e3o e organiza\u00e7\u00e3o das empresas juniores na Universidade Federal de Santa Maria.<\/strike><\/font><\/div><\/p>\r\n<br>\r\n<p><a href=\"https:\/\/www.ufsm.br\/pro-reitorias\/proplan\/resolucao-n-022-2020\/\" target=\"_blank\"><font color=\"blue\">Revogada pela Resolu\u00e7\u00e3o N. 022\/2020<\/font><\/a><\/p>\r\n<br>\r\n<br><div align=\"justify\">\r\n<strike>\r\n<p>O REITOR DA UNIVERSIDADE FEDERAL DE SANTA MARIA, no uso de suas atribui\u00e7\u00f5es legais e estatut\u00e1rias e considerando:<\/p>\r\n<p>- a promo\u00e7\u00e3o da experi\u00eancia pr\u00e1tica aos alunos de gradua\u00e7\u00e3o, fomentando o crescimento pessoal e o profissional;<\/p>\r\n<p>- a import\u00e2ncia da regulariza\u00e7\u00e3o institucional das empresas juniores j\u00e1 existentes;<\/p>\r\n<p>- o fortalecimento do conjunto de a\u00e7\u00f5es institucionais no sentido de desenvolver o empreendedorismo como parte das atividades acad\u00eamicas dos alunos de gradua\u00e7\u00e3o;<\/p>\r\n<p>- a <a href=\"http:\/\/www.planalto.gov.br\/ccivil_03\/constituicao\/Emendas\/Emc\/emc85.htm\" target=\"_blank\"><font color=\"blue\"><u>emenda constitucional n. 85<\/u><\/font><\/a>, que trata a ci\u00eancia, tecnologia e Inova\u00e7\u00e3o como deveres da federa\u00e7\u00e3o;<\/p>\r\n<p>- a <a href=\"http:\/\/www.planalto.gov.br\/ccivil_03\/_ato2007-2010\/2008\/lei\/l11788.htm\" target=\"_blank\"><font color=\"blue\"><u>Lei N. 11.788, de 25 de setembro de 2008<\/u><\/font><\/a>, que disp\u00f5e sobre o est\u00e1gio de estudantes e d\u00e1 outras provid\u00eancias;<\/p>\r\n<p>- a <a href=\"http:\/\/www.planalto.gov.br\/ccivil_03\/leis\/l9608.htm\" target=\"_blank\"><font color=\"blue\"><u>Lei N. 9.608, de 18 de fevereiro de 1998<\/u><\/font><\/a>, que disp\u00f5e sobre o servi\u00e7o volunt\u00e1rio e d\u00e1 outras provid\u00eancias; e<\/p>\r\n<p>- o Parecer N. 091\/2015 da Comiss\u00e3o de Legisla\u00e7\u00e3o e Regimentos (CLR), aprovado na 777\u00aa Sess\u00e3o do Conselho Universit\u00e1rio, de 28 de outubro de 2015, referente ao Processo n. <a href=\"https:\/\/portal.ufsm.br\/documentos\/publico\/processo\/documento.html?idDocumento=6999875\" target=\"_blank\"><font color=\"blue\"><u>23081.008811\/2015-96<\/u><\/font><\/a>.<\/p>\r\n<br>\r\n<p><b><div align=\"center\">RESOLVE:<\/b><\/div><\/p>\r\n<br>\r\n<p>Art. 1\u00ba Aprovar o <a href=\"https:\/\/www.ufsm.br\/pro-reitorias\/proplan\/regulamento-que-normatiza-a-criacao-e-organizacao-das-empresas-juniores-na-ufsm-2\/\" target=\"_blank\"><font color=\"blue\"><u>Regulamento que normatiza a cria\u00e7\u00e3o e organiza\u00e7\u00e3o das empresas juniores na Universidade Federal de Santa Maria<\/u><\/font><\/a>.<\/p>\r\n<p>Par\u00e1grafo \u00fanico. O regulamento para cria\u00e7\u00e3o e organiza\u00e7\u00e3o das empresas juniores na UFSM \u00e9 aprovado na forma de Anexo a esse ato.<\/p>\r\n\r\n<p>Art. 2\u00ba Esta resolu\u00e7\u00e3o entrar\u00e1 em vigor na data de sua publica\u00e7\u00e3o, revogadas as disposi\u00e7\u00f5es em contr\u00e1rio.<\/p>\r\n\r\n<p>GABINETE DO REITOR DA UNIVERSIDADE FEDERAL DE SANTA MARIA, aos treze dias do m\u00eas de novembro de dois mil e quinze.<\/p>\r\n<\/div>\r\n<p>Paulo Afonso Burmann,<\/p>\r\n<p>Reitor<\/p>\r\n<\/strike>\r\n\r\n<p><font color=\"red0000\">Este texto n\u00e3o substitui o documento original, publicado no Portal de Documentos.<\/font> Dispon\u00edvel em: <a href=\"https:\/\/portal.ufsm.br\/documentos\/publico\/documento.html?id=7331511\"><font color=\"blue\">https:\/\/portal.ufsm.br\/documentos\/publico\/documento.html?id=7331511<\/font><\/a>\r\n\r\n\t\t<\/div>\n\t\t\t\t<\/div>\n\t\t\t\t\t<\/div>\n\t\t<\/div>\n\t\t\t\t\t<\/div>\n\t\t<\/section>\n\t\t\t\t<\/div>\n\t\t","protected":false},"excerpt":{"rendered":"<p>RESOLU\u00c7\u00c3O N. 026\/2015 MINIST\u00c9RIO DA EDUCA\u00c7\u00c3O UNIVERSIDADE FEDERAL DE SANTA MARIA RESOLU\u00c7\u00c3O N. 026\/2015 Aprova o Regulamento que normatiza a cria\u00e7\u00e3o e organiza\u00e7\u00e3o das empresas juniores na Universidade Federal de Santa Maria. Revogada pela Resolu\u00e7\u00e3o N. 022\/2020 O REITOR DA UNIVERSIDADE FEDERAL DE SANTA MARIA, no uso de suas atribui\u00e7\u00f5es legais e estatut\u00e1rias e considerando: [&hellip;]<\/p>\n","protected":false},"author":205,"featured_media":0,"parent":0,"menu_order":0,"comment_status":"closed","ping_status":"closed","template":"","meta":{"footnotes":""},"categories":[],"tags":[],"class_list":["post-2708","page","type-page","status-publish","hentry"],"acf":[],"_links":{"self":[{"href":"https:\/\/www.ufsm.br\/pro-reitorias\/proplan\/wp-json\/wp\/v2\/pages\/2708","targetHints":{"allow":["GET"]}}],"collection":[{"href":"https:\/\/www.ufsm.br\/pro-reitorias\/proplan\/wp-json\/wp\/v2\/pages"}],"about":[{"href":"https:\/\/www.ufsm.br\/pro-reitorias\/proplan\/wp-json\/wp\/v2\/types\/page"}],"author":[{"embeddable":true,"href":"https:\/\/www.ufsm.br\/pro-reitorias\/proplan\/wp-json\/wp\/v2\/users\/205"}],"replies":[{"embeddable":true,"href":"https:\/\/www.ufsm.br\/pro-reitorias\/proplan\/wp-json\/wp\/v2\/comments?post=2708"}],"version-history":[{"count":0,"href":"https:\/\/www.ufsm.br\/pro-reitorias\/proplan\/wp-json\/wp\/v2\/pages\/2708\/revisions"}],"wp:attachment":[{"href":"https:\/\/www.ufsm.br\/pro-reitorias\/proplan\/wp-json\/wp\/v2\/media?parent=2708"}],"wp:term":[{"taxonomy":"category","embeddable":true,"href":"https:\/\/www.ufsm.br\/pro-reitorias\/proplan\/wp-json\/wp\/v2\/categories?post=2708"},{"taxonomy":"post_tag","embeddable":true,"href":"https:\/\/www.ufsm.br\/pro-reitorias\/proplan\/wp-json\/wp\/v2\/tags?post=2708"}],"curies":[{"name":"wp","href":"https:\/\/api.w.org\/{rel}","templated":true}]}}