{"id":2715,"date":"2019-11-14T09:51:01","date_gmt":"2019-11-14T12:51:01","guid":{"rendered":"https:\/\/www.ufsm.br\/pro-reitorias\/proplan\/?page_id=2715"},"modified":"2026-01-08T11:37:05","modified_gmt":"2026-01-08T14:37:05","slug":"resolucao-n-031-2015","status":"publish","type":"page","link":"https:\/\/www.ufsm.br\/pro-reitorias\/proplan\/resolucao-n-031-2015","title":{"rendered":"Resolu\u00e7\u00e3o N. 031\/2015"},"content":{"rendered":"\t\t<div data-elementor-type=\"wp-page\" data-elementor-id=\"2715\" class=\"elementor elementor-2715\">\n\t\t\t\t\t\t<section class=\"elementor-section elementor-top-section elementor-element elementor-element-eb8e980 elementor-section-boxed elementor-section-height-default elementor-section-height-default\" data-id=\"eb8e980\" data-element_type=\"section\">\n\t\t\t\t\t\t<div class=\"elementor-container elementor-column-gap-default\">\n\t\t\t\t\t<div class=\"elementor-column elementor-col-100 elementor-top-column elementor-element elementor-element-d08f1b6\" data-id=\"d08f1b6\" data-element_type=\"column\">\n\t\t\t<div class=\"elementor-widget-wrap elementor-element-populated\">\n\t\t\t\t\t\t<div class=\"elementor-element elementor-element-9c09f14 elementor-widget elementor-widget-html\" data-id=\"9c09f14\" data-element_type=\"widget\" data-widget_type=\"html.default\">\n\t\t\t\t<div class=\"elementor-widget-container\">\n\t\t\t\r\n\r\n\r\n<title><b>RESOLU\u00c7\u00c3O N. 031\/2015<\/b><\/title>\r\n\r\n\r\n<div align=\"center\"><img decoding=\"async\" src=\"https:\/\/www.ufsm.br\/pro-reitorias\/proplan\/wp-content\/uploads\/sites\/344\/2019\/09\/brasao-da-republica-do-brasil-logo.png\" alt=\"Bras\u00e3o Rep\u00fablica Federativa do Brasil\" width=\"6%\" height=\"6%\"><\/div>    \r\n<h1><font color=\"blue\"><font size=\"5\"><div align=\"center\">MINIST\u00c9RIO DA EDUCA\u00c7\u00c3O<\/b><\/font><\/font><\/div><\/H1>\r\n<p><b><font color=\"0000blue\"><div align=\"center\">UNIVERSIDADE FEDERAL DE SANTA MARIA<\/b><\/font><\/div><\/p>\r\n\r\n<p><div align=\"center\"><b><a href=\"https:\/\/portal.ufsm.br\/documentos\/publico\/documento.html?id=7331528\"><font color=\"blue\">RESOLU\u00c7\u00c3O N. 031\/2015<\/font><\/a><\/b><\/div><\/p>\r\n<br>\r\n<p>\r\n    <div style=\"color: #800000;width: 60%;margin-left: auto;margin-right: 0;text-align: justify;font-weight: normal\">Altera a denomina\u00e7\u00e3o do Curso de Comunica\u00e7\u00e3o Social - Hab. Jornalismo para curso de Jornalismo \u2014 Bacharelado do CESNORS da UFSM e aprova sua respectiva reformula\u00e7\u00e3o curricular do Projeto Pedag\u00f3gico do Curso (PPC).<\/div><\/p>\r\n<br><div align=\"justify\">\r\n<p>O REITOR DA UNIVERSIDADE FEDERAL DE SANTA MARIA, no uso de suas atribui\u00e7\u00f5es legais e estatut\u00e1rias e considerando:<\/p>\r\n<p>- a necessidade de se adequar a denomina\u00e7\u00e3o e PPC do referido curso, embasados na <a href=\"http:\/\/portal.mec.gov.br\/index.php?option=com_docman&amp;view=download&amp;alias=14242-rces001-13&amp;category_slug=setembro-2013-pdf&amp;Itemid=30192\" target=\"_blank\"><font color=\"blue\"><u>Resolu\u00e7\u00e3o CNE\/CES n. 01\/2013<\/u><\/font><\/a>;<\/p>\r\n<p>- o Parecer n. 032\/2015 da CEPE, aprovado na 872\u00aa Sess\u00e3o do Conselho de Ensino, Pesquisa e Extens\u00e3o, de 16 de outubro de 2015, referente ao Processo n. <a href=\"https:\/\/portal.ufsm.br\/documentos\/publico\/processo\/documento.html?idDocumento=7145470\" target=\"_blank\"><font color=\"blue\"><u>23081.011757\/2015-66<\/u><\/font><\/a>; e,<\/p>\r\n<p>- o Parecer n. 119\/2015 da Comiss\u00e3o de Legisla\u00e7\u00e3o e Regimentos (CLR), aprovado na 778\u00aa Sess\u00e3o do Conselho Universit\u00e1rio, de 27 de novembro de 2015, referente ao Processo n. <a href=\"https:\/\/portal.ufsm.br\/documentos\/publico\/processo\/documento.html?idDocumento=7145470\" target=\"_blank\"><font color=\"blue\"><u>23081.011757\/2015-66<\/u><\/font><\/a>.<\/p>\r\n<br>\r\n<p><b><div align=\"center\">RESOLVE:<\/b><\/div><\/p>\r\n<br>\r\n<p>Art. 1\u00ba Alterar a denomina\u00e7\u00e3o do Curso Comunica\u00e7\u00e3o Social - Hab. Jornalismo, para Curso de Jornalismo - Bacharelado do CESNORS da Universidade Federal de Santa Maria.<\/p>\r\n<p>Art. 2\u00ba Aprovar a reformula\u00e7\u00e3o curricular do Projeto Pedag\u00f3gico do Curso de Jornalismo - Bacharelado do CESNORS da Universidade Federal de Santa Maria.<\/p>\r\n<p>Art. 3\u00ba Fica igualmente criada a Coordena\u00e7\u00e3o do referido Curso, para efeitos de seu registro no Sistema de Informa\u00e7\u00f5es Organizacionais do Governo Federal.<\/p>\r\n<p>Art. 4\u00ba Caber\u00e1 \u00e0 PROPLAN proceder \u00e0s altera\u00e7\u00f5es no Sistema de Classifica\u00e7\u00e3o Institucional e \u00e0 PROGEP o remanejamento da fun\u00e7\u00e3o.<\/p>\r\n<p>Art. 5\u00ba Esta resolu\u00e7\u00e3o entrar\u00e1 em vigor na data de sua assinatura, revogadas as disposi\u00e7\u00f5es em contr\u00e1rio.<\/p>\r\n\r\n<p>GABINETE DO REITOR DA UNIVERSIDADE FEDERAL DE SANTA MARIA, aos trinta dias do m\u00eas de dezembro do ano dois mil e quinze.<\/p>\r\n<\/div>\r\n<p>Paulo Afonso Burmann,<\/p>\r\n<p>Reitor<\/p>\r\n\r\n<p><font color=\"red0000\">Este texto n\u00e3o substitui o documento original, publicado no Portal de Documentos.<\/font> Dispon\u00edvel em: <a href=\"https:\/\/portal.ufsm.br\/documentos\/publico\/documento.html?id=7331528\"><font color=\"blue\">https:\/\/portal.ufsm.br\/documentos\/publico\/documento.html?id=7331528<\/font><\/a>\r\n\r\n\t\t<\/div>\n\t\t\t\t<\/div>\n\t\t\t\t\t<\/div>\n\t\t<\/div>\n\t\t\t\t\t<\/div>\n\t\t<\/section>\n\t\t\t\t<\/div>\n\t\t","protected":false},"excerpt":{"rendered":"<p>RESOLU\u00c7\u00c3O N. 031\/2015 MINIST\u00c9RIO DA EDUCA\u00c7\u00c3O UNIVERSIDADE FEDERAL DE SANTA MARIA RESOLU\u00c7\u00c3O N. 031\/2015 Altera a denomina\u00e7\u00e3o do Curso de Comunica\u00e7\u00e3o Social &#8211; Hab. Jornalismo para curso de Jornalismo \u2014 Bacharelado do CESNORS da UFSM e aprova sua respectiva reformula\u00e7\u00e3o curricular do Projeto Pedag\u00f3gico do Curso (PPC). O REITOR DA UNIVERSIDADE FEDERAL DE SANTA MARIA, [&hellip;]<\/p>\n","protected":false},"author":205,"featured_media":0,"parent":0,"menu_order":0,"comment_status":"closed","ping_status":"closed","template":"","meta":{"footnotes":""},"categories":[],"tags":[],"class_list":["post-2715","page","type-page","status-publish","hentry"],"acf":[],"_links":{"self":[{"href":"https:\/\/www.ufsm.br\/pro-reitorias\/proplan\/wp-json\/wp\/v2\/pages\/2715","targetHints":{"allow":["GET"]}}],"collection":[{"href":"https:\/\/www.ufsm.br\/pro-reitorias\/proplan\/wp-json\/wp\/v2\/pages"}],"about":[{"href":"https:\/\/www.ufsm.br\/pro-reitorias\/proplan\/wp-json\/wp\/v2\/types\/page"}],"author":[{"embeddable":true,"href":"https:\/\/www.ufsm.br\/pro-reitorias\/proplan\/wp-json\/wp\/v2\/users\/205"}],"replies":[{"embeddable":true,"href":"https:\/\/www.ufsm.br\/pro-reitorias\/proplan\/wp-json\/wp\/v2\/comments?post=2715"}],"version-history":[{"count":0,"href":"https:\/\/www.ufsm.br\/pro-reitorias\/proplan\/wp-json\/wp\/v2\/pages\/2715\/revisions"}],"wp:attachment":[{"href":"https:\/\/www.ufsm.br\/pro-reitorias\/proplan\/wp-json\/wp\/v2\/media?parent=2715"}],"wp:term":[{"taxonomy":"category","embeddable":true,"href":"https:\/\/www.ufsm.br\/pro-reitorias\/proplan\/wp-json\/wp\/v2\/categories?post=2715"},{"taxonomy":"post_tag","embeddable":true,"href":"https:\/\/www.ufsm.br\/pro-reitorias\/proplan\/wp-json\/wp\/v2\/tags?post=2715"}],"curies":[{"name":"wp","href":"https:\/\/api.w.org\/{rel}","templated":true}]}}