{"id":2718,"date":"2019-11-14T09:59:54","date_gmt":"2019-11-14T12:59:54","guid":{"rendered":"https:\/\/www.ufsm.br\/pro-reitorias\/proplan\/?page_id=2718"},"modified":"2020-05-18T08:18:48","modified_gmt":"2020-05-18T11:18:48","slug":"resolucao-n-034-2015","status":"publish","type":"page","link":"https:\/\/www.ufsm.br\/pro-reitorias\/proplan\/resolucao-n-034-2015","title":{"rendered":"Resolu\u00e7\u00e3o N. 034\/2015"},"content":{"rendered":"\t\t<div data-elementor-type=\"wp-page\" data-elementor-id=\"2718\" class=\"elementor elementor-2718\">\n\t\t\t\t\t\t<section class=\"elementor-section elementor-top-section elementor-element elementor-element-426ebc2 elementor-section-boxed elementor-section-height-default elementor-section-height-default\" data-id=\"426ebc2\" data-element_type=\"section\">\n\t\t\t\t\t\t<div class=\"elementor-container elementor-column-gap-default\">\n\t\t\t\t\t<div class=\"elementor-column elementor-col-100 elementor-top-column elementor-element elementor-element-c8b18c9\" data-id=\"c8b18c9\" data-element_type=\"column\">\n\t\t\t<div class=\"elementor-widget-wrap elementor-element-populated\">\n\t\t\t\t\t\t<div class=\"elementor-element elementor-element-db91a0a elementor-widget elementor-widget-html\" data-id=\"db91a0a\" data-element_type=\"widget\" data-widget_type=\"html.default\">\n\t\t\t\t<div class=\"elementor-widget-container\">\n\t\t\t\r\n\r\n\r\n<title><b>RESOLU\u00c7\u00c3O N. 034\/2015<\/b><\/title>\r\n\r\n\r\n<div align=\"center\"><img decoding=\"async\" src=\"https:\/\/www.ufsm.br\/pro-reitorias\/proplan\/wp-content\/uploads\/sites\/344\/2019\/09\/brasao-da-republica-do-brasil-logo.png\" alt=\"Bras\u00e3o Rep\u00fablica Federativa do Brasil\" width=\"6%\" height=\"6%\"><\/div>    \r\n<h1><font color=\"blue\"><font size=\"5\"><div align=\"center\">MINIST\u00c9RIO DA EDUCA\u00c7\u00c3O<\/b><\/font><\/font><\/div><\/H1>\r\n<p><b><font color=\"0000blue\"><div align=\"center\">UNIVERSIDADE FEDERAL DE SANTA MARIA<\/b><\/font><\/div><\/p>\r\n\r\n<p><div align=\"center\"><b><a href=\"https:\/\/portal.ufsm.br\/documentos\/publico\/documento.html?id=7336801\"><font color=\"blue\">RESOLU\u00c7\u00c3O N. 034\/2015<\/font><\/a><\/b><\/div><\/p>\r\n<br>\r\n<p><div align=\"right\"><font color=\"800000\"><strike>Disp\u00f5e sobre as atividades do Magist\u00e9rio Federal da Universidade Federal de Santa Maria (UFSM) e revoga a Resolu\u00e7\u00e3o N. 011\/2015, de 3 de junho de 2015.<\/strike><\/font><\/div><\/p>\r\n<br><div align=\"justify\">\r\n<p><a href=\"https:\/\/www.ufsm.br\/pro-reitorias\/proplan\/resolucao-n-007-2018\/\"><font color=\"blue\">Revogado pela Resolu\u00e7\u00e3o N. 007\/2018<\/font><\/a><\/p>\r\n<br>\r\n<strike>\r\n<p>O REITOR DA UNIVERSIDADE FEDERAL DE SANTA MARIA, no uso de suas atribui\u00e7\u00f5es legais e estatut\u00e1rias e considerando:<\/p>\r\n<p>- a <a href=\"http:\/\/www.planalto.gov.br\/ccivil_03\/constituicao\/constituicao.htm\" target=\"_blank\"><font color=\"blue\"><u>Constitui\u00e7\u00e3o Federal de 1988<\/u><\/font><\/a>;\r\n<p>- a <a href=\"http:\/\/www.planalto.gov.br\/ccivil_03\/leis\/l8112cons.htm\" target=\"_blank\"><font color=\"blue\"><u>Lei n\u00ba 8.112, de 11.12.1990<\/u><\/font><\/a>, que disp\u00f5e sobre o Regime Jur\u00eddico dos Servidores P\u00fablicos Civis da Uni\u00e3o, das Autarquias e das Funda\u00e7\u00f5es P\u00fablicas Federais;\r\n<p>- a <a href=\"http:\/\/www.planalto.gov.br\/ccivil_03\/LEIS\/L8168.htm\" target=\"_blank\"><font color=\"blue\"><u>Lei n\u00ba 8.168, de 16.01.1991<\/u><\/font><\/a>; que disp\u00f5e sobre as Fun\u00e7\u00f5es de Confian\u00e7a a que se refere a <a href=\"http:\/\/www.planalto.gov.br\/ccivil_03\/leis\/L7596.htm\" target=\"_blank\"><font color=\"blue\"><u>Lei n\u00ba 7.596, de 10 de abril de 1987<\/u><\/font><\/a>, e d\u00e1 outras provid\u00eancias;\r\n<p>- o que estabelece a <a href=\"http:\/\/www.planalto.gov.br\/ccivil_03\/leis\/l8958compilado.htm\" target=\"_blank\"><font color=\"blue\"><u>Lei Federal n\u00ba 8.958\/94<\/u><\/font><\/a>;\r\n<p>- o Cap\u00edtulo IV e seus artigos, da <a href=\"http:\/\/www.planalto.gov.br\/ccivil_03\/leis\/l9394.htm\" target=\"_blank\"><font color=\"blue\"><u>Lei n\u00ba 9.394, de 20 de dezembro de 1996<\/u><\/font><\/a>, publicada no DOU, de 23 de dezembro de 1996;\r\n<p>- o que estabelece a <a href=\"http:\/\/www.planalto.gov.br\/ccivil_03\/leis\/l9394.htm\" target=\"_blank\"><font color=\"blue\"><u>Lei de Diretrizes e Bases da Educa\u00e7\u00e3o Nacional, Lei n\u00ba 9.394, de 20 de dezembro de 1996<\/u><\/font><\/a>, publicada no DOU, de 23 de dezembro de 1996;\r\n<p>- o que estabelece a <a href=\"http:\/\/www.planalto.gov.br\/ccivil_03\/_ato2004-2006\/2004\/lei\/l10.973.htm\" target=\"_blank\"><font color=\"blue\"><u>Lei Federal n\u00ba 10.973\/04<\/u><\/font><\/a>;\r\n<p>- o que estabelece a <a href=\"http:\/\/www.planalto.gov.br\/ccivil_03\/_ato2004-2006\/2004\/lei\/l10.973.htm\" target=\"_blank\"><font color=\"blue\"><u>Lei n\u00ba 10.973, de 2 de dezembro de 2004<\/u><\/font><\/a>;\r\n<p>- a <a href=\"http:\/\/www.planalto.gov.br\/ccivil_03\/_Ato2011-2014\/2012\/Lei\/L12677.htm\" target=\"_blank\"><font color=\"blue\"><u>Lei n\u00ba 12.677, de 25.06.2012<\/u><\/font><\/a>; que disp\u00f5e sobre a cria\u00e7\u00e3o de cargos efetivos, cargos de dire\u00e7\u00e3o e fun\u00e7\u00f5es gratificadas no \u00e2mbito do Minist\u00e9rio da Educa\u00e7\u00e3o, destinados \u00e0s Institui\u00e7\u00f5es Federais de Ensino;\r\n<p>- o que estabelece a <a href=\"http:\/\/www.planalto.gov.br\/ccivil_03\/_ato2011-2014\/2012\/lei\/l12772.htm\" target=\"_blank\"><font color=\"blue\"><u>Lei n\u00ba 12.772, de 28 de dezembro de 2012<\/u><\/font><\/a>; publicada no DOU, de 31 de dezembro de 2012, com as devidas altera\u00e7\u00f5es da <a href=\"http:\/\/www.planalto.gov.br\/ccivil_03\/_ato2011-2014\/2013\/Lei\/L12863.htm\" target=\"_blank\"><font color=\"blue\"><u>Lei n\u00ba 12.863, de 24 de setembro de 2013<\/u><\/font><\/a>; \r\n<p>- o <a href=\"http:\/\/www.planalto.gov.br\/ccivil_03\/_ato2004-2006\/2006\/decreto\/d5773.htm\" target=\"_blank\"><font color=\"blue\"><u>Decreto n\u00ba 5.773, de 09.05.2006<\/u><\/font><\/a>; que disp\u00f5e sobre o exerc\u00edcio das fun\u00e7\u00f5es de regula\u00e7\u00e3o, supervis\u00e3o e avalia\u00e7\u00e3o de Institui\u00e7\u00f5es de Educa\u00e7\u00e3o Superior e cursos superiores de gradua\u00e7\u00e3o e sequenciais no Sistema Federal de Ensino;\r\n<p>- as Resolu\u00e7\u00f5es da UFSM, <a href=\"https:\/\/www.ufsm.br\/pro-reitorias\/proplan\/resolucao-n-004-1995\/\" target=\"_blank\"><font color=\"blue\"><u>N. 004\/95<\/u><\/font><\/a>, <a href=\"https:\/\/www.ufsm.br\/pro-reitorias\/proplan\/resolucao-n-013-1997\/\" target=\"_blank\"><font color=\"blue\"><u>N. 013\/97<\/u><\/font><\/a> e <a href=\"https:\/\/www.ufsm.br\/pro-reitorias\/proplan\/resolucao-n-012-1999\/\" target=\"_blank\"><font color=\"blue\"><u>N. 012\/99<\/u><\/font><\/a>, respectivamente, de 19.07.1995, de 12.08.1997 e 20.08.1999; que tratam de crit\u00e9rios para concess\u00e3o, fixa\u00e7\u00e3o e altera\u00e7\u00e3o do Regime de Trabalho Docente; e de <a href=\"https:\/\/www.ufsm.br\/pro-reitorias\/proplan\/resolucao-n-025-2008\/\" target=\"_blank\"><font color=\"blue\"><u>N. 025\/08<\/u><\/font><\/a>, de 10.11.2008; que estabelece normas de regulamenta\u00e7\u00e3o, registro e avalia\u00e7\u00e3o das a\u00e7\u00f5es de extens\u00e3o no \u00e2mbito da UFSM; e\r\n<p>- o Parecer n. 209\/2015 da Comiss\u00e3o de Legisla\u00e7\u00e3o e Normas (CLN), aprovado na 875\u00aa Sess\u00e3o do Conselho de Ensino, Pesquisa e Extens\u00e3o, de 11 de dezembro de 2015, referente ao Processo n. <a href=\"https:\/\/portal.ufsm.br\/documentos\/publico\/processo\/documento.html?idDocumento=7181695\" target=\"_blank\"><font color=\"blue\"><u>23081.013312\/2015-11<\/u><\/font><\/a>.<\/p>\r\n<br>\r\n<p><b><div align=\"center\">RESOLVE:<\/b><\/div><\/p>\r\n<br>\r\n<p>Art. 1\u00ba S\u00e3o consideradas atividades acad\u00eamicas do profissional docente:<\/p>\r\n<p>I - as pertinentes ao ensino, pesquisa e extens\u00e3o que visem \u00e0 aprendizagem, \u00e0 produ\u00e7\u00e3o do conhecimento, \u00e0 amplia\u00e7\u00e3o e transmiss\u00e3o do saber e da cultura; e<\/p>\r\n<p>II - as inerentes ao exerc\u00edcio de dire\u00e7\u00e3o, assessoramento, chefia, coordena\u00e7\u00e3o e assist\u00eancia na pr\u00f3pria institui\u00e7\u00e3o, al\u00e9m de outras previstas na legisla\u00e7\u00e3o vigente.<\/p>\r\n\r\n<p>\u00a7 1\u00ba S\u00e3o encargos de Ensino:<\/p>\r\n<p>I - diretos:<\/p>\r\n<p>a) atividades de ensino relativas \u00e0 doc\u00eancia de disciplinas, de todos os n\u00edveis e modalidades da educa\u00e7\u00e3o nacional, constantes no cadastro de disciplinas da Universidade;<\/p>\r\n<p>b) a orienta\u00e7\u00e3o de trabalhos de conclus\u00e3o de curso (TCC), de est\u00e1gios supervisionados obrigat\u00f3rios e de monografias; orienta\u00e7\u00e3o e co-orienta\u00e7\u00e3o de disserta\u00e7\u00f5es e de teses e supervis\u00e3o de p\u00f3s-doutorado;<\/p>\r\n<p>c) atividades de ensino em cursos sequenciais por campo de saber, de diferentes n\u00edveis de abrang\u00eancia, abertos a candidatos que atendam aos requisitos estabelecidos pelas institui\u00e7\u00f5es de ensino, desde que tenham conclu\u00eddo o ensino m\u00e9dio ou equivalente;<\/p>\r\n<p>d) atividades de ensino em cursos de extens\u00e3o, abertos a candidatos que atendam aos requisitos estabelecidos em cada caso pelas institui\u00e7\u00f5es de ensino.<\/p>\r\n<p>II - indiretos, n\u00e3o devem ultrapassar vinte horas\/semana:<\/p>\r\n<p>a) o planejamento de aulas incluindo execu\u00e7\u00e3o e avalia\u00e7\u00e3o das atividades discentes;<\/p>\r\n<p>b) a participa\u00e7\u00e3o em reuni\u00f5es de \u00e2mbito institucional;<\/p>\r\n<p>c) tutoria de grupo PET;<\/p>\r\n<p>d) a participa\u00e7\u00e3o em bancas examinadoras; e<\/p>\r\n<p>e) participa\u00e7\u00e3o em projetos de ensino devidamente registrados no Sistema de Informa\u00e7\u00f5es para o Ensino (SIE).<\/p>\r\n\r\n<p>\u00a7 2\u00ba S\u00e3o encargos de pesquisa aqueles devidamente registrados no Sistema de Informa\u00e7\u00f5es para o Ensino (SIE), da Universidade:<\/p>\r\n<p>I - as atividades e projetos inerentes ao desenvolvimento de pesquisas; e<\/p>\r\n<p>II - a orienta\u00e7\u00e3o de bolsistas e estudantes vinculados a programas institucionais.<\/p>\r\n<p>\u00a7 3\u00ba S\u00e3o encargos de extens\u00e3o, aqueles devidamente registrados no Sistema de Informa\u00e7\u00f5es para o Ensino (SIE), da Universidade:<\/p>\r\n<p>I - as atividades e projetos que promovam e incentivem a intera\u00e7\u00e3o entre a Universidade e a Comunidade, de maneira a realimentar o sistema de ensino (qualificando os docentes e os discentes), a acelerar os processos de desenvolvimento rec\u00edproco; e<\/p>\r\n<p>II - orienta\u00e7\u00e3o de bolsistas e estudantes vinculados a programas institucionais.<\/p>\r\n<p>\u00a7 4\u00ba S\u00e3o encargos administrativos:<\/p>\r\n<p>I - as atividades em cargo de dire\u00e7\u00e3o;<\/p>\r\n<p>II - a coordena\u00e7\u00e3o de Cursos Presenciais;<\/p>\r\n<p>III - a Chefia de Departamento;<\/p>\r\n<p>IV - as atividades em cargo ou fun\u00e7\u00e3o de dire\u00e7\u00e3o de \u00d3rg\u00e3os Suplementares;<\/p>\r\n<p>V - as atividades de assessoramento ou executivas exercidas em \u00f3rg\u00e3os da Universidade ou da Administra\u00e7\u00e3o P\u00fablica;<\/p>\r\n<p>VI - a participa\u00e7\u00e3o em Conselhos, Comiss\u00f5es e Colegiados; e<\/p>\r\n<p>VII - a participa\u00e7\u00e3o em mandatos eletivos de representa\u00e7\u00e3o de categoria e em Sociedades t\u00e9cnico-cient\u00edficas.<\/p>\r\n<p>\u00a7 5\u00ba S\u00e3o encargos adicionais:<\/p>\r\n<p>I - as atividades cient\u00edficas, t\u00e9cnico-esportivas e art\u00edsticas de relev\u00e2ncia para a Universidade;<\/p>\r\n<p>II - a coordena\u00e7\u00e3o e execu\u00e7\u00e3o de conv\u00eanios; e<\/p>\r\n<p>III - outras atividades necess\u00e1rias aos \u00f3rg\u00e3os de que fa\u00e7a parte o docente.<\/p>\r\n\r\n<p>Art. 2\u00ba Caber\u00e1 ao Departamento Did\u00e1tico\/Ensino, considerando as necessidades de todos os Cursos da UFSM, deliberar sobre planejamento de atividades docente fornecido pelo Sistema de Informa\u00e7\u00f5es de Ensino.<\/p>\r\n<p>Art. 3\u00ba O corpo docente da UFSM \u00e9 constitu\u00eddo pelos cargos efetivos integrantes do Plano de Carreiras e Cargos de Magist\u00e9rio Federal e pelos Professores Visitantes, Professores Visitantes Estrangeiros e Professores Substitutos.<\/p>\r\n<p>Art. 4\u00ba O professor da UFSM, ocupante de cargo efetivo do Plano de Carreiras e Cargos de Magist\u00e9rio Federal, ser\u00e1 submetido a um dos seguintes regimes de trabalho:<\/p>\r\n<p>I - quarenta horas semanais de trabalho, em tempo integral, com dedica\u00e7\u00e3o exclusiva \u00e0s atividades de ensino, pesquisa, extens\u00e3o e gest\u00e3o institucional;<\/p>\r\n<p>II - tempo parcial de vinte horas semanais de trabalho; ou<\/p>\r\n<p>III - quarenta horas semanais sem dedica\u00e7\u00e3o exclusiva.<\/p>\r\n<p>\u00a7 1\u00ba Excepcionalmente, a UFSM poder\u00e1, mediante aprova\u00e7\u00e3o do Conselho de Ensino, Pesquisa e Extens\u00e3o, admitir a ado\u00e7\u00e3o do regime de quarenta horas semanais de trabalho, em tempo integral, observando dois turnos di\u00e1rios completos, sem dedica\u00e7\u00e3o exclusiva, desde que devidamente justificada em termos de benef\u00edcio para a carreira docente e que n\u00e3o implique em preju\u00edzo para a institui\u00e7\u00e3o.<\/p>\r\n<p>\u00a7 2\u00ba O regime de quarenta horas com dedica\u00e7\u00e3o exclusiva implica o impedimento do exerc\u00edcio de outra atividade remunerada, p\u00fablica ou privada, com as exce\u00e7\u00f5es previstas na legisla\u00e7\u00e3o vigente.<\/p>\r\n<p>\u00a7 3\u00ba Os docentes em regime de vinte horas poder\u00e3o ser temporariamente vinculados ao regime de quarenta horas sem dedica\u00e7\u00e3o exclusiva ap\u00f3s a verifica\u00e7\u00e3o de inexist\u00eancia de ac\u00famulo de cargos e da exist\u00eancia de recursos or\u00e7ament\u00e1rios e financeiros para as despesas decorrentes da altera\u00e7\u00e3o do regime, considerando-se o car\u00e1ter especial da atribui\u00e7\u00e3o do regime de quarenta horas sem dedica\u00e7\u00e3o exclusiva, conforme disposto no \u00a7 1\u00ba, nas seguintes hip\u00f3teses:<\/p>\r\n<p>I - ocupa\u00e7\u00e3o de cargo de dire\u00e7\u00e3o, fun\u00e7\u00e3o gratificada ou fun\u00e7\u00e3o de coordena\u00e7\u00e3o de cursos; ou<\/p>\r\n<p>II - participa\u00e7\u00e3o em outras a\u00e7\u00f5es de interesse institucional definidas pelo conselho superior da IFE.<\/p>\r\n<p>\u00a7 4\u00ba O professor que esteja h\u00e1, no m\u00ednimo, cinco anos de adquirir o direito \u00e0 aposentadoria, em qualquer das modalidades previstas na legisla\u00e7\u00e3o em vigor, n\u00e3o poder\u00e1 alterar seu regime de trabalho para o regime de dedica\u00e7\u00e3o exclusiva;<\/p>\r\n<p>\u00a7 5\u00ba O professor poder\u00e1 solicitar a altera\u00e7\u00e3o de seu regime de trabalho, mediante proposta que ser\u00e1 submetida \u00e0 sua unidade de lota\u00e7\u00e3o, desde que n\u00e3o esteja em est\u00e1gio probat\u00f3rio.<\/p>\r\n\r\n<p>Art. 5\u00ba Na UFSM o professor ficar\u00e1 obrigado a uma carga m\u00ednima de oito horas\/aula semanais, inclu\u00eddos os encargos da al\u00ednea \u201ca\u201d do inciso I, do \u00a7 1\u00ba do art. 1\u00ba , bem como, de est\u00e1gios supervisionados obrigat\u00f3rios para os cursos que tem especificidades de legisla\u00e7\u00e3o e\/ou previstas nos projetos pedag\u00f3gicos de curso, que exijam orienta\u00e7\u00e3o e acompanhamento direto de docentes da UFSM, desde que, devidamente cadastrados no Sistema de Informa\u00e7\u00f5es para o Ensino \u2013 SIE da UFSM e autorizados pela PROGRAD.<\/p>\r\n<p>I - Os docentes a que se refere o art. 3\u00ba desta resolu\u00e7\u00e3o ficar\u00e3o obrigados a um m\u00ednimo de oito horas semanais de aula.<\/p>\r\n<p>\u00a7 1\u00ba O tempo a ser deduzido do regime de trabalho do docente para o exerc\u00edcio de encargos administrativos ser\u00e1:<\/p>\r\n<p>a) de at\u00e9 quarenta horas semanais para o cargo de Reitor, Vice-Reitor, Coordenador do Ensino B\u00e1sico, T\u00e9cnico e Tecnol\u00f3gico, Diretor de Centro, Diretor de Unidade do Ensino B\u00e1sico, T\u00e9cnico e Tecnol\u00f3gico, Pr\u00f3-Reitor e Diretor das Unidades Universit\u00e1rias; e<\/p>\r\n<p>b) de at\u00e9 vinte horas semanais para o cargo de Vice-Diretor de Centro, Vice-Diretor de Unidades do Ensino B\u00e1sico, T\u00e9cnico e Tecnol\u00f3gico, Coordenador de Curso T\u00e9cnico, de Gradua\u00e7\u00e3o, de Especializa\u00e7\u00e3o, Mestrado ou Doutorado, Chefe de Departamento e Diretor de \u00d3rg\u00e3os Suplementares de Centro e Unidade e Coordenadores Administrativos da Administra\u00e7\u00e3o Central.<\/p>\r\n<p>\u00a7 2\u00ba Os ocupantes de cargo de dire\u00e7\u00e3o e de fun\u00e7\u00f5es gratificadas cumprir\u00e3o, obrigatoriamente, o regime de tempo integral.<\/p>\r\n<p>II - A carga hor\u00e1ria prevista no inciso I se refere a quaisquer dos regimes de trabalho previstos no art. 4\u00ba.<\/p>\r\n\r\n<p>Art. 6\u00ba No regime de dedica\u00e7\u00e3o exclusiva, ser\u00e1 admitida a percep\u00e7\u00e3o de:<\/p>\r\n<p>I - remunera\u00e7\u00e3o de cargos de dire\u00e7\u00e3o ou fun\u00e7\u00f5es de confian\u00e7a;<\/p>\r\n<p>II - retribui\u00e7\u00e3o por participa\u00e7\u00e3o em comiss\u00f5es julgadoras ou verificadoras relacionadas ao ensino, pesquisa ou extens\u00e3o, quando for o caso;<\/p>\r\n<p>III - bolsas de ensino, pesquisa, extens\u00e3o ou de est\u00edmulo \u00e0 inova\u00e7\u00e3o pagas por ag\u00eancias oficiais de fomento ou organismos internacionais, amparados por ato, tratado ou conven\u00e7\u00e3o internacional;<\/p>\r\n<p>IV - bolsa pelo desempenho de atividades de forma\u00e7\u00e3o de professores da educa\u00e7\u00e3o b\u00e1sica, no \u00e2mbito da Universidade Aberta do Brasil ou de outros programas oficiais de forma\u00e7\u00e3o de professores;<\/p>\r\n<p>V - bolsa para qualifica\u00e7\u00e3o docente, paga por ag\u00eancias oficiais de fomento ou organismos nacionais e internacionais cong\u00eaneres;<\/p>\r\n<p>VI - direitos autorais ou direitos de propriedade intelectual, nos termos da legisla\u00e7\u00e3o pr\u00f3pria, e ganhos econ\u00f4micos resultantes de projetos de inova\u00e7\u00e3o tecnol\u00f3gica, nos termos do art. 13 da <a href=\"http:\/\/www.planalto.gov.br\/ccivil_03\/_ato2004-2006\/2004\/lei\/l10.973.htm\" target=\"_blank\"><font color=\"blue\"><u>Lei n\u00ba 10.973, de 2 de dezembro de 2004<\/u><\/font><\/a>;<\/p>\r\n<p>VII - outras hip\u00f3teses de bolsas de ensino, pesquisa e extens\u00e3o, pagas pela UFSM, nos termos de regulamenta\u00e7\u00e3o de seus \u00f3rg\u00e3os colegiados superiores;<\/p>\r\n<p>VIII - retribui\u00e7\u00e3o pecuni\u00e1ria, na forma de pr\u00f3-labore ou cach\u00ea, pago diretamente ao docente por ente distinto da UFSM, pela participa\u00e7\u00e3o espor\u00e1dica em palestras, confer\u00eancias, atividades art\u00edsticas e culturais relacionadas \u00e0 \u00e1rea de atua\u00e7\u00e3o do docente, que, no total, n\u00e3o exceda a trinta horas anuais, de acordo com a <a href=\"http:\/\/www.planalto.gov.br\/ccivil_03\/_ato2011-2014\/2012\/lei\/l12772.htm\" target=\"_blank\"><font color=\"blue\"><u>Lei n\u00ba 12.772\/12<\/u><\/font><\/a>;<\/p>\r\n<p>IX - Gratifica\u00e7\u00e3o por Encargo de Curso ou Concurso, de que trata o art. 76-A da <a href=\"http:\/\/www.planalto.gov.br\/ccivil_03\/leis\/l8112cons.htm\" target=\"_blank\"><font color=\"blue\"><u>Lei n\u00ba 8.112, de 1990<\/u><\/font><\/a>;<\/p>\r\n<p>X - Fun\u00e7\u00e3o Comissionada de Coordena\u00e7\u00e3o de Curso (FCC), de que trata o art. 7\u00ba da <a href=\"http:\/\/www.planalto.gov.br\/ccivil_03\/_Ato2011-2014\/2012\/Lei\/L12677.htm\" target=\"_blank\"><font color=\"blue\"><u>Lei n\u00ba 12.677, de 25 de junho de 2012<\/u><\/font><\/a>;<\/p>\r\n<p>XI - retribui\u00e7\u00e3o pecuni\u00e1ria, em car\u00e1ter eventual, por trabalho prestado no \u00e2mbito de projetos institucionais de pesquisa e extens\u00e3o, na forma da <a href=\"http:\/\/www.planalto.gov.br\/ccivil_03\/leis\/l8958compilado.htm\" target=\"_blank\"><font color=\"blue\"><u>Lei n\u00ba 8.958, de 20 de dezembro de 1994<\/u><\/font><\/a>, que, no total, n\u00e3o exceda a cento e vinte horas anuais; e<\/p>\r\n<p>XII - retribui\u00e7\u00e3o pecuni\u00e1ria por colabora\u00e7\u00e3o espor\u00e1dica de natureza cient\u00edfica, art\u00edstica ou tecnol\u00f3gica em assuntos de especialidade do docente, inclusive em polos de inova\u00e7\u00e3o tecnol\u00f3gica, que, no total, n\u00e3o exceda a cento e vinte horas anuais.<\/p>\r\n<p>\u00a7 1\u00ba A participa\u00e7\u00e3o nas atividades descritas nos incisos III, VIII e XII do caput, dever\u00e3o ser autorizadas pela UFSM, de acordo com o interesse institucional e as diretrizes aprovadas pelo Conselho Superior.<\/p>\r\n<p>\u00a7 2\u00ba Os limites de valor e condi\u00e7\u00f5es de pagamento das bolsas e remunera\u00e7\u00f5es referidas neste artigo, na aus\u00eancia de disposi\u00e7\u00e3o espec\u00edfica na legisla\u00e7\u00e3o pr\u00f3pria, ser\u00e3o fixados em normas da UFSM.<\/p>\r\n<p>\u00a7 3\u00ba O pagamento da retribui\u00e7\u00e3o pecuni\u00e1ria de que trata o inciso XI do caput ser\u00e1 divulgado na forma do art. 4\u00ba da <a href=\"http:\/\/www.planalto.gov.br\/ccivil_03\/leis\/l8958compilado.htm\" target=\"_blank\"><font color=\"blue\"><u>Lei n\u00ba 8.958, de 20 de dezembro de 1994<\/u><\/font><\/a>.<\/p>\r\n<p>\u00a7 4\u00ba As atividades de que tratam os incisos do art. 6o, quando externas \u00e0 UFSM, n\u00e3o poder\u00e3o afetar os compromissos acad\u00eamicos de ensino, de pesquisa e de extens\u00e3o.<\/p>\r\n<p>\u00a7 5\u00ba Compreendem-se dentro do conceito de bolsas de ensino, pesquisa e extens\u00e3o mencionadas no inciso VII, as bolsas de pesquisa, ensino, extens\u00e3o e desenvolvimento institucional concedidas por funda\u00e7\u00e3o de apoio a servidores da Universidade em projetos desenvolvidos por esta e apoiados por aquela, nos termos do art. 4\u00ba, \u00a7 1\u00ba da <a href=\"http:\/\/www.planalto.gov.br\/ccivil_03\/leis\/l8958compilado.htm\" target=\"_blank\"><font color=\"blue\"><u>Lei n\u00ba 8.958\/94<\/u><\/font><\/a>.<\/p>\r\n<p>\u00a7 6\u00ba Excepcionalmente, mediante justificativa previamente aprovada pelo Conselho de Ensino, Pesquisa e Extens\u00e3o, a UFSM poder\u00e1 autorizar o acr\u00e9scimo de at\u00e9 cento e vinte horas exclusivamente para atividades de pesquisa, desenvolvimento e inova\u00e7\u00e3o, prevalecendo o estrito interesse institucional.<\/p>\r\n\r\n<p>Art. 7\u00ba O c\u00f4mputo de todas as atividades do magist\u00e9rio federal n\u00e3o poder\u00e1 ultrapassar ao que consta no regime de trabalho.<\/p>\r\n<p>\u00a7 1\u00ba O registro das atividades a que se refere o caput ser\u00e1 realizado por meio do Sistema de Informa\u00e7\u00f5es de Ensino \u2013 SIE.<\/p>\r\n<p>\u00a7 2\u00ba O sistema dever\u00e1 permitir o registro discriminado da carga hor\u00e1ria dedicada \u00e0s atividades a que se referem os \u00a7\u00a7 1\u00ba ao 5\u00ba do art. 1\u00ba desta resolu\u00e7\u00e3o.<\/p>\r\n<p>\u00a7 3\u00ba O somat\u00f3rio da carga hor\u00e1ria a que se refere o par\u00e1grafo anterior dever\u00e1 ser equivalente ao previsto no regime de trabalho do professor.<\/p>\r\n\r\n<p>Art. 8\u00ba Esta Resolu\u00e7\u00e3o entrar\u00e1 em vigor na data de sua publica\u00e7\u00e3o, ficando revogada a <a href=\"https:\/\/www.ufsm.br\/pro-reitorias\/proplan\/resolucao-n-011-2015\/\" target=\"_blank\"><font color=\"blue\"><u>Resolu\u00e7\u00e3o N. 011\/2015<\/u><\/font><\/a>.<\/p>\r\n\r\n<p>GABINETE DO REITOR DA UNIVERSIDADE FEDERAL DE SANTA MARIA, aos trinta dias do m\u00eas de dezembro do ano dois mil e quinze.<\/p>\r\n<\/div>\r\n<p>Paulo Afonso Burmann,<\/p>\r\n<p>Reitor<\/p>\r\n\r\n<p><font color=\"red0000\">Este texto n\u00e3o substitui o documento original, publicado no Portal de Documentos.<\/font> Dispon\u00edvel em: <a href=\"https:\/\/portal.ufsm.br\/documentos\/publico\/documento.html?id=7336801\"><font color=\"blue\">https:\/\/portal.ufsm.br\/documentos\/publico\/documento.html?id=7336801<\/font><\/a>\r\n<\/strike>\r\n\r\n\t\t<\/div>\n\t\t\t\t<\/div>\n\t\t\t\t\t<\/div>\n\t\t<\/div>\n\t\t\t\t\t<\/div>\n\t\t<\/section>\n\t\t\t\t<\/div>\n\t\t","protected":false},"excerpt":{"rendered":"<p>RESOLU\u00c7\u00c3O N. 034\/2015 MINIST\u00c9RIO DA EDUCA\u00c7\u00c3O UNIVERSIDADE FEDERAL DE SANTA MARIA RESOLU\u00c7\u00c3O N. 034\/2015 Disp\u00f5e sobre as atividades do Magist\u00e9rio Federal da Universidade Federal de Santa Maria (UFSM) e revoga a Resolu\u00e7\u00e3o N. 011\/2015, de 3 de junho de 2015. Revogado pela Resolu\u00e7\u00e3o N. 007\/2018 O REITOR DA UNIVERSIDADE FEDERAL DE SANTA MARIA, no uso [&hellip;]<\/p>\n","protected":false},"author":205,"featured_media":0,"parent":0,"menu_order":0,"comment_status":"closed","ping_status":"closed","template":"","meta":{"footnotes":""},"categories":[],"tags":[],"class_list":["post-2718","page","type-page","status-publish","hentry"],"acf":[],"_links":{"self":[{"href":"https:\/\/www.ufsm.br\/pro-reitorias\/proplan\/wp-json\/wp\/v2\/pages\/2718","targetHints":{"allow":["GET"]}}],"collection":[{"href":"https:\/\/www.ufsm.br\/pro-reitorias\/proplan\/wp-json\/wp\/v2\/pages"}],"about":[{"href":"https:\/\/www.ufsm.br\/pro-reitorias\/proplan\/wp-json\/wp\/v2\/types\/page"}],"author":[{"embeddable":true,"href":"https:\/\/www.ufsm.br\/pro-reitorias\/proplan\/wp-json\/wp\/v2\/users\/205"}],"replies":[{"embeddable":true,"href":"https:\/\/www.ufsm.br\/pro-reitorias\/proplan\/wp-json\/wp\/v2\/comments?post=2718"}],"version-history":[{"count":0,"href":"https:\/\/www.ufsm.br\/pro-reitorias\/proplan\/wp-json\/wp\/v2\/pages\/2718\/revisions"}],"wp:attachment":[{"href":"https:\/\/www.ufsm.br\/pro-reitorias\/proplan\/wp-json\/wp\/v2\/media?parent=2718"}],"wp:term":[{"taxonomy":"category","embeddable":true,"href":"https:\/\/www.ufsm.br\/pro-reitorias\/proplan\/wp-json\/wp\/v2\/categories?post=2718"},{"taxonomy":"post_tag","embeddable":true,"href":"https:\/\/www.ufsm.br\/pro-reitorias\/proplan\/wp-json\/wp\/v2\/tags?post=2718"}],"curies":[{"name":"wp","href":"https:\/\/api.w.org\/{rel}","templated":true}]}}