{"id":2720,"date":"2019-11-14T10:02:30","date_gmt":"2019-11-14T13:02:30","guid":{"rendered":"https:\/\/www.ufsm.br\/pro-reitorias\/proplan\/?page_id=2720"},"modified":"2021-07-01T14:17:36","modified_gmt":"2021-07-01T17:17:36","slug":"resolucao-n-036-2015","status":"publish","type":"page","link":"https:\/\/www.ufsm.br\/pro-reitorias\/proplan\/resolucao-n-036-2015","title":{"rendered":"Resolu\u00e7\u00e3o N. 036\/2015"},"content":{"rendered":"\t\t<div data-elementor-type=\"wp-page\" data-elementor-id=\"2720\" class=\"elementor elementor-2720\">\n\t\t\t\t\t\t<section class=\"elementor-section elementor-top-section elementor-element elementor-element-2856db0 elementor-section-boxed elementor-section-height-default elementor-section-height-default\" data-id=\"2856db0\" data-element_type=\"section\">\n\t\t\t\t\t\t<div class=\"elementor-container elementor-column-gap-default\">\n\t\t\t\t\t<div class=\"elementor-column elementor-col-100 elementor-top-column elementor-element elementor-element-0be9a3d\" data-id=\"0be9a3d\" data-element_type=\"column\">\n\t\t\t<div class=\"elementor-widget-wrap elementor-element-populated\">\n\t\t\t\t\t\t<div class=\"elementor-element elementor-element-8fd71b5 elementor-widget elementor-widget-html\" data-id=\"8fd71b5\" data-element_type=\"widget\" data-widget_type=\"html.default\">\n\t\t\t\t<div class=\"elementor-widget-container\">\n\t\t\t\n\n\n<title><b>RESOLU\u00c7\u00c3O N. 036\/2015<\/b><\/title>\n\n\n<div align=\"center\"><img decoding=\"async\" src=\"https:\/\/www.ufsm.br\/pro-reitorias\/proplan\/wp-content\/uploads\/sites\/344\/2019\/09\/brasao-da-republica-do-brasil-logo.png\" alt=\"Bras\u00e3o Rep\u00fablica Federativa do Brasil\" width=\"6%\" height=\"6%\"><\/div>    \n<h1><font color=\"blue\"><font size=\"5\"><div align=\"center\">MINIST\u00c9RIO DA EDUCA\u00c7\u00c3O<\/b><\/font><\/font><\/div><\/H1>\n<p><b><font color=\"0000blue\"><div align=\"center\">UNIVERSIDADE FEDERAL DE SANTA MARIA<\/b><\/font><\/div><\/p>\n\n<p><div align=\"center\"><b><a href=\"https:\/\/portal.ufsm.br\/documentos\/publico\/documento.html?id=8136466\"><font color=\"blue\">RESOLU\u00c7\u00c3O N. 036\/2015<\/font><\/a><\/b><\/div><\/p>\n<br>\n<p><div align=\"right\"><font color=\"800000\"><strike>Institui, em car\u00e1ter provis\u00f3rio, o Programa de Incentivo \u00e0 Inicia\u00e7\u00e3o Cient\u00edfica do Hospital Universit\u00e1rio de Santa Maria - PROIC-HUSM.<\/strike><\/font><\/div><\/p>\n<br><div align=\"justify\">\n<p><a href=\"https:\/\/www.ufsm.br\/pro-reitorias\/proplan\/resolucao-ufsm-n-055-2021\/\"><font color=\"blue\">Revogado pela Resolu\u00e7\u00e3o N. 055\/2021<\/font><\/a><\/p><\/p>\n<br>\n<strike>\n<p>O REITOR DA UNIVERSIDADE FEDERAL DE SANTA MARIA, no uso de suas atribui\u00e7\u00f5es legais e estatut\u00e1rias e considerando:<\/p>\n<p>- que a UFSM tem gerado produ\u00e7\u00e3o cient\u00edfica e desenvolvimento tecnol\u00f3gico que podem acarretar o surgimento de novos produtos, processos, ou aperfei\u00e7oamento incremental obtido por pesquisador p\u00fablico;<\/p>\n<p>- que o processo de gera\u00e7\u00e3o de produ\u00e7\u00e3o cient\u00edfica e desenvolvimento tecnol\u00f3gico \u00e9 conhecimento a ser constru\u00eddo e transmitido em todos os n\u00edveis de ensino;<\/p>\n<p>- a necessidade regional e nacional de promover o desenvolvimento cient\u00edfico e tecnol\u00f3gico na \u00e1rea da sa\u00fade;<\/p>\n<p>- o Parecer n. 050\/2015 da Comiss\u00e3o de Legisla\u00e7\u00e3o e Normas (CLN), aprovado na 862 Sess\u00e3o do Conselho de Ensino, Pesquisa e Extens\u00e3o, de 17 de abril de 2015, referente ao Processo n. <a href=\"https:\/\/portal.ufsm.br\/documentos\/publico\/processo\/documento.html?idDocumento=6115407\" target=\"_blank\"><font color=\"blue\"><u>23081.017784\/2013-81<\/u><\/font><\/a>.<\/p>\n<br>\n<p><b><div align=\"center\">RESOLVE:<\/b><\/div><\/p>\n<br>\n<p>Art. 1\u00ba Instituir em car\u00e1ter provis\u00f3rio por um per\u00edodo de um ano, prorrog\u00e1vel por mais um ano, o Programa de Incentivo \u00e0 Inicia\u00e7\u00e3o Cient\u00edfica do Hospital Universit\u00e1rio de Santa Maria - PROIC-HUSM, voltado aos Grupos de Pesquisa com atua\u00e7\u00e3o neste Hospital.<\/p>\n<p>\u00a7 1\u00ba O PROIC-HUSM ter\u00e1 abrang\u00eancia multidisciplinar, sendo que a execu\u00e7\u00e3o dos projetos se dar\u00e1 no pr\u00f3prio HUSM.<\/p>\n<p>\u00a7 2\u00ba Os recursos destinados ao PROIC-HUSM ter\u00e3o destaque na matriz or\u00e7ament\u00e1ria da UFSM, em Outras Despesas Correntes \u2013 ODC, na propor\u00e7\u00e3o de vinte por cento do valor total a ser destinado ao programa, sendo que os oitenta por cento restantes ser\u00e3o financiados com recursos de custeio do HUSM.<\/p>\n<p>\u00a7 3\u00ba Compete ao HUSM, al\u00e9m da destina\u00e7\u00e3o dos recursos, a supervis\u00e3o das atividades desenvolvidas pelos grupos de pesquisa no \u00e2mbito do Hospital.<\/p>\n<p>\u00a7 4\u00ba A participa\u00e7\u00e3o do servidor solicitante neste programa est\u00e1 condicionada ao aceite formal de sua unidade de lota\u00e7\u00e3o, o qual dever\u00e1 fazer parte da documenta\u00e7\u00e3o de solicita\u00e7\u00e3o, conforme edital.<\/p>\n\n<p>Art. 2\u00ba Caber\u00e1 ao Pr\u00f3-Reitor de P\u00f3s-Gradua\u00e7\u00e3o e Pesquisa, com o apoio administrativo da Pr\u00f3-Reitoria de P\u00f3s-Gradua\u00e7\u00e3o e Pesquisa, exercer a fun\u00e7\u00e3o de Gestor do referido Programa, sendo o Coordenador de Inicia\u00e7\u00e3o Cient\u00edfica, seu substituto imediato nesta fun\u00e7\u00e3o.<\/p>\n<p>Par\u00e1grafo \u00fanico. Sob a supervis\u00e3o do Gestor do Programa, o Gabinete de Projetos do HUSM ser\u00e1 o respons\u00e1vel pela execu\u00e7\u00e3o financeira dos projetos contemplados.<\/p>\n\n<p>Art. 3\u00ba O Programa contar\u00e1 com um Conselho, presidido pelo Pr\u00f3-Reitor de P\u00f3s-Gradua\u00e7\u00e3o e Pesquisa constitu\u00eddo, al\u00e9m deste, pelo Coordenador de Inicia\u00e7\u00e3o Cient\u00edfica, que ser\u00e1 seu substituto natural, pelo Gerente de Ensino e Pesquisa do HUSM e de outros tr\u00eas membros, sendo um necessariamente representante da Grande \u00c1rea do Conhecimento \u2013 Ci\u00eancias da Vida, conforme a classifica\u00e7\u00e3o do Conselho Nacional de Desenvolvimento Cient\u00edfico e Tecnol\u00f3gico \u2013 CNPq, podendo ser ampliado em decorr\u00eancia de necessidade posterior  do programa, passando por aprova\u00e7\u00e3o do Conselho Universit\u00e1rio.<\/p>\n<p>\u00a7 1\u00ba O membro representante da grande \u00e1rea do conhecimento - Ci\u00eancias da Vida ser\u00e1 indicado pela Superintend\u00eancia do Hospital Universit\u00e1rio de Santa Maria e pela Pr\u00f3-Reitoria de P\u00f3s-Gradua\u00e7\u00e3o e Pesquisa, tendo obrigatoriamente titula\u00e7\u00e3o de doutorado e, preferencialmente, dever\u00e3o ser detentores de bolsa do CNPq de Desenvolvimento Tecnol\u00f3gico e Extens\u00e3o Inovadora \u2013 DT ou Bolsa de Produtividade em Pesquisa \u2013 PQ.<\/p>\n<p>\u00a7 2\u00ba Os demais representantes ser\u00e3o a Chefia do Setor de Pesquisa e Inova\u00e7\u00e3o Tecnol\u00f3gica do HUSM e a Chefia do Setor de Ensino do HUSM ou seus representantes.<\/p>\n\n<p>Art. 4\u00ba Ao Conselho do PROIC-HUSM compete:<\/p>\n<p>I - propor pol\u00edticas e a\u00e7\u00f5es que impulsionem o Desenvolvimento Cient\u00edfico, Tecnol\u00f3gico e de Inova\u00e7\u00e3o no \u00e2mbito do HUSM;<\/p>\n<p>II - encaminhar todos os procedimentos administrativos necess\u00e1rios para a manuten\u00e7\u00e3o do PROIC-HUSM, incluindo a elabora\u00e7\u00e3o dos editais internos, dos requisitos e crit\u00e9rios para a concess\u00e3o de cotas de bolsa, bem como a avalia\u00e7\u00e3o do desempenho dos bolsistas e dos grupos de pesquisa contemplados no PROIC-HUSM;<\/p>\n<p>III - divulgar anualmente, no \u00e2mbito da UFSM, relat\u00f3rio de avalia\u00e7\u00e3o do Programa.<\/p>\n\n<p>Art. 5\u00ba Esta resolu\u00e7\u00e3o entra em vigor na data de sua publica\u00e7\u00e3o, revogadas as disposi\u00e7\u00f5es em contr\u00e1rio.<\/p>\n\n<p>GABINETE DO REITOR DA UNIVERSIDADE FEDERAL DE SANTA MARIA, aos dezessete dias do m\u00eas de abril do ano dois mil e quinze.<\/p>\n<\/div>\n<p>Paulo Afonso Burmann,<\/p>\n<p>Reitor<\/p>\n\n<p><font color=\"red0000\">Este texto n\u00e3o substitui o documento original, publicado no Portal de Documentos.<\/font> Dispon\u00edvel em: <a href=\"https:\/\/portal.ufsm.br\/documentos\/publico\/documento.html?id=8136466\"><font color=\"blue\">https:\/\/portal.ufsm.br\/documentos\/publico\/documento.html?id=8136466<\/font><\/a>\n<\/strike>\n\n\t\t<\/div>\n\t\t\t\t<\/div>\n\t\t\t\t\t<\/div>\n\t\t<\/div>\n\t\t\t\t\t<\/div>\n\t\t<\/section>\n\t\t\t\t<\/div>\n\t\t","protected":false},"excerpt":{"rendered":"<p>RESOLU\u00c7\u00c3O N. 036\/2015 MINIST\u00c9RIO DA EDUCA\u00c7\u00c3O UNIVERSIDADE FEDERAL DE SANTA MARIA RESOLU\u00c7\u00c3O N. 036\/2015 Institui, em car\u00e1ter provis\u00f3rio, o Programa de Incentivo \u00e0 Inicia\u00e7\u00e3o Cient\u00edfica do Hospital Universit\u00e1rio de Santa Maria &#8211; PROIC-HUSM. Revogado pela Resolu\u00e7\u00e3o N. 055\/2021 O REITOR DA UNIVERSIDADE FEDERAL DE SANTA MARIA, no uso de suas atribui\u00e7\u00f5es legais e estatut\u00e1rias e [&hellip;]<\/p>\n","protected":false},"author":205,"featured_media":0,"parent":0,"menu_order":0,"comment_status":"closed","ping_status":"closed","template":"","meta":{"footnotes":""},"categories":[],"tags":[],"class_list":["post-2720","page","type-page","status-publish","hentry"],"acf":[],"_links":{"self":[{"href":"https:\/\/www.ufsm.br\/pro-reitorias\/proplan\/wp-json\/wp\/v2\/pages\/2720","targetHints":{"allow":["GET"]}}],"collection":[{"href":"https:\/\/www.ufsm.br\/pro-reitorias\/proplan\/wp-json\/wp\/v2\/pages"}],"about":[{"href":"https:\/\/www.ufsm.br\/pro-reitorias\/proplan\/wp-json\/wp\/v2\/types\/page"}],"author":[{"embeddable":true,"href":"https:\/\/www.ufsm.br\/pro-reitorias\/proplan\/wp-json\/wp\/v2\/users\/205"}],"replies":[{"embeddable":true,"href":"https:\/\/www.ufsm.br\/pro-reitorias\/proplan\/wp-json\/wp\/v2\/comments?post=2720"}],"version-history":[{"count":0,"href":"https:\/\/www.ufsm.br\/pro-reitorias\/proplan\/wp-json\/wp\/v2\/pages\/2720\/revisions"}],"wp:attachment":[{"href":"https:\/\/www.ufsm.br\/pro-reitorias\/proplan\/wp-json\/wp\/v2\/media?parent=2720"}],"wp:term":[{"taxonomy":"category","embeddable":true,"href":"https:\/\/www.ufsm.br\/pro-reitorias\/proplan\/wp-json\/wp\/v2\/categories?post=2720"},{"taxonomy":"post_tag","embeddable":true,"href":"https:\/\/www.ufsm.br\/pro-reitorias\/proplan\/wp-json\/wp\/v2\/tags?post=2720"}],"curies":[{"name":"wp","href":"https:\/\/api.w.org\/{rel}","templated":true}]}}