{"id":2725,"date":"2019-11-20T09:02:35","date_gmt":"2019-11-20T12:02:35","guid":{"rendered":"https:\/\/www.ufsm.br\/pro-reitorias\/proplan\/?page_id=2725"},"modified":"2020-05-18T08:26:20","modified_gmt":"2020-05-18T11:26:20","slug":"regulamento-de-emprestimo-de-material-bibliografico-2014","status":"publish","type":"page","link":"https:\/\/www.ufsm.br\/pro-reitorias\/proplan\/regulamento-de-emprestimo-de-material-bibliografico-2014","title":{"rendered":"Regulamento de Empr\u00e9stimo de Material  Bibliogr\u00e1fico (2014)"},"content":{"rendered":"\t\t<div data-elementor-type=\"wp-page\" data-elementor-id=\"2725\" class=\"elementor elementor-2725\">\n\t\t\t\t\t\t<section class=\"elementor-section elementor-top-section elementor-element elementor-element-459e7c0 elementor-section-boxed elementor-section-height-default elementor-section-height-default\" data-id=\"459e7c0\" data-element_type=\"section\">\n\t\t\t\t\t\t<div class=\"elementor-container elementor-column-gap-default\">\n\t\t\t\t\t<div class=\"elementor-column elementor-col-100 elementor-top-column elementor-element elementor-element-ac77902\" data-id=\"ac77902\" data-element_type=\"column\">\n\t\t\t<div class=\"elementor-widget-wrap elementor-element-populated\">\n\t\t\t\t\t\t<div class=\"elementor-element elementor-element-29d84d8 elementor-widget elementor-widget-html\" data-id=\"29d84d8\" data-element_type=\"widget\" data-widget_type=\"html.default\">\n\t\t\t\t<div class=\"elementor-widget-container\">\n\t\t\t\r\n\r\n\r\n<title><b>REGULAMENTO DE EMPR\u00c9STIMO DE MATERIAL BIBLIOGR\u00c1FICO<\/b><\/title>\r\n\r\n\r\n<div align=\"center\"><img decoding=\"async\" src=\"https:\/\/www.ufsm.br\/pro-reitorias\/proplan\/wp-content\/uploads\/sites\/344\/2019\/09\/brasao-da-republica-do-brasil-logo.png\" alt=\"Bras\u00e3o Rep\u00fablica Federativa do Brasil\" width=\"6%\" height=\"6%\"><\/div>    \r\n<h1><font color=\"blue\"><font size=\"5\"><div align=\"center\">MINIST\u00c9RIO DA EDUCA\u00c7\u00c3O<\/b><\/font><\/font><\/div><\/H1>\r\n<p><b><font color=\"0000blue\"><div align=\"center\">UNIVERSIDADE FEDERAL DE SANTA MARIA<\/b><\/font><\/div><\/p>\r\n\r\n<p><div align=\"center\"><b><a href=\"https:\/\/portal.ufsm.br\/documentos\/publico\/documento.html?id=12814319\"><font color=\"blue\">REGULAMENTO DE EMPR\u00c9STIMO DE MATERIAL BIBLIOGR\u00c1FICO<\/font><\/a><\/b><\/div><\/p>\r\n<br>\r\n<p><a href=\"https:\/\/www.ufsm.br\/pro-reitorias\/proplan\/regulamento-de-emprestimo-de-material-bibliografico-do-sistema-de-bibliotecas-da-ufsm\/\"><font color=\"blue\">Revogado pela Resolu\u00e7\u00e3o N. 029\/2015 - Anexo<\/font><\/a><\/p><\/p>\r\n<br>\r\n<strike>\r\n<p><b><div align=\"center\">CAP\u00cdTULO I<\/b><\/div><\/p>\r\n<p><b><div align=\"center\">DOS USU\u00c1RIOS<\/b><\/div><\/p>\r\n<br><div align=\"justify\">\r\n<br>\r\n<p>Art. 1\u00ba O material bibliogr\u00e1fico poder\u00e1 ser emprestado a:<\/p>\r\n<p>I - membros ativos e inativos do quadro docente da UFSM;<\/p>\r\n<p>II - membros ativos e inativos do quadro t\u00e9cnico-administrativo em educa\u00e7\u00e3o da UFSM;<\/p>\r\n<p>III - membros do corpo discente, regularmente matriculados em curso e cadastrados no sistema da UFSM por unidade competente; e<\/p>\r\n<p>IV - portadores de necessidades especiais membros de Associa\u00e7\u00f5es que mantenham conv\u00eanio com a UFSM, com o apoio da Biblioteca Central.<\/p>\r\n<p>Par\u00e1grafo \u00fanico. N\u00e3o poder\u00e1 ser emprestado material bibliogr\u00e1fico a aluno especial, tendo em vista que o mesmo \u00e9 matriculado em disciplina e n\u00e3o em curso.<\/p>\r\n<br>\r\n<p><b><div align=\"center\">CAP\u00cdTULO II<\/b><\/div><\/p>\r\n<p><b><div align=\"center\">DO CADASTRO DOS USU\u00c1RIOS<\/b><\/div><\/p>\r\n<br>\r\n<p>Art. 2\u00ba O cadastro de usu\u00e1rios das bibliotecas fica condicionado \u00e0 valida\u00e7\u00e3o do v\u00ednculo por unidade competente no sistema da Universidade.<\/p>\r\n<p>Art. 3\u00ba O v\u00ednculo pode apresentar-se das seguintes formas:<\/p>\r\n<p>I - usu\u00e1rios cadastrados pela Pr\u00f3-Reitoria de Gest\u00e3o de Pessoas (PROGEP), que compreendem os servidores da Universidade, quadro de t\u00e9cnico-administrativos em educa\u00e7\u00e3o e docentes;<\/p>\r\n<p>II - usu\u00e1rios cadastrados pelo Departamento de Registro e Controle Acad\u00eamico (DERCA), que s\u00e3o os alunos de gradua\u00e7\u00e3o, p\u00f3s-gradua\u00e7\u00e3o e ensino a dist\u00e2ncia;<\/p>\r\n<p>III - usu\u00e1rios cadastrados pelos Col\u00e9gios T\u00e9cnicos, que s\u00e3o os alunos do ensino m\u00e9dio, t\u00e9cnico, tecnol\u00f3gico e p\u00f3s-m\u00e9dio, gradua\u00e7\u00e3o e p\u00f3s-gradua\u00e7\u00e3o; e<\/p>\r\n<p>IV - usu\u00e1rios cadastrados pela Biblioteca Central, para atender conv\u00eanio espec\u00edfico de disponibiliza\u00e7\u00e3o de livros falados e material em Braille para cegos e deficientes visuais, conforme cadastro na ACDV.<\/p>\r\n<p>Par\u00e1grafo \u00fanico. As bibliotecas da Universidade n\u00e3o est\u00e3o credenciadas para efetuar cadastro de usu\u00e1rios, exceto os do inciso IV, deste artigo.<\/p>\r\n<br>\r\n<p><b><div align=\"center\">CAP\u00cdTULO III<\/b><\/div><\/p>\r\n<p><b><div align=\"center\">DO EMPR\u00c9STIMO<\/b><\/div><\/p>\r\n<br>\r\n<p>Art. 4\u00ba As obras que comp\u00f5em o acervo bibliogr\u00e1fico, pertencentes ao Sistema de bibliotecas da Universidade Federal de Santa Maria \u2013 UFSM estar\u00e3o \u00e0 disposi\u00e7\u00e3o dos usu\u00e1rios para uso e empr\u00e9stimo domiciliar obedecendo \u00e0 pol\u00edtica descrita neste regulamento:<\/p>\r\n<p>\u00a7 1\u00ba O material emprestado para consulta em domicilio dever\u00e1 ser devolvido na data determinada no sistema, nas mesmas condi\u00e7\u00f5es de conserva\u00e7\u00e3o em que foi recebido.<\/p>\r\n<p>\u00a7 2\u00ba O atraso na devolu\u00e7\u00e3o da obra incidir\u00e1 em cobran\u00e7a de taxa de atraso (excluindo finais de semana e feriados).<\/p>\r\n<p>\u00a7 3\u00ba A n\u00e3o devolu\u00e7\u00e3o do material na data estipulada implica em taxa de atraso por dia e por obra emprestada.<\/p>\r\n<p>\u00a7 4\u00ba Ser\u00e1 liberado somente um exemplar dos livros da Cole\u00e7\u00e3o \u201cFaixa Azul\u201d para cada usu\u00e1rio, de segunda-feira a sexta-feira a partir das dezoito horas e aos s\u00e1bados a partir das dez horas e trinta minutos, com entrega no dia seguinte at\u00e9 as nove horas e trinta minutos, sendo que a n\u00e3o devolu\u00e7\u00e3o acarretar\u00e1 em taxa de atraso por hora e sendo que o hor\u00e1rio pode sofrer altera\u00e7\u00e3o havendo modifica\u00e7\u00e3o no expediente de funcionamento da biblioteca.<\/p>\r\n<p>\u00a7 5\u00ba Os livros da Cole\u00e7\u00e3o Vestibular, somente ser\u00e3o liberados um exemplar para cada usu\u00e1rio com empr\u00e9stimo regular de sete dias.<\/p>\r\n<p>\u00a7 6\u00ba Ser\u00e3o aceitos livros para quita\u00e7\u00e3o da taxa de atraso, ap\u00f3s avalia\u00e7\u00e3o das obras pelos bibliotec\u00e1rios.<\/p>\r\n<p>\u00a7 7\u00ba A taxa de atraso dever\u00e1 ser paga atrav\u00e9s de Guia de Recolhimento da Uni\u00e3o - GRU no Banco do Brasil.<\/p>\r\n<p>\u00a7 8\u00ba O usu\u00e1rio com obras em atraso e taxas pendentes ficar\u00e1 impedido de novos empr\u00e9stimos e renova\u00e7\u00f5es em todas as bibliotecas da UFSM.<\/p>\r\n<p>\u00a7 9\u00ba O usu\u00e1rio com obras em atraso dever\u00e1 efetuar a devolu\u00e7\u00e3o das obras gerando assim a taxa de atraso no sistema e a emiss\u00e3o da GRU.<\/p>\r\n<p>\u00a7 10. O usu\u00e1rio com taxas pendentes ter\u00e1 sua situa\u00e7\u00e3o regularizada somente com apresenta\u00e7\u00e3o do recibo de quita\u00e7\u00e3o da GRU da taxa de atraso na respectiva biblioteca.<\/p>\r\n<p>\u00a7 11. O usu\u00e1rio poder\u00e1 renovar o empr\u00e9stimo por igual prazo, desde que n\u00e3o haja reserva da obra retirada e as renova\u00e7\u00f5es podem ser feitas at\u00e9 quatorze vezes pela WEB, que totaliza quinze semanas de empr\u00e9stimo, sendo que ap\u00f3s este limite, o usu\u00e1rio dever\u00e1 devolver o material na respectiva biblioteca para novo empr\u00e9stimo.<\/p>\r\n<p>\u00a7 12. A justificativa de atraso na entrega de material bibliogr\u00e1fico, por impossibilidade de acesso \u00e0 renova\u00e7\u00e3o do empr\u00e9stimo online, ser\u00e1 avaliada pela chefia do setor de empr\u00e9stimo ou respons\u00e1vel pela biblioteca, sendo que em caso de impossibilidade do acesso online, o usu\u00e1rio dever\u00e1 fazer a renova\u00e7\u00e3o pessoalmente em uma das bibliotecas da Institui\u00e7\u00e3o.<\/p>\r\n<p>\u00a7 13. A reserva de obras que est\u00e3o emprestadas poder\u00e1 ser feita diretamente pelo usu\u00e1rio nos terminais de consulta ou via WEB, utilizando seu n\u00famero de identifica\u00e7\u00e3o e senha, sendo que:<\/p>\r\n<p>I \u2013 a obra reservada ficar\u00e1 \u00e0 disposi\u00e7\u00e3o do usu\u00e1rio pelo prazo de quarenta e oito horas ap\u00f3s a devolu\u00e7\u00e3o;<\/p>\r\n<p>II \u2013 no final deste prazo, a reserva ser\u00e1 cancelada; e,<\/p>\r\n<p>III \u2013 o usu\u00e1rio ser\u00e1 notificado atrav\u00e9s de e-mail sobre a disponibilidade da sua reserva.<\/p>\r\n\r\n<p>Art. 5\u00ba O empr\u00e9stimo de material bibliogr\u00e1fico ser\u00e1 efetuado preferencialmente com a apresenta\u00e7\u00e3o da carteira de usu\u00e1rio da biblioteca emitida pelo Sistema de Bibliotecas da UFSM.<\/p>\r\n<p>\u00a7 1\u00ba A inscri\u00e7\u00e3o no Sistema de Bibliotecas da UFSM processar-se-\u00e1 automaticamente na ocasi\u00e3o da matr\u00edcula, sendo que os dados pessoais dos usu\u00e1rios constantes do Cadastro da Biblioteca s\u00e3o confidenciais.<\/p>\r\n<p>\u00a7 2\u00ba A senha do usu\u00e1rio \u00e9 de uso e responsabilidade exclusiva de seu titular, n\u00e3o podendo, em qualquer hip\u00f3tese, ser cedida a terceiros, sendo que o cadastramento de senha \u00e9 indispens\u00e1vel para retirada de obras por empr\u00e9stimo.<\/p>\r\n\r\n<p>Art.  6\u00ba A emiss\u00e3o de qualquer outra via da carteira de usu\u00e1rio da Biblioteca, exclu\u00edda a primeira, s\u00f3 ser\u00e1 feita mediante o pagamento de uma taxa igual a cinco vezes a taxa de atraso.<\/p>\r\n<p>Art. 7\u00ba N\u00e3o ser\u00e1 emprestado o material bibliogr\u00e1fico que for considerado:<\/p>\r\n<p>I - obra rara;<\/p>\r\n<p>II - obras de refer\u00eancia restritas no sistema: alguns exemplares de dicion\u00e1rios, enciclop\u00e9dias, bibliografias, \u00edndices, anu\u00e1rios, resumos, etc.;<\/p>\r\n<p>III - obras que possam causar preju\u00edzo irrepar\u00e1vel ao acervo, em caso de perda ou dano;<\/p>\r\n<p>IV - obras com restri\u00e7\u00e3o ou exclusividade de empr\u00e9stimo, segundo determina\u00e7\u00e3o do direito autoral, como por exemplo, os livros falados, e<\/p>\r\n<p>V - obras da cole\u00e7\u00e3o Colet\u00e2nea UFSM.<\/p>\r\n\r\n<p>Art. 8\u00ba O empr\u00e9stimo de material bibliogr\u00e1fico obedecer\u00e1 aos seguintes prazos e condi\u00e7\u00f5es:<\/p>\r\n<p>I - Biblioteca Central e Bibliotecas Setoriais da UFSM:<\/p>\r\n<p>a) para todas as categorias de usu\u00e1rios ser\u00e3o emprestadas at\u00e9 cinco publica\u00e7\u00f5es de cada tipo de material, pelo prazo de sete dias, podendo ser prorrogado por mais sete dias, caso n\u00e3o haja reserva, at\u00e9 o limite de quinze renova\u00e7\u00f5es (conforme art. 5\u00ba, inciso IV deste regulamento); e<\/p>\r\n<p>b) O limite m\u00e1ximo de itens emprestados \u00e9 de quinze materiais por usu\u00e1rio em todo o sistema.<\/p>\r\n<br>\r\n<p><b><div align=\"center\">CAP\u00cdTULO IV<\/b><\/div><\/p>\r\n<p><b><div align=\"center\">DAS PENALIDADES<\/b><\/div><\/p>\r\n<br>\r\n<p>Art. 9\u00ba O n\u00e3o cumprimento das formalidades e prazos por parte dos usu\u00e1rios implicar\u00e1, obrigatoriamente, nas seguintes penalidades:<\/p>\r\n<p>I - n\u00e3o ser\u00e1 emprestada qualquer publica\u00e7\u00e3o ao usu\u00e1rio que estiver em falta com o que determina este regulamento;<\/p>\r\n<p>II - pagamento de taxas pelos usu\u00e1rios que n\u00e3o devolverem o material bibliogr\u00e1fico nos prazos previstos neste Regulamento, nos valores vigentes na data da quita\u00e7\u00e3o do d\u00e9bito:<\/p>\r\n<p>a) para livros da situa\u00e7\u00e3o de empr\u00e9stimo \u201cFaixa Azul\u201d por unidade emprestada e por hora de atraso;<\/p>\r\n<p>b) para outros materiais - por unidade emprestada e por dia de atraso.<\/p>\r\n<p>III - reposi\u00e7\u00e3o de material danificado ou indeniza\u00e7\u00e3o no valor atual da obra, inclusive despesas de importa\u00e7\u00e3o, quando for o caso, al\u00e9m do pagamento da taxa correspondente ao tempo entre o t\u00e9rmino do prazo de empr\u00e9stimo e a efetiva reposi\u00e7\u00e3o da obra ou indeniza\u00e7\u00e3o:<\/p>\r\n<p>a) em se tratando de obra cuja edi\u00e7\u00e3o esteja esgotada, \u00e9 facultado \u00e0 biblioteca o direito de optar entre estabelecer o valor da indeniza\u00e7\u00e3o ou exigir reposi\u00e7\u00e3o por obra similar existente no mercado; e<\/p>\r\n<p>b) o prazo m\u00e1ximo para reposi\u00e7\u00e3o ou indeniza\u00e7\u00e3o \u00e9 de trinta dias, contados a partir da data em que expirou o prazo para devolu\u00e7\u00e3o.<\/p>\r\n<p>\u00a7 1\u00ba O n\u00e3o cumprimento do inciso III, anteriormente determinado, por parte dos membros do corpo docente e do corpo t\u00e9cnico-administrativo implicar\u00e1 tamb\u00e9m, a partir do trig\u00e9simo dia, comunica\u00e7\u00e3o simult\u00e2nea pela Biblioteca Central ao Reitor e demais bibliotecas ao respectivo Diretor do Centro, para aplica\u00e7\u00e3o de penalidade disciplinar cab\u00edvel e ao Departamento de Pol\u00edcia Federal para investiga\u00e7\u00e3o do fato.<\/p>\r\n<p>\u00a7 2\u00ba O n\u00e3o cumprimento do inciso III, anteriormente determinado por parte dos membros do corpo discente, a partir do trig\u00e9simo dia, implicar\u00e1 tamb\u00e9m na comunica\u00e7\u00e3o simult\u00e2nea pela Biblioteca Central ao Reitor e demais bibliotecas ao respectivo diretor de centro para apura\u00e7\u00e3o das penalidades disciplinares cab\u00edveis pelo Departamento de Registro e Controle Acad\u00eamico (DERCA), ou pelas Dire\u00e7\u00f5es do Col\u00e9gio T\u00e9cnico Industrial ou Col\u00e9gios T\u00e9cnicos Agr\u00edcolas, antes do per\u00edodo de matr\u00edcula, para que o faltoso seja notificado por escrito e o  caso seja encaminhado ao Departamento de Pol\u00edcia Federal para investiga\u00e7\u00e3o do fato.<\/p>\r\n<p>\u00a7 3\u00ba O n\u00e3o cumprimento do inciso II, anteriormente determinado por parte dos membros do corpo discente, implicar\u00e1 em que o faltoso seja notificado por escrito e para que se fa\u00e7a o cumprimento ou se aplique penalidade disciplinar cab\u00edvel, antes do per\u00edodo de matr\u00edcula, se for formando, ser\u00e1 cobrado judicialmente.<\/p>\r\n<p>\u00a7 4\u00ba O n\u00e3o cumprimento do inciso II, anteriormente determinado por parte do corpo docente e t\u00e9cnico-administrativo, acarretar\u00e1 em comunica\u00e7\u00e3o, ao final do semestre letivo, pela Biblioteca Central e demais bibliotecas ao Reitor e ao respectivo diretor de centro, para que se fa\u00e7a o cumprimento ou se aplique penalidade disciplinar cab\u00edvel.<\/p>\r\n<p>IV - quando o usu\u00e1rio atrasar de forma muito extensa a devolu\u00e7\u00e3o do material, conforme avalia\u00e7\u00e3o do respons\u00e1vel da biblioteca onde foi realizado o empr\u00e9stimo ser\u00e1 feito contato, sendo que n\u00e3o havendo localiza\u00e7\u00e3o do mesmo ou havendo um retorno negativo quanto a devolu\u00e7\u00e3o, o nome do usu\u00e1rio ser\u00e1 encaminhado ao setor jur\u00eddico da Universidade para indica\u00e7\u00e3o de provid\u00eancias cab\u00edveis.<\/p>\r\n<br>\r\n<p><b><div align=\"center\">CAP\u00cdTULO IX<\/b><\/div><\/p>\r\n<p><b><div align=\"center\">DAS DISPOSI\u00c7\u00d5ES GERAIS<\/b><\/div><\/p>\r\n<br>\r\n<p>Art. 10 \u00c0 biblioteca deposit\u00e1ria reserva-se o direito de, a qualquer momento, requisitar o material bibliogr\u00e1fico emprestado.<\/p>\r\n<p>Art. 11 Aplica-se o presente Regulamento a todos os usu\u00e1rios que tomarem emprestado o material bibliogr\u00e1fico.<\/p>\r\n<p>Art. 12 Das decis\u00f5es administrativas referentes ao que consta deste Regulamento, caber\u00e1 recurso \u00e0s chefias das respectivas bibliotecas em primeira inst\u00e2ncia, ao diretor do centro em segunda, ao Magn\u00edfico Reitor em terceira e ao Egr\u00e9gio Conselho Universit\u00e1rio em quarta e \u00faltima inst\u00e2ncia.<\/p>\r\n<p>Art. 13 Este Regulamento se aplica a todas as bibliotecas que fazem parte do sistema gerenciado pela Biblioteca Central.<\/p>\r\n<p>Art. 14 O presente Regulamento entrar\u00e1 em vigor ap\u00f3s sua aprova\u00e7\u00e3o pelo Conselho Universit\u00e1rio.<\/p>\r\n<br>\r\n<p>Paulo Afonso Burmann<\/p>\r\n<p>Reitor<\/p>\r\n<br>\r\n<p>BIBLIOTECA CENTRAL MANOEL MARQUES DE SOUZA, \u201cCONDE DE PORTO ALEGRE\u201d<\/p>\r\n<p>Av. Roraima, 1000. Pr\u00e9dio 30. Cidade Universit\u00e1ria \u201cProf. Mariano da Rocha Filho\u201d.<\/p>\r\n<p>Bairro Camobi.<\/p>\r\n<p>97105-900, Santa Maria, RS.<\/p>\r\n\r\n<p>Fone: (55) 3220 8250<\/p>\r\n<p>Fax: (55) 3220 8688<\/p>\r\n<p>E-mail: biblio@mail.ufsm.br<\/p>\r\n<p>Site: http:\/\/www.ufsm.br\/biblioteca<\/p>\r\n\r\n<p>Biblioteca Setorial do CAL &emsp;&emsp;&emsp;&emsp;&emsp; (55) 3220 - 8472<\/p>\r\n<p>Biblioteca Setorial do CCNE &emsp;&emsp;&emsp;&emsp;&emsp; (55) 3220 - 8734<\/p>\r\n<p>Biblioteca Setorial do CCR &emsp;&emsp;&emsp;&emsp;&emsp; (55) 3220 - 8894<\/p>\r\n<p>Biblioteca Setorial do CCSH &emsp;&emsp;&emsp;&emsp;&emsp; (55) 3220 - 9285<\/p>\r\n<p>Biblioteca Setorial do CEFD &emsp;&emsp;&emsp;&emsp;&emsp; (55) 3220 - 8406<\/p>\r\n<p>Biblioteca Setorial do CE &emsp;&emsp;&emsp;&emsp;&emsp; (55) 3220 - 8889<\/p>\r\n<p>Biblioteca Setorial do CT &emsp;&emsp;&emsp;&emsp;&emsp; (55) 3220 - 8408<\/p>\r\n<p>Biblioteca Setorial do CTISM &emsp;&emsp;&emsp;&emsp;&emsp; (55) 3220 - 8485<\/p>\r\n<p>Biblioteca Setorial do CESNORS-FW &emsp;&emsp;&emsp; (55) 3744 - 8804<\/p>\r\n<p>Biblioteca Setorial do CESNORS-PM &emsp;&emsp;&emsp; (55) 3744 - 8906<\/p>\r\n<p>Biblioteca Setorial do CAFW &emsp;&emsp;&emsp;&emsp;&emsp; (55) 3744 - 8906<\/p>\r\n<p>Biblioteca Setorial da UDESSM &emsp;&emsp;&emsp;&emsp;&emsp; (55) 3224 - 4701<\/p>\r\n<br>\r\n<\/div>\r\n<p><font color=\"red0000\">Este texto n\u00e3o substitui o documento original, publicado no Portal de Documentos.<\/font> Dispon\u00edvel em: <a href=\"https:\/\/portal.ufsm.br\/documentos\/publico\/documento.html?id=12814319\"><font color=\"blue\">https:\/\/portal.ufsm.br\/documentos\/publico\/documento.html?id=12814319<\/font><\/a>\r\n<\/strike>\r\n\r\n\t\t<\/div>\n\t\t\t\t<\/div>\n\t\t\t\t\t<\/div>\n\t\t<\/div>\n\t\t\t\t\t<\/div>\n\t\t<\/section>\n\t\t\t\t<\/div>\n\t\t","protected":false},"excerpt":{"rendered":"<p>REGULAMENTO DE EMPR\u00c9STIMO DE MATERIAL BIBLIOGR\u00c1FICO MINIST\u00c9RIO DA EDUCA\u00c7\u00c3O UNIVERSIDADE FEDERAL DE SANTA MARIA REGULAMENTO DE EMPR\u00c9STIMO DE MATERIAL BIBLIOGR\u00c1FICO Revogado pela Resolu\u00e7\u00e3o N. 029\/2015 &#8211; Anexo CAP\u00cdTULO I DOS USU\u00c1RIOS Art. 1\u00ba O material bibliogr\u00e1fico poder\u00e1 ser emprestado a: I &#8211; membros ativos e inativos do quadro docente da UFSM; II &#8211; membros ativos [&hellip;]<\/p>\n","protected":false},"author":205,"featured_media":0,"parent":0,"menu_order":0,"comment_status":"closed","ping_status":"closed","template":"","meta":{"footnotes":""},"categories":[],"tags":[],"class_list":["post-2725","page","type-page","status-publish","hentry"],"acf":[],"_links":{"self":[{"href":"https:\/\/www.ufsm.br\/pro-reitorias\/proplan\/wp-json\/wp\/v2\/pages\/2725","targetHints":{"allow":["GET"]}}],"collection":[{"href":"https:\/\/www.ufsm.br\/pro-reitorias\/proplan\/wp-json\/wp\/v2\/pages"}],"about":[{"href":"https:\/\/www.ufsm.br\/pro-reitorias\/proplan\/wp-json\/wp\/v2\/types\/page"}],"author":[{"embeddable":true,"href":"https:\/\/www.ufsm.br\/pro-reitorias\/proplan\/wp-json\/wp\/v2\/users\/205"}],"replies":[{"embeddable":true,"href":"https:\/\/www.ufsm.br\/pro-reitorias\/proplan\/wp-json\/wp\/v2\/comments?post=2725"}],"version-history":[{"count":0,"href":"https:\/\/www.ufsm.br\/pro-reitorias\/proplan\/wp-json\/wp\/v2\/pages\/2725\/revisions"}],"wp:attachment":[{"href":"https:\/\/www.ufsm.br\/pro-reitorias\/proplan\/wp-json\/wp\/v2\/media?parent=2725"}],"wp:term":[{"taxonomy":"category","embeddable":true,"href":"https:\/\/www.ufsm.br\/pro-reitorias\/proplan\/wp-json\/wp\/v2\/categories?post=2725"},{"taxonomy":"post_tag","embeddable":true,"href":"https:\/\/www.ufsm.br\/pro-reitorias\/proplan\/wp-json\/wp\/v2\/tags?post=2725"}],"curies":[{"name":"wp","href":"https:\/\/api.w.org\/{rel}","templated":true}]}}