{"id":2740,"date":"2019-11-25T08:43:36","date_gmt":"2019-11-25T11:43:36","guid":{"rendered":"https:\/\/www.ufsm.br\/pro-reitorias\/proplan\/?page_id=2740"},"modified":"2020-05-18T09:17:04","modified_gmt":"2020-05-18T12:17:04","slug":"resolucao-n-026-2014","status":"publish","type":"page","link":"https:\/\/www.ufsm.br\/pro-reitorias\/proplan\/resolucao-n-026-2014","title":{"rendered":"Resolu\u00e7\u00e3o N. 026\/2014"},"content":{"rendered":"\t\t<div data-elementor-type=\"wp-page\" data-elementor-id=\"2740\" class=\"elementor elementor-2740\">\n\t\t\t\t\t\t<section class=\"elementor-section elementor-top-section elementor-element elementor-element-361a93f elementor-section-boxed elementor-section-height-default elementor-section-height-default\" data-id=\"361a93f\" data-element_type=\"section\">\n\t\t\t\t\t\t<div class=\"elementor-container elementor-column-gap-default\">\n\t\t\t\t\t<div class=\"elementor-column elementor-col-100 elementor-top-column elementor-element elementor-element-1b7982d\" data-id=\"1b7982d\" data-element_type=\"column\">\n\t\t\t<div class=\"elementor-widget-wrap elementor-element-populated\">\n\t\t\t\t\t\t<div class=\"elementor-element elementor-element-d59ce5f elementor-widget elementor-widget-html\" data-id=\"d59ce5f\" data-element_type=\"widget\" data-widget_type=\"html.default\">\n\t\t\t\t<div class=\"elementor-widget-container\">\n\t\t\t\r\n\r\n\r\n<title><b>RESOLU\u00c7\u00c3O N. 026\/2014<\/b><\/title>\r\n\r\n\r\n<div align=\"center\"><img decoding=\"async\" src=\"https:\/\/www.ufsm.br\/pro-reitorias\/proplan\/wp-content\/uploads\/sites\/344\/2019\/09\/brasao-da-republica-do-brasil-logo.png\" alt=\"Bras\u00e3o Rep\u00fablica Federativa do Brasil\" width=\"6%\" height=\"6%\"><\/div>    \r\n<h1><font color=\"blue\"><font size=\"5\"><div align=\"center\">MINIST\u00c9RIO DA EDUCA\u00c7\u00c3O<\/b><\/font><\/font><\/div><\/H1>\r\n<p><b><font color=\"0000blue\"><div align=\"center\">UNIVERSIDADE FEDERAL DE SANTA MARIA<\/b><\/font><\/div><\/p>\r\n\r\n<p><div align=\"center\"><b><a href=\"https:\/\/portal.ufsm.br\/documentos\/publico\/documento.html?id=6724584\"><font color=\"blue\">RESOLU\u00c7\u00c3O N. 026\/2014<\/font><\/a><\/b><\/div><\/p>\r\n<br>\r\n<p><div align=\"right\"><font color=\"800000\">Regulamenta a promo\u00e7\u00e3o para a classe de titular da carreira do Ensino B\u00e1sico, T\u00e9cnico e Tecnol\u00f3gico da Universidade Federal de Santa Maria, de acordo com a legisla\u00e7\u00e3o vigente e d\u00e1 outras provid\u00eancias.<\/font><\/div><\/p>\r\n<br><div align=\"justify\">\r\n<p>O REITOR DA UNIVERSIDADE FEDERAL DE SANTA MARIA, no uso de suas atribui\u00e7\u00f5es legais e estatut\u00e1rias e considerando:<\/p>\r\n<p>- a necessidade de adequar as normas institucionais que disp\u00f5em sobre a carreira do magist\u00e9rio do ensino b\u00e1sico, t\u00e9cnico e tecnol\u00f3gico, \u00e0 legisla\u00e7\u00e3o vigente;<\/p>\r\n<p>- a <a href=\"http:\/\/www.planalto.gov.br\/ccivil_03\/leis\/l9394.htm\" target=\"_blank\"><font color=\"blue\"><u>Lei n. 9.394, de 20 de dezembro de 1996<\/u><\/font><\/a>, que estabelece as diretrizes e bases da educa\u00e7\u00e3o nacional;<\/p>\r\n<p>- a <a href=\"http:\/\/www.planalto.gov.br\/ccivil_03\/_Ato2007-2010\/2008\/Lei\/L11892.htm\" target=\"_blank\"><font color=\"blue\"><u>Lei n. 11.982, de 29 de dezembro de 2008<\/u><\/font><\/a>, que institui a Rede Federal de Educa\u00e7\u00e3o Profissional, Cient\u00edfica e Tecnol\u00f3gica, cria os Institutos Federais de Educa\u00e7\u00e3o, Ci\u00eancia e Tecnologia, e d\u00e1 outras provid\u00eancias;<\/p>\r\n<p>- a <a href=\"http:\/\/www.planalto.gov.br\/ccivil_03\/leis\/l8112cons.htm\" target=\"_blank\"><font color=\"blue\"><u>Lei n. 8.112, de 11 de dezembro de 1990<\/u><\/font><\/a>, que disp\u00f5e sobre o regime jur\u00eddico dos servidores p\u00fablicos civis da uni\u00e3o, das autarquias e das funda\u00e7\u00f5es p\u00fablicas federais;<\/p>\r\n<p>- o que estabelece a <a href=\"http:\/\/www.planalto.gov.br\/ccivil_03\/_ato2011-2014\/2012\/lei\/l12772.htm\" target=\"_blank\"><font color=\"blue\"><u>Lei de n. 12.772, de 28 de dezembro de 2012<\/u><\/font><\/a>, publicada no DOU de 31 de dezembro de 2012;<\/p>\r\n<p>- o que disp\u00f5e a <a href=\"http:\/\/www.planalto.gov.br\/ccivil_03\/_ato2011-2014\/2013\/Lei\/L12863.htm\" target=\"_blank\"><font color=\"blue\"><u>Lei n. 12.863, de 24 de setembro de 2013<\/u><\/font><\/a>, publicada no DOU de 25 de setembro de 2013;<\/p>\r\n<p>- o que estabelece a <a href=\"https:\/\/propg.ufsc.br\/files\/2014\/02\/Diretrizes-do-MEC-titular-de-Carreira.pdf\" target=\"_blank\"><font color=\"blue\"><u>Portaria n. 982, de 03 de outubro de 2013<\/u><\/font><\/a>, publicado no DOU de 07 de outubro de 2013;<\/p>\r\n<p>- o Parecer n. 146\/2014 da Comiss\u00e3o de Legisla\u00e7\u00e3o e Normas (CLN), aprovado na 856\u00aa Sess\u00e3o do Conselho de Ensino, Pesquisa e Extens\u00e3o, de 07 de novembro de 2014, referente ao Processo n. <a href=\"\t\" target=\"_blank\"><font color=\"blue\"><u>23081.008709\/2014-18<\/u><\/font><\/a>.<\/p>\r\n<br>\r\n<p><b><div align=\"center\">RESOLVE:<\/b><\/div><\/p>\r\n<br>\r\n<p>Art. 1\u00ba Para a promo\u00e7\u00e3o a classe de professor titular da carreira de Magist\u00e9rio do Ensino B\u00e1sico, T\u00e9cnico e Tecnol\u00f3gico (EBTT) ser\u00e1 feita na forma desta resolu\u00e7\u00e3o, respeitando o disposto no inciso IV do \u00a7 3\u00ba do artigo 14 da <a href=\"http:\/\/www.planalto.gov.br\/ccivil_03\/_ato2011-2014\/2012\/lei\/l12772.htm\" target=\"_blank\"><font color=\"blue\"><u>Lei N\u00ba 12.772, de 28 de dezembro de 2012<\/u><\/font><\/a>, tendo como requisitos e crit\u00e9rios:<\/p>\r\n<p>I - possuir o t\u00edtulo de doutor;<\/p>\r\n<p>II - ser aprovado em processo de avalia\u00e7\u00e3o de desempenho acad\u00eamico; e<\/p>\r\n<p>III - lograr aprova\u00e7\u00e3o de memorial ou de defesa de tese in\u00e9dita.<\/p>\r\n<p>Par\u00e1grafo \u00fanico. A promo\u00e7\u00e3o ocorrer\u00e1 observado o interst\u00edcio m\u00ednimo de 24 (vinte e quatro) meses no \u00faltimo n\u00edvel da classe D IV.<\/p>\r\n\r\n<p>Art. 2\u00ba O processo de avalia\u00e7\u00e3o para acesso \u00e0 classe de titular da carreira de Magist\u00e9rio do EBTT, ser\u00e1 realizado por comiss\u00e3o especial, conforme o artigo 9\u00ba da <a href=\"https:\/\/propg.ufsc.br\/files\/2014\/02\/Diretrizes-do-MEC-titular-de-Carreira.pdf\" target=\"_blank\"><font color=\"blue\"><u>Portaria n. 982, de 03 de outubro de 2013<\/u><\/font><\/a>.<\/p>\r\n<p>Art. 3\u00ba A avalia\u00e7\u00e3o para acesso \u00e0 classe de titular da carreira de Magist\u00e9rio  do EBTT levar\u00e1 em considera\u00e7\u00e3o o desempenho acad\u00eamico, conforme o Anexo 1 \u2013 planilha de avalia\u00e7\u00e3o de desempenho acad\u00eamico, contemplando os itens descritos no artigo 10 da <a href=\"https:\/\/propg.ufsc.br\/files\/2014\/02\/Diretrizes-do-MEC-titular-de-Carreira.pdf\" target=\"_blank\"><font color=\"blue\"><u>Portaria N\u00ba 982, de 03 de outubro de 2013<\/u><\/font><\/a>.<\/p>\r\n<br>\r\n<p><b><div align=\"center\">CAP\u00cdTULO I<\/b><\/div><\/p>\r\n<p><b><div align=\"center\">DA COMISS\u00c3O ESPECIAL<\/b><\/div><\/p>\r\n<br>\r\n<p>Art. 4\u00ba A comiss\u00e3o especial, respons\u00e1vel pelo processo de avalia\u00e7\u00e3o de desempenho para promo\u00e7\u00e3o a classe de professor titular da carreira de Magist\u00e9rio do EBTT, ser\u00e1 composta por 04 (quatro) membros, sendo 01 (um) profissional interno e 03 (tr\u00eas) profissionais externos a UFSM, de acordo com o artigo 9\u00ba da <a href=\"https:\/\/propg.ufsc.br\/files\/2014\/02\/Diretrizes-do-MEC-titular-de-Carreira.pdf\" target=\"_blank\"><font color=\"blue\"><u>Portaria do MEC n\u00ba 982, de 3 de outubro de 2013<\/u><\/font><\/a>.<\/p>\r\n<p>\u00a71\u00ba Todo membro da comiss\u00e3o especial deve ser professor (a) doutor (a) titular ou D-IV n\u00edvel 4, de uma institui\u00e7\u00e3o de ensino, da mesma \u00e1rea de conhecimento ou excepcionalmente, na falta deste, de \u00e1reas afins, de acordo com o par\u00e1grafo 1\u00ba do artigo 9\u00ba da <a href=\"https:\/\/propg.ufsc.br\/files\/2014\/02\/Diretrizes-do-MEC-titular-de-Carreira.pdf\" target=\"_blank\"><font color=\"blue\"><u>Portaria n\u00ba 982\/2013<\/u><\/font><\/a>.<\/p>\r\n<p>\u00a7 2\u00ba O Conselho Diretor das unidades de EBTT indicar\u00e1 os membros da comiss\u00e3o especial de cada unidade, acompanhado pela CPPD (Comiss\u00e3o Permanente de Pessoal Docente) - C\u00e2mara da EBTT. Dependendo do n\u00famero de requerentes de promo\u00e7\u00e3o a classe de professor titular, cada unidade poder\u00e1 constituir o n\u00famero de comiss\u00f5es especiais adequado.<\/p>\r\n<p>\u00a73\u00ba Ser\u00e1 considerado presidente da comiss\u00e3o especial o membro interno da carreira do EBTT.<\/p>\r\n\r\n<p>Art. 5\u00ba Compete a comiss\u00e3o especial de avalia\u00e7\u00e3o de desempenho  de promo\u00e7\u00e3o  a classe de professor  titular da carreira de Magist\u00e9rio do EBTT, emitir parecer deferindo, quando considerar procedente, ou indeferindo, quando considerar improcedente a solicita\u00e7\u00e3o da promo\u00e7\u00e3o feita pelo docente.<\/p>\r\n<p>\u00a71\u00ba A comiss\u00e3o especial ter\u00e1 o prazo de 30 (trinta) dias, a contar da data da portaria de forma\u00e7\u00e3o da comiss\u00e3o especial para aprecia\u00e7\u00e3o e decis\u00e3o do processo de promo\u00e7\u00e3o a classe titular da carreira de Magist\u00e9rio do EBTT.<\/p>\r\n<p>\u00a72\u00ba O docente poder\u00e1 apresentar recurso devidamente fundamentado \u00e0 comiss\u00e3o especial e a CPPD contra a decis\u00e3o que indeferir sua solicita\u00e7\u00e3o de promo\u00e7\u00e3o a classe de professor titular, num prazo 10 (dez) dias ap\u00f3s ficar ciente da decis\u00e3o da comiss\u00e3o.<\/p>\r\n\r\n<p>Art. 6\u00ba A UFSM considera que o docente tem direito a promo\u00e7\u00e3o a classe de professor titular, quando, no m\u00ednimo, 03 (tr\u00eas) pareceres dos membros da comiss\u00e3o especial forem favor\u00e1veis pela concess\u00e3o da promo\u00e7\u00e3o.<\/p>\r\n<p>Par\u00e1grafo \u00fanico. O presidente da comiss\u00e3o especial poder\u00e1 usar o voto de qualidade para decidir o resultado da avalia\u00e7\u00e3o, caso essa termine empatada.<\/p>\r\n<br>\r\n<p><b><div align=\"center\">CAP\u00cdTULO Il<\/b><\/div><\/p>\r\n<p><b><div align=\"center\">DA ABERTURA DO PROCESSO<\/b><\/div><\/p>\r\n<br>\r\n<p>Art. 7\u00ba Para fins de instru\u00e7\u00e3o do processo de promo\u00e7\u00e3o, que dever\u00e1 ser aberto na divis\u00e3o de protocolo geral da UFSM, com destino \u00e0 CPPD - C\u00e2mara do EBTT, o docente dever\u00e1 apresentar:<\/p>\r\n<p>I - Requerimento padr\u00e3o solicitando a promo\u00e7\u00e3o para a classe de professor titular da carreira de Magist\u00e9rio do EBTT.<\/p>\r\n<p>II - Certificado de conclus\u00e3o de doutorado. O curso de doutorado, para os fins previstos neste artigo, ser\u00e1 considerado somente se credenciado pelo Conselho Nacional de Educa\u00e7\u00e3o e, quando realizados no exterior, revalidados por institui\u00e7\u00e3o nacional competente.<\/p>\r\n<p>lII - Planilha preenchida  digitalmente, contendo os itens de avalia\u00e7\u00e3o de desempenho, conforme  a  pontua\u00e7\u00e3o  de  cada  item  e  totalizada  (Anexo I).  Destaca-se que cada linha dessa planilha dever\u00e1 ser identificada nos comprovantes anexos ao processo, bem como esses comprovantes devem estar na ordem de apresenta\u00e7\u00e3o que consta na mesma. O requerente deve assinar no final da planilha certificando a veracidade das informa\u00e7\u00f5es prestadas.<\/p>\r\n<p>IV - Memorial, conforme a sugest\u00e3o constante no Anexo Il desta resolu\u00e7\u00e3o, ou quatro exemplares impressos da tese acad\u00eamica in\u00e9dita e uma c\u00f3pia em vers\u00e3o digital.<\/p>\r\n<p>Par\u00e1grafo \u00fanico. O requerimento padr\u00e3o e a planilha eletr\u00f4nica ser\u00e3o disponibilizados pela CPPD - C\u00e2mara do EBTT, no s\u00edtio da UFSM.<\/p>\r\n\r\n<p>Art. 8\u00ba A CPPD - C\u00e2mara do EBTT encaminhar\u00e1 o processo de promo\u00e7\u00e3o para o Conselho Diretor da unidade de EBTT \u00e0 qual o docente est\u00e1 lotado.<\/p>\r\n<p>Art. 9\u00ba O Conselho Diretor da unidade de EBTT \u00e0 qual o docente est\u00e1 lotado dar\u00e1 andamento ao processo, formando a comiss\u00e3o especial, conforme o Art. 4\u00ba.<\/p>\r\n<br>\r\n<p><b><div align=\"center\">CAP\u00cdTULO III<\/b><\/div><\/p>\r\n<p><b><div align=\"center\">DOS CRIT\u00c9RIOS, PONTUA\u00c7\u00c3O E PESOS PARA AVALIA\u00c7\u00c3O DE DESEMPENHO ACAD\u00caMICO<\/b><\/div><\/p>\r\n<br>\r\n<p>Art. 10 Os crit\u00e9rios, pontua\u00e7\u00e3o e pesos para avalia\u00e7\u00e3o de desempenho acad\u00eamico com fins de promo\u00e7\u00e3o para a classe de titular da carreira do EBTT est\u00e3o apresentados no Anexo I - planilha de avalia\u00e7\u00e3o de desempenho acad\u00eamico.<\/p>\r\n<p>Par\u00e1grafo \u00fanico.  Ser\u00e1 considerado o per\u00edodo m\u00ednimo de 24 meses desde o \u00faltimo interst\u00edcio de atua\u00e7\u00e3o na carreira do EBTT para fins de pontua\u00e7\u00e3o na planilha de avalia\u00e7\u00e3o de desempenho acad\u00eamico (Anexo I).<\/p>\r\n\r\n<p>Art. 11 Para a promo\u00e7\u00e3o \u00e0 classe de titular da carreira de Magist\u00e9rio do EBTT, o docente dever\u00e1 somar uma pontua\u00e7\u00e3o m\u00ednima de 70 pontos na avalia\u00e7\u00e3o de desempenho acad\u00eamico.<\/p>\r\n<br> \r\n<p><b><div align=\"center\">CAP\u00cdTULO IV<\/b><\/div><\/p>\r\n<p><b><div align=\"center\">DO MEMORIAL<\/b><\/div><\/p>\r\n<br>\r\n<p>Art. 12 O memorial previsto no artigo 7\u00ba desta resolu\u00e7\u00e3o deve incluir as fases de forma\u00e7\u00e3o acad\u00eamica. As experi\u00eancias nas atividades de ensino, pesquisa, extens\u00e3o, gest\u00e3o acad\u00eamica e produ\u00e7\u00e3o profissional que tenham sido relevantes no \u00e2mbito da atividade docente.<\/p>\r\n<p>\u00a71\u00ba O memorial poder\u00e1 seguir a estrutura sugerida no Anexo II desta resolu\u00e7\u00e3o, com comprova\u00e7\u00e3o.<\/p>\r\n<p>\u00a72\u00ba O docente que estiver afastado, com remunera\u00e7\u00e3o, por motivos previstos em Lei, salvo ced\u00eancia, receber\u00e1, proporcionalmente ao per\u00edodo de afastamento, a pontua\u00e7\u00e3o m\u00ednima necess\u00e1ria prevista na avalia\u00e7\u00e3o de desempenho.<\/p>\r\n<p>\u00a73\u00ba A comiss\u00e3o especial far\u00e1 a avalia\u00e7\u00e3o do professor em recinto fechado, que ser\u00e1, na sequ\u00eancia, divulgado para o candidato e a comunidade interessada. O conceito a ser atribu\u00eddo ao professor deve ser \u201caprovado\u201d ou \u201creprovado\u201d e registrado em ata conforme modelo do Anexo III desta resolu\u00e7\u00e3o.<\/p>\r\n<p>\u00a74\u00ba No julgamento final, cada avaliador atribuir\u00e1 um parecer ao memorial e, nos casos em que n\u00e3o houver consenso entre os avaliadores, dever\u00e3o ser aplicadas as regulamenta\u00e7\u00f5es estabelecidas nos incisos deste par\u00e1grafo.<\/p>\r\n<p>I - Ser\u00e1 considerado aprovado o servidor que obtiver aprova\u00e7\u00e3o por maioria simples dos membros da comiss\u00e3o especial.  Em caso de empate o voto de desempate ser\u00e1 do presidente da comiss\u00e3o.<\/p>\r\n<p>II - O candidato reprovado poder\u00e1 ter nova oportunidade de apresenta\u00e7\u00e3o e defesa no prazo de seis meses ap\u00f3s o resultado final. Neste caso, a data da promo\u00e7\u00e3o ser\u00e1 a da \u00faltima apresenta\u00e7\u00e3o e defesa do memorial.<\/p>\r\n<br>\r\n<p><b><div align=\"center\">CAP\u00cdTULO V<\/b><\/div><\/p>\r\n<p><b><div align=\"center\">DA DEFESA DE TESE IN\u00c9DITA<\/b><\/div><\/p>\r\n<br>\r\n<p>Art. 13 A defesa da tese acad\u00eamica referida no Art.  1\u00ba, inciso III, desta resolu\u00e7\u00e3o, ser\u00e1 realizada perante uma comiss\u00e3o especial.<\/p>\r\n<p>Par\u00e1grafo \u00fanico. A comiss\u00e3o especial ter\u00e1 a mesma composi\u00e7\u00e3o e forma de indica\u00e7\u00e3o especificada no Artigo 4\u00ba desta resolu\u00e7\u00e3o.<\/p>\r\n\r\n<p>Art.  14  A tese  acad\u00eamica  deve constituir-se em um trabalho pr\u00f3prio, in\u00e9dito, de contribui\u00e7\u00e3o  relevante e redigida em l\u00edngua  portuguesa.<\/p>\r\n<p>Par\u00e1grafo \u00fanico. A estrutura e a apresenta\u00e7\u00e3o da tese acad\u00eamica devem seguir o manual \u201cEstrutura e apresenta\u00e7\u00e3o de monografias, disserta\u00e7\u00f5es e teses (MDT) - PRPGP - UFSM, na vers\u00e3o mais atualizada dispon\u00edvel.<\/p>\r\n\r\n<p>Art. 15 No caso do docente optar pela defesa de tese acad\u00eamica - ao inv\u00e9s do memorial mencionado no Art. 1\u00ba, inciso Ill - o Conselho Diretor das unidades de EBTT, acompanhado pela CPPD - C\u00e2mara da EBTT, enviar\u00e3o os exemplares da tese acad\u00eamica aos membros da comiss\u00e3o especial, dando um prazo de 30 (trinta) dias para o in\u00edcio do processo de avalia\u00e7\u00e3o de desempenho e defesa da tese acad\u00eamica do docente avaliado.<\/p>\r\n<p>Art. 16 A defesa da tese acad\u00eamica dever\u00e1 ser aberta ao p\u00fablico. O autor da tese ter\u00e1 um tempo de at\u00e9 50 (cinquenta) minutos para fazer sua apresenta\u00e7\u00e3o.<\/p>\r\n<p>Art. 17 Na defesa da tese acad\u00eamica, os membros da comiss\u00e3o especial poder\u00e3o arguir o autor da tese por at\u00e9 30 (trinta) minutos e este dispor\u00e1, no m\u00ednimo, de igual tempo para responder a cada avaliador.<\/p>\r\n\r\n<p>Art. 18  Conclu\u00edda a etapa de argui\u00e7\u00e3o, a comiss\u00e3o especial far\u00e1 a atribui\u00e7\u00e3o do resultado final em recinto fechado, que ser\u00e1, na sequ\u00eancia, divulgado para o autor da tese e a comunidade  interessada.<\/p>\r\n<p>Par\u00e1grafo \u00fanico. O parecer a ser atribu\u00eddo deve ser \u201caprovado\u201d ou \u201creprovado\u201d e registrado em ata de defesa conforme modelo disponibilizado no Anexo IV.<\/p>\r\n\r\n<p>Art. 19 No julgamento final, cada avaliador atribuir\u00e1 um parecer a tese acad\u00eamica e, nos casos em que n\u00e3o houver consenso entre os avaliadores, dever\u00e3o ser aplicadas as regulamenta\u00e7\u00f5es estabelecidas nos incisos deste artigo.<\/p>\r\n<p>I - Ser\u00e1 considerado aprovado, na defesa da tese acad\u00eamica, o docente que obtiver aprova\u00e7\u00e3o por maioria simples dos membros da comiss\u00e3o especial. Em caso de empate o voto de desempate ser\u00e1 do presidente da comiss\u00e3o especial.<\/p>\r\n<p>II - O candidato reprovado poder\u00e1 ter nova oportunidade de defesa no prazo de seis meses. Neste caso, a nova data da promo\u00e7\u00e3o ser\u00e1 a da nova data de defesa da tese acad\u00eamica.<\/p>\r\n\r\n<p>Art. 20 No caso de aprova\u00e7\u00e3o da tese acad\u00eamica, a comiss\u00e3o especial definir\u00e1 pela necessidade ou n\u00e3o de modifica\u00e7\u00f5es no texto e fixar\u00e1 o prazo para efetu\u00e1-las, o qual n\u00e3o poder\u00e1 exceder a noventa dias a contar da data da defesa.<\/p>\r\n<p>Art. 21 O autor da tese acad\u00eamica dever\u00e1 apresentar uma c\u00f3pia impressa da vers\u00e3o definitiva da tese acad\u00eamica \u00e0 dire\u00e7\u00e3o da unidade de EBTT de lota\u00e7\u00e3o, contemplando as modifica\u00e7\u00f5es sugeridas pela comiss\u00e3o especial, ficando sob a responsabilidade do professor da UFSM, membro dessa comiss\u00e3o, a verifica\u00e7\u00e3o da inclus\u00e3o das modifica\u00e7\u00f5es.<\/p>\r\n<p>Par\u00e1grafo \u00fanico. Juntamente com a c\u00f3pia impressa, o (a) professor (a) dever\u00e1 entregar uma vers\u00e3o digital da tese acad\u00eamica, com a devida autoriza\u00e7\u00e3o para a disponibiliza\u00e7\u00e3o desta no s\u00edtio da biblioteca central da UFSM.<\/p>\r\n<br>\r\n<p><b><div align=\"center\">CAP\u00cdTULO V<\/b><\/div><\/p>\r\n<p><b><div align=\"center\">DAS DISPOSI\u00c7\u00d5ES GERAIS<\/b><\/div><\/p>\r\n<br>\r\n<p>Art. 22 O processo de avalia\u00e7\u00e3o para promo\u00e7\u00e3o \u00e0 classe de professor titular da carreira de Magist\u00e9rio do EBTT ser\u00e1 acompanhado pela CPPD - C\u00e2mara da EBTT.<\/p>\r\n<p>Art. 23 Ter\u00e1 direito a promo\u00e7\u00e3o \u00e0 classe de professor titular da carreira de Magist\u00e9rio do EBTT, o docente que atender aos requisitos do Art. 1\u00ba, inciso I, obtiver na avalia\u00e7\u00e3o de desempenho, pontua\u00e7\u00e3o igual ou superior a setenta (70) pontos na soma de todos os pontos estabelecidos no Anexo I desta resolu\u00e7\u00e3o e conseguir aprova\u00e7\u00e3o do memorial ou tese acad\u00eamica in\u00e9dita.<\/p>\r\n<p>Par\u00e1grafo \u00fanico. Conclu\u00edda a avalia\u00e7\u00e3o de desempenho e a apresenta\u00e7\u00e3o e defesa do memorial ou tese acad\u00eamica, a comiss\u00e3o especial elaborar\u00e1 uma ata de avalia\u00e7\u00e3o com seu parecer final.  Esta ata, junto com toda a documenta\u00e7\u00e3o da avalia\u00e7\u00e3o do desempenho acad\u00eamico, do memorial ou da tese acad\u00eamica, ser\u00e1 remetida \u00e0 CPPD - C\u00e2mara do EBTT, para homologa\u00e7\u00e3o e elabora\u00e7\u00e3o de minuta de portaria da promo\u00e7\u00e3o.<\/p>\r\n\r\n<p>Art. 24 Caso o docente deseje contestar o resultado do julgamento da sua avalia\u00e7\u00e3o de desempenho,  do  memorial  ou  da  tese  acad\u00eamica,  a  CPPD - C\u00e2mara do EBTT receber\u00e1 recurso, no prazo de at\u00e9  dez  (10)  dias  \u00fateis  a  contar da  publica\u00e7\u00e3o do julgamento na p\u00e1gina da UFSM (http:\/\/www.ufsm.br)  ou  ci\u00eancia  do requerente, sendo que o recurso  dever\u00e1 ser dirigido ao  presidente da  CPPD - C\u00e2mara  do  EBTT, o qual dever\u00e1 encaminh\u00e1-lo \u00e0 comiss\u00e3o especial para reavalia\u00e7\u00e3o e decis\u00e3o em at\u00e9 sessenta (60) dias do recebimento do processo.<\/p>\r\n<p>Art. 25 Os casos omissos ser\u00e3o resolvidos pela CPPD - C\u00e2mara da EBTT, cabendo recurso da decis\u00e3o ao CEPE.<\/p>\r\n<p>Art. 26 \u00c0 promo\u00e7\u00e3o a classe de professor titular da carreira de Magist\u00e9rio do EBTT deferida, gera efeitos financeiros a partir da data de cumprimento do interst\u00edcio m\u00ednimo de 24 meses no \u00faltimo n\u00edvel da Classe D IV, conforme o par\u00e1grafo \u00fanico do Art. 8\u00ba da <a href=\"https:\/\/propg.ufsc.br\/files\/2014\/02\/Diretrizes-do-MEC-titular-de-Carreira.pdf\" target=\"_blank\"><font color=\"blue\"><u>Portaria 982, de 03 de outubro de 2013<\/u><\/font><\/a>.<\/p>\r\n<p>Art. 27 A presente resolu\u00e7\u00e3o entra em vigor na data de sua publica\u00e7\u00e3o, revogadas as disposi\u00e7\u00f5es ao contr\u00e1rio.<\/p>\r\n\r\n<p>GABINETE DO REITOR DA UNIVERSIDADE FEDERAL DE SANTA MARIA, aos treze dias do m\u00eas de novembro do ano de dois mil e quatorze.<\/p>\r\n<\/div>\r\n<p>Paulo Afonso Burmann,<\/p>\r\n<p>Reitor<\/p>\r\n<br>\r\n<p><font color=\"red0000\">Este texto n\u00e3o substitui o documento original, publicado no Portal de Documentos.<\/font> Dispon\u00edvel em: <a href=\"https:\/\/portal.ufsm.br\/documentos\/publico\/documento.html?id=6724584\"><font color=\"blue\">https:\/\/portal.ufsm.br\/documentos\/publico\/documento.html?id=6724584<\/font><\/a>\r\n\r\n\t\t<\/div>\n\t\t\t\t<\/div>\n\t\t\t\t\t<\/div>\n\t\t<\/div>\n\t\t\t\t\t<\/div>\n\t\t<\/section>\n\t\t\t\t<\/div>\n\t\t","protected":false},"excerpt":{"rendered":"<p>RESOLU\u00c7\u00c3O N. 026\/2014 MINIST\u00c9RIO DA EDUCA\u00c7\u00c3O UNIVERSIDADE FEDERAL DE SANTA MARIA RESOLU\u00c7\u00c3O N. 026\/2014 Regulamenta a promo\u00e7\u00e3o para a classe de titular da carreira do Ensino B\u00e1sico, T\u00e9cnico e Tecnol\u00f3gico da Universidade Federal de Santa Maria, de acordo com a legisla\u00e7\u00e3o vigente e d\u00e1 outras provid\u00eancias. O REITOR DA UNIVERSIDADE FEDERAL DE SANTA MARIA, no [&hellip;]<\/p>\n","protected":false},"author":205,"featured_media":0,"parent":0,"menu_order":0,"comment_status":"closed","ping_status":"closed","template":"","meta":{"footnotes":""},"categories":[],"tags":[],"class_list":["post-2740","page","type-page","status-publish","hentry"],"acf":[],"_links":{"self":[{"href":"https:\/\/www.ufsm.br\/pro-reitorias\/proplan\/wp-json\/wp\/v2\/pages\/2740","targetHints":{"allow":["GET"]}}],"collection":[{"href":"https:\/\/www.ufsm.br\/pro-reitorias\/proplan\/wp-json\/wp\/v2\/pages"}],"about":[{"href":"https:\/\/www.ufsm.br\/pro-reitorias\/proplan\/wp-json\/wp\/v2\/types\/page"}],"author":[{"embeddable":true,"href":"https:\/\/www.ufsm.br\/pro-reitorias\/proplan\/wp-json\/wp\/v2\/users\/205"}],"replies":[{"embeddable":true,"href":"https:\/\/www.ufsm.br\/pro-reitorias\/proplan\/wp-json\/wp\/v2\/comments?post=2740"}],"version-history":[{"count":0,"href":"https:\/\/www.ufsm.br\/pro-reitorias\/proplan\/wp-json\/wp\/v2\/pages\/2740\/revisions"}],"wp:attachment":[{"href":"https:\/\/www.ufsm.br\/pro-reitorias\/proplan\/wp-json\/wp\/v2\/media?parent=2740"}],"wp:term":[{"taxonomy":"category","embeddable":true,"href":"https:\/\/www.ufsm.br\/pro-reitorias\/proplan\/wp-json\/wp\/v2\/categories?post=2740"},{"taxonomy":"post_tag","embeddable":true,"href":"https:\/\/www.ufsm.br\/pro-reitorias\/proplan\/wp-json\/wp\/v2\/tags?post=2740"}],"curies":[{"name":"wp","href":"https:\/\/api.w.org\/{rel}","templated":true}]}}