{"id":2749,"date":"2019-11-25T11:24:04","date_gmt":"2019-11-25T14:24:04","guid":{"rendered":"https:\/\/www.ufsm.br\/pro-reitorias\/proplan\/?page_id=2749"},"modified":"2020-05-18T08:36:20","modified_gmt":"2020-05-18T11:36:20","slug":"resolucao-n-017-2014","status":"publish","type":"page","link":"https:\/\/www.ufsm.br\/pro-reitorias\/proplan\/resolucao-n-017-2014","title":{"rendered":"Resolu\u00e7\u00e3o N. 017\/2014"},"content":{"rendered":"\t\t<div data-elementor-type=\"wp-page\" data-elementor-id=\"2749\" class=\"elementor elementor-2749\">\n\t\t\t\t\t\t<section class=\"elementor-section elementor-top-section elementor-element elementor-element-2a64639 elementor-section-boxed elementor-section-height-default elementor-section-height-default\" data-id=\"2a64639\" data-element_type=\"section\">\n\t\t\t\t\t\t<div class=\"elementor-container elementor-column-gap-default\">\n\t\t\t\t\t<div class=\"elementor-column elementor-col-100 elementor-top-column elementor-element elementor-element-3a047a8\" data-id=\"3a047a8\" data-element_type=\"column\">\n\t\t\t<div class=\"elementor-widget-wrap elementor-element-populated\">\n\t\t\t\t\t\t<div class=\"elementor-element elementor-element-4f5bdcb elementor-widget elementor-widget-html\" data-id=\"4f5bdcb\" data-element_type=\"widget\" data-widget_type=\"html.default\">\n\t\t\t\t<div class=\"elementor-widget-container\">\n\t\t\t\r\n\r\n\r\n<title><b>RESOLU\u00c7\u00c3O N. 017\/2014<\/b><\/title>\r\n\r\n\r\n<div align=\"center\"><img decoding=\"async\" src=\"https:\/\/www.ufsm.br\/pro-reitorias\/proplan\/wp-content\/uploads\/sites\/344\/2019\/09\/brasao-da-republica-do-brasil-logo.png\" alt=\"Bras\u00e3o Rep\u00fablica Federativa do Brasil\" width=\"6%\" height=\"6%\"><\/div>    \r\n<h1><font color=\"blue\"><font size=\"5\"><div align=\"center\">MINIST\u00c9RIO DA EDUCA\u00c7\u00c3O<\/b><\/font><\/font><\/div><\/H1>\r\n<p><b><font color=\"0000blue\"><div align=\"center\">UNIVERSIDADE FEDERAL DE SANTA MARIA<\/b><\/font><\/div><\/p>\r\n\r\n<p><div align=\"center\"><b><a href=\"https:\/\/portal.ufsm.br\/documentos\/publico\/documento.html?id=6514252\"><font color=\"blue\">RESOLU\u00c7\u00c3O N. 017\/2014<\/font><\/a><\/b><\/div><\/p>\r\n<br>\r\n<p><div align=\"right\"><font color=\"800000\">Aprova Normas para Avalia\u00e7\u00e3o de Desempenho Docente para fins de desenvolvimento na Carreira do Magist\u00e9rio do Ensino B\u00e1sico, T\u00e9cnico e Tecnol\u00f3gico da Universidade Federal de Santa Maria (UFSM), com vistas \u00e0 Progress\u00e3o e Promo\u00e7\u00e3o Funcional.<\/font><\/div><\/p>\r\n<br><div align=\"justify\">\r\n\r\n<p>O REITOR DA UNIVERSIDADE FEDERAL DE SANTA MARIA, no uso de suas atribui\u00e7\u00f5es legais e estatut\u00e1rias e considerando:<\/p>\r\n<p>- a necessidade de adapta\u00e7\u00e3o das normas \u00e0 legisla\u00e7\u00e3o vigente; e<\/p>\r\n<p>- o Parecer n. 094\/2014 da Comiss\u00e3o de Legisla\u00e7\u00e3o e Normas (CLN) aprovado na 849\u00aa Sess\u00e3o do Conselho de Ensino, Pesquisa e Extens\u00e3o, de 04.07.2014, conforme Processo n. <a href=\"https:\/\/portal.ufsm.br\/documentos\/publico\/processo\/documento.html?idDocumento=6336373\" target=\"_blank\"><font color=\"blue\"><u>23081.006001\/2014-14<\/u><\/font><\/a>.<\/p>\r\n<br>\r\n<p><b><div align=\"center\">RESOLVE:<\/b><\/div><\/p>\r\n<br>\r\n<p>Art. 1\u00ba Aprovar Normas para Avalia\u00e7\u00e3o de Desempenho Docente para fins de desenvolvimento na Carreira do Magist\u00e9rio do Ensino B\u00e1sico, T\u00e9cnico e Tecnol\u00f3gico da Universidade Federal de Santa Maria, com vistas \u00e0 Progress\u00e3o e Promo\u00e7\u00e3o Funcional.<\/p>\r\n<p>Art. 2\u00ba O desenvolvimento na Carreira do Magist\u00e9rio do Ensino B\u00e1sico, T\u00e9cnico e Tecnol\u00f3gico, conforme o estabelecido nas leis <a href=\"http:\/\/www.planalto.gov.br\/ccivil_03\/_ato2011-2014\/2012\/lei\/l12772.htm\" target=\"_blank\"><font color=\"blue\"><u>n. 12.772, de 28 de dezembro de 2012<\/u><\/font><\/a> (<a href=\"http:\/\/www.in.gov.br\/materia\/-\/asset_publisher\/Kujrw0TZC2Mb\/content\/id\/30686939\/do1-2013-06-21-portaria-n-554-de-20-de-junho-de-2013-30686935\" target=\"_blank\"><font color=\"blue\"><u>Portaria n. 554, de 20 de junho de 2013)<\/u><\/font><\/a> e <a href=\"http:\/\/www.planalto.gov.br\/ccivil_03\/_ato2011-2014\/2013\/Lei\/L12863.htm\" target=\"_blank\"><font color=\"blue\"><u>n. 12.863, de 24 de setembro de 2013<\/u><\/font><\/a>, ocorrer\u00e1 mediante progress\u00e3o ou promo\u00e7\u00e3o ap\u00f3s o cumprimento, pelo docente, do interst\u00edcio de vinte e quatro meses mediante avalia\u00e7\u00e3o de desempenho.<\/p>\r\n<p>Art. 3\u00ba A solicita\u00e7\u00e3o para o desenvolvimento na Carreira do Magist\u00e9rio do EBTT junto \u00e0 Institui\u00e7\u00e3o \u00e9 de responsabilidade do docente.<\/p>\r\n<p>Art. 4\u00ba A avalia\u00e7\u00e3o do desempenho docente, para efeito de promo\u00e7\u00e3o ou progress\u00e3o na Carreira do Magist\u00e9rio, ser\u00e1 baseada nos seguintes itens:<\/p>\r\n<p>I - desempenho did\u00e1tico-pedag\u00f3gico e administrativo (m\u00e1ximo 55 pontos);<\/p>\r\n<p>II - forma\u00e7\u00e3o, aperfei\u00e7oamento, atualiza\u00e7\u00e3o docente e produ\u00e7\u00e3o intelectual (m\u00e1ximo 20 pontos);<\/p>\r\n<p>III - orienta\u00e7\u00f5es, extens\u00e3o, administra\u00e7\u00e3o e outras atividades (m\u00e1ximo 20 pontos); e<\/p>\r\n<p>IV - avalia\u00e7\u00e3o discente (m\u00e1ximo 5 pontos).<\/p>\r\n\r\n<p>Art. 5\u00ba Para a progress\u00e3o ou promo\u00e7\u00e3o, o docente dever\u00e1 somar no m\u00ednimo 70 pontos.<\/p>\r\n<p>Art. 6\u00ba A certifica\u00e7\u00e3o das participa\u00e7\u00f5es acad\u00eamicas, did\u00e1ticas, t\u00e9cnicas, administrativas e de outras atividades, dever\u00e1 ser solicitada pelo docente nos Departamentos, Coordena\u00e7\u00f5es, Dire\u00e7\u00e3o ou \u00f3rg\u00e3os respons\u00e1veis pela organiza\u00e7\u00e3o dos eventos.<\/p>\r\n<p>Art. 7\u00ba As atividades desenvolvidas em cada item ser\u00e3o pontuadas conforme planilha em anexo.<\/p>\r\n<p>Art. 8\u00ba A aplica\u00e7\u00e3o da avalia\u00e7\u00e3o discente ser\u00e1 de responsabilidade do departamento de ensino que encaminhar\u00e1, semestralmente, os resultados a subcomiss\u00e3o da CPPD.<\/p>\r\n<p>Art. 9\u00ba Esta resolu\u00e7\u00e3o entrar\u00e1 em vigor na data de sua assinatura e revoga a disposi\u00e7\u00f5es em contr\u00e1rio.<\/p>\r\n\r\n<p>GABINETE DO REITOR DA UNIVERSIDADE FEDERAL DE SANTA MARIA, aos vinte e dois dias do m\u00eas de julho do ano dois mil e quatorze.<\/p>\r\n<\/div>\r\n<p>Paulo Afonso Burmann,<\/p>\r\n<p>Reitor<\/p>\r\n\r\n<p><b><a href=\"https:\/\/portal.ufsm.br\/documentos\/publico\/documento.html?id=12833217\"><font color=\"blue\">ANEXO DA RESOLU\u00c7\u00c3O N. 017\/2014<\/font><\/a><\/b><\/p>\r\n\r\n<p><font color=\"red0000\">Este texto n\u00e3o substitui o documento original, publicado no Portal de Documentos.<\/font> Dispon\u00edvel em: <a href=\"https:\/\/portal.ufsm.br\/documentos\/publico\/documento.html?id=6514252\"><font color=\"blue\">https:\/\/portal.ufsm.br\/documentos\/publico\/documento.html?id=6514252<\/font><\/a>\r\n\r\n\t\t<\/div>\n\t\t\t\t<\/div>\n\t\t\t\t\t<\/div>\n\t\t<\/div>\n\t\t\t\t\t<\/div>\n\t\t<\/section>\n\t\t\t\t<\/div>\n\t\t","protected":false},"excerpt":{"rendered":"<p>RESOLU\u00c7\u00c3O N. 017\/2014 MINIST\u00c9RIO DA EDUCA\u00c7\u00c3O UNIVERSIDADE FEDERAL DE SANTA MARIA RESOLU\u00c7\u00c3O N. 017\/2014 Aprova Normas para Avalia\u00e7\u00e3o de Desempenho Docente para fins de desenvolvimento na Carreira do Magist\u00e9rio do Ensino B\u00e1sico, T\u00e9cnico e Tecnol\u00f3gico da Universidade Federal de Santa Maria (UFSM), com vistas \u00e0 Progress\u00e3o e Promo\u00e7\u00e3o Funcional. O REITOR DA UNIVERSIDADE FEDERAL DE [&hellip;]<\/p>\n","protected":false},"author":205,"featured_media":0,"parent":0,"menu_order":0,"comment_status":"closed","ping_status":"closed","template":"","meta":{"footnotes":""},"categories":[],"tags":[],"class_list":["post-2749","page","type-page","status-publish","hentry"],"acf":[],"_links":{"self":[{"href":"https:\/\/www.ufsm.br\/pro-reitorias\/proplan\/wp-json\/wp\/v2\/pages\/2749","targetHints":{"allow":["GET"]}}],"collection":[{"href":"https:\/\/www.ufsm.br\/pro-reitorias\/proplan\/wp-json\/wp\/v2\/pages"}],"about":[{"href":"https:\/\/www.ufsm.br\/pro-reitorias\/proplan\/wp-json\/wp\/v2\/types\/page"}],"author":[{"embeddable":true,"href":"https:\/\/www.ufsm.br\/pro-reitorias\/proplan\/wp-json\/wp\/v2\/users\/205"}],"replies":[{"embeddable":true,"href":"https:\/\/www.ufsm.br\/pro-reitorias\/proplan\/wp-json\/wp\/v2\/comments?post=2749"}],"version-history":[{"count":0,"href":"https:\/\/www.ufsm.br\/pro-reitorias\/proplan\/wp-json\/wp\/v2\/pages\/2749\/revisions"}],"wp:attachment":[{"href":"https:\/\/www.ufsm.br\/pro-reitorias\/proplan\/wp-json\/wp\/v2\/media?parent=2749"}],"wp:term":[{"taxonomy":"category","embeddable":true,"href":"https:\/\/www.ufsm.br\/pro-reitorias\/proplan\/wp-json\/wp\/v2\/categories?post=2749"},{"taxonomy":"post_tag","embeddable":true,"href":"https:\/\/www.ufsm.br\/pro-reitorias\/proplan\/wp-json\/wp\/v2\/tags?post=2749"}],"curies":[{"name":"wp","href":"https:\/\/api.w.org\/{rel}","templated":true}]}}