{"id":2753,"date":"2019-11-25T13:28:44","date_gmt":"2019-11-25T16:28:44","guid":{"rendered":"https:\/\/www.ufsm.br\/pro-reitorias\/proplan\/?page_id=2753"},"modified":"2025-01-28T10:24:28","modified_gmt":"2025-01-28T13:24:28","slug":"resolucao-n-022-2014","status":"publish","type":"page","link":"https:\/\/www.ufsm.br\/pro-reitorias\/proplan\/resolucao-n-022-2014","title":{"rendered":"Resolu\u00e7\u00e3o N. 022\/2014"},"content":{"rendered":"\t\t<div data-elementor-type=\"wp-page\" data-elementor-id=\"2753\" class=\"elementor elementor-2753\">\n\t\t\t\t\t\t<section class=\"elementor-section elementor-top-section elementor-element elementor-element-b216c00 elementor-section-boxed elementor-section-height-default elementor-section-height-default\" data-id=\"b216c00\" data-element_type=\"section\">\n\t\t\t\t\t\t<div class=\"elementor-container elementor-column-gap-default\">\n\t\t\t\t\t<div class=\"elementor-column elementor-col-100 elementor-top-column elementor-element elementor-element-3f2e61a\" data-id=\"3f2e61a\" data-element_type=\"column\">\n\t\t\t<div class=\"elementor-widget-wrap elementor-element-populated\">\n\t\t\t\t\t\t<div class=\"elementor-element elementor-element-767eabf elementor-widget elementor-widget-html\" data-id=\"767eabf\" data-element_type=\"widget\" data-widget_type=\"html.default\">\n\t\t\t\t<div class=\"elementor-widget-container\">\n\t\t\t\r\n\r\n\r\n<title><b>RESOLU\u00c7\u00c3O N. 022\/2014<\/b><\/title>\r\n\r\n\r\n<div align=\"center\"><img decoding=\"async\" src=\"https:\/\/www.ufsm.br\/pro-reitorias\/proplan\/wp-content\/uploads\/sites\/344\/2019\/09\/brasao-da-republica-do-brasil-logo.png\" alt=\"Bras\u00e3o Rep\u00fablica Federativa do Brasil\" width=\"6%\" height=\"6%\"><\/div>    \r\n<h1><font color=\"blue\"><font size=\"5\"><div align=\"center\">MINIST\u00c9RIO DA EDUCA\u00c7\u00c3O<\/b><\/font><\/font><\/div><\/H1>\r\n<p><b><font color=\"0000blue\"><div align=\"center\">UNIVERSIDADE FEDERAL DE SANTA MARIA<\/b><\/font><\/div><\/p>\r\n\r\n<p><div align=\"center\"><b><a href=\"https:\/\/portal.ufsm.br\/documentos\/publico\/documento.html?id=6601512\"><font color=\"blue\">RESOLU\u00c7\u00c3O N. 022\/2014<\/font><\/a><\/b><\/div><\/p>\r\n<br>\r\n<p><div align=\"right\"><font color=\"800000\">Institui o Regimento Interno da Comiss\u00e3o Permanente de Pessoal Docente.<\/font><\/div><\/p>\r\n<br><div align=\"justify\">\r\n<p>O REITOR DA UNIVERSIDADE FEDERAL DE SANTA MARIA, no uso de suas atribui\u00e7\u00f5es legais e estatut\u00e1rias e considerando:<\/p>\r\n<p>- a <a href=\"http:\/\/www.planalto.gov.br\/ccivil_03\/_ato2011-2014\/2012\/lei\/l12772.htm\" target=\"_blank\"><font color=\"blue\"><u>Lei N. 12.772 de 28 de dezembro de 2012<\/u><\/font><\/a>, que disp\u00f5e sobre a reestrutura\u00e7\u00e3o do Plano de Carreiras e Cargos de Magist\u00e9rio Federal (PCCMF);<\/p>\r\n<p>- a <a href=\"http:\/\/www.planalto.gov.br\/ccivil_03\/_ato2011-2014\/2013\/Lei\/L12863.htm\" target=\"_blank\"><font color=\"blue\"><u>Lei N. 12.863 de 24 de setembro de 2013<\/u><\/font><\/a>, que altera a <a href=\"http:\/\/www.planalto.gov.br\/ccivil_03\/_ato2011-2014\/2012\/lei\/l12772.htm\" target=\"_blank\"><font color=\"blue\"><u>Lei N. 12.772<\/u><\/font><\/a>;<\/p>\r\n<p>- a necessidade de adequar as compet\u00eancias e a forma de composi\u00e7\u00e3o da Comiss\u00e3o Permanente de Pessoal Docente;<\/p>\r\n<p>- o Parecer n. 131\/2014 da Comiss\u00e3o de Legisla\u00e7\u00e3o e Regimentos (CLR), aprovado na 764\u00aa Sess\u00e3o do Conselho Universit\u00e1rio, de 29.08.2014, referente ao Processo n. <a href=\"https:\/\/portal.ufsm.br\/documentos\/publico\/processo\/documento.html?idDocumento=6510070\" target=\"_blank\"><font color=\"blue\"><u>23081.011835\/2014-41<\/u><\/font><\/a>.<\/p>\r\n<br>\r\n<font color=\"black\">\r\n<p><b><div align=\"center\">RESOLVE:<\/b><\/div><\/p>\r\n<br>\r\n<p>\r\n<p>Art. 1\u00ba Instituir o <a href=\"https:\/\/www.ufsm.br\/pro-reitorias\/proplan\/regimento-interno-da-comissao-permanente-de-pessoal-docente-2014\/\" target=\"_blank\"><font color=\"blue\"><u>Regimento Interno da Comiss\u00e3o Permanente de Pessoal Docente da Universidade Federal de Santa Maria<\/u><\/font><\/a>.<\/p>\r\n<p>Art. 2\u00ba Fica criada na estrutura organizacional da Pr\u00f3-Reitoria de Gest\u00e3o de Pessoas, a Secretaria T\u00e9cnica de Pessoal Docente, como subunidade operacional integrante da Pol\u00edtica de Pessoal Docente.<\/p>\r\n<p>Par\u00e1grafo \u00fanico. As compet\u00eancias, organiza\u00e7\u00e3o e funcionamento da Secretaria a que se refere o caput s\u00e3o especificadas no Regimento Interno da Comiss\u00e3o Permanente de Pessoal Docente.<\/p>\r\n\r\n<p>Art. 3\u00ba Caber\u00e1 \u00e0 Pr\u00f3-Reitoria de Planejamento proceder \u00e0s altera\u00e7\u00f5es no Sistema de Classifica\u00e7\u00e3o Institucional, \u00e0 Pr\u00f3-Reitoria de Gest\u00e3o de Pessoas realizar a lota\u00e7\u00e3o dos recursos humanos e, ao Departamento de Material e Patrim\u00f4nio a adequa\u00e7\u00e3o do registro dos m\u00f3veis e equipamentos.<\/p>\r\n<p>Art. 4\u00ba Esta resolu\u00e7\u00e3o entra em vigor na data de sua assinatura e revoga a <a href=\"https:\/\/www.ufsm.br\/pro-reitorias\/proplan\/resolucao-n-015-2008\" target=\"_blank\"><font color=\"blue\"><u>Resolu\u00e7\u00e3o 015\/08<\/u><\/font><\/a>;<\/p>\r\n<p>- a necessidade de adequar as compet\u00eancias e a forma de composi\u00e7\u00e3o da Comiss\u00e3o Permanente de Pessoal Docente;<\/p>\r\n<p>- o Parecer n. 131\/2014 da Comiss\u00e3o de Legisla\u00e7\u00e3o e Regimentos (CLR), aprovado na 764\u00aa Sess\u00e3o do Conselho Universit\u00e1rio, de 29.08.2014, referente ao Processo n. <a href=\"https:\/\/portal.ufsm.br\/documentos\/publico\/processo\/documento.html?idDocumento=6510070\" target=\"_blank\"><font color=\"blue\"><u>23081.011835\/2014-41<\/u><\/font><\/a>.<\/p>\r\n\r\n<br>\r\n<font color=\"black\">\r\n<p>GABINETE DO REITOR DA UNIVERSIDADE FEDERAL DE SANTA MARIA, aos doze dias do m\u00eas de setembro do ano dois mil e quatorze.<\/p>\r\n<\/div>\r\n<p>Paulo Bayard Dias Gon\u00e7alves<\/p>\r\n<p>Vice Reitor no exerc\u00edcio da Reitoria<\/p>\r\n<br>\r\n\r\n<p><font color=\"red0000\">Este texto n\u00e3o substitui o documento original, publicado no Portal de Documentos.<\/font> Dispon\u00edvel em: <a href=\"https:\/\/portal.ufsm.br\/documentos\/publico\/documento.html?id=6601512\"><font color=\"blue\">https:\/\/portal.ufsm.br\/documentos\/publico\/documento.html?id=6601512<\/font><\/a>\r\n\r\n\t\t<\/div>\n\t\t\t\t<\/div>\n\t\t\t\t\t<\/div>\n\t\t<\/div>\n\t\t\t\t\t<\/div>\n\t\t<\/section>\n\t\t\t\t<\/div>\n\t\t","protected":false},"excerpt":{"rendered":"<p>RESOLU\u00c7\u00c3O N. 022\/2014 MINIST\u00c9RIO DA EDUCA\u00c7\u00c3O UNIVERSIDADE FEDERAL DE SANTA MARIA RESOLU\u00c7\u00c3O N. 022\/2014 Institui o Regimento Interno da Comiss\u00e3o Permanente de Pessoal Docente. O REITOR DA UNIVERSIDADE FEDERAL DE SANTA MARIA, no uso de suas atribui\u00e7\u00f5es legais e estatut\u00e1rias e considerando: &#8211; a Lei N. 12.772 de 28 de dezembro de 2012, que disp\u00f5e [&hellip;]<\/p>\n","protected":false},"author":205,"featured_media":0,"parent":0,"menu_order":0,"comment_status":"closed","ping_status":"closed","template":"","meta":{"footnotes":""},"categories":[],"tags":[],"class_list":["post-2753","page","type-page","status-publish","hentry"],"acf":[],"_links":{"self":[{"href":"https:\/\/www.ufsm.br\/pro-reitorias\/proplan\/wp-json\/wp\/v2\/pages\/2753","targetHints":{"allow":["GET"]}}],"collection":[{"href":"https:\/\/www.ufsm.br\/pro-reitorias\/proplan\/wp-json\/wp\/v2\/pages"}],"about":[{"href":"https:\/\/www.ufsm.br\/pro-reitorias\/proplan\/wp-json\/wp\/v2\/types\/page"}],"author":[{"embeddable":true,"href":"https:\/\/www.ufsm.br\/pro-reitorias\/proplan\/wp-json\/wp\/v2\/users\/205"}],"replies":[{"embeddable":true,"href":"https:\/\/www.ufsm.br\/pro-reitorias\/proplan\/wp-json\/wp\/v2\/comments?post=2753"}],"version-history":[{"count":0,"href":"https:\/\/www.ufsm.br\/pro-reitorias\/proplan\/wp-json\/wp\/v2\/pages\/2753\/revisions"}],"wp:attachment":[{"href":"https:\/\/www.ufsm.br\/pro-reitorias\/proplan\/wp-json\/wp\/v2\/media?parent=2753"}],"wp:term":[{"taxonomy":"category","embeddable":true,"href":"https:\/\/www.ufsm.br\/pro-reitorias\/proplan\/wp-json\/wp\/v2\/categories?post=2753"},{"taxonomy":"post_tag","embeddable":true,"href":"https:\/\/www.ufsm.br\/pro-reitorias\/proplan\/wp-json\/wp\/v2\/tags?post=2753"}],"curies":[{"name":"wp","href":"https:\/\/api.w.org\/{rel}","templated":true}]}}