{"id":2780,"date":"2019-11-27T08:07:46","date_gmt":"2019-11-27T11:07:46","guid":{"rendered":"https:\/\/www.ufsm.br\/pro-reitorias\/proplan\/?page_id=2780"},"modified":"2022-03-21T13:42:18","modified_gmt":"2022-03-21T16:42:18","slug":"resolucao-n-017-2013","status":"publish","type":"page","link":"https:\/\/www.ufsm.br\/pro-reitorias\/proplan\/resolucao-n-017-2013","title":{"rendered":"Resolu\u00e7\u00e3o N. 017\/2013"},"content":{"rendered":"\t\t<div data-elementor-type=\"wp-page\" data-elementor-id=\"2780\" class=\"elementor elementor-2780\">\n\t\t\t\t\t\t<section class=\"elementor-section elementor-top-section elementor-element elementor-element-439d94aa elementor-section-boxed elementor-section-height-default elementor-section-height-default\" data-id=\"439d94aa\" data-element_type=\"section\">\n\t\t\t\t\t\t<div class=\"elementor-container elementor-column-gap-default\">\n\t\t\t\t\t<div class=\"elementor-column elementor-col-100 elementor-top-column elementor-element elementor-element-a24b53f\" data-id=\"a24b53f\" data-element_type=\"column\">\n\t\t\t<div class=\"elementor-widget-wrap elementor-element-populated\">\n\t\t\t\t\t\t<div class=\"elementor-element elementor-element-22cb218b elementor-widget elementor-widget-text-editor\" data-id=\"22cb218b\" data-element_type=\"widget\" data-widget_type=\"text-editor.default\">\n\t\t\t\t<div class=\"elementor-widget-container\">\n\t\t\t\t\t\t\t<!-- wp:tadv\/classic-paragraph \/-->\t\t\t\t\t\t<\/div>\n\t\t\t\t<\/div>\n\t\t\t\t\t<\/div>\n\t\t<\/div>\n\t\t\t\t\t<\/div>\n\t\t<\/section>\n\t\t\t\t<section class=\"elementor-section elementor-top-section elementor-element elementor-element-56bcb4c elementor-section-boxed elementor-section-height-default elementor-section-height-default\" data-id=\"56bcb4c\" data-element_type=\"section\">\n\t\t\t\t\t\t<div class=\"elementor-container elementor-column-gap-default\">\n\t\t\t\t\t<div class=\"elementor-column elementor-col-100 elementor-top-column elementor-element elementor-element-f69111f\" data-id=\"f69111f\" data-element_type=\"column\">\n\t\t\t<div class=\"elementor-widget-wrap elementor-element-populated\">\n\t\t\t\t\t\t<div class=\"elementor-element elementor-element-aa98201 elementor-widget elementor-widget-html\" data-id=\"aa98201\" data-element_type=\"widget\" data-widget_type=\"html.default\">\n\t\t\t\t<div class=\"elementor-widget-container\">\n\t\t\t\r\n\r\n\r\n<title><b>RESOLU\u00c7\u00c3O N. 017\/2013<\/b><\/title>\r\n\r\n\r\n<div align=\"center\"><img decoding=\"async\" src=\"https:\/\/www.ufsm.br\/pro-reitorias\/proplan\/wp-content\/uploads\/sites\/344\/2019\/09\/brasao-da-republica-do-brasil-logo.png\" alt=\"Bras\u00e3o Rep\u00fablica Federativa do Brasil\" width=\"6%\" height=\"6%\"><\/div>    \r\n<h1><font color=\"blue\"><font size=\"5\"><div align=\"center\">MINIST\u00c9RIO DA EDUCA\u00c7\u00c3O<\/b><\/font><\/font><\/div><\/H1>\r\n<p><b><font color=\"0000blue\"><div align=\"center\">UNIVERSIDADE FEDERAL DE SANTA MARIA<\/b><\/font><\/div><\/p>\r\n\r\n<p><div align=\"center\"><b><a href=\"https:\/\/portal.ufsm.br\/documentos\/publico\/documento.html?id=5906134\"><font color=\"blue\">RESOLU\u00c7\u00c3O N. 017\/2013<\/font><\/a><\/b><\/div><\/p>\r\n<br>\r\n<p><div align=\"right\"><font color=\"800000\"><s>Aprova a cria\u00e7\u00e3o, ad referendum, do Curso-Programa de P\u00f3s-Gradua\u00e7\u00e3o em Educa\u00e7\u00e3o Matem\u00e1tica e Ensino de F\u00edsica \u2013 PPGEM&amp;EF, na estrutura organizacional do Centro de Ci\u00eancias Naturais e Exatas, desta Universidade.<\/s><\/font><\/div><\/p>\r\n<br>\r\n<p><a href=\"https:\/\/www.ufsm.br\/pro-reitorias\/proplan\/resolucao-ufsm-n-076-2022\/\" target=\"_blank\"><font color=\"blue\">Revogada pela Resolu\u00e7\u00e3o UFSM N. 076\/2022<\/font><\/a><\/p>\r\n<br><div align=\"justify\">\r\n<p><s>O REITOR DA UNIVERSIDADE FEDERAL DE SANTA MARIA, no uso de suas atribui\u00e7\u00f5es legais e estatut\u00e1rias e considerando:<\/p>\r\n<p>- que o Comit\u00ea da Coordena\u00e7\u00e3o de Aperfei\u00e7oamento de Pessoal de N\u00edvel Superior (CAPES), respons\u00e1vel por aprovar programas de p\u00f3s-gradua\u00e7\u00e3o da \u00e1rea de ensino aprovou, em sua reuni\u00e3o de mar\u00e7o de 2013, a cria\u00e7\u00e3o do PPGEM&amp;EF;<\/p>\r\n<p>- que, por orienta\u00e7\u00e3o da Pr\u00f3-Reitoria de P\u00f3s-Gradua\u00e7\u00e3o e Pesquisa \u2014 PRPGP da UFSM, o PPGEM&amp;EF, em obedi\u00eancia ao calend\u00e1rio estabelecido aos cursos de p\u00f3s-gradua\u00e7\u00e3o da UFSM de 2013, ir\u00e1 come\u00e7ar suas atividades regulares no segundo semestre desse ano, e<\/p>\r\n<p>- que, para o atendimento dessa orienta\u00e7\u00e3o, se faz necess\u00e1ria a publica\u00e7\u00e3o do Edital ao processo seletivo e a promo\u00e7\u00e3o da sele\u00e7\u00e3o dos alunos da primeira turma dentro dos prazos h\u00e1beis, referente ao Processo n. <a href=\"https:\/\/portal.ufsm.br\/documentos\/publico\/processo\/documento.html?idDocumento=5163565\" target=\"_blank\"><font color=\"blue\"><u>23081.004714\/2012-81<\/u><\/font><\/a>.<\/p>\r\n<br>\r\n<p><b><div align=\"center\">RESOLVE:<\/b><\/div><\/p>\r\n<br>\r\n<p>Art. 1\u00ba Aprovar a cria\u00e7\u00e3o, ad referendum, do Curso-Programa de P\u00f3s-Gradua\u00e7\u00e3o em Educa\u00e7\u00e3o Matem\u00e1tica e Ensino de F\u00edsica - PPGEM&amp;EF, na estrutura organizacional do Centro de Ci\u00eancias Naturais e Exatas, desta Universidade.<\/p>\r\n<p>Art. 2\u00ba Fica igualmente criada a Coordena\u00e7\u00e3o do referido Programa, para efeitos de seu registro no Sistema de Informa\u00e7\u00f5es Organizacionais do Governo Federal \u2014 SIORG.<\/p>\r\n<p>Art. 3\u00ba Esta resolu\u00e7\u00e3o entrar\u00e1 em vigor na data de sua assinatura, revogadas as disposi\u00e7\u00f5es em contr\u00e1rio.<\/p>\r\n\r\n<p>GABINETE DO REITOR DA UNIVERSIDADE FEDERAL DE SANTA MARIA, aos vinte dias do m\u00eas de junho do ano dois mil e treze.<\/p>\r\n<\/div>\r\n<p>Dalvan Jos\u00e9 Reinert,<\/p>\r\n<p>Vice-Reitor no exerc\u00edcio da Reitoria.<\/s><\/p>\r\n\r\n<p><font color=\"red0000\">Este texto n\u00e3o substitui o documento original, publicado no Portal de Documentos.<\/font> Dispon\u00edvel em: <a href=\"https:\/\/portal.ufsm.br\/documentos\/publico\/documento.html?id=5906134\"><font color=\"blue\">https:\/\/portal.ufsm.br\/documentos\/publico\/documento.html?id=5906134<\/font><\/a>\r\n\r\n\r\n\t\t<\/div>\n\t\t\t\t<\/div>\n\t\t\t\t\t<\/div>\n\t\t<\/div>\n\t\t\t\t\t<\/div>\n\t\t<\/section>\n\t\t\t\t<\/div>\n\t\t","protected":false},"excerpt":{"rendered":"<p>RESOLU\u00c7\u00c3O N. 017\/2013 MINIST\u00c9RIO DA EDUCA\u00c7\u00c3O UNIVERSIDADE FEDERAL DE SANTA MARIA RESOLU\u00c7\u00c3O N. 017\/2013 Aprova a cria\u00e7\u00e3o, ad referendum, do Curso-Programa de P\u00f3s-Gradua\u00e7\u00e3o em Educa\u00e7\u00e3o Matem\u00e1tica e Ensino de F\u00edsica \u2013 PPGEM&amp;EF, na estrutura organizacional do Centro de Ci\u00eancias Naturais e Exatas, desta Universidade. Revogada pela Resolu\u00e7\u00e3o UFSM N. 076\/2022 O REITOR DA UNIVERSIDADE FEDERAL [&hellip;]<\/p>\n","protected":false},"author":205,"featured_media":0,"parent":0,"menu_order":0,"comment_status":"closed","ping_status":"closed","template":"","meta":{"footnotes":""},"categories":[],"tags":[],"class_list":["post-2780","page","type-page","status-publish","hentry"],"acf":[],"_links":{"self":[{"href":"https:\/\/www.ufsm.br\/pro-reitorias\/proplan\/wp-json\/wp\/v2\/pages\/2780","targetHints":{"allow":["GET"]}}],"collection":[{"href":"https:\/\/www.ufsm.br\/pro-reitorias\/proplan\/wp-json\/wp\/v2\/pages"}],"about":[{"href":"https:\/\/www.ufsm.br\/pro-reitorias\/proplan\/wp-json\/wp\/v2\/types\/page"}],"author":[{"embeddable":true,"href":"https:\/\/www.ufsm.br\/pro-reitorias\/proplan\/wp-json\/wp\/v2\/users\/205"}],"replies":[{"embeddable":true,"href":"https:\/\/www.ufsm.br\/pro-reitorias\/proplan\/wp-json\/wp\/v2\/comments?post=2780"}],"version-history":[{"count":0,"href":"https:\/\/www.ufsm.br\/pro-reitorias\/proplan\/wp-json\/wp\/v2\/pages\/2780\/revisions"}],"wp:attachment":[{"href":"https:\/\/www.ufsm.br\/pro-reitorias\/proplan\/wp-json\/wp\/v2\/media?parent=2780"}],"wp:term":[{"taxonomy":"category","embeddable":true,"href":"https:\/\/www.ufsm.br\/pro-reitorias\/proplan\/wp-json\/wp\/v2\/categories?post=2780"},{"taxonomy":"post_tag","embeddable":true,"href":"https:\/\/www.ufsm.br\/pro-reitorias\/proplan\/wp-json\/wp\/v2\/tags?post=2780"}],"curies":[{"name":"wp","href":"https:\/\/api.w.org\/{rel}","templated":true}]}}