{"id":2781,"date":"2019-11-27T08:08:57","date_gmt":"2019-11-27T11:08:57","guid":{"rendered":"https:\/\/www.ufsm.br\/pro-reitorias\/proplan\/?page_id=2781"},"modified":"2022-09-01T14:14:35","modified_gmt":"2022-09-01T17:14:35","slug":"resolucao-n-018-2013","status":"publish","type":"page","link":"https:\/\/www.ufsm.br\/pro-reitorias\/proplan\/resolucao-n-018-2013","title":{"rendered":"Resolu\u00e7\u00e3o N. 018\/2013"},"content":{"rendered":"\t\t<div data-elementor-type=\"wp-page\" data-elementor-id=\"2781\" class=\"elementor elementor-2781\">\n\t\t\t\t\t\t<section class=\"elementor-section elementor-top-section elementor-element elementor-element-8f29e2b elementor-section-boxed elementor-section-height-default elementor-section-height-default\" data-id=\"8f29e2b\" data-element_type=\"section\">\n\t\t\t\t\t\t<div class=\"elementor-container elementor-column-gap-default\">\n\t\t\t\t\t<div class=\"elementor-column elementor-col-100 elementor-top-column elementor-element elementor-element-8e07ca6\" data-id=\"8e07ca6\" data-element_type=\"column\">\n\t\t\t<div class=\"elementor-widget-wrap elementor-element-populated\">\n\t\t\t\t\t\t<div class=\"elementor-element elementor-element-02459a0 elementor-widget elementor-widget-html\" data-id=\"02459a0\" data-element_type=\"widget\" data-widget_type=\"html.default\">\n\t\t\t\t<div class=\"elementor-widget-container\">\n\t\t\t\ufeff\r\n\r\n\r\n<title><b>RESOLU\u00c7\u00c3O N. 018\/2013<\/b><\/title>\r\n\r\n\r\n<div align=\"center\"><img decoding=\"async\" src=\"https:\/\/www.ufsm.br\/pro-reitorias\/proplan\/wp-content\/uploads\/sites\/344\/2019\/09\/brasao-da-republica-do-brasil-logo.png\" alt=\"Bras\u00e3o Rep\u00fablica Federativa do Brasil\" width=\"6%\" height=\"6%\"><\/div>    \r\n<h1><font color=\"blue\"><font size=\"5\"><div align=\"center\">MINIST\u00c9RIO DA EDUCA\u00c7\u00c3O<\/b><\/font><\/font><\/div><\/H1>\r\n<p><b><font color=\"0000blue\"><div align=\"center\">UNIVERSIDADE FEDERAL DE SANTA MARIA<\/b><\/font><\/div><\/p>\r\n\r\n<p><div align=\"center\"><b><a href=\"https:\/\/portal.ufsm.br\/documentos\/publico\/documento.html?id=5906135\"><font color=\"blue\">RESOLU\u00c7\u00c3O N. 018\/2013<\/font><\/a><\/b><\/div><\/p>\r\n<br>\r\n<a href=\"https:\/\/www.ufsm.br\/pro-reitorias\/proplan\/?page_id=5044\" target=\"_blank\"><font color=\"blue\"><u>(Revogada pela Resolu\u00e7\u00e3o UFSM N. 100\/2022)<\/u><\/font><\/a>\r\n<br>\r\n<s>\r\n\r\n<p><div align=\"right\"><font color=\"800000\">Altera a categoria da Comiss\u00e3o Permanente de Avalia\u00e7\u00e3o de Documentos - CPAD, na estrutura organizacional da UFSM, de \u00d3rg\u00e3o Executivo da Administra\u00e7\u00e3o Superior, para subunidade diretamente subordinada ao Departamento de Arquivo Geral e d\u00e1 outras provid\u00eancias.<\/font><\/div><\/p>\r\n<br><div align=\"justify\">\r\n\r\n<p>O REITOR DA UNIVERSIDADE FEDERAL DE SANTA MARIA, no uso de suas atribui\u00e7\u00f5es legais e estatut\u00e1rias e considerando:<\/p>\r\n<p>- Parecer n. 076\/2013 da Comiss\u00e3o de Legisla\u00e7\u00e3o e Regimentos, aprovado na 749\u00aa Sess\u00e3o do Conselho Universit\u00e1rio, de 28\/06\/2013, referente ao Processo n. <a href=\"https:\/\/portal.ufsm.br\/documentos\/publico\/processo\/documento.html?idDocumento=5824221\" target=\"_blank\"><font color=\"blue\"><u>23081.007975\/2013-34<\/u><\/font><\/a>.<\/p>\r\n<br>\r\n<p><b><div align=\"center\">RESOLVE:<\/b><\/div><\/p>\r\n<br>\r\n<p>Art. 1\u00ba Alterar a categoria da Comiss\u00e3o Permanente de Avalia\u00e7\u00e3o de Documentos \u2014 CPAD, na estrutura organizacional da UFSM, de \u00d3rg\u00e3o Executivo da Administra\u00e7\u00e3o Superior diretamente subordinado ao Gabinete do Reitor, para subunidade diretamente subordinada ao Departamento de Arquivo Geral.<\/p>\r\n<p>Art. 2\u00ba Caber\u00e1 \u00e0 Pr\u00f3-Reitoria de Planejamento proceder \u00e0s altera\u00e7\u00f5es no Sistema de Classifica\u00e7\u00e3o Institucional e a Pr\u00f3-Reitoria de Gest\u00e3o de Pessoas a relota\u00e7\u00e3o dos recursos humanos.<\/p>\r\n<p>Art. 3\u00ba Esta resolu\u00e7\u00e3o entrar\u00e1 em vigor na data de sua assinatura e revoga as disposi\u00e7\u00f5es em contr\u00e1rio.<\/p>\r\n\r\n<p>GABINETE DO REITOR DA UNIVERSIDADE FEDERAL DE SANTA MARIA, aos dois dias do m\u00eas de julho do ano dois mil e treze.<\/p>\r\n<\/div>\r\n<p>Felipe Martins M\u00fcller,<\/p>\r\n<p>Reitor<\/p>\r\n<\/s>\r\n\r\n<p><font color=\"red0000\">Este texto n\u00e3o substitui o documento original, publicado no Portal de Documentos.<\/font> Dispon\u00edvel em: <a href=\"https:\/\/portal.ufsm.br\/documentos\/publico\/documento.html?id=5906135\"><font color=\"blue\">https:\/\/portal.ufsm.br\/documentos\/publico\/documento.html?id=5906135<\/font><\/a>\r\n\r\n\r\n\r\n\r\n\r\n\r\n\r\n\t\t<\/div>\n\t\t\t\t<\/div>\n\t\t\t\t\t<\/div>\n\t\t<\/div>\n\t\t\t\t\t<\/div>\n\t\t<\/section>\n\t\t\t\t<\/div>\n\t\t","protected":false},"excerpt":{"rendered":"<p>\ufeff RESOLU\u00c7\u00c3O N. 018\/2013 MINIST\u00c9RIO DA EDUCA\u00c7\u00c3O UNIVERSIDADE FEDERAL DE SANTA MARIA RESOLU\u00c7\u00c3O N. 018\/2013 (Revogada pela Resolu\u00e7\u00e3o UFSM N. 100\/2022) Altera a categoria da Comiss\u00e3o Permanente de Avalia\u00e7\u00e3o de Documentos &#8211; CPAD, na estrutura organizacional da UFSM, de \u00d3rg\u00e3o Executivo da Administra\u00e7\u00e3o Superior, para subunidade diretamente subordinada ao Departamento de Arquivo Geral e d\u00e1 [&hellip;]<\/p>\n","protected":false},"author":205,"featured_media":0,"parent":0,"menu_order":0,"comment_status":"closed","ping_status":"closed","template":"","meta":{"footnotes":""},"categories":[],"tags":[],"class_list":["post-2781","page","type-page","status-publish","hentry"],"acf":[],"_links":{"self":[{"href":"https:\/\/www.ufsm.br\/pro-reitorias\/proplan\/wp-json\/wp\/v2\/pages\/2781","targetHints":{"allow":["GET"]}}],"collection":[{"href":"https:\/\/www.ufsm.br\/pro-reitorias\/proplan\/wp-json\/wp\/v2\/pages"}],"about":[{"href":"https:\/\/www.ufsm.br\/pro-reitorias\/proplan\/wp-json\/wp\/v2\/types\/page"}],"author":[{"embeddable":true,"href":"https:\/\/www.ufsm.br\/pro-reitorias\/proplan\/wp-json\/wp\/v2\/users\/205"}],"replies":[{"embeddable":true,"href":"https:\/\/www.ufsm.br\/pro-reitorias\/proplan\/wp-json\/wp\/v2\/comments?post=2781"}],"version-history":[{"count":0,"href":"https:\/\/www.ufsm.br\/pro-reitorias\/proplan\/wp-json\/wp\/v2\/pages\/2781\/revisions"}],"wp:attachment":[{"href":"https:\/\/www.ufsm.br\/pro-reitorias\/proplan\/wp-json\/wp\/v2\/media?parent=2781"}],"wp:term":[{"taxonomy":"category","embeddable":true,"href":"https:\/\/www.ufsm.br\/pro-reitorias\/proplan\/wp-json\/wp\/v2\/categories?post=2781"},{"taxonomy":"post_tag","embeddable":true,"href":"https:\/\/www.ufsm.br\/pro-reitorias\/proplan\/wp-json\/wp\/v2\/tags?post=2781"}],"curies":[{"name":"wp","href":"https:\/\/api.w.org\/{rel}","templated":true}]}}