{"id":2785,"date":"2019-11-27T08:12:00","date_gmt":"2019-11-27T11:12:00","guid":{"rendered":"https:\/\/www.ufsm.br\/pro-reitorias\/proplan\/?page_id=2785"},"modified":"2023-10-02T16:41:29","modified_gmt":"2023-10-02T19:41:29","slug":"resolucao-n-022-2013","status":"publish","type":"page","link":"https:\/\/www.ufsm.br\/pro-reitorias\/proplan\/resolucao-n-022-2013","title":{"rendered":"Resolu\u00e7\u00e3o N. 022\/2013"},"content":{"rendered":"\t\t<div data-elementor-type=\"wp-page\" data-elementor-id=\"2785\" class=\"elementor elementor-2785\">\n\t\t\t\t\t\t<section class=\"elementor-section elementor-top-section elementor-element elementor-element-bc68d74 elementor-section-boxed elementor-section-height-default elementor-section-height-default\" data-id=\"bc68d74\" data-element_type=\"section\">\n\t\t\t\t\t\t<div class=\"elementor-container elementor-column-gap-default\">\n\t\t\t\t\t<div class=\"elementor-column elementor-col-100 elementor-top-column elementor-element elementor-element-b4e803c\" data-id=\"b4e803c\" data-element_type=\"column\">\n\t\t\t<div class=\"elementor-widget-wrap elementor-element-populated\">\n\t\t\t\t\t\t<div class=\"elementor-element elementor-element-f70b87f elementor-widget elementor-widget-html\" data-id=\"f70b87f\" data-element_type=\"widget\" data-widget_type=\"html.default\">\n\t\t\t\t<div class=\"elementor-widget-container\">\n\t\t\t\r\n\r\n\r\n<title><b>RESOLU\u00c7\u00c3O N. 022\/2013<\/b><\/title>\r\n\r\n\r\n<div align=\"center\"><img decoding=\"async\" src=\"https:\/\/www.ufsm.br\/pro-reitorias\/proplan\/wp-content\/uploads\/sites\/344\/2019\/09\/brasao-da-republica-do-brasil-logo.png\" alt=\"Bras\u00e3o Rep\u00fablica Federativa do Brasil\" width=\"6%\" height=\"6%\"><\/div>    \r\n<h1><font color=\"blue\"><font size=\"5\"><div align=\"center\">MINIST\u00c9RIO DA EDUCA\u00c7\u00c3O<\/b><\/font><\/font><\/div><\/H1>\r\n<p><b><font color=\"0000blue\"><div align=\"center\">UNIVERSIDADE FEDERAL DE SANTA MARIA<\/b><\/font><\/div><\/p>\r\n\r\n<p><div align=\"center\"><b><a href=\"https:\/\/portal.ufsm.br\/documentos\/publico\/documento.html?id=5994337\"><font color=\"blue\">RESOLU\u00c7\u00c3O N. 022\/2013<\/font><\/a><\/b><\/div><\/p>\r\n<br>\r\n<p><div align=\"right\"><font color=\"800000\"><s>Aprova o Regulamento do Programa de P\u00f3s-Gradua\u00e7\u00e3o em Engenharia Florestal do Centro de Ci\u00eancias Rurais, da Universidade Federal de Santa Maria.<\/s><\/font><\/div><\/p>\r\n<br>\r\n<p><a href=\"https:\/\/www.ufsm.br\/pro-reitorias\/proplan\/resolucao-ufsm-n-139-2023\" target=\"_blank\"><font color=\"blue\">Revogada pela Resolu\u00e7\u00e3o UFSM N\u00b0 139\/2023<\/font><\/a><\/p>\r\n<br><div align=\"justify\">\r\n<p><s>O REITOR DA UNIVERSIDADE FEDERAL DE SANTA MARIA, no uso de suas atribui\u00e7\u00f5es legais e estatut\u00e1rias e considerando:<\/p>\r\n<p>- a necessidade de adequar-se o regulamento dos Programas de P\u00f3s-Gradua\u00e7\u00e3o \u00e0s disposi\u00e7\u00f5es do <a href=\"https:\/\/www.ufsm.br\/pro-reitorias\/proplan\/regimento-interno-de-pos-graduacao-stricto-sensu-e-lato-sensu-da-ufsm-2008\/\" target=\"_blank\"><font color=\"blue\"><u>Regimento Interno de P\u00f3s-Gradua\u00e7\u00e3o Stricto Sensu e Lato Sensu da Universidade Federal de Santa Maria<\/u><\/font><\/a>, aprovado pela <a href=\"https:\/\/www.ufsm.br\/pro-reitorias\/proplan\/resolucao-n-030-2008\/\" target=\"_blank\"><font color=\"blue\"><u>Resolu\u00e7\u00e3o n. 030\/08<\/u><\/font><\/a>; e<\/p>\r\n<p>- o Parecer n. 072\/2013, aprovado na 810\u00aa Sess\u00e3o do Conselho de Ensino Pesquisa e Extens\u00e3o, de 09.08.2013, referente ao Processo n. <a href=\"https:\/\/portal.ufsm.br\/documentos\/publico\/processo\/documento.html?idDocumento=4057161\" target=\"_blank\"><font color=\"blue\"><u>23081.004267\/2010-07<\/u><\/font><\/a>.<\/p>\r\n<br>\r\n<p><b><div align=\"center\">RESOLVE:<\/b><\/div><\/p>\r\n<br>\r\n<p>Art. 1\u00ba Aprovar o Regulamento do Programa de P\u00f3s-Gradua\u00e7\u00e3o em Engenharia Florestal, do Centro de Ci\u00eancias Rurais, da Universidade Federal de Santa Maria.<\/p>\r\n<p>Art. 2\u00ba Esta resolu\u00e7\u00e3o entrar\u00e1 em vigor na data de sua assinatura e revoga as disposi\u00e7\u00f5es em contr\u00e1rio.<\/p>\r\n\r\n<p>GABINETE DO REITOR DA UNIVERSIDADE FEDERAL DE SANTA MARIA, aos treze dias do m\u00eas de agosto do ano dois mil e treze.<\/p>\r\n<\/div>\r\n<p>Felipe Martins M\u00fcller,<\/p>\r\n<p>Reitor<\/s><\/p>\r\n\r\n<p><font color=\"red0000\">Este texto n\u00e3o substitui o documento original, publicado no Portal de Documentos.<\/font> Dispon\u00edvel em: <a href=\"https:\/\/portal.ufsm.br\/documentos\/publico\/documento.html?id=5994337\"><font color=\"blue\">https:\/\/portal.ufsm.br\/documentos\/publico\/documento.html?id=5994337<\/font><\/a>\r\n\r\n\r\n\t\t<\/div>\n\t\t\t\t<\/div>\n\t\t\t\t\t<\/div>\n\t\t<\/div>\n\t\t\t\t\t<\/div>\n\t\t<\/section>\n\t\t\t\t<\/div>\n\t\t","protected":false},"excerpt":{"rendered":"<p>RESOLU\u00c7\u00c3O N. 022\/2013 MINIST\u00c9RIO DA EDUCA\u00c7\u00c3O UNIVERSIDADE FEDERAL DE SANTA MARIA RESOLU\u00c7\u00c3O N. 022\/2013 Aprova o Regulamento do Programa de P\u00f3s-Gradua\u00e7\u00e3o em Engenharia Florestal do Centro de Ci\u00eancias Rurais, da Universidade Federal de Santa Maria. Revogada pela Resolu\u00e7\u00e3o UFSM N\u00b0 139\/2023 O REITOR DA UNIVERSIDADE FEDERAL DE SANTA MARIA, no uso de suas atribui\u00e7\u00f5es legais [&hellip;]<\/p>\n","protected":false},"author":205,"featured_media":0,"parent":0,"menu_order":0,"comment_status":"closed","ping_status":"closed","template":"","meta":{"footnotes":""},"categories":[],"tags":[],"class_list":["post-2785","page","type-page","status-publish","hentry"],"acf":[],"_links":{"self":[{"href":"https:\/\/www.ufsm.br\/pro-reitorias\/proplan\/wp-json\/wp\/v2\/pages\/2785","targetHints":{"allow":["GET"]}}],"collection":[{"href":"https:\/\/www.ufsm.br\/pro-reitorias\/proplan\/wp-json\/wp\/v2\/pages"}],"about":[{"href":"https:\/\/www.ufsm.br\/pro-reitorias\/proplan\/wp-json\/wp\/v2\/types\/page"}],"author":[{"embeddable":true,"href":"https:\/\/www.ufsm.br\/pro-reitorias\/proplan\/wp-json\/wp\/v2\/users\/205"}],"replies":[{"embeddable":true,"href":"https:\/\/www.ufsm.br\/pro-reitorias\/proplan\/wp-json\/wp\/v2\/comments?post=2785"}],"version-history":[{"count":0,"href":"https:\/\/www.ufsm.br\/pro-reitorias\/proplan\/wp-json\/wp\/v2\/pages\/2785\/revisions"}],"wp:attachment":[{"href":"https:\/\/www.ufsm.br\/pro-reitorias\/proplan\/wp-json\/wp\/v2\/media?parent=2785"}],"wp:term":[{"taxonomy":"category","embeddable":true,"href":"https:\/\/www.ufsm.br\/pro-reitorias\/proplan\/wp-json\/wp\/v2\/categories?post=2785"},{"taxonomy":"post_tag","embeddable":true,"href":"https:\/\/www.ufsm.br\/pro-reitorias\/proplan\/wp-json\/wp\/v2\/tags?post=2785"}],"curies":[{"name":"wp","href":"https:\/\/api.w.org\/{rel}","templated":true}]}}