{"id":2790,"date":"2019-11-27T08:28:57","date_gmt":"2019-11-27T11:28:57","guid":{"rendered":"https:\/\/www.ufsm.br\/pro-reitorias\/proplan\/?page_id=2790"},"modified":"2025-08-04T10:58:41","modified_gmt":"2025-08-04T13:58:41","slug":"resolucao-n-027-2013","status":"publish","type":"page","link":"https:\/\/www.ufsm.br\/pro-reitorias\/proplan\/resolucao-n-027-2013","title":{"rendered":"Resolu\u00e7\u00e3o N. 027\/2013"},"content":{"rendered":"\t\t<div data-elementor-type=\"wp-page\" data-elementor-id=\"2790\" class=\"elementor elementor-2790\">\n\t\t\t\t\t\t<section class=\"elementor-section elementor-top-section elementor-element elementor-element-5abd184 elementor-section-boxed elementor-section-height-default elementor-section-height-default\" data-id=\"5abd184\" data-element_type=\"section\">\n\t\t\t\t\t\t<div class=\"elementor-container elementor-column-gap-default\">\n\t\t\t\t\t<div class=\"elementor-column elementor-col-100 elementor-top-column elementor-element elementor-element-ea2b99d\" data-id=\"ea2b99d\" data-element_type=\"column\">\n\t\t\t<div class=\"elementor-widget-wrap elementor-element-populated\">\n\t\t\t\t\t\t<div class=\"elementor-element elementor-element-30c0470 elementor-widget elementor-widget-html\" data-id=\"30c0470\" data-element_type=\"widget\" data-widget_type=\"html.default\">\n\t\t\t\t<div class=\"elementor-widget-container\">\n\t\t\t<br><div align=\"justify\"><font color=\"black\">\r\n<div align=\"center\">\r\n<img decoding=\"async\" src=\"https:\/\/www.ufsm.br\/pro-reitorias\/proplan\/wp-content\/uploads\/sites\/344\/2019\/09\/brasao-da-republica-do-brasil-logo.png\" alt=\"Bras\u00e3o Rep\u00fablica Federativa do Brasil\" width=\"6%\" height=\"6%\" style=\"text-align: justify\">\r\n<\/div>    \r\n<h1 style=\"text-align: justify\">\r\n<font color=\"blue\">\r\n<font size=\"5\">\r\n<\/font>\r\n<\/font>\r\n<div align=\"center\">\r\n<font color=\"blue\" style=\"text-align: justify\">\r\n<font size=\"5\">MINIST\u00c9RIO DA EDUCA\u00c7\u00c3O<\/font>\r\n<\/font>\r\n<\/div>\r\n<\/h1>\r\n<p>\r\n<b>\r\n<font color=\"0000blue\">\r\n<\/font>\r\n<\/b>\r\n<\/p>\r\n<div align=\"center\">\r\n<b style=\"text-align: justify\">\r\n<font color=\"0000blue\">UNIVERSIDADE FEDERAL DE SANTA MARIA<\/font>\r\n<\/b>\r\n<\/div>\r\n<p>\r\n<\/p>\r\n\r\n<p>\r\n<\/p>\r\n<div align=\"center\">\r\n<b style=\"text-align: justify\">\r\n<a href=\"https:\/\/portal.ufsm.br\/documentos\/publico\/documento.html?id=6035994\" style=\"color: blue !important;text-decoration: underline !important\" data-elementor-preserved=\"true\">\r\n<font color=\"blue\">RESOLU\u00c7\u00c3O N. 027\/2013<\/font>\r\n<\/a>\r\n<\/b>\r\n<\/div>\r\n<p>\r\n<\/p>\r\n<br>\r\n<p>\r\n<\/p>\r\n<div align=\"right\">\r\n<font color=\"800000\" style=\"text-align: justify\">Cria coordena\u00e7\u00f5es de Cursos como unidades organizacionais da UFSM.<\/font>\r\n<\/div>\r\n<p>\r\n<\/p>\r\n<br>\r\n\r\n<p>Alterada pelas Resolu\u00e7\u00f5es UFSM <a href=\"https:\/\/www.ufsm.br\/pro-reitorias\/proplan\/resolucao-ufsm-n-093-2022\/\" style=\"color: blue !important;text-decoration: underline !important\" data-elementor-preserved=\"true\" target=\"_blank\">\r\n<font color=\"blue\">N. 093\/2022<\/font>\r\n<\/a>, <a href=\"https:\/\/www.ufsm.br\/pro-reitorias\/proplan\/resolucao-ufsm-n-095-2022\/\" style=\"color: blue !important;text-decoration: underline !important\" data-elementor-preserved=\"true\" target=\"_blank\">\r\n<font color=\"blue\">N. 095\/2022<\/font>\r\n<\/a>,&nbsp;<a href=\"https:\/\/www.ufsm.br\/pro-reitorias\/proplan\/?p=5110\" style=\"color: blue !important;text-decoration: underline !important\" data-elementor-preserved=\"true\" target=\"_blank\">\r\n<font color=\"blue\">N. 105\/2022<\/font>\r\n<\/a>&nbsp;e <a href=\"https:\/\/www.ufsm.br\/pro-reitorias\/proplan\/resolucao-ufsm-no-219-2025\" style=\"color: blue !important;text-decoration: underline !important\" data-elementor-preserved=\"true\">N. 219\/2025<\/a>\r\n<\/p>\r\n\r\n<br>\r\n<div align=\"justify\">\r\n\r\n<p>O REITOR DA UNIVERSIDADE FEDERAL DE SANTA MARIA, no uso de suas atribui\u00e7\u00f5es legais e estatut\u00e1rias e considerando:<\/p>\r\n<p>- a necessidade de atender a Secretaria de Gest\u00e3o - SEGES, do Minist\u00e9rio do Planejamento, Or\u00e7amento e Gest\u00e3o, no que se refere \u00e0 inclus\u00e3o de subunidades no Sistema de Informa\u00e7\u00f5es Organizacionais do Governo Federal - SIORG, procedimento emergencial e imprescind\u00edvel para o acesso ao Sistema de Concess\u00e3o de Di\u00e1rias e Passagens;<\/p>\r\n<p>- que na UFSM, os Conselhos Superiores aprovam a cria\u00e7\u00e3o de cursos como unidades organizacionais e n\u00e3o a coordena\u00e7\u00e3o do curso.<\/p>\r\n<br>\r\n<p>\r\n<b>\r\n<\/b>\r\n<\/p>\r\n<div align=\"center\">\r\n<b style=\"text-align: justify\">RESOLVE:<\/b>\r\n<\/div>\r\n<p>\r\n<\/p>\r\n<br>\r\n<p>Art.  1\u00ba Criar as Coordena\u00e7\u00f5es dos Cursos j\u00e1 referendados e em pleno funcionamento, abaixo relacionados:<\/p>\r\n<table>\r\n<\/table>\r\n<table width=\"55%\">\r\n<tbody>\r\n<tr>\r\n<td width=\"80\">\r\n<p>\r\n<strike>1. Coordena\u00e7\u00e3o do Curso de PG-E em Estat\u00edstica e Modelagem Quantitativa<\/strike>\r\n<\/p>\r\n<\/td>\r\n<td width=\"80\">\r\n<p>\r\n<strike>Centro de Ci\u00eancias Naturais e Exatas<\/strike>\r\n<\/p>\r\n<\/td>\r\n<td>\r\n<a href=\"https:\/\/www.ufsm.br\/pro-reitorias\/proplan\/resolucao-ufsm-n-095-2022\/\" style=\"color: blue !important;text-decoration: underline !important\" data-elementor-preserved=\"true\" target=\"_blank\">\r\n<font color=\"blue\">Revogado pela Resolu\u00e7\u00e3o UFSM N. 095\/2022<\/font>\r\n<\/a>\r\n<p>\r\n<\/p>\r\n<\/td>\r\n<\/tr>\r\n<tr>\r\n<td width=\"80\">\r\n<p>\r\n<strike>2. Coordena\u00e7\u00e3o do Curso-Programa de PG em Educa\u00e7\u00e3o em Ci\u00eancias: Qu\u00edmica da Vida e Sa\u00fade<\/strike>\r\n<\/p>\r\n<\/td>\r\n<td width=\"80\">\r\n<p>\r\n<strike>Centro de Ci\u00eancias Naturais e Exatas<\/strike>\r\n<\/p>\r\n<\/td>\r\n<td>\r\n<a href=\"https:\/\/www.ufsm.br\/pro-reitorias\/proplan\/resolucao-ufsm-n-095-2022\/\" style=\"color: blue !important;text-decoration: underline !important\" data-elementor-preserved=\"true\" target=\"_blank\">\r\n<font color=\"blue\">Revogado pela Resolu\u00e7\u00e3o UFSM N. 095\/2022<\/font>\r\n<\/a>\r\n<p>\r\n<\/p>\r\n<\/td>\r\n<\/tr>\r\n\r\n<tr>\r\n<td width=\"80\">\r\n<p>\r\n<s>3. Coordena\u00e7\u00e3o do Curso de PG-E em Educa\u00e7\u00e3o Ambiental<\/s>\r\n<\/p>\r\n<\/td>\r\n<td width=\"80\">\r\n<p>\r\n<s>Centro de Ci\u00eancias Rurais<\/s>\r\n<\/p>\r\n<\/td>\r\n<td>\r\n<a href=\"https:\/\/www.ufsm.br\/pro-reitorias\/proplan\/?p=5110\" style=\"color: blue !important;text-decoration: underline !important\" data-elementor-preserved=\"true\" target=\"_blank\">\r\n<font color=\"blue\">\r\n<u>(Revogado pela Resolu\u00e7\u00e3o N. 105\/2022)<\/u>\r\n<\/font>\r\n<\/a>\r\n<\/td>\r\n<\/tr>\r\n<tr>\r\n<td width=\"80\">\r\n<p>\r\n<s>4. Coordena\u00e7\u00e3o do Curso-Programa de PG em Resid\u00eancia em  \u00c1rea  Profissional da Sa\u00fade-Medicina  Veterin\u00e1ria<\/s>\r\n<\/p>\r\n<\/td>\r\n<td width=\"80\">\r\n<p>\r\n<s>Centro de Ci\u00eancias Rurais<\/s>\r\n<\/p>\r\n<\/td>\r\n<td>\r\n<a href=\"https:\/\/www.ufsm.br\/pro-reitorias\/proplan\/?p=5110\" style=\"color: blue !important;text-decoration: underline !important\" data-elementor-preserved=\"true\" target=\"_blank\">\r\n<font color=\"blue\">\r\n<u>(Revogado pela Resolu\u00e7\u00e3o N. 105\/2022)<\/u>\r\n<\/font>\r\n<\/a>\r\n<\/td>\r\n<\/tr>\r\n<tr>\r\n<td width=\"80\">\r\n<p>\r\n<strike>5. Coordena\u00e7\u00e3o do Curso-Programa de PG em Resid\u00eancia Multiprofissional Integrada em Sistema P\u00fablico de Sa\u00fade<\/strike>\r\n<\/p>\r\n<\/td>\r\n<td width=\"80\">\r\n<p>\r\n<strike>Centro de&nbsp; Ci\u00eancias da Sa\u00fade <\/strike>\r\n<\/p>\r\n<\/td>\r\n<\/tr>\r\n<tr>\r\n<td width=\"80\">\r\n<p>\r\n<strike>6. Coordena\u00e7\u00e3o do Curso de Educa\u00e7\u00e3o F\u00edsica Bacharelado<\/strike>\r\n<\/p>\r\n<\/td>\r\n<td width=\"80\">\r\n<p>\r\n<strike>Centro de Educa\u00e7\u00e3o F\u00edsica e Desportos <\/strike>\r\n<\/p>\r\n<\/td>\r\n<td>\r\n<a href=\"https:\/\/www.ufsm.br\/pro-reitorias\/proplan\/resolucao-ufsm-n-093-2022\/\" style=\"color: blue !important;text-decoration: underline !important\" data-elementor-preserved=\"true\" target=\"_blank\">\r\n<font color=\"blue\">Revogado pela Resolu\u00e7\u00e3o UFSM N. 093\/2022<\/font>\r\n<\/a>\r\n<p>\r\n<\/p>\r\n<\/td>\r\n<\/tr>\r\n<tr>\r\n<td width=\"80\">\r\n<p>7. Coordena\u00e7\u00e3o do Curso de Bacharelado em Administra\u00e7\u00e3o<\/p>\r\n<\/td>\r\n<td width=\"80\">\r\n<p>Unidade Descentralizada de Educa\u00e7\u00e3o Superior da UFSM em Silveira Martins <\/p>\r\n<\/td>\r\n<\/tr>\r\n<\/tbody>\r\n<\/table>\r\n\r\n<p>Art.  2\u00ba Esta resolu\u00e7\u00e3o entrar\u00e1 em vigor na data de sua publica\u00e7\u00e3o, revogadas as disposi\u00e7\u00f5es em contr\u00e1rio.<\/p>\r\n\r\n<p>GABINETE DO REITOR DA UNIVERSIDADE FEDERAL DE SANTA MARIA, aos dois dias do m\u00eas de outubro do ano dois mil e treze.<\/p>\r\n<\/div>\r\n<p>Thom\u00e9 Lovato,<\/p>\r\n<p>Diretor do CCR, no exerc\u00edcio da Reitoria.<\/p>\r\n\r\n<p>\r\n<font color=\"red0000\">Este texto n\u00e3o substitui o documento original, publicado no Portal de Documentos.<\/font> Dispon\u00edvel em: <a href=\"https:\/\/portal.ufsm.br\/documentos\/publico\/documento.html?id=6035994\" style=\"color: blue !important;text-decoration: underline !important\" data-elementor-preserved=\"true\">\r\n<font color=\"blue\">https:\/\/portal.ufsm.br\/documentos\/publico\/documento.html?id=6035994<\/font>\r\n<\/a>\r\n<\/p>\r\n<!--EndFragment-->\r\n<\/font><\/div>\t\t<\/div>\n\t\t\t\t<\/div>\n\t\t\t\t\t<\/div>\n\t\t<\/div>\n\t\t\t\t\t<\/div>\n\t\t<\/section>\n\t\t\t\t<\/div>\n\t\t","protected":false},"excerpt":{"rendered":"<p>MINIST\u00c9RIO DA EDUCA\u00c7\u00c3O UNIVERSIDADE FEDERAL DE SANTA MARIA RESOLU\u00c7\u00c3O N. 027\/2013 Cria coordena\u00e7\u00f5es de Cursos como unidades organizacionais da UFSM. Alterada pelas Resolu\u00e7\u00f5es UFSM N. 093\/2022 , N. 095\/2022 ,&nbsp; N. 105\/2022 &nbsp;e N. 219\/2025 O REITOR DA UNIVERSIDADE FEDERAL DE SANTA MARIA, no uso de suas atribui\u00e7\u00f5es legais e estatut\u00e1rias e considerando: &#8211; a [&hellip;]<\/p>\n","protected":false},"author":205,"featured_media":0,"parent":0,"menu_order":0,"comment_status":"closed","ping_status":"closed","template":"","meta":{"footnotes":""},"categories":[],"tags":[],"class_list":["post-2790","page","type-page","status-publish","hentry"],"acf":[],"_links":{"self":[{"href":"https:\/\/www.ufsm.br\/pro-reitorias\/proplan\/wp-json\/wp\/v2\/pages\/2790","targetHints":{"allow":["GET"]}}],"collection":[{"href":"https:\/\/www.ufsm.br\/pro-reitorias\/proplan\/wp-json\/wp\/v2\/pages"}],"about":[{"href":"https:\/\/www.ufsm.br\/pro-reitorias\/proplan\/wp-json\/wp\/v2\/types\/page"}],"author":[{"embeddable":true,"href":"https:\/\/www.ufsm.br\/pro-reitorias\/proplan\/wp-json\/wp\/v2\/users\/205"}],"replies":[{"embeddable":true,"href":"https:\/\/www.ufsm.br\/pro-reitorias\/proplan\/wp-json\/wp\/v2\/comments?post=2790"}],"version-history":[{"count":0,"href":"https:\/\/www.ufsm.br\/pro-reitorias\/proplan\/wp-json\/wp\/v2\/pages\/2790\/revisions"}],"wp:attachment":[{"href":"https:\/\/www.ufsm.br\/pro-reitorias\/proplan\/wp-json\/wp\/v2\/media?parent=2790"}],"wp:term":[{"taxonomy":"category","embeddable":true,"href":"https:\/\/www.ufsm.br\/pro-reitorias\/proplan\/wp-json\/wp\/v2\/categories?post=2790"},{"taxonomy":"post_tag","embeddable":true,"href":"https:\/\/www.ufsm.br\/pro-reitorias\/proplan\/wp-json\/wp\/v2\/tags?post=2790"}],"curies":[{"name":"wp","href":"https:\/\/api.w.org\/{rel}","templated":true}]}}