{"id":2795,"date":"2019-11-27T08:57:18","date_gmt":"2019-11-27T11:57:18","guid":{"rendered":"https:\/\/www.ufsm.br\/pro-reitorias\/proplan\/?page_id=2795"},"modified":"2026-01-09T10:45:20","modified_gmt":"2026-01-09T13:45:20","slug":"resolucao-n-036-2019","status":"publish","type":"page","link":"https:\/\/www.ufsm.br\/pro-reitorias\/proplan\/resolucao-n-036-2019","title":{"rendered":"Resolu\u00e7\u00e3o N. 036\/2019"},"content":{"rendered":"\t\t<div data-elementor-type=\"wp-page\" data-elementor-id=\"2795\" class=\"elementor elementor-2795\">\n\t\t\t\t\t\t<section class=\"elementor-section elementor-top-section elementor-element elementor-element-6afa85f elementor-section-boxed elementor-section-height-default elementor-section-height-default\" data-id=\"6afa85f\" data-element_type=\"section\">\n\t\t\t\t\t\t<div class=\"elementor-container elementor-column-gap-default\">\n\t\t\t\t\t<div class=\"elementor-column elementor-col-100 elementor-top-column elementor-element elementor-element-33a5aa4\" data-id=\"33a5aa4\" data-element_type=\"column\">\n\t\t\t<div class=\"elementor-widget-wrap elementor-element-populated\">\n\t\t\t\t\t\t<div class=\"elementor-element elementor-element-ca053f2 elementor-widget elementor-widget-html\" data-id=\"ca053f2\" data-element_type=\"widget\" data-widget_type=\"html.default\">\n\t\t\t\t<div class=\"elementor-widget-container\">\n\t\t\t\r\n\r\n\r\n<title><b>RESOLU\u00c7\u00c3O N. 036\/2019<\/b><\/title>\r\n\r\n\r\n<div align=\"center\"><img decoding=\"async\" src=\"https:\/\/www.ufsm.br\/pro-reitorias\/proplan\/wp-content\/uploads\/sites\/344\/2019\/09\/brasao-da-republica-do-brasil-logo.png\" alt=\"Bras\u00e3o Rep\u00fablica Federativa do Brasil\" width=\"6%\" height=\"6%\"><\/div>    \r\n<h1><font color=\"blue\"><font size=\"5\"><div align=\"center\">MINIST\u00c9RIO DA EDUCA\u00c7\u00c3O<\/b><\/font><\/font><\/div><\/H1>\r\n<p><b><font color=\"0000blue\"><div align=\"center\">UNIVERSIDADE FEDERAL DE SANTA MARIA<\/b><\/font><\/div><\/p>\r\n\r\n<p><div align=\"center\"><b><a href=\"https:\/\/portal.ufsm.br\/documentos\/publico\/documento.html?id=12838888\"><font color=\"blue\">RESOLU\u00c7\u00c3O N. 036\/2019<\/font><\/a><\/b><\/div><\/p>\r\n<br>\r\n\r\n    <div style=\"color: #800000;width: 60%;margin-left: auto;margin-right: 0;text-align: justify;font-weight: normal\">Altera a <a href=\"https:\/\/www.ufsm.br\/pro-reitorias\/proplan\/resolucao-n-007-2000\/\" target=\"_blank\"><font color=\"blue\"><u>Resolu\u00e7\u00e3o N. 007\/2000<\/u><\/font><\/a>, que institui e regulamenta na Universidade Federal de Santa Maria (UFSM) o Programa de Monitoria N\u00e3o-Subsidiada para os Cursos de Gradua\u00e7\u00e3o.<\/font><\/div><\/p>\r\n<br><div align=\"justify\">\r\n<p>O REITOR DA UNIVERSIDADE FEDERAL DE SANTA MARIA, no uso de suas atribui\u00e7\u00f5es legais e estatut\u00e1rias e considerando:<\/p>\r\n<p>- o Art. 2\u00ba, par\u00e1grafo 3\u00ba, da <a href=\"http:\/\/www.planalto.gov.br\/ccivil_03\/_ato2007-2010\/2008\/lei\/l11788.htm\" target=\"_blank\"><font color=\"blue\"><u>Lei N. 11.788, de 25 de setembro de 2008<\/u><\/font><\/a>;<\/p>\r\n<p>- a necessidade de propiciar o aproveitamento de in\u00fameras atividades de fato, ligadas ao ensino, \u00e0 pesquisa e \u00e0 extens\u00e3o;<\/p>\r\n<p>- a exist\u00eancia limitada de Bolsas de Monitoria Subsidiadas e a necessidade de expans\u00e3o dessas atividades; e,<\/p>\r\n<p>- o Parecer N. 142\/2019 da Comiss\u00e3o de Legisla\u00e7\u00e3o e Normas (CLN), aprovado na 943\u00aa Sess\u00e3o do Conselho de Ensino, Pesquisa e Extens\u00e3o (CEPE), de 22\/11\/2019, referente ao Processo N. <a href=\"https:\/\/portal.ufsm.br\/documentos\/publico\/processo\/documento.html?idDocumento=12770180\" target=\"_blank\"><font color=\"blue\"><u>23081.057567\/2019-19<\/u><\/font><\/a>.<\/p>\r\n<br>\r\n<p><b><div align=\"center\">RESOLVE:<\/b><\/div><\/p>\r\n<br>\r\n<p>Art. 1\u00ba Alterar o Artigo 1\u00ba da <a href=\"https:\/\/www.ufsm.br\/pro-reitorias\/proplan\/resolucao-n-007-2000\/\" target=\"_blank\"><font color=\"blue\"><u>Resolu\u00e7\u00e3o N. 007\/2000<\/u><\/font><\/a>, que passa a ter a seguinte reda\u00e7\u00e3o:<\/p>\r\n<p>\u201cArt. 1\u00ba Fica institu\u00eddo o Programa Especial de Monitoria N\u00e3o-Subsidiada, dentro do Projeto de Ensino dos Cursos, destinado aos alunos que, regularmente matriculados nos cursos de gradua\u00e7\u00e3o da UFSM, independentemente de bolsa, pretendam atuar em atividades orientadas de ensino, de pesquisa e de extens\u00e3o.\u201d.<\/p>\r\n<p>Art. 2\u00ba Revogar o Artigo 5\u00ba da <a href=\"https:\/\/www.ufsm.br\/pro-reitorias\/proplan\/resolucao-n-007-2000\/\" target=\"_blank\"><font color=\"blue\"><u>Resolu\u00e7\u00e3o N. 007\/2000<\/u><\/font><\/a>.<\/p>\r\n<p>Art. 3\u00ba Inserir o Art. 9\u00baA, com a seguinte reda\u00e7\u00e3o:<\/p>\r\n<p>\u201cArt. 9\u00baA As atividades de extens\u00e3o, de monitoria e de inicia\u00e7\u00e3o cient\u00edfica na educa\u00e7\u00e3o superior, desenvolvidas pelo estudante, somente poder\u00e3o ser equiparadas ao est\u00e1gio em caso de previs\u00e3o no projeto pedag\u00f3gico do curso.\u201d.<\/p>\r\n<p>Art. 4\u00ba Esta resolu\u00e7\u00e3o entra em vigor na data de sua assinatura, revogadas as disposi\u00e7\u00f5es em contr\u00e1rio.<\/p>\r\n\r\n<p>GABINETE DO REITOR DA UNIVERSIDADE FEDERAL DE SANTA MARIA, vinte e dois dias do m\u00eas de novembro do ano dois mil e dezenove.<\/p>\r\n<\/div>\r\n\r\n<p>Paulo Afonso Burmann,<\/p>\r\n<p>Reitor<p \/>\r\n\r\n<p><font color=\"red0000\">Este texto n\u00e3o substitui o documento original, publicado no Portal de Documentos.<\/font> Dispon\u00edvel em: <a href=\"https:\/\/portal.ufsm.br\/documentos\/publico\/documento.html?id=12838888\"><font color=\"blue\">https:\/\/portal.ufsm.br\/documentos\/publico\/documento.html?id=12838888<\/font><\/a>\r\n\r\n\t\t<\/div>\n\t\t\t\t<\/div>\n\t\t\t\t\t<\/div>\n\t\t<\/div>\n\t\t\t\t\t<\/div>\n\t\t<\/section>\n\t\t\t\t<\/div>\n\t\t","protected":false},"excerpt":{"rendered":"<p>RESOLU\u00c7\u00c3O N. 036\/2019 MINIST\u00c9RIO DA EDUCA\u00c7\u00c3O UNIVERSIDADE FEDERAL DE SANTA MARIA RESOLU\u00c7\u00c3O N. 036\/2019 Altera a Resolu\u00e7\u00e3o N. 007\/2000, que institui e regulamenta na Universidade Federal de Santa Maria (UFSM) o Programa de Monitoria N\u00e3o-Subsidiada para os Cursos de Gradua\u00e7\u00e3o. O REITOR DA UNIVERSIDADE FEDERAL DE SANTA MARIA, no uso de suas atribui\u00e7\u00f5es legais e [&hellip;]<\/p>\n","protected":false},"author":205,"featured_media":0,"parent":0,"menu_order":0,"comment_status":"closed","ping_status":"closed","template":"","meta":{"footnotes":""},"categories":[],"tags":[],"class_list":["post-2795","page","type-page","status-publish","hentry"],"acf":[],"_links":{"self":[{"href":"https:\/\/www.ufsm.br\/pro-reitorias\/proplan\/wp-json\/wp\/v2\/pages\/2795","targetHints":{"allow":["GET"]}}],"collection":[{"href":"https:\/\/www.ufsm.br\/pro-reitorias\/proplan\/wp-json\/wp\/v2\/pages"}],"about":[{"href":"https:\/\/www.ufsm.br\/pro-reitorias\/proplan\/wp-json\/wp\/v2\/types\/page"}],"author":[{"embeddable":true,"href":"https:\/\/www.ufsm.br\/pro-reitorias\/proplan\/wp-json\/wp\/v2\/users\/205"}],"replies":[{"embeddable":true,"href":"https:\/\/www.ufsm.br\/pro-reitorias\/proplan\/wp-json\/wp\/v2\/comments?post=2795"}],"version-history":[{"count":0,"href":"https:\/\/www.ufsm.br\/pro-reitorias\/proplan\/wp-json\/wp\/v2\/pages\/2795\/revisions"}],"wp:attachment":[{"href":"https:\/\/www.ufsm.br\/pro-reitorias\/proplan\/wp-json\/wp\/v2\/media?parent=2795"}],"wp:term":[{"taxonomy":"category","embeddable":true,"href":"https:\/\/www.ufsm.br\/pro-reitorias\/proplan\/wp-json\/wp\/v2\/categories?post=2795"},{"taxonomy":"post_tag","embeddable":true,"href":"https:\/\/www.ufsm.br\/pro-reitorias\/proplan\/wp-json\/wp\/v2\/tags?post=2795"}],"curies":[{"name":"wp","href":"https:\/\/api.w.org\/{rel}","templated":true}]}}