{"id":2806,"date":"2019-11-27T13:58:40","date_gmt":"2019-11-27T16:58:40","guid":{"rendered":"https:\/\/www.ufsm.br\/pro-reitorias\/proplan\/?page_id=2806"},"modified":"2020-11-12T13:35:42","modified_gmt":"2020-11-12T16:35:42","slug":"resolucao-n-038-2013","status":"publish","type":"page","link":"https:\/\/www.ufsm.br\/pro-reitorias\/proplan\/resolucao-n-038-2013","title":{"rendered":"Resolu\u00e7\u00e3o N. 038\/2013"},"content":{"rendered":"\t\t<div data-elementor-type=\"wp-page\" data-elementor-id=\"2806\" class=\"elementor elementor-2806\">\n\t\t\t\t\t\t<section class=\"elementor-section elementor-top-section elementor-element elementor-element-7ff2fde elementor-section-boxed elementor-section-height-default elementor-section-height-default\" data-id=\"7ff2fde\" data-element_type=\"section\">\n\t\t\t\t\t\t<div class=\"elementor-container elementor-column-gap-default\">\n\t\t\t\t\t<div class=\"elementor-column elementor-col-100 elementor-top-column elementor-element elementor-element-1509a65\" data-id=\"1509a65\" data-element_type=\"column\">\n\t\t\t<div class=\"elementor-widget-wrap elementor-element-populated\">\n\t\t\t\t\t\t<div class=\"elementor-element elementor-element-5be3546 elementor-widget elementor-widget-html\" data-id=\"5be3546\" data-element_type=\"widget\" data-widget_type=\"html.default\">\n\t\t\t\t<div class=\"elementor-widget-container\">\n\t\t\t\n\n\n<title><b>RESOLU\u00c7\u00c3O N. 038\/2013<\/b><\/title>\n\n\n<div align=\"center\"><img decoding=\"async\" src=\"https:\/\/www.ufsm.br\/pro-reitorias\/proplan\/wp-content\/uploads\/sites\/344\/2019\/09\/brasao-da-republica-do-brasil-logo.png\" alt=\"Bras\u00e3o Rep\u00fablica Federativa do Brasil\" width=\"6%\" height=\"6%\"><\/div>   \n<h1><font color=\"blue\"><div align=\"center\">MINISTERIO DA EDUCACAO<\/b><\/font><\/div><\/H1>\n<p><b><font color=\"0000blue\"><div align=\"center\">UNIVERSIDADE FEDERAL DE SANTA MARIA<\/b><\/font><\/div><\/p>\n\n<p><div align=\"center\"><b><a href=\"https:\/\/portal.ufsm.br\/documentos\/publico\/documento.html?id=6174592\"><font color=\"blue\">RESOLU\u00c7\u00c3O N. 038\/2013<\/font><\/div><\/a><\/b><\/p>\n<br>\n<p><div align=\"right\"><font color=\"800000\">Cria, no \u00e2mbito da Universidade Federal de Santa Maria, o Campus da UFSM em Cachoeira do Sul e d\u00e1 outras provid\u00eancias.<\/font><\/div><\/p>\n<br>\n<p>Alterada pelas Resolu\u00e7\u00f5es <a href=\"https:\/\/www.ufsm.br\/pro-reitorias\/proplan\/resolucao-n-005-2014\/\" target=\"_blank\"><font color=\"blue\">N. 005\/2014<\/font><\/a>; <a href=\"https:\/\/www.ufsm.br\/pro-reitorias\/proplan\/resolucao-n-006-2014\/\" target=\"_blank\"><font color=\"blue\">N. 006\/2014<\/font><\/a>; <a href=\"https:\/\/www.ufsm.br\/pro-reitorias\/proplan\/resolucao-n-007-2014\/\" target=\"_blank\"><font color=\"blue\">N. 007\/2014<\/font><\/a>; <a href=\"https:\/\/www.ufsm.br\/pro-reitorias\/proplan\/resolucao-n-023-2019\/\" target=\"_blank\"><font color=\"blue\">N. 023\/2019<\/font><\/a>; <a href=\"https:\/\/www.ufsm.br\/pro-reitorias\/proplan\/resolucao-n-024-2019\/\" target=\"_blank\"><font color=\"blue\">N. 024\/2019<\/font><\/a>; e <a href=\"https:\/\/www.ufsm.br\/pro-reitorias\/proplan\/resolucao-n-029-2020\/\" target=\"_blank\"><font color=\"blue\">N. 029\/2020<\/font><\/a>.<\/p>\n\n\n\n\n<p>Regulamentada pela <a href=\"https:\/\/www.ufsm.br\/pro-reitorias\/proplan\/resolucao-n-017-2015\/\" target=\"_blank\"><font color=\"blue\">Resolu\u00e7\u00e3o N. 017\/2015<\/font><\/a><\/p>\n<br>\n<p>O REITOR DA UNIVERSIDADE FEDERAL DE SANTA MARIA, no uso de suas atribui\u00e7\u00f5es legais e estatut\u00e1rias, e considerando:<\/p>\n<p>- o manifestado interesse e mobiliza\u00e7\u00e3o da comunidade de Cachoeira do Sul, congregando as lideran\u00e7as pol\u00edticas municipais, estaduais e nacionais, as entidades educacionais e empresariais;<\/p>\n<p>- a complementaridade das oportunidades acad\u00eamicas \u00e0 popula\u00e7\u00e3o da regi\u00e3o, por interm\u00e9dio de parceria com a UFSM e com outras institui\u00e7\u00f5es educacionais locais;<\/p>\n<p>- os decorrentes avan\u00e7os socioecon\u00f4micos que a atua\u00e7\u00e3o da UFSM, por interm\u00e9dio da implanta\u00e7\u00e3o de cursos, proporcionar\u00e1 \u00e0 regi\u00e3o, cuja concentra\u00e7\u00e3o de pobreza \u00e9 evidenciada pelo reduzido \u00cdndice de Desenvolvimento Humano Municipal (IDHM), divulgado pelo Plano das Na\u00e7\u00f5es Unidas para o Desenvolvimento (PNDU):<\/p>\n<p>- a possibilidade de amplia\u00e7\u00e3o da oferta de vagas de ensino p\u00fablico de gradua\u00e7\u00e3o para a comunidade de Cachoeira do Sul e regi\u00e3o, em atua\u00e7\u00e3o complementar \u00e0 UFSM;<\/p>\n<p>- o apoio ao desenvolvimento regional pela gera\u00e7\u00e3o de empresas de base tecnol\u00f3gica a partir de Incubadoras Tecnol\u00f3gicas; e<\/p>\n<p>- o Parecer n. 168\/2013, da Comiss\u00e3o de Legisla\u00e7\u00e3o e Regimentos, aprovado na 757\u00aa Sess\u00e3o do Conselho Universit\u00e1rio, de 12 de dezembro de 2013, referente ao Processo n. <a href=\"https:\/\/portal.ufsm.br\/documentos\/publico\/processo\/documento.html?idDocumento=3777682\" target=\"_blank\"><font color=\"blue\"><u>23081.010210\/2009-03<\/u><\/font><\/a>.<\/p>\n<br>\n<p><b><div align=\"center\">RESOLVE:<\/b><\/div><\/p>\n<br>\n<p>Art. 1\u00ba Criar o Campus da UFSM em Cachoeira do Sul, unidade universit\u00e1ria da UFSM, com sede no munic\u00edpio de Cachoeira do Sul, onde ser\u00e3o instalados os Cursos de Engenharia de Transportes e Log\u00edstica, Engenharia Agr\u00edcola, Arquitetura e Urbanismo, Engenharia El\u00e9trica e Engenharia Mec\u00e2nica.<\/p>\n<p><strike>I - Curso de Engenharia El\u00e9trica; <a href=\"https:\/\/www.ufsm.br\/pro-reitorias\/proplan\/resolucao-n-005-2014\/\" target=\"_blank\"><font color=\"blue\"><u>(Inclu\u00eddo pelo artigo 1\u00ba da Resolu\u00e7\u00e3o N. 005\/2014)<\/u><\/font><\/a><\/p>\n<p>II - Curso de Arquitetura e Urbanismo; <a href=\"https:\/\/www.ufsm.br\/pro-reitorias\/proplan\/resolucao-n-005-2014\/\" target=\"_blank\"><font color=\"blue\"><u>(Inclu\u00eddo pelo artigo 1\u00ba da Resolu\u00e7\u00e3o N. 005\/2014)<\/u><\/font><\/a><\/p>\n<p>III - Curso de Engenharia Mec\u00e2nica; <a href=\"https:\/\/www.ufsm.br\/pro-reitorias\/proplan\/resolucao-n-005-2014\/\" target=\"_blank\"><font color=\"blue\"><u>(Inclu\u00eddo pelo artigo 1\u00ba da Resolu\u00e7\u00e3o N. 005\/2014)<\/u><\/font><\/a><\/p>\n<p>IV - Curso de Engenharia Agr\u00edcola; <a href=\"https:\/\/www.ufsm.br\/pro-reitorias\/proplan\/resolucao-n-006-2014\/\" target=\"_blank\"><font color=\"blue\"><u>(Inclu\u00eddo pelo artigo 1\u00ba da Resolu\u00e7\u00e3o N. 006\/2014)<\/u><\/font><\/a><\/p>\n<p>V - Curso de Engenharia de Transportes e Log\u00edstica; <a href=\"https:\/\/www.ufsm.br\/pro-reitorias\/proplan\/resolucao-n-007-2014\/\" target=\"_blank\"><font color=\"blue\"><u>(Inclu\u00eddo pelo artigo 1\u00ba da Resolu\u00e7\u00e3o N. 007\/2014)<\/u><\/font><\/a> <\/strike> <a href=\"https:\/\/www.ufsm.br\/pro-reitorias\/proplan\/resolucao-n-029-2020\/\" target=\"_blank\"><font color=\"blue\"><u>(Reda\u00e7\u00e3o alterada pela Resolu\u00e7\u00e3o N. 029\/2020)<\/u><\/font><\/a><\/p>\n\n<p>I - Arquitetura e Urbanismo - Campus UFSM - CS;<\/p>\n\n<p>II - Engenharia Agr\u00edcola - Campus UFSM - CS;<\/p>\n\n<p>III - Engenharia de Transportes e Log\u00edstica - Campus UFSM - CS;<\/p>\n\n<p>IV - Engenharia El\u00e9trica - Campus UFSM - CS; e,<\/p>\n\n<p>V - Engenharia Mec\u00e2nica - Campus UFSM - CS.<a href=\"https:\/\/www.ufsm.br\/pro-reitorias\/proplan\/resolucao-n-029-2020\/\" target=\"_blank\"><font color=\"blue\"><u>(Reda\u00e7\u00e3o dada pela Resolu\u00e7\u00e3o N. 029\/2020)<\/u><\/font><\/a><\/p>\n\n\n\n\n\n<p>Art. 2\u00ba O Campus da UFSM em Cachoeira do Sul ser\u00e1 regido pelo Estatuto e Regimento Geral da UFSM e pelo Regimento pr\u00f3prio que vier a ser aprovado.<\/p>\n<p>Art. 3\u00ba A Categoria e Finalidade, a Organiza\u00e7\u00e3o (estrutura organizacional), a Compet\u00eancia da Unidade, a Atribui\u00e7\u00e3o dos Dirigentes e as Disposi\u00e7\u00f5es Gerais e Transit\u00f3rias ser\u00e3o estabelecidas em regimento interno pr\u00f3prio.<\/p>\n<p>Par\u00e1grafo \u00fanico. A estrutura organizacional do Campus da UFSM em Cachoeira do Sul ser\u00e1 aquela prevista no Projeto de Precifica\u00e7\u00e3o para Pactua\u00e7\u00e3o do Campus da UFSM em Cachoeira do Sul.<\/p>\n\n<p>Art. 4\u00ba O funcionamento do Campus da UFSM em Cachoeira do Sul ficar\u00e1 condicionado ao suprimento, pelo Minist\u00e9rio da Educa\u00e7\u00e3o, das necessidades de recursos humanos, de adequa\u00e7\u00e3o do espa\u00e7o f\u00edsico e de disponibiliza\u00e7\u00e3o da infraestrutura.<\/p>\n<p>Art. 5\u00ba Esta resolu\u00e7\u00e3o entra em vigor imediatamente ap\u00f3s a efic\u00e1cia administrativa dos conv\u00eanios com o Minist\u00e9rio da Educa\u00e7\u00e3o que visam a suprir as condi\u00e7\u00f5es descritas no artigo anterior.<\/p>\n\n<p>GABINETE DO REITOR DA UNIVERSIDADE FEDERAL DE SANTA MARIA, aos dezenove dias do m\u00eas de dezembro do ano dois mil e treze.<\/p>\n\n<p>Felipe Martins M\u00fcller,<\/p>\n<p>Reitor.<\/p>\n\n<p><font color=\"red0000\">Este texto n\u00e3o substitui o documento original, publicado no Portal de Documentos.<\/font> Dispon\u00edvel em: <a href=\"https:\/\/portal.ufsm.br\/documentos\/publico\/documento.html?id=6174592\"><font color=\"blue\">https:\/\/portal.ufsm.br\/documentos\/publico\/documento.html?id=6174592<\/font><\/a>\n\n\n\t\t<\/div>\n\t\t\t\t<\/div>\n\t\t\t\t\t<\/div>\n\t\t<\/div>\n\t\t\t\t\t<\/div>\n\t\t<\/section>\n\t\t\t\t<\/div>\n\t\t","protected":false},"excerpt":{"rendered":"<p>RESOLU\u00c7\u00c3O N. 038\/2013 MINISTERIO DA EDUCACAO UNIVERSIDADE FEDERAL DE SANTA MARIA RESOLU\u00c7\u00c3O N. 038\/2013 Cria, no \u00e2mbito da Universidade Federal de Santa Maria, o Campus da UFSM em Cachoeira do Sul e d\u00e1 outras provid\u00eancias. Alterada pelas Resolu\u00e7\u00f5es N. 005\/2014; N. 006\/2014; N. 007\/2014; N. 023\/2019; N. 024\/2019; e N. 029\/2020. Regulamentada pela Resolu\u00e7\u00e3o N. [&hellip;]<\/p>\n","protected":false},"author":205,"featured_media":0,"parent":0,"menu_order":0,"comment_status":"closed","ping_status":"closed","template":"","meta":{"footnotes":""},"categories":[],"tags":[],"class_list":["post-2806","page","type-page","status-publish","hentry"],"acf":[],"_links":{"self":[{"href":"https:\/\/www.ufsm.br\/pro-reitorias\/proplan\/wp-json\/wp\/v2\/pages\/2806","targetHints":{"allow":["GET"]}}],"collection":[{"href":"https:\/\/www.ufsm.br\/pro-reitorias\/proplan\/wp-json\/wp\/v2\/pages"}],"about":[{"href":"https:\/\/www.ufsm.br\/pro-reitorias\/proplan\/wp-json\/wp\/v2\/types\/page"}],"author":[{"embeddable":true,"href":"https:\/\/www.ufsm.br\/pro-reitorias\/proplan\/wp-json\/wp\/v2\/users\/205"}],"replies":[{"embeddable":true,"href":"https:\/\/www.ufsm.br\/pro-reitorias\/proplan\/wp-json\/wp\/v2\/comments?post=2806"}],"version-history":[{"count":0,"href":"https:\/\/www.ufsm.br\/pro-reitorias\/proplan\/wp-json\/wp\/v2\/pages\/2806\/revisions"}],"wp:attachment":[{"href":"https:\/\/www.ufsm.br\/pro-reitorias\/proplan\/wp-json\/wp\/v2\/media?parent=2806"}],"wp:term":[{"taxonomy":"category","embeddable":true,"href":"https:\/\/www.ufsm.br\/pro-reitorias\/proplan\/wp-json\/wp\/v2\/categories?post=2806"},{"taxonomy":"post_tag","embeddable":true,"href":"https:\/\/www.ufsm.br\/pro-reitorias\/proplan\/wp-json\/wp\/v2\/tags?post=2806"}],"curies":[{"name":"wp","href":"https:\/\/api.w.org\/{rel}","templated":true}]}}