{"id":2809,"date":"2019-11-27T14:01:16","date_gmt":"2019-11-27T17:01:16","guid":{"rendered":"https:\/\/www.ufsm.br\/pro-reitorias\/proplan\/?page_id=2809"},"modified":"2021-07-01T14:08:25","modified_gmt":"2021-07-01T17:08:25","slug":"resolucao-orcamentaria-n-001-2013","status":"publish","type":"page","link":"https:\/\/www.ufsm.br\/pro-reitorias\/proplan\/resolucao-orcamentaria-n-001-2013","title":{"rendered":"Resolu\u00e7\u00e3o Or\u00e7ament\u00e1ria N. 001\/2013"},"content":{"rendered":"\t\t<div data-elementor-type=\"wp-page\" data-elementor-id=\"2809\" class=\"elementor elementor-2809\">\n\t\t\t\t\t\t<section class=\"elementor-section elementor-top-section elementor-element elementor-element-db0bcab elementor-section-boxed elementor-section-height-default elementor-section-height-default\" data-id=\"db0bcab\" data-element_type=\"section\">\n\t\t\t\t\t\t<div class=\"elementor-container elementor-column-gap-default\">\n\t\t\t\t\t<div class=\"elementor-column elementor-col-100 elementor-top-column elementor-element elementor-element-b189e04\" data-id=\"b189e04\" data-element_type=\"column\">\n\t\t\t<div class=\"elementor-widget-wrap elementor-element-populated\">\n\t\t\t\t\t\t<div class=\"elementor-element elementor-element-a38b7b9 elementor-widget elementor-widget-html\" data-id=\"a38b7b9\" data-element_type=\"widget\" data-widget_type=\"html.default\">\n\t\t\t\t<div class=\"elementor-widget-container\">\n\t\t\t\n\n\n<title><b>RESOLU\u00c7\u00c3O OR\u00c7AMENT\u00c1RIA N. 001\/2013<\/b><\/title>\n\n\n<div align=\"center\"><img decoding=\"async\" src=\"https:\/\/www.ufsm.br\/pro-reitorias\/proplan\/wp-content\/uploads\/sites\/344\/2019\/09\/brasao-da-republica-do-brasil-logo.png\" alt=\"Bras\u00e3o Rep\u00fablica Federativa do Brasil\" width=\"6%\" height=\"6%\"><\/div>    \n<h1><font color=\"blue\"><font size=\"5\"><div align=\"center\">MINIST\u00c9RIO DA EDUCA\u00c7\u00c3O<\/b><\/font><\/font><\/div><\/H1>\n<p><b><font color=\"0000blue\"><div align=\"center\">UNIVERSIDADE FEDERAL DE SANTA MARIA<\/b><\/font><\/div><\/p>\n\n<p><div align=\"center\"><b><a href=\"https:\/\/portal.ufsm.br\/documentos\/publico\/documento.html?id=7904082\"><font color=\"blue\">RESOLU\u00c7\u00c3O OR\u00c7AMENT\u00c1RIA N. 001\/2013<\/font><\/a><\/b><\/div><\/p>\n<br>\n<p><div align=\"right\"><font color=\"800000\"><strike>Or\u00e7a a Receita e fixa a Despesa da Universidade Federal de Santa Maria do Exerc\u00edcio Financeiro de 2013.<\/strike><\/font><\/div><\/p>\n<br><div align=\"justify\">\n<p><a href=\"https:\/\/www.ufsm.br\/pro-reitorias\/proplan\/resolucao-ufsm-n-055-2021\/\"><font color=\"blue\">Revogado pela Resolu\u00e7\u00e3o N. 055\/2021<\/font><\/a><\/p><\/p>\n<br>\n<strike>\n<p>O REITOR DA UNIVERSIDADE FEDERAL DE SANTA MARIA, no uso de suas atribui\u00e7\u00f5es legais e estatut\u00e1rias e considerando:<\/p>\n<p>- os Pareceres n. 002\/2013 e 062\/2013, do Conselho Universit\u00e1rio, aprovado na 749\u00aa Sess\u00e3o, de 28 de junho de 2013, conforme Processo n. <a href=\"https:\/\/portal.ufsm.br\/documentos\/publico\/processo\/documento.html?idDocumento=5820554\" target=\"_blank\"><font color=\"blue\"><u>23081.007774\/2013-37<\/u><\/font><\/a>.<\/p>\n<p>- o Parecer n. 002\/2013, aprovado na 181\u00aa Sess\u00e3o do Conselho de Curadores, de 22 de julho de 2013, e o Parecer n\u00ba 004\/2013, aprovado na 750\u00aa Sess\u00e3o do Conselho Universit\u00e1rio, de 25\/07\/2013, conforme Processo n. <a href=\"https:\/\/portal.ufsm.br\/documentos\/publico\/processo\/documento.html?idDocumento=5912855\" target=\"_blank\"><font color=\"blue\"><u>23081.010836\/2013-98<\/u><\/font><\/a>.<\/p>\n<br>\n<p><b><div align=\"center\">RESOLVE:<\/b><\/div><\/p>\n<br>\n<p>Art. 1\u00ba Fica aprovado o Or\u00e7amento da Universidade Federal de Santa Maria, para o exerc\u00edcio financeiro de 2013.<\/p>\n<p>Art. 2\u00ba A Receita \u00e9 estimada em R$ 832.835.861,00 (oitocentos e trinta e dois milh\u00f5es, oitocentos e trinta e cinco mil, oitocentos e sessenta e um reais), com a seguinte classifica\u00e7\u00e3o, de acordo com as especifica\u00e7\u00f5es constantes nos respectivos quadros integrantes do Or\u00e7amento:<\/p>\n<p>I - RECEITAS CORRENTES:<\/p>\n<p>a) Receita Patrimonial = R$ 1.147.074,00;<\/p>\n<p>b) Receita Agropecu\u00e1ria = R$ 7.770,00;<\/p>\nc) Receita de Servi\u00e7os = R$ 10.471.771,00;<\/p>\n<p>d) Transfer\u00eancias Correntes = R$ 777.034.186,00;<\/p>\n<p>II - RECEITAS DE CAPITAL:<\/p>\n<p>a) Transfer\u00eancias de Capital = R$ 44.152.106,00;<\/p>\n<p>III - RECEITAS CORRENTES INTRA-OR\u00c7AMENT\u00c1RIAS:<\/p>\n<p>a) Outras Receitas Correntes = R$ 22.954,00.<\/p>\n\n<p>Art. 3\u00ba A despesa \u00e9 fixada em R$ 832.835.861,00 (oitocentos e trinta e dois milh\u00f5es, oitocentos e trinta e cinco mil, oitocentos e sessenta e um reais), com a seguinte classifica\u00e7\u00e3o, de acordo com as especifica\u00e7\u00f5es constantes nos respectivos quadros que fazem parte do Or\u00e7amento:<\/p>\n<p>I - DESPESAS CORRENTES:<\/p>\n<p>a) Pessoal e Encargos Sociais = R$ 665.745.232,00; e<\/p>\n<p>b) Outras Despesas Correntes = R$ 120.838.523,00;<\/p>\n<p>II - DESPESAS DE CAPITAL:<\/p>\n<p>a) Investimentos = R$ 46.252.106,00.<\/p>\n\n<p>Art. 4\u00ba Fica o Reitor autorizado a:<\/p>\n<p>I - abrir cr\u00e9dito para atendimento das solicita\u00e7\u00f5es das Unidades Gestoras de recursos j\u00e1 aprovados;<\/p>\n<p>II - abrir cr\u00e9dito para refor\u00e7o das dota\u00e7\u00f5es \u00e0 conta de Recursos Pr\u00f3prios, com a utiliza\u00e7\u00e3o do excesso de arrecada\u00e7\u00e3o;<\/p>\n<p>III - abrir cr\u00e9ditos para inclus\u00e3o de recursos decorrentes de conv\u00eanios, aux\u00edlios e emendas em estrita observ\u00e2ncia aos objetivos e planos de aplica\u00e7\u00e3o, estabelecidos no instrumento firmado; e<\/p>\n<p>IV - adotar medidas necess\u00e1rias para ajustar os disp\u00eandios programados no Or\u00e7amento ao efetivo comportamento da Receita.<\/p>\n\n<p>Art. 5\u00ba Esta resolu\u00e7\u00e3o entra em vigor na data de sua publica\u00e7\u00e3o, ficando revogadas as disposi\u00e7\u00f5es em contr\u00e1rio.<\/p>\n\n<p>GABINETE DO REITOR DA UNIVERSIDADE FEDERAL DE SANTA MARIA, aos vinte e seis dias do m\u00eas de julho do ano dois mil e treze.<\/p>\n<\/div>\n<p>Felipe Martins M\u00fcller,<\/p>\n<p>Reitor<\/p>\n\n<p><font color=\"red0000\">Este texto n\u00e3o substitui o documento original, publicado no Portal de Documentos.<\/font> Dispon\u00edvel em: <a href=\"https:\/\/portal.ufsm.br\/documentos\/publico\/documento.html?id=7904082\"><font color=\"blue\">https:\/\/portal.ufsm.br\/documentos\/publico\/documento.html?id=7904082<\/font><\/a>\n<\/strike>\n\n\t\t<\/div>\n\t\t\t\t<\/div>\n\t\t\t\t\t<\/div>\n\t\t<\/div>\n\t\t\t\t\t<\/div>\n\t\t<\/section>\n\t\t\t\t<\/div>\n\t\t","protected":false},"excerpt":{"rendered":"<p>RESOLU\u00c7\u00c3O OR\u00c7AMENT\u00c1RIA N. 001\/2013 MINIST\u00c9RIO DA EDUCA\u00c7\u00c3O UNIVERSIDADE FEDERAL DE SANTA MARIA RESOLU\u00c7\u00c3O OR\u00c7AMENT\u00c1RIA N. 001\/2013 Or\u00e7a a Receita e fixa a Despesa da Universidade Federal de Santa Maria do Exerc\u00edcio Financeiro de 2013. Revogado pela Resolu\u00e7\u00e3o N. 055\/2021 O REITOR DA UNIVERSIDADE FEDERAL DE SANTA MARIA, no uso de suas atribui\u00e7\u00f5es legais e estatut\u00e1rias [&hellip;]<\/p>\n","protected":false},"author":205,"featured_media":0,"parent":0,"menu_order":0,"comment_status":"closed","ping_status":"closed","template":"","meta":{"footnotes":""},"categories":[],"tags":[],"class_list":["post-2809","page","type-page","status-publish","hentry"],"acf":[],"_links":{"self":[{"href":"https:\/\/www.ufsm.br\/pro-reitorias\/proplan\/wp-json\/wp\/v2\/pages\/2809","targetHints":{"allow":["GET"]}}],"collection":[{"href":"https:\/\/www.ufsm.br\/pro-reitorias\/proplan\/wp-json\/wp\/v2\/pages"}],"about":[{"href":"https:\/\/www.ufsm.br\/pro-reitorias\/proplan\/wp-json\/wp\/v2\/types\/page"}],"author":[{"embeddable":true,"href":"https:\/\/www.ufsm.br\/pro-reitorias\/proplan\/wp-json\/wp\/v2\/users\/205"}],"replies":[{"embeddable":true,"href":"https:\/\/www.ufsm.br\/pro-reitorias\/proplan\/wp-json\/wp\/v2\/comments?post=2809"}],"version-history":[{"count":0,"href":"https:\/\/www.ufsm.br\/pro-reitorias\/proplan\/wp-json\/wp\/v2\/pages\/2809\/revisions"}],"wp:attachment":[{"href":"https:\/\/www.ufsm.br\/pro-reitorias\/proplan\/wp-json\/wp\/v2\/media?parent=2809"}],"wp:term":[{"taxonomy":"category","embeddable":true,"href":"https:\/\/www.ufsm.br\/pro-reitorias\/proplan\/wp-json\/wp\/v2\/categories?post=2809"},{"taxonomy":"post_tag","embeddable":true,"href":"https:\/\/www.ufsm.br\/pro-reitorias\/proplan\/wp-json\/wp\/v2\/tags?post=2809"}],"curies":[{"name":"wp","href":"https:\/\/api.w.org\/{rel}","templated":true}]}}