{"id":2848,"date":"2019-12-02T13:55:57","date_gmt":"2019-12-02T16:55:57","guid":{"rendered":"https:\/\/www.ufsm.br\/pro-reitorias\/proplan\/?page_id=2848"},"modified":"2020-05-19T07:55:48","modified_gmt":"2020-05-19T10:55:48","slug":"resolucao-n-029-2012","status":"publish","type":"page","link":"https:\/\/www.ufsm.br\/pro-reitorias\/proplan\/resolucao-n-029-2012","title":{"rendered":"Resolu\u00e7\u00e3o N. 029\/2012"},"content":{"rendered":"\t\t<div data-elementor-type=\"wp-page\" data-elementor-id=\"2848\" class=\"elementor elementor-2848\">\n\t\t\t\t\t\t<section class=\"elementor-section elementor-top-section elementor-element elementor-element-5b74fb2 elementor-section-boxed elementor-section-height-default elementor-section-height-default\" data-id=\"5b74fb2\" data-element_type=\"section\">\n\t\t\t\t\t\t<div class=\"elementor-container elementor-column-gap-default\">\n\t\t\t\t\t<div class=\"elementor-column elementor-col-100 elementor-top-column elementor-element elementor-element-0d92e86\" data-id=\"0d92e86\" data-element_type=\"column\">\n\t\t\t<div class=\"elementor-widget-wrap elementor-element-populated\">\n\t\t\t\t\t\t<div class=\"elementor-element elementor-element-5585140 elementor-widget elementor-widget-html\" data-id=\"5585140\" data-element_type=\"widget\" data-widget_type=\"html.default\">\n\t\t\t\t<div class=\"elementor-widget-container\">\n\t\t\t\r\n\r\n\r\n<title><b>RESOLU\u00c7\u00c3O N. 029\/2012<\/b><\/title>\r\n\r\n\r\n<div align=\"center\"><img decoding=\"async\" src=\"https:\/\/www.ufsm.br\/pro-reitorias\/proplan\/wp-content\/uploads\/sites\/344\/2019\/09\/brasao-da-republica-do-brasil-logo.png\" alt=\"Bras\u00e3o Rep\u00fablica Federativa do Brasil\" width=\"6%\" height=\"6%\"><\/div>    \r\n<h1><font color=\"blue\"><font size=\"5\"><div align=\"center\">MINIST\u00c9RIO DA EDUCA\u00c7\u00c3O<\/b><\/font><\/font><\/div><\/H1>\r\n<p><b><font color=\"0000blue\"><div align=\"center\">UNIVERSIDADE FEDERAL DE SANTA MARIA<\/b><\/font><\/div><\/p>\r\n\r\n<p><div align=\"center\"><b><a href=\"https:\/\/portal.ufsm.br\/documentos\/publico\/documento.html?id=5594981\"><font color=\"blue\">RESOLU\u00c7\u00c3O N. 029\/2012<\/font><\/a><\/b><\/div><\/p>\r\n<br>\r\n<p><div align=\"right\"><font color=\"800000\">Reestrutura a Pr\u00f3-Reitoria de Recursos Humanos, altera a sua denomina\u00e7\u00e3o para Pr\u00f3-Reitoria de Gest\u00e3o de Pessoas e d\u00e1 outras provid\u00eancias.<\/font><\/div><\/p>\r\n<br>\r\n<br><div align=\"justify\">\r\n<p>O REITOR DA UNIVERSIDADE FEDERAL DE SANTA MARIA, no uso de suas atribui\u00e7\u00f5es legais e estatut\u00e1rias e considerando:<\/p>\r\n<p>- a necessidade de determinar uma nova denomina\u00e7\u00e3o para a Pr\u00f3-Reitoria de Recursos Humanos que atenda as concep\u00e7\u00f5es atuais da \u00e1rea e as defini\u00e7\u00f5es estrat\u00e9gicas da UFSM;<\/p>\r\n<p>- a necessidade de dotar a Pr\u00f3-Reitoria de uma estrutura organizacional cujas subunidades tenham uma denomina\u00e7\u00e3o e um conjunto adequado e coerente de atribui\u00e7\u00f5es capaz de atender ao escopo atual das atividades;<\/p>\r\n<p>- o Parecer n. 158\/2012 aprovado na 741\u00aa Sess\u00e3o do Conselho Universit\u00e1rio, de 30 11.2012, conforme Processo n. <a href=\"https:\/\/portal.ufsm.br\/documentos\/publico\/processo\/documento.html?idDocumento=5396872\" target=\"_blank\"><font color=\"blue\"><u>23081.013031\/2012-15<\/u><\/font><\/a>.<\/p>\r\n<br>\r\n<p><b><div align=\"center\">RESOLVE:<\/b><\/div><\/p>\r\n<br>\r\n<p>Art. 1\u00ba Aprovar a reestrutura\u00e7\u00e3o da Pr\u00f3-Reitoria de Recursos Humanos \u2014 PRRH, conforme descri\u00e7\u00e3o constante do processo, e alterar a sua denomina\u00e7\u00e3o para Pr\u00f3-Reitoria de Gest\u00e3o de Pessoas \u2014 PROGEP.<\/p>\r\n<p>Art. 2\u00ba Determinar que as subunidades ora criadas funcionem sem as Fun\u00e7\u00f5es Gratificadas devidas at\u00e9 que haja um aumento no quadro de Fun\u00e7\u00f5es da UFSM ou que estas sejam disponibilizadas em raz\u00e3o de eventuais altera\u00e7\u00f5es na estrutura organizacional da Institui\u00e7\u00e3o.<\/p>\r\n<p>Art. 3\u00ba Caber\u00e1 \u00e0 Pr\u00f3-Reitoria de Planejamento proceder \u00e0 altera\u00e7\u00e3o do nome da Pr\u00f3-Reitoria no Sistema de Classifica\u00e7\u00e3o Institucional, \u00e0 pr\u00f3pria Pr\u00f3- Reitoria a relota\u00e7\u00e3o dos recursos humanos, ao Departamento de Material e Patrim\u00f4nio a adequa\u00e7\u00e3o do registro dos m\u00f3veis e equipamentos e ao Centro de Processamento de Dados a migra\u00e7\u00e3o para o novo c\u00f3digo.<\/p>\r\n<p>Art. 4\u00ba Esta resolu\u00e7\u00e3o entra em vigor na data de sua assinatura, revogadas as disposi\u00e7\u00f5es em contr\u00e1rio, mais especificamente a <a href=\"https:\/\/www.ufsm.br\/pro-reitorias\/proplan\/resolucao-n-029-1996\/\" target=\"_blank\"><font color=\"blue\"><u>Resolu\u00e7\u00e3o N. 028\/96, de 27\/12\/96<\/u><\/font><\/a>.<\/p>\r\n\r\n<p>GABINETE DO REITOR DA UNIVERSIDADE FEDERAL DE SANTA MARIA, aos cinco dias do m\u00eas de dezembro do ano dois mil e doze.<\/p>\r\n<\/div>\r\n<p>Felipe Martins M\u00fcller,<\/p>\r\n<p>Reitor<\/p>\r\n\r\n<p><font color=\"red0000\">Este texto n\u00e3o substitui o documento original, publicado no Portal de Documentos.<\/font> Dispon\u00edvel em: <a href=\"https:\/\/portal.ufsm.br\/documentos\/publico\/documento.html?id=5594981\"><font color=\"blue\">https:\/\/portal.ufsm.br\/documentos\/publico\/documento.html?id=5594981<\/font><\/a>\r\n\r\n\r\n\t\t<\/div>\n\t\t\t\t<\/div>\n\t\t\t\t\t<\/div>\n\t\t<\/div>\n\t\t\t\t\t<\/div>\n\t\t<\/section>\n\t\t\t\t<\/div>\n\t\t","protected":false},"excerpt":{"rendered":"<p>RESOLU\u00c7\u00c3O N. 029\/2012 MINIST\u00c9RIO DA EDUCA\u00c7\u00c3O UNIVERSIDADE FEDERAL DE SANTA MARIA RESOLU\u00c7\u00c3O N. 029\/2012 Reestrutura a Pr\u00f3-Reitoria de Recursos Humanos, altera a sua denomina\u00e7\u00e3o para Pr\u00f3-Reitoria de Gest\u00e3o de Pessoas e d\u00e1 outras provid\u00eancias. O REITOR DA UNIVERSIDADE FEDERAL DE SANTA MARIA, no uso de suas atribui\u00e7\u00f5es legais e estatut\u00e1rias e considerando: &#8211; a necessidade [&hellip;]<\/p>\n","protected":false},"author":205,"featured_media":0,"parent":0,"menu_order":0,"comment_status":"closed","ping_status":"closed","template":"","meta":{"footnotes":""},"categories":[],"tags":[],"class_list":["post-2848","page","type-page","status-publish","hentry"],"acf":[],"_links":{"self":[{"href":"https:\/\/www.ufsm.br\/pro-reitorias\/proplan\/wp-json\/wp\/v2\/pages\/2848","targetHints":{"allow":["GET"]}}],"collection":[{"href":"https:\/\/www.ufsm.br\/pro-reitorias\/proplan\/wp-json\/wp\/v2\/pages"}],"about":[{"href":"https:\/\/www.ufsm.br\/pro-reitorias\/proplan\/wp-json\/wp\/v2\/types\/page"}],"author":[{"embeddable":true,"href":"https:\/\/www.ufsm.br\/pro-reitorias\/proplan\/wp-json\/wp\/v2\/users\/205"}],"replies":[{"embeddable":true,"href":"https:\/\/www.ufsm.br\/pro-reitorias\/proplan\/wp-json\/wp\/v2\/comments?post=2848"}],"version-history":[{"count":0,"href":"https:\/\/www.ufsm.br\/pro-reitorias\/proplan\/wp-json\/wp\/v2\/pages\/2848\/revisions"}],"wp:attachment":[{"href":"https:\/\/www.ufsm.br\/pro-reitorias\/proplan\/wp-json\/wp\/v2\/media?parent=2848"}],"wp:term":[{"taxonomy":"category","embeddable":true,"href":"https:\/\/www.ufsm.br\/pro-reitorias\/proplan\/wp-json\/wp\/v2\/categories?post=2848"},{"taxonomy":"post_tag","embeddable":true,"href":"https:\/\/www.ufsm.br\/pro-reitorias\/proplan\/wp-json\/wp\/v2\/tags?post=2848"}],"curies":[{"name":"wp","href":"https:\/\/api.w.org\/{rel}","templated":true}]}}