{"id":2857,"date":"2019-12-03T14:18:03","date_gmt":"2019-12-03T17:18:03","guid":{"rendered":"https:\/\/www.ufsm.br\/pro-reitorias\/proplan\/?page_id=2857"},"modified":"2020-05-19T08:12:40","modified_gmt":"2020-05-19T11:12:40","slug":"resolucao-n-007-2011","status":"publish","type":"page","link":"https:\/\/www.ufsm.br\/pro-reitorias\/proplan\/resolucao-n-007-2011","title":{"rendered":"Resolu\u00e7\u00e3o N. 007\/2011"},"content":{"rendered":"\t\t<div data-elementor-type=\"wp-page\" data-elementor-id=\"2857\" class=\"elementor elementor-2857\">\n\t\t\t\t\t\t<section class=\"elementor-section elementor-top-section elementor-element elementor-element-fec5e3d elementor-section-boxed elementor-section-height-default elementor-section-height-default\" data-id=\"fec5e3d\" data-element_type=\"section\">\n\t\t\t\t\t\t<div class=\"elementor-container elementor-column-gap-default\">\n\t\t\t\t\t<div class=\"elementor-column elementor-col-100 elementor-top-column elementor-element elementor-element-be5b39a\" data-id=\"be5b39a\" data-element_type=\"column\">\n\t\t\t<div class=\"elementor-widget-wrap elementor-element-populated\">\n\t\t\t\t\t\t<div class=\"elementor-element elementor-element-6b17f45 elementor-widget elementor-widget-html\" data-id=\"6b17f45\" data-element_type=\"widget\" data-widget_type=\"html.default\">\n\t\t\t\t<div class=\"elementor-widget-container\">\n\t\t\t\r\n\r\n\r\n<title><b>RESOLU\u00c7\u00c3O N. 007\/2011<\/b><\/title>\r\n\r\n\r\n<div align=\"center\"><img decoding=\"async\" src=\"https:\/\/www.ufsm.br\/pro-reitorias\/proplan\/wp-content\/uploads\/sites\/344\/2019\/09\/brasao-da-republica-do-brasil-logo.png\" alt=\"Bras\u00e3o Rep\u00fablica Federativa do Brasil\" width=\"6%\" height=\"6%\"><\/div>    \r\n<h1><font color=\"blue\"><font size=\"5\"><div align=\"center\">MINIST\u00c9RIO DA EDUCA\u00c7\u00c3O<\/b><\/font><\/font><\/div><\/H1>\r\n<p><b><font color=\"0000blue\"><div align=\"center\">UNIVERSIDADE FEDERAL DE SANTA MARIA<\/b><\/font><\/div><\/p>\r\n\r\n<p><div align=\"center\"><b><a href=\"https:\/\/portal.ufsm.br\/documentos\/publico\/documento.html?id=4649173\"><font color=\"blue\">RESOLU\u00c7\u00c3O N. 007\/2011<\/font><\/a><\/b><\/div><\/p>\r\n<br>\r\n<p><div align=\"right\"><font color=\"800000\"><strike>Disp\u00f5e sobre a cria\u00e7\u00e3o e a instala\u00e7\u00e3o do Conselho de Administra\u00e7\u00e3o - CONAD, do Hospital Universit\u00e1rio da Universidade Federal de Santa Maria.<\/strike><\/font><\/div><\/p>\r\n<br><div align=\"justify\">\r\n<p><a href=\"https:\/\/www.ufsm.br\/pro-reitorias\/proplan\/resolucao-n-020-2019\/\"><font color=\"blue\">Revogado pela Resolu\u00e7\u00e3o N. 020\/2019<\/font><\/a><\/p>\r\n<br>\r\n<strike>\r\n<p>O REITOR DA UNIVERSIDADE FEDERAL DE SANTA MARIA, no uso de suas atribui\u00e7\u00f5es legais e estatut\u00e1rias e considerando:<\/p>\r\n<p>- a recomenda\u00e7\u00e3o feita pelo Tribunal de Contas da Uni\u00e3o;<\/p>\r\n<p>- a necessidade do Hospital Universit\u00e1rio de Santa Maria - HUSM contar com um \u00f3rg\u00e3o de delibera\u00e7\u00e3o coletiva;<\/p>\r\n<p>- a decis\u00e3o constante da Ata n. 01\/2001, da reuni\u00e3o da DIREX AMPLA, de 18\/01\/2011;<\/p>\r\n<p>- o Parecer n.029\/2011, da Comiss\u00e3o de Legisla\u00e7\u00e3o e Regimentos, aprovado na 723\u00aa sess\u00e3o do Conselho Universit\u00e1rio, de 29\/04\/2011, referente ao Processo n. <a href=\"https:\/\/portal.ufsm.br\/documentos\/publico\/processo\/documento.html?idDocumento=4539793\" target=\"_blank\"><font color=\"blue\"><u>23081.002675\/2011-05<\/u><\/font><\/a>.<\/p>\r\n<br>\r\n<p><b><div align=\"center\">RESOLVE:<\/b><\/div><\/p>\r\n<br>\r\n<p>Art. 1\u00ba Criar, na estrutura organizacional do Hospital Universit\u00e1rio de Santa Maria, o Conselho de Administra\u00e7\u00e3o - CONAD.<\/p>\r\n<p>Art. 2\u00ba O Conselho de Administra\u00e7\u00e3o - CONAD \u00e9 o \u00f3rg\u00e3o deliberativo, normativo e fiscalizador do Hospital Universit\u00e1rio de Santa Maria, e tem a seguinte composi\u00e7\u00e3o:<\/p>\r\n<p>I - Reitor;<\/p>\r\n<p>II - Diretor Geral;<\/p>\r\n<p>III - Diretor Cl\u00ednico;<\/p>\r\n<p>IV - Diretor de Enfermagem;<\/p>\r\n<p>V - Diretor Administrativo;<\/p>\r\n<p>VI - Diretor de Ensino e Pesquisa;<\/p>\r\n<p>VII - Diretor do Centro de Ci\u00eancias da Sa\u00fade - CCS;<\/p>\r\n<p>VIII - Sete Coordenadores dos Cursos de Gradua\u00e7\u00e3o do CCS da UFSM com atua\u00e7\u00e3o no HUSM (Medicina, Enfermagem, Fisioterapia, Farm\u00e1cia, Fonoaudiologia, Odontologia, Terapia Ocupacional);<\/p>\r\n<p>IX - Delegado Regional de Sa\u00fade da 4\u00aa Coordenadoria Regional de Sa\u00fade;<\/p>\r\n<p>X - Representante do Colegiado de Gest\u00e3o Regional - COGERE;<\/p>\r\n<p>XI - Representante do segmento dos usu\u00e1rios do Conselho Municipal de Sa\u00fade;<\/p>\r\n<p>XIl - Quatro representantes dos servidores t\u00e9cnico-administrativos em educa\u00e7\u00e3o escolhidos pelos seus pares nas suas respectivas dire\u00e7\u00f5es de lota\u00e7\u00e3o e exerc\u00edcio no hospital;<\/p>\r\n<p>XIII - Representante do corpo docente do CCS;<\/p>\r\n<p>XIV - Coordenador da Comiss\u00e3o de Resid\u00eancia M\u00e9dica - COREME;<\/p>\r\n<p>XV - Coordenador da Comiss\u00e3o de Resid\u00eancia Multiprofissional - COREMU;<\/p>\r\n<p>XVI - Dois representantes do corpo discente dos programas de p\u00f3s-gradua\u00e7\u00e3o do CCS em atividade no HUSM; e<\/p>\r\n<p>XVII - Dois representantes do corpo discente dos cursos de gradua\u00e7\u00e3o do CCS em atividade acad\u00eamica no HUSM.<\/p>\r\n<p>\u00a7 1\u00baA presid\u00eancia do CONAD caber\u00e1 ao Reitor.<\/p>\r\n<p>\u00a7 2\u00ba O CONAD reunir-se-\u00e1 ordinariamente uma vez por m\u00eas de acordo com calend\u00e1rio pr\u00e9-aprovado e, extraordinariamente, quando convocado pelo seu presidente ou por dois ter\u00e7os de seus membros.<\/p>\r\n<p>\u00a7 3\u00ba Os representantes discentes da gradua\u00e7\u00e3o e p\u00f3s-gradua\u00e7\u00e3o ser\u00e3o indicados pelos seus pares.<\/p>\r\n<p>\u00a7 4\u00ba Os representantes dos servidores t\u00e9cnico-administrativos em educa\u00e7\u00e3o ser\u00e3o escolhidos por seus pares lotados e com exerc\u00edcio no HUSM.<\/p>\r\n<p>\u00a7 5\u00ba O representante do corpo docente do CCS ser\u00e1 escolhido pelos seus pares, com atua\u00e7\u00e3o no HUSM.<\/p>\r\n<p>\u00a7 6\u00ba O representante da 4\u00ba Coordenadoria Regional de Sa\u00fade ser\u00e1 o seu titular.<\/p>\r\n<p>\u00a7 7\u00ba O representante do COGERE ser\u00e1 indicado pelo Conselho dos Secret\u00e1rios de Sa\u00fade.<\/p>\r\n<p>\u00a7 8\u00ba O representante do Conselho Municipal de Sa\u00fade ser\u00e1 indicado pela entidade, observada a ressalva de que represente o segmento usu\u00e1rio na mesma.<\/p>\r\n\r\n<p>Art. 3\u00ba Esta resolu\u00e7\u00e3o entrar\u00e1 em vigor na data de sua assinatura, revogadas as disposi\u00e7\u00f5es em contr\u00e1rio.<\/p>\r\n\r\n\r\n<p>GABINETE DO REITOR DA UNIVERSIDADE FEDERAL DE SANTA MARIA, aos dois dias do m\u00eas de maio do ano de dois mil e onze.<\/p>\r\n<\/div>\r\n<p>Felipe Martins M\u00fcller,<\/p>\r\n<p>Reitor.<\/p>\r\n\r\n<p><font color=\"red0000\">Este texto n\u00e3o substitui o documento original, publicado no Portal de Documentos.<\/font> Dispon\u00edvel em: <a href=\"https:\/\/portal.ufsm.br\/documentos\/publico\/documento.html?id=4649173\"><font color=\"blue\">https:\/\/portal.ufsm.br\/documentos\/publico\/documento.html?id=4649173<\/font><\/a>\r\n<\/strike>\r\n\r\n\t\t<\/div>\n\t\t\t\t<\/div>\n\t\t\t\t\t<\/div>\n\t\t<\/div>\n\t\t\t\t\t<\/div>\n\t\t<\/section>\n\t\t\t\t<\/div>\n\t\t","protected":false},"excerpt":{"rendered":"<p>RESOLU\u00c7\u00c3O N. 007\/2011 MINIST\u00c9RIO DA EDUCA\u00c7\u00c3O UNIVERSIDADE FEDERAL DE SANTA MARIA RESOLU\u00c7\u00c3O N. 007\/2011 Disp\u00f5e sobre a cria\u00e7\u00e3o e a instala\u00e7\u00e3o do Conselho de Administra\u00e7\u00e3o &#8211; CONAD, do Hospital Universit\u00e1rio da Universidade Federal de Santa Maria. Revogado pela Resolu\u00e7\u00e3o N. 020\/2019 O REITOR DA UNIVERSIDADE FEDERAL DE SANTA MARIA, no uso de suas atribui\u00e7\u00f5es legais [&hellip;]<\/p>\n","protected":false},"author":205,"featured_media":0,"parent":0,"menu_order":0,"comment_status":"closed","ping_status":"closed","template":"","meta":{"footnotes":""},"categories":[],"tags":[],"class_list":["post-2857","page","type-page","status-publish","hentry"],"acf":[],"_links":{"self":[{"href":"https:\/\/www.ufsm.br\/pro-reitorias\/proplan\/wp-json\/wp\/v2\/pages\/2857","targetHints":{"allow":["GET"]}}],"collection":[{"href":"https:\/\/www.ufsm.br\/pro-reitorias\/proplan\/wp-json\/wp\/v2\/pages"}],"about":[{"href":"https:\/\/www.ufsm.br\/pro-reitorias\/proplan\/wp-json\/wp\/v2\/types\/page"}],"author":[{"embeddable":true,"href":"https:\/\/www.ufsm.br\/pro-reitorias\/proplan\/wp-json\/wp\/v2\/users\/205"}],"replies":[{"embeddable":true,"href":"https:\/\/www.ufsm.br\/pro-reitorias\/proplan\/wp-json\/wp\/v2\/comments?post=2857"}],"version-history":[{"count":0,"href":"https:\/\/www.ufsm.br\/pro-reitorias\/proplan\/wp-json\/wp\/v2\/pages\/2857\/revisions"}],"wp:attachment":[{"href":"https:\/\/www.ufsm.br\/pro-reitorias\/proplan\/wp-json\/wp\/v2\/media?parent=2857"}],"wp:term":[{"taxonomy":"category","embeddable":true,"href":"https:\/\/www.ufsm.br\/pro-reitorias\/proplan\/wp-json\/wp\/v2\/categories?post=2857"},{"taxonomy":"post_tag","embeddable":true,"href":"https:\/\/www.ufsm.br\/pro-reitorias\/proplan\/wp-json\/wp\/v2\/tags?post=2857"}],"curies":[{"name":"wp","href":"https:\/\/api.w.org\/{rel}","templated":true}]}}