{"id":2860,"date":"2019-12-03T14:18:12","date_gmt":"2019-12-03T17:18:12","guid":{"rendered":"https:\/\/www.ufsm.br\/pro-reitorias\/proplan\/?page_id=2860"},"modified":"2025-09-01T09:43:40","modified_gmt":"2025-09-01T12:43:40","slug":"resolucao-n-009-2011","status":"publish","type":"page","link":"https:\/\/www.ufsm.br\/pro-reitorias\/proplan\/resolucao-n-009-2011","title":{"rendered":"Resolu\u00e7\u00e3o N. 009\/2011"},"content":{"rendered":"\t\t<div data-elementor-type=\"wp-page\" data-elementor-id=\"2860\" class=\"elementor elementor-2860\">\n\t\t\t\t\t\t<section class=\"elementor-section elementor-top-section elementor-element elementor-element-56a8bd5 elementor-section-boxed elementor-section-height-default elementor-section-height-default\" data-id=\"56a8bd5\" data-element_type=\"section\">\n\t\t\t\t\t\t<div class=\"elementor-container elementor-column-gap-default\">\n\t\t\t\t\t<div class=\"elementor-column elementor-col-100 elementor-top-column elementor-element elementor-element-9658e12\" data-id=\"9658e12\" data-element_type=\"column\">\n\t\t\t<div class=\"elementor-widget-wrap elementor-element-populated\">\n\t\t\t\t\t\t<div class=\"elementor-element elementor-element-13e0cda elementor-widget elementor-widget-html\" data-id=\"13e0cda\" data-element_type=\"widget\" data-widget_type=\"html.default\">\n\t\t\t\t<div class=\"elementor-widget-container\">\n\t\t\t<br><div align=\"justify\"><font color=\"black\">\r\n<div align=\"center\">\r\n<img decoding=\"async\" src=\"https:\/\/www.ufsm.br\/pro-reitorias\/proplan\/wp-content\/uploads\/sites\/344\/2019\/09\/brasao-da-republica-do-brasil-logo.png\" alt=\"Bras\u00e3o Rep\u00fablica Federativa do Brasil\" width=\"6%\" height=\"6%\" style=\"text-align: justify\">\r\n<\/div>    \r\n<h1 style=\"text-align: justify\">\r\n<font color=\"blue\">\r\n<font size=\"5\">\r\n<\/font>\r\n<\/font>\r\n<div align=\"center\">\r\n<font color=\"blue\" style=\"text-align: justify\">\r\n<font size=\"5\">MINIST\u00c9RIO DA EDUCA\u00c7\u00c3O<\/font>\r\n<\/font>\r\n<\/div>\r\n<\/h1>\r\n<p>\r\n<b>\r\n<font color=\"0000blue\">\r\n<\/font>\r\n<\/b>\r\n<\/p>\r\n<div align=\"center\">\r\n<b style=\"text-align: justify\">\r\n<font color=\"0000blue\">UNIVERSIDADE FEDERAL DE SANTA MARIA<\/font>\r\n<\/b>\r\n<\/div>\r\n<p>\r\n<\/p>\r\n\r\n<p>\r\n<\/p>\r\n<div align=\"center\">\r\n<b style=\"text-align: justify\">\r\n<a href=\"https:\/\/portal.ufsm.br\/documentos\/publico\/documento.html?id=4649174\" style=\"color: blue !important;text-decoration: underline !important\" data-elementor-preserved=\"true\">\r\n<font color=\"blue\">RESOLU\u00c7\u00c3O N. 009\/2011<\/font>\r\n<\/a>\r\n<\/b>\r\n<\/div>\r\n<p>\r\n<\/p>\r\n<br>\r\n<p>\r\n<\/p>\r\n<div align=\"right\">\r\n<font color=\"800000\" style=\"text-align: justify\">\r\n<strike>Altera a denomina\u00e7\u00e3o do Departamento de Enfermagem, do Centro de Educa\u00e7\u00e3o Superior Norte-RS, para Departamento de Ci\u00eancias da Sa\u00fade e revoga a Resolu\u00e7\u00e3o n. 004\/2011.<\/strike>\r\n<\/font>\r\n<\/div>\r\n<p>\r\n<\/p>\r\n<br>\r\n<div align=\"justify\">\r\n<p>Revogada pela <a href=\"https:\/\/www.ufsm.br\/pro-reitorias\/proplan\/resolucao-ufsm-n-223-2025\" style=\"color: blue !important;text-decoration: underline !important\" data-elementor-preserved=\"true\">Resolu\u00e7\u00e3o UFSM N\u00b0 223\/2025<\/a>.<\/p>\r\n<p>\r\n<a href=\"https:\/\/www.ufsm.br\/pro-reitorias\/proplan\/resolucao-n-003-2016\/\" style=\"color: blue !important;text-decoration: underline !important\" data-elementor-preserved=\"true\">\r\n<font color=\"blue\">\r\n<strike>Alterado pela Resolu\u00e7\u00e3o N. 003\/2016<\/strike>\r\n<\/font>\r\n<\/a>\r\n<\/p>\r\n<u>\r\n<strike>\r\n<br>\r\n<\/strike>\r\n<\/u>\r\n<p>\r\n<u>\r\n<strike>O REITOR DA UNIVERSIDADE FEDERAL DE SANTA MARIA, no uso de suas atribui\u00e7\u00f5es legais e estatut\u00e1rias e considerando:<\/strike>\r\n<\/u>\r\n<\/p>\r\n<p>\r\n<u>\r\n<strike>- a necessidade de se adequar a denomina\u00e7\u00e3o do referido departamento \u00e0 real natureza de sua atua\u00e7\u00e3o;<\/strike>\r\n<\/u>\r\n<\/p>\r\n<p>\r\n<u>\r\n<strike>- a aprova\u00e7\u00e3o da proposta na 50\u00aa Reuni\u00e3o do Conselho do Centro de Educa\u00e7\u00e3o Superior Norte-RS, de 25.01.2011;<\/strike>\r\n<\/u>\r\n<\/p>\r\n<p>\r\n<u>\r\n<strike>- o Parecer n. 058\/11 aprovado na 777\u00ba Sess\u00e3o do Conselho de Ensino, Pesquisa e Extens\u00e3o, de 18.03.2011; e<\/strike>\r\n<\/u>\r\n<\/p>\r\n<p>\r\n<u>\r\n<strike>- o Parecer n. 044\/2011 aprovado na 723\u00aa Sess\u00e3o do Conselho Universit\u00e1rio, de 29.04.2011, conforme Processo n. <a href=\"https:\/\/portal.ufsm.br\/documentos\/publico\/processo\/documento.html?idDocumento=4528984\" style=\"color: blue !important;text-decoration: underline !important\" data-elementor-preserved=\"true\" target=\"_blank\">\r\n<font color=\"blue\">23081.002452\/2011-30<\/font>\r\n<\/a>.<\/strike>\r\n<\/u>\r\n<\/p>\r\n<u>\r\n<strike>\r\n<br>\r\n<\/strike>\r\n<\/u>\r\n<p>\r\n<u>\r\n<strike>\r\n<b>\r\n<\/b>\r\n<\/strike>\r\n<\/u>\r\n<\/p>\r\n<div align=\"center\">\r\n<b style=\"text-align: justify\">\r\n<u>\r\n<strike>RESOLVE:<\/strike>\r\n<\/u>\r\n<\/b>\r\n<\/div>\r\n<p>\r\n<\/p>\r\n<u>\r\n<strike>\r\n<br>\r\n<\/strike>\r\n<\/u>\r\n<p>\r\n<u>\r\n<strike>Art. 1\u00ba Alterar a denomina\u00e7\u00e3o do Departamento de Enfermagem, do Centro de Educa\u00e7\u00e3o Superior Norte-RS\/UFSM, para Departamento de Ci\u00eancias da Sa\u00fade.<\/strike>\r\n<\/u>\r\n<\/p>\r\n<p>\r\n<u>\r\n<strike>Art. 2\u00ba Caber\u00e1 \u00e0 Pr\u00f3-Reitoria de Planejamento proceder \u00e0 altera\u00e7\u00e3o do nome do Departamento no Sistema de Classifica\u00e7\u00e3o Institucional, \u00e0 Pr\u00f3-Reitoria de Recursos Humanos a relota\u00e7\u00e3o dos recursos humanos e ao Departamento de Material e Patrim\u00f4nio a adequa\u00e7\u00e3o do registro dos m\u00f3veis e equipamentos.<\/strike>\r\n<\/u>\r\n<\/p>\r\n<p>\r\n<u>\r\n<strike>Art. 3\u00ba Permanecem inalterados os c\u00f3digos das disciplinas do departamento.<\/strike>\r\n<\/u>\r\n<\/p>\r\n<p>\r\n<u>\r\n<strike>Art. 4\u00ba Esta resolu\u00e7\u00e3o entra em vigor na data de sua assinatura, revogadas as disposi\u00e7\u00f5es em contr\u00e1rio, especialmente a <a href=\"https:\/\/www.ufsm.br\/pro-reitorias\/proplan\/resolucao-n-004-2011\/\" style=\"color: blue !important;text-decoration: underline !important\" data-elementor-preserved=\"true\" target=\"_blank\">\r\n<font color=\"blue\">Resolu\u00e7\u00e3o n. 004\/2011<\/font>\r\n<\/a>.<\/strike>\r\n<\/u>\r\n<\/p>\r\n\r\n<p>\r\n<u>\r\n<strike>GABINETE DO REITOR DA UNIVERSIDADE FEDERAL DE SANTA MARIA, aos dois dias do m\u00eas de maio do ano dois mil e onze.<\/strike>\r\n<\/u>\r\n<\/p>\r\n<\/div>\r\n<p>\r\n<u>\r\n<strike>Felipe Martins M\u00fcller,<\/strike>\r\n<\/u>\r\n<\/p>\r\n<p>\r\n<u>\r\n<strike>Reitor.<\/strike>\r\n<\/u>\r\n<\/p>\r\n\r\n<p>\r\n<u>\r\n<strike>\r\n<font color=\"red0000\">Este texto n\u00e3o substitui o documento original, publicado no Portal de Documentos.<\/font> Dispon\u00edvel em: <a href=\"https:\/\/portal.ufsm.br\/documentos\/publico\/documento.html?id=4649174\" style=\"color: blue !important;text-decoration: underline !important\" data-elementor-preserved=\"true\">\r\n<font color=\"blue\">https:\/\/portal.ufsm.br\/documentos\/publico\/documento.html?id=4649174<\/font>\r\n<\/a>\r\n<\/strike>\r\n<\/u>\r\n<\/p>\r\n<\/font><\/div>\t\t<\/div>\n\t\t\t\t<\/div>\n\t\t\t\t\t<\/div>\n\t\t<\/div>\n\t\t\t\t\t<\/div>\n\t\t<\/section>\n\t\t\t\t<\/div>\n\t\t","protected":false},"excerpt":{"rendered":"<p>MINIST\u00c9RIO DA EDUCA\u00c7\u00c3O UNIVERSIDADE FEDERAL DE SANTA MARIA RESOLU\u00c7\u00c3O N. 009\/2011 Altera a denomina\u00e7\u00e3o do Departamento de Enfermagem, do Centro de Educa\u00e7\u00e3o Superior Norte-RS, para Departamento de Ci\u00eancias da Sa\u00fade e revoga a Resolu\u00e7\u00e3o n. 004\/2011. Revogada pela Resolu\u00e7\u00e3o UFSM N\u00b0 223\/2025. Alterado pela Resolu\u00e7\u00e3o N. 003\/2016 O REITOR DA UNIVERSIDADE FEDERAL DE SANTA MARIA, [&hellip;]<\/p>\n","protected":false},"author":205,"featured_media":0,"parent":0,"menu_order":0,"comment_status":"closed","ping_status":"closed","template":"","meta":{"footnotes":""},"categories":[],"tags":[],"class_list":["post-2860","page","type-page","status-publish","hentry"],"acf":[],"_links":{"self":[{"href":"https:\/\/www.ufsm.br\/pro-reitorias\/proplan\/wp-json\/wp\/v2\/pages\/2860","targetHints":{"allow":["GET"]}}],"collection":[{"href":"https:\/\/www.ufsm.br\/pro-reitorias\/proplan\/wp-json\/wp\/v2\/pages"}],"about":[{"href":"https:\/\/www.ufsm.br\/pro-reitorias\/proplan\/wp-json\/wp\/v2\/types\/page"}],"author":[{"embeddable":true,"href":"https:\/\/www.ufsm.br\/pro-reitorias\/proplan\/wp-json\/wp\/v2\/users\/205"}],"replies":[{"embeddable":true,"href":"https:\/\/www.ufsm.br\/pro-reitorias\/proplan\/wp-json\/wp\/v2\/comments?post=2860"}],"version-history":[{"count":0,"href":"https:\/\/www.ufsm.br\/pro-reitorias\/proplan\/wp-json\/wp\/v2\/pages\/2860\/revisions"}],"wp:attachment":[{"href":"https:\/\/www.ufsm.br\/pro-reitorias\/proplan\/wp-json\/wp\/v2\/media?parent=2860"}],"wp:term":[{"taxonomy":"category","embeddable":true,"href":"https:\/\/www.ufsm.br\/pro-reitorias\/proplan\/wp-json\/wp\/v2\/categories?post=2860"},{"taxonomy":"post_tag","embeddable":true,"href":"https:\/\/www.ufsm.br\/pro-reitorias\/proplan\/wp-json\/wp\/v2\/tags?post=2860"}],"curies":[{"name":"wp","href":"https:\/\/api.w.org\/{rel}","templated":true}]}}