{"id":2873,"date":"2019-12-04T10:56:34","date_gmt":"2019-12-04T13:56:34","guid":{"rendered":"https:\/\/www.ufsm.br\/pro-reitorias\/proplan\/?page_id=2873"},"modified":"2022-06-01T14:37:11","modified_gmt":"2022-06-01T17:37:11","slug":"resolucao-n-038-2019","status":"publish","type":"page","link":"https:\/\/www.ufsm.br\/pro-reitorias\/proplan\/resolucao-n-038-2019","title":{"rendered":"Resolu\u00e7\u00e3o N. 038\/2019"},"content":{"rendered":"\t\t<div data-elementor-type=\"wp-page\" data-elementor-id=\"2873\" class=\"elementor elementor-2873\">\n\t\t\t\t\t\t<section class=\"elementor-section elementor-top-section elementor-element elementor-element-f589254 elementor-section-boxed elementor-section-height-default elementor-section-height-default\" data-id=\"f589254\" data-element_type=\"section\">\n\t\t\t\t\t\t<div class=\"elementor-container elementor-column-gap-default\">\n\t\t\t\t\t<div class=\"elementor-column elementor-col-100 elementor-top-column elementor-element elementor-element-f445ee4\" data-id=\"f445ee4\" data-element_type=\"column\">\n\t\t\t<div class=\"elementor-widget-wrap elementor-element-populated\">\n\t\t\t\t\t\t<div class=\"elementor-element elementor-element-afeab55 elementor-widget elementor-widget-html\" data-id=\"afeab55\" data-element_type=\"widget\" data-widget_type=\"html.default\">\n\t\t\t\t<div class=\"elementor-widget-container\">\n\t\t\t\ufeff\r\n\r\n\r\n<title><b>RESOLU\u00c7\u00c3O N. 038\/2019<\/b><\/title>\r\n\r\n\r\n<div align=\"center\"><img decoding=\"async\" src=\"https:\/\/www.ufsm.br\/pro-reitorias\/proplan\/wp-content\/uploads\/sites\/344\/2019\/09\/brasao-da-republica-do-brasil-logo.png\" alt=\"Bras\u00e3o Rep\u00fablica Federativa do Brasil\" width=\"6%\" height=\"6%\"><\/div>    \r\n<h1><font color=\"blue\"><font size=\"5\"><div align=\"center\">MINIST\u00c9RIO DA EDUCA\u00c7\u00c3O<\/b><\/font><\/font><\/div><\/H1>\r\n<p><b><font color=\"0000blue\"><div align=\"center\">UNIVERSIDADE FEDERAL DE SANTA MARIA<\/b><\/font><\/div><\/p>\r\n\r\n<p><div align=\"center\"><b><a href=\"https:\/\/portal.ufsm.br\/documentos\/publico\/documento.html?id=12849791\"><font color=\"blue\">RESOLU\u00c7\u00c3O N. 038\/2019<\/font><\/a><\/b><\/div><\/p>\r\n<br>\r\n<p><div align=\"right\"><font color=\"800000\"><strike>Aprova a recria\u00e7\u00e3o de \u00f3rg\u00e3os colegiados vinculados ao Conselho e a Dire\u00e7\u00e3o do Centro de Ci\u00eancias Naturais e Exatas (CCNE) da estrutura organizacional da Universidade Federal de Santa Maria (UFSM).<\/strike><\/font><\/div><\/p>\r\n<br>\r\n<p><a href=\"https:\/\/www.ufsm.br\/pro-reitorias\/proplan\/resolucao-ufsm-n-095-2022\/\" target=\"_blank\"><font color=\"blue\">Revogada pela Resolu\u00e7\u00e3o UFSM N. 095\/2022<\/font><\/a><\/p>\r\n<br>\r\n<br><div align=\"justify\">\r\n<strike>\r\n<p>O REITOR DA UNIVERSIDADE FEDERAL DE SANTA MARIA, no uso de suas atribui\u00e7\u00f5es legais e estatut\u00e1rias e considerando:<\/p>\r\n<p>\u2013 o Art. 56 da <a href=\"http:\/\/www.planalto.gov.br\/ccivil_03\/leis\/l9394.htm\" target=\"_blank\"><font color=\"blue\"><u>Lei N. 9.394, de 20 de dezembro de 1996<\/u><\/font><\/a>, que estabelece as diretrizes e bases da educa\u00e7\u00e3o nacional;<\/p>\r\n<p>\u2013 o <a href=\"http:\/\/www.planalto.gov.br\/ccivil_03\/_ato2015-2018\/2017\/decreto\/D9191.htm\" target=\"_blank\"><font color=\"blue\"><u>Decreto N. 9.191, de 1\u00b0 de novembro de 2017<\/u><\/font><\/a>, que estabelece as normas e as diretrizes para elabora\u00e7\u00e3o, reda\u00e7\u00e3o, altera\u00e7\u00e3o, consolida\u00e7\u00e3o e encaminhamento de propostas de atos normativos ao Presidente da Rep\u00fablica pelos Ministros de Estado;<\/p>\r\n<p>\u2013 o <a href=\"http:\/\/www.planalto.gov.br\/ccivil_03\/_ato2019-2022\/2019\/decreto\/D9759.htm\" target=\"_blank\"><font color=\"blue\"><u>Decreto N. 9.759, de 11 de abril de 2019<\/u><\/font><\/a>, que extingue e estabelece diretrizes, regras e limita\u00e7\u00f5es para colegiados da administra\u00e7\u00e3o p\u00fablica federal;<\/p>\r\n<p>- os artigos 7\u00ba, 8\u00ba e 9\u00ba do <a href=\"https:\/\/www.ufsm.br\/pro-reitorias\/proplan\/regimento-interno-do-centro-de-ciencias-naturais-e-exatas\/\" target=\"_blank\"><font color=\"blue\"><u>Regimento Interno do Centro de Ci\u00eancias Naturais e Exatas (CCNE)<\/u><\/font><\/a>, aprovado pela <a href=\"https:\/\/www.ufsm.br\/pro-reitorias\/proplan\/resolucao-n-026-2017\/\" target=\"_blank\"><font color=\"blue\"><u>Resolu\u00e7\u00e3o N. 026\/2017<\/u><\/font><\/a> da Universidade Federal de Santa Maria (UFSM);<\/p>\r\n<p>- os artigos 53 e 58 do <a href=\"https:\/\/www.ufsm.br\/pro-reitorias\/proplan\/regimento-interno-do-centro-de-ciencias-naturais-e-exatas\/\" target=\"_blank\"><font color=\"blue\"><u>Regimento Interno do Centro de Ci\u00eancias Naturais e Exatas (CCNE)<\/u><\/font><\/a>, aprovado pela <a href=\"https:\/\/www.ufsm.br\/pro-reitorias\/proplan\/resolucao-n-026-2017\/\" target=\"_blank\"><font color=\"blue\"><u>Resolu\u00e7\u00e3o N. 026\/2017<\/u><\/font><\/a> da Universidade Federal de Santa Maria (UFSM);<\/p>\r\n<p>- o Parecer N. 120\/2019 da Comiss\u00e3o de Legisla\u00e7\u00e3o e Normas (CLN), aprovado na 941\u00aa Sess\u00e3o do Conselho de Ensino, Pesquisa e Extens\u00e3o, de 18 de outubro de 2019, referente ao Processo N. <a href=\"https:\/\/portal.ufsm.br\/documentos\/publico\/processo\/documento.html?idDocumento=12592117\" target=\"_blank\"><font color=\"blue\"><u>23081.036161\/2019-01<\/u><\/font><\/a>;<\/p>\r\n<p>- o Parecer N. 149\/2019 da Comiss\u00e3o de Legisla\u00e7\u00e3o e Regimentos (CLR), aprovado na 824\u00aa Sess\u00e3o do Conselho Universit\u00e1rio, de 29 de novembro de 2019, referente ao Processo N. <a href=\"https:\/\/portal.ufsm.br\/documentos\/publico\/processo\/documento.html?idDocumento=12592117\" target=\"_blank\"><font color=\"blue\"><u>23081.036161\/2019-01<\/u><\/font><\/a>.<\/p>\r\n<br>\r\n<p><b><div align=\"center\">RESOLVE:<\/b><\/div><\/p>\r\n<br>\r\n<p>Art. 1\u00ba Aprovar a recria\u00e7\u00e3o dos \u00f3rg\u00e3os colegiados denominados Comiss\u00e3o Permanente de Legisla\u00e7\u00e3o e Normas (CLN\/CCNE) e Comiss\u00e3o Permanente de Ensino, Pesquisa e Extens\u00e3o (COMEPE\/CCNE) vinculados ao Conselho do Centro de Ci\u00eancias Naturais e Exatas (CCNE) da estrutura organizacional da Universidade Federal de Santa Maria (UFSM).<\/p>\r\n<p>Par\u00e1grafo \u00fanico. Os \u00f3rg\u00e3os colegiados mencionados no Caput deste artigo s\u00e3o recriados considerando sua previs\u00e3o anterior nos artigos 7\u00ba, 8\u00ba e 9\u00ba do <a href=\"https:\/\/www.ufsm.br\/pro-reitorias\/proplan\/regimento-interno-do-centro-de-ciencias-naturais-e-exatas\/\" target=\"_blank\"><font color=\"blue\"><u>Regimento Interno do Centro de Ci\u00eancias Naturais e Exatas (CCNE)<\/u><\/font><\/a>, aprovado pela <a href=\"https:\/\/www.ufsm.br\/pro-reitorias\/proplan\/resolucao-n-026-2017\/\" target=\"_blank\"><font color=\"blue\"><u>Resolu\u00e7\u00e3o N. 026\/2017<\/u><\/font><\/a> da Universidade Federal de Santa Maria (UFSM).<\/p>\r\n\r\n<p>Art. 2\u00ba Aprovar a recria\u00e7\u00e3o da Comiss\u00e3o de Pesquisa (ComPesq\/CCNE) e da Comiss\u00e3o de Extens\u00e3o (COMEX\/CCNE), vinculadas \u00e0 Dire\u00e7\u00e3o do CCNE.<\/p>\r\n<p>Par\u00e1grafo \u00fanico. Os \u00f3rg\u00e3os colegiados mencionados no Caput deste artigo s\u00e3o recriados considerando sua previs\u00e3o anterior nos artigos 53 e 58 do <a href=\"https:\/\/www.ufsm.br\/pro-reitorias\/proplan\/regimento-interno-do-centro-de-ciencias-naturais-e-exatas\/\" target=\"_blank\"><font color=\"blue\"><u>Regimento Interno do Centro de Ci\u00eancias Naturais e Exatas (CCNE)<\/u><\/font><\/a>, aprovado pela <a href=\"https:\/\/www.ufsm.br\/pro-reitorias\/proplan\/resolucao-n-026-2017\/\" target=\"_blank\"><font color=\"blue\"><u>Resolu\u00e7\u00e3o N. 026\/2017<\/u><\/font><\/a> da Universidade Federal de Santa Maria (UFSM).<\/p>\r\n<br>\r\n<p><b><div align=\"center\">T\u00cdTULO I<\/b><\/div><\/p>\r\n<p><b><div align=\"center\">DAS COMPET\u00caNCIAS<\/b><\/div><\/p>\r\n<br>\r\n<p>Art. 3\u00ba Caber\u00e1 as Comiss\u00f5es vinculadas ao Conselho do CCNE, apreciar e emitir pareceres sobre os processos que venham a ser analisados pelo Conselho, referentes \u00e0 \u00e1rea de ensino, pesquisa e extens\u00e3o, bem como analisar a pol\u00edtica da Unidade de Ensino.<\/p>\r\n<p>Art. 4\u00ba Caber\u00e1 \u00e0 Comiss\u00e3o de Pesquisa e a Comiss\u00e3o de Extens\u00e3o estimular, orientar, avaliar, aprovar, acompanhar e divulgar a execu\u00e7\u00e3o dos projetos de ensino, pesquisa e extens\u00e3o no \u00e2mbito do CCNE, al\u00e9m de atuar em quest\u00f5es pol\u00edticas, acad\u00eamicas, did\u00e1tico-pedag\u00f3gicas e administrativas relacionadas \u00e0 pesquisa e a extens\u00e3o.<\/p>\r\n<br>\r\n<p><b><div align=\"center\">T\u00cdTULO II<\/b><\/div><\/p>\r\n<p><b><div align=\"center\">DA COMPOSI\u00c7\u00c3O E AUTORIDADE<\/b><\/div><\/p>\r\n<br>\r\n<p>Art. 5\u00ba As Comiss\u00e3o Permanentes vinculadas ao Conselho do CCNE ser\u00e3o constitu\u00eddas por 4 (quatro) membros, eleitos pelo Conselho, tendo em sua composi\u00e7\u00e3o no m\u00ednimo um Chefe de Departamento e um Coordenador de Curso (conforme Art. 7\u00ba, \u00a7 1\u00ba do <a href=\"https:\/\/www.ufsm.br\/pro-reitorias\/proplan\/regimento-interno-do-centro-de-ciencias-naturais-e-exatas\/\" target=\"_blank\"><font color=\"blue\"><u>Regimento Interno do CCNE<\/u><\/font><\/a>), eleitos anualmente na primeira sess\u00e3o plen\u00e1ria, sendo presidente o conselheiro escolhido por seus pares.<\/p>\r\n<p>Art. 6\u00ba A Comiss\u00e3o de Pesquisa contar\u00e1 com um pesquisador de cada \u00c1rea ou Grande \u00c1rea do CNPQ, com n\u00famero m\u00e1ximo de sete membros (7), indicados pelo Colegiado Departamental, com mandato de dois anos, prorrog\u00e1vel uma vez por igual per\u00edodo, sendo presidente o conselheiro escolhido por seus pares.<\/p>\r\n<p>Art. 7\u00ba A Comiss\u00e3o de Extens\u00e3o contar\u00e1 com um membro de cada \u00c1rea ou Grande \u00c1rea do CNPQ, com n\u00famero m\u00e1ximo de sete membros (7), indicados pelo Colegiado Departamental, com mandato de dois anos, prorrog\u00e1vel uma vez por igual per\u00edodo, sendo presidente o conselheiro escolhido por seus pares.<\/p>\r\n<br>\r\n<p><b><div align=\"center\">T\u00cdTULO III<\/b><\/div><\/p>\r\n<p><b><div align=\"center\">DO QU\u00d3RUM DE REUNI\u00c3O E DE VOTA\u00c7\u00c3O<\/b><\/div><\/p>\r\n<br>\r\n<p>Art. 8\u00ba A Comiss\u00e3o Permanente de Legisla\u00e7\u00e3o e Normas e a Comiss\u00e3o Permanente de Ensino, Pesquisa e Extens\u00e3o em suas reuni\u00f5es funcionar\u00e3o com a presen\u00e7a m\u00ednima da maioria absoluta dos seus membros, considerando-se esse o n\u00famero legal para a delibera\u00e7\u00e3o e vota\u00e7\u00e3o.<\/p>\r\n<p>\u00a71\u00ba A convoca\u00e7\u00e3o ser\u00e1 feita via correio eletr\u00f4nico, pelo presidente da Comiss\u00e3o, com anteced\u00eancia m\u00ednima de 48 (quarenta e oito) horas, devendo constar da mesma a Ordem do Dia.<\/p>\r\n<p>\u00a72\u00ba Havendo n\u00famero legal e declarado aberta a sess\u00e3o, proceder-se-\u00e1 a discuss\u00e3o e posterior realiza\u00e7\u00e3o dos pareceres que dever\u00e3o embasar os processos a serem analisados pelo Conselho da Unidade de Ensino.<\/p>\r\n<p>Art. 9\u00ba A Comiss\u00e3o de Pesquisa e a Comiss\u00e3o de Extens\u00e3o em suas reuni\u00f5es funcionar\u00e3o com a presen\u00e7a m\u00ednima da maioria absoluta dos seus membros, considerando-se esse o n\u00famero legal para a delibera\u00e7\u00e3o e vota\u00e7\u00e3o.<\/p>\r\n<p>\u00a71\u00ba A convoca\u00e7\u00e3o ser\u00e1 feita via correio eletr\u00f4nico, pelo presidente da Comiss\u00e3o, com anteced\u00eancia m\u00ednima de 48 (quarenta e oito) horas, devendo constar da mesma a Ordem do Dia.<\/p>\r\n<br>\r\n<p><b><div align=\"center\">T\u00cdTULO IV<\/b><\/div><\/p>\r\n<p><b><div align=\"center\">DA PERIDIOCIDADE DAS REUNI\u00d5ES<\/b><\/div><\/p>\r\n<br>\r\n<p>Art. 10 A Comiss\u00e3o Permanente de Legisla\u00e7\u00e3o e Normas e a Comiss\u00e3o Permanente de Ensino, Pesquisa e Extens\u00e3o reunir-se-\u00e3o, ordinariamente uma vez por m\u00eas ou, extraordinariamente, sempre que convocada pelo presidente ou maioria de seus membros e desde que haja processos no Conselho que necessitem parecer da referida Comiss\u00e3o.<\/p>\r\n<p>Art. 11 A Comiss\u00e3o de Pesquisa e a Comiss\u00e3o de Extens\u00e3o reunir-se-\u00e3o ordinariamente trimestralmente, ou extraordinariamente, sempre que convocada pelo presidente.<\/p>\r\n<br>\r\n<p><b><div align=\"center\">T\u00cdTULO V<\/b><\/div><\/p>\r\n<p><b><div align=\"center\">DO \u00d3RG\u00c3O DE APOIO ADMINISTRATIVO<\/b><\/div><\/p>\r\n<br>\r\n<p>Art.12 A Secretaria do Centro de Ci\u00eancias Naturais e Exatas (CCNE) ficar\u00e1 respons\u00e1vel por realizar o apoio administrativo necess\u00e1rio para o andamento dos trabalhos das Comiss\u00f5es vinculadas ao Conselho e a Dire\u00e7\u00e3o da Unidade de Ensino.<\/p>\r\n<br>\r\n<p><b><div align=\"center\">T\u00cdTULO VI<\/b><\/div><\/p>\r\n<p><b><div align=\"center\">DO REGIMENTO INTERNO<\/b><\/div><\/p>\r\n<br>\r\n<p>Art. 13 Por se tratarem de comiss\u00f5es permanentes internas do Centro de Ci\u00eancias Naturais e Exatas, que \u00e9 regido e regulamentado pelo <a href=\"https:\/\/www.ufsm.br\/pro-reitorias\/proplan\/regimento-interno-do-centro-de-ciencias-naturais-e-exatas\/\" target=\"_blank\"><font color=\"blue\"><u>Regimento Interno da Unidade de Ensino<\/u><\/font><\/a>, n\u00e3o h\u00e1 necessidade de um Regimento Interno espec\u00edfico para estas Comiss\u00f5es.<\/p>\r\n<br>\r\n<p><b><div align=\"center\">T\u00cdTULO VII<\/b><\/div><\/p>\r\n<p><b><div align=\"center\">DOS MEMBROS N\u00c3O NATOS<\/b><\/div><\/p>\r\n<br>\r\n<p>Art. 14 Nas reuni\u00f5es destas Comiss\u00f5es do CCNE poder\u00e3o comparecer quando convidados pelo presidente, servidores e, ou discentes, a fim de prestarem esclarecimentos sobre assuntos que lhes forem pertinentes.<\/p>\r\n<p>Par\u00e1grafo \u00fanico. As reuni\u00f5es deste colegiado cujos membros ou convidados estejam em entes federativos diversos ser\u00e3o realizados por videoconfer\u00eancia.<\/p>\r\n<br>\r\n<p><b><div align=\"center\">T\u00cdTULO VIII<\/b><\/div><\/p>\r\n<p><b><div align=\"center\">DOS RELAT\u00d3RIOS PERI\u00d3DICOS E DO RELAT\u00d3RIO FINAL<\/b><\/div><\/p>\r\n<br>\r\n<p>Art. 15 As Comiss\u00f5es emitir\u00e3o pareceres mensais e espec\u00edficos para os processos de sua \u00e1rea, n\u00e3o havendo necessidades de emitir relat\u00f3rios peri\u00f3dicos e anuais.<\/p>\r\n<br>\r\n<p><b><div align=\"center\">T\u00cdTULO IX<\/b><\/div><\/p>\r\n<p><b><div align=\"center\">DAS DISPOSI\u00c7\u00d5ES GERAIS E TRANSIT\u00d3RIAS<\/b><\/div><\/p>\r\n<br>\r\n<p>Art. 16 \u00c9 vedada a divulga\u00e7\u00e3o de discuss\u00f5es em curso na Comiss\u00e3o Permanente de Legisla\u00e7\u00e3o e Normas e na Comiss\u00e3o Permanente de Ensino, Pesquisa e Extens\u00e3o sem a pr\u00e9via anu\u00eancia do Presidente do Conselho do Centro de Ci\u00eancias Naturais e Exatas unidade ao qual este \u00f3rg\u00e3o colegiado est\u00e1 vinculado. <\/p>\r\n<p>Art. 17 A participa\u00e7\u00e3o dos membros destes \u00f3rg\u00e3os colegiados ser\u00e1 considerada presta\u00e7\u00e3o de servi\u00e7o p\u00fablico relevante, e n\u00e3o ser\u00e1 remunerada.<\/p> \r\n<p>Par\u00e1grafo \u00fanico. As atividades da Comiss\u00e3o e de seus membros n\u00e3o poder\u00e3o causar preju\u00edzo \u00e0 presta\u00e7\u00e3o de servi\u00e7o p\u00fablico pelo servidor membro do colegiado.<\/p>\r\n\r\n<p>Art. 18 \u00c9 vedada a possibilidade de cria\u00e7\u00e3o de subcolegiados por ato deste colegiado.<\/p>\r\n<p>Par\u00e1grafo \u00fanico.  A mera necessidade de reuni\u00f5es eventuais para debate, articula\u00e7\u00e3o ou trabalho que envolva agentes p\u00fablicos da administra\u00e7\u00e3o p\u00fablica federal n\u00e3o ser\u00e1 admitida como fundamento para as propostas de que trata a presente resolu\u00e7\u00e3o.<\/p>\r\n\r\n<p>Art. 19 As reuni\u00f5es deste \u00f3rg\u00e3o colegiado cujos membros estejam em entes federativos diversos ser\u00e3o realizadas por videoconfer\u00eancia.<\/p>\r\n<p>Par\u00e1grafo \u00fanico. Fica vetado o pagamento de di\u00e1rias ou deslocamento quando eventualmente membros, convidados ou participantes n\u00e3o forem domiciliados no lugar da realiza\u00e7\u00e3o da reuni\u00e3o.<\/p>\r\n\r\n<p>Art. 20 Esta Resolu\u00e7\u00e3o entrar\u00e1 em vigor na data de sua assinatura, revogadas as disposi\u00e7\u00f5es em contr\u00e1rio.<\/p>\r\n\r\n<p>GABINETE DO REITOR DA UNIVERSIDADE FEDERAL DE SANTA MARIA, aos 02 dias do m\u00eas de dezembro do ano 2019.<\/p>\r\n<\/div>\r\n\r\n<p>Luciano Schuch,<\/p>\r\n<p>Vice-Reitor no exerc\u00edcio da Reitoria.<p \/>\r\n<\/strike>\r\n<p><font color=\"red0000\">Este texto n\u00e3o substitui o documento original, publicado no Portal de Documentos.<\/font> Dispon\u00edvel em: <a href=\"https:\/\/portal.ufsm.br\/documentos\/publico\/documento.html?id=12849791\"><font color=\"blue\">https:\/\/portal.ufsm.br\/documentos\/publico\/documento.html?id=12849791<\/font><\/a>\r\n\r\n\t\t<\/div>\n\t\t\t\t<\/div>\n\t\t\t\t\t<\/div>\n\t\t<\/div>\n\t\t\t\t\t<\/div>\n\t\t<\/section>\n\t\t\t\t<\/div>\n\t\t","protected":false},"excerpt":{"rendered":"<p>\ufeff RESOLU\u00c7\u00c3O N. 038\/2019 MINIST\u00c9RIO DA EDUCA\u00c7\u00c3O UNIVERSIDADE FEDERAL DE SANTA MARIA RESOLU\u00c7\u00c3O N. 038\/2019 Aprova a recria\u00e7\u00e3o de \u00f3rg\u00e3os colegiados vinculados ao Conselho e a Dire\u00e7\u00e3o do Centro de Ci\u00eancias Naturais e Exatas (CCNE) da estrutura organizacional da Universidade Federal de Santa Maria (UFSM). Revogada pela Resolu\u00e7\u00e3o UFSM N. 095\/2022 O REITOR DA UNIVERSIDADE [&hellip;]<\/p>\n","protected":false},"author":205,"featured_media":0,"parent":0,"menu_order":0,"comment_status":"closed","ping_status":"closed","template":"","meta":{"footnotes":""},"categories":[],"tags":[],"class_list":["post-2873","page","type-page","status-publish","hentry"],"acf":[],"_links":{"self":[{"href":"https:\/\/www.ufsm.br\/pro-reitorias\/proplan\/wp-json\/wp\/v2\/pages\/2873","targetHints":{"allow":["GET"]}}],"collection":[{"href":"https:\/\/www.ufsm.br\/pro-reitorias\/proplan\/wp-json\/wp\/v2\/pages"}],"about":[{"href":"https:\/\/www.ufsm.br\/pro-reitorias\/proplan\/wp-json\/wp\/v2\/types\/page"}],"author":[{"embeddable":true,"href":"https:\/\/www.ufsm.br\/pro-reitorias\/proplan\/wp-json\/wp\/v2\/users\/205"}],"replies":[{"embeddable":true,"href":"https:\/\/www.ufsm.br\/pro-reitorias\/proplan\/wp-json\/wp\/v2\/comments?post=2873"}],"version-history":[{"count":0,"href":"https:\/\/www.ufsm.br\/pro-reitorias\/proplan\/wp-json\/wp\/v2\/pages\/2873\/revisions"}],"wp:attachment":[{"href":"https:\/\/www.ufsm.br\/pro-reitorias\/proplan\/wp-json\/wp\/v2\/media?parent=2873"}],"wp:term":[{"taxonomy":"category","embeddable":true,"href":"https:\/\/www.ufsm.br\/pro-reitorias\/proplan\/wp-json\/wp\/v2\/categories?post=2873"},{"taxonomy":"post_tag","embeddable":true,"href":"https:\/\/www.ufsm.br\/pro-reitorias\/proplan\/wp-json\/wp\/v2\/tags?post=2873"}],"curies":[{"name":"wp","href":"https:\/\/api.w.org\/{rel}","templated":true}]}}