{"id":2874,"date":"2019-12-04T10:56:38","date_gmt":"2019-12-04T13:56:38","guid":{"rendered":"https:\/\/www.ufsm.br\/pro-reitorias\/proplan\/?page_id=2874"},"modified":"2026-01-09T10:46:49","modified_gmt":"2026-01-09T13:46:49","slug":"resolucao-n-039-2019","status":"publish","type":"page","link":"https:\/\/www.ufsm.br\/pro-reitorias\/proplan\/resolucao-n-039-2019","title":{"rendered":"Resolu\u00e7\u00e3o N. 039\/2019"},"content":{"rendered":"\t\t<div data-elementor-type=\"wp-page\" data-elementor-id=\"2874\" class=\"elementor elementor-2874\">\n\t\t\t\t\t\t<section class=\"elementor-section elementor-top-section elementor-element elementor-element-49b1f94 elementor-section-boxed elementor-section-height-default elementor-section-height-default\" data-id=\"49b1f94\" data-element_type=\"section\">\n\t\t\t\t\t\t<div class=\"elementor-container elementor-column-gap-default\">\n\t\t\t\t\t<div class=\"elementor-column elementor-col-100 elementor-top-column elementor-element elementor-element-ab2e02a\" data-id=\"ab2e02a\" data-element_type=\"column\">\n\t\t\t<div class=\"elementor-widget-wrap elementor-element-populated\">\n\t\t\t\t\t\t<div class=\"elementor-element elementor-element-88f1aad elementor-widget elementor-widget-html\" data-id=\"88f1aad\" data-element_type=\"widget\" data-widget_type=\"html.default\">\n\t\t\t\t<div class=\"elementor-widget-container\">\n\t\t\t\r\n\r\n\r\n<title><b>RESOLU\u00c7\u00c3O N. 039\/2019<\/b><\/title>\r\n\r\n\r\n<div align=\"center\"><img decoding=\"async\" src=\"https:\/\/www.ufsm.br\/pro-reitorias\/proplan\/wp-content\/uploads\/sites\/344\/2019\/09\/brasao-da-republica-do-brasil-logo.png\" alt=\"Bras\u00e3o Rep\u00fablica Federativa do Brasil\" width=\"6%\" height=\"6%\"><\/div>    \r\n<h1><font color=\"blue\"><font size=\"5\"><div align=\"center\">MINIST\u00c9RIO DA EDUCA\u00c7\u00c3O<\/b><\/font><\/font><\/div><\/H1>\r\n<p><b><font color=\"0000blue\"><div align=\"center\">UNIVERSIDADE FEDERAL DE SANTA MARIA<\/b><\/font><\/div><\/p>\r\n\r\n<p><div align=\"center\"><b><a href=\"https:\/\/portal.ufsm.br\/documentos\/publico\/documento.html?id=12849827\"><font color=\"blue\">RESOLU\u00c7\u00c3O N. 039\/2019<\/font><\/a><\/b><\/div><\/p>\r\n<br>\r\n\r\n    <div style=\"color: #800000;width: 60%;margin-left: auto;margin-right: 0;text-align: justify;font-weight: normal\">Retifica a revoga\u00e7\u00e3o expressa das Resolu\u00e7\u00f5es referentes aos colegiados extintos em decorr\u00eancia do disposto no <a href=\"http:\/\/www.planalto.gov.br\/ccivil_03\/_ato2019-2022\/2019\/decreto\/D9759.htm\" target=\"_blank\"><font color=\"blue\"><u>Decreto N. 9.759, de 11 de abril de 2019<\/u><\/font><\/a>, na Universidade Federal de Santa Maria (UFSM), alterando a <a href=\"https:\/\/www.ufsm.br\/pro-reitorias\/proplan\/resolucao-n-020-2019\/\" target=\"_blank\"><font color=\"blue\"><u>Resolu\u00e7\u00e3o N. 020\/2019<\/u><\/font><\/a>.<\/font><\/div><\/p>\r\n<br><div align=\"justify\">\r\n<p>O REITOR DA UNIVERSIDADE FEDERAL DE SANTA MARIA, no uso de suas atribui\u00e7\u00f5es legais e estatut\u00e1rias e considerando:<\/p>\r\n<p>- o Artigo 9\u00ba do <a href=\"http:\/\/www.planalto.gov.br\/ccivil_03\/_ato2019-2022\/2019\/decreto\/D9759.htm\" target=\"_blank\"><font color=\"blue\"><u>Decreto N. 9.759, de 11 de abril de 2019<\/u><\/font><\/a>, que extingue e estabelece diretrizes, regras e limita\u00e7\u00f5es para colegiados da administra\u00e7\u00e3o p\u00fablica federal;<\/p>\r\n<p>- o Artigo 51 da <a href=\"http:\/\/www.planalto.gov.br\/ccivil_03\/leis\/l8666cons.htm\" target=\"_blank\"><font color=\"blue\"><u>Lei N. 8.666, de 21 de junho de 1993<\/u><\/font><\/a>, que regulamenta o Art. 37, inciso XXI, da <a href=\"http:\/\/www.planalto.gov.br\/ccivil_03\/constituicao\/constituicao.htm\" target=\"_blank\"><font color=\"blue\"><u>Constitui\u00e7\u00e3o Federal<\/u><\/font><\/a>, institui normas para licita\u00e7\u00f5es e contratos da Administra\u00e7\u00e3o P\u00fablica e d\u00e1 outras provid\u00eancias;<\/p>\r\n<p>- o Artigo 106 do <a href=\"https:\/\/www.ufsm.br\/pro-reitorias\/proplan\/estatuto-ufsm-2010\/\" target=\"_blank\"><font color=\"blue\"><u>Estatuto da Universidade Federal de Santa Maria<\/u><\/font><\/a>;<\/p>\r\n<p>- os par\u00e1grafos \u00a72\u00ba e \u00a73\u00ba do Artigo 40 do <a href=\"https:\/\/www.ufsm.br\/pro-reitorias\/proplan\/regimento-geral-da-ufsm-2011\/\" target=\"_blank\"><font color=\"blue\"><u>Regimento Geral da Universidade Federal de Santa Maria<\/u><\/font><\/a>;<\/p>\r\n<p>- o Artigo 52D do <a href=\"https:\/\/www.ufsm.br\/pro-reitorias\/proplan\/regimento-geral-da-ufsm-2011\/\" target=\"_blank\"><font color=\"blue\"><u>Regimento Geral da Universidade Federal de Santa Maria<\/u><\/font><\/a>;<\/p>\r\n<p>- o \u00a7 4\u00ba, do Artigo 36 do <a href=\"http:\/\/www.planalto.gov.br\/ccivil_03\/_ato2015-2018\/2017\/decreto\/D9191.htm\" target=\"_blank\"><font color=\"blue\"><u>Decreto N. 9.191, de 01 de novembro de 2017<\/u><\/font><\/a>;<\/p>\r\n<p>- o Parecer N. 130\/2019 da Comiss\u00e3o de Legisla\u00e7\u00e3o e Normas (CLN), aprovado na 942\u00aa Sess\u00e3o do Conselho de Ensino, Pesquisa e Extens\u00e3o, de 01 de novembro de 2019, referente ao Processo N. <a href=\"https:\/\/portal.ufsm.br\/documentos\/publico\/processo\/documento.html?idDocumento=12618468\" target=\"_blank\"><font color=\"blue\"><u>23081.039344\/2019-70<\/u><\/font><\/a>;<\/p>\r\n<p>- o Parecer N. 162\/2019 da Comiss\u00e3o de Legisla\u00e7\u00e3o e Regimentos (CLR), aprovado na 824\u00aa Sess\u00e3o do Conselho Universit\u00e1rio, de 29 de novembro de 2019, referente ao Processo N. <a href=\"https:\/\/portal.ufsm.br\/documentos\/publico\/processo\/documento.html?idDocumento=12618468\" target=\"_blank\"><font color=\"blue\"><u>23081.039344\/2019-70<\/u><\/font><\/a>.<\/p>\r\n<br>\r\n<p><b><div align=\"center\">RESOLVE:<\/b><\/div><\/p>\r\n<br>\r\n<p>Art. 1\u00ba Tornar sem efeito a revoga\u00e7\u00e3o expressa das Resolu\u00e7\u00f5es a seguir, referentes aos colegiados extintos em decorr\u00eancia do disposto no <a href=\"http:\/\/www.planalto.gov.br\/ccivil_03\/_ato2019-2022\/2019\/decreto\/D9759.htm\" target=\"_blank\"><font color=\"blue\"><u>Decreto N. 9.759, de 11 de abril de 2019<\/u><\/font><\/a>, na estrutura organizacional da Universidade Federal de Santa Maria (UFSM).<\/p>\r\n<p>I - <a href=\"https:\/\/www.ufsm.br\/pro-reitorias\/proplan\/resolucao-n-009-2006\/\" target=\"_blank\"><font color=\"blue\"><u>RESOLU\u00c7\u00c3O N. 009\/2006<\/u><\/font><\/a>, QUE CRIA, NO \u00c2MBITO DA UFSM, A COMISS\u00c3O PERMANENTE DE CADASTROS DE FORNECEDORES \u2013 SICAF, DE 31\/05\/2006;<\/p>\r\n<p>II - <a href=\"https:\/\/www.ufsm.br\/pro-reitorias\/proplan\/resolucao-n-002-2008\/\" target=\"_blank\"><font color=\"blue\"><u>RESOLU\u00c7\u00c3O N. 002\/2008<\/u><\/font><\/a>, QUE APROVA O REGIMENTO INTERNO DA COMISS\u00c3O INTERNA DE SUPERVIS\u00c3O DO PLANO DE CARREIRA DOS CARGOS T\u00c9CNICO-ADMINISTRATIVOS EM EDUCA\u00c7\u00c3O DA UFSM - CIS, DE 26\/02\/2008;<\/p>\r\n<p>III - <a href=\"https:\/\/www.ufsm.br\/pro-reitorias\/proplan\/resolucao-n-022-2014\/\" target=\"_blank\"><font color=\"blue\"><u>RESOLU\u00c7\u00c3O N. 022\/2014<\/u><\/font><\/a>, QUE INSTITUI O REGIMENTO INTERNO DA COMISS\u00c3O PERMANENTE DE PESSOAL DOCENTE, DE 12\/09\/2014;<\/p>\r\n<p>IV - <a href=\"https:\/\/www.ufsm.br\/pro-reitorias\/proplan\/resolucao-n-047-2016\/\" target=\"_blank\"><font color=\"blue\"><u>RESOLU\u00c7\u00c3O N. 047\/2016<\/u><\/font><\/a>, QUE ALTERA O REGIMENTO INTERNO DA COMISS\u00c3O PR\u00d3PRIA DE AVALIA\u00c7\u00c3O (CPA) NO \u00c2MBITO DA UNIVERSIDADE FEDERAL DE SANTA MARIA, E REVOGA <a href=\"https:\/\/www.ufsm.br\/pro-reitorias\/proplan\/resolucao-n-009-2015\/\" target=\"_blank\"><font color=\"blue\"><u>RESOLU\u00c7\u00c3O N. 009\/2015, DE 26\/12\/2016<\/u><\/font><\/a>.<\/p>\r\n<p>Art. 2\u00ba Aprovar a revoga\u00e7\u00e3o expressa do Artigo 5\u00ba da <a href=\"https:\/\/www.ufsm.br\/pro-reitorias\/proplan\/resolucao-n-009-2006\/\" target=\"_blank\"><font color=\"blue\"><u>RESOLU\u00c7\u00c3O N. 009\/2006<\/u><\/font><\/a>, QUE CRIA, NO \u00c2MBITO DA UFSM, A COMISS\u00c3O PERMANENTE DE CADASTROS DE FORNECEDORES - SICAF, DE 31\/05\/2006;<\/p>\r\n<p>Art. 3\u00ba Ficam validados todos os atos praticados pelas Comiss\u00f5es mencionadas no Artigo 1\u00ba da presente Resolu\u00e7\u00e3o no per\u00edodo compreendido entre 02\/09\/2019 a 02\/12\/2019.<\/p>\r\n<p>Art. 4\u00ba Esta Resolu\u00e7\u00e3o entra em vigor na data de sua assinatura, revogadas as disposi\u00e7\u00f5es em contr\u00e1rio.<\/p>\r\n\r\n<p>GABINETE DO REITOR DA UNIVERSIDADE FEDERAL DE SANTA MARIA, aos 02 dias do m\u00eas de dezembro do ano 2019.<\/p>\r\n<\/div>\r\n\r\n<p>Luciano Schuch,<\/p>\r\n<p>Vice-Reitor no exerc\u00edcio da Reitoria.<p \/>\r\n\r\n<p><font color=\"red0000\">Este texto n\u00e3o substitui o documento original, publicado no Portal de Documentos.<\/font> Dispon\u00edvel em: <a href=\"https:\/\/portal.ufsm.br\/documentos\/publico\/documento.html?id=12849827\"><font color=\"blue\">https:\/\/portal.ufsm.br\/documentos\/publico\/documento.html?id=12849827<\/font><\/a>\r\n\r\n\t\t<\/div>\n\t\t\t\t<\/div>\n\t\t\t\t\t<\/div>\n\t\t<\/div>\n\t\t\t\t\t<\/div>\n\t\t<\/section>\n\t\t\t\t<\/div>\n\t\t","protected":false},"excerpt":{"rendered":"<p>RESOLU\u00c7\u00c3O N. 039\/2019 MINIST\u00c9RIO DA EDUCA\u00c7\u00c3O UNIVERSIDADE FEDERAL DE SANTA MARIA RESOLU\u00c7\u00c3O N. 039\/2019 Retifica a revoga\u00e7\u00e3o expressa das Resolu\u00e7\u00f5es referentes aos colegiados extintos em decorr\u00eancia do disposto no Decreto N. 9.759, de 11 de abril de 2019, na Universidade Federal de Santa Maria (UFSM), alterando a Resolu\u00e7\u00e3o N. 020\/2019. O REITOR DA UNIVERSIDADE FEDERAL [&hellip;]<\/p>\n","protected":false},"author":205,"featured_media":0,"parent":0,"menu_order":0,"comment_status":"closed","ping_status":"closed","template":"","meta":{"footnotes":""},"categories":[],"tags":[],"class_list":["post-2874","page","type-page","status-publish","hentry"],"acf":[],"_links":{"self":[{"href":"https:\/\/www.ufsm.br\/pro-reitorias\/proplan\/wp-json\/wp\/v2\/pages\/2874","targetHints":{"allow":["GET"]}}],"collection":[{"href":"https:\/\/www.ufsm.br\/pro-reitorias\/proplan\/wp-json\/wp\/v2\/pages"}],"about":[{"href":"https:\/\/www.ufsm.br\/pro-reitorias\/proplan\/wp-json\/wp\/v2\/types\/page"}],"author":[{"embeddable":true,"href":"https:\/\/www.ufsm.br\/pro-reitorias\/proplan\/wp-json\/wp\/v2\/users\/205"}],"replies":[{"embeddable":true,"href":"https:\/\/www.ufsm.br\/pro-reitorias\/proplan\/wp-json\/wp\/v2\/comments?post=2874"}],"version-history":[{"count":0,"href":"https:\/\/www.ufsm.br\/pro-reitorias\/proplan\/wp-json\/wp\/v2\/pages\/2874\/revisions"}],"wp:attachment":[{"href":"https:\/\/www.ufsm.br\/pro-reitorias\/proplan\/wp-json\/wp\/v2\/media?parent=2874"}],"wp:term":[{"taxonomy":"category","embeddable":true,"href":"https:\/\/www.ufsm.br\/pro-reitorias\/proplan\/wp-json\/wp\/v2\/categories?post=2874"},{"taxonomy":"post_tag","embeddable":true,"href":"https:\/\/www.ufsm.br\/pro-reitorias\/proplan\/wp-json\/wp\/v2\/tags?post=2874"}],"curies":[{"name":"wp","href":"https:\/\/api.w.org\/{rel}","templated":true}]}}