{"id":2881,"date":"2019-12-06T16:39:41","date_gmt":"2019-12-06T19:39:41","guid":{"rendered":"https:\/\/www.ufsm.br\/pro-reitorias\/proplan\/?page_id=2881"},"modified":"2021-03-01T09:43:17","modified_gmt":"2021-03-01T12:43:17","slug":"resolucao-n-021-2011","status":"publish","type":"page","link":"https:\/\/www.ufsm.br\/pro-reitorias\/proplan\/resolucao-n-021-2011","title":{"rendered":"Resolu\u00e7\u00e3o N. 021\/2011"},"content":{"rendered":"\t\t<div data-elementor-type=\"wp-page\" data-elementor-id=\"2881\" class=\"elementor elementor-2881\">\n\t\t\t\t\t\t<section class=\"elementor-section elementor-top-section elementor-element elementor-element-7937200 elementor-section-boxed elementor-section-height-default elementor-section-height-default\" data-id=\"7937200\" data-element_type=\"section\">\n\t\t\t\t\t\t<div class=\"elementor-container elementor-column-gap-default\">\n\t\t\t\t\t<div class=\"elementor-column elementor-col-100 elementor-top-column elementor-element elementor-element-e1e261d\" data-id=\"e1e261d\" data-element_type=\"column\">\n\t\t\t<div class=\"elementor-widget-wrap elementor-element-populated\">\n\t\t\t\t\t\t<div class=\"elementor-element elementor-element-e5d2e8f elementor-widget elementor-widget-html\" data-id=\"e5d2e8f\" data-element_type=\"widget\" data-widget_type=\"html.default\">\n\t\t\t\t<div class=\"elementor-widget-container\">\n\t\t\t\n\n\n<title><b>RESOLU\u00c7\u00c3O N. 021\/2011<\/b><\/title>\n\n\n<div align=\"center\"><img decoding=\"async\" src=\"https:\/\/www.ufsm.br\/pro-reitorias\/proplan\/wp-content\/uploads\/sites\/344\/2019\/09\/brasao-da-republica-do-brasil-logo.png\" alt=\"Bras\u00e3o Rep\u00fablica Federativa do Brasil\" width=\"6%\" height=\"6%\"><\/div>    \n<h1><font color=\"blue\"><font size=\"5\"><div align=\"center\">MINIST\u00c9RIO DA EDUCA\u00c7\u00c3O<\/b><\/font><\/font><\/div><\/H1>\n<p><b><font color=\"0000blue\"><div align=\"center\">UNIVERSIDADE FEDERAL DE SANTA MARIA<\/b><\/font><\/div><\/p>\n\n<p><div align=\"center\"><b><a href=\"https:\/\/portal.ufsm.br\/documentos\/publico\/documento.html?id=4741236\"><font color=\"blue\">RESOLU\u00c7\u00c3O N. 021\/2011<\/font><\/a><\/b><\/div><\/p>\n<br>\n<p><div align=\"right\"><font color=\"800000\">Cria, na estrutura organizacional do Gabinete do Reitor, o N\u00facleo de Tecnologia Educacional \u2014 NTE, aprova o seu Regimento Interno e d\u00e1 outras provid\u00eancias.<\/font><\/div><\/p>\n<br>\n<p><a href=\"https:\/\/www.ufsm.br\/pro-reitorias\/proplan\/resolucao-ufsm-n-041-2021\/\" target=\"_blank\"><font color=\"blue\">Revogada pela Resolu\u00e7\u00e3o UFSM N. 041\/2021<\/a><\/font><\/p>\n<br><div align=\"justify\">\n<strike>\n<p>O REITOR DA UNIVERSIDADE FEDERAL DE SANTA MARIA, no uso de suas atribui\u00e7\u00f5es legais e estatut\u00e1rias e considerando:<\/p>\n<p>- a necessidade de que sejam estruturadas, no \u00e2mbito da UFSM, as a\u00e7\u00f5es da Universidade Aberta do Brasil - UAB, segundo orienta\u00e7\u00e3o expressa no <a href=\"https:\/\/www.capes.gov.br\/images\/stories\/download\/editais\/Edital15_Fomento_TIC_DED.pdf\" target=\"_blank\"><font color=\"blue\"><u>Edital n. 15, de 23 de mar\u00e7o de 2010, da CAPES\/SESU\/MEC<\/u><\/font><\/a>;<\/p>\n<p>- a necessidade de contar-se com uma estrutura institucional para interlocu\u00e7\u00e3o com a Diretoria de Educa\u00e7\u00e3o a Dist\u00e2ncia \u2014 DED da Capes, onde se encontra inserida a UAB no MEC, segundo orienta\u00e7\u00e3o expressa no <a href=\"http:\/\/capes.gov.br\/images\/stories\/download\/editais\/Edital_Equipamentos_UAB2010.pdf\" target=\"_blank\"><font color=\"blue\"><u>Edital n. 13, de 08 de junho de 2010, da DED\/CAPES<\/u><\/font><\/a>;<\/p>\n<p>- a necessidade de implementar-se capacita\u00e7\u00e3o e forma\u00e7\u00e3o continuada de coordenadores, docentes, tutores, profissionais multidisciplinares e t\u00e9cnicos envolvidos em projetos\/cursos no \u00e2mbito do Sistema UAB, segundo orienta\u00e7\u00e3o expressa na Chamada Nacional do Plano Anual de Capacita\u00e7\u00e3o da DED\/Capes, de 31 de agosto de 2010;<\/p>\n<p>- os Referenciais de Qualidade da Educa\u00e7\u00e3o Superior a Dist\u00e2ncia de agosto de 2007 do MEC, em especial os t\u00f3picos principais (v) Equipe Multidisciplinar, (vi) Infraestrutura de Apoio e (vii) Gest\u00e3o Acad\u00eamico-Administrativa;<\/p>\n<p>- a <a href=\"http:\/\/www.planalto.gov.br\/ccivil_03\/leis\/l9394.htm\" target=\"_blank\"><font color=\"blue\"><u>Lei n. 9394, de 20\/12\/96<\/u><\/font><\/a>, regulamentada pelo <a href=\"https:\/\/presrepublica.jusbrasil.com.br\/legislacao\/109743\/decreto-5622-05\" target=\"_blank\"><font color=\"blue\"><u>Decreto n. 5622\/05<\/u><\/font><\/a>;<\/p>\n<p>- o <a href=\"http:\/\/portal.mec.gov.br\/seed\/arquivos\/pdf\/tvescola\/leis\/D2561.pdf\" target=\"_blank\"><font color=\"blue\"><u>Decreto n. 2561, de 27\/04\/98<\/u><\/font><\/a>, regulamentada pela <a href=\"http:\/\/portal.mec.gov.br\/seed\/arquivos\/pdf\/port_4361.pdf\" target=\"_blank\"><font color=\"blue\"><u>Portaria Ministerial n. 4.361\/04<\/u><\/font><\/a>; e<\/p>\n<p>- o Parecer de Vistas aprovado na 725\u00ba Sess\u00e3o do Conselho Universit\u00e1rio, de 22\/06\/2011, referente ao Processo n. <a href=\"https:\/\/portal.ufsm.br\/documentos\/publico\/processo\/documento.html?idDocumento=4650884\" target=\"_blank\"><font color=\"blue\"><u>23081.007090\/2011-73<\/u><\/font><\/a>.<\/p>\n<br>\n<p><b><div align=\"center\">RESOLVE:<\/b><\/div><\/p>\n<br>\n<p>Art. 1\u00ba Criar, na estrutura organizacional do Gabinete do Reitor, o N\u00facleo de Tecnologia Educacional \u2014 NTE e aprovar o seu <a href=\"https:\/\/www.ufsm.br\/pro-reitorias\/proplan\/regimento-interno-do-nucleo-de-tecnologia-educacional-2011\/\" target=\"_blank\"><font color=\"blue\"><u>Regimento Interno<\/u><\/font><\/a>.<\/p>\n<p>Art. 2\u00ba O NTE tem sua finalidade, organiza\u00e7\u00e3o e compet\u00eancias previstas em seu Regimento Interno.<\/p>\n<p>Art. 3\u00ba Determinar que a aloca\u00e7\u00e3o de fun\u00e7\u00e3o de confian\u00e7a destinada ao Diretor do NTE fique condicionada \u00e0 sua exist\u00eancia no Quadro de Fun\u00e7\u00f5es da UFSM.<\/p>\n<p>Art. 4\u00ba Esta resolu\u00e7\u00e3o entrar\u00e1 em vigor na data de sua assinatura e revoga as disposi\u00e7\u00f5es em contr\u00e1rio.<\/p>\n\n<p>GABINETE DO REITOR DA UNIVERSIDADE FEDERAL DE SANTA MARIA, aos trinta dias do m\u00eas de junho do ano dois mil e onze.<\/p>\n<\/div>\n<p>Felipe Martins M\u00fcller,<\/p>\n<p>Reitor.<\/p>\n<\/strike>\n<p><font color=\"red0000\">Este texto n\u00e3o substitui o documento original, publicado no Portal de Documentos.<\/font> Dispon\u00edvel em: <a href=\"https:\/\/portal.ufsm.br\/documentos\/publico\/documento.html?id=4741236\"><font color=\"blue\">https:\/\/portal.ufsm.br\/documentos\/publico\/documento.html?id=4741236<\/font><\/a>\n\n\n\t\t<\/div>\n\t\t\t\t<\/div>\n\t\t\t\t\t<\/div>\n\t\t<\/div>\n\t\t\t\t\t<\/div>\n\t\t<\/section>\n\t\t\t\t<\/div>\n\t\t","protected":false},"excerpt":{"rendered":"<p>RESOLU\u00c7\u00c3O N. 021\/2011 MINIST\u00c9RIO DA EDUCA\u00c7\u00c3O UNIVERSIDADE FEDERAL DE SANTA MARIA RESOLU\u00c7\u00c3O N. 021\/2011 Cria, na estrutura organizacional do Gabinete do Reitor, o N\u00facleo de Tecnologia Educacional \u2014 NTE, aprova o seu Regimento Interno e d\u00e1 outras provid\u00eancias. Revogada pela Resolu\u00e7\u00e3o UFSM N. 041\/2021 O REITOR DA UNIVERSIDADE FEDERAL DE SANTA MARIA, no uso de [&hellip;]<\/p>\n","protected":false},"author":205,"featured_media":0,"parent":0,"menu_order":0,"comment_status":"closed","ping_status":"closed","template":"","meta":{"footnotes":""},"categories":[],"tags":[],"class_list":["post-2881","page","type-page","status-publish","hentry"],"acf":[],"_links":{"self":[{"href":"https:\/\/www.ufsm.br\/pro-reitorias\/proplan\/wp-json\/wp\/v2\/pages\/2881","targetHints":{"allow":["GET"]}}],"collection":[{"href":"https:\/\/www.ufsm.br\/pro-reitorias\/proplan\/wp-json\/wp\/v2\/pages"}],"about":[{"href":"https:\/\/www.ufsm.br\/pro-reitorias\/proplan\/wp-json\/wp\/v2\/types\/page"}],"author":[{"embeddable":true,"href":"https:\/\/www.ufsm.br\/pro-reitorias\/proplan\/wp-json\/wp\/v2\/users\/205"}],"replies":[{"embeddable":true,"href":"https:\/\/www.ufsm.br\/pro-reitorias\/proplan\/wp-json\/wp\/v2\/comments?post=2881"}],"version-history":[{"count":0,"href":"https:\/\/www.ufsm.br\/pro-reitorias\/proplan\/wp-json\/wp\/v2\/pages\/2881\/revisions"}],"wp:attachment":[{"href":"https:\/\/www.ufsm.br\/pro-reitorias\/proplan\/wp-json\/wp\/v2\/media?parent=2881"}],"wp:term":[{"taxonomy":"category","embeddable":true,"href":"https:\/\/www.ufsm.br\/pro-reitorias\/proplan\/wp-json\/wp\/v2\/categories?post=2881"},{"taxonomy":"post_tag","embeddable":true,"href":"https:\/\/www.ufsm.br\/pro-reitorias\/proplan\/wp-json\/wp\/v2\/tags?post=2881"}],"curies":[{"name":"wp","href":"https:\/\/api.w.org\/{rel}","templated":true}]}}