{"id":2888,"date":"2019-12-06T16:44:16","date_gmt":"2019-12-06T19:44:16","guid":{"rendered":"https:\/\/www.ufsm.br\/pro-reitorias\/proplan\/?page_id=2888"},"modified":"2022-09-01T14:10:57","modified_gmt":"2022-09-01T17:10:57","slug":"resolucao-n-030-2011","status":"publish","type":"page","link":"https:\/\/www.ufsm.br\/pro-reitorias\/proplan\/resolucao-n-030-2011","title":{"rendered":"Resolu\u00e7\u00e3o N. 030\/2011"},"content":{"rendered":"\t\t<div data-elementor-type=\"wp-page\" data-elementor-id=\"2888\" class=\"elementor elementor-2888\">\n\t\t\t\t\t\t<section class=\"elementor-section elementor-top-section elementor-element elementor-element-03433ec elementor-section-boxed elementor-section-height-default elementor-section-height-default\" data-id=\"03433ec\" data-element_type=\"section\">\n\t\t\t\t\t\t<div class=\"elementor-container elementor-column-gap-default\">\n\t\t\t\t\t<div class=\"elementor-column elementor-col-100 elementor-top-column elementor-element elementor-element-8f679cc\" data-id=\"8f679cc\" data-element_type=\"column\">\n\t\t\t<div class=\"elementor-widget-wrap elementor-element-populated\">\n\t\t\t\t\t\t<div class=\"elementor-element elementor-element-1c26d92 elementor-widget elementor-widget-html\" data-id=\"1c26d92\" data-element_type=\"widget\" data-widget_type=\"html.default\">\n\t\t\t\t<div class=\"elementor-widget-container\">\n\t\t\t\ufeff\r\n\r\n\r\n<title><b>RESOLU\u00c7\u00c3O N. 030\/2011<\/b><\/title>\r\n\r\n\r\n<div align=\"center\"><img decoding=\"async\" src=\"https:\/\/www.ufsm.br\/pro-reitorias\/proplan\/wp-content\/uploads\/sites\/344\/2019\/09\/brasao-da-republica-do-brasil-logo.png\" alt=\"Bras\u00e3o Rep\u00fablica Federativa do Brasil\" width=\"6%\" height=\"6%\"><\/div>    \r\n<h1><font color=\"blue\"><font size=\"5\"><div align=\"center\">MINIST\u00c9RIO DA EDUCA\u00c7\u00c3O<\/b><\/font><\/font><\/div><\/H1>\r\n<p><b><font color=\"0000blue\"><div align=\"center\">UNIVERSIDADE FEDERAL DE SANTA MARIA<\/b><\/font><\/div><\/p>\r\n\r\n<p><div align=\"center\"><b><a href=\"https:\/\/portal.ufsm.br\/documentos\/publico\/documento.html?id=4842696\"><font color=\"blue\">RESOLU\u00c7\u00c3O N. 030\/2011<\/font><\/a><\/b><\/div><\/p>\r\n<br>\r\n<a href=\"https:\/\/www.ufsm.br\/pro-reitorias\/proplan\/?page_id=5044\" target=\"_blank\"><font color=\"blue\"><u>(Revogada pela Resolu\u00e7\u00e3o UFSM N. 100\/2022)<\/u><\/font><\/a>\r\n<br>\r\n<s>\r\n\r\n<p><div align=\"right\"><font color=\"800000\">Cria, na estrutura organizacional da Reitoria da Universidade Federal de Santa Maria, o N\u00facleo de Estudos de Eventos Meteorol\u00f3gicos Extremos e Mudan\u00e7as Clim\u00e1ticas - NEMEC, aprova seu Regimento Interno e d\u00e1 outras provid\u00eancias.<\/font><\/div><\/p>\r\n<br><div align=\"justify\">\r\n<p>O REITOR DA UNIVERSIDADE FEDERAL DE SANTA MARIA, no uso de suas atribui\u00e7\u00f5es legais e estatut\u00e1rias e considerando:<\/p>\r\n<p>- a necessidade de disponibilizar um espa\u00e7o multidisciplinar que permita reunir professores especializados da UFSM, para identificar e resolver problemas interdisciplinares ligados a eventos meteorol\u00f3gicos extremos e mudan\u00e7as clim\u00e1ticas;<\/p>\r\n<p>- a necessidade de permitir que a experi\u00eancia de Grupos de Pesquisa consolidados da UFSM nas \u00e1reas de Meteorologia, Hidrologia, Biologia, Paleontologia, Agronomia, Ci\u00eancias Sociais, Engenharia, entre outros, possa contribuir para a resolu\u00e7\u00e3o de problemas ligados a eventos meteorol\u00f3gicos e mudan\u00e7as clim\u00e1ticas;<\/p>\r\n<p>- o Parecer n. 091\/11 da CLR, aprovado na 726\u00aa Sess\u00e3o do Conselho Universit\u00e1rio, de 26\/08\/2011, referente ao Processo n. <a href=\"https:\/\/portal.ufsm.br\/documentos\/publico\/processo\/documento.html?idDocumento=4612330\" target=\"_blank\"><font color=\"blue\"><u>23081.005545\/2011-16<\/u><\/font><\/a>.<\/p>\r\n<br>\r\n<p><b><div align=\"center\">RESOLVE:<\/b><\/div><\/p>\r\n<br>\r\n<p>Art. 1\u00ba Criar, na estrutura organizacional da Reitoria, como \u00f3rg\u00e3o Suplementar Central, o N\u00facleo de Estudos de Eventos Meteorol\u00f3gicos Extremos e Mudan\u00e7as Clim\u00e1ticas - NEMEC e aprovar o seu <a href=\"https:\/\/www.ufsm.br\/pro-reitorias\/proplan\/regimento-interno-do-nemec-2011\/\" target=\"_blank\"><font color=\"blue\"><u>Regimento Interno<\/u><\/font><\/a>.<\/p>\r\n<p>Art. 2\u00ba Caber\u00e1 \u00e0 Pr\u00f3-Reitoria de Planejamento proceder a sua cria\u00e7\u00e3o no Sistema de Classifica\u00e7\u00e3o Institucional, \u00e0 Pr\u00f3-Reitoria de Recursos Humanos a lota\u00e7\u00e3o dos recursos humanos e ao Departamento de Material e Patrim\u00f4nio a adequa\u00e7\u00e3o do registro dos m\u00f3veis e equipamentos.<\/p>\r\n<p>Art. 3\u00ba Determinar que a aloca\u00e7\u00e3o de fun\u00e7\u00e3o de confian\u00e7a destinada ao dirigente do NEMEC fique condicionada \u00e0 sua exist\u00eancia no Quadro de Fun\u00e7\u00f5es da UFSM.<\/p>\r\n<p>Art. 4\u00ba Esta resolu\u00e7\u00e3o entrar\u00e1 em vigor na data de sua assinatura e revoga as disposi\u00e7\u00f5es em contr\u00e1rio.<\/p>\r\n\r\n<p>GABINETE DO REITOR DA UNIVERSIDADE FEDERAL DE SANTA MARIA, aos quinze dias do m\u00eas de setembro do ano dois mil e onze.<\/p>\r\n<\/div>\r\n<p>Dalvan Jos\u00e9 Reinert,<\/p>\r\n<p>Vice-Reitor, no exerc\u00edcio da Reitoria<\/p>\r\n<\/s>\r\n\r\n<p><font color=\"red0000\">Este texto n\u00e3o substitui o documento original, publicado no Portal de Documentos.<\/font> Dispon\u00edvel em: <a href=\"https:\/\/portal.ufsm.br\/documentos\/publico\/documento.html?id=4842696\"><font color=\"blue\">https:\/\/portal.ufsm.br\/documentos\/publico\/documento.html?id=4842696<\/font><\/a>\r\n\r\n\r\n\r\n\r\n\r\n\r\n\r\n\t\t<\/div>\n\t\t\t\t<\/div>\n\t\t\t\t\t<\/div>\n\t\t<\/div>\n\t\t\t\t\t<\/div>\n\t\t<\/section>\n\t\t\t\t<\/div>\n\t\t","protected":false},"excerpt":{"rendered":"<p>\ufeff RESOLU\u00c7\u00c3O N. 030\/2011 MINIST\u00c9RIO DA EDUCA\u00c7\u00c3O UNIVERSIDADE FEDERAL DE SANTA MARIA RESOLU\u00c7\u00c3O N. 030\/2011 (Revogada pela Resolu\u00e7\u00e3o UFSM N. 100\/2022) Cria, na estrutura organizacional da Reitoria da Universidade Federal de Santa Maria, o N\u00facleo de Estudos de Eventos Meteorol\u00f3gicos Extremos e Mudan\u00e7as Clim\u00e1ticas &#8211; NEMEC, aprova seu Regimento Interno e d\u00e1 outras provid\u00eancias. O [&hellip;]<\/p>\n","protected":false},"author":205,"featured_media":0,"parent":0,"menu_order":0,"comment_status":"closed","ping_status":"closed","template":"","meta":{"footnotes":""},"categories":[],"tags":[],"class_list":["post-2888","page","type-page","status-publish","hentry"],"acf":[],"_links":{"self":[{"href":"https:\/\/www.ufsm.br\/pro-reitorias\/proplan\/wp-json\/wp\/v2\/pages\/2888","targetHints":{"allow":["GET"]}}],"collection":[{"href":"https:\/\/www.ufsm.br\/pro-reitorias\/proplan\/wp-json\/wp\/v2\/pages"}],"about":[{"href":"https:\/\/www.ufsm.br\/pro-reitorias\/proplan\/wp-json\/wp\/v2\/types\/page"}],"author":[{"embeddable":true,"href":"https:\/\/www.ufsm.br\/pro-reitorias\/proplan\/wp-json\/wp\/v2\/users\/205"}],"replies":[{"embeddable":true,"href":"https:\/\/www.ufsm.br\/pro-reitorias\/proplan\/wp-json\/wp\/v2\/comments?post=2888"}],"version-history":[{"count":0,"href":"https:\/\/www.ufsm.br\/pro-reitorias\/proplan\/wp-json\/wp\/v2\/pages\/2888\/revisions"}],"wp:attachment":[{"href":"https:\/\/www.ufsm.br\/pro-reitorias\/proplan\/wp-json\/wp\/v2\/media?parent=2888"}],"wp:term":[{"taxonomy":"category","embeddable":true,"href":"https:\/\/www.ufsm.br\/pro-reitorias\/proplan\/wp-json\/wp\/v2\/categories?post=2888"},{"taxonomy":"post_tag","embeddable":true,"href":"https:\/\/www.ufsm.br\/pro-reitorias\/proplan\/wp-json\/wp\/v2\/tags?post=2888"}],"curies":[{"name":"wp","href":"https:\/\/api.w.org\/{rel}","templated":true}]}}