{"id":2889,"date":"2019-12-06T16:44:20","date_gmt":"2019-12-06T19:44:20","guid":{"rendered":"https:\/\/www.ufsm.br\/pro-reitorias\/proplan\/?page_id=2889"},"modified":"2020-05-19T08:54:05","modified_gmt":"2020-05-19T11:54:05","slug":"resolucao-n-031-2011","status":"publish","type":"page","link":"https:\/\/www.ufsm.br\/pro-reitorias\/proplan\/resolucao-n-031-2011","title":{"rendered":"Resolu\u00e7\u00e3o N. 031\/2011"},"content":{"rendered":"\t\t<div data-elementor-type=\"wp-page\" data-elementor-id=\"2889\" class=\"elementor elementor-2889\">\n\t\t\t\t\t\t<section class=\"elementor-section elementor-top-section elementor-element elementor-element-668869e elementor-section-boxed elementor-section-height-default elementor-section-height-default\" data-id=\"668869e\" data-element_type=\"section\">\n\t\t\t\t\t\t<div class=\"elementor-container elementor-column-gap-default\">\n\t\t\t\t\t<div class=\"elementor-column elementor-col-100 elementor-top-column elementor-element elementor-element-26d7587\" data-id=\"26d7587\" data-element_type=\"column\">\n\t\t\t<div class=\"elementor-widget-wrap elementor-element-populated\">\n\t\t\t\t\t\t<div class=\"elementor-element elementor-element-99d253b elementor-widget elementor-widget-html\" data-id=\"99d253b\" data-element_type=\"widget\" data-widget_type=\"html.default\">\n\t\t\t\t<div class=\"elementor-widget-container\">\n\t\t\t\r\n\r\n\r\n<title><b>RESOLU\u00c7\u00c3O N. 031\/2011<\/b><\/title>\r\n\r\n\r\n<div align=\"center\"><img decoding=\"async\" src=\"https:\/\/www.ufsm.br\/pro-reitorias\/proplan\/wp-content\/uploads\/sites\/344\/2019\/09\/brasao-da-republica-do-brasil-logo.png\" alt=\"Bras\u00e3o Rep\u00fablica Federativa do Brasil\" width=\"6%\" height=\"6%\"><\/div>    \r\n<h1><font color=\"blue\"><font size=\"5\"><div align=\"center\">MINIST\u00c9RIO DA EDUCA\u00c7\u00c3O<\/b><\/font><\/font><\/div><\/H1>\r\n<p><b><font color=\"0000blue\"><div align=\"center\">UNIVERSIDADE FEDERAL DE SANTA MARIA<\/b><\/font><\/div><\/p>\r\n\r\n<p><div align=\"center\"><b><a href=\"https:\/\/portal.ufsm.br\/documentos\/publico\/documento.html?id=4847398\"><font color=\"blue\">RESOLU\u00c7\u00c3O N. 031\/2011<\/font><\/a><\/b><\/div><\/p>\r\n<br>\r\n<p><div align=\"right\"><font color=\"800000\"><strike>Altera a Resolu\u00e7\u00e3o N. 020\/2009, que regulamenta o Concurso P\u00fablico para ingresso no Quadro do Magist\u00e9rio Superior da Universidade Federal de Santa Maria, substituindo o texto do par\u00e1grafo 4\u00ba, do artigo 5\u00ba, o texto do artigo 29 e alterando o texto da primeira linha da tabela de pontos para avalia\u00e7\u00e3o de t\u00edtulos do Grupo I.<\/strike><\/font><\/div><\/p>\r\n<br><div align=\"justify\">\r\n<p><a href=\"https:\/\/www.ufsm.br\/pro-reitorias\/proplan\/resolucao-n-030-2013\/\"><font color=\"blue\">Revogada pela Resolu\u00e7\u00e3o N. 030\/2013<\/font><\/a><\/p>\r\n<br>\r\n<strike>\r\n<p>O REITOR DA UNIVERSIDADE FEDERAL DE SANTA MARIA, no uso de suas atribui\u00e7\u00f5es legais e estatut\u00e1rias e considerando:<\/p>\r\n<p>- o <a href=\"http:\/\/www.planalto.gov.br\/ccivil_03\/_Ato2007-2010\/2009\/Decreto\/D6944.htm\" target=\"_blank\"><font color=\"blue\"><u>Decreto N. 6.944, de 21 de agosto de 2009<\/u><\/font><\/a>; e<\/p>\r\n<p>- o Parecer N. 150\/2011, aprovado na 7892 Sess\u00e3o do Conselho de Ensino, Pesquisa e Extens\u00e3o, de 16\/09\/2011, referente ao processo n. <a href=\"https:\/\/portal.ufsm.br\/documentos\/publico\/processo\/documento.html?idDocumento=4827242\" target=\"_blank\"><font color=\"blue\"><u>23081.011098\/2011-34<\/u><\/font><\/a>.<\/p>\r\n<br>\r\n<p><b><div align=\"center\">RESOLVE:<\/b><\/div><\/p>\r\n<br>\r\n<p>Art. 1\u00ba Alterar a <a href=\"https:\/\/www.ufsm.br\/pro-reitorias\/proplan\/resolucao-n-020-2009\/\" target=\"_blank\"><font color=\"blue\"><u>Resolu\u00e7\u00e3o N. 020\/2009, de 2 de dezembro de 2009<\/u><\/font><\/a>, que regulamenta o Concurso P\u00fablico para ingresso no Quadro do Magist\u00e9rio Superior da Universidade Federal de Santa Maria.<\/p>\r\n<p>Art. 2\u00ba Substituir o texto do par\u00e1grafo 4\u00ba, do artigo 5\u00ba, que passa a ter a seguinte reda\u00e7\u00e3o:<\/p>\r\n<p><b>\u201c\u00a7 4\u00ba Cabe ao colegiado do departamento did\u00e1tico ao qual foi destinado o cargo objeto do concurso decidir pela abertura de edital em outra \u00e1rea ou, ainda, pela solicita\u00e7\u00e3o de autoriza\u00e7\u00e3o para abertura de concurso na classe de Professor Assistente, que dever\u00e1 ser feita ao Conselho da Unidade Universit\u00e1ria \u00e0 qual est\u00e1 vinculado tal departamento, nos seguintes casos:<\/b><\/p>\r\n<p><b>I - N\u00e3o havendo inscri\u00e7\u00e3o de candidatos ou n\u00e3o havendo inscri\u00e7\u00f5es homologadas, respeitando-se o previsto no par\u00e1grafo anterior; ou<\/b><\/p>\r\n<p><b>II - Havendo inscri\u00e7\u00f5es homologadas e n\u00e3o ocorrendo o preenchimento das vagas ofertadas no edital.\u201d<\/b><\/p>\r\n\r\n<p>Art. 3\u00ba Substituir o texto do artigo 29, que passa a ter a seguinte reda\u00e7\u00e3o:<\/p>\r\n<p><b>\u201cArt. 29. \u00c0 nota da prova de t\u00edtulos de cada candidato ser\u00e1 igual \u00e0 m\u00e9dia ponderada das notas obtidas para cada grupo, observando o seguinte:<\/b><\/p>\r\n<p><b>I - para cada grupo, sequenciam-se os candidatos na ordem decrescente do total de pontos obtidos correspondente \u00e0 m\u00e9dia dos tr\u00eas examinadores;<\/b><\/p>\r\n<p><b>II - o n\u00famero de pontos definido como valor de refer\u00eancia para o Grupo I ser\u00e1 de 7, para o Grupo II ser\u00e1 de 35 e para o Grupo III ser\u00e1 de 18;<\/b><\/p>\r\n<p><b>III - se a pontua\u00e7\u00e3o obtida pelo candidato com maior pontua\u00e7\u00e3o for superior ao valor de refer\u00eancia para cada grupo definido no item II, esta passa a ser o novo valor de refer\u00eancia para o respectivo grupo;<\/b><\/p>\r\n<p><b>IV - os valores de refer\u00eancia obtidos para cada grupo, considerando o descrito nos itens II e III deste artigo, corresponder\u00e3o ao valor do peso (indicado no par\u00e1grafo \u00fanico do artigo 28) para fins de c\u00e1lculo da nota do(s) candidato(s) em cada grupo, a partir das pontua\u00e7\u00f5es obtidas, por regra de tr\u00eas simples;<\/b><\/p>\r\n<p><b>V - a soma das notas do(s) candidato(s) nos Grupos I, II e III, obtidas conforme descrito no item IV deste artigo, corresponder\u00e1 \u00e0 nota final da prova de t\u00edtulos, sendo que o Anexo II apresenta um exemplo do c\u00e1lculo da nota da prova de t\u00edtulos, em uma situa\u00e7\u00e3o hipot\u00e9tica.<\/b><\/p>\r\n<p><b>Par\u00e1grafo \u00fanico. No Grupo I, para fins de pontua\u00e7\u00e3o, os t\u00edtulos ser\u00e3o somados, devendo ser considerado apenas um t\u00edtulo em cada item.\u201d<\/b><\/p>\r\n\r\n<p>Art. 4\u00ba Excluir o texto <p><b>\u201cForma\u00e7\u00e3o e Aperfei\u00e7oamento Acad\u00eamico\u201d<\/b><\/p> da primeira linha da Tabela de Pontos para Avalia\u00e7\u00e3o de T\u00edtulos, do Grupo I, deixando somente o texto <p><b>\u201cDiscrimina\u00e7\u00e3o\u201d<\/b><\/p> conforme consta nas primeiras linhas das Tabelas de Pontos dos Grupos II e III.<\/p>\r\n<p>Art. 5\u00ba Esta resolu\u00e7\u00e3o entra em vigor na data de sua assinatura e revoga as disposi\u00e7\u00f5es em contr\u00e1rio.<\/p>\r\n\r\n<p>GABINETE DO REITOR DA UNIVERSIDADE FEDERAL DE SANTA MARIA, aos vinte e dois dias do m\u00eas de setembro do ano dois mil e onze.<\/p>\r\n<\/div>\r\n<p>Dalvan Jos\u00e9 Reinert,<\/p>\r\n<p>Vice-Reitor, no exerc\u00edcio da Reitoria<\/p>\r\n\r\n<p><font color=\"red0000\">Este texto n\u00e3o substitui o documento original, publicado no Portal de Documentos.<\/font> Dispon\u00edvel em: <a href=\"https:\/\/portal.ufsm.br\/documentos\/publico\/documento.html?id=4847398\"><font color=\"blue\">https:\/\/portal.ufsm.br\/documentos\/publico\/documento.html?id=4847398<\/font><\/a>\r\n<\/strike>\r\n\r\n\t\t<\/div>\n\t\t\t\t<\/div>\n\t\t\t\t\t<\/div>\n\t\t<\/div>\n\t\t\t\t\t<\/div>\n\t\t<\/section>\n\t\t\t\t<\/div>\n\t\t","protected":false},"excerpt":{"rendered":"<p>RESOLU\u00c7\u00c3O N. 031\/2011 MINIST\u00c9RIO DA EDUCA\u00c7\u00c3O UNIVERSIDADE FEDERAL DE SANTA MARIA RESOLU\u00c7\u00c3O N. 031\/2011 Altera a Resolu\u00e7\u00e3o N. 020\/2009, que regulamenta o Concurso P\u00fablico para ingresso no Quadro do Magist\u00e9rio Superior da Universidade Federal de Santa Maria, substituindo o texto do par\u00e1grafo 4\u00ba, do artigo 5\u00ba, o texto do artigo 29 e alterando o texto [&hellip;]<\/p>\n","protected":false},"author":205,"featured_media":0,"parent":0,"menu_order":0,"comment_status":"closed","ping_status":"closed","template":"","meta":{"footnotes":""},"categories":[],"tags":[],"class_list":["post-2889","page","type-page","status-publish","hentry"],"acf":[],"_links":{"self":[{"href":"https:\/\/www.ufsm.br\/pro-reitorias\/proplan\/wp-json\/wp\/v2\/pages\/2889","targetHints":{"allow":["GET"]}}],"collection":[{"href":"https:\/\/www.ufsm.br\/pro-reitorias\/proplan\/wp-json\/wp\/v2\/pages"}],"about":[{"href":"https:\/\/www.ufsm.br\/pro-reitorias\/proplan\/wp-json\/wp\/v2\/types\/page"}],"author":[{"embeddable":true,"href":"https:\/\/www.ufsm.br\/pro-reitorias\/proplan\/wp-json\/wp\/v2\/users\/205"}],"replies":[{"embeddable":true,"href":"https:\/\/www.ufsm.br\/pro-reitorias\/proplan\/wp-json\/wp\/v2\/comments?post=2889"}],"version-history":[{"count":0,"href":"https:\/\/www.ufsm.br\/pro-reitorias\/proplan\/wp-json\/wp\/v2\/pages\/2889\/revisions"}],"wp:attachment":[{"href":"https:\/\/www.ufsm.br\/pro-reitorias\/proplan\/wp-json\/wp\/v2\/media?parent=2889"}],"wp:term":[{"taxonomy":"category","embeddable":true,"href":"https:\/\/www.ufsm.br\/pro-reitorias\/proplan\/wp-json\/wp\/v2\/categories?post=2889"},{"taxonomy":"post_tag","embeddable":true,"href":"https:\/\/www.ufsm.br\/pro-reitorias\/proplan\/wp-json\/wp\/v2\/tags?post=2889"}],"curies":[{"name":"wp","href":"https:\/\/api.w.org\/{rel}","templated":true}]}}