{"id":2894,"date":"2019-12-09T09:59:42","date_gmt":"2019-12-09T12:59:42","guid":{"rendered":"https:\/\/www.ufsm.br\/pro-reitorias\/proplan\/?page_id=2894"},"modified":"2020-05-19T09:18:36","modified_gmt":"2020-05-19T12:18:36","slug":"resolucao-n-036-2011","status":"publish","type":"page","link":"https:\/\/www.ufsm.br\/pro-reitorias\/proplan\/resolucao-n-036-2011","title":{"rendered":"Resolu\u00e7\u00e3o N. 036\/2011"},"content":{"rendered":"\t\t<div data-elementor-type=\"wp-page\" data-elementor-id=\"2894\" class=\"elementor elementor-2894\">\n\t\t\t\t\t\t<section class=\"elementor-section elementor-top-section elementor-element elementor-element-6f2575e elementor-section-boxed elementor-section-height-default elementor-section-height-default\" data-id=\"6f2575e\" data-element_type=\"section\">\n\t\t\t\t\t\t<div class=\"elementor-container elementor-column-gap-default\">\n\t\t\t\t\t<div class=\"elementor-column elementor-col-100 elementor-top-column elementor-element elementor-element-4493b69\" data-id=\"4493b69\" data-element_type=\"column\">\n\t\t\t<div class=\"elementor-widget-wrap elementor-element-populated\">\n\t\t\t\t\t\t<div class=\"elementor-element elementor-element-cf7c11c elementor-widget elementor-widget-html\" data-id=\"cf7c11c\" data-element_type=\"widget\" data-widget_type=\"html.default\">\n\t\t\t\t<div class=\"elementor-widget-container\">\n\t\t\t\r\n\r\n\r\n<title><b>RESOLU\u00c7\u00c3O N. 036\/2011<\/b><\/title>\r\n\r\n\r\n<div align=\"center\"><img decoding=\"async\" src=\"https:\/\/www.ufsm.br\/pro-reitorias\/proplan\/wp-content\/uploads\/sites\/344\/2019\/09\/brasao-da-republica-do-brasil-logo.png\" alt=\"Bras\u00e3o Rep\u00fablica Federativa do Brasil\" width=\"6%\" height=\"6%\"><\/div>    \r\n<h1><font color=\"blue\"><font size=\"5\"><div align=\"center\">MINIST\u00c9RIO DA EDUCA\u00c7\u00c3O<\/b><\/font><\/font><\/div><\/H1>\r\n<p><b><font color=\"0000blue\"><div align=\"center\">UNIVERSIDADE FEDERAL DE SANTA MARIA<\/b><\/font><\/div><\/p>\r\n\r\n<p><div align=\"center\"><b><a href=\"https:\/\/portal.ufsm.br\/documentos\/publico\/documento.html?id=4918742\"><font color=\"blue\">RESOLU\u00c7\u00c3O N. 036\/2011<\/font><\/a><\/b><\/div><\/p>\r\n<br>\r\n<p><div align=\"right\"><font color=\"800000\">Institui e regulamenta na UFSM o Programa de Monitoria N\u00e3o-Subsidiada para os Cursos T\u00e9cnicos de N\u00edvel M\u00e9dio.<\/font><\/div><\/p>\r\n<br><div align=\"justify\">\r\n\r\n<p>O REITOR DA UNIVERSIDADE FEDERAL DE SANTA MARIA, no uso de suas atribui\u00e7\u00f5es legais e estatut\u00e1rias e considerando:<\/p>\r\n<p>- a necessidade de propiciar aproveitamento de in\u00fameras atividades ligadas ao ensino, pesquisa e extens\u00e3o;<\/p>\r\n<p>- a exist\u00eancia limitada de Bolsa de Monitoria Subsidiada e a necessidade de expans\u00e3o dessas atividades junto \u00e0s unidades de ensino m\u00e9dio, t\u00e9cnico e tecnol\u00f3gico da UFSM;<\/p>\r\n<p>- o Parecer n. 158\/2010, da CLN e o Parecer n. 035\/2011, da CEPE, aprovado na 791\u00aa Sess\u00e3o do Conselho de Ensino, Pesquisa e Extens\u00e3o, de 21 de outubro de 2011, referente ao Processo n. <a href=\"https:\/\/portal.ufsm.br\/documentos\/publico\/processo\/documento.html?idDocumento=4836126\" target=\"_blank\"><font color=\"blue\"><u>23081.012025\/2011-60<\/u><\/font><\/a>;<\/p>\r\n<p>- o Parecer n. 110\/2011 da Comiss\u00e3o de Legisla\u00e7\u00e3o e Regimentos (CLR), aprovado na 729\u00aa Sess\u00e3o do Conselho Universit\u00e1rio, de 27 de outubro de 2011, referente ao Processo n. <a href=\"https:\/\/portal.ufsm.br\/documentos\/publico\/processo\/documento.html?idDocumento=4836126\" target=\"_blank\"><font color=\"blue\"><u>23081.012025\/2011-60<\/u><\/font><\/a>.<\/p>\r\n<br>\r\n<p><b><div align=\"center\">RESOLVE:<\/b><\/div><\/p>\r\n<br>\r\n<p>Art. 1\u00ba Instituir o Programa Especial de Monitoria N\u00e3o-Subsidiada, dentro do Projeto de Ensino dos Cursos, destinado aos estudantes que pretendam atuar em atividades orientadas de ensino, pesquisa e extens\u00e3o.<\/p>\r\n<p>Art. 2\u00ba O Programa de Monitoria N\u00e3o-Subsidiada objetiva ampliar e assegurar a coopera\u00e7\u00e3o entre corpo discente e corpo docente, no desenvolvimento do saber, em seus diversos campos mediante as atividades de ensino, pesquisa e extens\u00e3o.<\/p>\r\n<p>Art. 3\u00ba O n\u00famero de vagas e o respectivo processo de sele\u00e7\u00e3o para seu preenchimento ser\u00e3o de responsabilidade dos professores orientadores e Coordena\u00e7\u00f5es de cursos das unidades de ensino m\u00e9dio, t\u00e9cnico e tecnol\u00f3gico, sempre tendo em vista o Projeto de Ensino.<\/p>\r\n<p>Art. 4\u00ba Os monitores, nesta modalidade, exercer\u00e3o suas atividades sem qualquer v\u00ednculo empregat\u00edcio com a Institui\u00e7\u00e3o, em regime de at\u00e9 oito horas semanais, sem prejudicar o hor\u00e1rio das atividades as quais estiver obrigado como discente, em raz\u00e3o dos componentes curriculares nos quais estiver matriculado.<\/p>\r\n<p>Art. 5\u00ba Somente os estudantes regularmente matriculados nos cursos t\u00e9cnicos de n\u00edvel m\u00e9dio da UFSM poder\u00e3o participar do programa.<\/p>\r\n<p>Art. 6\u00ba As atribui\u00e7\u00f5es do estudante-monitor, nesta modalidade, constituem-se das seguintes atividades:<\/p>\r\n<p>I - auxiliar os professores em tarefas did\u00e1ticas, inclusive, prepara\u00e7\u00e3o de aulas e trabalhos escolares;<\/p>\r\n<p>II - auxiliar os professores em tarefas de pesquisa e extens\u00e3o compat\u00edveis com o seu grau de conhecimento;<\/p>\r\n<p>III - auxiliar os professores na realiza\u00e7\u00e3o de trabalhos pr\u00e1ticos e experimentais compat\u00edveis com o seu grau de conhecimento e experi\u00eancia no componente curricular;<\/p>\r\n<p>IV - outras atividades decorrentes do Projeto de Ensino.<\/p>\r\n<p>Par\u00e1grafo \u00fanico. Fica vedado o exerc\u00edcio de atividades administrativas da compet\u00eancia do corpo t\u00e9cnico-administrativo da Institui\u00e7\u00e3o.<\/p>\r\n\r\n<p>Art. 7\u00ba Cada monitor ou grupo de monitores nesta modalidade exercer\u00e1 suas atividades sob a orienta\u00e7\u00e3o do professor respons\u00e1vel pela atividade.<\/p>\r\n<p>Par\u00e1grafo \u00fanico. Em qualquer hip\u00f3tese, dever\u00e1 ser elaborado um plano de trabalho, especificando as atividades de monitoria, bem como a previs\u00e3o de carga hor\u00e1ria a elas atribu\u00eddas.<\/p>\r\n\r\n<p>Art. 8\u00ba Compete \u00e0 Coordena\u00e7\u00e3o do curso a emiss\u00e3o de certificado desta modalidade de Monitoria, especificando a natureza da atividade desenvolvida e respectiva carga hor\u00e1ria cumprida, desde que tenha sido cumprida uma carga hor\u00e1ria m\u00ednima de quarenta horas.<\/p>\r\n<p>Art. 9\u00ba Os casos omissos ser\u00e3o decididos pelo Colegiado da unidade de ensino m\u00e9dio, t\u00e9cnico e tecnol\u00f3gico.<\/p>\r\n<p>Art. 10. Esta resolu\u00e7\u00e3o entra em vigor na data de sua publica\u00e7\u00e3o e revoga as disposi\u00e7\u00f5es em contr\u00e1rio.<\/p>\r\n\r\n<p>GABINETE DO REITOR DA UNIVERSIDADE FEDERAL DE SANTA MARIA, aos vinte e oito dias do m\u00eas de outubro do ano dois mil e onze.<\/p>\r\n<\/div>\r\n<p>Felipe Martins M\u00fcller,<\/p>\r\n<p>Reitor.<\/p>\r\n\r\n<p><font color=\"red0000\">Este texto n\u00e3o substitui o documento original, publicado no Portal de Documentos.<\/font> Dispon\u00edvel em: <a href=\"https:\/\/portal.ufsm.br\/documentos\/publico\/documento.html?id=4918742\"><font color=\"blue\">https:\/\/portal.ufsm.br\/documentos\/publico\/documento.html?id=4918742<\/font><\/a>\r\n\r\n\r\n\t\t<\/div>\n\t\t\t\t<\/div>\n\t\t\t\t\t<\/div>\n\t\t<\/div>\n\t\t\t\t\t<\/div>\n\t\t<\/section>\n\t\t\t\t<\/div>\n\t\t","protected":false},"excerpt":{"rendered":"<p>RESOLU\u00c7\u00c3O N. 036\/2011 MINIST\u00c9RIO DA EDUCA\u00c7\u00c3O UNIVERSIDADE FEDERAL DE SANTA MARIA RESOLU\u00c7\u00c3O N. 036\/2011 Institui e regulamenta na UFSM o Programa de Monitoria N\u00e3o-Subsidiada para os Cursos T\u00e9cnicos de N\u00edvel M\u00e9dio. O REITOR DA UNIVERSIDADE FEDERAL DE SANTA MARIA, no uso de suas atribui\u00e7\u00f5es legais e estatut\u00e1rias e considerando: &#8211; a necessidade de propiciar aproveitamento [&hellip;]<\/p>\n","protected":false},"author":205,"featured_media":0,"parent":0,"menu_order":0,"comment_status":"closed","ping_status":"closed","template":"","meta":{"footnotes":""},"categories":[],"tags":[],"class_list":["post-2894","page","type-page","status-publish","hentry"],"acf":[],"_links":{"self":[{"href":"https:\/\/www.ufsm.br\/pro-reitorias\/proplan\/wp-json\/wp\/v2\/pages\/2894","targetHints":{"allow":["GET"]}}],"collection":[{"href":"https:\/\/www.ufsm.br\/pro-reitorias\/proplan\/wp-json\/wp\/v2\/pages"}],"about":[{"href":"https:\/\/www.ufsm.br\/pro-reitorias\/proplan\/wp-json\/wp\/v2\/types\/page"}],"author":[{"embeddable":true,"href":"https:\/\/www.ufsm.br\/pro-reitorias\/proplan\/wp-json\/wp\/v2\/users\/205"}],"replies":[{"embeddable":true,"href":"https:\/\/www.ufsm.br\/pro-reitorias\/proplan\/wp-json\/wp\/v2\/comments?post=2894"}],"version-history":[{"count":0,"href":"https:\/\/www.ufsm.br\/pro-reitorias\/proplan\/wp-json\/wp\/v2\/pages\/2894\/revisions"}],"wp:attachment":[{"href":"https:\/\/www.ufsm.br\/pro-reitorias\/proplan\/wp-json\/wp\/v2\/media?parent=2894"}],"wp:term":[{"taxonomy":"category","embeddable":true,"href":"https:\/\/www.ufsm.br\/pro-reitorias\/proplan\/wp-json\/wp\/v2\/categories?post=2894"},{"taxonomy":"post_tag","embeddable":true,"href":"https:\/\/www.ufsm.br\/pro-reitorias\/proplan\/wp-json\/wp\/v2\/tags?post=2894"}],"curies":[{"name":"wp","href":"https:\/\/api.w.org\/{rel}","templated":true}]}}