{"id":2902,"date":"2019-12-09T10:09:13","date_gmt":"2019-12-09T13:09:13","guid":{"rendered":"https:\/\/www.ufsm.br\/pro-reitorias\/proplan\/?page_id=2902"},"modified":"2025-10-01T13:31:06","modified_gmt":"2025-10-01T16:31:06","slug":"resolucao-n-044-2011","status":"publish","type":"page","link":"https:\/\/www.ufsm.br\/pro-reitorias\/proplan\/resolucao-n-044-2011","title":{"rendered":"Resolu\u00e7\u00e3o N. 044\/2011"},"content":{"rendered":"\t\t<div data-elementor-type=\"wp-page\" data-elementor-id=\"2902\" class=\"elementor elementor-2902\">\n\t\t\t\t\t\t<section class=\"elementor-section elementor-top-section elementor-element elementor-element-cac34ce elementor-section-boxed elementor-section-height-default elementor-section-height-default\" data-id=\"cac34ce\" data-element_type=\"section\">\n\t\t\t\t\t\t<div class=\"elementor-container elementor-column-gap-default\">\n\t\t\t\t\t<div class=\"elementor-column elementor-col-100 elementor-top-column elementor-element elementor-element-ff6c886\" data-id=\"ff6c886\" data-element_type=\"column\">\n\t\t\t<div class=\"elementor-widget-wrap elementor-element-populated\">\n\t\t\t\t\t\t<div class=\"elementor-element elementor-element-b622ff0 elementor-widget elementor-widget-html\" data-id=\"b622ff0\" data-element_type=\"widget\" data-widget_type=\"html.default\">\n\t\t\t\t<div class=\"elementor-widget-container\">\n\t\t\t<br><div align=\"justify\"><font color=\"black\">\r\n<div align=\"center\">\r\n<img decoding=\"async\" src=\"https:\/\/www.ufsm.br\/pro-reitorias\/proplan\/wp-content\/uploads\/sites\/344\/2019\/09\/brasao-da-republica-do-brasil-logo.png\" alt=\"Bras\u00e3o Rep\u00fablica Federativa do Brasil\" width=\"6%\" height=\"6%\" style=\"text-align: justify\">\r\n<\/div>    \r\n<h1 style=\"text-align: justify\">\r\n<font color=\"blue\">\r\n<font size=\"5\">\r\n<\/font>\r\n<\/font>\r\n<div align=\"center\">\r\n<font color=\"blue\" style=\"text-align: justify\">\r\n<font size=\"5\">MINIST\u00c9RIO DA EDUCA\u00c7\u00c3O<\/font>\r\n<\/font>\r\n<\/div>\r\n<\/h1>\r\n<p>\r\n<b>\r\n<font color=\"0000blue\">\r\n<\/font>\r\n<\/b>\r\n<\/p>\r\n<div align=\"center\">\r\n<b style=\"text-align: justify\">\r\n<font color=\"0000blue\">UNIVERSIDADE FEDERAL DE SANTA MARIA<\/font>\r\n<\/b>\r\n<\/div>\r\n<p>\r\n<\/p>\r\n\r\n<p>\r\n<\/p>\r\n<div align=\"center\">\r\n<b style=\"text-align: justify\">\r\n<a href=\"https:\/\/portal.ufsm.br\/documentos\/publico\/documento.html?id=4986020\" style=\"color: blue !important;text-decoration: underline !important\" data-elementor-preserved=\"true\">\r\n<font color=\"blue\">RESOLU\u00c7\u00c3O N. 044\/2011<\/font>\r\n<\/a>\r\n<\/b>\r\n<\/div>\r\n<p>\r\n<\/p>\r\n<br>\r\n<p>\r\n<\/p>\r\n<div align=\"right\">\r\n<font color=\"800000\" style=\"text-align: justify\">Aprova a cria\u00e7\u00e3o, na estrutura organizacional da Universidade Federal de Santa Maria, da Unidade de Educa\u00e7\u00e3o Infantil Ip\u00ea Amarelo, com a supervis\u00e3o administrativa da Coordenadoria de Educa\u00e7\u00e3o B\u00e1sica, T\u00e9cnica e Tecnol\u00f3gica\/CEBTT e com vincula\u00e7\u00e3o pedag\u00f3gica ao Centro de Educa\u00e7\u00e3o.<\/font>\r\n<\/div>\r\n<p>\r\n<\/p>\r\n<div>\r\n<br>\r\n<\/div>\r\n<div>Revogada pela <a href=\"https:\/\/www.ufsm.br\/pro-reitorias\/proplan\/resolucao-ufsm-n-231-2025\" style=\"color: blue !important;text-decoration: underline !important\" data-elementor-preserved=\"true\">Resolu\u00e7\u00e3o UFSM N. 231\/2025<\/a>\r\n<\/div>\r\n<br>\r\n<div align=\"justify\">\r\n\r\n<p>\r\n<strike>O REITOR DA UNIVERSIDADE FEDERAL DE SANTA MARIA, no uso de suas atribui\u00e7\u00f5es legais e estatut\u00e1rias e considerando:<\/strike>\r\n<\/p>\r\n<p>\r\n<strike>- o que disp\u00f5e a <a href=\"https:\/\/ndi.ufsc.br\/files\/2012\/11\/Resolu%25C3%25A7ao-n-1-10-03-2011.pdf\" style=\"color: blue !important;text-decoration: underline !important\" data-elementor-preserved=\"true\" target=\"_blank\">\r\n<font color=\"blue\">Resolu\u00e7\u00e3o N. 1, de 10 de mar\u00e7o de 2011, da C\u00e2mara de Educa\u00e7\u00e3o B\u00e1sica, do Conselho Nacional de Educa\u00e7\u00e3o<\/font>\r\n<\/a>;<\/strike>\r\n<\/p>\r\n<p>\r\n<strike>- a necessidade de transformar o projeto do N\u00facleo de Educa\u00e7\u00e3o Infantil Ip\u00ea Amarelo em uma unidade de educa\u00e7\u00e3o infantil na estrutura organizacional da UFSM;<\/strike>\r\n<\/p>\r\n<p>\r\n<strike>- o Parecer n. 039\/2011, da CEPE, aprovado na 793\u00aa Sess\u00e3o do Conselho de Ensino, Pesquisa e Extens\u00e3o, de 18.11.2011, conforme Processo n. <a href=\"https:\/\/portal.ufsm.br\/documentos\/publico\/processo\/documento.html?idDocumento=4943826\" style=\"color: blue !important;text-decoration: underline !important\" data-elementor-preserved=\"true\" target=\"_blank\">\r\n<font color=\"blue\">23081.016181\/2011-08<\/font>\r\n<\/a>; e<\/strike>\r\n<\/p>\r\n<p>\r\n<strike>- o Parecer n. 119\/2011, da CLR, aprovado na 730\u00aa Sess\u00e3o do Conselho Universit\u00e1rio, de 25.11.2011, conforme Processo n. <a href=\"https:\/\/portal.ufsm.br\/documentos\/publico\/processo\/documento.html?idDocumento=4943826\" style=\"color: blue !important;text-decoration: underline !important\" data-elementor-preserved=\"true\" target=\"_blank\">\r\n<font color=\"blue\">23081.016181\/2011-08<\/font>\r\n<\/a>.<\/strike>\r\n<\/p>\r\n<strike>\r\n<br>\r\n<\/strike>\r\n<p>\r\n<strike>\r\n<b>\r\n<\/b>\r\n<\/strike>\r\n<\/p>\r\n<div align=\"center\">\r\n<b style=\"text-align: justify\">\r\n<strike>RESOLVE:<\/strike>\r\n<\/b>\r\n<\/div>\r\n<p>\r\n<\/p>\r\n<strike>\r\n<br>\r\n<\/strike>\r\n<p>\r\n<strike>Art. 1\u00ba Aprovar a cria\u00e7\u00e3o, na estrutura organizacional da Universidade Federal de Santa Maria, da Unidade de Educa\u00e7\u00e3o Infantil Ip\u00ea Amarelo, com a supervis\u00e3o administrativa da Coordenadoria de Educa\u00e7\u00e3o B\u00e1sica, T\u00e9cnica e Tecnol\u00f3gica\/CEBTT e com vincula\u00e7\u00e3o pedag\u00f3gica ao Centro de Educa\u00e7\u00e3o.<\/strike>\r\n<\/p>\r\n<p>\r\n<strike>Art. 2\u00ba Caber\u00e1 \u00e0 Pr\u00f3-Reitoria de Planejamento proceder ao registro da unidade no Sistema de Classifica\u00e7\u00e3o Institucional, \u00e0 Pr\u00f3-Reitoria de Recursos Humanos a relota\u00e7\u00e3o dos recursos humanos e ao Departamento de Material e Patrim\u00f4nio a adequa\u00e7\u00e3o do registro dos m\u00f3veis e equipamentos.<\/strike>\r\n<\/p>\r\n<p>\r\n<strike>Art. 3\u00ba Esta resolu\u00e7\u00e3o entra em vigor na data de sua assinatura, revogadas as disposi\u00e7\u00f5es em contr\u00e1rio.<\/strike>\r\n<\/p>\r\n\r\n<p>\r\n<strike>GABINETE DO REITOR DA UNIVERSIDADE FEDERAL DE SANTA MARIA, ao primeiro dia do m\u00eas de dezembro do ano dois mil e onze.<\/strike>\r\n<\/p>\r\n<\/div>\r\n<p>\r\n<strike>Felipe Martins M\u00fcller,<\/strike>\r\n<\/p>\r\n<p>\r\n<strike>Reitor.<\/strike>\r\n<\/p>\r\n\r\n<p>\r\n<strike>\r\n<font color=\"red0000\">Este texto n\u00e3o substitui o documento original, publicado no Portal de Documentos.<\/font> Dispon\u00edvel em: <a href=\"https:\/\/portal.ufsm.br\/documentos\/publico\/documento.html?id=4986020\" style=\"color: blue !important;text-decoration: underline !important\" data-elementor-preserved=\"true\">\r\n<font color=\"blue\">https:\/\/portal.ufsm.br\/documentos\/publico\/documento.html?id=4986020<\/font>\r\n<\/a>\r\n<\/strike>\r\n<\/p>\r\n<\/font><\/div>\t\t<\/div>\n\t\t\t\t<\/div>\n\t\t\t\t\t<\/div>\n\t\t<\/div>\n\t\t\t\t\t<\/div>\n\t\t<\/section>\n\t\t\t\t<\/div>\n\t\t","protected":false},"excerpt":{"rendered":"<p>MINIST\u00c9RIO DA EDUCA\u00c7\u00c3O UNIVERSIDADE FEDERAL DE SANTA MARIA RESOLU\u00c7\u00c3O N. 044\/2011 Aprova a cria\u00e7\u00e3o, na estrutura organizacional da Universidade Federal de Santa Maria, da Unidade de Educa\u00e7\u00e3o Infantil Ip\u00ea Amarelo, com a supervis\u00e3o administrativa da Coordenadoria de Educa\u00e7\u00e3o B\u00e1sica, T\u00e9cnica e Tecnol\u00f3gica\/CEBTT e com vincula\u00e7\u00e3o pedag\u00f3gica ao Centro de Educa\u00e7\u00e3o. Revogada pela Resolu\u00e7\u00e3o UFSM N. [&hellip;]<\/p>\n","protected":false},"author":205,"featured_media":0,"parent":0,"menu_order":0,"comment_status":"closed","ping_status":"closed","template":"","meta":{"footnotes":""},"categories":[],"tags":[],"class_list":["post-2902","page","type-page","status-publish","hentry"],"acf":[],"_links":{"self":[{"href":"https:\/\/www.ufsm.br\/pro-reitorias\/proplan\/wp-json\/wp\/v2\/pages\/2902","targetHints":{"allow":["GET"]}}],"collection":[{"href":"https:\/\/www.ufsm.br\/pro-reitorias\/proplan\/wp-json\/wp\/v2\/pages"}],"about":[{"href":"https:\/\/www.ufsm.br\/pro-reitorias\/proplan\/wp-json\/wp\/v2\/types\/page"}],"author":[{"embeddable":true,"href":"https:\/\/www.ufsm.br\/pro-reitorias\/proplan\/wp-json\/wp\/v2\/users\/205"}],"replies":[{"embeddable":true,"href":"https:\/\/www.ufsm.br\/pro-reitorias\/proplan\/wp-json\/wp\/v2\/comments?post=2902"}],"version-history":[{"count":0,"href":"https:\/\/www.ufsm.br\/pro-reitorias\/proplan\/wp-json\/wp\/v2\/pages\/2902\/revisions"}],"wp:attachment":[{"href":"https:\/\/www.ufsm.br\/pro-reitorias\/proplan\/wp-json\/wp\/v2\/media?parent=2902"}],"wp:term":[{"taxonomy":"category","embeddable":true,"href":"https:\/\/www.ufsm.br\/pro-reitorias\/proplan\/wp-json\/wp\/v2\/categories?post=2902"},{"taxonomy":"post_tag","embeddable":true,"href":"https:\/\/www.ufsm.br\/pro-reitorias\/proplan\/wp-json\/wp\/v2\/tags?post=2902"}],"curies":[{"name":"wp","href":"https:\/\/api.w.org\/{rel}","templated":true}]}}