{"id":2904,"date":"2019-12-09T10:20:00","date_gmt":"2019-12-09T13:20:00","guid":{"rendered":"https:\/\/www.ufsm.br\/pro-reitorias\/proplan\/?page_id=2904"},"modified":"2021-11-08T11:12:24","modified_gmt":"2021-11-08T14:12:24","slug":"resolucao-n-046-2011","status":"publish","type":"page","link":"https:\/\/www.ufsm.br\/pro-reitorias\/proplan\/resolucao-n-046-2011","title":{"rendered":"Resolu\u00e7\u00e3o N. 046\/2011"},"content":{"rendered":"\t\t<div data-elementor-type=\"wp-page\" data-elementor-id=\"2904\" class=\"elementor elementor-2904\">\n\t\t\t\t\t\t<section class=\"elementor-section elementor-top-section elementor-element elementor-element-1be4ff1 elementor-section-boxed elementor-section-height-default elementor-section-height-default\" data-id=\"1be4ff1\" data-element_type=\"section\">\n\t\t\t\t\t\t<div class=\"elementor-container elementor-column-gap-default\">\n\t\t\t\t\t<div class=\"elementor-column elementor-col-100 elementor-top-column elementor-element elementor-element-7918b18\" data-id=\"7918b18\" data-element_type=\"column\">\n\t\t\t<div class=\"elementor-widget-wrap elementor-element-populated\">\n\t\t\t\t\t\t<div class=\"elementor-element elementor-element-87333dc elementor-widget elementor-widget-html\" data-id=\"87333dc\" data-element_type=\"widget\" data-widget_type=\"html.default\">\n\t\t\t\t<div class=\"elementor-widget-container\">\n\t\t\t\r\n\r\n\r\n<title><b>RESOLU\u00c7\u00c3O N. 046\/2011<\/b><\/title>\r\n\r\n\r\n<div align=\"center\"><img decoding=\"async\" src=\"https:\/\/www.ufsm.br\/pro-reitorias\/proplan\/wp-content\/uploads\/sites\/344\/2019\/09\/brasao-da-republica-do-brasil-logo.png\" alt=\"Bras\u00e3o Rep\u00fablica Federativa do Brasil\" width=\"6%\" height=\"6%\"><\/div>    \r\n<h1><font color=\"blue\"><font size=\"5\"><div align=\"center\">MINIST\u00c9RIO DA EDUCA\u00c7\u00c3O<\/b><\/font><\/font><\/div><\/H1>\r\n<p><b><font color=\"0000blue\"><div align=\"center\">UNIVERSIDADE FEDERAL DE SANTA MARIA<\/b><\/font><\/div><\/p>\r\n\r\n<p><div align=\"center\"><b><a href=\"https:\/\/portal.ufsm.br\/documentos\/publico\/documento.html?id=5011889\"><font color=\"blue\">RESOLU\u00c7\u00c3O N. 046\/2011<\/font><\/a><\/b><\/div><\/p>\r\n<br>\r\n<p><div align=\"right\"><font color=\"800000\">Cria, na estrutura organizacional da Pr\u00f3-Reitoria de Assuntos Estudantis - PRAE, o N\u00facleo de Aten\u00e7\u00e3o ao Estudante e d\u00e1 outras provid\u00eancias.<\/font><\/div><\/p>\r\n<br><div align=\"justify\">\r\n<br>\r\n<p>Alterada pelo <a href=\"http:\/\/www.planalto.gov.br\/ccivil_03\/_ato2019-2022\/2019\/decreto\/D9725.htm\"><font color=\"blue\">Decreto N. 9.725, de 12 de mar\u00e7o de 2019.<\/font><\/a><\/p>\r\n<br>\r\n<p>O REITOR DA UNIVERSIDADE FEDERAL DE SANTA MARIA, no uso de suas atribui\u00e7\u00f5es legais e estatut\u00e1rias e considerando:<\/p>\r\n<p>- a necessidade de prestar assist\u00eancia ao estudante em situa\u00e7\u00e3o de vulnerabilidade social, por meio de um enfoque interdisciplinar, visando uma maior compreens\u00e3o das situa\u00e7\u00f5es individuais e coletivas que influenciam no desempenho acad\u00eamico do aluno, na sua perman\u00eancia na Universidade, bem como na sua qualidade de vida; e<\/p>\r\n<p>- o Parecer n. 024\/2011 da CLR, aprovado na 730\u00aa Sess\u00e3o do Conselho Universit\u00e1rio, de 25\/11\/2011, referente ao Processo n. <a href=\"https:\/\/portal.ufsm.br\/documentos\/publico\/processo\/documento.html?idDocumento=4501451\" target=\"_blank\"><font color=\"blue\"><u>23081.001586\/2011-33<\/u><\/font><\/a>.<\/p>\r\n<br>\r\n<p><b><div align=\"center\">RESOLVE:<\/b><\/div><\/p>\r\n<br>\r\n<p>Art. 1\u00ba Criar, na estrutura organizacional da Pr\u00f3-Reitoria de Assuntos Estudantis - PRAE, o N\u00facleo de Aten\u00e7\u00e3o ao Estudante.<\/p>\r\n<p><strike>Art. 2\u00ba Criar, na estrutura do N\u00facleo de Aten\u00e7\u00e3o ao Estudante, o Setor de Benef\u00edcio Socioecon\u00f4mico (SBSE); o Setor de Aten\u00e7\u00e3o Integral ao Estudante (SATIE) e o Setor de Acompanhamento da Moradia Estudantil (SAMES).<\/strike> <a href=\"http:\/\/www.planalto.gov.br\/ccivil_03\/_ato2019-2022\/2019\/decreto\/D9725.htm\"><font color=\"blue\">(Reda\u00e7\u00e3o alterada pelo Decreto N. 9.725, de 12 de mar\u00e7o de 2019).<\/font><\/a><\/p>\r\n\r\n<p>Art. 2\u00ba Criar, na estrutura do N\u00facleo de Aten\u00e7\u00e3o ao Estudante o Setor de Aten\u00e7\u00e3o Integral ao Estudante (SATIE). <a href=\"http:\/\/www.planalto.gov.br\/ccivil_03\/_ato2019-2022\/2019\/decreto\/D9725.htm\"><font color=\"blue\">(Reda\u00e7\u00e3o dada pelo Decreto N. 9.725, de 12 de mar\u00e7o de 2019).<\/font><\/a><\/p>\r\n\r\n\r\n\r\n\r\n\r\n\r\n<p>Art. 3\u00ba Caber\u00e1 \u00e0 Pr\u00f3-Reitoria de Planejamento proceder \u00e0s altera\u00e7\u00f5es no Sistema de Classifica\u00e7\u00e3o Institucional, \u00e0 Pr\u00f3-Reitoria de Recursos Humanos a relota\u00e7\u00e3o dos recursos humanos e ao Departamento de Material e Patrim\u00f4nio a adequa\u00e7\u00e3o do registro dos m\u00f3veis e equipamentos.<\/p>\r\n<p>Art. 4\u00ba Determinar que a aloca\u00e7\u00e3o de fun\u00e7\u00e3o de confian\u00e7a destinada ao Chefe do N\u00facleo de Aten\u00e7\u00e3o ao Estudante fique condicionada \u00e0 sua exist\u00eancia no Quadro de Fun\u00e7\u00f5es da UFSM.<\/p>\r\n<p>Art. 5\u00ba Esta resolu\u00e7\u00e3o entrar\u00e1 em vigor na data de sua assinatura e revoga as disposi\u00e7\u00f5es em contr\u00e1rio.<\/p>\r\n\r\n<p>GABINETE DO REITOR DA UNIVERSIDADE FEDERAL DE SANTA MARIA, aos quinze dias do m\u00eas dezembro do ano dois mil e onze.<\/p>\r\n<\/div>\r\n<p>Felipe Martins M\u00fcller,<\/p>\r\n<p>Reitor.<\/p>\r\n\r\n<p><font color=\"red0000\">Este texto n\u00e3o substitui o documento original, publicado no Portal de Documentos.<\/font> Dispon\u00edvel em: <a href=\"https:\/\/portal.ufsm.br\/documentos\/publico\/documento.html?id=5011889\"><font color=\"blue\">https:\/\/portal.ufsm.br\/documentos\/publico\/documento.html?id=5011889<\/font><\/a>\r\n\r\n\r\n\t\t<\/div>\n\t\t\t\t<\/div>\n\t\t\t\t\t<\/div>\n\t\t<\/div>\n\t\t\t\t\t<\/div>\n\t\t<\/section>\n\t\t\t\t<\/div>\n\t\t","protected":false},"excerpt":{"rendered":"<p>RESOLU\u00c7\u00c3O N. 046\/2011 MINIST\u00c9RIO DA EDUCA\u00c7\u00c3O UNIVERSIDADE FEDERAL DE SANTA MARIA RESOLU\u00c7\u00c3O N. 046\/2011 Cria, na estrutura organizacional da Pr\u00f3-Reitoria de Assuntos Estudantis &#8211; PRAE, o N\u00facleo de Aten\u00e7\u00e3o ao Estudante e d\u00e1 outras provid\u00eancias. Alterada pelo Decreto N. 9.725, de 12 de mar\u00e7o de 2019. O REITOR DA UNIVERSIDADE FEDERAL DE SANTA MARIA, no [&hellip;]<\/p>\n","protected":false},"author":205,"featured_media":0,"parent":0,"menu_order":0,"comment_status":"closed","ping_status":"closed","template":"","meta":{"footnotes":""},"categories":[],"tags":[],"class_list":["post-2904","page","type-page","status-publish","hentry"],"acf":[],"_links":{"self":[{"href":"https:\/\/www.ufsm.br\/pro-reitorias\/proplan\/wp-json\/wp\/v2\/pages\/2904","targetHints":{"allow":["GET"]}}],"collection":[{"href":"https:\/\/www.ufsm.br\/pro-reitorias\/proplan\/wp-json\/wp\/v2\/pages"}],"about":[{"href":"https:\/\/www.ufsm.br\/pro-reitorias\/proplan\/wp-json\/wp\/v2\/types\/page"}],"author":[{"embeddable":true,"href":"https:\/\/www.ufsm.br\/pro-reitorias\/proplan\/wp-json\/wp\/v2\/users\/205"}],"replies":[{"embeddable":true,"href":"https:\/\/www.ufsm.br\/pro-reitorias\/proplan\/wp-json\/wp\/v2\/comments?post=2904"}],"version-history":[{"count":0,"href":"https:\/\/www.ufsm.br\/pro-reitorias\/proplan\/wp-json\/wp\/v2\/pages\/2904\/revisions"}],"wp:attachment":[{"href":"https:\/\/www.ufsm.br\/pro-reitorias\/proplan\/wp-json\/wp\/v2\/media?parent=2904"}],"wp:term":[{"taxonomy":"category","embeddable":true,"href":"https:\/\/www.ufsm.br\/pro-reitorias\/proplan\/wp-json\/wp\/v2\/categories?post=2904"},{"taxonomy":"post_tag","embeddable":true,"href":"https:\/\/www.ufsm.br\/pro-reitorias\/proplan\/wp-json\/wp\/v2\/tags?post=2904"}],"curies":[{"name":"wp","href":"https:\/\/api.w.org\/{rel}","templated":true}]}}