{"id":2909,"date":"2019-12-11T16:14:58","date_gmt":"2019-12-11T19:14:58","guid":{"rendered":"https:\/\/www.ufsm.br\/pro-reitorias\/proplan\/?page_id=2909"},"modified":"2021-03-01T09:44:02","modified_gmt":"2021-03-01T12:44:02","slug":"regimento-interno-do-nucleo-de-tecnologia-educacional-2011","status":"publish","type":"page","link":"https:\/\/www.ufsm.br\/pro-reitorias\/proplan\/regimento-interno-do-nucleo-de-tecnologia-educacional-2011","title":{"rendered":"Regimento Interno do N\u00facleo de Tecnologia Educacional (2011)"},"content":{"rendered":"\t\t<div data-elementor-type=\"wp-page\" data-elementor-id=\"2909\" class=\"elementor elementor-2909\">\n\t\t\t\t\t\t<section class=\"elementor-section elementor-top-section elementor-element elementor-element-a338055 elementor-section-boxed elementor-section-height-default elementor-section-height-default\" data-id=\"a338055\" data-element_type=\"section\">\n\t\t\t\t\t\t<div class=\"elementor-container elementor-column-gap-default\">\n\t\t\t\t\t<div class=\"elementor-column elementor-col-100 elementor-top-column elementor-element elementor-element-d8b5340\" data-id=\"d8b5340\" data-element_type=\"column\">\n\t\t\t<div class=\"elementor-widget-wrap elementor-element-populated\">\n\t\t\t\t\t\t<div class=\"elementor-element elementor-element-c0e5c37 elementor-widget elementor-widget-html\" data-id=\"c0e5c37\" data-element_type=\"widget\" data-widget_type=\"html.default\">\n\t\t\t\t<div class=\"elementor-widget-container\">\n\t\t\t\n\n\n<title><b>REGIMENTO INTERNO DO N\u00daCLEO DE TECNOLOGIA EDUCACIONAL<\/b><\/title>\n\n\n<div align=\"center\"><img decoding=\"async\" src=\"https:\/\/www.ufsm.br\/pro-reitorias\/proplan\/wp-content\/uploads\/sites\/344\/2019\/09\/brasao-da-republica-do-brasil-logo.png\" alt=\"Bras\u00e3o Rep\u00fablica Federativa do Brasil\" width=\"6%\" height=\"6%\"><\/div>    \n<h1><font color=\"blue\"><font size=\"5\"><div align=\"center\">MINIST\u00c9RIO DA EDUCA\u00c7\u00c3O<\/b><\/font><\/font><\/div><\/H1>\n<p><b><font color=\"0000blue\"><div align=\"center\">UNIVERSIDADE FEDERAL DE SANTA MARIA<\/b><\/font><\/div><\/p>\n\n<p><div align=\"center\"><b><a href=\"https:\/\/portal.ufsm.br\/documentos\/publico\/documento.html?id=12456919\"><font color=\"blue\">REGIMENTO INTERNO DO N\u00daCLEO DE TECNOLOGIA EDUCACIONAL<\/font><\/a><\/b><\/div><\/p>\n<br>\n<p><a href=\"https:\/\/www.ufsm.br\/pro-reitorias\/proplan\/resolucao-ufsm-n-041-2021\/\" target=\"_blank\"><font color=\"blue\">Revogada pela Resolu\u00e7\u00e3o UFSM N. 041\/2021<\/a><\/font><\/p>\n<br><div align=\"justify\">\n<strike>\n<p><b><div align=\"center\">CAP\u00cdTULO I<\/b><\/div><\/p>\n<p><b><div align=\"center\">DA CATEGORIA E FINALIDADES<\/b><\/div><\/p>\n<br>\n<p>Art. 1\u00ba O N\u00facleo de Tecnologia Educacional \u2014 NTE, da Universidade Federal de Santa Maria \u2014 UFSM, subordinado ao Gabinete do Reitor, tem por finalidade executar as pol\u00edticas definidas pelas inst\u00e2ncias competentes da UFSM, conforme estatuto e\/ou regimento, nas modalidades educacionais mediadas por tecnologias em cursos de gradua\u00e7\u00e3o, programas de p\u00f3s-gradua\u00e7\u00e3o e extens\u00e3o, atuando como agente de inova\u00e7\u00e3o dos processos de ensino-aprendizagem bem como no fomento \u00e0 incorpora\u00e7\u00e3o das Tecnologias de Informa\u00e7\u00e3o e Comunica\u00e7\u00e3o aos projetos pedag\u00f3gicos da UFSM, e especificamente:<\/p>\n<p>I - democratizar o conhecimento cient\u00edfico para as diferentes camadas sociais;<\/p>\n<p>II - proporcionar a emancipa\u00e7\u00e3o coletiva e oportunizar o acesso ao saber acad\u00eamico, visando \u00e0 redu\u00e7\u00e3o das desigualdades sociais;<\/p>\n<p>III - implementar cursos e projetos de educa\u00e7\u00e3o mediados por tecnologias educacionais, propostos pelas unidades universit\u00e1rias da UFSM;<\/p>\n<p>IV - acompanhar e dar apoio tecnol\u00f3gico aos cursos de gradua\u00e7\u00e3o, p\u00f3s-gradua\u00e7\u00e3o e extens\u00e3o nas modalidades educacionais mediadas por tecnologias educacionais;<\/p>\n<p>V - promover a pesquisa sobre tecnologias educacionais, formas e instrumentos de a\u00e7\u00e3o em rede;<\/p>\n<p>VI - desenvolver, produzir e disseminar ferramentas tecnol\u00f3gicas para a utiliza\u00e7\u00e3o did\u00e1tico-pedag\u00f3gica;<\/p>\n<p>VII - fomentar e difundir as Tecnologias de Informa\u00e7\u00e3o e Comunica\u00e7\u00e3o \u2013 TIC no ensino, estimulando a autoria junto aos professores e estudantes da institui\u00e7\u00e3o e disseminar o conhecimento produzido para as escolas p\u00fablicas de ensino fundamental e m\u00e9dio;<\/p>\n<p>VIII - desenvolver conv\u00eanios e parcerias com empresas e outras institui\u00e7\u00f5es de ensino governamentais e n\u00e3o-governamentais para promover a educa\u00e7\u00e3o mediada por tecnologias educacionais; e,<\/p>\n<p>IX - cooperar com as unidades de ensino, no intuito de manter e desenvolver a excel\u00eancia acad\u00eamica, criando oportunidades para a integra\u00e7\u00e3o e a converg\u00eancia entre as modalidades educacionais presencial, semipresencial e a dist\u00e2ncia.<\/p>\n<br>\n<p><b><div align=\"center\">CAP\u00cdTULO II<\/b><\/div><\/p>\n<p><b><div align=\"center\">DA ORGANIZA\u00c7\u00c3O<\/b><\/div><\/p>\n<br>\n<p>Art. 2\u00ba O NTE\/GR\/UFSM objetivando a excel\u00eancia em qualidade cient\u00edfica, did\u00e1tica, e tecnol\u00f3gica dos cursos mediados por tecnologia educacional investe no trabalho em equipe e na intera\u00e7\u00e3o de profissionais de diversas \u00e1reas, mediante um trabalho adequado que contribua para a excel\u00eancia do ensino-aprendizagem nas modalidades educacionais.<\/p>\n<p>Art. 3\u00ba O NTE est\u00e1 organizado em tr\u00eas grupos de atividades que se constituir\u00e3o em coordena\u00e7\u00f5es, que atuam em equipe para garantir padr\u00e3o de qualidade e adequa\u00e7\u00e3o as diretrizes da Institui\u00e7\u00e3o; sem, contudo, configurarem-se em \u00f3rg\u00e3os da estrutura organizacional:<\/p>\n<p>1 Dire\u00e7\u00e3o do NTE;<\/p>\n<p>1.1 Coordena\u00e7\u00e3o Administrativo-Financeira;<\/p>\n<p>1.2 Coordena\u00e7\u00e3o de p\u00f3los; e<\/p>\n<p>1.3 Coordena\u00e7\u00e3o Multidisciplinar.<\/p>\n\n<p>Art. 4\u00ba O NTE ser\u00e1 dirigido por um diretor, c\u00f3digo CD4, cuja fun\u00e7\u00e3o ser\u00e1 provida na forma da legisla\u00e7\u00e3o pertinente.<\/p>\n<p>Art. 5\u00ba O ocupante da fun\u00e7\u00e3o prevista no artigo anterior ser\u00e1 substitu\u00eddo, em suas faltas ou impedimentos, por servidor previamente designado na forma de legisla\u00e7\u00e3o espec\u00edfica.<\/p>\n<br>\n<p><b><div align=\"center\">CAP\u00cdTULO III<\/b><\/div><\/p>\n<p><b><div align=\"center\">DAS COMPET\u00caNCIAS DO NTE E DAS COORDENA\u00c7\u00d5ES<\/b><\/div><\/p>\n<br>\n<p>Art. 6\u00ba Ao NTE compete:<\/p>\n<p>I - auxiliar na estrutura\u00e7\u00e3o do referencial tecnol\u00f3gico educacional que orienta as a\u00e7\u00f5es do NTE;<\/p>\n<p>II - atuar no suporte tecnol\u00f3gico aos cursos e projetos de educa\u00e7\u00e3o mediada por tecnologias educacionais na Institui\u00e7\u00e3o;<\/p>\n<p>III - auxiliar os coordenadores e gestores dos polos de apoio presencial na implementa\u00e7\u00e3o dos cursos mediados por tecnologias educacionais;<\/p>\n<p>IV - dar suporte aos os coordenadores de curso, na organiza\u00e7\u00e3o do cronograma de sele\u00e7\u00e3o p\u00fablica dos tutores presenciais e a dist\u00e2ncia;<\/p>\n<p>V - auxiliar os coordenadores de curso, na avalia\u00e7\u00e3o de desempenho dos tutores presenciais e a dist\u00e2ncia de seus respectivos cursos;<\/p>\n<p>VI - coordenar a equipe encarregada da capacita\u00e7\u00e3o de professores, tutores, estudantes e funcion\u00e1rios no processo de utiliza\u00e7\u00e3o cr\u00edtica e criativa de recursos tecnologias de informa\u00e7\u00e3o e comunica\u00e7\u00e3o aplicados a educa\u00e7\u00e3o;<\/p>\n<p>VII - orientar e dar suporte sobre os padr\u00f5es de qualidade, os respons\u00e1veis pelas quest\u00f5es t\u00e9cnicas referentes \u00e0 produ\u00e7\u00e3o de material did\u00e1tico que convirja para a otimiza\u00e7\u00e3o da intera\u00e7\u00e3o mediada por tecnologias no contexto educacional;<\/p>\n<p>VIII - analisar os relat\u00f3rios gerados pelas coordena\u00e7\u00f5es de curso;<\/p>\n<p>IX \u2013 acompanhar e auxiliar nos trabalhos desenvolvidos pelos coordenadores de curso, de tutoria e de polos de apoio presencial; e<\/p>\n<p>X \u2014 elaborar os relat\u00f3rios anuais do NTE e supervisionar os relat\u00f3rios a serem enviados para o Fundo Nacional de Desenvolvimento da Educa\u00e7\u00e3o \u2014 FNDE e a Capes\/MEC.<\/p>\n\n<p>Art. 7\u00ba \u00c0 Coordena\u00e7\u00e3o Administrativo-Financeira compete:<\/p>\n<p>I - encaminhar procedimentos necess\u00e1rios a gest\u00e3o administrativa, or\u00e7ament\u00e1ria e financeira de recursos destinados ao NTE na UFSM;<\/p>\n<p>II - acompanhar a execu\u00e7\u00e3o or\u00e7ament\u00e1ria e financeira dos cursos mediados por tecnologias educacionais em desenvolvimento na UFSM;<\/p>\n<p>III - gestionar junto aos \u00f3rg\u00e3os financiadores a libera\u00e7\u00e3o de recursos destinados aos cursos mediados por tecnologias educacionais;<\/p>\n<p>IV - atuar de forma conjunta com as IES parceiras na execu\u00e7\u00e3o de Programas e\/ou cursos de gradua\u00e7\u00e3o, p\u00f3s-gradua\u00e7\u00e3o e extens\u00e3o mediados por tecnologias educacionais;<\/p>\n<p>V - acompanhar e fiscalizar a execu\u00e7\u00e3o de conv\u00eanios dos cursos mediados por tecnologias educacionais, na UFSM;<\/p>\n<p>VI - elaborar relat\u00f3rios gerenciais da execu\u00e7\u00e3o or\u00e7ament\u00e1ria e financeira dos recursos destinados ao NTE; e<\/p>\n<p>VII - atuar de forma conjunta com as coordena\u00e7\u00f5es de p\u00f3los e multidisciplinar do NTE para desenvolvimento de novos projetos de cursos, mediados.<\/p>\n\n<p>Art. 8\u00ba \u00c0 Coordena\u00e7\u00e3o de polos compete:<\/p>\n<p>I - supervisionar os polos de apoio presencial, localizados nos munic\u00edpios conveniados com a UFSM, em suas estruturas de apoio, tais como: laborat\u00f3rio de inform\u00e1tica, sala de multim\u00eddia, sala de aula, biblioteca, secretaria acad\u00eamica e laborat\u00f3rios espec\u00edficos das \u00e1reas;<\/p>\n<p>II - manter contatos com as coordena\u00e7\u00f5es de polos de apoio presencial articulando os planos de gest\u00e3o com os projetos pedag\u00f3gicos dos cursos oferecidos pelas unidades universit\u00e1rias da UFSM; e<\/p>\n<p>III - apoiar as coordena\u00e7\u00f5es de curso.<\/p>\n\n<p>Art. 9\u00ba \u00c0 Coordena\u00e7\u00e3o Multidisciplinar compete:<\/p>\n<p>I - dar assist\u00eancia aos coordenadores de curso, aos coordenadores de tutoria e coordenadores de polo;<\/p>\n<p>II - dar suporte e acompanhar a produ\u00e7\u00e3o de materiais did\u00e1ticos por meio virtual de ensino-aprendizagem;<\/p>\n<p>III - realizar reuni\u00f5es com as coordena\u00e7\u00f5es de curso, coordena\u00e7\u00f5es de tutoria e coordena\u00e7\u00e3o de polo de apoio presencial;<\/p>\n<p>IV - pesquisar, planejar e auxiliar no desenvolvimento e implanta\u00e7\u00e3o de projetos de tecnologia digital, de suporte e manuten\u00e7\u00e3o dos recursos tecnol\u00f3gicos necess\u00e1rios a implementa\u00e7\u00e3o dos cursos propostos pelas unidades universit\u00e1rias e os projetos mediados por tecnologias educacionais;<\/p>\n<p>V - apoiar o desenvolvimento de tecnologias de informa\u00e7\u00e3o e comunica\u00e7\u00e3o e sua utiliza\u00e7\u00e3o no processo educacional;<\/p>\n<p>VI - dar suporte aos professores na elabora\u00e7\u00e3o e integra\u00e7\u00e3o das diferentes m\u00eddias tecnol\u00f3gicas que far\u00e3o parte do material did\u00e1tico desenvolvido para os cursos nas modalidades \u00e0 dist\u00e2ncia, presencial e semipresencial das unidades universit\u00e1rias da UFSM;<\/p>\n<p>VII - manter o car\u00e1ter multidisciplinar da atividade de produ\u00e7\u00e3o de material did\u00e1tico formado pelas equipes de:<\/p>\n<p>a) Tecnologias Educacionais;<\/p>\n<p>b) Atividades de Estudos; e<\/p>\n<p>c) Recursos Educacionais;<\/p>\n<p>VIII - promover estudos e desenvolvimento de sistemas informatizados envolvendo diferentes tecnologias educacionais visando \u00e0 integra\u00e7\u00e3o e converg\u00eancia entre as modalidades educacionais;<\/p>\n<p>IX - fomentar e avaliar a utiliza\u00e7\u00e3o da tecnologia de redes na educa\u00e7\u00e3o;<\/p>\n<p>X - dar suporte na elabora\u00e7\u00e3o, desenvolvimento e planejamento dos materiais did\u00e1ticos;<\/p>\n<p>XI - organizar em conjunto com as coordena\u00e7\u00f5es de curso os cronogramas relativos aos cursos mediados por tecnologias educacionais;<\/p>\n<p>XII - capacitar nas tecnologias educacionais os professores e tutores que atuar\u00e3o nos cursos e programas de educa\u00e7\u00e3o mediada por tecnologias educacionais;<\/p>\n<p>XII - orientar os professores na produ\u00e7\u00e3o de materiais did\u00e1ticos dentro das especificidades legais;<\/p>\n<p>XIV - analisar e customizar o ambiente virtual de ensino-aprendizagem dentro dos princ\u00edpios da interoperabilidade entre a UFSM, o Sistema Acad\u00eamico da UFSM (SIE) e o MEC, interface ao usu\u00e1rio e implementa\u00e7\u00e3o de conte\u00fados digitais e virtuais;<\/p>\n<p>XV - estimular o desenvolvimento de projetos de inicia\u00e7\u00e3o cient\u00edfica, tecnol\u00f3gica e a doc\u00eancia mediados por tecnologia educacional, favorecendo aos estudantes na participa\u00e7\u00e3o em projetos e eventos internos e\/ou externos a unidade, bem como a manuten\u00e7\u00e3o e aperfei\u00e7oamento destes;<\/p>\n<p>XVI - incrementar e fortalecer n\u00facleos e grupos de pesquisa em tecnologia educacional, garantindo a estes, apoio para seu funcionamento e desenvolvimento; e<\/p>\n<p>XVII - divulgaras informa\u00e7\u00f5es recebidas sobre formas de capta\u00e7\u00e3o de recursos na UFSM e fora dela (ag\u00eancias financiadoras, ind\u00fastrias, empresas, entre outros), bem como de \u00f3rg\u00e3os internacionais de apoio a pesquisa em tecnologias educacionais.<\/p>\n<br>\n<p><b><div align=\"center\">CAPITULO IV<\/b><\/div><\/p>\n<p><b><div align=\"center\">DAS ATRIBUI\u00c7\u00d5ES DO DIRETOR DO NTE<\/b><\/div><\/p>\n<br>\n<p>Art. 10. Ao Diretor incumbe:<\/p>\n<p>I - dirigir, coordenar e supervisionar a execu\u00e7\u00e3o das atividades do NTE;<\/p>\n<p>II - propor estudos e promover medidas que visem \u00e0 racionaliza\u00e7\u00e3o e a simplifica\u00e7\u00e3o dos m\u00e9todos de trabalho;<\/p>\n<p>III - detectar necessidades de-capacita\u00e7\u00e3o e promover o aperfei\u00e7oamento dos recursos humanos do NTE;<\/p>\n<p>IV - representar o NTE e promover o seu relacionamento com \u00f3rg\u00e3os cong\u00eaneres;<\/p>\n<p>V - aprovar a escala de f\u00e9rias dos servidores com lota\u00e7\u00e3o de origem no do NTE e as respectivas altera\u00e7\u00f5es;<\/p>\n<p>VI - responsabilizar-se pela guarda e conserva\u00e7\u00e3o dos bens m\u00f3veis e im\u00f3veis do NTE;<\/p>\n<p>VII - cumprir e fazer cumprir as normas regimentais estabelecidas, bem como toda legisla\u00e7\u00e3o e normas internas afetas a sua \u00e1rea de atua\u00e7\u00e3o;<\/p>\n<p>VIII - promover reuni\u00f5es peri\u00f3dicas para debater problemas e assuntos de interesse de todo o NTE;<\/p>\n<p>IX - suprir o NTE de todas as informa\u00e7\u00f5es necess\u00e1rias a efic\u00e1cia na consecu\u00e7\u00e3o das suas atividades e ao bom desenvolvimento do processo de tomada de decis\u00e3o;<\/p>\n<p>X - emitir pareceres em assuntos de sua compet\u00eancia; e<\/p>\n<p>XI - desempenhar os demais atos inerentes a coordena\u00e7\u00e3o do NTE.<\/p>\n<br>\n<p><b><div align=\"center\">CAP\u00cdTULO V<\/b><\/div><\/p>\n<p><b><div align=\"center\">DAS DISPOSI\u00c7\u00d5ES GERAIS<\/b><\/div><\/p>\n<br>\n<p>Art. 11. Os casos omissos e as d\u00favidas surgidas na aplica\u00e7\u00e3o do presente regimento ser\u00e3o encaminhados ao Conselho Universit\u00e1rio.<\/p>\n<\/strike>\n<\/div>\n<p><font color=\"red0000\">Este texto n\u00e3o substitui o documento original, publicado no Portal de Documentos.<\/font> Dispon\u00edvel em: <a href=\"https:\/\/portal.ufsm.br\/documentos\/publico\/documento.html?id=12456919\"><font color=\"blue\">https:\/\/portal.ufsm.br\/documentos\/publico\/documento.html?id=12456919<\/font><\/a>\n\n\t\t<\/div>\n\t\t\t\t<\/div>\n\t\t\t\t\t<\/div>\n\t\t<\/div>\n\t\t\t\t\t<\/div>\n\t\t<\/section>\n\t\t\t\t<\/div>\n\t\t","protected":false},"excerpt":{"rendered":"<p>REGIMENTO INTERNO DO N\u00daCLEO DE TECNOLOGIA EDUCACIONAL MINIST\u00c9RIO DA EDUCA\u00c7\u00c3O UNIVERSIDADE FEDERAL DE SANTA MARIA REGIMENTO INTERNO DO N\u00daCLEO DE TECNOLOGIA EDUCACIONAL Revogada pela Resolu\u00e7\u00e3o UFSM N. 041\/2021 CAP\u00cdTULO I DA CATEGORIA E FINALIDADES Art. 1\u00ba O N\u00facleo de Tecnologia Educacional \u2014 NTE, da Universidade Federal de Santa Maria \u2014 UFSM, subordinado ao Gabinete do [&hellip;]<\/p>\n","protected":false},"author":205,"featured_media":0,"parent":0,"menu_order":0,"comment_status":"closed","ping_status":"closed","template":"","meta":{"footnotes":""},"categories":[],"tags":[],"class_list":["post-2909","page","type-page","status-publish","hentry"],"acf":[],"_links":{"self":[{"href":"https:\/\/www.ufsm.br\/pro-reitorias\/proplan\/wp-json\/wp\/v2\/pages\/2909","targetHints":{"allow":["GET"]}}],"collection":[{"href":"https:\/\/www.ufsm.br\/pro-reitorias\/proplan\/wp-json\/wp\/v2\/pages"}],"about":[{"href":"https:\/\/www.ufsm.br\/pro-reitorias\/proplan\/wp-json\/wp\/v2\/types\/page"}],"author":[{"embeddable":true,"href":"https:\/\/www.ufsm.br\/pro-reitorias\/proplan\/wp-json\/wp\/v2\/users\/205"}],"replies":[{"embeddable":true,"href":"https:\/\/www.ufsm.br\/pro-reitorias\/proplan\/wp-json\/wp\/v2\/comments?post=2909"}],"version-history":[{"count":0,"href":"https:\/\/www.ufsm.br\/pro-reitorias\/proplan\/wp-json\/wp\/v2\/pages\/2909\/revisions"}],"wp:attachment":[{"href":"https:\/\/www.ufsm.br\/pro-reitorias\/proplan\/wp-json\/wp\/v2\/media?parent=2909"}],"wp:term":[{"taxonomy":"category","embeddable":true,"href":"https:\/\/www.ufsm.br\/pro-reitorias\/proplan\/wp-json\/wp\/v2\/categories?post=2909"},{"taxonomy":"post_tag","embeddable":true,"href":"https:\/\/www.ufsm.br\/pro-reitorias\/proplan\/wp-json\/wp\/v2\/tags?post=2909"}],"curies":[{"name":"wp","href":"https:\/\/api.w.org\/{rel}","templated":true}]}}