{"id":2910,"date":"2019-12-11T16:27:14","date_gmt":"2019-12-11T19:27:14","guid":{"rendered":"https:\/\/www.ufsm.br\/pro-reitorias\/proplan\/?page_id=2910"},"modified":"2024-01-09T10:14:25","modified_gmt":"2024-01-09T13:14:25","slug":"regimento-interno-do-nemec-2011","status":"publish","type":"page","link":"https:\/\/www.ufsm.br\/pro-reitorias\/proplan\/regimento-interno-do-nemec-2011","title":{"rendered":"REGIMENTO INTERNO DO NEMEC (2011)"},"content":{"rendered":"\t\t<div data-elementor-type=\"wp-page\" data-elementor-id=\"2910\" class=\"elementor elementor-2910\">\n\t\t\t\t\t\t<section class=\"elementor-section elementor-top-section elementor-element elementor-element-d3da7f1 elementor-section-boxed elementor-section-height-default elementor-section-height-default\" data-id=\"d3da7f1\" data-element_type=\"section\">\n\t\t\t\t\t\t<div class=\"elementor-container elementor-column-gap-default\">\n\t\t\t\t\t<div class=\"elementor-column elementor-col-100 elementor-top-column elementor-element elementor-element-b11e150\" data-id=\"b11e150\" data-element_type=\"column\">\n\t\t\t<div class=\"elementor-widget-wrap elementor-element-populated\">\n\t\t\t\t\t\t<div class=\"elementor-element elementor-element-baa70db elementor-widget elementor-widget-html\" data-id=\"baa70db\" data-element_type=\"widget\" data-widget_type=\"html.default\">\n\t\t\t\t<div class=\"elementor-widget-container\">\n\t\t\t\r\n\r\n\r\n<title><b>REGIMENTO INTERNO DO N\u00daCLEO DE ESTUDO DE EVENTOS METEOROL\u00d3GICOS EXTREMOS E MUDAN\u00c7AS CLIM\u00c1TICAS \u2014 NEMEC<\/b><\/title>\r\n\r\n\r\n<div align=\"center\"><img decoding=\"async\" src=\"https:\/\/www.ufsm.br\/pro-reitorias\/proplan\/wp-content\/uploads\/sites\/344\/2019\/09\/brasao-da-republica-do-brasil-logo.png\" alt=\"Bras\u00e3o Rep\u00fablica Federativa do Brasil\" width=\"6%\" height=\"6%\"><\/div>    \r\n<h1><font color=\"blue\"><font size=\"5\"><div align=\"center\">MINIST\u00c9RIO DA EDUCA\u00c7\u00c3O<\/b><\/font><\/font><\/div><\/H1>\r\n<p><b><font color=\"0000blue\"><div align=\"center\">UNIVERSIDADE FEDERAL DE SANTA MARIA<\/b><\/font><\/div><\/p>\r\n\r\n<p><div align=\"center\"><b><a href=\"https:\/\/portal.ufsm.br\/documentos\/publico\/documento.html?id=12846122\"><font color=\"blue\">REGIMENTO INTERNO DO N\u00daCLEO DE ESTUDO DE EVENTOS METEOROL\u00d3GICOS EXTREMOS E MUDAN\u00c7AS CLIM\u00c1TICAS \u2014 NEMEC<\/font><\/a><\/b><\/div><\/p>\r\n<br>\r\n<p><font color=\"black\">(Revogado pela <a href=\"https:\/\/www.ufsm.br\/pro-reitorias\/proplan?page_id=5044\" target=\"_blank\"><\/a> <font color=\"blue\"><u>Resolu\u00e7\u00e3o UFSM N. 100\/2022<\/u><\/font><\/a>)<\/p>\r\n<br><div align=\"justify\">\r\n<s>\r\n<p><b><div align=\"center\">CAP\u00cdTULO I<\/b><\/div><\/p>\r\n<p><b><div align=\"center\">DA CATEGORIA E FINALIDADE<\/b><\/div><\/p>\r\n<br>\r\n<p>Art. 1\u00ba O N\u00facleo de Estudo de Eventos Meteorol\u00f3gicos Extremos e Mudan\u00e7as Clim\u00e1ticas - NEMEC, criado pela <a href=\"https:\/\/www.ufsm.br\/pro-reitorias\/proplan\/resolucao-n-030-2011\/\" target=\"_blank\"><font color=\"blue\"><u>Resolu\u00e7\u00e3o n. 030\/2011, de 15\/09\/2011<\/u><\/font><\/a>, \u00e9 um \u00d3rg\u00e3o Suplementar Central de Pesquisa e Extens\u00e3o, diretamente subordinado ao Gabinete do Reitor, que tem por finalidade desenvolver projetos relacionados ao estudo de eventos extremos e desastres naturais associados a fen\u00f4menos meteorol\u00f3gicos e clim\u00e1ticos na Regi\u00e3o Sul do Brasil e especificamente:<\/p>\r\n<p>I - propor conv\u00eanios com institui\u00e7\u00f5es e reunir pesquisadores que desenvolvam pesquisas relacionadas com Eventos Meteorol\u00f3gicos Extremos e Mudan\u00e7as Clim\u00e1ticas;<\/p>\r\n<p>II - criar e manter um cadastro atualizado e permanente dos projetos de pesquisa e extens\u00e3o alocados no NEMEC;<\/p>\r\n<p>III - prestar contas e divulgar os resultados cient\u00edficos dos grupos de pesquisa do NEMEC;<\/p>\r\n<p>IV - executar outras atividades pertinentes ao \u00f3rg\u00e3o;<\/p>\r\n<p>V - manter um banco de dados originado a partir de modelos geof\u00edsicos, meteorol\u00f3gicos, dados de geodesastres e dados ambientais; e<\/p>\r\n<p>VII - atuar como captador de recursos para projetos institucionais junto \u00e0s ag\u00eancias de fomento nacionais e internacionais.<\/p>\r\n<br>\r\n<p><b><div align=\"center\">CAP\u00cdTULO II<\/b><\/div><\/p>\r\n<p><b><div align=\"center\">DA ORGANIZA\u00c7\u00c3O<\/b><\/div><\/p>\r\n<br>\r\n<p>Art. 2\u00ba O NEMEC tem a seguinte estrutura:<\/p>\r\n<p>1 Conselho de Pesquisa;<\/p>\r\n<p>2 Dire\u00e7\u00e3o; e<\/p>\r\n<p>2.1 Secretaria de Apoio Administrativo.<\/p>\r\n\r\n<p>Art. 3\u00ba O N\u00facleo de Estudo de Eventos Meteorol\u00f3gicos Extremos e Mudan\u00e7as Clim\u00e1ticas ser\u00e1 dirigido por um chefe e a Secretaria de Apoio Administrativo por um secret\u00e1rio, cujas fun\u00e7\u00f5es ser\u00e3o providas na forma da legisla\u00e7\u00e3o pertinente, sendo que o Conselho de Pesquisa ser\u00e1 composto pelos l\u00edderes dos grupos de pesquisa participantes do NEMEC.<\/p>\r\n<p>Par\u00e1grafo \u00fanico. A chefia do NEMEC ser\u00e1 exercida por um docente da UFSM com doutorado na \u00e1rea de meteorologia ou afins, indicado pelo Conselho de Pesquisa.<\/p>\r\n\r\n<p>Art. 4\u00ba Os ocupantes das fun\u00e7\u00f5es previstas no artigo anterior ser\u00e3o substitu\u00eddos, em suas faltas ou impedimentos, por servidores por eles indicados e previamente designados na forma da legisla\u00e7\u00e3o espec\u00edfica.<\/p>\r\n<br>\r\n<p><b><div align=\"center\">Se\u00e7\u00e3o I<\/b><\/div><\/p>\r\n<p><b><div align=\"center\">Do Conselho de Pesquisa<\/b><\/div><\/p>\r\n<br>\r\n<p>Art. 5\u00ba O Conselho de Pesquisa ser\u00e1 composto por oito membros, indicados pelo Reitor, por um per\u00edodo de dois anos, permitidas duas recondu\u00e7\u00f5es.<\/p>\r\n<p>Art. 6\u00ba A escolha dos conselheiros atender\u00e1 \u00e0 representa\u00e7\u00e3o das grandes \u00e1reas de conhecimento da Institui\u00e7\u00e3o.<\/p>\r\n<p>Art. 7\u00ba O Conselho de Pesquisa ter\u00e1 um presidente, escolhido entre seus pares.<\/p>\r\n<p>Art. 8\u00ba O Conselho de Pesquisa reunir-se-\u00e1 ordinariamente uma vez por m\u00eas de acordo com calend\u00e1rio pr\u00e9-aprovado e, extraordinariamente, quando convocado pelo seu Presidente ou por dois ter\u00e7os de seus membros.<\/p>\r\n\r\n<p>Art. 9\u00ba Ao Conselho de Pesquisa compete:<\/p>\r\n<p>I - elaborar o seu Regimento Interno;<\/p>\r\n<p>II - elaborar o Plano Plurianual de Metas Cient\u00edficas que ser\u00e3o priorizadas pelos pesquisadores do NEMEC;<\/p>\r\n<p>III - selecionar propostas de pesquisas e investiga\u00e7\u00e3o a serem desenvolvidas no NEMEC; e<\/p>\r\n<p>IV - priorizar temas que ser\u00e3o desenvolvidos interdisciplinarmente pelos grupos de pesquisa do NEMEC.<\/p>\r\n<br>\r\n<p><b><div align=\"center\">CAP\u00cdTULO III<\/b><\/div><\/p>\r\n<p><b><div align=\"center\">DAS COMPET\u00caNCIAS DA SECRETARIA DE APOIO ADMINISTRATIVO<\/b><\/div><\/p>\r\n<br>\r\n<p>Art. 10. \u00c0 Secretaria de Apoio Administrativo do NEMEC compete:<\/p>\r\n<p>I - controlar e executar as atividades de apoio administrativo necess\u00e1rios ao funcionamento do NEMEC;<\/p>\r\n<p>II - prever e controlar a utiliza\u00e7\u00e3o dos materiais necess\u00e1rios ao funcionamento do NEMEC;<\/p>\r\n<p>III - controlar o recebimento, tramita\u00e7\u00e3o e expedi\u00e7\u00e3o de processos e correspond\u00eancias;<\/p>\r\n<p>IV - executar as atividades de registro e arquivo do NEMEC;<\/p>\r\n<p>V - requisitar material permanente e de consumo;<\/p>\r\n<p>VI - executar outras atividades pertinentes ao \u00f3rg\u00e3o.<\/p>\r\n<br>\r\n<p><b><div align=\"center\">CAP\u00cdTULO IV<\/b><\/div><\/p>\r\n<p><b><div align=\"center\">DAS ATRIBUI\u00c7\u00d5ES DOS DIRIGENTES<\/b><\/div><\/p>\r\n<br>\r\n<p>Art. 11. Ao Chefe do NEMEC incumbe:<\/p>\r\n<p>I - dirigir, orientar, supervisionar e coordenar a execu\u00e7\u00e3o das atividades do NEMEC;<\/p>\r\n<p>II - assessorar o reitor em assuntos de compet\u00eancia do NEMEC;<\/p>\r\n<p>III - atuar como captador de recursos e gerenciar atividades coordenadas dos grupos de pesquisa do NEMEC;<\/p>\r\n<p>IV - receber, orientar a elabora\u00e7\u00e3o, encaminhamento e avalia\u00e7\u00e3o dos projetos junto ao NEMEC;<\/p>\r\n<p>V - elaborar estudos visando o aperfei\u00e7oamento, a dinamiza\u00e7\u00e3o e amplia\u00e7\u00e3o dos processos de planejamento e execu\u00e7\u00e3o dos projetos e conv\u00eanios;<\/p>\r\n<p>VI - gerenciar a distribui\u00e7\u00e3o dos recursos financeiros da Institui\u00e7\u00e3o destinados aos projetos;<\/p>\r\n<p>VII - manter contatos com entidades conveniadas objetivando a uniformidade dos procedimentos;<\/p>\r\n<p>VII - divulgar editais de fontes financiadoras para elabora\u00e7\u00e3o e encaminhamento de projetos;<\/p>\r\n<p>IX - prever e controlar a utiliza\u00e7\u00e3o dos materiais necess\u00e1rios ao funcionamento do NEMEC; e<\/p>\r\n<p>XI - exercer as demais atribui\u00e7\u00f5es inerentes \u00e0 fun\u00e7\u00e3o.<\/p>\r\n\r\n<p>Art. 12. Ao Secret\u00e1rio do NEMEC incumbe:<\/p>\r\n<p>I - dirigir, coordenar e executar as atividades de compet\u00eancia da secretaria;<\/p>\r\n<p>II - propor medidas que visem \u00e0 racionaliza\u00e7\u00e3o dos trabalhos afetos ao NEMEC;<\/p>\r\n<p>III - prestar assist\u00eancia ao Chefe do NEMEC em mat\u00e9ria de compet\u00eancia da secretaria;<\/p>\r\n<p>IV - proceder o tr\u00e2mite e lan\u00e7amento dos projetos via terminal no banco de dados;<\/p>\r\n<p>V - zelar pela conserva\u00e7\u00e3o e responsabilizar-se pela guarda dos materiais e equipamentos do NEMEC;<\/p>\r\n<p>VI - providenciar, quando necess\u00e1rio, o suprimento de materiais e equipamentos necess\u00e1rios \u00e0s atividades do NEMEC;<\/p>\r\n<p>VII - providenciar, quando necess\u00e1rio, a manuten\u00e7\u00e3o e os consertos de m\u00e1quinas, equipamentos e instala\u00e7\u00f5es do NEMEC;<\/p>\r\n<p>VIII - auxiliar na confec\u00e7\u00e3o de relat\u00f3rios de atividades no NEMEC;<\/p>\r\n<p>IX - auxiliar na organiza\u00e7\u00e3o de eventos cient\u00edficos compra de passagens e agendamento de hospedagem para os pesquisadores; e<\/p>\r\n<p>X - exercer as demais atribui\u00e7\u00f5es inerentes \u00e0 fun\u00e7\u00e3o.<\/p>\r\n<br>\r\n<p><b><div align=\"center\">CAP\u00cdTULO V<\/b><\/div><\/p>\r\n<p><b><div align=\"center\">DAS DISPOSI\u00c7\u00d5ES GERAIS<\/b><\/div><\/p>\r\n<br>\r\n<p>Art. 13. Os casos omissos e as d\u00favidas surgidas na aplica\u00e7\u00e3o das normas de funcionamento do NEMEC ser\u00e3o solucionados pelo Chefe do NEMEC, cabendo recurso ao reitor.<\/p>\r\n<\/s>\r\n<br>\r\n\r\n<\/div>\r\n<p><font color=\"red0000\">Este texto n\u00e3o substitui o documento original, publicado no Portal de Documentos.<\/font> Dispon\u00edvel em: <a href=\"https:\/\/portal.ufsm.br\/documentos\/publico\/documento.html?id=12846122\"><font color=\"blue\">https:\/\/portal.ufsm.br\/documentos\/publico\/documento.html?id=12846122<\/font><\/a>\r\n\r\n\t\t<\/div>\n\t\t\t\t<\/div>\n\t\t\t\t\t<\/div>\n\t\t<\/div>\n\t\t\t\t\t<\/div>\n\t\t<\/section>\n\t\t\t\t<\/div>\n\t\t","protected":false},"excerpt":{"rendered":"<p>REGIMENTO INTERNO DO N\u00daCLEO DE ESTUDO DE EVENTOS METEOROL\u00d3GICOS EXTREMOS E MUDAN\u00c7AS CLIM\u00c1TICAS \u2014 NEMEC MINIST\u00c9RIO DA EDUCA\u00c7\u00c3O UNIVERSIDADE FEDERAL DE SANTA MARIA REGIMENTO INTERNO DO N\u00daCLEO DE ESTUDO DE EVENTOS METEOROL\u00d3GICOS EXTREMOS E MUDAN\u00c7AS CLIM\u00c1TICAS \u2014 NEMEC (Revogado pela Resolu\u00e7\u00e3o UFSM N. 100\/2022) CAP\u00cdTULO I DA CATEGORIA E FINALIDADE Art. 1\u00ba O N\u00facleo de [&hellip;]<\/p>\n","protected":false},"author":205,"featured_media":0,"parent":0,"menu_order":0,"comment_status":"closed","ping_status":"closed","template":"","meta":{"footnotes":""},"categories":[],"tags":[],"class_list":["post-2910","page","type-page","status-publish","hentry"],"acf":[],"_links":{"self":[{"href":"https:\/\/www.ufsm.br\/pro-reitorias\/proplan\/wp-json\/wp\/v2\/pages\/2910","targetHints":{"allow":["GET"]}}],"collection":[{"href":"https:\/\/www.ufsm.br\/pro-reitorias\/proplan\/wp-json\/wp\/v2\/pages"}],"about":[{"href":"https:\/\/www.ufsm.br\/pro-reitorias\/proplan\/wp-json\/wp\/v2\/types\/page"}],"author":[{"embeddable":true,"href":"https:\/\/www.ufsm.br\/pro-reitorias\/proplan\/wp-json\/wp\/v2\/users\/205"}],"replies":[{"embeddable":true,"href":"https:\/\/www.ufsm.br\/pro-reitorias\/proplan\/wp-json\/wp\/v2\/comments?post=2910"}],"version-history":[{"count":0,"href":"https:\/\/www.ufsm.br\/pro-reitorias\/proplan\/wp-json\/wp\/v2\/pages\/2910\/revisions"}],"wp:attachment":[{"href":"https:\/\/www.ufsm.br\/pro-reitorias\/proplan\/wp-json\/wp\/v2\/media?parent=2910"}],"wp:term":[{"taxonomy":"category","embeddable":true,"href":"https:\/\/www.ufsm.br\/pro-reitorias\/proplan\/wp-json\/wp\/v2\/categories?post=2910"},{"taxonomy":"post_tag","embeddable":true,"href":"https:\/\/www.ufsm.br\/pro-reitorias\/proplan\/wp-json\/wp\/v2\/tags?post=2910"}],"curies":[{"name":"wp","href":"https:\/\/api.w.org\/{rel}","templated":true}]}}