{"id":2916,"date":"2019-12-12T15:53:23","date_gmt":"2019-12-12T18:53:23","guid":{"rendered":"https:\/\/www.ufsm.br\/pro-reitorias\/proplan\/?page_id=2916"},"modified":"2020-05-21T17:22:09","modified_gmt":"2020-05-21T20:22:09","slug":"resolucao-n-005-2010","status":"publish","type":"page","link":"https:\/\/www.ufsm.br\/pro-reitorias\/proplan\/resolucao-n-005-2010","title":{"rendered":"Resolu\u00e7\u00e3o N. 005\/2010"},"content":{"rendered":"\t\t<div data-elementor-type=\"wp-page\" data-elementor-id=\"2916\" class=\"elementor elementor-2916\">\n\t\t\t\t\t\t<section class=\"elementor-section elementor-top-section elementor-element elementor-element-8970579 elementor-section-boxed elementor-section-height-default elementor-section-height-default\" data-id=\"8970579\" data-element_type=\"section\">\n\t\t\t\t\t\t<div class=\"elementor-container elementor-column-gap-default\">\n\t\t\t\t\t<div class=\"elementor-column elementor-col-100 elementor-top-column elementor-element elementor-element-880cc82\" data-id=\"880cc82\" data-element_type=\"column\">\n\t\t\t<div class=\"elementor-widget-wrap elementor-element-populated\">\n\t\t\t\t\t\t<div class=\"elementor-element elementor-element-6b57fcd elementor-widget elementor-widget-html\" data-id=\"6b57fcd\" data-element_type=\"widget\" data-widget_type=\"html.default\">\n\t\t\t\t<div class=\"elementor-widget-container\">\n\t\t\t\r\n\r\n\r\n<title><b>RESOLU\u00c7\u00c3O N. 005\/2010<\/b><\/title>\r\n\r\n\r\n<div align=\"center\"><img decoding=\"async\" src=\"https:\/\/www.ufsm.br\/pro-reitorias\/proplan\/wp-content\/uploads\/sites\/344\/2019\/09\/brasao-da-republica-do-brasil-logo.png\" alt=\"Bras\u00e3o Rep\u00fablica Federativa do Brasil\" width=\"6%\" height=\"6%\"><\/div>    \r\n<h1><font color=\"blue\"><font size=\"5\"><div align=\"center\">MINIST\u00c9RIO DA EDUCA\u00c7\u00c3O<\/b><\/font><\/font><\/div><\/H1>\r\n<p><b><font color=\"0000blue\"><div align=\"center\">UNIVERSIDADE FEDERAL DE SANTA MARIA<\/b><\/font><\/div><\/p>\r\n\r\n<p><div align=\"center\"><b><a href=\"https:\/\/portal.ufsm.br\/documentos\/publico\/documento.html?id=4328330\"><font color=\"blue\">RESOLU\u00c7\u00c3O N. 005\/2010<\/font><\/a><\/b><\/div><\/p>\r\n<br>\r\n<p><div align=\"right\"><font color=\"800000\"><strike>D\u00e1 nova reda\u00e7\u00e3o ao Artigo 28 e seu Par\u00e1grafo \u00fanico e inclui o Par\u00e1grafo \u00fanico no Artigo 34 da Resolu\u00e7\u00e3o N.020\/2009, que regulamenta o Concurso P\u00fablico para ingresso no Quadro do Magist\u00e9rio Superior da Universidade Federal de Santa Maria.<\/strike><\/font><\/div><\/p>\r\n<br><div align=\"justify\">\r\n<p><a href=\"https:\/\/www.ufsm.br\/pro-reitorias\/proplan\/resolucoes-concursos-publicos\/\"><font color=\"blue\">Revogado pela Resolu\u00e7\u00e3o N. 030\/2013<\/font><\/a><\/p>\r\n<br>\r\n<strike>\r\n<p>O REITOR DA UNIVERSIDADE FEDERAL DE SANTA MARIA, no uso de suas atribui\u00e7\u00f5es legais e estatut\u00e1rias e considerando:<\/p>\r\n<p>- o <a href=\"http:\/\/www.planalto.gov.br\/ccivil_03\/_Ato2007-2010\/2009\/Decreto\/D6944.htm\" target=\"_blank\"><font color=\"blue\"><u>Decreto N. 6.944, de 21 de agosto de 2009<\/u><\/font><\/a>;<\/p>\r\n<p>- o Parecer aprovado na 747\u00aa Sess\u00e3o do Conselho de Ensino, Pesquisa e Extens\u00e3o de 04\/09\/09, referente ao processo n. <a href=\"https:\/\/portal.ufsm.br\/documentos\/publico\/processo\/documento.html?idDocumento=3244521\" target=\"_blank\"><font color=\"blue\"><u>23081.005119\/2008-87<\/u><\/font><\/a>.<\/p>\r\n<br>\r\n<p><b><div align=\"center\">RESOLVE:<\/b><\/div><\/p>\r\n<br>\r\n<p>Art. 1\u00ba Dar nova reda\u00e7\u00e3o ao Artigo 28 e seu Par\u00e1grafo \u00fanico e incluir o Par\u00e1grafo \u00fanico no Artigo 34 da <a href=\"https:\/\/www.ufsm.br\/pro-reitorias\/proplan\/resolucao-n-020-2009\/\" target=\"_blank\"><font color=\"blue\"><u>Resolu\u00e7\u00e3o N.020\/2009<\/u><\/font><\/a>.<\/p>\r\n<p>Art. 2\u00ba O Artigo 28 e seu Par\u00e1grafo \u00fanico da <a href=\"https:\/\/www.ufsm.br\/pro-reitorias\/proplan\/resolucao-n-020-2009\/\" target=\"_blank\"><font color=\"blue\"><u>Resolu\u00e7\u00e3o N. 020\/2009<\/u><\/font><\/a>, passam a ter seguinte reda\u00e7\u00e3o:<b>\u201cA prova de t\u00edtulos ser\u00e1 constitu\u00edda do exame do curr\u00edculo laftes, no qual a Comiss\u00e3o Examinadora apreciar\u00e1 e pontuar\u00e1, para cada um dos candidatos, os documentos comprobat\u00f3rios apresentados de acordo com o art. 18, sendo que os t\u00edtulos referentes \u00e0 produ\u00e7\u00e3o cient\u00edfica, tecnol\u00f3gica, art\u00edstica e cultural (Grupo Il) e as atividades de pesquisa, ensino e extens\u00e3o e profissionais (Grupo Ill) ser\u00e3o pontuados conforme as tabelas de pontos anexas a esta resolu\u00e7\u00e3o, sendo considerados apenas os obtidos nos \u00faltimos dez anos\u201d.<\/p>\r\n<p>Par\u00e1grafo \u00fanico. Para cada um dos grupos, ser\u00e3o atribu\u00eddos os seguintes pesos:<\/p>\r\n<p>I - Grupo I - peso dois;<\/p>\r\n<p>II - Grupo II - peso quatro; e<\/p>\r\n<p>III - Grupo III - peso quatro.<\/b><\/p>\r\n\r\n<p>Art 3\u00ba O Artigo 34 da <a href=\"https:\/\/www.ufsm.br\/pro-reitorias\/proplan\/resolucao-n-020-2009\/\" target=\"_blank\"><font color=\"blue\"><u>Resolu\u00e7\u00e3o N. 020\/2009<\/u><\/font><\/a> fica acrescido de um Par\u00e1grafo \u00danico, com a seguinte reda\u00e7\u00e3o:<b>\u201cA classifica\u00e7\u00e3o dos aprovados obedecer\u00e1 ao disposto no Artigo 16 e seus par\u00e1grafos do <a href=\"\t\" target=\"_blank\"><font color=\"blue\"><u>Decreto N. 6.944, de 21 de agosto de 2009<\/u><\/font><\/a>\u201d.<\/b><\/p>\r\n<p>Art. 4\u00ba Esta resolu\u00e7\u00e3o entra em vigor na data de sua assinatura e revoga as disposi\u00e7\u00f5es em contr\u00e1rio.<\/p>\r\n\r\n<p>GABINETE DO REITOR DA UNIVERSIDADE FEDERAL DE SANTA MARIA, aos quatro dias do m\u00eas de fevereiro de dois mil e dez.<\/p>\r\n<\/div>\r\n<p>Felipe Martins M\u00fcller,<\/p>\r\n<p>Reitor<\/p>\r\n\r\n<p><font color=\"red0000\">Este texto n\u00e3o substitui o documento original, publicado no Portal de Documentos.<\/font> Dispon\u00edvel em: <a href=\"https:\/\/portal.ufsm.br\/documentos\/publico\/documento.html?id=4328330\"><font color=\"blue\">https:\/\/portal.ufsm.br\/documentos\/publico\/documento.html?id=4328330<\/font><\/a>\r\n<\/strike>\r\n\r\n\t\t<\/div>\n\t\t\t\t<\/div>\n\t\t\t\t\t<\/div>\n\t\t<\/div>\n\t\t\t\t\t<\/div>\n\t\t<\/section>\n\t\t\t\t<\/div>\n\t\t","protected":false},"excerpt":{"rendered":"<p>RESOLU\u00c7\u00c3O N. 005\/2010 MINIST\u00c9RIO DA EDUCA\u00c7\u00c3O UNIVERSIDADE FEDERAL DE SANTA MARIA RESOLU\u00c7\u00c3O N. 005\/2010 D\u00e1 nova reda\u00e7\u00e3o ao Artigo 28 e seu Par\u00e1grafo \u00fanico e inclui o Par\u00e1grafo \u00fanico no Artigo 34 da Resolu\u00e7\u00e3o N.020\/2009, que regulamenta o Concurso P\u00fablico para ingresso no Quadro do Magist\u00e9rio Superior da Universidade Federal de Santa Maria. Revogado pela [&hellip;]<\/p>\n","protected":false},"author":205,"featured_media":0,"parent":0,"menu_order":0,"comment_status":"closed","ping_status":"closed","template":"","meta":{"footnotes":""},"categories":[],"tags":[],"class_list":["post-2916","page","type-page","status-publish","hentry"],"acf":[],"_links":{"self":[{"href":"https:\/\/www.ufsm.br\/pro-reitorias\/proplan\/wp-json\/wp\/v2\/pages\/2916","targetHints":{"allow":["GET"]}}],"collection":[{"href":"https:\/\/www.ufsm.br\/pro-reitorias\/proplan\/wp-json\/wp\/v2\/pages"}],"about":[{"href":"https:\/\/www.ufsm.br\/pro-reitorias\/proplan\/wp-json\/wp\/v2\/types\/page"}],"author":[{"embeddable":true,"href":"https:\/\/www.ufsm.br\/pro-reitorias\/proplan\/wp-json\/wp\/v2\/users\/205"}],"replies":[{"embeddable":true,"href":"https:\/\/www.ufsm.br\/pro-reitorias\/proplan\/wp-json\/wp\/v2\/comments?post=2916"}],"version-history":[{"count":0,"href":"https:\/\/www.ufsm.br\/pro-reitorias\/proplan\/wp-json\/wp\/v2\/pages\/2916\/revisions"}],"wp:attachment":[{"href":"https:\/\/www.ufsm.br\/pro-reitorias\/proplan\/wp-json\/wp\/v2\/media?parent=2916"}],"wp:term":[{"taxonomy":"category","embeddable":true,"href":"https:\/\/www.ufsm.br\/pro-reitorias\/proplan\/wp-json\/wp\/v2\/categories?post=2916"},{"taxonomy":"post_tag","embeddable":true,"href":"https:\/\/www.ufsm.br\/pro-reitorias\/proplan\/wp-json\/wp\/v2\/tags?post=2916"}],"curies":[{"name":"wp","href":"https:\/\/api.w.org\/{rel}","templated":true}]}}