{"id":2917,"date":"2019-12-12T15:53:27","date_gmt":"2019-12-12T18:53:27","guid":{"rendered":"https:\/\/www.ufsm.br\/pro-reitorias\/proplan\/?page_id=2917"},"modified":"2020-05-21T17:22:24","modified_gmt":"2020-05-21T20:22:24","slug":"resolucao-n-006-2010","status":"publish","type":"page","link":"https:\/\/www.ufsm.br\/pro-reitorias\/proplan\/resolucao-n-006-2010","title":{"rendered":"Resolu\u00e7\u00e3o N. 006\/2010"},"content":{"rendered":"\t\t<div data-elementor-type=\"wp-page\" data-elementor-id=\"2917\" class=\"elementor elementor-2917\">\n\t\t\t\t\t\t<section class=\"elementor-section elementor-top-section elementor-element elementor-element-bc13e01 elementor-section-boxed elementor-section-height-default elementor-section-height-default\" data-id=\"bc13e01\" data-element_type=\"section\">\n\t\t\t\t\t\t<div class=\"elementor-container elementor-column-gap-default\">\n\t\t\t\t\t<div class=\"elementor-column elementor-col-100 elementor-top-column elementor-element elementor-element-7d3c077\" data-id=\"7d3c077\" data-element_type=\"column\">\n\t\t\t<div class=\"elementor-widget-wrap elementor-element-populated\">\n\t\t\t\t\t\t<div class=\"elementor-element elementor-element-5fe1113 elementor-widget elementor-widget-html\" data-id=\"5fe1113\" data-element_type=\"widget\" data-widget_type=\"html.default\">\n\t\t\t\t<div class=\"elementor-widget-container\">\n\t\t\t\r\n\r\n\r\n<title><b>RESOLU\u00c7\u00c3O N. 006\/2010<\/b><\/title>\r\n\r\n\r\n<div align=\"center\"><img decoding=\"async\" src=\"https:\/\/www.ufsm.br\/pro-reitorias\/proplan\/wp-content\/uploads\/sites\/344\/2019\/09\/brasao-da-republica-do-brasil-logo.png\" alt=\"Bras\u00e3o Rep\u00fablica Federativa do Brasil\" width=\"6%\" height=\"6%\"><\/div>    \r\n<h1><font color=\"blue\"><font size=\"5\"><div align=\"center\">MINIST\u00c9RIO DA EDUCA\u00c7\u00c3O<\/b><\/font><\/font><\/div><\/H1>\r\n<p><b><font color=\"0000blue\"><div align=\"center\">UNIVERSIDADE FEDERAL DE SANTA MARIA<\/b><\/font><\/div><\/p>\r\n\r\n<p><div align=\"center\"><b><a href=\"https:\/\/portal.ufsm.br\/documentos\/publico\/documento.html?id=4328331\"><font color=\"blue\">RESOLU\u00c7\u00c3O N. 006\/2010<\/font><\/a><\/b><\/div><\/p>\r\n<br>\r\n<p><div align=\"right\"><font color=\"800000\"><strike>Altera a Resolu\u00e7\u00e3o 020\/2009, que regulamenta o Concurso P\u00fablico para ingresso no Quadro do Magist\u00e9rio Superior da Universidade Federal de Santa Maria, excluindo o inciso III do par\u00e1grafo 1\u00ba e o par\u00e1grafo 6\u00ba do artigo 6\u00ba e transferindo os par\u00e1grafos 5\u00ba e 7 do artigo 6\u00ba para o artigo 18, renumerando-os.<\/strike><\/font><\/div><\/p>\r\n<br><div align=\"justify\">\r\n<p><a href=\"https:\/\/www.ufsm.br\/pro-reitorias\/proplan\/resolucoes-concursos-publicos\/\"><font color=\"blue\">Revogado pela Resolu\u00e7\u00e3o N. 030\/2013<\/font><\/a><\/p>\r\n<br>\r\n<strike>\r\n<p>O REITOR DA UNIVERSIDADE FEDERAL DE SANTA MARIA, no uso de suas atribui\u00e7\u00f5es legais e estatut\u00e1rias e considerando:<\/p>\r\n<p>- o <a href=\"http:\/\/www.planalto.gov.br\/ccivil_03\/_Ato2007-2010\/2009\/Decreto\/D6944.htm\" target=\"_blank\"><font color=\"blue\"><u>Decreto N. 6.944, de 21 de agosto de 2009<\/u><\/font><\/a>;<\/p>\r\n<p>- o Parecer aprovado na 747\u00aa Sess\u00e3o do Conselho de Ensino, Pesquisa e Extens\u00e3o de 04\/09\/09, referente ao processo n.  <a href=\"https:\/\/portal.ufsm.br\/documentos\/publico\/processo\/documento.html?idDocumento=3244521\" target=\"_blank\"><font color=\"blue\"><u>23081.005119\/2008-87<\/u><\/font><\/a>.<\/p>\r\n<br>\r\n<p><b><div align=\"center\">RESOLVE:<\/b><\/div><\/p>\r\n<br>\r\n<p>Art. 1\u00ba Alterar a <a href=\"https:\/\/www.ufsm.br\/pro-reitorias\/proplan\/resolucao-n-020-2009\/\" target=\"_blank\"><font color=\"blue\"><u>Resolu\u00e7\u00e3o 020\/2009<\/u><\/font><\/a>, que regulamenta o Concurso P\u00fablico para ingresso no Quadro do Magist\u00e9rio Superior da Universidade Federal de Santa Maria.<\/p>\r\n<p>Art. 2\u00ba Excluir o inciso III do par\u00e1grafo 1\u00ba e o par\u00e1grafo 6\u00ba do artigo 6\u00ba, da <a href=\"https:\/\/www.ufsm.br\/pro-reitorias\/proplan\/resolucao-n-020-2009\/\" target=\"_blank\"><font color=\"blue\"><u>Resolu\u00e7\u00e3o 020\/2009<\/u><\/font><\/a>.<\/p>\r\n<p>Art. 3\u00ba Transferir os par\u00e1grafos 5\u00ba e 7\u00ba do artigo 6\u00ba para o artigo 18, da <a href=\"https:\/\/www.ufsm.br\/pro-reitorias\/proplan\/resolucao-n-020-2009\/\" target=\"_blank\"><font color=\"blue\"><u>Resolu\u00e7\u00e3o 020\/2009<\/u><\/font><\/a>, renumerando-os, sendo que o par\u00e1grafo 7\u00ba referido anteriormente passa a ter a seguinte reda\u00e7\u00e3o:<b>\u201c\u00c0 falta do diploma de doutorado ou de mestrado, o mesmo poder\u00e1 ser substitu\u00eddo pela certid\u00e3o que comprova defesa e aprova\u00e7\u00e3o da tese ou disserta\u00e7\u00e3o, constando que foram cumpridos todos os requisitos para obten\u00e7\u00e3o do t\u00edtulo de doutor ou mestre expedido pela institui\u00e7\u00e3o onde o candidato cursou o doutorado ou mestrado, acompanhada do diploma de gradua\u00e7\u00e3o.\u201d<\/b><\/p>\r\n<p>Art. 4\u00ba Esta resolu\u00e7\u00e3o entra em vigor na data de sua assinatura e revoga as disposi\u00e7\u00f5es em contr\u00e1rio.<\/p>\r\n\r\n<p>GABINETE DO REITOR DA UNIVERSIDADE FEDERAL DE SANTA MARIA, aos cinco dias do m\u00eas de mar\u00e7o do ano dois mil e dez.<\/p>\r\n<\/div>\r\n<p>Felipe Martins M\u00fcller,<\/p>\r\n<p>Reitor<\/p>\r\n\r\n<p><font color=\"red0000\">Este texto n\u00e3o substitui o documento original, publicado no Portal de Documentos.<\/font> Dispon\u00edvel em: <a href=\"https:\/\/portal.ufsm.br\/documentos\/publico\/documento.html?id=4328331\"><font color=\"blue\">https:\/\/portal.ufsm.br\/documentos\/publico\/documento.html?id=4328331<\/font><\/a>\r\n<\/strike>\r\n\r\n\t\t<\/div>\n\t\t\t\t<\/div>\n\t\t\t\t\t<\/div>\n\t\t<\/div>\n\t\t\t\t\t<\/div>\n\t\t<\/section>\n\t\t\t\t<\/div>\n\t\t","protected":false},"excerpt":{"rendered":"<p>RESOLU\u00c7\u00c3O N. 006\/2010 MINIST\u00c9RIO DA EDUCA\u00c7\u00c3O UNIVERSIDADE FEDERAL DE SANTA MARIA RESOLU\u00c7\u00c3O N. 006\/2010 Altera a Resolu\u00e7\u00e3o 020\/2009, que regulamenta o Concurso P\u00fablico para ingresso no Quadro do Magist\u00e9rio Superior da Universidade Federal de Santa Maria, excluindo o inciso III do par\u00e1grafo 1\u00ba e o par\u00e1grafo 6\u00ba do artigo 6\u00ba e transferindo os par\u00e1grafos 5\u00ba [&hellip;]<\/p>\n","protected":false},"author":205,"featured_media":0,"parent":0,"menu_order":0,"comment_status":"closed","ping_status":"closed","template":"","meta":{"footnotes":""},"categories":[],"tags":[],"class_list":["post-2917","page","type-page","status-publish","hentry"],"acf":[],"_links":{"self":[{"href":"https:\/\/www.ufsm.br\/pro-reitorias\/proplan\/wp-json\/wp\/v2\/pages\/2917","targetHints":{"allow":["GET"]}}],"collection":[{"href":"https:\/\/www.ufsm.br\/pro-reitorias\/proplan\/wp-json\/wp\/v2\/pages"}],"about":[{"href":"https:\/\/www.ufsm.br\/pro-reitorias\/proplan\/wp-json\/wp\/v2\/types\/page"}],"author":[{"embeddable":true,"href":"https:\/\/www.ufsm.br\/pro-reitorias\/proplan\/wp-json\/wp\/v2\/users\/205"}],"replies":[{"embeddable":true,"href":"https:\/\/www.ufsm.br\/pro-reitorias\/proplan\/wp-json\/wp\/v2\/comments?post=2917"}],"version-history":[{"count":0,"href":"https:\/\/www.ufsm.br\/pro-reitorias\/proplan\/wp-json\/wp\/v2\/pages\/2917\/revisions"}],"wp:attachment":[{"href":"https:\/\/www.ufsm.br\/pro-reitorias\/proplan\/wp-json\/wp\/v2\/media?parent=2917"}],"wp:term":[{"taxonomy":"category","embeddable":true,"href":"https:\/\/www.ufsm.br\/pro-reitorias\/proplan\/wp-json\/wp\/v2\/categories?post=2917"},{"taxonomy":"post_tag","embeddable":true,"href":"https:\/\/www.ufsm.br\/pro-reitorias\/proplan\/wp-json\/wp\/v2\/tags?post=2917"}],"curies":[{"name":"wp","href":"https:\/\/api.w.org\/{rel}","templated":true}]}}