{"id":2931,"date":"2019-12-12T16:17:16","date_gmt":"2019-12-12T19:17:16","guid":{"rendered":"https:\/\/www.ufsm.br\/pro-reitorias\/proplan\/?page_id=2931"},"modified":"2024-02-01T09:28:03","modified_gmt":"2024-02-01T12:28:03","slug":"resolucao-n-019-2010","status":"publish","type":"page","link":"https:\/\/www.ufsm.br\/pro-reitorias\/proplan\/resolucao-n-019-2010","title":{"rendered":"Resolu\u00e7\u00e3o N. 019\/2010"},"content":{"rendered":"\t\t<div data-elementor-type=\"wp-page\" data-elementor-id=\"2931\" class=\"elementor elementor-2931\">\n\t\t\t\t\t\t<section class=\"elementor-section elementor-top-section elementor-element elementor-element-c7e0ec4 elementor-section-boxed elementor-section-height-default elementor-section-height-default\" data-id=\"c7e0ec4\" data-element_type=\"section\">\n\t\t\t\t\t\t<div class=\"elementor-container elementor-column-gap-default\">\n\t\t\t\t\t<div class=\"elementor-column elementor-col-100 elementor-top-column elementor-element elementor-element-82780f8\" data-id=\"82780f8\" data-element_type=\"column\">\n\t\t\t<div class=\"elementor-widget-wrap elementor-element-populated\">\n\t\t\t\t\t\t<div class=\"elementor-element elementor-element-550c2e2 elementor-widget elementor-widget-html\" data-id=\"550c2e2\" data-element_type=\"widget\" data-widget_type=\"html.default\">\n\t\t\t\t<div class=\"elementor-widget-container\">\n\t\t\t\r\n\r\n\r\n<title><b>RESOLU\u00c7\u00c3O N. 019\/2010<\/b><\/title>\r\n\r\n\r\n<div align=\"center\"><img decoding=\"async\" src=\"https:\/\/www.ufsm.br\/pro-reitorias\/proplan\/wp-content\/uploads\/sites\/344\/2019\/09\/brasao-da-republica-do-brasil-logo.png\" alt=\"Bras\u00e3o Rep\u00fablica Federativa do Brasil\" width=\"6%\" height=\"6%\"><\/div>    \r\n<h1><font color=\"blue\"><font size=\"5\"><div align=\"center\">MINIST\u00c9RIO DA EDUCA\u00c7\u00c3O<\/b><\/font><\/font><\/div><\/H1>\r\n<p><b><font color=\"0000blue\"><div align=\"center\">UNIVERSIDADE FEDERAL DE SANTA MARIA<\/b><\/font><\/div><\/p>\r\n\r\n<p><div align=\"center\"><b><a href=\"https:\/\/portal.ufsm.br\/documentos\/publico\/documento.html?id=4328343\"><font color=\"blue\">RESOLU\u00c7\u00c3O N. 019\/2010<\/font><\/a><\/b><\/div><\/p>\r\n<br>\r\n<p>Revogada pela <a href=\"https:\/\/www.ufsm.br\/pro-reitorias\/proplan\/resolucao-ufsm-n-150\" target=\"_blank\"><font color=\"blue\">Resolu\u00e7\u00e3o UFSM N. 150\/2023<\/font><\/a><\/p>\r\n<br>\r\n<p><div align=\"right\"><font color=\"800000\">Aprova a cria\u00e7\u00e3o do Departamento de Desenho Industrial na estrutura organizacional do Centro de Artes e Letras e d\u00e1 outras provid\u00eancias.<\/font><\/div><\/p>\r\n<br><div align=\"justify\">\r\n<p><s>O REITOR DA UNIVERSIDADE FEDERAL DE SANTA MARIA, no uso de suas atribui\u00e7\u00f5es legais e estatut\u00e1rias e considerando:<\/p>\r\n<p>- a elabora\u00e7\u00e3o e implementa\u00e7\u00e3o de pol\u00edticas pedag\u00f3gicas para o Curso de Desenho Industrial e de um futuro Programa de P\u00f3s-Gradua\u00e7\u00e3o nas \u00e1reas do Desenho Industrial em sintonia com as da UFSM;<\/p>\r\n<p>- a elabora\u00e7\u00e3o e implementa\u00e7\u00e3o de pol\u00edticas de qualifica\u00e7\u00e3o docente em harmonia com as da UFSM, do Curso de Desenho Industrial e para a forma\u00e7\u00e3o de massa cr\u00edtica que permita a implementa\u00e7\u00e3o de um futuro Programa de P\u00f3s-Gradua\u00e7\u00e3o na \u00e1rea do Desenho Industrial;<\/p>\r\n<p>- os Pareceres n. 065\/2010-CLN e n. 005\/2010-CEPE, aprovados na 763\u00aa Sess\u00e3o do Conselho de Ensino, Pesquisa e Extens\u00e3o, de 21\/05\/2010, e o Parecer n. 067\/2010, aprovado na 711\u00aa Sess\u00e3o do Conselho Universit\u00e1rio, de 23\/06\/2010, referentes ao Processo n. <a href=\"https:\/\/portal.ufsm.br\/documentos\/publico\/processo\/documento.html?idDocumento=3238671\" target=\"_blank\"><font color=\"blue\"><u>23081.004576\/2008-54<\/u><\/font><\/a>.<\/p>\r\n<br>\r\n<p><b><div align=\"center\">RESOLVE:<\/b><\/div><\/p>\r\n<br>\r\n<p>Art. 1\u00ba Aprovar a cria\u00e7\u00e3o do Departamento de Desenho Industrial - DDI, na estrutura organizacional do Centro de Artes e Letras.<\/p>\r\n<p>Art. 2\u00ba O Departamento de Desenho Industrial e a Secretaria de Apoio Administrativo funcionar\u00e3o sem as respectivas fun\u00e7\u00f5es gratificadas devidas (FG1 e FG7), at\u00e9 que haja um aumento no Quadro de Fun\u00e7\u00f5es da UFSM, ou que elas sejam disponibilizadas em raz\u00e3o de eventuais altera\u00e7\u00f5es na estrutura organizacional da UFSM.<\/p>\r\n<p>Art. 3\u00ba Caber\u00e1 \u00e0 Pr\u00f3-Reitoria de Planejamento proceder \u00e0s altera\u00e7\u00f5es no Sistema de Classifica\u00e7\u00e3o Institucional, \u00e0 Pr\u00f3-Reitoria de Recursos Humanos a relota\u00e7\u00e3o dos recursos humanos e ao Departamento de Material e Patrim\u00f4nio a adequa\u00e7\u00e3o do registro dos m\u00f3veis e equipamentos.<\/p>\r\n<p>Art. 3\u00ba Esta resolu\u00e7\u00e3o entrar\u00e1 em vigor na data de sua publica\u00e7\u00e3o, revogadas as disposi\u00e7\u00f5es em contr\u00e1rio.<\/p>\r\n\r\n<p>GABINETE DO REITOR DA UNIVERSIDADE FEDERAL DE SANTA MARIA, aos vinte e cinco dias do m\u00eas de junho do ano dois mil e dez.<\/p>\r\n<\/div>\r\n<p>Felipe Martins M\u00fcller,<\/p>\r\n<p>Reitor<\/p>\r\n<\/s>\r\n<br>\r\n\r\n<p><font color=\"red0000\">Este texto n\u00e3o substitui o documento original, publicado no Portal de Documentos.<\/font> Dispon\u00edvel em: <a href=\"https:\/\/portal.ufsm.br\/documentos\/publico\/documento.html?id=4328343\"><font color=\"blue\">https:\/\/portal.ufsm.br\/documentos\/publico\/documento.html?id=4328343<\/font><\/a>\r\n\r\n\r\n\t\t<\/div>\n\t\t\t\t<\/div>\n\t\t\t\t\t<\/div>\n\t\t<\/div>\n\t\t\t\t\t<\/div>\n\t\t<\/section>\n\t\t\t\t<\/div>\n\t\t","protected":false},"excerpt":{"rendered":"<p>RESOLU\u00c7\u00c3O N. 019\/2010 MINIST\u00c9RIO DA EDUCA\u00c7\u00c3O UNIVERSIDADE FEDERAL DE SANTA MARIA RESOLU\u00c7\u00c3O N. 019\/2010 Revogada pela Resolu\u00e7\u00e3o UFSM N. 150\/2023 Aprova a cria\u00e7\u00e3o do Departamento de Desenho Industrial na estrutura organizacional do Centro de Artes e Letras e d\u00e1 outras provid\u00eancias. O REITOR DA UNIVERSIDADE FEDERAL DE SANTA MARIA, no uso de suas atribui\u00e7\u00f5es legais [&hellip;]<\/p>\n","protected":false},"author":205,"featured_media":0,"parent":0,"menu_order":0,"comment_status":"closed","ping_status":"closed","template":"","meta":{"footnotes":""},"categories":[],"tags":[],"class_list":["post-2931","page","type-page","status-publish","hentry"],"acf":[],"_links":{"self":[{"href":"https:\/\/www.ufsm.br\/pro-reitorias\/proplan\/wp-json\/wp\/v2\/pages\/2931","targetHints":{"allow":["GET"]}}],"collection":[{"href":"https:\/\/www.ufsm.br\/pro-reitorias\/proplan\/wp-json\/wp\/v2\/pages"}],"about":[{"href":"https:\/\/www.ufsm.br\/pro-reitorias\/proplan\/wp-json\/wp\/v2\/types\/page"}],"author":[{"embeddable":true,"href":"https:\/\/www.ufsm.br\/pro-reitorias\/proplan\/wp-json\/wp\/v2\/users\/205"}],"replies":[{"embeddable":true,"href":"https:\/\/www.ufsm.br\/pro-reitorias\/proplan\/wp-json\/wp\/v2\/comments?post=2931"}],"version-history":[{"count":0,"href":"https:\/\/www.ufsm.br\/pro-reitorias\/proplan\/wp-json\/wp\/v2\/pages\/2931\/revisions"}],"wp:attachment":[{"href":"https:\/\/www.ufsm.br\/pro-reitorias\/proplan\/wp-json\/wp\/v2\/media?parent=2931"}],"wp:term":[{"taxonomy":"category","embeddable":true,"href":"https:\/\/www.ufsm.br\/pro-reitorias\/proplan\/wp-json\/wp\/v2\/categories?post=2931"},{"taxonomy":"post_tag","embeddable":true,"href":"https:\/\/www.ufsm.br\/pro-reitorias\/proplan\/wp-json\/wp\/v2\/tags?post=2931"}],"curies":[{"name":"wp","href":"https:\/\/api.w.org\/{rel}","templated":true}]}}