{"id":2932,"date":"2019-12-12T16:17:21","date_gmt":"2019-12-12T19:17:21","guid":{"rendered":"https:\/\/www.ufsm.br\/pro-reitorias\/proplan\/?page_id=2932"},"modified":"2020-05-21T17:28:22","modified_gmt":"2020-05-21T20:28:22","slug":"resolucao-n-020-2010","status":"publish","type":"page","link":"https:\/\/www.ufsm.br\/pro-reitorias\/proplan\/resolucao-n-020-2010","title":{"rendered":"Resolu\u00e7\u00e3o N. 020\/2010"},"content":{"rendered":"\t\t<div data-elementor-type=\"wp-page\" data-elementor-id=\"2932\" class=\"elementor elementor-2932\">\n\t\t\t\t\t\t<section class=\"elementor-section elementor-top-section elementor-element elementor-element-7acf81b elementor-section-boxed elementor-section-height-default elementor-section-height-default\" data-id=\"7acf81b\" data-element_type=\"section\">\n\t\t\t\t\t\t<div class=\"elementor-container elementor-column-gap-default\">\n\t\t\t\t\t<div class=\"elementor-column elementor-col-100 elementor-top-column elementor-element elementor-element-41e9d2d\" data-id=\"41e9d2d\" data-element_type=\"column\">\n\t\t\t<div class=\"elementor-widget-wrap elementor-element-populated\">\n\t\t\t\t\t\t<div class=\"elementor-element elementor-element-8112fd7 elementor-widget elementor-widget-html\" data-id=\"8112fd7\" data-element_type=\"widget\" data-widget_type=\"html.default\">\n\t\t\t\t<div class=\"elementor-widget-container\">\n\t\t\t\r\n\r\n\r\n<title><b>RESOLU\u00c7\u00c3O N. 020\/2010<\/b><\/title>\r\n\r\n\r\n<div align=\"center\"><img decoding=\"async\" src=\"https:\/\/www.ufsm.br\/pro-reitorias\/proplan\/wp-content\/uploads\/sites\/344\/2019\/09\/brasao-da-republica-do-brasil-logo.png\" alt=\"Bras\u00e3o Rep\u00fablica Federativa do Brasil\" width=\"6%\" height=\"6%\"><\/div>    \r\n<h1><font color=\"blue\"><font size=\"5\"><div align=\"center\">MINIST\u00c9RIO DA EDUCA\u00c7\u00c3O<\/b><\/font><\/font><\/div><\/H1>\r\n<p><b><font color=\"0000blue\"><div align=\"center\">UNIVERSIDADE FEDERAL DE SANTA MARIA<\/b><\/font><\/div><\/p>\r\n\r\n<p><div align=\"center\"><b><a href=\"https:\/\/portal.ufsm.br\/documentos\/publico\/documento.html?id=4328344\"><font color=\"blue\">RESOLU\u00c7\u00c3O N. 020\/2010<\/font><\/a><\/b><\/div><\/p>\r\n<br>\r\n<p><div align=\"right\"><font color=\"800000\"><strike>Altera a Resolu\u00e7\u00e3o N. 020\/2009, que regulamenta o Concurso P\u00fablico para Ingresso no Quadro do Magist\u00e9rio Superior da Universidade Federal de Santa Maria.<\/strike><\/font><\/div><\/p>\r\n<br><div align=\"justify\">\r\n<p><a href=\"https:\/\/www.ufsm.br\/pro-reitorias\/proplan\/resolucoes-concursos-publicos\/\"><font color=\"blue\">Revogado pela Resolu\u00e7\u00e3o N. 030\/2013<\/font><\/a><\/p>\r\n<br>\r\n<strike>\r\n<p>O REITOR DA UNIVERSIDADE FEDERAL DE SANTA MARIA, no uso de suas atribui\u00e7\u00f5es legais e estatut\u00e1rias e considerando:<\/p>\r\n<p>- o <a href=\"http:\/\/www.planalto.gov.br\/ccivil_03\/_Ato2007-2010\/2009\/Decreto\/D6944.htm\" target=\"_blank\"><font color=\"blue\"><u>Decreto n. 6944, de 21 de agosto de 2009<\/u><\/font><\/a>;<\/p>\r\n<p>- o Parecer n. 123\/2010 aprovado na 766\u00aa Sess\u00e3o do Conselho de Ensino, Pesquisa e Extens\u00e3o de 16.07.2010, referente ao Processo n. <a href=\"https:\/\/portal.ufsm.br\/documentos\/publico\/processo\/documento.html?idDocumento=4194372\" target=\"_blank\"><font color=\"blue\"><u>23081.010914\/2010-10<\/u><\/font><\/a>.<\/p>\r\n<br>\r\n<p><b><div align=\"center\">RESOLVE:<\/b><\/div><\/p>\r\n<br>\r\n<p>Art. 1\u00ba Alterar a <a href=\"https:\/\/www.ufsm.br\/pro-reitorias\/proplan\/resolucao-n-020-2009\/\" target=\"_blank\"><font color=\"blue\"><u>Resolu\u00e7\u00e3o n. 020\/2009<\/u><\/font><\/a>, que regulamenta o Concurso P\u00fablico para Ingresso no Quadro do Magist\u00e9rio Superior da Universidade Federal de Santa Maria.<\/p>\r\n<p>Art. 2\u00ba Substituir a express\u00e3o \u201ccom aviso de recebimento - AR\u201d por \u201cvia SEDEX\" no \u00a7 1\u00ba do Art. 6\u00ba.<\/p>\r\n<p>Art. 3\u00ba O \u00a7 2\u00ba do Art. 10 passa a ter a seguinte reda\u00e7\u00e3o: \u201cEncerradas as inscri\u00e7\u00f5es ser\u00e1 designada a Comiss\u00e3o Examinadora e sua composi\u00e7\u00e3o divulgada no s\u00edtio da UFSM, com anteced\u00eancia m\u00ednima de 15 (quinze) dias antes da realiza\u00e7\u00e3o das provas\u201d.<\/p>\r\n<p>Art. 4\u00ba Substituir, no Art. 13, a express\u00e3o \u201co recebimento da comunica\u00e7\u00e3o de que trata o \u00a7 2\u00ba do art. 10\u201d por \u201cdias corridos ap\u00f3s a divulga\u00e7\u00e3o da Comiss\u00e3o Examinadora no s\u00edtio da UFSM\u201d.<\/p>\r\n<p>Art. 5\u00ba Substituir, no caput do Art. 18, \u201ccurr\u00edculo lattes\u201d por \u201ccurriculum vitae\u201d; incluir o \u00a7 1\u00ba com a seguinte reda\u00e7\u00e3o: \u201cO curriculum vitae dever\u00e1 ser entregue, obrigatoriamente, no formato de curr\u00edculo da Plataforma Lattes do CNPq\u201d (sem o grifo em negrito da palavra obrigatoriamente); renumerar os par\u00e1grafos seguinte como \u00a7 2\u00ba e \u00a7 3\u00ba, sendo que o \u00faltimo par\u00e1grafo deve ser renumerado como \u00a7 4\u00ba e eliminado o grifo em negrito.<\/p>\r\n<p>Art. 6\u00ba Excluir, no \u00a7 1\u00ba do Art. 23, a express\u00e3o \u201cno m\u00ednimo\u201d e no \u00a7 3\u00ba substituir a express\u00e3o \u201c(gravada em \u00e1udio e v\u00eddeo)\u201d por \u201c(gravada em \u00e1udio)\u201d.<\/p>\r\n<p>Art. 7\u00ba Eliminar, no \u00a7 3\u00ba do Art. 27, a express\u00e3o \u201ce v\u00eddeo\u201d.<\/p>\r\n<p>Art. 8\u00ba Substituir, no caput do Art. 28, a express\u00e3o \u201ccurr\u00edculo lattes\u201d por \u201ccurriculum vitae\u201d e eliminar o grifo em negrito.<\/p>\r\n<p>Art. 9\u00ba Excluir, no Art. 29, o \u00a7 2\u00ba e transformar o \u00a7 1\u00ba em par\u00e1grafo \u00fanico.<\/p>\r\n<p>Art. 10 Excluir, no caput do Art. 30, a express\u00e3o \u201ce para a prova de t\u00edtulos\u201d; incluir o \u00a7 1\u00ba com a seguinte reda\u00e7\u00e3o: \u201cPara cada um dos candidatos, a nota da prova de t\u00edtulos ser\u00e1 atribu\u00edda em graus de zero a dez, em c\u00e9dula \u00fanica, assinada pela Comiss\u00e3o Examinadora\u201d, e transformar o par\u00e1grafo \u00fanico em \u00a7 2\u00ba.<\/p>\r\n<p>Art. 11 Eliminar, no art. 34, o grifo em negrito do par\u00e1grafo \u00fanico.<\/p>\r\n<p>Art. 12 Excluir, no Grupo II do Anexo da Resolu\u00e7\u00e3o 020\/2009 - Tabela de Pontos Para Avalia\u00e7\u00e3o de T\u00edtulos, os itens 10 e 11; acrescentar um asterisco (*) nas palavras Qualis (Qualis*) e no final da tabela acrescentar a reda\u00e7\u00e3o: \u201cA classifica\u00e7\u00e3o do Sistema Qualis da CAPES ser\u00e1 a vigente na data do concurso\u201d; nos itens 12 e 13 eliminar a express\u00e3o \u201cn\u00e3o classificado no sistema Qualis da CAPES\u201d e eliminar o grifo em negrito do item 9.<\/p>\r\n<p>Art. 13. Esta resolu\u00e7\u00e3o entrar\u00e1 em vigor na data de sua assinatura e revoga as disposi\u00e7\u00f5es em contr\u00e1rio.<\/p>\r\n\r\n<p>GABINETE DO REITOR DA UNIVERSIDADE FEDERAL DE SANTA MARIA, aos vinte dias do m\u00eas de julho do ano dois mil e dez.<\/p>\r\n<\/div>\r\n<p>Dalvan Jos\u00e9 Reinert,<\/p>\r\n<p>Vice-Reitor, no exerc\u00edcio da Reitoria<\/p>\r\n\r\n<p><font color=\"red0000\">Este texto n\u00e3o substitui o documento original, publicado no Portal de Documentos.<\/font> Dispon\u00edvel em: <a href=\"https:\/\/portal.ufsm.br\/documentos\/publico\/documento.html?id=4328344\"><font color=\"blue\">https:\/\/portal.ufsm.br\/documentos\/publico\/documento.html?id=4328344<\/font><\/a>\r\n<\/strike>\r\n\r\n\t\t<\/div>\n\t\t\t\t<\/div>\n\t\t\t\t\t<\/div>\n\t\t<\/div>\n\t\t\t\t\t<\/div>\n\t\t<\/section>\n\t\t\t\t<\/div>\n\t\t","protected":false},"excerpt":{"rendered":"<p>RESOLU\u00c7\u00c3O N. 020\/2010 MINIST\u00c9RIO DA EDUCA\u00c7\u00c3O UNIVERSIDADE FEDERAL DE SANTA MARIA RESOLU\u00c7\u00c3O N. 020\/2010 Altera a Resolu\u00e7\u00e3o N. 020\/2009, que regulamenta o Concurso P\u00fablico para Ingresso no Quadro do Magist\u00e9rio Superior da Universidade Federal de Santa Maria. Revogado pela Resolu\u00e7\u00e3o N. 030\/2013 O REITOR DA UNIVERSIDADE FEDERAL DE SANTA MARIA, no uso de suas atribui\u00e7\u00f5es [&hellip;]<\/p>\n","protected":false},"author":205,"featured_media":0,"parent":0,"menu_order":0,"comment_status":"closed","ping_status":"closed","template":"","meta":{"footnotes":""},"categories":[],"tags":[],"class_list":["post-2932","page","type-page","status-publish","hentry"],"acf":[],"_links":{"self":[{"href":"https:\/\/www.ufsm.br\/pro-reitorias\/proplan\/wp-json\/wp\/v2\/pages\/2932","targetHints":{"allow":["GET"]}}],"collection":[{"href":"https:\/\/www.ufsm.br\/pro-reitorias\/proplan\/wp-json\/wp\/v2\/pages"}],"about":[{"href":"https:\/\/www.ufsm.br\/pro-reitorias\/proplan\/wp-json\/wp\/v2\/types\/page"}],"author":[{"embeddable":true,"href":"https:\/\/www.ufsm.br\/pro-reitorias\/proplan\/wp-json\/wp\/v2\/users\/205"}],"replies":[{"embeddable":true,"href":"https:\/\/www.ufsm.br\/pro-reitorias\/proplan\/wp-json\/wp\/v2\/comments?post=2932"}],"version-history":[{"count":0,"href":"https:\/\/www.ufsm.br\/pro-reitorias\/proplan\/wp-json\/wp\/v2\/pages\/2932\/revisions"}],"wp:attachment":[{"href":"https:\/\/www.ufsm.br\/pro-reitorias\/proplan\/wp-json\/wp\/v2\/media?parent=2932"}],"wp:term":[{"taxonomy":"category","embeddable":true,"href":"https:\/\/www.ufsm.br\/pro-reitorias\/proplan\/wp-json\/wp\/v2\/categories?post=2932"},{"taxonomy":"post_tag","embeddable":true,"href":"https:\/\/www.ufsm.br\/pro-reitorias\/proplan\/wp-json\/wp\/v2\/tags?post=2932"}],"curies":[{"name":"wp","href":"https:\/\/api.w.org\/{rel}","templated":true}]}}