{"id":2953,"date":"2019-12-13T09:46:38","date_gmt":"2019-12-13T12:46:38","guid":{"rendered":"https:\/\/www.ufsm.br\/pro-reitorias\/proplan\/?page_id=2953"},"modified":"2020-05-21T17:35:10","modified_gmt":"2020-05-21T20:35:10","slug":"resolucao-n-039-2010","status":"publish","type":"page","link":"https:\/\/www.ufsm.br\/pro-reitorias\/proplan\/resolucao-n-039-2010","title":{"rendered":"Resolu\u00e7\u00e3o N. 039\/2010"},"content":{"rendered":"\t\t<div data-elementor-type=\"wp-page\" data-elementor-id=\"2953\" class=\"elementor elementor-2953\">\n\t\t\t\t\t\t<section class=\"elementor-section elementor-top-section elementor-element elementor-element-0d9c1ac elementor-section-boxed elementor-section-height-default elementor-section-height-default\" data-id=\"0d9c1ac\" data-element_type=\"section\">\n\t\t\t\t\t\t<div class=\"elementor-container elementor-column-gap-default\">\n\t\t\t\t\t<div class=\"elementor-column elementor-col-100 elementor-top-column elementor-element elementor-element-fb55375\" data-id=\"fb55375\" data-element_type=\"column\">\n\t\t\t<div class=\"elementor-widget-wrap elementor-element-populated\">\n\t\t\t\t\t\t<div class=\"elementor-element elementor-element-d8293c5 elementor-widget elementor-widget-html\" data-id=\"d8293c5\" data-element_type=\"widget\" data-widget_type=\"html.default\">\n\t\t\t\t<div class=\"elementor-widget-container\">\n\t\t\t\r\n\r\n\r\n<title><b>RESOLU\u00c7\u00c3O N. 039\/2010<\/b><\/title>\r\n\r\n\r\n<div align=\"center\"><img decoding=\"async\" src=\"https:\/\/www.ufsm.br\/pro-reitorias\/proplan\/wp-content\/uploads\/sites\/344\/2019\/09\/brasao-da-republica-do-brasil-logo.png\" alt=\"Bras\u00e3o Rep\u00fablica Federativa do Brasil\" width=\"6%\" height=\"6%\"><\/div>    \r\n<h1><font color=\"blue\"><font size=\"5\"><div align=\"center\">MINIST\u00c9RIO DA EDUCA\u00c7\u00c3O<\/b><\/font><\/font><\/div><\/H1>\r\n<p><b><font color=\"0000blue\"><div align=\"center\">UNIVERSIDADE FEDERAL DE SANTA MARIA<\/b><\/font><\/div><\/p>\r\n\r\n<p><div align=\"center\"><b><a href=\"https:\/\/portal.ufsm.br\/documentos\/publico\/documento.html?id=4487365\"><font color=\"blue\">RESOLU\u00c7\u00c3O N. 039\/2010<\/font><\/a><\/b><\/div><\/p>\r\n<br>\r\n<p><div align=\"right\"><font color=\"800000\"><strike>Disp\u00f5e sobre admiss\u00e3o de refugiados para cursos de gradua\u00e7\u00e3o da Universidade Federal de Santa Maria.<\/strike><\/font><\/div><\/p>\r\n<br><div align=\"justify\">\r\n<p><a href=\"https:\/\/www.ufsm.br\/pro-reitorias\/proplan\/resolucao-n-041-2016\/\"><font color=\"blue\">Revogado pela Resolu\u00e7\u00e3o N. 041\/2016<\/font><\/a><\/p>\r\n<br>\r\n<strike>\r\n<p>O REITOR DA UNIVERSIDADE FEDERAL DE SANTA MARIA, no uso de suas atribui\u00e7\u00f5es legais e estatut\u00e1rias e considerando:<\/p>\r\n<p>- a necessidade de disciplinar a admiss\u00e3o de refugiados na Institui\u00e7\u00e3o;<\/p>\r\n<p>- o disposto na <a href=\"http:\/\/www.planalto.gov.br\/ccivil_03\/leis\/l9474.htm\" target=\"_blank\"><font color=\"blue\"><u>Lei n\u00ba 9.474\/97, de 22 de julho de 1997<\/u><\/font><\/a>;<\/p>\r\n<p>- os incisos II, VII e X do art. 18 do Estatuto da UFSM;<\/p>\r\n<p>- o Parecer n. 285\/2010 da Comiss\u00e3o de Legisla\u00e7\u00e3o e Normas do Conselho de Ensino, Pesquisa e Extens\u00e3o, aprovado em sua 774\u00aa Sess\u00e3o, de 10\/12\/2010, referente ao Processo n. <a href=\"https:\/\/portal.ufsm.br\/documentos\/publico\/processo\/documento.html?idDocumento=4259411\" target=\"_blank\"><font color=\"blue\"><u>23081.013689\/2010-65<\/u><\/font><\/a>.<\/p>\r\n<br>\r\n<p><b><div align=\"center\">RESOLVE:<\/b><\/div><\/p>\r\n<br>\r\n<p>Art. 1\u00ba Ser\u00e1 permitido o ingresso de refugiados na UFSM, como alunos dos Cursos de Gradua\u00e7\u00e3o.<\/p>\r\n<p>\u00a7 1\u00ba A matr\u00edcula de refugiados nos referidos cursos condiciona-se \u00e0 comprova\u00e7\u00e3o de que seu pleito de refugiado pol\u00edtico foi referendado pelo Comit\u00ea Nacional para os Refugiados (CONARE) do Minist\u00e9rio da Justi\u00e7a, conforme estabelece a legisla\u00e7\u00e3o vigente.<\/p>\r\n<p>\u00a7 2\u00ba O refugiado s\u00f3 poder\u00e1 obter vaga na UFSM, nesta condi\u00e7\u00e3o, por uma \u00fanica vez, devendo protocolar seu pedido no m\u00ednimo dois meses antes do per\u00edodo de matr\u00edcula para o semestre pretendido, a fim de adequar-se ao calend\u00e1rio acad\u00eamico da Institui\u00e7\u00e3o.<\/p>\r\n<p>\u00a7 3\u00ba O direito \u00e0 obten\u00e7\u00e3o de vaga estende-se a seus dependentes de acordo com a legisla\u00e7\u00e3o vigente.<\/p>\r\n<p>\u00a7 4\u00ba N\u00e3o ser\u00e3o aceitos pleitos de refugiados ou dependentes portadores de diploma de gradua\u00e7\u00e3o.<\/p>\r\n\r\n<p>Art. 2\u00ba A apresenta\u00e7\u00e3o de documenta\u00e7\u00e3o comprobat\u00f3ria da escolaridade do refugiado \u00e9 condi\u00e7\u00e3o necess\u00e1ria \u00e0 an\u00e1lise de seu processo de solicita\u00e7\u00e3o de vagas na Pr\u00f3-Reitoria de Gradua\u00e7\u00e3o da UFSM.<\/p>\r\n<p>\u00a7 1\u00ba No caso do requerente ter realizado o Ensino M\u00e9dio fora do Brasil, dever\u00e1 apresentar parecer de equival\u00eancia, emitido por Secretaria de Estado de Educa\u00e7\u00e3o.<\/p>\r\n<p>\u00a7 2\u00ba No caso do requerente n\u00e3o possuir documenta\u00e7\u00e3o, ser\u00e1 necess\u00e1rio que o CONARE ateste sobre sua escolaridade.<\/p>\r\n<p>\u00a7 3\u00ba No caso do requerente ter sido anteriormente aluno de curso universit\u00e1rio, caber\u00e1 ao colegiado de curso analisar a documenta\u00e7\u00e3o apresentada e proceder \u00e0s devidas avalia\u00e7\u00f5es, com vistas \u00e0 concess\u00e3o de dispensa de atividades curriculares na UFSM.<\/p>\r\n\r\n<p>Art. 3\u00ba Para atendimento da demanda de vagas de que trata o art. 1\u00ba ser\u00e1 utilizado o saldo de vagas ociosas dos cursos, limitado a uma vaga por curso de gradua\u00e7\u00e3o.<\/p>\r\n<p>Art. 4\u00ba A documenta\u00e7\u00e3o m\u00ednima exigida para a abertura de processo solicitando ingresso na condi\u00e7\u00e3o de Refugiado deve vir acompanhada de:<\/p>\r\n<p>I - documento do CONARE indicando o reconhecimento do status de refugiado;<\/p>\r\n<p>II - documenta\u00e7\u00e3o comprobat\u00f3ria da escolaridade (c\u00f3pia);<\/p>\r\n<p>III - passaporte (c\u00f3pia das quatro primeiras folhas);<\/p>\r\n<p>IV - comprovante de visto emitido pela Pol\u00edcia Federal (c\u00f3pia); e<\/p>\r\n<p>V - certid\u00e3o de nascimento ou casamento (c\u00f3pia).<\/p>\r\n<p>Par\u00e1grafo \u00fanico. Para fins de aproveitamento escolar, no caso do solicitante que j\u00e1 tenha cursado disciplinas em curso superior de gradua\u00e7\u00e3o, dever\u00e1 apresentar hist\u00f3rico escolar e programa das disciplinas vencidas.<\/p>\r\n\r\n<p>Art. 5\u00ba Os casos omissos nesta resolu\u00e7\u00e3o ser\u00e3o apreciados pelo Conselho de Ensino, Pesquisa e Extens\u00e3o \u2014 CEPE.<\/p>\r\n<p>Art. 6\u00ba Esta resolu\u00e7\u00e3o entrar\u00e1 em vigor na data de sua assinatura e revoga as disposi\u00e7\u00f5es contr\u00e1rias.<\/p>\r\n\r\n<p>GABINETE DO REITOR DA UNIVERSIDADE FEDERAL DE SANTA MARIA, aos treze dias do m\u00eas de dezembro do ano dois mil e dez.<\/p>\r\n<\/div>\r\n<p>Felipe Martins M\u00fcller,<\/p>\r\n<p>Reitor.<\/p>\r\n\r\n<br>\r\n<p><font color=\"red0000\">Este texto n\u00e3o substitui o documento original, publicado no Portal de Documentos.<\/font> Dispon\u00edvel em: <a href=\"https:\/\/portal.ufsm.br\/documentos\/publico\/documento.html?id=4487365\"><font color=\"blue\">https:\/\/portal.ufsm.br\/documentos\/publico\/documento.html?id=4487365<\/font><\/a>\r\n<\/strike>\r\n\r\n\t\t<\/div>\n\t\t\t\t<\/div>\n\t\t\t\t\t<\/div>\n\t\t<\/div>\n\t\t\t\t\t<\/div>\n\t\t<\/section>\n\t\t\t\t<\/div>\n\t\t","protected":false},"excerpt":{"rendered":"<p>RESOLU\u00c7\u00c3O N. 039\/2010 MINIST\u00c9RIO DA EDUCA\u00c7\u00c3O UNIVERSIDADE FEDERAL DE SANTA MARIA RESOLU\u00c7\u00c3O N. 039\/2010 Disp\u00f5e sobre admiss\u00e3o de refugiados para cursos de gradua\u00e7\u00e3o da Universidade Federal de Santa Maria. Revogado pela Resolu\u00e7\u00e3o N. 041\/2016 O REITOR DA UNIVERSIDADE FEDERAL DE SANTA MARIA, no uso de suas atribui\u00e7\u00f5es legais e estatut\u00e1rias e considerando: &#8211; a necessidade [&hellip;]<\/p>\n","protected":false},"author":205,"featured_media":0,"parent":0,"menu_order":0,"comment_status":"closed","ping_status":"closed","template":"","meta":{"footnotes":""},"categories":[],"tags":[],"class_list":["post-2953","page","type-page","status-publish","hentry"],"acf":[],"_links":{"self":[{"href":"https:\/\/www.ufsm.br\/pro-reitorias\/proplan\/wp-json\/wp\/v2\/pages\/2953","targetHints":{"allow":["GET"]}}],"collection":[{"href":"https:\/\/www.ufsm.br\/pro-reitorias\/proplan\/wp-json\/wp\/v2\/pages"}],"about":[{"href":"https:\/\/www.ufsm.br\/pro-reitorias\/proplan\/wp-json\/wp\/v2\/types\/page"}],"author":[{"embeddable":true,"href":"https:\/\/www.ufsm.br\/pro-reitorias\/proplan\/wp-json\/wp\/v2\/users\/205"}],"replies":[{"embeddable":true,"href":"https:\/\/www.ufsm.br\/pro-reitorias\/proplan\/wp-json\/wp\/v2\/comments?post=2953"}],"version-history":[{"count":0,"href":"https:\/\/www.ufsm.br\/pro-reitorias\/proplan\/wp-json\/wp\/v2\/pages\/2953\/revisions"}],"wp:attachment":[{"href":"https:\/\/www.ufsm.br\/pro-reitorias\/proplan\/wp-json\/wp\/v2\/media?parent=2953"}],"wp:term":[{"taxonomy":"category","embeddable":true,"href":"https:\/\/www.ufsm.br\/pro-reitorias\/proplan\/wp-json\/wp\/v2\/categories?post=2953"},{"taxonomy":"post_tag","embeddable":true,"href":"https:\/\/www.ufsm.br\/pro-reitorias\/proplan\/wp-json\/wp\/v2\/tags?post=2953"}],"curies":[{"name":"wp","href":"https:\/\/api.w.org\/{rel}","templated":true}]}}