{"id":2965,"date":"2019-12-18T08:47:08","date_gmt":"2019-12-18T11:47:08","guid":{"rendered":"https:\/\/www.ufsm.br\/pro-reitorias\/proplan\/?page_id=2965"},"modified":"2025-10-01T14:09:22","modified_gmt":"2025-10-01T17:09:22","slug":"resolucao-n-044-2019","status":"publish","type":"page","link":"https:\/\/www.ufsm.br\/pro-reitorias\/proplan\/resolucao-n-044-2019","title":{"rendered":"Resolu\u00e7\u00e3o N. 044\/2019"},"content":{"rendered":"\t\t<div data-elementor-type=\"wp-page\" data-elementor-id=\"2965\" class=\"elementor elementor-2965\">\n\t\t\t\t\t\t<section class=\"elementor-section elementor-top-section elementor-element elementor-element-1ab698b elementor-section-boxed elementor-section-height-default elementor-section-height-default\" data-id=\"1ab698b\" data-element_type=\"section\">\n\t\t\t\t\t\t<div class=\"elementor-container elementor-column-gap-default\">\n\t\t\t\t\t<div class=\"elementor-column elementor-col-100 elementor-top-column elementor-element elementor-element-9f9a8e7\" data-id=\"9f9a8e7\" data-element_type=\"column\">\n\t\t\t<div class=\"elementor-widget-wrap elementor-element-populated\">\n\t\t\t\t\t\t<div class=\"elementor-element elementor-element-5cb8bdb elementor-widget elementor-widget-html\" data-id=\"5cb8bdb\" data-element_type=\"widget\" data-widget_type=\"html.default\">\n\t\t\t\t<div class=\"elementor-widget-container\">\n\t\t\t<br><div align=\"justify\"><font color=\"black\">\r\n<div align=\"center\">\r\n<img decoding=\"async\" src=\"https:\/\/www.ufsm.br\/pro-reitorias\/proplan\/wp-content\/uploads\/sites\/344\/2019\/09\/brasao-da-republica-do-brasil-logo.png\" alt=\"Bras\u00e3o Rep\u00fablica Federativa do Brasil\" width=\"6%\" height=\"6%\" style=\"text-align: justify\">\r\n<\/div>    \r\n<h1 style=\"text-align: justify\">\r\n<font color=\"blue\">\r\n<font size=\"5\">\r\n<\/font>\r\n<\/font>\r\n<div align=\"center\">\r\n<font color=\"blue\" style=\"text-align: justify\">\r\n<font size=\"5\">MINIST\u00c9RIO DA EDUCA\u00c7\u00c3O<\/font>\r\n<\/font>\r\n<\/div>\r\n<\/h1>\r\n<p>\r\n<b>\r\n<font color=\"0000blue\">\r\n<\/font>\r\n<\/b>\r\n<\/p>\r\n<div align=\"center\">\r\n<b style=\"text-align: justify\">\r\n<font color=\"0000blue\">UNIVERSIDADE FEDERAL DE SANTA MARIA<\/font>\r\n<\/b>\r\n<\/div>\r\n<p>\r\n<\/p>\r\n\r\n<p>\r\n<\/p>\r\n<div align=\"center\">\r\n<b style=\"text-align: justify\">\r\n<a href=\"https:\/\/portal.ufsm.br\/documentos\/publico\/documento.html?id=12878838\" style=\"color: blue !important;text-decoration: underline !important\" data-elementor-preserved=\"true\">\r\n<font color=\"blue\">RESOLU\u00c7\u00c3O N. 044\/2019<\/font>\r\n<\/a>\r\n<\/b>\r\n<\/div>\r\n<p>\r\n<\/p>\r\n<br>\r\n<p>\r\n<\/p>\r\n<div align=\"right\">\r\n<font color=\"800000\" style=\"text-align: justify\">\r\n    <div style=\"color: #800000;width: 60%;margin-left: auto;margin-right: 0;text-align: justify;font-weight: normal\">\r\n      Aprova a recria\u00e7\u00e3o do \u00f3rg\u00e3o colegiado denominado \u201cComiss\u00e3o de Ensino, Pesquisa e Extens\u00e3o\u201d (CEPEx\/CE) vinculado a subunidade respons\u00e1vel pelos projetos do Centro de Educa\u00e7\u00e3o (CE), da estrutura organizacional da Universidade Federal de Santa Maria (UFSM).\r\n    <\/div>\r\n<\/font>\r\n<\/div>\r\n<p>\r\n<\/p>\r\n<div>\r\n<br>\r\n<\/div>\r\n<div>Revogada pela <a href=\"https:\/\/www.ufsm.br\/pro-reitorias\/proplan\/resolucao-ufsm-n-231-2025\" style=\"color: blue !important;text-decoration: underline !important\" data-elementor-preserved=\"true\">Resolu\u00e7\u00e3o UFSM N. 231\/2025<\/a>\r\n<\/div>\r\n<br>\r\n<div align=\"justify\">\r\n<p>\r\n<strike>O REITOR DA UNIVERSIDADE FEDERAL DE SANTA MARIA, no uso de suas atribui\u00e7\u00f5es legais e estatut\u00e1rias e considerando:<\/strike>\r\n<\/p>\r\n<p>\r\n<strike>\u2013 o Art. 56 da <a href=\"http:\/\/www.planalto.gov.br\/ccivil_03\/leis\/l9394.htm\" style=\"color: blue !important;text-decoration: underline !important\" data-elementor-preserved=\"true\" target=\"_blank\">\r\n<font color=\"blue\">Lei N. 9.394, de 20 de dezembro de 1996<\/font>\r\n<\/a>, que estabelece as diretrizes e bases da educa\u00e7\u00e3o nacional;<\/strike>\r\n<\/p>\r\n<p>\r\n<strike>\u2013 o <a href=\"http:\/\/www.planalto.gov.br\/ccivil_03\/_ato2015-2018\/2017\/decreto\/D9191.htm\" style=\"color: blue !important;text-decoration: underline !important\" data-elementor-preserved=\"true\" target=\"_blank\">\r\n<font color=\"blue\">Decreto N. 9.191, de 1\u00b0 de novembro de 2017<\/font>\r\n<\/a>, que estabelece as normas e as diretrizes para elabora\u00e7\u00e3o, reda\u00e7\u00e3o, altera\u00e7\u00e3o, consolida\u00e7\u00e3o e encaminhamento de propostas de atos normativos ao Presidente da Rep\u00fablica pelos Ministros de Estado;<\/strike>\r\n<\/p>\r\n<p>\r\n<strike>\u2013 o <a href=\"http:\/\/www.planalto.gov.br\/ccivil_03\/_ato2019-2022\/2019\/decreto\/D9759.htm\" style=\"color: blue !important;text-decoration: underline !important\" data-elementor-preserved=\"true\" target=\"_blank\">\r\n<font color=\"blue\">Decreto N. 9.759, de 11 de abril de 2019<\/font>\r\n<\/a>, que extingue e estabelece diretrizes, regras e limita\u00e7\u00f5es para colegiados da administra\u00e7\u00e3o p\u00fablica federal;<\/strike>\r\n<\/p>\r\n<p>\r\n<strike>- o artigo 3\u00ba do Regimento Interno do Centro de Educa\u00e7\u00e3o (CE) aprovado pela <a href=\"https:\/\/www.ufsm.br\/pro-reitorias\/proplan\/resolucao-n-010-2002\/\" style=\"color: blue !important;text-decoration: underline !important\" data-elementor-preserved=\"true\" target=\"_blank\">\r\n<font color=\"blue\">Resolu\u00e7\u00e3o N. 010\/2002<\/font>\r\n<\/a> da Universidade Federal de Santa Maria (UFSM);<\/strike>\r\n<\/p>\r\n<p>\r\n<strike>- o Parecer N. 158\/2019 da Comiss\u00e3o de Legisla\u00e7\u00e3o e Normas (CLN), aprovado na 944\u00aa Sess\u00e3o do Conselho de Ensino, Pesquisa e Extens\u00e3o, de 06 de dezembro de 2019, referente ao Processo N. <a href=\"https:\/\/portal.ufsm.br\/documentos\/publico\/processo\/documento.html?idDocumento=12732094\" style=\"color: blue !important;text-decoration: underline !important\" data-elementor-preserved=\"true\" target=\"_blank\">\r\n<font color=\"blue\">23081.054854\/2019-77<\/font>\r\n<\/a>; e<\/strike>\r\n<\/p>\r\n<p>\r\n<strike>- o Parecer N. 168\/2019 da Comiss\u00e3o de Legisla\u00e7\u00e3o e Regimentos (CLR), aprovado na 825\u00aa Sess\u00e3o do Conselho Universit\u00e1rio, de 13 de dezembro de 2019, referente ao Processo N. <a href=\"https:\/\/portal.ufsm.br\/documentos\/publico\/processo\/documento.html?idDocumento=12732094\" style=\"color: blue !important;text-decoration: underline !important\" data-elementor-preserved=\"true\" target=\"_blank\">\r\n<font color=\"blue\">23081.054854\/2019-77<\/font>\r\n<\/a>.<\/strike>\r\n<\/p>\r\n<strike>\r\n<br>\r\n<\/strike>\r\n<p>\r\n<strike>\r\n<b>\r\n<\/b>\r\n<\/strike>\r\n<\/p>\r\n<div align=\"center\">\r\n<b style=\"text-align: justify\">\r\n<strike>RESOLVE:<\/strike>\r\n<\/b>\r\n<\/div>\r\n<p>\r\n<\/p>\r\n<strike>\r\n<br>\r\n<\/strike>\r\n<p>\r\n<strike>Art. 1\u00ba Aprovar a recria\u00e7\u00e3o da Comiss\u00e3o de Ensino, Pesquisa e Extens\u00e3o - CE (CEPEx\/CE) vinculada a subunidade respons\u00e1vel pelos projetos do Centro de Educa\u00e7\u00e3o (CE) da estrutura organizacional da Universidade Federal de Santa Maria (UFSM).<\/strike>\r\n<\/p>\r\n<p>\r\n<strike>Par\u00e1grafo \u00fanico. O \u00f3rg\u00e3o colegiado mencionado no Caput deste artigo \u00e9 recriado considerando sua previs\u00e3o anterior no artigo 3\u00ba do Regimento Interno do Centro de Educa\u00e7\u00e3o (CE), aprovado pela <a href=\"https:\/\/www.ufsm.br\/pro-reitorias\/proplan\/resolucao-n-010-2002\/\" style=\"color: blue !important;text-decoration: underline !important\" data-elementor-preserved=\"true\" target=\"_blank\">\r\n<font color=\"blue\">Resolu\u00e7\u00e3o N. 010\/2002<\/font>\r\n<\/a> da Universidade Federal de Santa Maria (UFSM).<\/strike>\r\n<\/p>\r\n<strike>\r\n<br>\r\n<\/strike>\r\n<p>\r\n<strike>\r\n<b>\r\n<\/b>\r\n<\/strike>\r\n<\/p>\r\n<div align=\"center\">\r\n<b style=\"text-align: justify\">\r\n<strike>T\u00cdTULO I<\/strike>\r\n<\/b>\r\n<\/div>\r\n<p>\r\n<\/p>\r\n<p>\r\n<strike>\r\n<b>\r\n<\/b>\r\n<\/strike>\r\n<\/p>\r\n<div align=\"center\">\r\n<b style=\"text-align: justify\">\r\n<strike>DAS COMPET\u00caNCIAS<\/strike>\r\n<\/b>\r\n<\/div>\r\n<p>\r\n<\/p>\r\n<strike>\r\n<br>\r\n<\/strike>\r\n<p>\r\n<strike>Art. 2\u00ba Caber\u00e1 \u00e0 Comiss\u00e3o de Ensino, Pesquisa e Extens\u00e3o - CE (CEPEx\/CE) vinculada a subunidade respons\u00e1vel pelos projetos do Centro de Educa\u00e7\u00e3o:<\/strike>\r\n<\/p>\r\n<p>\r\n<strike>I - analisar projetos de ensino, pesquisa e extens\u00e3o para registro na Plataforma de Projetos da UFSM;<\/strike>\r\n<\/p>\r\n<p>\r\n<strike>II - deliberar, decidir e divulgar prazos pela subunidade respons\u00e1vel pelos projetos do Centro de Educa\u00e7\u00e3o;<\/strike>\r\n<\/p>\r\n<p>\r\n<strike>III - solicitar aos departamentos did\u00e1ticos\/CE, aos representantes dos t\u00e9cnico-administrativos em educa\u00e7\u00e3o e aos representantes do diret\u00f3rio acad\u00eamico do Centro de Educa\u00e7\u00e3o a indica\u00e7\u00e3o de membros para a CEPEX\/CE;<\/strike>\r\n<\/p>\r\n<p>\r\n<strike>IV - assessorar, juntamente com a subunidade respons\u00e1vel pelos projetos do Centro de Educa\u00e7\u00e3o, os estudantes e servidores docentes e t\u00e9cnico-administrativos em educa\u00e7\u00e3o do CE no esclarecimento de d\u00favidas em rela\u00e7\u00e3o aos projetos e seu registro;<\/strike>\r\n<\/p>\r\n<p>\r\n<strike>V - analisar, segundo os crit\u00e9rios vigentes, os projetos de ensino, pesquisa e extens\u00e3o encaminhados \u00e0 CEPEx\/CE com a finalidade de registro, emitindo parecer via Plataforma de Projetos da UFSM;<\/strike>\r\n<\/p>\r\n<p>\r\n<strike>VI - subsidiar, a partir dos procedimentos da subunidade respons\u00e1vel pelos projetos do Centro de Educa\u00e7\u00e3o em vig\u00eancia, a organiza\u00e7\u00e3o e o tr\u00e2mite dos projetos;<\/strike>\r\n<\/p>\r\n<p>\r\n<strike>VII - sugerir e indicar nomes de consultores ad hoc pelo Centro de Educa\u00e7\u00e3o \u00e0 Pr\u00f3-Reitoria de P\u00f3s-Gradua\u00e7\u00e3o e Pesquisa e \u00e0 Pr\u00f3-Reitoria de Extens\u00e3o, quando solicitado;<\/strike>\r\n<\/p>\r\n<p>\r\n<strike>VIII - verificar, na an\u00e1lise dos projetos, se o coordenador n\u00e3o possui pend\u00eancia na subunidade respons\u00e1vel pelos projetos do Centro de Educa\u00e7\u00e3o (n\u00e3o cumprimento da entrega de relat\u00f3rios, falta de avalia\u00e7\u00e3o dos projetos de Ensino, Pesquisa e Extens\u00e3o na Plataforma de Projetos no prazo estipulado pela CEPEx\/CE), a fim de atender aos crit\u00e9rios vigentes nos editais abertos;<\/strike>\r\n<\/p>\r\n<p>\r\n<strike>IX - observar o prazo para a CEPEx\/CE emitir parecer de acordo com as demandas e cronogramas dos editais em vig\u00eancia;<\/strike>\r\n<\/p>\r\n<p>\r\n<strike>X - comunicar por escrito ao Coordenador do Projeto a implica\u00e7\u00e3o do n\u00e3o cumprimento de prazos e normas, quando necess\u00e1rio;<\/strike>\r\n<\/p>\r\n<p>\r\n<strike>XI - deliberar sobre a distribui\u00e7\u00e3o dos recursos financeiros oriundos dos editais FIEX, FIPE e demais editais que destinem verba a subunidade respons\u00e1vel pelos projetos do Centro de Educa\u00e7\u00e3o;<\/strike>\r\n<\/p>\r\n<p>\r\n<strike>XII - indicar o presidente da CEPEx;<\/strike>\r\n<\/p>\r\n<p>\r\n<strike>XIII - realizar, quando solicitado, a indica\u00e7\u00e3o de trabalhos para premia\u00e7\u00e3o cient\u00edfica e tamb\u00e9m para representar o Centro de Educa\u00e7\u00e3o em eventos acad\u00eamicos e cient\u00edficos;<\/strike>\r\n<\/p>\r\n<p>\r\n<strike>XIV- articular os projetos de pesquisa \u00e0s linhas existentes, bem como, incorporar novas linhas de pesquisa que emergem no Centro de Educa\u00e7\u00e3o para o registro dos projetos; e,<\/strike>\r\n<\/p>\r\n<p>\r\n<strike>XV - atuar em quest\u00f5es pol\u00edticas, acad\u00eamicas, did\u00e1tico-pedag\u00f3gicas e administrativas relacionadas ao ensino, pesquisa e extens\u00e3o.<\/strike>\r\n<\/p>\r\n<strike>\r\n<br>\r\n<\/strike>\r\n<p>\r\n<strike>\r\n<b>\r\n<\/b>\r\n<\/strike>\r\n<\/p>\r\n<div align=\"center\">\r\n<b style=\"text-align: justify\">\r\n<strike>T\u00cdTULO II<\/strike>\r\n<\/b>\r\n<\/div>\r\n<p>\r\n<\/p>\r\n<p>\r\n<strike>\r\n<b>\r\n<\/b>\r\n<\/strike>\r\n<\/p>\r\n<div align=\"center\">\r\n<b style=\"text-align: justify\">\r\n<strike>DA COMPOSI\u00c7\u00c3O E AUTORIDADE<\/strike>\r\n<\/b>\r\n<\/div>\r\n<p>\r\n<\/p>\r\n<strike>\r\n<br>\r\n<\/strike>\r\n<p>\r\n<strike>Art. 3\u00ba A Comiss\u00e3o de Ensino, Pesquisa e Extens\u00e3o da subunidade respons\u00e1vel pelos projetos do Centro de Educa\u00e7\u00e3o ser\u00e1 constitu\u00edda pelos seguintes membros:<\/strike>\r\n<\/p>\r\n<p>\r\n<strike>I - 2 (dois) representantes docentes de cada Departamento Did\u00e1tico indicados pelo Colegiado Departamental, sendo um titular e um ad hoc (em car\u00e1ter de supl\u00eancia em caso de aus\u00eancia do titular em reuni\u00e3o);<\/strike>\r\n<\/p>\r\n<p>\r\n<strike>II - 1 (um) representante t\u00e9cnico-administrativo em educa\u00e7\u00e3o e respectivo suplente, indicados em reuni\u00e3o geral dos t\u00e9cnico-administrativos em educa\u00e7\u00e3o;<\/strike>\r\n<\/p>\r\n<p>\r\n<strike>III - 1 (um) representante do corpo discente e respectivo suplente, indicados pelo Diret\u00f3rio Acad\u00eamico do Centro de Educa\u00e7\u00e3o.<\/strike>\r\n<\/p>\r\n<p>\r\n<strike>\u00a7 1\u00ba Os representantes exercer\u00e3o seus mandatos por 1 (um) ano, prorrog\u00e1vel por igual per\u00edodo.<\/strike>\r\n<\/p>\r\n<p>\r\n<strike>\u00a7 2\u00ba O presidente ser\u00e1 escolhido pelos membros da CEPEx. Caso haja mais de um interessado, os nomes ser\u00e3o encaminhados \u00e0 Dire\u00e7\u00e3o para que a mesma designe o presidente.<\/strike>\r\n<\/p>\r\n<p>\r\n<strike>\u00a7 3\u00ba A Comiss\u00e3o apresenta n\u00famero de membros superior a 7 (sete) devido ao volume das atividades para o registro de novos projetos e tamb\u00e9m pelo acr\u00e9scimo no n\u00famero de projetos submetidos aos editais ocasionado, principalmente, pelo aumento de docentes no Centro. Ambas as atividades requerem an\u00e1lise e avalia\u00e7\u00e3o dos projetos em tempo h\u00e1bil previsto em edital. Desse modo, para realizar o tr\u00e2mite desses processos dentro dos prazos estabelecidos e o adequado andamento das atividades da Comiss\u00e3o justifica-se o n\u00famero de membros superior a 7 (sete).<\/strike>\r\n<\/p>\r\n<strike>\r\n<br>\r\n<\/strike>\r\n<p>\r\n<strike>\r\n<b>\r\n<\/b>\r\n<\/strike>\r\n<\/p>\r\n<div align=\"center\">\r\n<b style=\"text-align: justify\">\r\n<strike>T\u00cdTULO III<\/strike>\r\n<\/b>\r\n<\/div>\r\n<p>\r\n<\/p>\r\n<p>\r\n<strike>\r\n<b>\r\n<\/b>\r\n<\/strike>\r\n<\/p>\r\n<div align=\"center\">\r\n<b style=\"text-align: justify\">\r\n<strike>DO QU\u00d3RUM DE REUNI\u00c3O E DE VOTA\u00c7\u00c3O<\/strike>\r\n<\/b>\r\n<\/div>\r\n<p>\r\n<\/p>\r\n<strike>\r\n<br>\r\n<\/strike>\r\n<p>\r\n<strike>Art. 4\u00ba A Comiss\u00e3o de Ensino, Pesquisa e Extens\u00e3o vinculada a subunidade respons\u00e1vel pelos projetos do Centro de Educa\u00e7\u00e3o em suas reuni\u00f5es funcionar\u00e1 com a presen\u00e7a m\u00ednima da maioria absoluta dos seus membros, considerando\u2013se esse o n\u00famero legal para a delibera\u00e7\u00e3o e vota\u00e7\u00e3o.<\/strike>\r\n<\/p>\r\n<p>\r\n<strike>Par\u00e1grafo \u00fanico. A convoca\u00e7\u00e3o ser\u00e1 feita via correio eletr\u00f4nico, pelo presidente da Comiss\u00e3o, com anteced\u00eancia m\u00ednima de 48 (quarenta e oito) horas, devendo constar da mesma a Ordem do Dia.<\/strike>\r\n<\/p>\r\n<strike>\r\n<br>\r\n<\/strike>\r\n<p>\r\n<strike>\r\n<b>\r\n<\/b>\r\n<\/strike>\r\n<\/p>\r\n<div align=\"center\">\r\n<b style=\"text-align: justify\">\r\n<strike>T\u00cdTULO IV<\/strike>\r\n<\/b>\r\n<\/div>\r\n<p>\r\n<\/p>\r\n<p>\r\n<strike>\r\n<b>\r\n<\/b>\r\n<\/strike>\r\n<\/p>\r\n<div align=\"center\">\r\n<b style=\"text-align: justify\">\r\n<strike>DA PERIODICIDADE DAS REUNI\u00d5ES<\/strike>\r\n<\/b>\r\n<\/div>\r\n<p>\r\n<\/p>\r\n<strike>\r\n<br>\r\n<\/strike>\r\n<p>\r\n<strike>Art. 5\u00ba A Comiss\u00e3o de Ensino, Pesquisa e Extens\u00e3o vinculada a subunidade respons\u00e1vel pelos projetos do Centro de Educa\u00e7\u00e3o reunir-se-\u00e1, ordinariamente 1 (uma) vez por m\u00eas ou, extraordinariamente, sempre que convocada pelo presidente ou maioria de seus membros e desde que existam processos no Conselho que necessitem de pareceres da referida Comiss\u00e3o.<\/strike>\r\n<\/p>\r\n<p>\r\n<strike>Par\u00e1grafo \u00fanico. As reuni\u00f5es deste \u00f3rg\u00e3o colegiado, cujos membros, convidados ou participantes estejam em entes federativos diversos, ser\u00e3o realizadas por videoconfer\u00eancia, sem pagamento de di\u00e1rias e deslocamento.<\/strike>\r\n<\/p>\r\n<strike>\r\n<br>\r\n<\/strike>\r\n<p>\r\n<strike>\r\n<b>\r\n<\/b>\r\n<\/strike>\r\n<\/p>\r\n<div align=\"center\">\r\n<b style=\"text-align: justify\">\r\n<strike>T\u00cdTULO V<\/strike>\r\n<\/b>\r\n<\/div>\r\n<p>\r\n<\/p>\r\n<p>\r\n<strike>\r\n<b>\r\n<\/b>\r\n<\/strike>\r\n<\/p>\r\n<div align=\"center\">\r\n<b style=\"text-align: justify\">\r\n<strike>DO \u00d3RG\u00c3O DE APOIO ADMINISTRATIVO<\/strike>\r\n<\/b>\r\n<\/div>\r\n<p>\r\n<\/p>\r\n<strike>\r\n<br>\r\n<\/strike>\r\n<p>\r\n<strike>Art. 6\u00ba A subunidade respons\u00e1vel pelos projetos da Dire\u00e7\u00e3o do Centro de Educa\u00e7\u00e3o ficar\u00e1 respons\u00e1vel por realizar o apoio administrativo necess\u00e1rio para o andamento dos trabalhos da Comiss\u00e3o de Ensino, Pesquisa e Extens\u00e3o - CE (CEPEx\/CE).<\/strike>\r\n<\/p>\r\n<strike>\r\n<br>\r\n<\/strike>\r\n<p>\r\n<strike>\r\n<b>\r\n<\/b>\r\n<\/strike>\r\n<\/p>\r\n<div align=\"center\">\r\n<b style=\"text-align: justify\">\r\n<strike>T\u00cdTULO VI<\/strike>\r\n<\/b>\r\n<\/div>\r\n<p>\r\n<\/p>\r\n<p>\r\n<strike>\r\n<b>\r\n<\/b>\r\n<\/strike>\r\n<\/p>\r\n<div align=\"center\">\r\n<b style=\"text-align: justify\">\r\n<strike>DO REGIMENTO INTERNO<\/strike>\r\n<\/b>\r\n<\/div>\r\n<p>\r\n<\/p>\r\n<strike>\r\n<br>\r\n<\/strike>\r\n<p>\r\n<strike>Art. 7\u00ba Por se tratar de Comiss\u00e3o permanente interna do Centro de Educa\u00e7\u00e3o, que \u00e9 regido e regulamentado pelo Regimento Interno da Unidade, n\u00e3o h\u00e1 necessidade de um Regimento Interno espec\u00edfico para a mesma.<\/strike>\r\n<\/p>\r\n<strike>\r\n<br>\r\n<\/strike>\r\n<p>\r\n<strike>\r\n<b>\r\n<\/b>\r\n<\/strike>\r\n<\/p>\r\n<div align=\"center\">\r\n<b style=\"text-align: justify\">\r\n<strike>T\u00cdTULO VII<\/strike>\r\n<\/b>\r\n<\/div>\r\n<p>\r\n<\/p>\r\n<p>\r\n<strike>\r\n<b>\r\n<\/b>\r\n<\/strike>\r\n<\/p>\r\n<div align=\"center\">\r\n<b style=\"text-align: justify\">\r\n<strike>DOS MEMBROS N\u00c3O NATOS<\/strike>\r\n<\/b>\r\n<\/div>\r\n<p>\r\n<\/p>\r\n<strike>\r\n<br>\r\n<\/strike>\r\n<p>\r\n<strike>Art. 8\u00ba Nas reuni\u00f5es da referida comiss\u00e3o poder\u00e3o comparecer, quando convidados pelo presidente, servidores e\/ou discentes, a fim de prestarem esclarecimentos sobre assuntos que lhes forem pertinentes, sem direito a voto.<\/strike>\r\n<\/p>\r\n<p>\r\n<strike>Par\u00e1grafo \u00fanico. As reuni\u00f5es deste \u00f3rg\u00e3o colegiado, cujos membros possu\u00edrem domic\u00edlio e\/ou resid\u00eancia legal ou estiverem em local diverso da realiza\u00e7\u00e3o da atividade ser\u00e3o realizadas por videoconfer\u00eancia, sem pagamento de di\u00e1rias e deslocamento.<\/strike>\r\n<\/p>\r\n<strike>\r\n<br>\r\n<\/strike>\r\n<p>\r\n<strike>\r\n<b>\r\n<\/b>\r\n<\/strike>\r\n<\/p>\r\n<div align=\"center\">\r\n<b style=\"text-align: justify\">\r\n<strike>T\u00cdTULO VIII<\/strike>\r\n<\/b>\r\n<\/div>\r\n<p>\r\n<\/p>\r\n<p>\r\n<strike>\r\n<b>\r\n<\/b>\r\n<\/strike>\r\n<\/p>\r\n<div align=\"center\">\r\n<b style=\"text-align: justify\">\r\n<strike>DOS RELAT\u00d3RIOS PERI\u00d3DICOS E DO RELAT\u00d3RIO FINAL<\/strike>\r\n<\/b>\r\n<\/div>\r\n<p>\r\n<\/p>\r\n<strike>\r\n<br>\r\n<\/strike>\r\n<p>\r\n<strike>Art. 9\u00ba A Comiss\u00e3o de Ensino, Pesquisa e Extens\u00e3o vinculada a subunidade respons\u00e1vel pelos projetos do Centro de Educa\u00e7\u00e3o emitir\u00e1 os pareceres para o registro no Portal de Projetos da UFSM bem como a avalia\u00e7\u00e3o dos mesmos.<\/strike>\r\n<\/p>\r\n<strike>\r\n<br>\r\n<\/strike>\r\n<p>\r\n<strike>\r\n<b>\r\n<\/b>\r\n<\/strike>\r\n<\/p>\r\n<div align=\"center\">\r\n<b style=\"text-align: justify\">\r\n<strike>T\u00cdTULO IX<\/strike>\r\n<\/b>\r\n<\/div>\r\n<p>\r\n<\/p>\r\n<p>\r\n<strike>\r\n<b>\r\n<\/b>\r\n<\/strike>\r\n<\/p>\r\n<div align=\"center\">\r\n<b style=\"text-align: justify\">\r\n<strike>DAS DISPOSI\u00c7\u00d5ES GERAIS E TRANSIT\u00d3RIAS<\/strike>\r\n<\/b>\r\n<\/div>\r\n<p>\r\n<\/p>\r\n<strike>\r\n<br>\r\n<\/strike>\r\n<p>\r\n<strike>Art. 10 \u00c9 vedada a divulga\u00e7\u00e3o de discuss\u00f5es em curso sem a pr\u00e9via anu\u00eancia do Diretor do Centro de Educa\u00e7\u00e3o, no que se refere a Comiss\u00e3o de Ensino, Pesquisa e Extens\u00e3o vinculada a subunidade respons\u00e1vel pelos projetos da Dire\u00e7\u00e3o do Centro de Educa\u00e7\u00e3o, unidade ao qual este \u00f3rg\u00e3o colegiado est\u00e1 vinculado.<\/strike>\r\n<\/p>\r\n<p>\r\n<strike>Art. 11 \u00c9 vedada a possibilidade de cria\u00e7\u00e3o de subcolegiados por atos destes colegiados.<\/strike>\r\n<\/p>\r\n<p>\r\n<strike>Par\u00e1grafo \u00fanico.  A mera necessidade de reuni\u00f5es eventuais para debate, articula\u00e7\u00e3o ou trabalho que envolva agentes p\u00fablicos da administra\u00e7\u00e3o p\u00fablica federal n\u00e3o ser\u00e1 admitida como fundamento para as propostas de que trata a presente resolu\u00e7\u00e3o.<\/strike>\r\n<\/p>\r\n\r\n<p>\r\n<strike>Art. 12 As reuni\u00f5es deste \u00f3rg\u00e3o colegiado cujos membros estejam em entes federativos diversos ser\u00e3o realizadas por videoconfer\u00eancia.<\/strike>\r\n<\/p>\r\n<p>\r\n<strike>Par\u00e1grafo \u00fanico. Na hip\u00f3tese de ser demonstrada, de modo fundamentado, a inviabilidade ou a inconveni\u00eancia de se realizar a reuni\u00e3o por videoconfer\u00eancia, ser\u00e3o estimados os gastos com di\u00e1rias e passagens dos membros deste colegiado, assim como, a comprova\u00e7\u00e3o da disponibilidade or\u00e7ament\u00e1ria e financeira para o exerc\u00edcio em curso.<\/strike>\r\n<\/p>\r\n\r\n<p>\r\n<strike>Art. 13 A mera necessidade de reuni\u00f5es eventuais para debate, articula\u00e7\u00e3o ou trabalho que envolva agentes p\u00fablicos da administra\u00e7\u00e3o p\u00fablica federal n\u00e3o ser\u00e1 admitida como fundamento para as propostas de que trata a presente resolu\u00e7\u00e3o.<\/strike>\r\n<\/p>\r\n<p>\r\n<strike>Art. 14 A participa\u00e7\u00e3o dos membros deste \u00f3rg\u00e3o colegiado ser\u00e1 considerada presta\u00e7\u00e3o de servi\u00e7o p\u00fablico relevante, e n\u00e3o ser\u00e1 remunerada.<\/strike>\r\n<\/p>\r\n<p>\r\n<strike>Par\u00e1grafo \u00fanico. As atividades da Comiss\u00e3o e de seus membros n\u00e3o poder\u00e3o causar preju\u00edzo \u00e0 presta\u00e7\u00e3o do servi\u00e7o p\u00fablico pelo servidor membro do Colegiado.<\/strike>\r\n<\/p>\r\n\r\n<p>\r\n<strike>Art. 15 Esta Resolu\u00e7\u00e3o entra em vigor na data de sua assinatura, revogadas as disposi\u00e7\u00f5es em contr\u00e1rio.<\/strike>\r\n<\/p>\r\n\r\n<p>\r\n<strike>GABINETE DO REITOR DA UNIVERSIDADE FEDERAL DE SANTA MARIA, aos 13 dias do m\u00eas de dezembro do ano 2019.<\/strike>\r\n<\/p>\r\n<\/div>\r\n<p>\r\n<strike>Luciano Schuch,<\/strike>\r\n<\/p>\r\n<p>\r\n<strike>Vice-Reitor no exerc\u00edcio da Reitoria.<\/strike>\r\n<\/p>\r\n<p>\r\n\r\n<\/p>\r\n<p>\r\n<strike>\r\n<font color=\"red0000\">Este texto n\u00e3o substitui o documento original, publicado no Portal de Documentos.<\/font> Dispon\u00edvel em: <a href=\"https:\/\/portal.ufsm.br\/documentos\/publico\/documento.html?id=12878838\" style=\"color: blue !important;text-decoration: underline !important\" data-elementor-preserved=\"true\">\r\n<font color=\"blue\">https:\/\/portal.ufsm.br\/documentos\/publico\/documento.html?id=12878838<\/font>\r\n<\/a>\r\n<\/strike>\r\n<\/p>\r\n<\/font><\/div>\t\t<\/div>\n\t\t\t\t<\/div>\n\t\t\t\t\t<\/div>\n\t\t<\/div>\n\t\t\t\t\t<\/div>\n\t\t<\/section>\n\t\t\t\t<\/div>\n\t\t","protected":false},"excerpt":{"rendered":"<p>MINIST\u00c9RIO DA EDUCA\u00c7\u00c3O UNIVERSIDADE FEDERAL DE SANTA MARIA RESOLU\u00c7\u00c3O N. 044\/2019 Aprova a recria\u00e7\u00e3o do \u00f3rg\u00e3o colegiado denominado \u201cComiss\u00e3o de Ensino, Pesquisa e Extens\u00e3o\u201d (CEPEx\/CE) vinculado a subunidade respons\u00e1vel pelos projetos do Centro de Educa\u00e7\u00e3o (CE), da estrutura organizacional da Universidade Federal de Santa Maria (UFSM). Revogada pela Resolu\u00e7\u00e3o UFSM N. 231\/2025 O REITOR DA [&hellip;]<\/p>\n","protected":false},"author":205,"featured_media":0,"parent":0,"menu_order":0,"comment_status":"closed","ping_status":"closed","template":"","meta":{"footnotes":""},"categories":[],"tags":[],"class_list":["post-2965","page","type-page","status-publish","hentry"],"acf":[],"_links":{"self":[{"href":"https:\/\/www.ufsm.br\/pro-reitorias\/proplan\/wp-json\/wp\/v2\/pages\/2965","targetHints":{"allow":["GET"]}}],"collection":[{"href":"https:\/\/www.ufsm.br\/pro-reitorias\/proplan\/wp-json\/wp\/v2\/pages"}],"about":[{"href":"https:\/\/www.ufsm.br\/pro-reitorias\/proplan\/wp-json\/wp\/v2\/types\/page"}],"author":[{"embeddable":true,"href":"https:\/\/www.ufsm.br\/pro-reitorias\/proplan\/wp-json\/wp\/v2\/users\/205"}],"replies":[{"embeddable":true,"href":"https:\/\/www.ufsm.br\/pro-reitorias\/proplan\/wp-json\/wp\/v2\/comments?post=2965"}],"version-history":[{"count":0,"href":"https:\/\/www.ufsm.br\/pro-reitorias\/proplan\/wp-json\/wp\/v2\/pages\/2965\/revisions"}],"wp:attachment":[{"href":"https:\/\/www.ufsm.br\/pro-reitorias\/proplan\/wp-json\/wp\/v2\/media?parent=2965"}],"wp:term":[{"taxonomy":"category","embeddable":true,"href":"https:\/\/www.ufsm.br\/pro-reitorias\/proplan\/wp-json\/wp\/v2\/categories?post=2965"},{"taxonomy":"post_tag","embeddable":true,"href":"https:\/\/www.ufsm.br\/pro-reitorias\/proplan\/wp-json\/wp\/v2\/tags?post=2965"}],"curies":[{"name":"wp","href":"https:\/\/api.w.org\/{rel}","templated":true}]}}