{"id":2967,"date":"2019-12-18T08:47:13","date_gmt":"2019-12-18T11:47:13","guid":{"rendered":"https:\/\/www.ufsm.br\/pro-reitorias\/proplan\/?page_id=2967"},"modified":"2026-01-09T10:49:40","modified_gmt":"2026-01-09T13:49:40","slug":"resolucao-n-045-2019","status":"publish","type":"page","link":"https:\/\/www.ufsm.br\/pro-reitorias\/proplan\/resolucao-n-045-2019","title":{"rendered":"Resolu\u00e7\u00e3o N. 045\/2019"},"content":{"rendered":"\t\t<div data-elementor-type=\"wp-page\" data-elementor-id=\"2967\" class=\"elementor elementor-2967\">\n\t\t\t\t\t\t<section class=\"elementor-section elementor-top-section elementor-element elementor-element-8725711 elementor-section-boxed elementor-section-height-default elementor-section-height-default\" data-id=\"8725711\" data-element_type=\"section\">\n\t\t\t\t\t\t<div class=\"elementor-container elementor-column-gap-default\">\n\t\t\t\t\t<div class=\"elementor-column elementor-col-100 elementor-top-column elementor-element elementor-element-ab96f50\" data-id=\"ab96f50\" data-element_type=\"column\">\n\t\t\t<div class=\"elementor-widget-wrap elementor-element-populated\">\n\t\t\t\t\t\t<div class=\"elementor-element elementor-element-64abfc9 elementor-widget elementor-widget-html\" data-id=\"64abfc9\" data-element_type=\"widget\" data-widget_type=\"html.default\">\n\t\t\t\t<div class=\"elementor-widget-container\">\n\t\t\t\r\n\r\n\r\n<title><b>RESOLU\u00c7\u00c3O N. 045\/2019<\/b><\/title>\r\n\r\n\r\n<div align=\"center\"><img decoding=\"async\" src=\"https:\/\/www.ufsm.br\/pro-reitorias\/proplan\/wp-content\/uploads\/sites\/344\/2019\/09\/brasao-da-republica-do-brasil-logo.png\" alt=\"Bras\u00e3o Rep\u00fablica Federativa do Brasil\" width=\"6%\" height=\"6%\"><\/div>    \r\n<h1><font color=\"blue\"><font size=\"5\"><div align=\"center\">MINIST\u00c9RIO DA EDUCA\u00c7\u00c3O<\/b><\/font><\/font><\/div><\/H1>\r\n<p><b><font color=\"0000blue\"><div align=\"center\">UNIVERSIDADE FEDERAL DE SANTA MARIA<\/b><\/font><\/div><\/p>\r\n\r\n<p><div align=\"center\"><b><a href=\"https:\/\/portal.ufsm.br\/documentos\/publico\/documento.html?id=12878921\"><font color=\"blue\">RESOLU\u00c7\u00c3O N. 045\/2019<\/font><\/a><\/b><\/div><\/p>\r\n<br>\r\n\r\n    <div style=\"color: #800000;width: 60%;margin-left: auto;margin-right: 0;text-align: justify;font-weight: normal\">Aprova a recria\u00e7\u00e3o do \u00f3rg\u00e3o Colegiado denominado \u201cComiss\u00e3o Permanente de Legisla\u00e7\u00e3o, Normas, Ensino, Pesquisa e Extens\u00e3o (CPLNEPE-POLI)\u201d vinculadas ao Col\u00e9gio Polit\u00e9cnico (POLI), da estrutura organizacional da Universidade Federal de Santa Maria (UFSM).<\/font><\/div><\/p>\r\n<br><div align=\"justify\">\r\n<p>O REITOR DA UNIVERSIDADE FEDERAL DE SANTA MARIA, no uso de suas atribui\u00e7\u00f5es legais e estatut\u00e1rias e considerando:<\/p>\r\n<p>\u2013 o Art. 56 da <a href=\"http:\/\/www.planalto.gov.br\/ccivil_03\/leis\/l9394.htm\" target=\"_blank\"><font color=\"blue\"><u>Lei N. 9.394, de 20 de dezembro de 1996<\/u><\/font><\/a>, que estabelece as diretrizes e bases da educa\u00e7\u00e3o nacional;<\/p>\r\n<p>\u2013 o <a href=\"http:\/\/www.planalto.gov.br\/ccivil_03\/_ato2015-2018\/2017\/decreto\/D9191.htm\" target=\"_blank\"><font color=\"blue\"><u>Decreto N. 9.191, de 1\u00b0 de novembro de 2017<\/u><\/font><\/a>, que estabelece as normas e as diretrizes para elabora\u00e7\u00e3o, reda\u00e7\u00e3o, altera\u00e7\u00e3o, consolida\u00e7\u00e3o e encaminhamento de propostas de atos normativos ao Presidente da Rep\u00fablica pelos Ministros de Estado;<\/p>\r\n<p>\u2013 o <a href=\"http:\/\/www.planalto.gov.br\/ccivil_03\/_ato2019-2022\/2019\/decreto\/D9759.htm\" target=\"_blank\"><font color=\"blue\"><u>Decreto N. 9.759, de 11 de abril de 2019<\/u><\/font><\/a>, que extingue e estabelece diretrizes, regras e limita\u00e7\u00f5es para colegiados da administra\u00e7\u00e3o p\u00fablica federal;<\/p>\r\n<p>- o Artigo 7\u00ba, do cap\u00edtulo II, da Se\u00e7\u00e3o I, e os Artigos 10 ao 18, do Cap\u00edtulo II, da Se\u00e7\u00e3o III, do Regimento do Conselho Diretor do Col\u00e9gio Polit\u00e9cnico da UFSM, aprovado na 7\u00aa sess\u00e3o do Conselho Diretor, de 07 de abril de 2017; <\/p>\r\n<p>- o Parecer N. 159\/2019 da Comiss\u00e3o de Legisla\u00e7\u00e3o e Normas (CLN), aprovado na 944\u00aa Sess\u00e3o do Conselho de Ensino, Pesquisa e Extens\u00e3o, de 06 de dezembro de 2019, referente ao Processo N. <a href=\"https:\/\/portal.ufsm.br\/documentos\/publico\/processo\/documento.html?idDocumento=12755778\" target=\"_blank\"><font color=\"blue\"><u>23081.056713\/2019-99<\/u><\/font><\/a>; e,<\/p>\r\n<p>- o Parecer N. 175\/2019 da Comiss\u00e3o de Legisla\u00e7\u00e3o e Regimentos (CLR), aprovado na 825\u00aa Sess\u00e3o do Conselho Universit\u00e1rio, de 13 de dezembro de 2019, referente ao Processo N. <a href=\"https:\/\/portal.ufsm.br\/documentos\/publico\/processo\/documento.html?idDocumento=12755778\" target=\"_blank\"><font color=\"blue\"><u>23081.056713\/2019-99<\/u><\/font><\/a>.<\/p>\r\n<br>\r\n<p><b><div align=\"center\">RESOLVE:<\/b><\/div><\/p>\r\n<br>\r\n<p>Art. 1\u00ba Aprovar a recria\u00e7\u00e3o do \u00f3rg\u00e3o colegiado denominado \u201cComiss\u00e3o Permanente de Legisla\u00e7\u00e3o, Normas, Ensino, Pesquisa e Extens\u00e3o (CPLNEPE-POLI)\u201d vinculado ao Col\u00e9gio Polit\u00e9cnico (POLI) da estrutura organizacional da Universidade Federal de Santa Maria (UFSM), conforme estabelecem o Artigo 7\u00ba, do Cap\u00edtulo II, da Se\u00e7\u00e3o I, e os artigos 10 ao 18, do Cap\u00edtulo II, da Se\u00e7\u00e3o III, do Regimento do Conselho Diretor do Col\u00e9gio Polit\u00e9cnico da UFSM, aprovado na 7\u00aa sess\u00e3o do Conselho Diretor, de 07 de abril de 2017.<\/p>\r\n<br>\r\n<p><b><div align=\"center\">T\u00cdTULO I<\/b><\/div><\/p>\r\n<p><b><div align=\"center\">DAS COMPET\u00caNCIAS<\/b><\/div><\/p>\r\n<br>\r\n<p>Art. 2\u00ba \u00c0 Comiss\u00e3o Permanente de Legisla\u00e7\u00e3o, Normas, Ensino, Pesquisa e Extens\u00e3o (CPLNEPE) nos limites de sua compet\u00eancia, cabe:<\/p>\r\n<p>I - opinar pr\u00e9via e conclusivamente sobre mat\u00e9ria a ser apreciada e votada pelo Conselho;<\/p>\r\n<p>II - responder \u00e0s consultas encaminhadas pelo presidente do Conselho e pelos Presidentes de outras Comiss\u00f5es;<\/p>\r\n<p>III - tomar a iniciativa de indica\u00e7\u00e3o, medidas e sugest\u00f5es que constitu\u00edrem objeto de aprecia\u00e7\u00e3o do Conselho;<\/p>\r\n<p>IV - promover e sugerir a instru\u00e7\u00e3o de processos e fazer cumprir as dilig\u00eancias determinadas pelo Conselho.<\/p>\r\n<p>Par\u00e1grafo \u00fanico. As compet\u00eancias e atribui\u00e7\u00f5es da Comiss\u00e3o Permanente de Legisla\u00e7\u00e3o, Normas, Ensino, Pesquisa e Extens\u00e3o est\u00e3o previstas no Regimento do Conselho Diretor aprovado na 7\u00aa Sess\u00e3o do Conselho Diretor do Col\u00e9gio Polit\u00e9cnico da UFSM, em 10 de abril de 2017.<\/p>\r\n<br>\r\n<p><b><div align=\"center\">T\u00cdTULO II<\/b><\/div><\/p>\r\n<p><b><div align=\"center\">DA COMPOSI\u00c7\u00c3O E AUTORIDADE<\/b><\/div><\/p>\r\n<br>\r\n<p>Art. 3\u00ba A composi\u00e7\u00e3o da Comiss\u00e3o Permanente de Legisla\u00e7\u00e3o, Normas, Ensino, Pesquisa e Extens\u00e3o (CPLNEPE) dar-se-\u00e1 por servidores membros do quadro de pessoal permanente do Col\u00e9gio Polit\u00e9cnico da UFSM, atendendo ao disposto no Art. 6\u00b0, Inciso V do <a href=\"http:\/\/www.planalto.gov.br\/ccivil_03\/_ato2019-2022\/2019\/decreto\/D9759.htm\" target=\"_blank\"><font color=\"blue\"><u>Decreto N. 9.759 de 11 de abril de 2019<\/u><\/font><\/a>.<\/p>\r\n<p>\u00a7 1\u00ba A composi\u00e7\u00e3o da comiss\u00e3o ser\u00e1 composta por, no m\u00ednimo, 5 (cinco) membros escolhidos anualmente em reuni\u00e3o do Conselho Diretor.<\/p>\r\n<p>\u00a7 2\u00ba Qualquer conselheiro poder\u00e1 participar das reuni\u00f5es das comiss\u00f5es a que n\u00e3o pertencer, com direito a voz, mas n\u00e3o a voto.<\/p>\r\n<p>\u00a7 3\u00ba A justificativa da composi\u00e7\u00e3o da comiss\u00e3o com n\u00famero de membros superior a 7 (sete), quando for o caso, tem a conveni\u00eancia e a racionalidade dos mesmos estarem todos lotados na mesma unidade de ensino da UFSM, bem como estar geograficamente situados no Campus Sede da Institui\u00e7\u00e3o, o que n\u00e3o onera a Uni\u00e3o em custeios com deslocamentos.<\/p>\r\n<p>\u00a7 4\u00ba A oportunidade da maior quantidade de membros e diversidade de suas \u00e1reas de atua\u00e7\u00e3o faz-se necess\u00e1ria para garantir maior isen\u00e7\u00e3o e qualidade nos pareceres emitidos pela comiss\u00e3o, condi\u00e7\u00e3o que assegura o car\u00e1ter institucional e qualifica tecnicamente as decis\u00f5es tomadas.<\/p>\r\n\r\n<p>Art. 4\u00ba A Comiss\u00e3o Permanente de Legisla\u00e7\u00e3o, Normas, Ensino, Pesquisa e Extens\u00e3o eleger\u00e1 anualmente seu respectivo presidente.<\/p>\r\n<p>\u00a7 1\u00ba Na aus\u00eancia do(a) presidente em uma reuni\u00e3o a Comiss\u00e3o escolher\u00e1 entre os membros presentes um(a) presidente para essa sess\u00e3o.<\/p>\r\n<p>\u00a7 2\u00ba Cada membro poder\u00e1 ser substitu\u00eddo em qualquer \u00e9poca, sempre que houver consenso da maioria, por meio de uma solicita\u00e7\u00e3o escrita do respectivo segmento de representa\u00e7\u00e3o, ou se o pr\u00f3prio representante assim o desejar.<\/p>\r\n<br>\r\n<p><b><div align=\"center\">T\u00cdTULO III<\/b><\/div><\/p>\r\n<p><b><div align=\"center\">DO QU\u00d3RUM DE REUNI\u00c3O E DE VOTA\u00c7\u00c3O<\/b><\/div><\/p>\r\n<br>\r\n<p>Art. 5\u00ba As reuni\u00f5es acontecer\u00e3o com a presen\u00e7a m\u00ednima da maioria absoluta dos seus membros, considerando-se esse o n\u00famero legal para a vota\u00e7\u00e3o.<\/p>\r\n<p>Par\u00e1grafo \u00fanico. Quando da ocorr\u00eancia de empate na vota\u00e7\u00e3o, caber\u00e1 ao(\u00e0) Presidente da sess\u00e3o o voto qualificado.<\/p>\r\n\r\n<p>Art. 6\u00ba As convoca\u00e7\u00f5es ser\u00e3o feitas via correio eletr\u00f4nico, pelo(a) presidente, com anteced\u00eancia m\u00ednima de 48 (quarenta e oito) horas, devendo constar da mesma a Ordem do Dia.<\/p>\r\n<p>Art. 7\u00ba Havendo n\u00famero legal e declarada aberta a sess\u00e3o, proceder-se-\u00e1 a discuss\u00e3o e posterior realiza\u00e7\u00e3o dos pareceres que dever\u00e3o embasar os processos a serem analisados pelo \u00f3rg\u00e3o colegiado em quest\u00e3o.<\/p>\r\n<p>Par\u00e1grafo \u00fanico. N\u00e3o havendo qu\u00f3rum, os membros ser\u00e3o convocados para nova reuni\u00e3o 48 (quarenta e oito) horas depois, com a mesma pauta.<\/p>\r\n<br>\r\n<p><b><div align=\"center\">T\u00cdTULO IV<\/b><\/div><\/p>\r\n<p><b><div align=\"center\">DA PERIODICIDADE DAS REUNI\u00d5ES<\/b><\/div><\/p>\r\n<br>\r\n<p>Art. 8\u00ba A comiss\u00e3o Permanente de Legisla\u00e7\u00e3o, Normas, Ensino, Pesquisa e Extens\u00e3o, reunir-se-\u00e1, ordinariamente, por um turno, 1 (uma) vez por m\u00eas ou extraordinariamente, sempre que convocado(a) pelo(a) presidente ou maioria de seus membros e desde que haja demanda para o referido \u00f3rg\u00e3o colegiado.<\/p>\r\n<p>Par\u00e1grafo \u00fanico. As reuni\u00f5es deste \u00f3rg\u00e3o colegiado, cujos membros, convidados ou participantes estejam em entes federativos diversos, ser\u00e3o realizadas por videoconfer\u00eancia, sem pagamento de di\u00e1rias e deslocamento.<\/p>\r\n<br>\r\n<p><b><div align=\"center\">T\u00cdTULO V<\/b><\/div><\/p>\r\n<p><b><div align=\"center\">DO \u00d3RG\u00c3O DE APOIO ADMINISTRATIVO<\/b><\/div><\/p>\r\n<br>\r\n<p>Art. 9\u00ba A atua\u00e7\u00e3o da Comiss\u00e3o Permanente de Legisla\u00e7\u00e3o, Normas, Ensino, Pesquisa e Extens\u00e3o contar\u00e1 com o apoio administrativo da Secretaria Administrativa do Col\u00e9gio Polit\u00e9cnico da UFSM.<\/p>\r\n<br>\r\n<p><b><div align=\"center\">T\u00cdTULO VI<\/b><\/div><\/p>\r\n<p><b><div align=\"center\">DO REGIMENTO INTERNO<\/b><\/div><\/p>\r\n<br>\r\n<p>Art. 10 A Comiss\u00e3o Permanente de Legisla\u00e7\u00e3o, Normas, Ensino, Pesquisa e Extens\u00e3o ser\u00e1 regida pelo Regimento do Conselho Diretor do Col\u00e9gio Polit\u00e9cnico da UFSM aprovado na 7\u00aa Sess\u00e3o do Conselho Diretor do Col\u00e9gio Polit\u00e9cnico da UFSM, em 10 de abril de 2017.<\/p>\r\n<br>\r\n<p><b><div align=\"center\">T\u00cdTULO VII<\/b><\/div><\/p>\r\n<p><b><div align=\"center\">DOS MEMBROS N\u00c3O NATOS<\/b><\/div><\/p>\r\n<br>\r\n<p>Art. 11 A Comiss\u00e3o Permanente de Legisla\u00e7\u00e3o, Normas, Ensino, Pesquisa e Extens\u00e3o n\u00e3o ter\u00e1 a participa\u00e7\u00e3o de membros n\u00e3o natos em sua composi\u00e7\u00e3o.<\/p>\r\n<br>\r\n<p><b><div align=\"center\">T\u00cdTULO VIII<\/b><\/div><\/p>\r\n<p><b><div align=\"center\">DOS RELAT\u00d3RIOS PERI\u00d3DICOS E DO RELAT\u00d3RIO FINAL<\/b><\/div><\/p>\r\n<br>\r\n<p>Art. 12 Dadas \u00e0s compet\u00eancias e atribui\u00e7\u00f5es da Comiss\u00e3o Permanente de Legisla\u00e7\u00e3o, Normas, Ensino, Pesquisa e Extens\u00e3o n\u00e3o existir\u00e1 a emiss\u00e3o de relat\u00f3rios peri\u00f3dicos e de relat\u00f3rio final, acerca das atividades realizadas por ela.<\/p>\r\n<br> \r\n<p><b><div align=\"center\">T\u00cdTULO IX<\/b><\/div><\/p>\r\n<p><b><div align=\"center\">DAS DISPOSI\u00c7\u00d5ES GERAIS E TRANSIT\u00d3RIAS<\/b><\/div><\/p>\r\n<br>\r\n<p>Art. 13 \u00c9 vedada a divulga\u00e7\u00e3o de discuss\u00f5es em curso sem a pr\u00e9via anu\u00eancia do titular da unidade Col\u00e9gio Polit\u00e9cnico da UFSM ao qual esta comiss\u00e3o est\u00e1 vinculada. <\/p>\r\n<p>Art. 14 A participa\u00e7\u00e3o dos membros desta comiss\u00e3o ser\u00e1 considerada presta\u00e7\u00e3o de servi\u00e7o p\u00fablico relevante, e n\u00e3o ser\u00e1 remunerada.<\/p>\r\n<p>Par\u00e1grafo \u00fanico. As atividades desta comiss\u00e3o e de seus membros n\u00e3o poder\u00e1 causar preju\u00edzo \u00e0 presta\u00e7\u00e3o do servi\u00e7o p\u00fablico pelo servidor membro do Colegiado.<\/p>\r\n\r\n<p>Art. 15 As reuni\u00f5es desta comiss\u00e3o, cujos membros estejam em entes federativos diversos ser\u00e3o realizadas por videoconfer\u00eancia.<\/p>\r\n<p>Par\u00e1grafo \u00fanico. Na hip\u00f3tese de ser demonstrada, de modo fundamentado, a inviabilidade ou a inconveni\u00eancia de se realizar a reuni\u00e3o por videoconfer\u00eancia, ser\u00e3o estimados os gastos com di\u00e1rias e passagens dos membros deste colegiado, assim como, a comprova\u00e7\u00e3o da disponibilidade or\u00e7ament\u00e1ria e financeira para o exerc\u00edcio em curso.<\/p>\r\n\r\n<p>Art. 16 \u00c9 vedada a possibilidade de cria\u00e7\u00e3o de subcolegiados por ato deste colegiado, exceto se na presente Resolu\u00e7\u00e3o houver:<\/p>\r\n<p>I - limitado o n\u00famero m\u00e1ximo de seus membros;<\/p>\r\n<p>II - estabelecido car\u00e1ter tempor\u00e1rio e dura\u00e7\u00e3o n\u00e3o superior a 1 (um) ano; e<\/p>\r\n<p>III - fixado o n\u00famero m\u00e1ximo de subcolegiados que poder\u00e3o operar simultaneamente.<\/p>\r\n<p>Par\u00e1grafo \u00fanico.  A mera necessidade de reuni\u00f5es eventuais para debate, articula\u00e7\u00e3o ou trabalho que envolva agentes p\u00fablicos da administra\u00e7\u00e3o p\u00fablica federal n\u00e3o ser\u00e1 admitida como fundamento para as propostas de que trata o caput.<\/p>\r\n\r\n<p>Art. 17 Esta Resolu\u00e7\u00e3o entra em vigor na data de sua assinatura, revogadas as disposi\u00e7\u00f5es em contr\u00e1rio.<\/p>\r\n\r\n<p>GABINETE DO REITOR DA UNIVERSIDADE FEDERAL DE SANTA MARIA, aos 13 dias do m\u00eas de dezembro do ano 2019.<\/p>\r\n<\/div>\r\n<p>Luciano Schuch,<\/p>\r\n<p>Vice-Reitor no exerc\u00edcio da Reitoria.<p \/>\r\n\r\n<p><font color=\"red0000\">Este texto n\u00e3o substitui o documento original, publicado no Portal de Documentos.<\/font> Dispon\u00edvel em: <a href=\"https:\/\/portal.ufsm.br\/documentos\/publico\/documento.html?id=12878921\"><font color=\"blue\">https:\/\/portal.ufsm.br\/documentos\/publico\/documento.html?id=12878921<\/font><\/a>\r\n\r\n\t\t<\/div>\n\t\t\t\t<\/div>\n\t\t\t\t\t<\/div>\n\t\t<\/div>\n\t\t\t\t\t<\/div>\n\t\t<\/section>\n\t\t\t\t<\/div>\n\t\t","protected":false},"excerpt":{"rendered":"<p>RESOLU\u00c7\u00c3O N. 045\/2019 MINIST\u00c9RIO DA EDUCA\u00c7\u00c3O UNIVERSIDADE FEDERAL DE SANTA MARIA RESOLU\u00c7\u00c3O N. 045\/2019 Aprova a recria\u00e7\u00e3o do \u00f3rg\u00e3o Colegiado denominado \u201cComiss\u00e3o Permanente de Legisla\u00e7\u00e3o, Normas, Ensino, Pesquisa e Extens\u00e3o (CPLNEPE-POLI)\u201d vinculadas ao Col\u00e9gio Polit\u00e9cnico (POLI), da estrutura organizacional da Universidade Federal de Santa Maria (UFSM). O REITOR DA UNIVERSIDADE FEDERAL DE SANTA MARIA, no [&hellip;]<\/p>\n","protected":false},"author":205,"featured_media":0,"parent":0,"menu_order":0,"comment_status":"closed","ping_status":"closed","template":"","meta":{"footnotes":""},"categories":[],"tags":[],"class_list":["post-2967","page","type-page","status-publish","hentry"],"acf":[],"_links":{"self":[{"href":"https:\/\/www.ufsm.br\/pro-reitorias\/proplan\/wp-json\/wp\/v2\/pages\/2967","targetHints":{"allow":["GET"]}}],"collection":[{"href":"https:\/\/www.ufsm.br\/pro-reitorias\/proplan\/wp-json\/wp\/v2\/pages"}],"about":[{"href":"https:\/\/www.ufsm.br\/pro-reitorias\/proplan\/wp-json\/wp\/v2\/types\/page"}],"author":[{"embeddable":true,"href":"https:\/\/www.ufsm.br\/pro-reitorias\/proplan\/wp-json\/wp\/v2\/users\/205"}],"replies":[{"embeddable":true,"href":"https:\/\/www.ufsm.br\/pro-reitorias\/proplan\/wp-json\/wp\/v2\/comments?post=2967"}],"version-history":[{"count":0,"href":"https:\/\/www.ufsm.br\/pro-reitorias\/proplan\/wp-json\/wp\/v2\/pages\/2967\/revisions"}],"wp:attachment":[{"href":"https:\/\/www.ufsm.br\/pro-reitorias\/proplan\/wp-json\/wp\/v2\/media?parent=2967"}],"wp:term":[{"taxonomy":"category","embeddable":true,"href":"https:\/\/www.ufsm.br\/pro-reitorias\/proplan\/wp-json\/wp\/v2\/categories?post=2967"},{"taxonomy":"post_tag","embeddable":true,"href":"https:\/\/www.ufsm.br\/pro-reitorias\/proplan\/wp-json\/wp\/v2\/tags?post=2967"}],"curies":[{"name":"wp","href":"https:\/\/api.w.org\/{rel}","templated":true}]}}