{"id":2969,"date":"2019-12-18T08:47:24","date_gmt":"2019-12-18T11:47:24","guid":{"rendered":"https:\/\/www.ufsm.br\/pro-reitorias\/proplan\/?page_id=2969"},"modified":"2025-08-04T12:00:57","modified_gmt":"2025-08-04T15:00:57","slug":"resolucao-n-047-2019","status":"publish","type":"page","link":"https:\/\/www.ufsm.br\/pro-reitorias\/proplan\/resolucao-n-047-2019","title":{"rendered":"Resolu\u00e7\u00e3o N. 047\/2019"},"content":{"rendered":"\t\t<div data-elementor-type=\"wp-page\" data-elementor-id=\"2969\" class=\"elementor elementor-2969\">\n\t\t\t\t\t\t<section class=\"elementor-section elementor-top-section elementor-element elementor-element-0e02fd7 elementor-section-boxed elementor-section-height-default elementor-section-height-default\" data-id=\"0e02fd7\" data-element_type=\"section\">\n\t\t\t\t\t\t<div class=\"elementor-container elementor-column-gap-default\">\n\t\t\t\t\t<div class=\"elementor-column elementor-col-100 elementor-top-column elementor-element elementor-element-bb31f89\" data-id=\"bb31f89\" data-element_type=\"column\">\n\t\t\t<div class=\"elementor-widget-wrap elementor-element-populated\">\n\t\t\t\t\t\t<div class=\"elementor-element elementor-element-dcc3e8d elementor-widget elementor-widget-html\" data-id=\"dcc3e8d\" data-element_type=\"widget\" data-widget_type=\"html.default\">\n\t\t\t\t<div class=\"elementor-widget-container\">\n\t\t\t<br><div align=\"justify\"><font color=\"black\">\r\n<div align=\"center\">\r\n<img decoding=\"async\" src=\"https:\/\/www.ufsm.br\/pro-reitorias\/proplan\/wp-content\/uploads\/sites\/344\/2019\/09\/brasao-da-republica-do-brasil-logo.png\" alt=\"Bras\u00e3o Rep\u00fablica Federativa do Brasil\" width=\"6%\" height=\"6%\" style=\"text-align: justify\">\r\n<\/div>    \r\n<h1 style=\"text-align: justify\">\r\n<font color=\"blue\">\r\n<font size=\"5\">\r\n<\/font>\r\n<\/font>\r\n<div align=\"center\">\r\n<font color=\"blue\" style=\"text-align: justify\">\r\n<font size=\"5\">MINIST\u00c9RIO DA EDUCA\u00c7\u00c3O<\/font>\r\n<\/font>\r\n<\/div>\r\n<\/h1>\r\n<p>\r\n<b>\r\n<font color=\"0000blue\">\r\n<\/font>\r\n<\/b>\r\n<\/p>\r\n<div align=\"center\">\r\n<b style=\"text-align: justify\">\r\n<font color=\"0000blue\">UNIVERSIDADE FEDERAL DE SANTA MARIA<\/font>\r\n<\/b>\r\n<\/div>\r\n<p>\r\n<\/p>\r\n\r\n<p>\r\n<\/p>\r\n<div align=\"center\">\r\n<b style=\"text-align: justify\">\r\n<a href=\"https:\/\/portal.ufsm.br\/documentos\/publico\/documento.html?id=12879117\" style=\"color: blue !important;text-decoration: underline !important\" data-elementor-preserved=\"true\">\r\n<font color=\"blue\">RESOLU\u00c7\u00c3O N. 047\/2019<\/font>\r\n<\/a>\r\n<\/b>\r\n<\/div>\r\n<p>\r\n<\/p>\r\n<br>\r\n<p>\r\n<\/p>\r\n<div align=\"right\">\r\n<font color=\"800000\" style=\"text-align: justify\">Aprova a recria\u00e7\u00e3o do \u00f3rg\u00e3o colegiado denominado \u201cComiss\u00e3o de Legisla\u00e7\u00e3o e Normas (CLN-CCS)\u201d vinculado ao Centro de Ci\u00eancias Sa\u00fade (CCS) da estrutura organizacional da Universidade Federal de Santa Maria (UFSM).<\/font>\r\n<\/div>\r\n<p>\r\n<\/p>\r\nRevogada pela <a href=\"https:\/\/www.ufsm.br\/pro-reitorias\/proplan\/resolucao-ufsm-no-219-2025\" style=\"color: blue !important;text-decoration: underline !important\" data-elementor-preserved=\"true\">Resolu\u00e7\u00e3o N. 219\/2025<\/a>\r\n<div>\r\n<br>\r\n<div align=\"justify\">\r\n<p>\r\n<strike>O REITOR DA UNIVERSIDADE FEDERAL DE SANTA MARIA, no uso de suas atribui\u00e7\u00f5es legais e estatut\u00e1rias e considerando:<\/strike>\r\n<\/p>\r\n<p>\r\n<strike>\u2013 o Art. 56 da <a href=\"http:\/\/www.planalto.gov.br\/ccivil_03\/leis\/l9394.htm\" style=\"color: blue !important;text-decoration: underline !important\" data-elementor-preserved=\"true\" target=\"_blank\">\r\n<font color=\"blue\">Lei N. 9.394, de 20 de dezembro de 1996<\/font>\r\n<\/a>, que estabelece as diretrizes e bases da educa\u00e7\u00e3o nacional;<\/strike>\r\n<\/p>\r\n<p>\r\n<strike>\u2013 o <a href=\"http:\/\/www.planalto.gov.br\/ccivil_03\/_ato2015-2018\/2017\/decreto\/D9191.htm\" style=\"color: blue !important;text-decoration: underline !important\" data-elementor-preserved=\"true\" target=\"_blank\">\r\n<font color=\"blue\">Decreto N. 9.191, de 1\u00b0 de novembro de 2017<\/font>\r\n<\/a>, que estabelece as normas e as diretrizes para elabora\u00e7\u00e3o, reda\u00e7\u00e3o, altera\u00e7\u00e3o, consolida\u00e7\u00e3o e encaminhamento de propostas de atos normativos ao Presidente da Rep\u00fablica pelos Ministros de Estado;<\/strike>\r\n<\/p>\r\n<p>\r\n<strike>\u2013 o <a href=\"http:\/\/www.planalto.gov.br\/ccivil_03\/_ato2019-2022\/2019\/decreto\/D9759.htm\" style=\"color: blue !important;text-decoration: underline !important\" data-elementor-preserved=\"true\" target=\"_blank\">\r\n<font color=\"blue\">Decreto N. 9.759, de 11 de abril de 2019<\/font>\r\n<\/a>, que extingue e estabelece diretrizes, regras e limita\u00e7\u00f5es para colegiados da administra\u00e7\u00e3o p\u00fablica federal;<\/strike>\r\n<\/p>\r\n<p>\r\n<strike>- o Artigo 22 da <a href=\"https:\/\/www.ufsm.br\/pro-reitorias\/proplan\/resolucao-n-028-2018\/\" style=\"color: blue !important;text-decoration: underline !important\" data-elementor-preserved=\"true\" target=\"_blank\">\r\n<font color=\"blue\">Resolu\u00e7\u00e3o N. 028\/2018, de 11 de dezembro de 2018<\/font>\r\n<\/a>, que aprova o <a href=\"https:\/\/www.ufsm.br\/pro-reitorias\/proplan\/regimento-interno-do-centro-de-ciencias-da-saude\/\" style=\"color: blue !important;text-decoration: underline !important\" data-elementor-preserved=\"true\" target=\"_blank\">\r\n<font color=\"blue\">Regimento Interno do CCS da UFSM<\/font>\r\n<\/a>;<\/strike>\r\n<\/p>\r\n<p>\r\n<strike>- o Parecer N. 156\/2019 da Comiss\u00e3o de Legisla\u00e7\u00e3o e Normas (CLN), aprovado na sess\u00e3o 944\u00aa do Conselho de Ensino, Pesquisa e Extens\u00e3o, de 06 de dezembro de 2019, referente ao processo N. <a href=\"https:\/\/portal.ufsm.br\/documentos\/publico\/processo\/documento.html?idDocumento=12782131\" style=\"color: blue !important;text-decoration: underline !important\" data-elementor-preserved=\"true\" target=\"_blank\">\r\n<font color=\"blue\">23081.058043\/2019-45<\/font>\r\n<\/a>;<\/strike>\r\n<\/p>\r\n<p>\r\n<strike>- o Parecer N. 179\/2019 da Comiss\u00e3o de Legisla\u00e7\u00e3o e Regimentos (CLR), aprovado na sess\u00e3o 825\u00aa do Conselho Universit\u00e1rio, de 13 de dezembro de 2019, referente ao processo N. <a href=\"https:\/\/portal.ufsm.br\/documentos\/publico\/processo\/documento.html?idDocumento=12782131\" style=\"color: blue !important;text-decoration: underline !important\" data-elementor-preserved=\"true\" target=\"_blank\">\r\n<font color=\"blue\">23081.058043\/2019-45<\/font>\r\n<\/a>.<\/strike>\r\n<\/p>\r\n<strike>\r\n<br>\r\n<\/strike>\r\n<p>\r\n<strike>\r\n<b>\r\n<\/b>\r\n<\/strike>\r\n<\/p>\r\n<div align=\"center\">\r\n<b style=\"text-align: justify\">\r\n<strike>RESOLVE:<\/strike>\r\n<\/b>\r\n<\/div>\r\n<p>\r\n<\/p>\r\n<strike>\r\n<br>\r\n<\/strike>\r\n<p>\r\n<strike>Art. 1\u00ba  Aprovar a recria\u00e7\u00e3o do \u00f3rg\u00e3o colegiado denominado \u201cComiss\u00e3o de Legisla\u00e7\u00e3o e Normas (CLN-CCS)\u201d vinculado ao Centro de Ci\u00eancias da Sa\u00fade (CCS) da estrutura organizacional da Universidade Federal de Santa Maria (UFSM), conforme estabelece o Artigo 22 da <a href=\"https:\/\/www.ufsm.br\/pro-reitorias\/proplan\/resolucao-n-028-2018\/\" style=\"color: blue !important;text-decoration: underline !important\" data-elementor-preserved=\"true\" target=\"_blank\">\r\n<font color=\"blue\">Resolu\u00e7\u00e3o N. 028\/2018, de 11 de dezembro de 2018<\/font>\r\n<\/a>, que aprova o <a href=\"https:\/\/www.ufsm.br\/pro-reitorias\/proplan\/regimento-interno-do-centro-de-ciencias-da-saude\/\" style=\"color: blue !important;text-decoration: underline !important\" data-elementor-preserved=\"true\" target=\"_blank\">\r\n<font color=\"blue\">Regimento Interno do CCS da UFSM<\/font>\r\n<\/a>.<\/strike>\r\n<\/p>\r\n<strike>\r\n<br>\r\n<\/strike>\r\n<p>\r\n<strike>\r\n<b>\r\n<\/b>\r\n<\/strike>\r\n<\/p>\r\n<div align=\"center\">\r\n<b style=\"text-align: justify\">\r\n<strike>T\u00cdTULO I<\/strike>\r\n<\/b>\r\n<\/div>\r\n<p>\r\n<\/p>\r\n<p>\r\n<strike>\r\n<b>\r\n<\/b>\r\n<\/strike>\r\n<\/p>\r\n<div align=\"center\">\r\n<b style=\"text-align: justify\">\r\n<strike>DAS COMPET\u00caNCIAS<\/strike>\r\n<\/b>\r\n<\/div>\r\n<p>\r\n<\/p>\r\n<strike>\r\n<br>\r\n<\/strike>\r\n<p>\r\n<strike>Art. 2\u00ba  Cabe \u00e0 Comiss\u00e3o de Legisla\u00e7\u00e3o e Normas:<\/strike>\r\n<\/p>\r\n<p>\r\n<strike>I - analisar e dar parecer sobre todos os processos encaminhados ao Conselho do Centro de Ci\u00eancias da Sa\u00fade que exijam interpreta\u00e7\u00e3o \u00e0 luz de leis, estatutos, regimentos, normas e outros documentos legais;<\/strike>\r\n<\/p>\r\n<p>\r\n<strike>II - propor ao Conselho normas de funcionamento e regimentos internos de \u00f3rg\u00e3os de assessoria da Dire\u00e7\u00e3o ou do pr\u00f3prio Conselho;<\/strike>\r\n<\/p>\r\n<p>\r\n<strike>III - analisar e dar parecer sobre todos os processos referentes a concursos p\u00fablicos a serem realizados no \u00e2mbito do Centro de Ci\u00eancias da Sa\u00fade.<\/strike>\r\n<\/p>\r\n<strike>\r\n<br>\r\n<\/strike>\r\n<p>\r\n<strike>\r\n<b>\r\n<\/b>\r\n<\/strike>\r\n<\/p>\r\n<div align=\"center\">\r\n<b style=\"text-align: justify\">\r\n<strike>T\u00cdTULO II<\/strike>\r\n<\/b>\r\n<\/div>\r\n<p>\r\n<\/p>\r\n<p>\r\n<strike>\r\n<b>\r\n<\/b>\r\n<\/strike>\r\n<\/p>\r\n<div align=\"center\">\r\n<b style=\"text-align: justify\">\r\n<strike>DA COMPOSI\u00c7\u00c3O E AUTORIDADE<\/strike>\r\n<\/b>\r\n<\/div>\r\n<p>\r\n<\/p>\r\n<strike>\r\n<br>\r\n<\/strike>\r\n<p>\r\n<strike>Art. 3\u00ba  A Comiss\u00e3o de Legisla\u00e7\u00e3o e Normas ser\u00e1 constitu\u00edda de, no m\u00ednimo, 5 (cinco) membros eleitos anualmente, na primeira sess\u00e3o plen\u00e1ria do Conselho da Unidade de Ensino.<\/strike>\r\n<\/p>\r\n<p>\r\n<strike>\u00a7 1\u00ba  Dentre os membros da Comiss\u00e3o de Legisla\u00e7\u00e3o e Normas haver\u00e1 pelo menos 1 (um) chefe de departamento, um coordenador de curso e 1 (um) t\u00e9cnico administrativo em educa\u00e7\u00e3o.<\/strike>\r\n<\/p>\r\n<p>\r\n<strike>\u00a7 2\u00ba  Cabe \u00e0 Dire\u00e7\u00e3o do Centro encaminhar \u00e0 Comiss\u00e3o os processos para an\u00e1lise e parecer.<\/strike>\r\n<\/p>\r\n<p>\r\n<strike>\u00a7 3\u00ba  Poder\u00e1 haver uma \u00fanica recondu\u00e7\u00e3o para participa\u00e7\u00e3o da CLN em per\u00edodos subsequentes.<\/strike>\r\n<\/p>\r\n<p>\r\n<strike>\u00a7 4\u00ba  A CLN poder\u00e1 ter mais que sete membros devido a necessidade de representatividade de todas as categorias que comp\u00f5em o CCS.<\/strike>\r\n<\/p>\r\n<p>\r\n<strike>\u00a7 5\u00ba  O Presidente da Comiss\u00e3o ser\u00e1 eleito dentre os seus pares.<\/strike>\r\n<\/p>\r\n<strike>\r\n<br>\r\n<\/strike>\r\n<p>\r\n<strike>\r\n<b>\r\n<\/b>\r\n<\/strike>\r\n<\/p>\r\n<div align=\"center\">\r\n<b style=\"text-align: justify\">\r\n<strike>T\u00cdTULO III<\/strike>\r\n<\/b>\r\n<\/div>\r\n<p>\r\n<\/p>\r\n<p>\r\n<strike>\r\n<b>\r\n<\/b>\r\n<\/strike>\r\n<\/p>\r\n<div align=\"center\">\r\n<b style=\"text-align: justify\">\r\n<strike>DO QU\u00d3RUM DE REUNI\u00c3O E DE VOTA\u00c7\u00c3O<\/strike>\r\n<\/b>\r\n<\/div>\r\n<p>\r\n<\/p>\r\n<strike>\r\n<br>\r\n<\/strike>\r\n<p>\r\n<strike>Art. 4\u00ba  A reuni\u00e3o da Comiss\u00e3o de Legisla\u00e7\u00e3o e Normas dar-se-\u00e1 com a presen\u00e7a m\u00ednima da maioria absoluta dos seus membros, considerando-se esse o n\u00famero legal para vota\u00e7\u00e3o.<\/strike>\r\n<\/p>\r\n<strike>\r\n<br>\r\n<\/strike>\r\n<p>\r\n<strike>\r\n<b>\r\n<\/b>\r\n<\/strike>\r\n<\/p>\r\n<div align=\"center\">\r\n<b style=\"text-align: justify\">\r\n<strike>T\u00cdTULO IV<\/strike>\r\n<\/b>\r\n<\/div>\r\n<p>\r\n<\/p>\r\n<p>\r\n<strike>\r\n<b>\r\n<\/b>\r\n<\/strike>\r\n<\/p>\r\n<div align=\"center\">\r\n<b style=\"text-align: justify\">\r\n<strike>DA PERIODICIDADE DAS REUNI\u00d5ES<\/strike>\r\n<\/b>\r\n<\/div>\r\n<p>\r\n<\/p>\r\n<strike>\r\n<br>\r\n<\/strike>\r\n<p>\r\n<strike>Art. 5\u00ba  As reuni\u00f5es ordin\u00e1rias da Comiss\u00e3o de Legisla\u00e7\u00e3o e Normas ocorrer\u00e3o na 3\u00aa (terceira) quarta-feira do m\u00eas, na semana anterior \u00e0 realiza\u00e7\u00e3o da reuni\u00e3o do Conselho do Centro de Ci\u00eancias da Sa\u00fade.<\/strike>\r\n<\/p>\r\n<p>\r\n<strike>\u00a7  1\u00ba Em situa\u00e7\u00f5es excepcionais poder\u00e3o ser convocadas reuni\u00f5es extraordin\u00e1rias, pelo Presidente da Comiss\u00e3o.<\/strike>\r\n<\/p>\r\n<p>\r\n<strike>\u00a7  2\u00ba As reuni\u00f5es deste \u00f3rg\u00e3o colegiado, cujos membros convidados ou participantes estejam em entes federativos diversos, ser\u00e3o realizadas por videoconfer\u00eancia, sem pagamento de di\u00e1rias e deslocamento.<\/strike>\r\n<\/p>\r\n<strike>\r\n<br>\r\n<\/strike>\r\n<p>\r\n<strike>\r\n<b>\r\n<\/b>\r\n<\/strike>\r\n<\/p>\r\n<div align=\"center\">\r\n<b style=\"text-align: justify\">\r\n<strike>T\u00cdTULO V<\/strike>\r\n<\/b>\r\n<\/div>\r\n<p>\r\n<\/p>\r\n<p>\r\n<strike>\r\n<b>\r\n<\/b>\r\n<\/strike>\r\n<\/p>\r\n<div align=\"center\">\r\n<b style=\"text-align: justify\">\r\n<strike>DO \u00d3RG\u00c3O DE APOIO ADMINISTRATIVO<\/strike>\r\n<\/b>\r\n<\/div>\r\n<p>\r\n<\/p>\r\n<strike>\r\n<br>\r\n<\/strike>\r\n<p>\r\n<strike>Art.  6\u00ba A Secretaria do Centro de Ci\u00eancias da Sa\u00fade ser\u00e1 a respons\u00e1vel por prestar o apoio administrativo nas demandas da Comiss\u00e3o.<\/strike>\r\n<\/p>\r\n<strike>\r\n<br>\r\n<\/strike>\r\n<p>\r\n<strike>\r\n<b>\r\n<\/b>\r\n<\/strike>\r\n<\/p>\r\n<div align=\"center\">\r\n<b style=\"text-align: justify\">\r\n<strike>T\u00cdTULO VI<\/strike>\r\n<\/b>\r\n<\/div>\r\n<p>\r\n<\/p>\r\n<p>\r\n<strike>\r\n<b>\r\n<\/b>\r\n<\/strike>\r\n<\/p>\r\n<div align=\"center\">\r\n<b style=\"text-align: justify\">\r\n<strike>DO REGIMENTO INTERNO<\/strike>\r\n<\/b>\r\n<\/div>\r\n<p>\r\n<\/p>\r\n<strike>\r\n<br>\r\n<\/strike>\r\n<p>\r\n<strike>Art. 7\u00ba  A CLN do CCS ter\u00e1 Regimento pr\u00f3prio aprovado pelo Conselho do CCS.<\/strike>\r\n<\/p>\r\n<strike>\r\n<br>\r\n<\/strike>\r\n<p>\r\n<strike>\r\n<b>\r\n<\/b>\r\n<\/strike>\r\n<\/p>\r\n<div align=\"center\">\r\n<b style=\"text-align: justify\">\r\n<strike>T\u00cdTULO VII<\/strike>\r\n<\/b>\r\n<\/div>\r\n<p>\r\n<\/p>\r\n<p>\r\n<strike>\r\n<b>\r\n<\/b>\r\n<\/strike>\r\n<\/p>\r\n<div align=\"center\">\r\n<b style=\"text-align: justify\">\r\n<strike>DOS MEMBROS N\u00c3O NATOS<\/strike>\r\n<\/b>\r\n<\/div>\r\n<p>\r\n<\/p>\r\n<strike>\r\n<br>\r\n<\/strike>\r\n<p>\r\n<strike>Art. 8\u00ba  Nas reuni\u00f5es do referido \u00f3rg\u00e3o colegiado poder\u00e3o comparecer, quando convidados pelo presidente, servidores e\/ou discentes, a fim de prestarem esclarecimentos sobre assuntos que lhes forem pertinentes.<\/strike>\r\n<\/p>\r\n<p>\r\n<strike>Par\u00e1grafo \u00fanico. As reuni\u00f5es deste \u00f3rg\u00e3o colegiado, cujos membros possu\u00edrem domic\u00edlio e\/ou resid\u00eancia legal ou estiverem em local diverso da realiza\u00e7\u00e3o da atividade ser\u00e3o realizadas por videoconfer\u00eancia, sem pagamento de di\u00e1rias e deslocamento.<\/strike>\r\n<\/p>\r\n<strike>\r\n<br>\r\n<\/strike>\r\n<p>\r\n<strike>\r\n<b>\r\n<\/b>\r\n<\/strike>\r\n<\/p>\r\n<div align=\"center\">\r\n<b style=\"text-align: justify\">\r\n<strike>T\u00cdTULO VIII<\/strike>\r\n<\/b>\r\n<\/div>\r\n<p>\r\n<\/p>\r\n<p>\r\n<strike>\r\n<b>\r\n<\/b>\r\n<\/strike>\r\n<\/p>\r\n<div align=\"center\">\r\n<b style=\"text-align: justify\">\r\n<strike>DOS RELAT\u00d3RIOS PERI\u00d3DICOS E DO RELAT\u00d3RIO FINAL<\/strike>\r\n<\/b>\r\n<\/div>\r\n<p>\r\n<\/p>\r\n<strike>\r\n<br>\r\n<\/strike>\r\n<p>\r\n<strike>Art. 9\u00ba  Ser\u00e3o geradas, em cada reuni\u00e3o da CLN, atas explicitando as atividades realizadas.<\/strike>\r\n<\/p>\r\n<p>\r\n<strike>Art. 10  Ser\u00e1 apresentado relat\u00f3rio anual sucinto das atividades realizadas pela CLN ao Conselho da Unidade de Ensino e \u00e0 Dire\u00e7\u00e3o do CCS.<\/strike>\r\n<\/p>\r\n<strike>\r\n<br> \r\n<\/strike>\r\n<p>\r\n<strike>\r\n<b>\r\n<\/b>\r\n<\/strike>\r\n<\/p>\r\n<div align=\"center\">\r\n<b style=\"text-align: justify\">\r\n<strike>T\u00cdTULO IX<\/strike>\r\n<\/b>\r\n<\/div>\r\n<p>\r\n<\/p>\r\n<p>\r\n<strike>\r\n<b>\r\n<\/b>\r\n<\/strike>\r\n<\/p>\r\n<div align=\"center\">\r\n<b style=\"text-align: justify\">\r\n<strike>DAS DISPOSI\u00c7\u00d5ES GERAIS E TRANSIT\u00d3RIAS<\/strike>\r\n<\/b>\r\n<\/div>\r\n<p>\r\n<\/p>\r\n<strike>\r\n<br>\r\n<\/strike>\r\n<p>\r\n<strike>Art. 11  \u00c9 vedada a divulga\u00e7\u00e3o de discuss\u00f5es em curso sem a pr\u00e9via anu\u00eancia do titular da unidade do Centro de Ci\u00eancias da Sa\u00fade ao qual este \u00f3rg\u00e3o colegiado est\u00e1 vinculado.<\/strike>\r\n<\/p>\r\n<p>\r\n<strike>Art. 12  A participa\u00e7\u00e3o dos membros deste \u00f3rg\u00e3o colegiado ser\u00e1 considerada presta\u00e7\u00e3o de servi\u00e7o p\u00fablico relevante, e n\u00e3o ser\u00e1 remunerada.<\/strike>\r\n<\/p>\r\n<p>\r\n<strike>Par\u00e1grafo \u00fanico. As atividades da CLN e de seus membros n\u00e3o poder\u00e1 causar preju\u00edzo \u00e0 presta\u00e7\u00e3o do servi\u00e7o p\u00fablico pelo servidor membro do colegiado.<\/strike>\r\n<\/p>\r\n\r\n<p>\r\n<strike>Art. 13  As reuni\u00f5es deste \u00f3rg\u00e3o colegiado cujos membros estejam em entes federativos diversos ser\u00e3o realizadas por videoconfer\u00eancia.<\/strike>\r\n<\/p>\r\n<p>\r\n<strike>Par\u00e1grafo \u00fanico. Na hip\u00f3tese de ser demonstrada, de modo fundamentado, a inviabilidade ou a inconveni\u00eancia de se realizar a reuni\u00e3o por videoconfer\u00eancia, ser\u00e3o estimados gastos com di\u00e1rias e passagens dos membros deste colegiado, assim como, a comprova\u00e7\u00e3o da disponibilidade or\u00e7ament\u00e1ria e financeira para o exerc\u00edcio em curso.<\/strike>\r\n<\/p>\r\n\r\n<p>\r\n<strike>Art. 14  \u00c9 vedada a possibilidade de cria\u00e7\u00e3o de subcolegiados por ato deste colegiado, exceto se na presente resolu\u00e7\u00e3o houver:<\/strike>\r\n<\/p>\r\n<p>\r\n<strike>I- limitado o n\u00famero m\u00e1ximo de seus membros;<\/strike>\r\n<\/p>\r\n<p>\r\n<strike>II- estabelecido car\u00e1ter tempor\u00e1rio e dura\u00e7\u00e3o n\u00e3o superior a 1 (um) ano; e<\/strike>\r\n<\/p>\r\n<p>\r\n<strike>III- fixado o n\u00famero m\u00e1ximo de subcolegiados que poder\u00e3o operar simultaneamente.<\/strike>\r\n<\/p>\r\n<p>\r\n<strike>Par\u00e1grafo \u00fanico. A mera necessidade de reuni\u00f5es eventuais para debate, articula\u00e7\u00e3o ou trabalho que envolva agentes p\u00fablicos da administra\u00e7\u00e3o p\u00fablica federal n\u00e3o ser\u00e1 admitida como fundamento para as propostas de que trata o caput.<\/strike>\r\n<\/p>\r\n\r\n<p>\r\n<strike>Art. 15  Esta Resolu\u00e7\u00e3o entrar\u00e1 em vigor na data de sua assinatura, revogadas as disposi\u00e7\u00f5es em contr\u00e1rio.<\/strike>\r\n<\/p>\r\n\r\n<p>\r\n<strike>GABINETE DO REITOR DA UNIVERSIDADE FEDERAL DE SANTA MARIA, aos 13 dias do m\u00eas de dezembro do ano 2019.<\/strike>\r\n<\/p>\r\n<\/div>\r\n<p>\r\n<strike>Luciano Schuch,<\/strike>\r\n<\/p>\r\n<p>\r\n<strike>Vice-Reitor no exerc\u00edcio da Reitoria.<\/strike>\r\n<\/p>\r\n<p>\r\n\r\n<\/p>\r\n<p>\r\n<strike>\r\n<font color=\"red0000\">Este texto n\u00e3o substitui o documento original, publicado no Portal de Documentos.<\/font> Dispon\u00edvel em: <a href=\"https:\/\/portal.ufsm.br\/documentos\/publico\/documento.html?id=12879117\" style=\"color: blue !important;text-decoration: underline !important\" data-elementor-preserved=\"true\">\r\n<font color=\"blue\">https:\/\/portal.ufsm.br\/documentos\/publico\/documento.html?id=12879117<\/font>\r\n<\/a>\r\n<\/strike>\r\n<\/p>\r\n<\/div>\r\n<\/font><\/div>\t\t<\/div>\n\t\t\t\t<\/div>\n\t\t\t\t\t<\/div>\n\t\t<\/div>\n\t\t\t\t\t<\/div>\n\t\t<\/section>\n\t\t\t\t<\/div>\n\t\t","protected":false},"excerpt":{"rendered":"<p>MINIST\u00c9RIO DA EDUCA\u00c7\u00c3O UNIVERSIDADE FEDERAL DE SANTA MARIA RESOLU\u00c7\u00c3O N. 047\/2019 Aprova a recria\u00e7\u00e3o do \u00f3rg\u00e3o colegiado denominado \u201cComiss\u00e3o de Legisla\u00e7\u00e3o e Normas (CLN-CCS)\u201d vinculado ao Centro de Ci\u00eancias Sa\u00fade (CCS) da estrutura organizacional da Universidade Federal de Santa Maria (UFSM). Revogada pela Resolu\u00e7\u00e3o N. 219\/2025 O REITOR DA UNIVERSIDADE FEDERAL DE SANTA MARIA, no [&hellip;]<\/p>\n","protected":false},"author":205,"featured_media":0,"parent":0,"menu_order":0,"comment_status":"closed","ping_status":"closed","template":"","meta":{"footnotes":""},"categories":[],"tags":[],"class_list":["post-2969","page","type-page","status-publish","hentry"],"acf":[],"_links":{"self":[{"href":"https:\/\/www.ufsm.br\/pro-reitorias\/proplan\/wp-json\/wp\/v2\/pages\/2969","targetHints":{"allow":["GET"]}}],"collection":[{"href":"https:\/\/www.ufsm.br\/pro-reitorias\/proplan\/wp-json\/wp\/v2\/pages"}],"about":[{"href":"https:\/\/www.ufsm.br\/pro-reitorias\/proplan\/wp-json\/wp\/v2\/types\/page"}],"author":[{"embeddable":true,"href":"https:\/\/www.ufsm.br\/pro-reitorias\/proplan\/wp-json\/wp\/v2\/users\/205"}],"replies":[{"embeddable":true,"href":"https:\/\/www.ufsm.br\/pro-reitorias\/proplan\/wp-json\/wp\/v2\/comments?post=2969"}],"version-history":[{"count":0,"href":"https:\/\/www.ufsm.br\/pro-reitorias\/proplan\/wp-json\/wp\/v2\/pages\/2969\/revisions"}],"wp:attachment":[{"href":"https:\/\/www.ufsm.br\/pro-reitorias\/proplan\/wp-json\/wp\/v2\/media?parent=2969"}],"wp:term":[{"taxonomy":"category","embeddable":true,"href":"https:\/\/www.ufsm.br\/pro-reitorias\/proplan\/wp-json\/wp\/v2\/categories?post=2969"},{"taxonomy":"post_tag","embeddable":true,"href":"https:\/\/www.ufsm.br\/pro-reitorias\/proplan\/wp-json\/wp\/v2\/tags?post=2969"}],"curies":[{"name":"wp","href":"https:\/\/api.w.org\/{rel}","templated":true}]}}