{"id":2978,"date":"2020-01-03T08:05:08","date_gmt":"2020-01-03T11:05:08","guid":{"rendered":"https:\/\/www.ufsm.br\/pro-reitorias\/proplan\/?page_id=2978"},"modified":"2021-11-08T11:14:38","modified_gmt":"2021-11-08T14:14:38","slug":"resolucao-n-001-2009","status":"publish","type":"page","link":"https:\/\/www.ufsm.br\/pro-reitorias\/proplan\/resolucao-n-001-2009","title":{"rendered":"Resolu\u00e7\u00e3o N. 001\/2009"},"content":{"rendered":"\t\t<div data-elementor-type=\"wp-page\" data-elementor-id=\"2978\" class=\"elementor elementor-2978\">\n\t\t\t\t\t\t<section class=\"elementor-section elementor-top-section elementor-element elementor-element-1b83a2c elementor-section-boxed elementor-section-height-default elementor-section-height-default\" data-id=\"1b83a2c\" data-element_type=\"section\">\n\t\t\t\t\t\t<div class=\"elementor-container elementor-column-gap-default\">\n\t\t\t\t\t<div class=\"elementor-column elementor-col-100 elementor-top-column elementor-element elementor-element-ad11704\" data-id=\"ad11704\" data-element_type=\"column\">\n\t\t\t<div class=\"elementor-widget-wrap elementor-element-populated\">\n\t\t\t\t\t\t<div class=\"elementor-element elementor-element-5a6bbfd elementor-widget elementor-widget-html\" data-id=\"5a6bbfd\" data-element_type=\"widget\" data-widget_type=\"html.default\">\n\t\t\t\t<div class=\"elementor-widget-container\">\n\t\t\t\r\n\r\n\r\n<title><b>RESOLU\u00c7\u00c3O N. 001\/2009<\/b><\/title>\r\n\r\n\r\n<div align=\"center\"><img decoding=\"async\" src=\"https:\/\/www.ufsm.br\/pro-reitorias\/proplan\/wp-content\/uploads\/sites\/344\/2019\/09\/brasao-da-republica-do-brasil-logo.png\" alt=\"Bras\u00e3o Rep\u00fablica Federativa do Brasil\" width=\"6%\" height=\"6%\"><\/div>    \r\n<h1><font color=\"blue\"><font size=\"5\"><div align=\"center\">MINIST\u00c9RIO DA EDUCA\u00c7\u00c3O<\/b><\/font><\/font><\/div><\/H1>\r\n<p><b><font color=\"0000blue\"><div align=\"center\">UNIVERSIDADE FEDERAL DE SANTA MARIA<\/b><\/font><\/div><\/p>\r\n\r\n<p><div align=\"center\"><b><a href=\"https:\/\/portal.ufsm.br\/documentos\/publico\/documento.html?id=4357733\"><font color=\"blue\">RESOLU\u00c7\u00c3O N. 001\/2009<\/font><\/a><\/b><\/div><\/p>\r\n<br>\r\n<p><div align=\"right\"><font color=\"800000\">Transforma a Prefeitura da Cidade Universit\u00e1ria em Pr\u00f3-Reitoria de Infraestrutura e d\u00e1 outras provid\u00eancias.<\/font><\/div><\/p>\r\n<br><div align=\"justify\">\r\n<p>Alterada pelo <a href=\"http:\/\/www.planalto.gov.br\/ccivil_03\/_ato2019-2022\/2019\/decreto\/D9725.htm\"><font color=\"blue\">Decreto N. 9.725, de 12 de mar\u00e7o de 2019,<\/font><\/a> e pelas Resolu\u00e7\u00f5es <a href=\"https:\/\/www.ufsm.br\/pro-reitorias\/proplan\/resolucao-n-026-2010\/\"><font color=\"blue\">N. 026\/2010<\/font><\/a> e <a href=\"https:\/\/www.ufsm.br\/pro-reitorias\/proplan\/resolucao-n-012-2013\/\"><font color=\"blue\">N. 012\/2013<\/font><\/a>.;<\/p>\r\n<br>\r\n<p>O REITOR DA UNIVERSIDADE FEDERAL DE SANTA MARIA, no uso de suas atribui\u00e7\u00f5es legais e estatut\u00e1rias e considerando:<\/p>\r\n<p>- a complexidade, o volume e o aumento da demanda das atividades da Prefeitura da Cidade Universit\u00e1ria;<\/p>\r\n<p>- a necessidade de atendimento \u00e0s quest\u00f5es do meio ambiente que influenciam o desenvolvimento das atividades universit\u00e1rias, com vistas \u00e0 melhoria da qualidade de vida da comunidade interna e externa;<\/p>\r\n<p>- o Parecer n. 035\/09, aprovado na 691\u00aa Sess\u00e3o do Conselho Universit\u00e1rio, de 27.03.09, referente ao Processo n. <a href=\"https:\/\/portal.ufsm.br\/documentos\/publico\/processo\/documento.html?idDocumento=3476288\" target=\"_blank\"><font color=\"blue\"><u>23081.017816\/2008-81<\/u><\/font><\/a>.<\/p>\r\n<br>\r\n<p><b><div align=\"center\">RESOLVE:<\/b><\/div><\/p>\r\n<br>\r\n<p>Art. 1\u00ba Transformar a Prefeitura da Cidade Universit\u00e1ria em Pr\u00f3-Reitoria de Infraestrutura diretamente subordinada \u00e0 Reitoria, com a Estrutura Organizacional compat\u00edvel com suas necessidades (anexo).<\/p>\r\n<p>Art. 2\u00ba Ficam vinculadas \u00e0 Pr\u00f3-Reitoria de Infraestrutura, como \u00f3rg\u00e3os consultivos, a Comiss\u00e3o de Planejamento Urbano e a Comiss\u00e3o de Planejamento Ambiental.<\/p>\r\n<p>I - Transformar o Setor de Transporte e o Setor de Vigil\u00e2ncia da Pr\u00f3-Reitoria de Infraestrutura em N\u00facleo de Transporte e N\u00facleo de Vigil\u00e2ncia; <a href=\"https:\/\/www.ufsm.br\/pro-reitorias\/proplan\/resolucao-n-026-2010\/\" target=\"_blank\"><font color=\"blue\"><u>(Incluido pela Resolu\u00e7\u00e3o N. 026\/2010)<\/u><\/font><\/a><\/p>\r\n<p>II - N\u00facleo de Fiscaliza\u00e7\u00e3o de Contratos; e, <a href=\"https:\/\/www.ufsm.br\/pro-reitorias\/proplan\/resolucao-n-012-2013\/\" target=\"_blank\"><font color=\"blue\"><u>(Incluido pela Resolu\u00e7\u00e3o N. 012\/2013)<\/u><\/font><\/a><\/p>\r\n<p>III - N\u00facleo de Preven\u00e7\u00e3o de Inc\u00eandios. <a href=\"https:\/\/www.ufsm.br\/pro-reitorias\/proplan\/resolucao-n-012-2013\/\" target=\"_blank\"><font color=\"blue\"><u>(Incluido pela Resolu\u00e7\u00e3o N. 012\/2013)<\/u><\/font><\/a><\/p>\r\n\r\n<p>Art. 3\u00ba Caber\u00e1 \u00e0 Pr\u00f3-Reitoria de Planejamento proceder \u00e0 altera\u00e7\u00e3o do nome e da categoria funcional da subunidade no Sistema de Classifica\u00e7\u00e3o Institucional, \u00e0 Pr\u00f3-Reitoria de Recursos Humanos a relota\u00e7\u00e3o dos recursos humanos e ao Departamento de Material e Patrim\u00f4nio a adequa\u00e7\u00e3o do registro de m\u00f3veis e equipamentos.<\/p>\r\n<p>Art. 4\u00ba A subunidade dever\u00e1 funcionar com a nova estrutura, mas com as fun\u00e7\u00f5es de confian\u00e7a existentes at\u00e9 que haja aumento no quadro de fun\u00e7\u00f5es da UFSM ou que elas sejam dispostas em raz\u00e3o de eventuais altera\u00e7\u00f5es da sua estrutura organizacional.<\/p>\r\n<p>Art. 5\u00ba Esta resolu\u00e7\u00e3o entrar\u00e1 em vigor na data de sua publica\u00e7\u00e3o, revogadas as disposi\u00e7\u00f5es em contr\u00e1rio.<\/p>\r\n\r\n\r\n<p>GABINETE DO REITOR DA UNIVERSIDADE FEDERAL DE SANTA MARIA, aos trinta e um dias do m\u00eas de mar\u00e7o do ano dois mil e nove.<\/p>\r\n<\/div>\r\n<p>Cl\u00f3vis Silva Lima,<\/p>\r\n<p>Reitor.<\/p>\r\n<br>\r\n<div align=\"center\"><img decoding=\"async\" src=\"https:\/\/www.ufsm.br\/pro-reitorias\/proplan\/wp-content\/uploads\/sites\/344\/2020\/01\/RES-001_2009.jpg\" alt=\"ORGANOGRAMA PROINFRA\" width=\"150%\" height=\"150%\"><\/div>\r\n<br>\r\n<p><font color=\"red0000\">Este texto n\u00e3o substitui o documento original, publicado no Portal de Documentos.<\/font> Dispon\u00edvel em: <a href=\"https:\/\/portal.ufsm.br\/documentos\/publico\/documento.html?id=4357733\"><font color=\"blue\">https:\/\/portal.ufsm.br\/documentos\/publico\/documento.html?id=4357733<\/font><\/a>\r\n\r\n\t\t<\/div>\n\t\t\t\t<\/div>\n\t\t\t\t\t<\/div>\n\t\t<\/div>\n\t\t\t\t\t<\/div>\n\t\t<\/section>\n\t\t\t\t<\/div>\n\t\t","protected":false},"excerpt":{"rendered":"<p>RESOLU\u00c7\u00c3O N. 001\/2009 MINIST\u00c9RIO DA EDUCA\u00c7\u00c3O UNIVERSIDADE FEDERAL DE SANTA MARIA RESOLU\u00c7\u00c3O N. 001\/2009 Transforma a Prefeitura da Cidade Universit\u00e1ria em Pr\u00f3-Reitoria de Infraestrutura e d\u00e1 outras provid\u00eancias. Alterada pelo Decreto N. 9.725, de 12 de mar\u00e7o de 2019, e pelas Resolu\u00e7\u00f5es N. 026\/2010 e N. 012\/2013.; O REITOR DA UNIVERSIDADE FEDERAL DE SANTA MARIA, [&hellip;]<\/p>\n","protected":false},"author":205,"featured_media":0,"parent":0,"menu_order":0,"comment_status":"closed","ping_status":"closed","template":"","meta":{"footnotes":""},"categories":[],"tags":[],"class_list":["post-2978","page","type-page","status-publish","hentry"],"acf":[],"_links":{"self":[{"href":"https:\/\/www.ufsm.br\/pro-reitorias\/proplan\/wp-json\/wp\/v2\/pages\/2978","targetHints":{"allow":["GET"]}}],"collection":[{"href":"https:\/\/www.ufsm.br\/pro-reitorias\/proplan\/wp-json\/wp\/v2\/pages"}],"about":[{"href":"https:\/\/www.ufsm.br\/pro-reitorias\/proplan\/wp-json\/wp\/v2\/types\/page"}],"author":[{"embeddable":true,"href":"https:\/\/www.ufsm.br\/pro-reitorias\/proplan\/wp-json\/wp\/v2\/users\/205"}],"replies":[{"embeddable":true,"href":"https:\/\/www.ufsm.br\/pro-reitorias\/proplan\/wp-json\/wp\/v2\/comments?post=2978"}],"version-history":[{"count":0,"href":"https:\/\/www.ufsm.br\/pro-reitorias\/proplan\/wp-json\/wp\/v2\/pages\/2978\/revisions"}],"wp:attachment":[{"href":"https:\/\/www.ufsm.br\/pro-reitorias\/proplan\/wp-json\/wp\/v2\/media?parent=2978"}],"wp:term":[{"taxonomy":"category","embeddable":true,"href":"https:\/\/www.ufsm.br\/pro-reitorias\/proplan\/wp-json\/wp\/v2\/categories?post=2978"},{"taxonomy":"post_tag","embeddable":true,"href":"https:\/\/www.ufsm.br\/pro-reitorias\/proplan\/wp-json\/wp\/v2\/tags?post=2978"}],"curies":[{"name":"wp","href":"https:\/\/api.w.org\/{rel}","templated":true}]}}