{"id":2979,"date":"2020-01-03T08:05:11","date_gmt":"2020-01-03T11:05:11","guid":{"rendered":"https:\/\/www.ufsm.br\/pro-reitorias\/proplan\/?page_id=2979"},"modified":"2023-03-02T08:35:05","modified_gmt":"2023-03-02T11:35:05","slug":"resolucao-n-002-2009","status":"publish","type":"page","link":"https:\/\/www.ufsm.br\/pro-reitorias\/proplan\/resolucao-n-002-2009","title":{"rendered":"Resolu\u00e7\u00e3o N. 002\/2009"},"content":{"rendered":"\t\t<div data-elementor-type=\"wp-page\" data-elementor-id=\"2979\" class=\"elementor elementor-2979\">\n\t\t\t\t\t\t<section class=\"elementor-section elementor-top-section elementor-element elementor-element-2769343 elementor-section-boxed elementor-section-height-default elementor-section-height-default\" data-id=\"2769343\" data-element_type=\"section\">\n\t\t\t\t\t\t<div class=\"elementor-container elementor-column-gap-default\">\n\t\t\t\t\t<div class=\"elementor-column elementor-col-100 elementor-top-column elementor-element elementor-element-eb095d4\" data-id=\"eb095d4\" data-element_type=\"column\">\n\t\t\t<div class=\"elementor-widget-wrap elementor-element-populated\">\n\t\t\t\t\t\t<div class=\"elementor-element elementor-element-518cd53 elementor-widget elementor-widget-html\" data-id=\"518cd53\" data-element_type=\"widget\" data-widget_type=\"html.default\">\n\t\t\t\t<div class=\"elementor-widget-container\">\n\t\t\t\r\n\r\n\r\n<title><b>RESOLU\u00c7\u00c3O N. 002\/2009<\/b><\/title>\r\n\r\n\r\n<div align=\"center\"><img decoding=\"async\" src=\"https:\/\/www.ufsm.br\/pro-reitorias\/proplan\/wp-content\/uploads\/sites\/344\/2019\/09\/brasao-da-republica-do-brasil-logo.png\" alt=\"Bras\u00e3o Rep\u00fablica Federativa do Brasil\" width=\"6%\" height=\"6%\"><\/div>    \r\n<h1><font color=\"blue\"><font size=\"5\"><div align=\"center\">MINIST\u00c9RIO DA EDUCA\u00c7\u00c3O<\/b><\/font><\/font><\/div><\/H1>\r\n<p><b><font color=\"0000blue\"><div align=\"center\">UNIVERSIDADE FEDERAL DE SANTA MARIA<\/b><\/font><\/div><\/p>\r\n\r\n<p><div align=\"center\"><b><a href=\"https:\/\/portal.ufsm.br\/documentos\/publico\/documento.html?id=4357734\"><font color=\"blue\">RESOLU\u00c7\u00c3O N. 002\/2009<\/font><\/a><\/b><\/div><\/p>\r\n<br>\r\n<p><div align=\"right\"><font color=\"800000\">Reestrutura a Pr\u00f3-Reitoria de P\u00f3s-Gradua\u00e7\u00e3o e Pesquisa da Universidade Federal de Santa Maria.<\/font><\/div><\/p>\r\n<br>\r\n<p><a href=\"https:\/\/www.ufsm.br\/pro-reitorias\/proplan?page_id=5264\" target=\"_blank\"><font color=\"blue\">Revogada pela Resolu\u00e7\u00e3o UFSM N. 116\/2023<\/font><\/a><\/p>\r\n<p>Alterada pela Resolu\u00e7\u00f5es <a href=\"https:\/\/www.ufsm.br\/pro-reitorias\/proplan\/resolucao-n-019-2009\/\"><font color=\"blue\">N. 019\/2009<\/font><\/a>; <a href=\"https:\/\/www.ufsm.br\/pro-reitorias\/proplan\/resolucao-n-018-2012\/\"><font color=\"blue\">N. 018\/2012<\/font><\/a>; <a href=\"https:\/\/www.ufsm.br\/pro-reitorias\/proplan\/resolucao-n-030-2015\/\"><font color=\"blue\">N. 030\/2015<\/font><\/a>; <a href=\"https:\/\/www.ufsm.br\/pro-reitorias\/proplan\/resolucao-n-028-2019\/\"><font color=\"blue\">N. 028\/2019<\/font><\/a>; <a href=\"https:\/\/www.ufsm.br\/pro-reitorias\/proplan\/resolucao-n-010-2020\/\"><font color=\"blue\">N. 010\/2020<\/font><\/a>; <a href=\"https:\/\/www.ufsm.br\/pro-reitorias\/proplan\/resolucao-n-012-2020\/\"><font color=\"blue\">N. 012\/2020<\/font><\/a>; e, Regulamentada pelas Resolu\u00e7\u00f5es <a href=\"https:\/\/www.ufsm.br\/pro-reitorias\/proplan\/resolucao-n-010-2011\/\"><font color=\"blue\">N. 010\/2011<\/font><\/a>; <a href=\"https:\/\/www.ufsm.br\/pro-reitorias\/proplan\/resolucao-n-011-2012\/\"><font color=\"blue\">N. 011\/2012<\/font><\/a>; <a href=\"https:\/\/www.ufsm.br\/pro-reitorias\/proplan\/resolucao-n-007-2013\/\"><font color=\"blue\">N. 007\/2013<\/font><\/a>; <a href=\"https:\/\/www.ufsm.br\/pro-reitorias\/proplan\/resolucao-n-024-2014\/\"><font color=\"blue\">N. 024\/2014<\/font><\/a>; e, <a href=\"https:\/\/www.ufsm.br\/pro-reitorias\/proplan\/resolucao-n-024-2016\/\"><font color=\"blue\">N. 024\/2016<\/font><\/a><\/p>\r\n<s>\r\n<br>\r\n<br><div align=\"justify\">\r\n<p>O REITOR DA UNIVERSIDADE FEDERAL DE SANTA MARIA, no uso de suas atribui\u00e7\u00f5es legais e estatut\u00e1rias e considerando:<\/p>\r\n<p>- a necessidade de atendimento da demanda resultante do crescimento significativo das atividades de pesquisa e de p\u00f3s-gradua\u00e7\u00e3o da institui\u00e7\u00e3o;<\/p>\r\n<p>- o Parecer n. 032\/09, aprovado na 691\u00aa Sess\u00e3o do Conselho Universit\u00e1rio, de 27.03.09, referente ao Processo n. <a href=\"https:\/\/portal.ufsm.br\/documentos\/publico\/processo\/documento.html?idDocumento=3544097\" target=\"_blank\"><font color=\"blue\"><u>23081.000452\/2009-81<\/u><\/font><\/a>.<\/p>\r\n<br>\r\n<p><b><div align=\"center\">RESOLVE:<\/b><\/div><\/p>\r\n<br>\r\n<p>Art. 1\u00ba Reestruturar a Pr\u00f3-Reitoria de P\u00f3s-Gradua\u00e7\u00e3o e Pesquisa da Universidade Federal de Santa Maria, com a estrutura compativel com suas necessidades (anexo).<\/p>\r\n<p>I - Coordenadoria de Inicia\u00e7\u00e3o Cient\u00edfica; <a href=\"https:\/\/www.ufsm.br\/pro-reitorias\/proplan\/resolucao-n-019-2009\/\" target=\"_blank\"><font color=\"blue\"><u>(Incluido pela Resolu\u00e7\u00e3o N. 019\/2009)<\/u><\/font><\/a><\/p>\r\n<p>a) N\u00facleo de Ger\u00eancia de Bolsas de Inicia\u00e7\u00e3o Cient\u00edfica; <a href=\"https:\/\/www.ufsm.br\/pro-reitorias\/proplan\/resolucao-n-018-2012\/\" target=\"_blank\"><font color=\"blue\"><u>(Incluido pela Resolu\u00e7\u00e3o N. 018\/2012)<\/u><\/font><\/a><\/p>\r\n<p>b) Comit\u00ea Institucional de Inicia\u00e7\u00e3o \u00e0 Inova\u00e7\u00e3o Tecnol\u00f3gica e Desenvolvimento (COMIT); <a href=\"https:\/\/www.ufsm.br\/pro-reitorias\/proplan\/resolucao-n-010-2020\/\" target=\"_blank\"><font color=\"blue\"><u>(Incluido pela Resolu\u00e7\u00e3o N. 010\/2020)<\/u><\/font><\/a><\/p>\r\n<p>c) Comit\u00ea Institucional de Inicia\u00e7\u00e3o Cient\u00edfica (COMIC); <a href=\"https:\/\/www.ufsm.br\/pro-reitorias\/proplan\/resolucao-n-012-2020\/\" target=\"_blank\"><font color=\"blue\"><u>(Incluido pela Resolu\u00e7\u00e3o N. 012\/2020)<\/u><\/font><\/a><\/p>\r\n\r\n<p>II - Altera a denomina\u00e7\u00e3o do N\u00facleo de Ger\u00eancia de Informa\u00e7\u00f5es para N\u00facleo de Ger\u00eancia de informa\u00e7\u00f5es e Eventos; <a href=\"https:\/\/www.ufsm.br\/pro-reitorias\/proplan\/resolucao-n-018-2012\/\" target=\"_blank\"><font color=\"blue\"><u>(Incluido pela Resolu\u00e7\u00e3o N. 018\/2012)<\/u><\/font><\/a><\/p>\r\n<p>III - Biot\u00e9rio Central; <a href=\"https:\/\/www.ufsm.br\/pro-reitorias\/proplan\/resolucao-n-030-2015\/\" target=\"_blank\"><font color=\"blue\"><u>(Incluido pela Resolu\u00e7\u00e3o N. 030\/2015)<\/u><\/font><\/a><\/p>\r\n\r\n<p>Art. 2\u00ba A subunidade dever\u00e1 funcionar com a nova estrutura, mas com as fun\u00e7\u00f5es de confian\u00e7a existentes at\u00e9 que haja aumento no quadro de fun\u00e7\u00f5es da UFSM ou que elas sejam dispostas em raz\u00e3o de eventuais altera\u00e7\u00f5es da sua estrutura organizacional.<\/p>\r\n<p>Art. 3\u00ba Esta resolu\u00e7\u00e3o entrar\u00e1 em vigor na data de sua publica\u00e7\u00e3o, revogadas as disposi\u00e7\u00f5es em contr\u00e1rio.<\/p>\r\n\r\n<p>GABINETE DO REITOR DA UNIVERSIDADE FEDERAL DE SANTA MARIA, aos trinta e um dias do m\u00eas de mar\u00e7o do ano dois mil e nove.<\/p>\r\n<\/div>\r\n<p>Cl\u00f3vis Silva Lima,<\/p>\r\n<p>Reitor.<\/p>\r\n<br>\r\n<div align=\"center\"><img decoding=\"async\" src=\"https:\/\/www.ufsm.br\/pro-reitorias\/proplan\/wp-content\/uploads\/sites\/344\/2020\/01\/RES-002_2009.jpg\" alt=\"ORGANOGRAMA PRPGP\" width=\"150%\" height=\"150%\"><\/div>    \r\n<br>\r\n<\/s>\r\n<p><font color=\"red0000\">Este texto n\u00e3o substitui o documento original, publicado no Portal de Documentos.<\/font> Dispon\u00edvel em: <a href=\"https:\/\/portal.ufsm.br\/documentos\/publico\/documento.html?id=4357734\"><font color=\"blue\">https:\/\/portal.ufsm.br\/documentos\/publico\/documento.html?id=4357734<\/font><\/a>\r\n\r\n\t\t<\/div>\n\t\t\t\t<\/div>\n\t\t\t\t\t<\/div>\n\t\t<\/div>\n\t\t\t\t\t<\/div>\n\t\t<\/section>\n\t\t\t\t<\/div>\n\t\t","protected":false},"excerpt":{"rendered":"<p>RESOLU\u00c7\u00c3O N. 002\/2009 MINIST\u00c9RIO DA EDUCA\u00c7\u00c3O UNIVERSIDADE FEDERAL DE SANTA MARIA RESOLU\u00c7\u00c3O N. 002\/2009 Reestrutura a Pr\u00f3-Reitoria de P\u00f3s-Gradua\u00e7\u00e3o e Pesquisa da Universidade Federal de Santa Maria. Revogada pela Resolu\u00e7\u00e3o UFSM N. 116\/2023 Alterada pela Resolu\u00e7\u00f5es N. 019\/2009; N. 018\/2012; N. 030\/2015; N. 028\/2019; N. 010\/2020; N. 012\/2020; e, Regulamentada pelas Resolu\u00e7\u00f5es N. 010\/2011; N. [&hellip;]<\/p>\n","protected":false},"author":205,"featured_media":0,"parent":0,"menu_order":0,"comment_status":"closed","ping_status":"closed","template":"","meta":{"footnotes":""},"categories":[],"tags":[],"class_list":["post-2979","page","type-page","status-publish","hentry"],"acf":[],"_links":{"self":[{"href":"https:\/\/www.ufsm.br\/pro-reitorias\/proplan\/wp-json\/wp\/v2\/pages\/2979","targetHints":{"allow":["GET"]}}],"collection":[{"href":"https:\/\/www.ufsm.br\/pro-reitorias\/proplan\/wp-json\/wp\/v2\/pages"}],"about":[{"href":"https:\/\/www.ufsm.br\/pro-reitorias\/proplan\/wp-json\/wp\/v2\/types\/page"}],"author":[{"embeddable":true,"href":"https:\/\/www.ufsm.br\/pro-reitorias\/proplan\/wp-json\/wp\/v2\/users\/205"}],"replies":[{"embeddable":true,"href":"https:\/\/www.ufsm.br\/pro-reitorias\/proplan\/wp-json\/wp\/v2\/comments?post=2979"}],"version-history":[{"count":0,"href":"https:\/\/www.ufsm.br\/pro-reitorias\/proplan\/wp-json\/wp\/v2\/pages\/2979\/revisions"}],"wp:attachment":[{"href":"https:\/\/www.ufsm.br\/pro-reitorias\/proplan\/wp-json\/wp\/v2\/media?parent=2979"}],"wp:term":[{"taxonomy":"category","embeddable":true,"href":"https:\/\/www.ufsm.br\/pro-reitorias\/proplan\/wp-json\/wp\/v2\/categories?post=2979"},{"taxonomy":"post_tag","embeddable":true,"href":"https:\/\/www.ufsm.br\/pro-reitorias\/proplan\/wp-json\/wp\/v2\/tags?post=2979"}],"curies":[{"name":"wp","href":"https:\/\/api.w.org\/{rel}","templated":true}]}}