{"id":2986,"date":"2020-01-03T08:05:38","date_gmt":"2020-01-03T11:05:38","guid":{"rendered":"https:\/\/www.ufsm.br\/pro-reitorias\/proplan\/?page_id=2986"},"modified":"2020-05-25T07:58:33","modified_gmt":"2020-05-25T10:58:33","slug":"resolucao-n-009-2009","status":"publish","type":"page","link":"https:\/\/www.ufsm.br\/pro-reitorias\/proplan\/resolucao-n-009-2009","title":{"rendered":"Resolu\u00e7\u00e3o N. 009\/2009"},"content":{"rendered":"\t\t<div data-elementor-type=\"wp-page\" data-elementor-id=\"2986\" class=\"elementor elementor-2986\">\n\t\t\t\t\t\t<section class=\"elementor-section elementor-top-section elementor-element elementor-element-fbd8bf5 elementor-section-boxed elementor-section-height-default elementor-section-height-default\" data-id=\"fbd8bf5\" data-element_type=\"section\">\n\t\t\t\t\t\t<div class=\"elementor-container elementor-column-gap-default\">\n\t\t\t\t\t<div class=\"elementor-column elementor-col-100 elementor-top-column elementor-element elementor-element-6ae9f21\" data-id=\"6ae9f21\" data-element_type=\"column\">\n\t\t\t<div class=\"elementor-widget-wrap elementor-element-populated\">\n\t\t\t\t\t\t<div class=\"elementor-element elementor-element-6ebc0bf elementor-widget elementor-widget-html\" data-id=\"6ebc0bf\" data-element_type=\"widget\" data-widget_type=\"html.default\">\n\t\t\t\t<div class=\"elementor-widget-container\">\n\t\t\t\r\n\r\n\r\n<title><b>RESOLU\u00c7\u00c3O N. 009\/2009<\/b><\/title>\r\n\r\n\r\n<div align=\"center\"><img decoding=\"async\" src=\"https:\/\/www.ufsm.br\/pro-reitorias\/proplan\/wp-content\/uploads\/sites\/344\/2019\/09\/brasao-da-republica-do-brasil-logo.png\" alt=\"Bras\u00e3o Rep\u00fablica Federativa do Brasil\" width=\"6%\" height=\"6%\"><\/div>    \r\n<h1><font color=\"blue\"><font size=\"5\"><div align=\"center\">MINIST\u00c9RIO DA EDUCA\u00c7\u00c3O<\/b><\/font><\/font><\/div><\/H1>\r\n<p><b><font color=\"0000blue\"><div align=\"center\">UNIVERSIDADE FEDERAL DE SANTA MARIA<\/b><\/font><\/div><\/p>\r\n\r\n<p><div align=\"center\"><b><a href=\"https:\/\/portal.ufsm.br\/documentos\/publico\/documento.html?id=4357741\"><font color=\"blue\">RESOLU\u00c7\u00c3O N. 009\/2009<\/font><\/a><\/b><\/div><\/p>\r\n<br>\r\n<p><div align=\"right\"><font color=\"800000\">Cria a Coordena\u00e7\u00e3o de An\u00e1lise Cont\u00e1bil e a Divis\u00e3o de Administra\u00e7\u00e3o Financeira do Departamento de Contabilidade e Finan\u00e7as da UFSM e d\u00e1 outras provid\u00eancias.<\/font><\/div><\/p>\r\n<br><div align=\"justify\">\r\n<p>O REITOR DA UNIVERSIDADE FEDERAL DE SANTA MARIA, no uso de suas atribui\u00e7\u00f5es legais e estatut\u00e1rias e considerando:<\/p>\r\n<p>- o <a href=\"http:\/\/www.planalto.gov.br\/ccivil_03\/decreto\/D3589.htm\" target=\"_blank\"><font color=\"blue\"><u>Decreto n. 3.589, de 06\/09\/2000<\/u><\/font><\/a>;<\/p>\r\n<p>- a <a href=\"http:\/\/www.fazenda.gov.br\/acesso-a-informacao\/institucional\/legislacao\/portarias-ministeriais\/2008\/portaria184\" target=\"_blank\"><font color=\"blue\"><u>Portaria n. 184\/2008, do Minist\u00e9rio da Fazenda<\/u><\/font><\/a>;<\/p>\r\n<p>- as Resolu\u00e7\u00f5es CFC <a href=\"http:\/\/www.normaslegais.com.br\/legislacao\/resolucaocfc1128_2008.htm\" target=\"_blank\"><font color=\"blue\"><u>n. 1.128\/2008<\/u><\/font><\/a> e <a href=\"http:\/\/www.normaslegais.com.br\/legislacao\/resolucaocfc1135_2008.htm\" target=\"_blank\"><font color=\"blue\"><u>n. 1.135\/2008<\/u><\/font><\/a>;<\/p>\r\n<p>- a <a href=\"https:\/\/www.legisweb.com.br\/legislacao\/?id=77308\" target=\"_blank\"><font color=\"blue\"><u>Instru\u00e7\u00e3o Normativa n. 06, de 31\/10\/2007, da Secretaria do Tesouro Nacional \u2014 MF<\/u><\/font><\/a>;<\/p>\r\n<p>- a natural evolu\u00e7\u00e3o da UFSM e o consequente crescimento das atividades de ensino, pesquisa e extens\u00e3o, que originam o aumento gradual no volume de empenhos e pagamentos;<\/p>\r\n<p>- Parecer n. 104\/09, aprovado na 696\u00aa Sess\u00e3o do Conselho Universit\u00e1rio, de 31\/07\/09, referente ao Processo n. <a href=\"https:\/\/portal.ufsm.br\/documentos\/publico\/processo\/documento.html?idDocumento=3728540\" target=\"_blank\"><font color=\"blue\"><u>23081.007499\/2009-75<\/u><\/font><\/a>.<\/p>\r\n<br>\r\n<p><b><div align=\"center\">RESOLVE:<\/b><\/div><\/p>\r\n<br>\r\n<p>Art. 1\u00ba Criar a Coordena\u00e7\u00e3o de An\u00e1lise Cont\u00e1bil e a Divis\u00e3o de Administra\u00e7\u00e3o financeira na estrutura organizacional do Departamento de Contabilidade e Finan\u00e7as da Universidade Federal de Santa Maria.<\/p>\r\n<p>Art. 2\u00ba Determinar que a implementa\u00e7\u00e3o da Coordena\u00e7\u00e3o de An\u00e1lise Cont\u00e1bil, fica condicionada \u00e0 exist\u00eancia da fun\u00e7\u00e3o comissionada (C\u00f3digo CD4), no Quadro de Fun\u00e7\u00f5es da Institui\u00e7\u00e3o.<\/p>\r\n<p>Art. 3\u00ba Esta resolu\u00e7\u00e3o entra em vigor na data de sua assinatura e revoga as disposi\u00e7\u00f5es em contr\u00e1rio.<\/p>\r\n\r\n<p>GABINETE DO REITOR DA UNIVERSIDADE FEDERAL DE SANTA MARIA, aos dezessete dias do m\u00eas de agosto do ano de dois mil e nove.<\/p>\r\n<\/div>\r\n<p>Cl\u00f3vis Silva Lima,<\/p>\r\n<p>Reitor.<\/p>\r\n\r\n<p><font color=\"red0000\">Este texto n\u00e3o substitui o documento original, publicado no Portal de Documentos.<\/font> Dispon\u00edvel em: <a href=\"https:\/\/portal.ufsm.br\/documentos\/publico\/documento.html?id=4357741\"><font color=\"blue\">https:\/\/portal.ufsm.br\/documentos\/publico\/documento.html?id=4357741<\/font><\/a>\r\n\r\n\t\t<\/div>\n\t\t\t\t<\/div>\n\t\t\t\t\t<\/div>\n\t\t<\/div>\n\t\t\t\t\t<\/div>\n\t\t<\/section>\n\t\t\t\t<\/div>\n\t\t","protected":false},"excerpt":{"rendered":"<p>RESOLU\u00c7\u00c3O N. 009\/2009 MINIST\u00c9RIO DA EDUCA\u00c7\u00c3O UNIVERSIDADE FEDERAL DE SANTA MARIA RESOLU\u00c7\u00c3O N. 009\/2009 Cria a Coordena\u00e7\u00e3o de An\u00e1lise Cont\u00e1bil e a Divis\u00e3o de Administra\u00e7\u00e3o Financeira do Departamento de Contabilidade e Finan\u00e7as da UFSM e d\u00e1 outras provid\u00eancias. O REITOR DA UNIVERSIDADE FEDERAL DE SANTA MARIA, no uso de suas atribui\u00e7\u00f5es legais e estatut\u00e1rias e [&hellip;]<\/p>\n","protected":false},"author":205,"featured_media":0,"parent":0,"menu_order":0,"comment_status":"closed","ping_status":"closed","template":"","meta":{"footnotes":""},"categories":[],"tags":[],"class_list":["post-2986","page","type-page","status-publish","hentry"],"acf":[],"_links":{"self":[{"href":"https:\/\/www.ufsm.br\/pro-reitorias\/proplan\/wp-json\/wp\/v2\/pages\/2986","targetHints":{"allow":["GET"]}}],"collection":[{"href":"https:\/\/www.ufsm.br\/pro-reitorias\/proplan\/wp-json\/wp\/v2\/pages"}],"about":[{"href":"https:\/\/www.ufsm.br\/pro-reitorias\/proplan\/wp-json\/wp\/v2\/types\/page"}],"author":[{"embeddable":true,"href":"https:\/\/www.ufsm.br\/pro-reitorias\/proplan\/wp-json\/wp\/v2\/users\/205"}],"replies":[{"embeddable":true,"href":"https:\/\/www.ufsm.br\/pro-reitorias\/proplan\/wp-json\/wp\/v2\/comments?post=2986"}],"version-history":[{"count":0,"href":"https:\/\/www.ufsm.br\/pro-reitorias\/proplan\/wp-json\/wp\/v2\/pages\/2986\/revisions"}],"wp:attachment":[{"href":"https:\/\/www.ufsm.br\/pro-reitorias\/proplan\/wp-json\/wp\/v2\/media?parent=2986"}],"wp:term":[{"taxonomy":"category","embeddable":true,"href":"https:\/\/www.ufsm.br\/pro-reitorias\/proplan\/wp-json\/wp\/v2\/categories?post=2986"},{"taxonomy":"post_tag","embeddable":true,"href":"https:\/\/www.ufsm.br\/pro-reitorias\/proplan\/wp-json\/wp\/v2\/tags?post=2986"}],"curies":[{"name":"wp","href":"https:\/\/api.w.org\/{rel}","templated":true}]}}