{"id":2993,"date":"2020-01-03T08:23:09","date_gmt":"2020-01-03T11:23:09","guid":{"rendered":"https:\/\/www.ufsm.br\/pro-reitorias\/proplan\/?page_id=2993"},"modified":"2023-12-26T15:16:45","modified_gmt":"2023-12-26T18:16:45","slug":"resolucao-n-014-2009","status":"publish","type":"page","link":"https:\/\/www.ufsm.br\/pro-reitorias\/proplan\/resolucao-n-014-2009","title":{"rendered":"Resolu\u00e7\u00e3o N. 014\/2009"},"content":{"rendered":"\t\t<div data-elementor-type=\"wp-page\" data-elementor-id=\"2993\" class=\"elementor elementor-2993\">\n\t\t\t\t\t\t<section class=\"elementor-section elementor-top-section elementor-element elementor-element-af58ab0 elementor-section-boxed elementor-section-height-default elementor-section-height-default\" data-id=\"af58ab0\" data-element_type=\"section\">\n\t\t\t\t\t\t<div class=\"elementor-container elementor-column-gap-default\">\n\t\t\t\t\t<div class=\"elementor-column elementor-col-100 elementor-top-column elementor-element elementor-element-b3540d2\" data-id=\"b3540d2\" data-element_type=\"column\">\n\t\t\t<div class=\"elementor-widget-wrap elementor-element-populated\">\n\t\t\t\t\t\t<div class=\"elementor-element elementor-element-02a0ea3 elementor-widget elementor-widget-html\" data-id=\"02a0ea3\" data-element_type=\"widget\" data-widget_type=\"html.default\">\n\t\t\t\t<div class=\"elementor-widget-container\">\n\t\t\t\r\n\r\n\r\n<title><b>RESOLU\u00c7\u00c3O N. 014\/2009<\/b><\/title>\r\n\r\n\r\n<div align=\"center\"><img decoding=\"async\" src=\"https:\/\/www.ufsm.br\/pro-reitorias\/proplan\/wp-content\/uploads\/sites\/344\/2019\/09\/brasao-da-republica-do-brasil-logo.png\" alt=\"Bras\u00e3o Rep\u00fablica Federativa do Brasil\" width=\"6%\" height=\"6%\"><\/div>    \r\n<h1><font color=\"blue\"><font size=\"5\"><div align=\"center\">MINIST\u00c9RIO DA EDUCA\u00c7\u00c3O<\/b><\/font><\/font><\/div><\/H1>\r\n<p><b><font color=\"0000blue\"><div align=\"center\">UNIVERSIDADE FEDERAL DE SANTA MARIA<\/b><\/font><\/div><\/p>\r\n\r\n<p><div align=\"center\"><b><a href=\"https:\/\/portal.ufsm.br\/documentos\/publico\/documento.html?id=4357746\"><font color=\"blue\">RESOLU\u00c7\u00c3O N. 014\/2009<\/font><\/a><\/b><\/div><\/p>\r\n<br>\r\n<p><div align=\"right\"><font color=\"800000\"><strike>Regulamenta o valor do pagamento das taxas pelos usu\u00e1rios em atraso na devolu\u00e7\u00e3o de material bibliogr\u00e1fico da Biblioteca Central e Bibliotecas Setoriais.<\/strike><\/font><\/div><\/p>\r\n<br>\r\n<p><a href=\"https:\/\/www.ufsm.br\/pro-reitorias\/proplan\/resolucao-ufsm-n-148-2023\" target=\"_blank\"><font color=\"blue\">Revogada pela Resolu\u00e7\u00e3o UFSM N. 148\/2023<\/font><\/a><\/p>\r\n<br>\r\n<br><div align=\"justify\">\r\n<strike>\r\n<p>O REITOR DA UNIVERSIDADE FEDERAL DE SANTA MARIA, no uso de suas atribui\u00e7\u00f5es legais e estatut\u00e1rias e considerando:<\/p>\r\n<p>- a necessidade de atendimento do disposto no inciso II, do art. 6\u00ba, do Regulamento de Empr\u00e9stimo de Material Bibliogr\u00e1fico, constante da <a href=\"https:\/\/www.ufsm.br\/pro-reitorias\/proplan\/resolucao-n-012-2005\/\" target=\"_blank\"><font color=\"blue\"><u>Resolu\u00e7\u00e3o UFSM n. 012\/05, de 29.08.05<\/u><\/font><\/a>;<\/p>\r\n<p>- acordo firmado em audi\u00eancia p\u00fablica entre a Administra\u00e7\u00e3o Superior e o Movimento Estudantil;<\/p>\r\n<p>- o Parecer n. 003\/09, aprovado na 169\u00ba Sess\u00e3o do Conselho de Curadores, de 27.07.09;<\/p>\r\n<p>- o Parecer n. 003\/09, do Conselho Universit\u00e1rio, aprovado na 697\u00ba Sess\u00e3o, de 28.08.09, referente ao Processo n. <a href=\"https:\/\/portal.ufsm.br\/documentos\/publico\/processo\/documento.html?idDocumento=3604151\" target=\"_blank\"><font color=\"blue\"><u>23081.003062\/2009-62<\/u><\/font><\/a>.<\/p>\r\n<br>\r\n<p><b><div align=\"center\">RESOLVE:<\/b><\/div><\/p>\r\n<br>\r\n<p>Art. 1\u00ba Regulamentar o valor do pagamento das taxas pelos usu\u00e1rios em atraso na devolu\u00e7\u00e3o de material bibliogr\u00e1fico da Biblioteca Central e Bibliotecas Setoriais, que ser\u00e1 assim fixado, para quita\u00e7\u00e3o do d\u00e9bito:<\/p>\r\n<p>I - para livros da cole\u00e7\u00e3o reserva: R$ 1,25 (um real e vinte e cinco centavos) por unidade emprestada e por hora de atraso; e<\/p>\r\n<p>II - para outros materiais: R$ 1,25 (um real e vinte e cinco centavos) por unidade emprestada e por dia de atraso.<\/p>\r\n\r\n<p>Art. 2\u00ba Para efeitos de c\u00e1lculo do valor da taxa pelo usu\u00e1rio em atraso ser\u00e3o computados somente os dias \u00fateis.<\/p>\r\n<p>Art. 3\u00ba Fica estabelecido, como per\u00edodo m\u00e1ximo para integraliza\u00e7\u00e3o do pagamento da taxa por atraso na devolu\u00e7\u00e3o do material bibliogr\u00e1fico, o per\u00edodo da matr\u00edcula do semestre subsequente<\/p>\r\n<p>Art. 4\u00ba Esta resolu\u00e7\u00e3o entra em vigor na data de sua publica\u00e7\u00e3o, revogadas as disposi\u00e7\u00f5es em contr\u00e1rio e especialmente a <a href=\"https:\/\/www.ufsm.br\/pro-reitorias\/proplan\/resolucao-n-011-2006\/\" target=\"_blank\"><font color=\"blue\"><u>resolu\u00e7\u00e3o n. 011\/2006<\/u><\/font><\/a>.<\/p>\r\n\r\n<p>GABINETE DO REITOR DA UNIVERSIDADE FEDERAL DE SANTA MARIA, aos dois dias do m\u00eas de setembro do ano dois mil e nove.<\/p>\r\n<\/div>\r\n<p>Cl\u00f3vis Silva Lima<\/p>\r\n<p>Reitor.<\/p>\r\n<\/strike>\r\n<p><font color=\"red0000\">Este texto n\u00e3o substitui o documento original, publicado no Portal de Documentos.<\/font> Dispon\u00edvel em: <a href=\"https:\/\/portal.ufsm.br\/documentos\/publico\/documento.html?id=4357746\"><font color=\"blue\">https:\/\/portal.ufsm.br\/documentos\/publico\/documento.html?id=4357746<\/font><\/a>\r\n\r\n\t\t<\/div>\n\t\t\t\t<\/div>\n\t\t\t\t\t<\/div>\n\t\t<\/div>\n\t\t\t\t\t<\/div>\n\t\t<\/section>\n\t\t\t\t<\/div>\n\t\t","protected":false},"excerpt":{"rendered":"<p>RESOLU\u00c7\u00c3O N. 014\/2009 MINIST\u00c9RIO DA EDUCA\u00c7\u00c3O UNIVERSIDADE FEDERAL DE SANTA MARIA RESOLU\u00c7\u00c3O N. 014\/2009 Regulamenta o valor do pagamento das taxas pelos usu\u00e1rios em atraso na devolu\u00e7\u00e3o de material bibliogr\u00e1fico da Biblioteca Central e Bibliotecas Setoriais. Revogada pela Resolu\u00e7\u00e3o UFSM N. 148\/2023 O REITOR DA UNIVERSIDADE FEDERAL DE SANTA MARIA, no uso de suas atribui\u00e7\u00f5es [&hellip;]<\/p>\n","protected":false},"author":205,"featured_media":0,"parent":0,"menu_order":0,"comment_status":"closed","ping_status":"closed","template":"","meta":{"footnotes":""},"categories":[],"tags":[],"class_list":["post-2993","page","type-page","status-publish","hentry"],"acf":[],"_links":{"self":[{"href":"https:\/\/www.ufsm.br\/pro-reitorias\/proplan\/wp-json\/wp\/v2\/pages\/2993","targetHints":{"allow":["GET"]}}],"collection":[{"href":"https:\/\/www.ufsm.br\/pro-reitorias\/proplan\/wp-json\/wp\/v2\/pages"}],"about":[{"href":"https:\/\/www.ufsm.br\/pro-reitorias\/proplan\/wp-json\/wp\/v2\/types\/page"}],"author":[{"embeddable":true,"href":"https:\/\/www.ufsm.br\/pro-reitorias\/proplan\/wp-json\/wp\/v2\/users\/205"}],"replies":[{"embeddable":true,"href":"https:\/\/www.ufsm.br\/pro-reitorias\/proplan\/wp-json\/wp\/v2\/comments?post=2993"}],"version-history":[{"count":0,"href":"https:\/\/www.ufsm.br\/pro-reitorias\/proplan\/wp-json\/wp\/v2\/pages\/2993\/revisions"}],"wp:attachment":[{"href":"https:\/\/www.ufsm.br\/pro-reitorias\/proplan\/wp-json\/wp\/v2\/media?parent=2993"}],"wp:term":[{"taxonomy":"category","embeddable":true,"href":"https:\/\/www.ufsm.br\/pro-reitorias\/proplan\/wp-json\/wp\/v2\/categories?post=2993"},{"taxonomy":"post_tag","embeddable":true,"href":"https:\/\/www.ufsm.br\/pro-reitorias\/proplan\/wp-json\/wp\/v2\/tags?post=2993"}],"curies":[{"name":"wp","href":"https:\/\/api.w.org\/{rel}","templated":true}]}}