{"id":3000,"date":"2020-01-03T09:02:58","date_gmt":"2020-01-03T12:02:58","guid":{"rendered":"https:\/\/www.ufsm.br\/pro-reitorias\/proplan\/?page_id=3000"},"modified":"2020-05-25T14:46:12","modified_gmt":"2020-05-25T17:46:12","slug":"resolucao-n-021-2009","status":"publish","type":"page","link":"https:\/\/www.ufsm.br\/pro-reitorias\/proplan\/resolucao-n-021-2009","title":{"rendered":"Resolu\u00e7\u00e3o N. 021\/2009"},"content":{"rendered":"\t\t<div data-elementor-type=\"wp-page\" data-elementor-id=\"3000\" class=\"elementor elementor-3000\">\n\t\t\t\t\t\t<section class=\"elementor-section elementor-top-section elementor-element elementor-element-fb058b5 elementor-section-boxed elementor-section-height-default elementor-section-height-default\" data-id=\"fb058b5\" data-element_type=\"section\">\n\t\t\t\t\t\t<div class=\"elementor-container elementor-column-gap-default\">\n\t\t\t\t\t<div class=\"elementor-column elementor-col-100 elementor-top-column elementor-element elementor-element-07df6d2\" data-id=\"07df6d2\" data-element_type=\"column\">\n\t\t\t<div class=\"elementor-widget-wrap elementor-element-populated\">\n\t\t\t\t\t\t<div class=\"elementor-element elementor-element-68603f2 elementor-widget elementor-widget-html\" data-id=\"68603f2\" data-element_type=\"widget\" data-widget_type=\"html.default\">\n\t\t\t\t<div class=\"elementor-widget-container\">\n\t\t\t\r\n\r\n\r\n<title><b>RESOLU\u00c7\u00c3O N. 021\/2009<\/b><\/title>\r\n\r\n\r\n<div align=\"center\"><img decoding=\"async\" src=\"https:\/\/www.ufsm.br\/pro-reitorias\/proplan\/wp-content\/uploads\/sites\/344\/2019\/09\/brasao-da-republica-do-brasil-logo.png\" alt=\"Bras\u00e3o Rep\u00fablica Federativa do Brasil\" width=\"6%\" height=\"6%\"><\/div>    \r\n<h1><font color=\"blue\"><font size=\"5\"><div align=\"center\">MINIST\u00c9RIO DA EDUCA\u00c7\u00c3O<\/b><\/font><\/font><\/div><\/H1>\r\n<p><b><font color=\"0000blue\"><div align=\"center\">UNIVERSIDADE FEDERAL DE SANTA MARIA<\/b><\/font><\/div><\/p>\r\n\r\n<p><div align=\"center\"><b><a href=\"https:\/\/portal.ufsm.br\/documentos\/publico\/documento.html?id=4357753\"><font color=\"blue\">RESOLU\u00c7\u00c3O N. 021\/2009<\/font><\/a><\/b><\/div><\/p>\r\n<br>\r\n<p><div align=\"right\"><font color=\"800000\"><strike>Altera as tabelas dos Grupos II e III do Anexo da Resolu\u00e7\u00e3o n. 020\/09, que regulamenta o Concurso P\u00fablico para ingresso no Quadro do Magist\u00e9rio Superior da Universidade Federal de Santa Maria.<\/strike><\/font><\/div><\/p>\r\n<br>\r\n<p><a href=\"https:\/\/www.ufsm.br\/pro-reitorias\/proplan\/resolucoes-concursos-publicos\/\"><font color=\"blue\">Revogada pela Resolu\u00e7\u00e3o N. 030\/2013<\/font><\/a><\/p>\r\n<br>\r\n<br><div align=\"justify\">\r\n<strike>\r\n<p>O REITOR DA UNIVERSIDADE FEDERAL DE SANTA MARIA, no uso de suas atribui\u00e7\u00f5es legais e estatut\u00e1rias, e considerando o Parecer aprovado na 747\u00aa Sess\u00e3o do Conselho de Ensino, Pesquisa e Extens\u00e3o de 04\/09\/09, referente ao processo n. <a href=\"https:\/\/portal.ufsm.br\/documentos\/publico\/processo\/documento.html?idDocumento=3244521\" target=\"_blank\"><font color=\"blue\"><u>23081.005119\/2008-87<\/u><\/font><\/a>.<\/p>\r\n<br>\r\n<p><b><div align=\"center\">RESOLVE:<\/b><\/div><\/p>\r\n<br>\r\n<p>Art. 1\u00ba Alterar a tabela do Grupo II - Produ\u00e7\u00e3o Cient\u00edfica, Tecnol\u00f3gica, Art\u00edstica e Cultural (peso quatro) e a tabela do Grupo III \u2014 Atividades de Pesquisa, Ensino, Extens\u00e3o e Profissionais (peso quatro), do Anexo da <a href=\"https:\/\/www.ufsm.br\/pro-reitorias\/proplan\/resolucao-n-020-2009\/\" target=\"_blank\"><font color=\"blue\"><u>Resolu\u00e7\u00e3o n. 020\/09<\/u><\/font><\/a>.<\/p>\r\n<p>Art. 2\u00ba A tabela do Grupo II fica acrescida de um novo item 9 \u201cArtigo publicado em peri\u00f3dico cient\u00edfico especializado, n\u00e3o classificado no sistema Qualis da CAPES, na \u00e1rea ou \u00e1rea afim do concurso (por artigo)\u201d, com pontua\u00e7\u00e3o de 0,20, sendo renumerados os itens subsequentes.<\/p>\r\n<p>Art. 3\u00ba Altera a pontua\u00e7\u00e3o do item 9, do Grupo III, \u201cAtividade profissional n\u00e3o docente comprovada na \u00e1rea ou \u00e1rea afim objeto do concurso (por ano)\u201d, passando de 0,50 para 1,00.<\/p>\r\n<p>Art. 4\u00ba Esta resolu\u00e7\u00e3o entra em vigor na data de sua assinatura e revoga as disposi\u00e7\u00f5es em contr\u00e1rio.<\/p>\r\n\r\n<p>GABINETE DO REITOR DA UNIVERSIDADE FEDERAL DE SANTA MARIA, aos 07 dias do m\u00eas de dezembro do ano 2009.<\/p>\r\n<\/div>\r\n<p>Cl\u00f3vis Silva Lima,<\/p>\r\n<p>Reitor<\/p>\r\n\r\n<p><font color=\"red0000\">Este texto n\u00e3o substitui o documento original, publicado no Portal de Documentos.<\/font> Dispon\u00edvel em: <a href=\"https:\/\/portal.ufsm.br\/documentos\/publico\/documento.html?id=4357753\"><font color=\"blue\">https:\/\/portal.ufsm.br\/documentos\/publico\/documento.html?id=4357753<\/font><\/a>\r\n<\/strike>\r\n\r\n\t\t<\/div>\n\t\t\t\t<\/div>\n\t\t\t\t\t<\/div>\n\t\t<\/div>\n\t\t\t\t\t<\/div>\n\t\t<\/section>\n\t\t\t\t<\/div>\n\t\t","protected":false},"excerpt":{"rendered":"<p>RESOLU\u00c7\u00c3O N. 021\/2009 MINIST\u00c9RIO DA EDUCA\u00c7\u00c3O UNIVERSIDADE FEDERAL DE SANTA MARIA RESOLU\u00c7\u00c3O N. 021\/2009 Altera as tabelas dos Grupos II e III do Anexo da Resolu\u00e7\u00e3o n. 020\/09, que regulamenta o Concurso P\u00fablico para ingresso no Quadro do Magist\u00e9rio Superior da Universidade Federal de Santa Maria. Revogada pela Resolu\u00e7\u00e3o N. 030\/2013 O REITOR DA UNIVERSIDADE [&hellip;]<\/p>\n","protected":false},"author":205,"featured_media":0,"parent":0,"menu_order":0,"comment_status":"closed","ping_status":"closed","template":"","meta":{"footnotes":""},"categories":[],"tags":[],"class_list":["post-3000","page","type-page","status-publish","hentry"],"acf":[],"_links":{"self":[{"href":"https:\/\/www.ufsm.br\/pro-reitorias\/proplan\/wp-json\/wp\/v2\/pages\/3000","targetHints":{"allow":["GET"]}}],"collection":[{"href":"https:\/\/www.ufsm.br\/pro-reitorias\/proplan\/wp-json\/wp\/v2\/pages"}],"about":[{"href":"https:\/\/www.ufsm.br\/pro-reitorias\/proplan\/wp-json\/wp\/v2\/types\/page"}],"author":[{"embeddable":true,"href":"https:\/\/www.ufsm.br\/pro-reitorias\/proplan\/wp-json\/wp\/v2\/users\/205"}],"replies":[{"embeddable":true,"href":"https:\/\/www.ufsm.br\/pro-reitorias\/proplan\/wp-json\/wp\/v2\/comments?post=3000"}],"version-history":[{"count":0,"href":"https:\/\/www.ufsm.br\/pro-reitorias\/proplan\/wp-json\/wp\/v2\/pages\/3000\/revisions"}],"wp:attachment":[{"href":"https:\/\/www.ufsm.br\/pro-reitorias\/proplan\/wp-json\/wp\/v2\/media?parent=3000"}],"wp:term":[{"taxonomy":"category","embeddable":true,"href":"https:\/\/www.ufsm.br\/pro-reitorias\/proplan\/wp-json\/wp\/v2\/categories?post=3000"},{"taxonomy":"post_tag","embeddable":true,"href":"https:\/\/www.ufsm.br\/pro-reitorias\/proplan\/wp-json\/wp\/v2\/tags?post=3000"}],"curies":[{"name":"wp","href":"https:\/\/api.w.org\/{rel}","templated":true}]}}