{"id":3002,"date":"2020-01-03T09:02:59","date_gmt":"2020-01-03T12:02:59","guid":{"rendered":"https:\/\/www.ufsm.br\/pro-reitorias\/proplan\/?page_id=3002"},"modified":"2021-07-01T14:00:57","modified_gmt":"2021-07-01T17:00:57","slug":"resolucao-n-022-2009","status":"publish","type":"page","link":"https:\/\/www.ufsm.br\/pro-reitorias\/proplan\/resolucao-n-022-2009","title":{"rendered":"Resolu\u00e7\u00e3o N. 022\/2009"},"content":{"rendered":"\t\t<div data-elementor-type=\"wp-page\" data-elementor-id=\"3002\" class=\"elementor elementor-3002\">\n\t\t\t\t\t\t<section class=\"elementor-section elementor-top-section elementor-element elementor-element-fd4ade6 elementor-section-boxed elementor-section-height-default elementor-section-height-default\" data-id=\"fd4ade6\" data-element_type=\"section\">\n\t\t\t\t\t\t<div class=\"elementor-container elementor-column-gap-default\">\n\t\t\t\t\t<div class=\"elementor-column elementor-col-100 elementor-top-column elementor-element elementor-element-8284795\" data-id=\"8284795\" data-element_type=\"column\">\n\t\t\t<div class=\"elementor-widget-wrap elementor-element-populated\">\n\t\t\t\t\t\t<div class=\"elementor-element elementor-element-562ccc5 elementor-widget elementor-widget-html\" data-id=\"562ccc5\" data-element_type=\"widget\" data-widget_type=\"html.default\">\n\t\t\t\t<div class=\"elementor-widget-container\">\n\t\t\t\n\n\n<title><b>RESOLU\u00c7\u00c3O N. 022\/2009<\/b><\/title>\n\n\n<div align=\"center\"><img decoding=\"async\" src=\"https:\/\/www.ufsm.br\/pro-reitorias\/proplan\/wp-content\/uploads\/sites\/344\/2019\/09\/brasao-da-republica-do-brasil-logo.png\" alt=\"Bras\u00e3o Rep\u00fablica Federativa do Brasil\" width=\"6%\" height=\"6%\"><\/div>    \n<h1><font color=\"blue\"><font size=\"5\"><div align=\"center\">MINIST\u00c9RIO DA EDUCA\u00c7\u00c3O<\/b><\/font><\/font><\/div><\/H1>\n<p><b><font color=\"0000blue\"><div align=\"center\">UNIVERSIDADE FEDERAL DE SANTA MARIA<\/b><\/font><\/div><\/p>\n\n<p><div align=\"center\"><b><a href=\"https:\/\/portal.ufsm.br\/documentos\/publico\/documento.html?id=4357754\"><font color=\"blue\">RESOLU\u00c7\u00c3O N. 022\/2009<\/font><\/a><\/b><\/div><\/p>\n<br>\n<p><div align=\"right\"><font color=\"800000\"><strike>Aprova a reestrutura\u00e7\u00e3o do Departamento de Registro e Controle Acad\u00eamico da Universidade Federal de Santa Maria.<\/strike><\/font><\/div><\/p>\n<br><div align=\"justify\">\n<p><a href=\"https:\/\/www.ufsm.br\/pro-reitorias\/proplan\/resolucao-ufsm-n-055-2021\/\"><font color=\"blue\">Revogado pela Resolu\u00e7\u00e3o N. 055\/2021<\/font><\/a><\/p><\/p>\n<br>\n<strike>\n<p>O REITOR DA UNIVERSIDADE FEDERAL DE SANTA MARIA, no uso de suas atribui\u00e7\u00f5es legais e estatut\u00e1rias e considerando:<\/p>\n<p>- a necessidade de atendimento da demanda resultante do crescimento significativo das atividades de ensino decorrentes da expans\u00e3o e operacionalidade acad\u00eamica da UFSM;<\/p>\n<p>- o Parecer n. 178\/09, aprovado na 706\u00aa Sess\u00e3o do Conselho Universit\u00e1rio, de 11.12.09, referente ao Processo n. <a href=\"https:\/\/portal.ufsm.br\/documentos\/publico\/processo\/documento.html?idDocumento=3901618\" target=\"_blank\"><font color=\"blue\"><u>23081.015259\/2009-44<\/u><\/font><\/a>.<\/p>\n<br>\n<p><b><div align=\"center\">RESOLVE:<\/b><\/div><\/p>\n<br>\n<p>Art. 1\u00ba Aprova a reestrutura\u00e7\u00e3o do Departamento de Registro e Controle Acad\u00eamico da Universidade Federal de Santa Maria, com a estrutura compat\u00edvel \u00e0s suas necessidades.<\/p>\n<p>Art. 2\u00ba A subunidade dever\u00e1 funcionar com a nova estrutura, mas com as fun\u00e7\u00f5es de confian\u00e7a existentes at\u00e9 que haja aumento no quadro de fun\u00e7\u00f5es da UFSM ou que elas sejam dispostas em raz\u00e3o de eventuais altera\u00e7\u00f5es da sua estrutura organizacional.<\/p>\n<p>Art. 3\u00ba Caber\u00e1 \u00e0 Pr\u00f3-Reitoria de Planejamento proceder \u00e0s altera\u00e7\u00f5es no Sistema de Classifica\u00e7\u00e3o Institucional, \u00e0 Pr\u00f3-Reitoria de Recursos Humanos a relota\u00e7\u00e3o dos recursos humanos e ao Departamento de Material e Patrim\u00f4nio a adequa\u00e7\u00e3o do registro dos m\u00f3veis e equipamentos.<\/p>\n<p>Art. 4\u00ba Esta resolu\u00e7\u00e3o entrar\u00e1 em vigor na data de sua publica\u00e7\u00e3o, revogadas as disposi\u00e7\u00f5es em contr\u00e1rio.<\/p>\n\n<p>GABINETE DO REITOR DA UNIVERSIDADE FEDERAL-DE SANTA MARIA, aos quinze dias do m\u00eas de dezembro do ano dois mil e nove.<\/p>\n<\/div>\n<p>Cl\u00f3vis Silva Lima,<\/p>\n<p>Reitor<\/p>\n\n<p><font color=\"red0000\">Este texto n\u00e3o substitui o documento original, publicado no Portal de Documentos.<\/font> Dispon\u00edvel em: <a href=\"https:\/\/portal.ufsm.br\/documentos\/publico\/documento.html?id=4357754\"><font color=\"blue\">https:\/\/portal.ufsm.br\/documentos\/publico\/documento.html?id=4357754<\/font><\/a>\n<\/strike>\n\n\t\t<\/div>\n\t\t\t\t<\/div>\n\t\t\t\t\t<\/div>\n\t\t<\/div>\n\t\t\t\t\t<\/div>\n\t\t<\/section>\n\t\t\t\t<\/div>\n\t\t","protected":false},"excerpt":{"rendered":"<p>RESOLU\u00c7\u00c3O N. 022\/2009 MINIST\u00c9RIO DA EDUCA\u00c7\u00c3O UNIVERSIDADE FEDERAL DE SANTA MARIA RESOLU\u00c7\u00c3O N. 022\/2009 Aprova a reestrutura\u00e7\u00e3o do Departamento de Registro e Controle Acad\u00eamico da Universidade Federal de Santa Maria. Revogado pela Resolu\u00e7\u00e3o N. 055\/2021 O REITOR DA UNIVERSIDADE FEDERAL DE SANTA MARIA, no uso de suas atribui\u00e7\u00f5es legais e estatut\u00e1rias e considerando: &#8211; a [&hellip;]<\/p>\n","protected":false},"author":205,"featured_media":0,"parent":0,"menu_order":0,"comment_status":"closed","ping_status":"closed","template":"","meta":{"footnotes":""},"categories":[],"tags":[],"class_list":["post-3002","page","type-page","status-publish","hentry"],"acf":[],"_links":{"self":[{"href":"https:\/\/www.ufsm.br\/pro-reitorias\/proplan\/wp-json\/wp\/v2\/pages\/3002","targetHints":{"allow":["GET"]}}],"collection":[{"href":"https:\/\/www.ufsm.br\/pro-reitorias\/proplan\/wp-json\/wp\/v2\/pages"}],"about":[{"href":"https:\/\/www.ufsm.br\/pro-reitorias\/proplan\/wp-json\/wp\/v2\/types\/page"}],"author":[{"embeddable":true,"href":"https:\/\/www.ufsm.br\/pro-reitorias\/proplan\/wp-json\/wp\/v2\/users\/205"}],"replies":[{"embeddable":true,"href":"https:\/\/www.ufsm.br\/pro-reitorias\/proplan\/wp-json\/wp\/v2\/comments?post=3002"}],"version-history":[{"count":0,"href":"https:\/\/www.ufsm.br\/pro-reitorias\/proplan\/wp-json\/wp\/v2\/pages\/3002\/revisions"}],"wp:attachment":[{"href":"https:\/\/www.ufsm.br\/pro-reitorias\/proplan\/wp-json\/wp\/v2\/media?parent=3002"}],"wp:term":[{"taxonomy":"category","embeddable":true,"href":"https:\/\/www.ufsm.br\/pro-reitorias\/proplan\/wp-json\/wp\/v2\/categories?post=3002"},{"taxonomy":"post_tag","embeddable":true,"href":"https:\/\/www.ufsm.br\/pro-reitorias\/proplan\/wp-json\/wp\/v2\/tags?post=3002"}],"curies":[{"name":"wp","href":"https:\/\/api.w.org\/{rel}","templated":true}]}}