{"id":3005,"date":"2020-01-03T10:48:41","date_gmt":"2020-01-03T13:48:41","guid":{"rendered":"https:\/\/www.ufsm.br\/pro-reitorias\/proplan\/?page_id=3005"},"modified":"2020-01-03T11:08:21","modified_gmt":"2020-01-03T14:08:21","slug":"anexo-da-resolucao-n-020-2009","status":"publish","type":"page","link":"https:\/\/www.ufsm.br\/pro-reitorias\/proplan\/anexo-da-resolucao-n-020-2009","title":{"rendered":"Anexo da Resolu\u00e7\u00e3o N. 020\/2009"},"content":{"rendered":"\t\t<div data-elementor-type=\"wp-page\" data-elementor-id=\"3005\" class=\"elementor elementor-3005\">\n\t\t\t\t\t\t<section class=\"elementor-section elementor-top-section elementor-element elementor-element-ea5d94b elementor-section-boxed elementor-section-height-default elementor-section-height-default\" data-id=\"ea5d94b\" data-element_type=\"section\">\n\t\t\t\t\t\t<div class=\"elementor-container elementor-column-gap-default\">\n\t\t\t\t\t<div class=\"elementor-column elementor-col-100 elementor-top-column elementor-element elementor-element-999ff7a\" data-id=\"999ff7a\" data-element_type=\"column\">\n\t\t\t<div class=\"elementor-widget-wrap elementor-element-populated\">\n\t\t\t\t\t\t<div class=\"elementor-element elementor-element-a8972bb elementor-widget elementor-widget-html\" data-id=\"a8972bb\" data-element_type=\"widget\" data-widget_type=\"html.default\">\n\t\t\t\t<div class=\"elementor-widget-container\">\n\t\t\t\r\n\r\n\r\n<title><b>ANEXO DA RESOLU\u00c7\u00c3O N. 020\/2009<\/b><\/title>\r\n\r\n\r\n<div align=\"center\"><img decoding=\"async\" src=\"https:\/\/www.ufsm.br\/pro-reitorias\/proplan\/wp-content\/uploads\/sites\/344\/2019\/09\/brasao-da-republica-do-brasil-logo.png\" alt=\"Bras\u00e3o Rep\u00fablica Federativa do Brasil\" width=\"6%\" height=\"6%\"><\/div>    \r\n<h1><font color=\"blue\"><font size=\"5\"><div align=\"center\">MINIST\u00c9RIO DA EDUCA\u00c7\u00c3O<\/b><\/font><\/font><\/div><\/H1>\r\n<p><b><font color=\"0000blue\"><div align=\"center\">UNIVERSIDADE FEDERAL DE SANTA MARIA<\/b><\/font><\/div><\/p>\r\n\r\n<p><div align=\"center\"><b><a href=\"https:\/\/portal.ufsm.br\/documentos\/publico\/documento.html?id=12900761\"><font color=\"blue\">ANEXO DA RESOLU\u00c7\u00c3O N. 020\/2009<\/font><\/a><\/b><\/div><\/p>\r\n<br>\r\n<p><div align=\"right\"><font color=\"800000\"><strike>Tabela de Pontos para Avalia\u00e7\u00e3o de T\u00edtulos.<\/strike><\/font><\/div><\/p>\r\n<br>\r\n<p><a href=\"https:\/\/www.ufsm.br\/pro-reitorias\/proplan\/resolucao-n-021-2009\/\"><font color=\"blue\">Alterada pela Resolu\u00e7\u00e3o N. 021\/2009<\/font><\/a><\/p>\r\n<p><a href=\"https:\/\/www.ufsm.br\/pro-reitorias\/proplan\/resolucao-n-020-2010\/\"><font color=\"blue\">Alterada pela Resolu\u00e7\u00e3o N. 020\/2010<\/font><\/a><\/p>\r\n<p><a href=\"https:\/\/www.ufsm.br\/pro-reitorias\/proplan\/resolucao-n-031-2011\/\"><font color=\"blue\">Alterada pela Resolu\u00e7\u00e3o N. 031\/2011<\/font><\/a><\/p>\r\n<p><a href=\"https:\/\/www.ufsm.br\/pro-reitorias\/proplan\/resolucoes-concursos-publicos\/\"><font color=\"blue\">Revogada pela Resolu\u00e7\u00e3o N. 030\/2013<\/font><\/a><\/p>\r\n<br>\r\n<br><div align=\"justify\">\r\n<strike>\r\n<p><div align=\"center\"><b>GRUPO I - Forma\u00e7\u00e3o e Aperfei\u00e7oamento Acad\u00eamico (peso dois)<\/b><\/div><\/p>\r\n<br>\r\n<table><table width=\"50%\">\r\n<tr><th><b>Item<\/b><\/th><th><b>Sub-Item<\/b><\/th><th><b>Discrimina\u00e7\u00e3o <strike>da Forma\u00e7\u00e3o e Aperfei\u00e7oamento Acad\u00eamico<\/strike><\/b><\/th><th><b>Pontua\u00e7\u00e3o<\/b><\/th><\/tr>\t\t\r\n<tr><td><b>1<\/b><\/td><td><b><\/b><\/td><td>Doutorado<\/td><td><b><\/b><\/td><\/tr>\r\n<tr><td><b><\/b><\/td><td><b>1.1<\/b><\/td><td>Doutorado na \u00e1rea objeto do Concurso<\/td><td><b>7,00<\/b><\/td><\/tr>\r\n<tr><td><b><\/b><\/td><td><b>1.2<\/b><\/td><td>Doutorado em \u00e1rea afim da \u00e1rea objeto do Concurso<\/td><td><b>5,00<\/b><\/td><\/tr>\r\n<tr><td><b><\/b><\/td><td><b>1.3<\/b><\/td><td>Doutorado em andamento com comprova\u00e7\u00e3o da obten\u00e7\u00e3o de todos os cr\u00e9ditos de Doutorado na \u00e1rea objeto do Concurso,da elabora\u00e7\u00e3o de tese em andamento na \u00e1rea objeto do concurso e do v\u00ednculo regular ao programa de P\u00f3s-gradua\u00e7\u00e3o onde obteve os cr\u00e9ditos.<\/td><td><b>4,00<\/b><\/td><\/tr>\r\n<tr><td><b><\/b><\/td><td><b>1.4<\/b><\/td><td>Doutorado em andamento com comprova\u00e7\u00e3o da obten\u00e7\u00e3o de todos os cr\u00e9ditos de Doutorado em \u00e1rea afim do Concurso, da elabora\u00e7\u00e3o de tese em andamento na \u00e1rea afim do concurso e do v\u00ednculo regular ao programa de P\u00f3s-gradua\u00e7\u00e3o onde obteve os cr\u00e9ditos.<\/td><td><b>3,50<\/b><\/td><\/tr>\r\n<tr><td><b>2<\/b><\/td><td><b><b><\/td><td>Mestrado<\/td><td><b><\/b><\/td><\/tr>\r\n<tr><td><b><\/b><\/td><td><b>2.1<\/b><\/td><td>Mestrado na \u00e1rea objeto do Concurso<\/td><td><b>3,00<\/b><\/td><\/tr>\r\n<tr><td><b><\/b><\/td><td><b>2.2<\/b><\/td><td>Mestrado em \u00e1rea afim da \u00e1rea objeto do Concurso<\/td><td><b>2,50<\/b><\/td><\/tr>\r\n<tr><td><b><\/b><\/td><td><b>2.3<\/b><\/td><td>Mestrado em andamento com comprova\u00e7\u00e3o da obten\u00e7\u00e3o de todos os cr\u00e9ditos de Mestrado na \u00e1rea objeto do Concurso, da elabora\u00e7\u00e3o de disserta\u00e7\u00e3o em andamento na \u00e1rea objeto do concurso e do v\u00ednculo regular ao programa de P\u00f3s-gradua\u00e7\u00e3o onde obteve os cr\u00e9ditos.<\/td><td><b>2,00<\/b><\/td><\/tr>\r\n<tr><td><b><\/b><\/td><td><b>2.4<\/b><\/td><td>Mestrado em andamento com comprova\u00e7\u00e3o da obten\u00e7\u00e3o de todos os cr\u00e9ditos de Mestrado na \u00e1rea afim do Concurso, da elabora\u00e7\u00e3o de disserta\u00e7\u00e3o em andamento em \u00e1rea afim do concurso e do v\u00ednculo regular ao programa de P\u00f3s-gradua\u00e7\u00e3o onde obteve os cr\u00e9ditos.<\/td><td><b>1,50<\/b><\/td><\/tr>\r\n<tr><td><b>3<\/b><\/td><td><b><\/b><\/td><td>Especializa\u00e7\u00e3o<\/td><td><b><\/b><\/td><\/tr>\r\n<tr><td><b><\/b><\/td><td><b>3.1<\/b><\/td><td>Especializa\u00e7\u00e3o na \u00e1rea objeto do concurso, com exig\u00eancia de aproveitamento e frequ\u00eancia, com dura\u00e7\u00e3o m\u00ednima de 360 horas<\/td><td><b>1,00<\/b><\/td><\/tr>\r\n<tr><td><b>4<\/b><\/td><td><b><\/b><\/td><td>Resid\u00eancia<\/td><td><b><\/b><\/td><\/tr>\r\n<tr><td><b><\/b><\/td><td><b>4.1<\/b><\/td><td>Resid\u00eancia realizada na forma da Lei que regulamenta a profiss\u00e3o, na especialidade objeto do concurso<\/td><td><b>2,00<\/b><\/td><\/tr>\r\n<\/div><\/table>\t\t\r\n<a href=\"https:\/\/www.ufsm.br\/pro-reitorias\/proplan\/resolucao-n-031-2011\/\"><font color=\"blue\">(A primeira linha da Tabela de Pontos para Avalia\u00e7\u00e3o de T\u00edtulos, do Grupo I, teve a reda\u00e7\u00e3o alterada pela Resolu\u00e7\u00e3o N. 031\/2011)<\/font><\/a><\/p> \r\n<br>\r\n<br>\r\n<p><div align=\"center\"><b>GRUPO II - Produ\u00e7\u00e3o Cient\u00edfica, Tecnol\u00f3gica, Art\u00edstica e Cultural (peso quatro)<\/b><\/div><\/p>\r\n<br>\r\n<table><table width=\"50%\">\r\n<tr><th><b><\/b><\/th><th><b>DISCRIMINA\u00c7\u00c3O<\/b><\/th><th><b>PONTUA\u00c7\u00c3O<\/b><\/th><\/tr>\t\r\n<tr><td><b>1<\/b><\/td><td>Autoria de livro internacional na \u00e1rea ou \u00e1rea afim do concurso, cadastrado no ISBN ou similar com corpo editorial (por unidade).<\/td><td><b>16,00<\/b><\/td><\/tr>\r\n<tr><td><b>2<\/b><\/td><td>Autoria de livro nacional na \u00e1rea ou \u00e1rea afim do concurso, cadastrado no ISBN ou similar com corpo editorial (por unidade).<\/td><td><b>10,00<\/b><\/td><\/tr>\r\n<tr><td><b>3<\/b><\/td><td>Autoria de cap\u00edtulo de livro internacional na \u00e1rea ou \u00e1rea afim do concurso, cadastrado no ISBN ou similar com corpo editorial (por unidade).<\/td><td><b>6,00<\/b><\/td><\/tr>\r\n<tr><td><b>4<\/b><\/td><td>Autoria de cap\u00edtulo de livro nacional na \u00e1rea ou \u00e1rea afim do concurso, cadastrado no ISBN ou similar com corpo editorial (por unidade).<\/td><td><b>4,00<\/b><\/td><\/tr>\r\n<tr><td><b>5<\/b><\/td><td>Artigo publicado em peri\u00f3dico cient\u00edfico especializado, classificado no sistema Qualis* da CAPES como A1 ou A2, na \u00e1rea ou \u00e1rea afim do concurso (por artigo).<\/td><td><b>8,00<\/b><\/td><\/tr>\r\n<tr><td><b>6<\/b><\/td><td>Artigo publicado em peri\u00f3dico cient\u00edfico especializado, classificado no sistema Qualis* da CAPES como B1 ou B2, na \u00e1rea ou \u00e1rea afim do concurso (por artigo).<\/td><td><b>5,00<\/b><\/td><\/tr>\r\n<tr><td><b>7<\/b><\/td><td>Artigo publicado em peri\u00f3dico cient\u00edfico especializado, classificado nosistema Qualis* da CAPES como B3 ou B4, na \u00e1rea ou \u00e1rea afim do concurso (por artigo).<\/td><td><b>3,00<\/b><\/td><\/tr>\r\n<tr><strike><td><b>8<\/b><\/td><td>Artigo publicado em peri\u00f3dico cient\u00edfico especializado, classificado sistema Qualis* da CAPES como B5, na \u00e1rea ou \u00e1rea afim do concurso (por artigo)<\/td><td><b>1,50<\/b><\/td><\/tr> <\/strike>\r\n<tr><td><b>8<\/b><\/td><td>Artigo publicado em peri\u00f3dico cient\u00edfico especializado, n\u00e3o classificado no sistema Qualis* da CAPES, na \u00e1rea ou \u00e1rea afim do concurso (por artigo)<\/td><td><b>0,20<\/b><\/td><\/tr>\r\n<tr><td><b>9<\/b><\/td><td>Trabalho completo publicado em Anais de Congressos Cient\u00edficos, classificado no sistema Qualis* da CAPES como A na \u00e1rea ou \u00e1rea afim do concurso (por trabalho)<\/td><td><b>2,50<\/b><\/td><\/tr> \r\n<tr><strike><td><b>10<\/b><\/td><td>Trabalho completo publicado em Anais de Congressos Cient\u00edficos, classificado no sistema Qualis* da CAPES como B na \u00e1rea ou \u00e1rea afim do concurso (por trabalho)<\/td><td><b>1,50<\/b><\/td><\/strike><\/tr>\r\n<tr><strike><td><b>11<\/b><\/td><td>Trabalho completo publicado em Anais de Congressos Cient\u00edficos internacionais, na \u00e1rea ou \u00e1rea afim do concurso n\u00e3o classificado no sistema Qualis* da CAPES (por trabalho)<\/td><td><b>1,50<\/b><\/td><\/strike><\/tr>\r\n<tr><strike><td><b>12<\/b><\/td><td>Trabalho completo publicado em Anais de Congressos Cient\u00edficos nacionais, na \u00e1rea ou \u00e1rea afim do concurso n\u00e3o classificado no sistema Qualis* da CAPES (por trabalho)<\/td><td><b>1,00<\/b><\/td><\/strike><\/tr>\r\n<tr><td><b>12<\/b><\/td><td>Trabalho completo publicado em Anais de Congressos Cient\u00edficos nacionais, na \u00e1rea ou \u00e1rea afim do concurso (por trabalho)<\/td><td><b>1,00<\/b><\/td><\/tr>\r\n<tr><strike><td><b>13<\/b><\/td><td>Resumo publicado em Anais de Congressos Cient\u00edficos, internacional ou nacional, na \u00e0rea ou \u00e1rea afim do concurso (por trabalho)<\/td><td><b>0,25<\/b><\/td><\/strike><\/tr>\r\n<tr><td><b>13<\/b><\/td><td>Resumo publicado em Anais de Congressos Cient\u00edficos, internacional ou nacional, na \u00e0rea ou \u00e1rea afim do concurso (por trabalho)<\/td><td><b>0,25<\/b><\/td><\/tr>\r\n<tr><td><b>14<\/b><\/td><td>Produ\u00e7\u00e3o art\u00edstica ou cultural, exposta ou apresentada, classificada no sistema Qualis* da CAPES como A1 ou A2, na \u00e1rea do concurso (por produ\u00e7\u00e3o)<\/td><td><b>8,00<\/b><\/td><\/tr>\r\n<tr><td><b>15<\/b><\/td><td>Produ\u00e7\u00e3o art\u00edstica ou cultural, exposta ou apresentada, classificada no sistema Qualis* da CAPES como B1 ou B2, na \u00e1rea do concurso (por produ\u00e7\u00e3o)<\/td><td><b>5,00<\/b><\/td><\/tr>\r\n<tr><td><b>16<\/b><\/td><td>Produ\u00e7\u00e3o art\u00edstica ou cultural, exposta ou apresentada, classificada no sistema Qualis* da CAPES como B3 ou B4, na \u00e1rea do concurso (por produ\u00e7\u00e3o)<\/td><td><b>3,00<\/b><\/td><\/tr>\r\n<tr><td><b>17<\/b><\/td><td>Produ\u00e7\u00e3o art\u00edstica ou cultural, exposta ou apresentada, classificada no sistema Qualis* da CAPES como B5, na \u00e1rea do concurso (por produ\u00e7\u00e3o)<\/td><td><b>1,50<\/b><\/td><\/tr>\r\n<tr><td><b>18<\/b><\/td><td>Patentes e licen\u00e7as de produtos tecnol\u00f3gicos e registro de software, na \u00e1rea do concurso (por patente ou licen\u00e7a)<\/td><td><b>10,00<\/b><\/td><\/tr>\r\n<tr><td><b>19<\/b><\/td><td>Pr\u00eamios e T\u00edtulos honor\u00edficos recebidos na \u00e1rea ou \u00e1rea afim do concurso (por pr\u00eamio ou t\u00edtulo).<\/td><td><b>16,00<\/b><\/td><\/tr>\r\n<\/div><\/table>\r\n<p>A classifica\u00e7\u00e3o do Sistema Qualis da CAPES ser\u00e1 a vigente na data do concurso. <a href=\"https:\/\/www.ufsm.br\/pro-reitorias\/proplan\/resolucao-n-020-2010\/\"><font color=\"blue\">(Reda\u00e7\u00e3o dada pela Resolu\u00e7\u00e3o N. 020\/2010)<\/font><\/a><\/p> \r\n<a href=\"https:\/\/www.ufsm.br\/pro-reitorias\/proplan\/resolucao-n-021-2009\/\"><font color=\"blue\">(O item 8 teve a reda\u00e7\u00e3o alterada pela Resolu\u00e7\u00e3o N. 021\/2009)<\/font><\/a><\/p> \r\n<a href=\"https:\/\/www.ufsm.br\/pro-reitorias\/proplan\/resolucao-n-021-2009\/\"><font color=\"blue\">(Os itens 9 a 19 forma renumerados pela Resolu\u00e7\u00e3o N. 021\/2009)<\/font><\/a><\/p> \r\n<a href=\"https:\/\/www.ufsm.br\/pro-reitorias\/proplan\/resolucao-n-020-2010\/\"><font color=\"blue\">(Exclu\u00eddos os itens 10 e 11 pela Resolu\u00e7\u00e3o N. 020\/2010)<\/font><\/a><\/p> \r\n<a href=\"https:\/\/www.ufsm.br\/pro-reitorias\/proplan\/resolucao-n-020-2010\/\"><font color=\"blue\">(Acrescescido um asterisco (*) nas palavras Qualis (Qualis*) pela Resolu\u00e7\u00e3o N. 020\/2010)<\/font><\/a><\/p> \r\n<a href=\"https:\/\/www.ufsm.br\/pro-reitorias\/proplan\/resolucao-n-020-2010\/\"><font color=\"blue\">(Os itens 12 e 13 tiveram suprimida a express\u00e3o \u201cn\u00e3o classificado no sistema Qualis da CAPES\u201d pela Resolu\u00e7\u00e3o N. 020\/2010)<\/font><\/a><\/p> \r\n<br>\r\n<br>\r\n<p><div align=\"center\"><b>GRUPO III - Atividades de Pesquisa, Ensino, Extens\u00e3o e Profissionais (peso quatro)<\/b><\/div><\/p>\r\n<br>\r\n<table><table width=\"50%\">\r\n<tr><th><b><\/b><\/th><th><b>DISCRIMINA\u00c7\u00c3O<\/b><\/th><th><b>PONTUA\u00c7\u00c3O<\/b><\/th><\/tr>\t\r\n<tr><td><b>1<\/b><\/td><td>Orienta\u00e7\u00e3o de Tese, defendida e aprovada (por tese)<\/td><td><b>5,00<\/b><\/td><\/tr>\r\n<tr><td><b>2<\/b><\/td><td>Co-orienta\u00e7\u00e3o de Tese, defendida e aprovada (por tese)<\/td><td><b>2,00<\/b><\/td><\/tr>\r\n<tr><td><b>3<\/b><\/td><td>Orienta\u00e7\u00e3o de Disserta\u00e7\u00e3o defendida e aprovada (por disserta\u00e7\u00e3o)<\/td><td><b>2,50<\/b><\/td><\/tr>\r\n<tr><td><b>4<\/b><\/td><td>Co-orienta\u00e7\u00e3o de Disserta\u00e7\u00e3o defendida e aprovada (por disserta\u00e7\u00e3o)<\/td><td><b>1,00<\/b><\/td><\/tr>\r\n<tr><td><b>5<\/b><\/td><td>Orienta\u00e7\u00e3o de Monografia de Cursos de Especializa\u00e7\u00e3o permanente defendida e aprovada (por monografia)<\/td><td><b>1,00<\/b><\/td><\/tr>\r\n<tr><td><b>6<\/b><\/td><td>Orienta\u00e7\u00e3o de Projeto de Inicia\u00e7\u00e3o Cient\u00edfica ou de Extens\u00e3o (vinculado a \u00f3rg\u00e3os de fomento, ou programa institucional formalmente constitu\u00eddo) e de trabalho de conclus\u00e3o de Cursos de Gradua\u00e7\u00e3o (por orienta\u00e7\u00e3o)<\/td><td><b>0,25<\/b><\/td><\/tr>\r\n<tr><td><b>7<\/b><\/td><td>Atividade de Magist\u00e9rio Superior, a cada 15 horas em sala de aula (por semestre letivo)<\/td><td><b>0,20<\/b><\/td><\/tr>\r\n<tr><td><b>8<\/b><\/td><td>Atividade de Magist\u00e9rio na Educa\u00e7\u00e3o B\u00e1sica Formal, por semestre letivo.<\/td><td><b>0,20<\/b><\/td><\/tr>\r\n<tr><strike><td><b>9<\/b><\/td><td>Atividade profissional n\u00e3o docente comprovada na \u00e1rea ou \u00e1rea afim objeto do concurso (por ano)<\/td><td><b>0,50<\/b><\/td><\/strike><\/tr>\r\n<tr><td><b>9<\/b><\/td><td>Atividade profissional n\u00e3o docente comprovada na \u00e1rea ou \u00e1rea afim objeto do concurso (por ano)<\/td><td><b>1,00<\/b><\/td><\/tr>\r\n<tr><td><b>10<\/b><\/td><td>Atividade administrativa ou participa\u00e7\u00e3o em \u00f3rg\u00e3o colegiado associadas a doc\u00eancia (por atividade\/\u00f3rg\u00e3o)<\/td><td><b>0,20<\/b><\/td><\/tr>\r\n<tr><td><b>11<\/b><\/td><td>Participa\u00e7\u00e3o em banca de Concursos P\u00fablicos (por banca)<\/td><td><b>0,20<\/b><\/td><\/tr>\r\n<tr><td><b>12<\/b><\/td><td>Participa\u00e7\u00e3o em banca de Concursos P\u00fablicos (por banca)<\/td><td><b>0,30<\/b><\/td><\/tr>\r\n<tr><td><b>13<\/b><\/td><td>Participa\u00e7\u00e3o em banca de defesa de disserta\u00e7\u00e3o (por banca)<\/td><td><b>0,20<\/b><\/td><\/tr>\r\n<tr><td><b>14<\/b><\/td><td>Participa\u00e7\u00e3o em banca de defesa de monografia (por banca)<\/td><td><b>0,10<\/b><\/td><\/tr>\r\n<tr><td><b>15<\/b><\/td><td>Coordena\u00e7\u00e3o de projeto aprovado e financiado em \u00f3rg\u00e3os p\u00fablicos de fomento como CNPq, FINEP, CAPES, FAPs (por projeto)<\/td><td><b>1,50<\/b><\/td><\/tr>\r\n<tr><td><b>16<\/b><\/td><td>Aprova\u00e7\u00e3o em Concurso P\u00fablico para Docente de Ensino Superior na \u00e1rea ou \u00e1rea afim objeto do concurso (por aprova\u00e7\u00e3o)<\/td><td><b>0,50<\/b><\/td><\/tr>\r\n<tr><td><b>17<\/b><\/td><td>Participa\u00e7\u00e3o em comiss\u00e3o organizadora de evento cient\u00edfico, tecnol\u00f3gico, art\u00edstico ou cultural na \u00e1rea ou \u00e1rea afim do concurso<\/td><td><b>0,20<\/b><\/td><\/tr>\r\n<tr><td><b>18<\/b><\/td><td>Revisor de peri\u00f3dico cientifico classificado no sistema Qualis da CAPES na \u00e1rea ou \u00e1rea afim do concurso (por peri\u00f3dico)<\/td><td><b>0,10<\/b><\/td><\/tr>\r\n<\/div><\/table>\t\t\r\n<a href=\"https:\/\/www.ufsm.br\/pro-reitorias\/proplan\/resolucao-n-021-2009\/\"><font color=\"blue\">(O item 9 teve a pontua\u00e7\u00e3o alterada pela Resolu\u00e7\u00e3o N. 021\/2009)<\/font><\/a><\/p> \r\n<br>\r\n<br>\r\n<div align=\"justify\">\r\n<p><font color=\"red0000\">Este texto n\u00e3o substitui o documento original, publicado no Portal de Documentos.<\/font> Dispon\u00edvel em: <a href=\"https:\/\/portal.ufsm.br\/documentos\/publico\/documento.html?id=12900761\"><font color=\"blue\">https:\/\/portal.ufsm.br\/documentos\/publico\/documento.html?id=12900761<\/font><\/a>\r\n<\/div>\r\n<\/strike>\r\n\r\n\t\t<\/div>\n\t\t\t\t<\/div>\n\t\t\t\t\t<\/div>\n\t\t<\/div>\n\t\t\t\t\t<\/div>\n\t\t<\/section>\n\t\t\t\t<\/div>\n\t\t","protected":false},"excerpt":{"rendered":"<p>ANEXO DA RESOLU\u00c7\u00c3O N. 020\/2009 MINIST\u00c9RIO DA EDUCA\u00c7\u00c3O UNIVERSIDADE FEDERAL DE SANTA MARIA ANEXO DA RESOLU\u00c7\u00c3O N. 020\/2009 Tabela de Pontos para Avalia\u00e7\u00e3o de T\u00edtulos. Alterada pela Resolu\u00e7\u00e3o N. 021\/2009 Alterada pela Resolu\u00e7\u00e3o N. 020\/2010 Alterada pela Resolu\u00e7\u00e3o N. 031\/2011 Revogada pela Resolu\u00e7\u00e3o N. 030\/2013 GRUPO I &#8211; Forma\u00e7\u00e3o e Aperfei\u00e7oamento Acad\u00eamico (peso dois) Item [&hellip;]<\/p>\n","protected":false},"author":205,"featured_media":0,"parent":0,"menu_order":0,"comment_status":"closed","ping_status":"closed","template":"","meta":{"footnotes":""},"categories":[],"tags":[],"class_list":["post-3005","page","type-page","status-publish","hentry"],"acf":[],"_links":{"self":[{"href":"https:\/\/www.ufsm.br\/pro-reitorias\/proplan\/wp-json\/wp\/v2\/pages\/3005","targetHints":{"allow":["GET"]}}],"collection":[{"href":"https:\/\/www.ufsm.br\/pro-reitorias\/proplan\/wp-json\/wp\/v2\/pages"}],"about":[{"href":"https:\/\/www.ufsm.br\/pro-reitorias\/proplan\/wp-json\/wp\/v2\/types\/page"}],"author":[{"embeddable":true,"href":"https:\/\/www.ufsm.br\/pro-reitorias\/proplan\/wp-json\/wp\/v2\/users\/205"}],"replies":[{"embeddable":true,"href":"https:\/\/www.ufsm.br\/pro-reitorias\/proplan\/wp-json\/wp\/v2\/comments?post=3005"}],"version-history":[{"count":0,"href":"https:\/\/www.ufsm.br\/pro-reitorias\/proplan\/wp-json\/wp\/v2\/pages\/3005\/revisions"}],"wp:attachment":[{"href":"https:\/\/www.ufsm.br\/pro-reitorias\/proplan\/wp-json\/wp\/v2\/media?parent=3005"}],"wp:term":[{"taxonomy":"category","embeddable":true,"href":"https:\/\/www.ufsm.br\/pro-reitorias\/proplan\/wp-json\/wp\/v2\/categories?post=3005"},{"taxonomy":"post_tag","embeddable":true,"href":"https:\/\/www.ufsm.br\/pro-reitorias\/proplan\/wp-json\/wp\/v2\/tags?post=3005"}],"curies":[{"name":"wp","href":"https:\/\/api.w.org\/{rel}","templated":true}]}}