{"id":3006,"date":"2020-01-03T11:14:35","date_gmt":"2020-01-03T14:14:35","guid":{"rendered":"https:\/\/www.ufsm.br\/pro-reitorias\/proplan\/?page_id=3006"},"modified":"2020-05-25T14:48:21","modified_gmt":"2020-05-25T17:48:21","slug":"resolucao-n-001-2008","status":"publish","type":"page","link":"https:\/\/www.ufsm.br\/pro-reitorias\/proplan\/resolucao-n-001-2008","title":{"rendered":"Resolu\u00e7\u00e3o N. 001\/2008"},"content":{"rendered":"\t\t<div data-elementor-type=\"wp-page\" data-elementor-id=\"3006\" class=\"elementor elementor-3006\">\n\t\t\t\t\t\t<section class=\"elementor-section elementor-top-section elementor-element elementor-element-a8b576a elementor-section-boxed elementor-section-height-default elementor-section-height-default\" data-id=\"a8b576a\" data-element_type=\"section\">\n\t\t\t\t\t\t<div class=\"elementor-container elementor-column-gap-default\">\n\t\t\t\t\t<div class=\"elementor-column elementor-col-100 elementor-top-column elementor-element elementor-element-5b3cc5f\" data-id=\"5b3cc5f\" data-element_type=\"column\">\n\t\t\t<div class=\"elementor-widget-wrap elementor-element-populated\">\n\t\t\t\t\t\t<div class=\"elementor-element elementor-element-fcf34c1 elementor-widget elementor-widget-html\" data-id=\"fcf34c1\" data-element_type=\"widget\" data-widget_type=\"html.default\">\n\t\t\t\t<div class=\"elementor-widget-container\">\n\t\t\t\r\n\r\n\r\n<title><b>RESOLU\u00c7\u00c3O N. 001\/2008<\/b><\/title>\r\n\r\n\r\n<div align=\"center\"><img decoding=\"async\" src=\"https:\/\/www.ufsm.br\/pro-reitorias\/proplan\/wp-content\/uploads\/sites\/344\/2019\/09\/brasao-da-republica-do-brasil-logo.png\" alt=\"Bras\u00e3o Rep\u00fablica Federativa do Brasil\" width=\"6%\" height=\"6%\"><\/div>    \r\n<h1><font color=\"blue\"><font size=\"5\"><div align=\"center\">MINIST\u00c9RIO DA EDUCA\u00c7\u00c3O<\/b><\/font><\/font><\/div><\/H1>\r\n<p><b><font color=\"0000blue\"><div align=\"center\">UNIVERSIDADE FEDERAL DE SANTA MARIA<\/b><\/font><\/div><\/p>\r\n\r\n<p><div align=\"center\"><b><a href=\"https:\/\/portal.ufsm.br\/documentos\/publico\/documento.html?id=4353581\"><font color=\"blue\">RESOLU\u00c7\u00c3O N. 001\/2008<\/font><\/a><\/b><\/div><\/p>\r\n<br>\r\n<p><div align=\"right\"><font color=\"800000\"><strike>Disp\u00f5e sobre o Projeto Pedag\u00f3gico dos Programas de P\u00f3s-Gradua\u00e7\u00e3o stricto sensu e d\u00e1 outras provid\u00eancias.<\/strike><\/font><\/div><\/p>\r\n<br>\r\n<p><a href=\"https:\/\/www.ufsm.br\/pro-reitorias\/proplan\/resolucao-n-023-2008\/\"><font color=\"blue\">Revogada pela Resolu\u00e7\u00e3o N. 023\/2008<\/font><\/a><\/p>\r\n<br>\r\n<strike>\r\n<br><div align=\"justify\">\r\n<p>O REITOR DA UNIVERSIDADE FEDERAL DE SANTA MARIA, no uso de suas atribui\u00e7\u00f5es legais e estatut\u00e1rias e considerando:<\/p>\r\n<p>- as caracter\u00edsticas espec\u00edficas dos Programas\/Cursos de P\u00f3s-Gradua\u00e7\u00e3o.<\/p>\r\n<p>- o Parecer n. 036\/07, aprovado na 712\u00aa Sess\u00e3o do Conselho de Ensino, Pesquisa e Extens\u00e3o, de 23.11.07, conforme Processo n. <a href=\"https:\/\/portal.ufsm.br\/documentos\/publico\/processo\/documento.html?idDocumento=2921897\" target=\"_blank\"><font color=\"blue\"><u>23081.008586\/2007-88<\/u><\/font><\/a>.<\/p>\r\n<br>\r\n<p><b><div align=\"center\">RESOLVE:<\/b><\/div><\/p>\r\n<br>\r\n<p>Art. 1\u00ba O Projeto Pedag\u00f3gico dos Programas de P\u00f3s-Gradua\u00e7\u00e3o \u00e9 o documento que orienta as a\u00e7\u00f5es dos cursos de p\u00f3s-gradua\u00e7\u00e3o stricto sensu da Institui\u00e7\u00e3o.<\/p>\r\n<p>Art. 2\u00ba As a\u00e7\u00f5es de reformas curriculares e\/ou regimentais de Programas de P\u00f3s-Gradua\u00e7\u00e3o da Institui\u00e7\u00e3o e a cria\u00e7\u00e3o de cursos novos ter\u00e3o como pressupostos os princ\u00edpios norteadores do Projeto Pol\u00edtico-Pedag\u00f3gico Institucional, consubstanciados no Projeto Pedag\u00f3gico do Programa de P\u00f3s-Gradua\u00e7\u00e3o, aprovado pelo respectivo Colegiado, e pelos Conselhos do Centro e Superiores da Institui\u00e7\u00e3o, bem como a legisla\u00e7\u00e3o educacional e profissional vigentes, atendendo \u00e0s peculiaridades do Programa.<\/p>\r\n\r\n<p>Art. 3\u00ba O Colegiado \u00e9 o \u00f3rg\u00e3o deliberativo para decidir sobre as quest\u00f5es did\u00e1tico-pedag\u00f3gicas e regimentais, no \u00e2mbito dos Programas, com compet\u00eancia legal para conduzir a elabora\u00e7\u00e3o e delibera\u00e7\u00e3o sobre o respectivo Projeto Pedag\u00f3gico.<\/p>\r\n<p>\u00a7 1\u00ba O Colegiado poder\u00e1 delegar atribui\u00e7\u00f5es a uma Comiss\u00e3o formalmente designada, composta ou n\u00e3o por seus pr\u00f3prios membros, para coordenar e sistematizar as discuss\u00f5es com os segmentos do Programa de P\u00f3s-Gradua\u00e7\u00e3o e redigir o Projeto Pedag\u00f3gico.<\/p>\r\n<p>\u00a7 2\u00ba Elaborado pelo Colegiado ou por Comiss\u00e3o designada, o texto final do Projeto Pedag\u00f3gico, dever\u00e1 ser submetido \u00e0 delibera\u00e7\u00e3o formal do Colegiado.<\/p>\r\n<p>\u00a7 3\u00ba A an\u00e1lise e emiss\u00e3o de parecer final sobre o Projeto Pedag\u00f3gico dos Programas de P\u00f3s-Gradua\u00e7\u00e3o \u00e9 de compet\u00eancia da Comiss\u00e3o da Implanta\u00e7\u00e3o e Acompanhamento dos Projetos Pedag\u00f3gicos de Curso (CIAPPC), devendo ser homologado pelo Colegiado, Conselho do Centro e Conselho de Ensino, Pesquisa e Extens\u00e3o.<\/p>\r\n\r\n<p>Art. 4\u00ba O Projeto Pedag\u00f3gico dos Programas de P\u00f3s-Gradua\u00e7\u00e3o dever\u00e1 observar aos elementos do Aplicativo vigente de avalia\u00e7\u00e3o dos Programas de P\u00f3s-Gradua\u00e7\u00e3o da Institui\u00e7\u00e3o, bem como os do Aplicativo vigente de avalia\u00e7\u00e3o de cursos novos stricto sensu.<\/p>\r\n<p>\u00a7 1\u00ba O Projeto Pedag\u00f3gico dos Programas de P\u00f3s-Gradua\u00e7\u00e3o est\u00e1 sujeito a revis\u00e3o geral ao final de cada per\u00edodo de consolida\u00e7\u00e3o da avalia\u00e7\u00e3o da CAPES.<\/p>\r\n<p>\u00a7 2\u00ba Para fins legais do Projeto Pedag\u00f3gico devem ser considerados os elementos do documento consolidado emitido pela CAPES, que estabelecem o conceito de cada Programa de P\u00f3s-Gradua\u00e7\u00e3o.<\/p>\r\n<p>\u00a7 3\u00ba O Regulamento do Programa de P\u00f3s-Gradua\u00e7\u00e3o, parte essencial do Projeto Pedag\u00f3gico, deve normatizar as a\u00e7\u00f5es dos Programas e tamb\u00e9m os seguintes elementos:<\/p>\r\n<p>I - Crit\u00e9rios ou direcionamento para resolu\u00e7\u00f5es internas que estabele\u00e7am credenciamento e descredenciamento de professores permanentes;<\/p>\r\n<p>II - Crit\u00e9rios ou direcionamento para resolu\u00e7\u00f5es internas que estabele\u00e7am sele\u00e7\u00e3o de alunos;<\/p>\r\n<p>III - Crit\u00e9rios ou direcionamento para resolu\u00e7\u00f5es internas que estabele\u00e7am concess\u00e3o e distribui\u00e7\u00e3o de bolsas;<\/p>\r\n<p>IV - Crit\u00e9rios ou direcionamento para resolu\u00e7\u00f5es internas que estabele\u00e7am concess\u00e3o e distribui\u00e7\u00e3o de recursos;<\/p>\r\n<p>V - Per\u00edodo m\u00e1ximo para conclus\u00e3o do curso;<\/p>\r\n<p>VI - Prazo de entrega da vers\u00e3o final da MDT;<\/p>\r\n<p>VII - Pol\u00edtica de professores colaboradores;<\/p>\r\n<p>VIII - Pol\u00edtica para inser\u00e7\u00e3o de novos doutores;<\/p>\r\n<p>IX - Planejamento estrat\u00e9gico para melhoria permanente do Programa; e<\/p>\r\n<p>X - Pol\u00edtica de auto-avalia\u00e7\u00e3o do Programa.<\/p>\r\n\r\n<p>Art. 5\u00ba A pol\u00edtica de auto-avalia\u00e7\u00e3o do Programa deve ser concebida como instrumento indispens\u00e1vel para a an\u00e1lise do seu desempenho frente \u00e0s diretrizes estabelecidas pelo comit\u00ea de \u00e1rea da CAPES e estar de acordo com a periodicidade da avalia\u00e7\u00e3o realizada pela CAPES.<\/p>\r\n<p>Par\u00e1grafo \u00fanico. O resultado do processo de auto-avalia\u00e7\u00e3o deve ser o referencial para as tomadas de decis\u00f5es que visem \u00e0 melhoria da qualidade do Programa de P\u00f3s-Gradua\u00e7\u00e3o.<\/p>\r\n\r\n<p>Art. 6\u00ba Os casos omissos ser\u00e3o dirimidos pelos Colegiados dos Programas de P\u00f3s-Gradua\u00e7\u00e3o e em grau de recurso, pelos Conselhos de Centro e Superiores da Institui\u00e7\u00e3o.<\/p>\r\n<p>Art. 7\u00ba Revogam-se as disposi\u00e7\u00f5es em contr\u00e1rio.<\/p>\r\n\r\n<p>GABINETE DO REITOR DA UNIVERSIDADE FEDERAL DE SANTA MARIA, aos dezoito dias do m\u00eas de janeiro do ano de dois mil e oito.<\/p>\r\n<\/div>\r\n<p>Clovis Silva Lima,<\/p>\r\n<p>Reitor.<\/p>\r\n\r\n<p><font color=\"red0000\">Este texto n\u00e3o substitui o documento original, publicado no Portal de Documentos.<\/font> Dispon\u00edvel em: <a href=\"https:\/\/portal.ufsm.br\/documentos\/publico\/documento.html?id=4353581\"><font color=\"blue\">https:\/\/portal.ufsm.br\/documentos\/publico\/documento.html?id=4353581<\/font><\/a>\r\n<\/strike>\r\n\r\n\t\t<\/div>\n\t\t\t\t<\/div>\n\t\t\t\t\t<\/div>\n\t\t<\/div>\n\t\t\t\t\t<\/div>\n\t\t<\/section>\n\t\t\t\t<\/div>\n\t\t","protected":false},"excerpt":{"rendered":"<p>RESOLU\u00c7\u00c3O N. 001\/2008 MINIST\u00c9RIO DA EDUCA\u00c7\u00c3O UNIVERSIDADE FEDERAL DE SANTA MARIA RESOLU\u00c7\u00c3O N. 001\/2008 Disp\u00f5e sobre o Projeto Pedag\u00f3gico dos Programas de P\u00f3s-Gradua\u00e7\u00e3o stricto sensu e d\u00e1 outras provid\u00eancias. Revogada pela Resolu\u00e7\u00e3o N. 023\/2008 O REITOR DA UNIVERSIDADE FEDERAL DE SANTA MARIA, no uso de suas atribui\u00e7\u00f5es legais e estatut\u00e1rias e considerando: &#8211; as caracter\u00edsticas [&hellip;]<\/p>\n","protected":false},"author":205,"featured_media":0,"parent":0,"menu_order":0,"comment_status":"closed","ping_status":"closed","template":"","meta":{"footnotes":""},"categories":[],"tags":[],"class_list":["post-3006","page","type-page","status-publish","hentry"],"acf":[],"_links":{"self":[{"href":"https:\/\/www.ufsm.br\/pro-reitorias\/proplan\/wp-json\/wp\/v2\/pages\/3006","targetHints":{"allow":["GET"]}}],"collection":[{"href":"https:\/\/www.ufsm.br\/pro-reitorias\/proplan\/wp-json\/wp\/v2\/pages"}],"about":[{"href":"https:\/\/www.ufsm.br\/pro-reitorias\/proplan\/wp-json\/wp\/v2\/types\/page"}],"author":[{"embeddable":true,"href":"https:\/\/www.ufsm.br\/pro-reitorias\/proplan\/wp-json\/wp\/v2\/users\/205"}],"replies":[{"embeddable":true,"href":"https:\/\/www.ufsm.br\/pro-reitorias\/proplan\/wp-json\/wp\/v2\/comments?post=3006"}],"version-history":[{"count":0,"href":"https:\/\/www.ufsm.br\/pro-reitorias\/proplan\/wp-json\/wp\/v2\/pages\/3006\/revisions"}],"wp:attachment":[{"href":"https:\/\/www.ufsm.br\/pro-reitorias\/proplan\/wp-json\/wp\/v2\/media?parent=3006"}],"wp:term":[{"taxonomy":"category","embeddable":true,"href":"https:\/\/www.ufsm.br\/pro-reitorias\/proplan\/wp-json\/wp\/v2\/categories?post=3006"},{"taxonomy":"post_tag","embeddable":true,"href":"https:\/\/www.ufsm.br\/pro-reitorias\/proplan\/wp-json\/wp\/v2\/tags?post=3006"}],"curies":[{"name":"wp","href":"https:\/\/api.w.org\/{rel}","templated":true}]}}