{"id":3018,"date":"2020-01-03T11:26:51","date_gmt":"2020-01-03T14:26:51","guid":{"rendered":"https:\/\/www.ufsm.br\/pro-reitorias\/proplan\/?page_id=3018"},"modified":"2020-05-25T14:52:50","modified_gmt":"2020-05-25T17:52:50","slug":"resolucao-n-014-2008","status":"publish","type":"page","link":"https:\/\/www.ufsm.br\/pro-reitorias\/proplan\/resolucao-n-014-2008","title":{"rendered":"Resolu\u00e7\u00e3o N. 014\/2008"},"content":{"rendered":"\t\t<div data-elementor-type=\"wp-page\" data-elementor-id=\"3018\" class=\"elementor elementor-3018\">\n\t\t\t\t\t\t<section class=\"elementor-section elementor-top-section elementor-element elementor-element-720f794 elementor-section-boxed elementor-section-height-default elementor-section-height-default\" data-id=\"720f794\" data-element_type=\"section\">\n\t\t\t\t\t\t<div class=\"elementor-container elementor-column-gap-default\">\n\t\t\t\t\t<div class=\"elementor-column elementor-col-100 elementor-top-column elementor-element elementor-element-c0ad14f\" data-id=\"c0ad14f\" data-element_type=\"column\">\n\t\t\t<div class=\"elementor-widget-wrap elementor-element-populated\">\n\t\t\t\t\t\t<div class=\"elementor-element elementor-element-adae903 elementor-widget elementor-widget-html\" data-id=\"adae903\" data-element_type=\"widget\" data-widget_type=\"html.default\">\n\t\t\t\t<div class=\"elementor-widget-container\">\n\t\t\t\r\n\r\n\r\n<title><b>RESOLU\u00c7\u00c3O N. 014\/2008<\/b><\/title>\r\n\r\n\r\n<div align=\"center\"><img decoding=\"async\" src=\"https:\/\/www.ufsm.br\/pro-reitorias\/proplan\/wp-content\/uploads\/sites\/344\/2019\/09\/brasao-da-republica-do-brasil-logo.png\" alt=\"Bras\u00e3o Rep\u00fablica Federativa do Brasil\" width=\"6%\" height=\"6%\"><\/div>    \r\n<h1><font color=\"blue\"><font size=\"5\"><div align=\"center\">MINIST\u00c9RIO DA EDUCA\u00c7\u00c3O<\/b><\/font><\/font><\/div><\/H1>\r\n<p><b><font color=\"0000blue\"><div align=\"center\">UNIVERSIDADE FEDERAL DE SANTA MARIA<\/b><\/font><\/div><\/p>\r\n\r\n<p><div align=\"center\"><b><a href=\"https:\/\/portal.ufsm.br\/documentos\/publico\/documento.html?id=4353594\"><font color=\"blue\">RESOLU\u00c7\u00c3O N. 014\/2008<\/font><\/a><\/b><\/div><\/p>\r\n<br>\r\n<p><div align=\"right\"><font color=\"800000\">Institui normas para inscri\u00e7\u00e3o de alunos da UFSM, junto ao Exame Nacional de Desempenho dos Estudantes - ENADE.<\/font><\/div><\/p>\r\n<br><div align=\"justify\">\r\n<p>O REITOR DA UNIVERSIDADE FEDERAL DE SANTA MARIA, no uso de suas atribui\u00e7\u00f5es legais e estatut\u00e1rias e considerando:<\/p>\r\n<p>- as disposi\u00e7\u00f5es na <a href=\"http:\/\/www.planalto.gov.br\/ccivil_03\/_ato2004-2006\/2004\/lei\/l10.861.htm\" target=\"_blank\"><font color=\"blue\"><u>Lei n. 10.861, de 14 de abril de 2004<\/u><\/font><\/a>;<\/p>\r\n<p>- as orienta\u00e7\u00f5es constantes de cada edi\u00e7\u00e3o do manual do Exame Nacional de Desempenho dos Estudantes \u2014 ENADE;<\/p>\r\n<p>- a instru\u00e7\u00e3o da PROJUR\/UFSM, de 19 de junho de 2008, seguindo Antecipa\u00e7\u00e3o de Tutela em A\u00e7\u00e3o Civil P\u00fablica movida pelo Minist\u00e9rio P\u00fablico Federal e Defensoria P\u00fablica da Uni\u00e3o;<\/p>\r\n<p>- o Parecer n. 059\/08, aprovado na 724\u00ba Sess\u00e3o do Conselho de Ensino, Pesquisa e Extens\u00e3o -CEPE, de 18.04.2008, conforme Processo n. <a href=\"https:\/\/portal.ufsm.br\/documentos\/publico\/processo\/documento.html?idDocumento=3323450\" target=\"_blank\"><font color=\"blue\"><u>23081.009256\/2008-91<\/u><\/font><\/a>.<\/p>\r\n<br>\r\n<p><b><div align=\"center\">RESOLVE:<\/b><\/div><\/p>\r\n<br>\r\n<p>Art. 1\u00ba Instituir normas para inscri\u00e7\u00e3o de alunos da UFSM, junto ao Exame Nacional de Desempenho dos Estudantes \u2014 ENADE.<\/p>\r\n<p>Art. 2\u00ba \u00c9 de responsabilidade de cada Coordenador de Curso de Gradua\u00e7\u00e3o, definido na escala anual de participa\u00e7\u00e3o, a inscri\u00e7\u00e3o de alunos ingressantes e concluintes habilitados a participar do Exame Nacional de Desempenho dos Estudantes \u2014 ENADE.<\/p>\r\n<p>Art. 3\u00ba A listagem dos alunos habilitados ao ENADE dever\u00e1 ser obtida junto ao Sistema Integrado de Ensino \u2014 SIE, na aplica\u00e7\u00e3o: M\u00f3dulo Acad\u00eamico 1.1.6.20.14 \u2014 Alunos Cadastrados \u2014 ENADE.<\/p>\r\n<p>Par\u00e1grafo \u00fanico. Al\u00e9m dos alunos listados na aplica\u00e7\u00e3o do SIE, como concluintes, o coordenador do curso dever\u00e1 providenciar no acompanhamento e controle para que todos os prov\u00e1veis formandos sejam inscritos, principalmente aqueles que venham a obter essa condi\u00e7\u00e3o por meio da adapta\u00e7\u00e3o curricular (dispensa de disciplina).<\/p>\r\n\r\n<p>Art. 4\u00ba Os coordenadores de curso dever\u00e3o realizar a convoca\u00e7\u00e3o dos alunos habilitados ao ENADE de cada ano para colher dados com vistas ao cadastramento e, posteriormente, proceder \u00e0 divulga\u00e7\u00e3o dos selecionados para a realiza\u00e7\u00e3o da prova.<\/p>\r\n<p>Art. 5\u00ba Os coordenadores de curso dever\u00e3o manter contato com o Pesquisador Institucional da UFSM para que seus dados sejam atualizados no Sistema Integrado de Informa\u00e7\u00f5es da Educa\u00e7\u00e3o Superior, principalmente o e-mail, por constituir-se no meio de comunica\u00e7\u00e3o do INEP\/ENADE.<\/p>\r\n<p>Art. 6\u00ba Esta resolu\u00e7\u00e3o entra em vigor na data de sua assinatura, revogadas as disposi\u00e7\u00f5es em contr\u00e1rio.<\/p>\r\n\r\n<p>GABINETE DO REITOR DA UNIVERSIDADE FEDERAL DE SANTA MARIA, aos vinte e um dias do m\u00eas de julho do ano dois mil e oito.<\/p>\r\n<\/div>\r\n<p>Clovis Silva Lima,<\/p>\r\n<p>Reitor.<\/p>\r\n\r\n<p><font color=\"red0000\">Este texto n\u00e3o substitui o documento original, publicado no Portal de Documentos.<\/font> Dispon\u00edvel em: <a href=\"https:\/\/portal.ufsm.br\/documentos\/publico\/documento.html?id=4353594\"><font color=\"blue\">https:\/\/portal.ufsm.br\/documentos\/publico\/documento.html?id=4353594<\/font><\/a>\r\n\r\n\t\t<\/div>\n\t\t\t\t<\/div>\n\t\t\t\t\t<\/div>\n\t\t<\/div>\n\t\t\t\t\t<\/div>\n\t\t<\/section>\n\t\t\t\t<\/div>\n\t\t","protected":false},"excerpt":{"rendered":"<p>RESOLU\u00c7\u00c3O N. 014\/2008 MINIST\u00c9RIO DA EDUCA\u00c7\u00c3O UNIVERSIDADE FEDERAL DE SANTA MARIA RESOLU\u00c7\u00c3O N. 014\/2008 Institui normas para inscri\u00e7\u00e3o de alunos da UFSM, junto ao Exame Nacional de Desempenho dos Estudantes &#8211; ENADE. O REITOR DA UNIVERSIDADE FEDERAL DE SANTA MARIA, no uso de suas atribui\u00e7\u00f5es legais e estatut\u00e1rias e considerando: &#8211; as disposi\u00e7\u00f5es na Lei [&hellip;]<\/p>\n","protected":false},"author":205,"featured_media":0,"parent":0,"menu_order":0,"comment_status":"closed","ping_status":"closed","template":"","meta":{"footnotes":""},"categories":[],"tags":[],"class_list":["post-3018","page","type-page","status-publish","hentry"],"acf":[],"_links":{"self":[{"href":"https:\/\/www.ufsm.br\/pro-reitorias\/proplan\/wp-json\/wp\/v2\/pages\/3018","targetHints":{"allow":["GET"]}}],"collection":[{"href":"https:\/\/www.ufsm.br\/pro-reitorias\/proplan\/wp-json\/wp\/v2\/pages"}],"about":[{"href":"https:\/\/www.ufsm.br\/pro-reitorias\/proplan\/wp-json\/wp\/v2\/types\/page"}],"author":[{"embeddable":true,"href":"https:\/\/www.ufsm.br\/pro-reitorias\/proplan\/wp-json\/wp\/v2\/users\/205"}],"replies":[{"embeddable":true,"href":"https:\/\/www.ufsm.br\/pro-reitorias\/proplan\/wp-json\/wp\/v2\/comments?post=3018"}],"version-history":[{"count":0,"href":"https:\/\/www.ufsm.br\/pro-reitorias\/proplan\/wp-json\/wp\/v2\/pages\/3018\/revisions"}],"wp:attachment":[{"href":"https:\/\/www.ufsm.br\/pro-reitorias\/proplan\/wp-json\/wp\/v2\/media?parent=3018"}],"wp:term":[{"taxonomy":"category","embeddable":true,"href":"https:\/\/www.ufsm.br\/pro-reitorias\/proplan\/wp-json\/wp\/v2\/categories?post=3018"},{"taxonomy":"post_tag","embeddable":true,"href":"https:\/\/www.ufsm.br\/pro-reitorias\/proplan\/wp-json\/wp\/v2\/tags?post=3018"}],"curies":[{"name":"wp","href":"https:\/\/api.w.org\/{rel}","templated":true}]}}