{"id":3026,"date":"2020-01-03T11:52:01","date_gmt":"2020-01-03T14:52:01","guid":{"rendered":"https:\/\/www.ufsm.br\/pro-reitorias\/proplan\/?page_id=3026"},"modified":"2023-12-26T15:15:59","modified_gmt":"2023-12-26T18:15:59","slug":"resolucao-n-022-2008","status":"publish","type":"page","link":"https:\/\/www.ufsm.br\/pro-reitorias\/proplan\/resolucao-n-022-2008","title":{"rendered":"Resolu\u00e7\u00e3o N. 022\/2008"},"content":{"rendered":"\t\t<div data-elementor-type=\"wp-page\" data-elementor-id=\"3026\" class=\"elementor elementor-3026\">\n\t\t\t\t\t\t<section class=\"elementor-section elementor-top-section elementor-element elementor-element-493f7d1 elementor-section-boxed elementor-section-height-default elementor-section-height-default\" data-id=\"493f7d1\" data-element_type=\"section\">\n\t\t\t\t\t\t<div class=\"elementor-container elementor-column-gap-default\">\n\t\t\t\t\t<div class=\"elementor-column elementor-col-100 elementor-top-column elementor-element elementor-element-2f9b75b\" data-id=\"2f9b75b\" data-element_type=\"column\">\n\t\t\t<div class=\"elementor-widget-wrap elementor-element-populated\">\n\t\t\t\t\t\t<div class=\"elementor-element elementor-element-416f7a4 elementor-widget elementor-widget-html\" data-id=\"416f7a4\" data-element_type=\"widget\" data-widget_type=\"html.default\">\n\t\t\t\t<div class=\"elementor-widget-container\">\n\t\t\t\r\n\r\n\r\n<title><b>RESOLU\u00c7\u00c3O N. 022\/2008<\/b><\/title>\r\n\r\n\r\n<div align=\"center\"><img decoding=\"async\" src=\"https:\/\/www.ufsm.br\/pro-reitorias\/proplan\/wp-content\/uploads\/sites\/344\/2019\/09\/brasao-da-republica-do-brasil-logo.png\" alt=\"Bras\u00e3o Rep\u00fablica Federativa do Brasil\" width=\"6%\" height=\"6%\"><\/div>    \r\n<h1><font color=\"blue\"><font size=\"5\"><div align=\"center\">MINIST\u00c9RIO DA EDUCA\u00c7\u00c3O<\/b><\/font><\/font><\/div><\/H1>\r\n<p><b><font color=\"0000blue\"><div align=\"center\">UNIVERSIDADE FEDERAL DE SANTA MARIA<\/b><\/font><\/div><\/p>\r\n\r\n<p><div align=\"center\"><b><a href=\"https:\/\/portal.ufsm.br\/documentos\/publico\/documento.html?id=4353602\"><font color=\"blue\">RESOLU\u00c7\u00c3O N. 022\/2008<\/font><\/a><\/b><\/div><\/p>\r\n<br>\r\n<p><div align=\"right\"><font color=\"800000\"><strike>Regulamenta a inser\u00e7\u00e3o de taxas de inscri\u00e7\u00e3o dos programas e cursos de P\u00f3s-Gradua\u00e7\u00e3o da Universidade Federal de Santa Maria.<\/strike><\/font><\/div><\/p>\r\n<br>\r\n<p><a href=\"https:\/\/www.ufsm.br\/pro-reitorias\/proplan\/resolucao-ufsm-n-148-2023\" target=\"_blank\"><font color=\"blue\">Revogada pela Resolu\u00e7\u00e3o UFSM N. 148\/2023<\/font><\/a><\/p>\r\n<br>\r\n<br><div align=\"justify\">\r\n<strike>\r\n<p>O REITOR DA UNIVERSIDADE FEDERAL DE SANTA MARIA, no uso de suas atribui\u00e7\u00f5es legais e estatut\u00e1rias e considerando:<\/p>\r\n<p>- a necessidade de normatizar no \u00e2mbito da UFSM a isen\u00e7\u00e3o de taxas de inscri\u00e7\u00e3o para os programas e cursos de P\u00f3s-Gradua\u00e7\u00e3o; e<\/p>\r\n<p>- os Pareceres n. 140\/08 e 007\/08, aprovados na 686\u00aa Sess\u00e3o do Conselho Universit\u00e1rio, de 26.09.2008, conforme Processo n. <a href=\"https:\/\/portal.ufsm.br\/documentos\/publico\/processo\/documento.html?idDocumento=3321238\" target=\"_blank\"><font color=\"blue\"><u>23081.009051\/2008-13<\/u><\/font><\/a>.<\/p>\r\n<br>\r\n<p><b><div align=\"center\">RESOLVE:<\/b><\/div><\/p>\r\n<br>\r\n<p>Art. 1\u00ba Regulamentar a isen\u00e7\u00e3o de taxas de inscri\u00e7\u00e3o dos programas e cursos de P\u00f3s-Gradua\u00e7\u00e3o, da Universidade Federal de Santa Maria.<\/p>\r\n<p>Art. 2\u00ba A concess\u00e3o de benef\u00edcios socioecon\u00f4micos aos alunos da p\u00f3s-gradua\u00e7\u00e3o obedecer\u00e1 a crit\u00e9rios pr\u00e9-estabelecidos pela Pr\u00f3-Reitoria de Assuntos Estudantis \u2014 PRAE ao \u00edndice per capto resultante da an\u00e1lise do cadastro socioecon\u00f4mico.<\/p>\r\n<p>Art. 3\u00ba Compete \u00e0 Pr\u00f3-Reitoria de P\u00f3s-Gradua\u00e7\u00e3o e Pesquisa selecionar, dentre os candidatos, os beneficiados com a isen\u00e7\u00e3o, por meio da an\u00e1lise dos documentos apresentados e de procedimentos que comprovem a car\u00eancia socioecon\u00f4mica.<\/p>\r\n<p>Art. 4\u00ba As inscri\u00e7\u00f5es ser\u00e3o realizadas antes do in\u00edcio de cada semestre letivo em per\u00edodo determinado em edital espec\u00edfico por meio do preenchimento do Formul\u00e1rio para Solicita\u00e7\u00e3o de Isen\u00e7\u00e3o, dispon\u00edvel no site da UFSM, que ap\u00f3s ser preenchido, dever\u00e1 ser impresso e encaminhado \u00e0 Pr\u00f3-Reitoria de P\u00f3s-Gradua\u00e7\u00e3o e Pesquisa, juntamente com os documentos comprobat\u00f3rios.<\/p>\r\n<p>Par\u00e1grafo \u00danico: No caso de ser beneficiado com a isen\u00e7\u00e3o, o candidato constar\u00e1 de um banco de dados e receber\u00e1 um c\u00f3digo de acesso, pessoal e intransfer\u00edvel, para fins de inscri\u00e7\u00e3o, no curso-programa desejado.<\/p>\r\n\r\n<p>Art. 5\u00ba Os documentos comprobat\u00f3rios obrigat\u00f3rios, ap\u00f3s serem colocados em envelopes, dever\u00e3o ser encaminhados via correio \u00e0 Pr\u00f3-Reitoria de P\u00f3s-Gradua\u00e7\u00e3o e Pesquisa \u2014 Cidade Universit\u00e1ria Prof. \u201cMariano da Rocha Filho\u201d, Av. Roraima n. 1000, Bairro Camobi, Pr\u00e9dio da Administra\u00e7\u00e3o Central, 7\u00ba andar, CEP 97105-900 Santa Maria, RS.<\/p>\r\n<p>Art. 6\u00ba Somente ser\u00e1 aceita a solicita\u00e7\u00e3o do candidato que enviar a fotoc\u00f3pia da documenta\u00e7\u00e3o relacionada a seguir, conforme o caso em que estiver enquadrado:<\/p>\r\n<p>I - PARA DECLARANTES DO IMPOSTO DE RENDA:<\/p>\r\n<p>a) declara\u00e7\u00e3o do imposto de renda, do pai e da m\u00e3e, juntamente com o recibo de entrega da referida declara\u00e7\u00e3o;<\/p>\r\n<p>b) certid\u00e3o de casamento dos pais (em caso de declara\u00e7\u00e3o simplificada);<\/p>\r\n<p>c) certid\u00e3o de nascimento dos filhos dependentes at\u00e9 24 anos (em caso de declara\u00e7\u00e3o simplificada);<\/p>\r\n<p>d) certid\u00e3o de \u00f3bito para quem tem pais falecidos; e<\/p>\r\n<p>e) diploma de curso superior.<\/p>\r\n<p>II - PARA ISENTOS DE DECLARA\u00c7\u00c3O DO IMPOSTO DE RENDA:<\/p>\r\n<p>a) ASSALARIADO:<\/p>\r\n<p>1. contracheque do pai e da m\u00e3e;<\/p>\r\n<p>2. carteira de trabalho (das p\u00e1ginas com foto, dados de identifica\u00e7\u00e3o, contrato de trabalho ou dispensa e da p\u00e1gina seguinte mesmo em branco);<\/p>\r\n<p>3. declara\u00e7\u00e3o de isento do imposto de renda do pai e da m\u00e3e, com respectivos recibos;<\/p>\r\n<p>4. certid\u00e3o de casamento dos pais e de nascimento dos filhos dependentes at\u00e9 24 anos;<\/p>\r\n<p>5. certid\u00e3o de \u00f3bito para quem tem pais falecidos; e<\/p>\r\n<p>6. diploma de curso superior.<\/p>\r\n<p>b) AGRICULTOR<\/p>\r\n<p>1. declara\u00e7\u00e3o de renda anual e declara\u00e7\u00e3o de arrendamento de terra, se for o caso, expedidas pelo sindicato dos trabalhadores rurais;<\/p>\r\n<p>2. declara\u00e7\u00e3o de isento do imposto de renda do pai e da m\u00e3e, com respectivos recibos;<\/p>\r\n<p>3. declara\u00e7\u00e3o do imposto territorial rural;<\/p>\r\n<p>4. certid\u00e3o de casamento dos pais e de nascimento dos filhos dependentes at\u00e9 24 anos;<\/p>\r\n<p>5. certid\u00e3o de \u00f3bito para quem tem pais falecidos, e<\/p>\r\n<p>6. diploma de curso superior.<\/p>\r\n<p>c) AUTONOMO<\/p>\r\n<p>1. cam\u00ea do INSS atualizado;<\/p>\r\n<p>2. declara\u00e7\u00e3o de renda anual (expedida por contabilista);<\/p>\r\n<p>3. declara\u00e7\u00e3o de isento do imposto de renda do pai e da m\u00e3e, com respectivos recibos;<\/p>\r\n<p>4. certid\u00e3o de casamento dos pais e de nascimento dos filhos dependentes at\u00e9 24 anos;<\/p>\r\n<p>5. certid\u00e3o de \u00f3bito para quem tem pais falecidos; e<\/p>\r\n<p>6. diploma de curso superior.<\/p>\r\n<p>d) APOSENTADO<\/p>\r\n<p>1. comprovante dos proventos do INSS;<\/p>\r\n<p>2. contracheque do pai e da m\u00e3e, se forem servidores municipais, estaduais ou federais, inclusive militares;<\/p>\r\n<p>3. declara\u00e7\u00e3o de isento do imposto de renda do pai e da m\u00e3e, com respectivos recibos;<\/p>\r\n<p>4. certid\u00e3o de casamento dos pais e de nascimento dos filhos dependentes at\u00e9 24 anos;<\/p>\r\n<p>5. certid\u00e3o de \u00f3bito para quem tem pais falecidos; e<\/p>\r\n<p>6. diploma de curso superior.<\/p>\r\n<p>e) TRABALHADOR EM ATIVIDADE INFORMAL<\/p>\r\n<p>1. carteira de trabalho (das p\u00e1ginas com foto, dados de identifica\u00e7\u00e3o, contrato de trabalho ou dispensa e da p\u00e1gina seguinte mesmo em branco);<\/p>\r\n<p>2. declara\u00e7\u00e3o de renda anual do pai e da m\u00e3e, com firma reconhecida em cart\u00f3rio;<\/p>\r\n<p>3. declara\u00e7\u00e3o de isento do imposto de renda do pai e da m\u00e3e, com respectivos recibos;<\/p>\r\n<p>4. certid\u00e3o de casamento dos pais e de nascimento dos filhos dependentes at\u00e9 24 anos;<\/p>\r\n<p>5. certid\u00e3o de \u00f3bito para quem tem pais falecidos; e<\/p>\r\n<p>6. diploma de curso superior.<\/p>\r\n<p>Par\u00e1grafo \u00danico: Os estudantes egressos da UFSM, assistidos durante a gradua\u00e7\u00e3o pelo programa de benef\u00edcio s\u00f3cio-econ\u00f4mico no semestre letivo da sele\u00e7\u00e3o de vagas, apresentar\u00e3o apenas um documento comprobat\u00f3rio de sua situa\u00e7\u00e3o, emitido pela PRAE para a aquisi\u00e7\u00e3o de sua isen\u00e7\u00e3o.<\/p>\r\n\r\n<p>Art. 7\u00ba Ser\u00e3o aceitas declara\u00e7\u00f5es de isento feitas em casas lot\u00e9ricas ou equivalentes, devendo ser acompanhadas de fotoc\u00f3pia do CPF do declarante.<\/p>\r\n<p>Art. 8\u00ba Em caso de pais separados, o solicitante dever\u00e1 apresentar averba\u00e7\u00e3o da separa\u00e7\u00e3o ou certid\u00e3o de div\u00f3rcio.<\/p>\r\n<p>Art. 9\u00ba. Ao solicitante sempre ser\u00e1 exigida a renda familiar (do pai e da m\u00e3e), sendo que, se o solicitante for INDEPENDENTE financeiramente, dever\u00e1 anexar \u00e0 documenta\u00e7\u00e3o seu comprovante de resid\u00eancia (conta de aluguel, luz, \u00e1gua, telefone) e comprovante de resid\u00eancia de sua fam\u00edlia (pai e m\u00e3e).<\/p>\r\n<p>Art. 10. Os documentos que estiverem ileg\u00edveis, adulterados ou que, por qualquer outra raz\u00e3o, n\u00e3o atendam \u00e0s especifica\u00e7\u00f5es solicitadas caracterizar\u00e3o omiss\u00e3o na informa\u00e7\u00e3o, implicando o indeferimento do pedido bem como san\u00e7\u00f5es previstas na lei.<\/p>\r\n<p>Art. 11. A listagem dos beneficiados com a isen\u00e7\u00e3o ser\u00e1 disponibilizada no site, (<a href=\"http:\/\/www.ufsm.br\" target=\"_blank\"><font color=\"blue\"><u>http:\/\/www.ufsm.br<\/u><\/font><\/a>).<\/p>\r\n<p>Art. 12. Os candidatos n\u00e3o-beneficiados pela isen\u00e7\u00e3o poder\u00e3o efetivar a inscri\u00e7\u00e3o de acordo com as normas vigentes.<\/p>\r\n<p>Art. 13. Os alunos dos programas e cursos de P\u00f3s-Gradua\u00e7\u00e3o oferecidos pela UFSM, com matr\u00edcula trancada ou n\u00e3o, n\u00e3o poder\u00e3o pleitear isen\u00e7\u00e3o.<\/p>\r\n<p>Art. 14. A solicita\u00e7\u00e3o de isen\u00e7\u00e3o implica a aceita\u00e7\u00e3o das normas constantes desta resolu\u00e7\u00e3o e das informa\u00e7\u00f5es apresentadas no site, (<a href=\"http:\/\/www.ufsm.br\" target=\"_blank\"><font color=\"blue\"><u>http:\/\/www.ufsm.br<\/u><\/font><\/a>).<\/p>\r\n<p>Art. 15. A documenta\u00e7\u00e3o enviada n\u00e3o ser\u00e1 devolvida.<\/p>\r\n<p>Art. 16. Os casos omissos ser\u00e3o resolvidos pela Pr\u00f3-Reitoria de P\u00f3s-Gradua\u00e7\u00e3o e Pesquisa.<\/p>\r\n<p>Art. 17. Esta resolu\u00e7\u00e3o entrar\u00e1 em vigor na data de sua assinatura, revogadas as disposi\u00e7\u00f5es em contr\u00e1rio.<\/p>\r\n\r\n<p>GABINETE DO REITOR DA UNIVERSIDADE FEDERAL DE SANTA MARIA, aos nove dias do m\u00eas de outubro do ano dois mil e oito.<\/p>\r\n<\/div>\r\n<p>Clovis Silva Lima,\r\n<p>Reitor.<\/p>\r\n<\/strike>\r\n<p><font color=\"red0000\">Este texto n\u00e3o substitui o documento original, publicado no Portal de Documentos.<\/font> Dispon\u00edvel em: <a href=\"https:\/\/portal.ufsm.br\/documentos\/publico\/documento.html?id=4353602\"><font color=\"blue\">https:\/\/portal.ufsm.br\/documentos\/publico\/documento.html?id=4353602<\/font><\/a>\r\n\r\n\t\t<\/div>\n\t\t\t\t<\/div>\n\t\t\t\t\t<\/div>\n\t\t<\/div>\n\t\t\t\t\t<\/div>\n\t\t<\/section>\n\t\t\t\t<\/div>\n\t\t","protected":false},"excerpt":{"rendered":"<p>RESOLU\u00c7\u00c3O N. 022\/2008 MINIST\u00c9RIO DA EDUCA\u00c7\u00c3O UNIVERSIDADE FEDERAL DE SANTA MARIA RESOLU\u00c7\u00c3O N. 022\/2008 Regulamenta a inser\u00e7\u00e3o de taxas de inscri\u00e7\u00e3o dos programas e cursos de P\u00f3s-Gradua\u00e7\u00e3o da Universidade Federal de Santa Maria. Revogada pela Resolu\u00e7\u00e3o UFSM N. 148\/2023 O REITOR DA UNIVERSIDADE FEDERAL DE SANTA MARIA, no uso de suas atribui\u00e7\u00f5es legais e estatut\u00e1rias [&hellip;]<\/p>\n","protected":false},"author":205,"featured_media":0,"parent":0,"menu_order":0,"comment_status":"closed","ping_status":"closed","template":"","meta":{"footnotes":""},"categories":[],"tags":[],"class_list":["post-3026","page","type-page","status-publish","hentry"],"acf":[],"_links":{"self":[{"href":"https:\/\/www.ufsm.br\/pro-reitorias\/proplan\/wp-json\/wp\/v2\/pages\/3026","targetHints":{"allow":["GET"]}}],"collection":[{"href":"https:\/\/www.ufsm.br\/pro-reitorias\/proplan\/wp-json\/wp\/v2\/pages"}],"about":[{"href":"https:\/\/www.ufsm.br\/pro-reitorias\/proplan\/wp-json\/wp\/v2\/types\/page"}],"author":[{"embeddable":true,"href":"https:\/\/www.ufsm.br\/pro-reitorias\/proplan\/wp-json\/wp\/v2\/users\/205"}],"replies":[{"embeddable":true,"href":"https:\/\/www.ufsm.br\/pro-reitorias\/proplan\/wp-json\/wp\/v2\/comments?post=3026"}],"version-history":[{"count":0,"href":"https:\/\/www.ufsm.br\/pro-reitorias\/proplan\/wp-json\/wp\/v2\/pages\/3026\/revisions"}],"wp:attachment":[{"href":"https:\/\/www.ufsm.br\/pro-reitorias\/proplan\/wp-json\/wp\/v2\/media?parent=3026"}],"wp:term":[{"taxonomy":"category","embeddable":true,"href":"https:\/\/www.ufsm.br\/pro-reitorias\/proplan\/wp-json\/wp\/v2\/categories?post=3026"},{"taxonomy":"post_tag","embeddable":true,"href":"https:\/\/www.ufsm.br\/pro-reitorias\/proplan\/wp-json\/wp\/v2\/tags?post=3026"}],"curies":[{"name":"wp","href":"https:\/\/api.w.org\/{rel}","templated":true}]}}